{"id":8814,"date":"2018-11-27T09:27:28","date_gmt":"2018-11-27T09:27:28","guid":{"rendered":"http:\/\/rcmrfan.cluster024.hosting.ovh.net\/?page_id=8814"},"modified":"2022-09-02T14:54:07","modified_gmt":"2022-09-02T14:54:07","slug":"nos-conseils-de-filtration-pour-les-hopitaux","status":"publish","type":"page","link":"https:\/\/www.afprofilters.com\/fr\/nos-conseils-de-filtration-pour-les-hopitaux\/","title":{"rendered":"Nos conseils de filtration pour les h\u00f4pitaux"},"content":{"rendered":"\n<h2 class=\"wp-block-heading\">Nos produits<\/h2>\n\n\n\n<div class=\"wp-block-columns anm-columns is-layout-flex wp-container-core-columns-is-layout-9d6595d7 wp-block-columns-is-layout-flex\">\n<div class=\"wp-block-column is-layout-flow wp-block-column-is-layout-flow\">\n<figure class=\"wp-block-image\"><a href=\"\/fr\/produit\/filtre-haute-efficacite-hepa-hla\/\"><img decoding=\"async\" src=\"\/wp-content\/uploads\/2016\/09\/HLA1113DCCG-150x150.jpg\" alt=\"Filtre HEPA HLA\" \/><\/a><\/figure>\n\n\n\n<h2 class=\"wp-block-heading\">Filtre HEPA HLA<\/h2>\n\n\n\n<blockquote class=\"wp-block-quote is-layout-flow wp-block-quote-is-layout-flow\"><p><a href=\"\/fr\/type-produit\/filtre-hepa\/\">Filtre HEPA<\/a><\/p><\/blockquote>\n\n\n\n<p>&#8211; Classe filtrante : E10, E11, H13 et H14<br>&#8211; Filtre \u00e0 air pour Salle blanche, bloc op\u00e9ratoire<br>&#8211; Livr\u00e9 avec un certificat de conformit\u00e9<br>&#8211; Peut \u00eatre \u00e9quip\u00e9 de deux grilles de protection<\/p>\n\n\n\n<div class=\"wp-block-buttons is-layout-flex wp-block-buttons-is-layout-flex\">\n<div class=\"wp-block-button\"><a class=\"wp-block-button__link has-blue-background-color has-background\" href=\"\/fr\/produit\/filtre-haute-efficacite-hepa-hla\/\">Lire La Suite<\/a><\/div>\n<\/div>\n<\/div>\n\n\n\n<div class=\"wp-block-column is-layout-flow wp-block-column-is-layout-flow\">\n<figure class=\"wp-block-image\"><a href=\"\/fr\/produit\/filtre-haute-efficacite-hepa-hvg\/\"><img decoding=\"async\" src=\"\/wp-content\/uploads\/2016\/09\/HVG1113NEEM_noir-150x150.jpg\" alt=\"HVG\" \/><\/a><\/figure>\n\n\n\n<h2 class=\"wp-block-heading\">Filtre HEPA HVG<\/h2>\n\n\n\n<blockquote class=\"wp-block-quote is-layout-flow wp-block-quote-is-layout-flow\"><p><a href=\"\/fr\/type-produit\/filtre-hepa\/\">Filtre HEPA<\/a><\/p><\/blockquote>\n\n\n\n<p>&#8211; Classe filtrante : E10, E11, H13 et H14<br>&#8211; Chute de pression faible et haut d\u00e9bit d&rsquo;air<br>&#8211; Livr\u00e9 avec un certificat de conformit\u00e9<\/p>\n\n\n\n<div class=\"wp-block-buttons is-layout-flex wp-block-buttons-is-layout-flex\">\n<div class=\"wp-block-button\"><a class=\"wp-block-button__link has-blue-background-color has-background\" href=\"\/fr\/produit\/filtre-haute-efficacite-hepa-hvg\/\">Lire La Suite<\/a><\/div>\n<\/div>\n<\/div>\n\n\n\n<div class=\"wp-block-column is-layout-flow wp-block-column-is-layout-flow\">\n<figure class=\"wp-block-image\"><a href=\"\/fr\/produit\/filtre-a-poches-hq85-epm1\/\"><img decoding=\"async\" src=\"\/wp-content\/uploads\/2016\/09\/HQ85A8-6-F7-150x150.jpg\" alt=\"filtre a poches HQ 85 ePM1\" \/><\/a><\/figure>\n\n\n\n<h2 class=\"wp-block-heading\">Filtre \u00e0 poches HQ85<\/h2>\n\n\n\n<blockquote class=\"wp-block-quote is-layout-flow wp-block-quote-is-layout-flow\"><p><a href=\"\/fr\/type-produit\/filtre-a-poches\/\">Filtre a poches<\/a><\/p><\/blockquote>\n\n\n\n<p>&#8211; Classe filtrante : ePM1<br>&#8211; Haute capacit\u00e9 de r\u00e9tention<br>&#8211; Rendement constant<\/p>\n\n\n\n<div class=\"wp-block-buttons is-layout-flex wp-block-buttons-is-layout-flex\">\n<div class=\"wp-block-button\"><a class=\"wp-block-button__link has-blue-background-color has-background\" href=\"\/fr\/produit\/filtre-a-poches-hq85-epm1\/\">Lire La Suite<\/a><\/div>\n<\/div>\n<\/div>\n<\/div>\n\n\n\n<div class=\"wp-block-columns anm-columns is-layout-flex wp-container-core-columns-is-layout-9d6595d7 wp-block-columns-is-layout-flex\">\n<div class=\"wp-block-column is-layout-flow wp-block-column-is-layout-flow\">\n<figure class=\"wp-block-gallery has-nested-images columns-default is-cropped wp-block-gallery-1 is-layout-flex wp-block-gallery-is-layout-flex\">\n<figure class=\"wp-block-image size-large\"><img loading=\"lazy\" decoding=\"async\" width=\"343\" height=\"264\" data-id=\"16037\" src=\"http:\/\/www.afprofilters.com\/wp-content\/uploads\/2019\/10\/Plafond-filtrant-HD-CE-e1571903210742.png\" alt=\"Plafond filtrant HD-CE\" class=\"wp-image-16037\" srcset=\"https:\/\/www.afprofilters.com\/wp-content\/uploads\/2019\/10\/Plafond-filtrant-HD-CE-e1571903210742.png 343w, https:\/\/www.afprofilters.com\/wp-content\/uploads\/2019\/10\/Plafond-filtrant-HD-CE-e1571903210742-300x231.png 300w\" sizes=\"auto, (max-width: 343px) 100vw, 343px\" \/><\/figure>\n<\/figure>\n\n\n\n<h2 class=\"wp-block-heading\">Plafond filtrant pour blocs op\u00e9ratoires<\/h2>\n\n\n\n<blockquote class=\"wp-block-quote is-layout-flow wp-block-quote-is-layout-flow\"><p><a href=\"\/fr\/type-produit\/caisson-de-filtration\/\">Caissons de filtration<\/a><\/p><\/blockquote>\n\n\n\n<div class=\"wp-block-buttons is-layout-flex wp-block-buttons-is-layout-flex\">\n<div class=\"wp-block-button\"><a class=\"wp-block-button__link has-blue-background-color has-background\" href=\"\/fr\/produit\/plafond-filtrant-pour-blocs-operatoires-hd-ce\/\">Lire La Suite<\/a><\/div>\n<\/div>\n<\/div>\n\n\n\n<div class=\"wp-block-column is-layout-flow wp-block-column-is-layout-flow\">\n<figure class=\"wp-block-image\"><a href=\"\/fr\/produit\/caisson-de-filtration-hepa-hl-hd\/\"><img decoding=\"async\" src=\"\/wp-content\/uploads\/2019\/10\/CAISSON-HEPA-HL-HD-150x150.png\" alt=\"Caisson HEPA HL-HD\" \/><\/a><\/figure>\n\n\n\n<h2 class=\"wp-block-heading\">Caisson de filtration HEPA HL-HD<\/h2>\n\n\n\n<blockquote class=\"wp-block-quote is-layout-flow wp-block-quote-is-layout-flow\"><p><a href=\"\/fr\/type-produit\/caisson-de-filtration\/\">Caissons de filtration<\/a><\/p><\/blockquote>\n\n\n\n<div class=\"wp-block-buttons is-layout-flex wp-block-buttons-is-layout-flex\">\n<div class=\"wp-block-button\"><a class=\"wp-block-button__link has-blue-background-color has-background\" href=\"\/fr\/produit\/caisson-de-filtration-hepa-hl-hd\/\">Lire La Suite<\/a><\/div>\n<\/div>\n<\/div>\n\n\n\n<div class=\"wp-block-column is-layout-flow wp-block-column-is-layout-flow\">\n<figure class=\"wp-block-image\"><a href=\"\/fr\/produit\/grille-de-filtration-hl-rb\/\"><img decoding=\"async\" src=\"\/wp-content\/uploads\/2020\/12\/HL-RB-150x150.jpg\" alt=\"HL-RB\" \/><\/a><\/figure>\n\n\n\n<h2 class=\"wp-block-heading\">Grille de filtration HL-RB<\/h2>\n\n\n\n<blockquote class=\"wp-block-quote is-layout-flow wp-block-quote-is-layout-flow\"><p><a href=\"\/fr\/type-produit\/caisson-de-filtration\/\">Caissons de filtration<\/a><\/p><\/blockquote>\n\n\n\n<div class=\"wp-block-buttons is-layout-flex wp-block-buttons-is-layout-flex\">\n<div class=\"wp-block-button\"><a class=\"wp-block-button__link has-blue-background-color has-background\" href=\"\/fr\/produit\/grille-de-filtration-hl-rb\/\">Lire La Suite<\/a><\/div>\n<\/div>\n<\/div>\n<\/div>\n\n\n\n<h2 class=\"wp-block-heading\">Nos services<\/h2>\n\n\n\n<div class=\"wp-block-columns anm-columns is-layout-flex wp-container-core-columns-is-layout-9d6595d7 wp-block-columns-is-layout-flex\">\n<div class=\"wp-block-column is-layout-flow wp-block-column-is-layout-flow\">\n<figure class=\"wp-block-image\"><a href=\"\/fr\/produit\/centre-de-formation-afpro-filters-academy\/\"><img decoding=\"async\" src=\"\/wp-content\/uploads\/2016\/09\/AFPRO-Filters-for-commercial-office-buildings-better-indoor-climate-150x150.png\" alt=\"\" \/><\/a><\/figure>\n\n\n\n<h2 class=\"wp-block-heading\">Formation filtration de l\u2019air<\/h2>\n\n\n\n<blockquote class=\"wp-block-quote is-layout-flow wp-block-quote-is-layout-flow\"><p><a href=\"\/fr\/type-produit\/services-associes\/\">Services<\/a><\/p><\/blockquote>\n\n\n\n<div class=\"wp-block-buttons is-layout-flex wp-block-buttons-is-layout-flex\">\n<div class=\"wp-block-button\"><a class=\"wp-block-button__link has-blue-background-color has-background\" href=\"\/fr\/produit\/centre-de-formation-afpro-filters-academy\/\">Lire La Suite<\/a><\/div>\n<\/div>\n<\/div>\n\n\n\n<div class=\"wp-block-column is-layout-flow wp-block-column-is-layout-flow\">\n<figure class=\"wp-block-image\"><a href=\"\/fr\/produit\/service-forfait-prise-de-cotes\/\"><img decoding=\"async\" src=\"\/wp-content\/uploads\/2018\/12\/prise-de-cotes-150x150.jpg\" alt=\"\" \/><\/a><\/figure>\n\n\n\n<h2 class=\"wp-block-heading\">Prise de cotes<\/h2>\n\n\n\n<blockquote class=\"wp-block-quote is-layout-flow wp-block-quote-is-layout-flow\"><p><a href=\"\/fr\/type-produit\/services-associes\/\">Services<\/a><\/p><\/blockquote>\n\n\n\n<div class=\"wp-block-buttons is-layout-flex wp-block-buttons-is-layout-flex\">\n<div class=\"wp-block-button\"><a class=\"wp-block-button__link has-blue-background-color has-background\" href=\"\/fr\/produit\/service-forfait-prise-de-cotes\/\">Lire La Suite<\/a><\/div>\n<\/div>\n<\/div>\n\n\n\n<div class=\"wp-block-column is-layout-flow wp-block-column-is-layout-flow\">\n<figure class=\"wp-block-image\"><a href=\"\/fr\/produit\/qualification-des-salles-propres\/\"><img decoding=\"async\" src=\"\/wp-content\/uploads\/2019\/04\/Qualification-150x150.jpg\" alt=\"\" \/><\/a><\/figure>\n\n\n\n<h2 class=\"wp-block-heading\">Qualification des salles propres<\/h2>\n\n\n\n<blockquote class=\"wp-block-quote is-layout-flow wp-block-quote-is-layout-flow\"><p><a href=\"\/fr\/type-produit\/services-associes\/\">Services<\/a><\/p><\/blockquote>\n\n\n\n<div class=\"wp-block-buttons is-layout-flex wp-block-buttons-is-layout-flex\">\n<div class=\"wp-block-button\"><a class=\"wp-block-button__link has-blue-background-color has-background\" href=\"\/fr\/produit\/qualification-des-salles-propres\/\">Lire La Suite<\/a><\/div>\n<\/div>\n<\/div>\n<\/div>\n\n\n\n<div class=\"wp-block-columns is-layout-flex wp-container-core-columns-is-layout-9d6595d7 wp-block-columns-is-layout-flex\">\n<div class=\"wp-block-column is-layout-flow wp-block-column-is-layout-flow\">\n<h2 class=\"wp-block-heading\">Livre blanc<\/h2>\n\n\n\n<figure class=\"wp-block-image size-full is-resized\"><img loading=\"lazy\" decoding=\"async\" src=\"https:\/\/www.afprofilters.com\/wp-content\/uploads\/2022\/09\/filtration-de-lair-et-maitrise-de-la-contamination-2.jpg\" alt=\"\" class=\"wp-image-32561\" width=\"256\" height=\"179\" srcset=\"https:\/\/www.afprofilters.com\/wp-content\/uploads\/2022\/09\/filtration-de-lair-et-maitrise-de-la-contamination-2.jpg 1024w, https:\/\/www.afprofilters.com\/wp-content\/uploads\/2022\/09\/filtration-de-lair-et-maitrise-de-la-contamination-2-300x210.jpg 300w, https:\/\/www.afprofilters.com\/wp-content\/uploads\/2022\/09\/filtration-de-lair-et-maitrise-de-la-contamination-2-768x538.jpg 768w\" sizes=\"auto, (max-width: 256px) 100vw, 256px\" \/><\/figure>\n\n\n\n<h3 class=\"wp-block-heading\">Guide sur la filtration et la ma\u00eetrise de la contamination<\/h3>\n\n\n\n<p>Pour obtenir le livre blanc dans votre boite mail, remplissez ce formulaire<\/p>\n\n\n\n<div class=\"wp-block-buttons is-layout-flex wp-block-buttons-is-layout-flex\">\n<div class=\"wp-block-button\"><a class=\"wp-block-button__link has-blue-background-color has-background\" href=\"https:\/\/www.afprofilters.com\/fr\/telecharger-le-guide-sur-la-filtration-et-la-maitrise-de-la-contamination\/\">Lire La Suite<\/a><\/div>\n<\/div>\n<\/div>\n\n\n\n<div class=\"wp-block-column is-layout-flow wp-block-column-is-layout-flow\">\n<h2 class=\"wp-block-heading\">Infographie<\/h2>\n\n\n\n<figure class=\"wp-block-image size-large\"><img decoding=\"async\" src=\"http:\/\/www.afprofilters.com\/wp-content\/uploads\/2021\/11\/071321_AFPRO_INFOGRAPHIE-HOPITAL_FR_2021_WEB-min-1024x724.jpg\" alt=\"\" class=\"wp-image-29339\" \/><\/figure>\n\n\n\n<h3 class=\"wp-block-heading\">La filtration de l&rsquo;air dans les h\u00f4pitaux<\/h3>\n\n\n\n<p>Pour obtenir l\u2019infographie dans votre boite mail, remplissez le formulaire<\/p>\n\n\n\n<div class=\"wp-block-buttons is-layout-flex wp-block-buttons-is-layout-flex\">\n<div class=\"wp-block-button\"><a class=\"wp-block-button__link has-blue-background-color has-background\" href=\"\/fr\/la-filtration-de-lair-dans-les-hopitaux\/\">Lire La Suite<\/a><\/div>\n<\/div>\n<\/div>\n\n\n\n<div class=\"wp-block-column is-layout-flow wp-block-column-is-layout-flow\">\n<h2 class=\"wp-block-heading\">Etude de cas<\/h2>\n\n\n\n<figure class=\"wp-block-image size-large\"><img loading=\"lazy\" decoding=\"async\" width=\"1024\" height=\"535\" src=\"https:\/\/www.afprofilters.com\/wp-content\/uploads\/2022\/09\/Cover-Case-study-clinique-1024x535.png\" alt=\"\" class=\"wp-image-32389\" srcset=\"https:\/\/www.afprofilters.com\/wp-content\/uploads\/2022\/09\/Cover-Case-study-clinique-1024x535.png 1024w, https:\/\/www.afprofilters.com\/wp-content\/uploads\/2022\/09\/Cover-Case-study-clinique-300x157.png 300w, https:\/\/www.afprofilters.com\/wp-content\/uploads\/2022\/09\/Cover-Case-study-clinique-768x401.png 768w, https:\/\/www.afprofilters.com\/wp-content\/uploads\/2022\/09\/Cover-Case-study-clinique.png 1200w\" sizes=\"auto, (max-width: 1024px) 100vw, 1024px\" \/><\/figure>\n\n\n\n<h3 class=\"wp-block-heading\">Etude de cas : Clinique de la Sauvegarde<\/h3>\n\n\n\n<p>Cr\u00e9\u00e9e en 1970 dans le 9e arrondissement de Lyon, la Clinique de la Sauvegarde d\u00e9veloppe \u00e0 la fois des missions de service public avec un important service d\u2018urgences qui accueille chaque ann\u00e9e pr\u00e8s de 17.000 patients et des activit\u00e9s de sp\u00e9cialit\u00e9s chirurgicales et m\u00e9dicales reconnues dans toute la r\u00e9gion. La Clinique a \u00e9t\u00e9 r\u00e9nov\u00e9e et [\u2026]<\/p>\n\n\n\n<div class=\"wp-block-buttons is-layout-flex wp-block-buttons-is-layout-flex\">\n<div class=\"wp-block-button\"><a class=\"wp-block-button__link has-blue-background-color has-background\" href=\"\/fr\/etude-de-cas-qualite-de-lair-clinique-de-la-sauvegarde\/\">Lire La Suite<\/a><\/div>\n<\/div>\n<\/div>\n<\/div>\n\n\n\n<div class=\"wp-block-columns is-layout-flex wp-container-core-columns-is-layout-9d6595d7 wp-block-columns-is-layout-flex\">\n<div class=\"wp-block-column is-layout-flow wp-block-column-is-layout-flow\">\n<h2 class=\"wp-block-heading\">Vid\u00e9o<\/h2>\n\n\n\n<figure class=\"wp-block-embed is-type-video is-provider-youtube wp-block-embed-youtube wp-embed-aspect-16-9 wp-has-aspect-ratio\"><div class=\"wp-block-embed__wrapper\">\n<iframe loading=\"lazy\" title=\"AFPRO Filters Qu&#039;est ce qu&#039;un filtre HEPA?\" width=\"500\" height=\"281\" src=\"https:\/\/www.youtube.com\/embed\/YgnkqX6tZrw?feature=oembed\" frameborder=\"0\" allow=\"accelerometer; autoplay; clipboard-write; encrypted-media; gyroscope; picture-in-picture; web-share\" referrerpolicy=\"strict-origin-when-cross-origin\" allowfullscreen><\/iframe>\n<\/div><\/figure>\n<\/div>\n\n\n\n<div class=\"wp-block-column is-layout-flow wp-block-column-is-layout-flow\"><\/div>\n<\/div>\n","protected":false},"excerpt":{"rendered":"<p>Nos produits Filtre HEPA HLA Filtre HEPA &#8211; Classe filtrante : E10, E11, H13 et H14&#8211; Filtre \u00e0 air pour Salle blanche, bloc op\u00e9ratoire&#8211; Livr\u00e9 avec un certificat de conformit\u00e9&#8211; Peut \u00eatre \u00e9quip\u00e9 de deux grilles de protection Filtre HEPA HVG Filtre HEPA &#8211; Classe filtrante : E10, E11, H13 et H14&#8211; Chute de pression [&hellip;]<\/p>\n","protected":false},"author":2,"featured_media":0,"parent":0,"menu_order":0,"comment_status":"closed","ping_status":"closed","template":"","meta":{"_acf_changed":false,"footnotes":""},"class_list":["post-8814","page","type-page","status-publish","hentry"],"acf":[],"yoast_head":"<!-- This site is optimized with the Yoast SEO plugin v27.3 - https:\/\/yoast.com\/product\/yoast-seo-wordpress\/ -->\n<title>Nos conseils de filtration pour les h\u00f4pitaux - AFPRO<\/title>\n<meta name=\"robots\" content=\"index, follow, max-snippet:-1, max-image-preview:large, max-video-preview:-1\" \/>\n<link rel=\"canonical\" href=\"https:\/\/www.afprofilters.com\/fr\/nos-conseils-de-filtration-pour-les-hopitaux\/\" \/>\n<meta property=\"og:locale\" content=\"fr_FR\" \/>\n<meta property=\"og:type\" content=\"article\" \/>\n<meta property=\"og:title\" content=\"Nos conseils de filtration pour les h\u00f4pitaux - AFPRO\" \/>\n<meta property=\"og:description\" content=\"Nos produits Filtre HEPA HLA Filtre HEPA &#8211; Classe filtrante : E10, E11, H13 et H14&#8211; Filtre \u00e0 air pour Salle blanche, bloc op\u00e9ratoire&#8211; Livr\u00e9 avec un certificat de conformit\u00e9&#8211; Peut \u00eatre \u00e9quip\u00e9 de deux grilles de protection Filtre HEPA HVG Filtre HEPA &#8211; Classe filtrante : E10, E11, H13 et H14&#8211; Chute de pression [&hellip;]\" \/>\n<meta property=\"og:url\" content=\"https:\/\/www.afprofilters.com\/fr\/nos-conseils-de-filtration-pour-les-hopitaux\/\" \/>\n<meta property=\"og:site_name\" content=\"AFPRO\" \/>\n<meta property=\"article:modified_time\" content=\"2022-09-02T14:54:07+00:00\" \/>\n<meta property=\"og:image\" content=\"https:\/\/www.afprofilters.com\/wp-content\/uploads\/2016\/09\/HLA1113DCCG-150x150.jpg\" \/>\n<meta name=\"twitter:card\" content=\"summary_large_image\" \/>\n<meta name=\"twitter:label1\" content=\"Dur\u00e9e de lecture estim\u00e9e\" \/>\n\t<meta name=\"twitter:data1\" content=\"4 minutes\" \/>\n<script type=\"application\/ld+json\" class=\"yoast-schema-graph\">{\"@context\":\"https:\\\/\\\/schema.org\",\"@graph\":[{\"@type\":\"WebPage\",\"@id\":\"https:\\\/\\\/www.afprofilters.com\\\/fr\\\/nos-conseils-de-filtration-pour-les-hopitaux\\\/\",\"url\":\"https:\\\/\\\/www.afprofilters.com\\\/fr\\\/nos-conseils-de-filtration-pour-les-hopitaux\\\/\",\"name\":\"Nos conseils de filtration pour les h\u00f4pitaux - AFPRO\",\"isPartOf\":{\"@id\":\"https:\\\/\\\/www.afprofilters.com\\\/fr\\\/#website\"},\"primaryImageOfPage\":{\"@id\":\"https:\\\/\\\/www.afprofilters.com\\\/fr\\\/nos-conseils-de-filtration-pour-les-hopitaux\\\/#primaryimage\"},\"image\":{\"@id\":\"https:\\\/\\\/www.afprofilters.com\\\/fr\\\/nos-conseils-de-filtration-pour-les-hopitaux\\\/#primaryimage\"},\"thumbnailUrl\":\"http:\\\/\\\/www.afprofilters.com\\\/wp-content\\\/uploads\\\/2019\\\/10\\\/Plafond-filtrant-HD-CE-e1571903210742.png\",\"datePublished\":\"2018-11-27T09:27:28+00:00\",\"dateModified\":\"2022-09-02T14:54:07+00:00\",\"breadcrumb\":{\"@id\":\"https:\\\/\\\/www.afprofilters.com\\\/fr\\\/nos-conseils-de-filtration-pour-les-hopitaux\\\/#breadcrumb\"},\"inLanguage\":\"fr-FR\",\"potentialAction\":[{\"@type\":\"ReadAction\",\"target\":[\"https:\\\/\\\/www.afprofilters.com\\\/fr\\\/nos-conseils-de-filtration-pour-les-hopitaux\\\/\"]}]},{\"@type\":\"ImageObject\",\"inLanguage\":\"fr-FR\",\"@id\":\"https:\\\/\\\/www.afprofilters.com\\\/fr\\\/nos-conseils-de-filtration-pour-les-hopitaux\\\/#primaryimage\",\"url\":\"http:\\\/\\\/www.afprofilters.com\\\/wp-content\\\/uploads\\\/2019\\\/10\\\/Plafond-filtrant-HD-CE-e1571903210742.png\",\"contentUrl\":\"http:\\\/\\\/www.afprofilters.com\\\/wp-content\\\/uploads\\\/2019\\\/10\\\/Plafond-filtrant-HD-CE-e1571903210742.png\"},{\"@type\":\"BreadcrumbList\",\"@id\":\"https:\\\/\\\/www.afprofilters.com\\\/fr\\\/nos-conseils-de-filtration-pour-les-hopitaux\\\/#breadcrumb\",\"itemListElement\":[{\"@type\":\"ListItem\",\"position\":1,\"name\":\"\",\"item\":\"https:\\\/\\\/www.afprofilters.com\\\/fr\\\/\"},{\"@type\":\"ListItem\",\"position\":2,\"name\":\"Nos conseils de filtration pour les h\u00f4pitaux\"}]},{\"@type\":\"WebSite\",\"@id\":\"https:\\\/\\\/www.afprofilters.com\\\/fr\\\/#website\",\"url\":\"https:\\\/\\\/www.afprofilters.com\\\/fr\\\/\",\"name\":\"AFPRO\",\"description\":\"AFPRO Filters\",\"publisher\":{\"@id\":\"https:\\\/\\\/www.afprofilters.com\\\/fr\\\/#organization\"},\"potentialAction\":[{\"@type\":\"SearchAction\",\"target\":{\"@type\":\"EntryPoint\",\"urlTemplate\":\"https:\\\/\\\/www.afprofilters.com\\\/fr\\\/?s={search_term_string}\"},\"query-input\":{\"@type\":\"PropertyValueSpecification\",\"valueRequired\":true,\"valueName\":\"search_term_string\"}}],\"inLanguage\":\"fr-FR\"},{\"@type\":\"Organization\",\"@id\":\"https:\\\/\\\/www.afprofilters.com\\\/fr\\\/#organization\",\"name\":\"AFPRO\",\"url\":\"https:\\\/\\\/www.afprofilters.com\\\/fr\\\/\",\"logo\":{\"@type\":\"ImageObject\",\"inLanguage\":\"fr-FR\",\"@id\":\"https:\\\/\\\/www.afprofilters.com\\\/fr\\\/#\\\/schema\\\/logo\\\/image\\\/\",\"url\":\"https:\\\/\\\/www.afprofilters.com\\\/wp-content\\\/uploads\\\/2021\\\/05\\\/AFPRO-logo.png\",\"contentUrl\":\"https:\\\/\\\/www.afprofilters.com\\\/wp-content\\\/uploads\\\/2021\\\/05\\\/AFPRO-logo.png\",\"width\":640,\"height\":177,\"caption\":\"AFPRO\"},\"image\":{\"@id\":\"https:\\\/\\\/www.afprofilters.com\\\/fr\\\/#\\\/schema\\\/logo\\\/image\\\/\"}}]}<\/script>\n<!-- \/ Yoast SEO plugin. -->","yoast_head_json":{"title":"Nos conseils de filtration pour les h\u00f4pitaux - AFPRO","robots":{"index":"index","follow":"follow","max-snippet":"max-snippet:-1","max-image-preview":"max-image-preview:large","max-video-preview":"max-video-preview:-1"},"canonical":"https:\/\/www.afprofilters.com\/fr\/nos-conseils-de-filtration-pour-les-hopitaux\/","og_locale":"fr_FR","og_type":"article","og_title":"Nos conseils de filtration pour les h\u00f4pitaux - AFPRO","og_description":"Nos produits Filtre HEPA HLA Filtre HEPA &#8211; Classe filtrante : E10, E11, H13 et H14&#8211; Filtre \u00e0 air pour Salle blanche, bloc op\u00e9ratoire&#8211; Livr\u00e9 avec un certificat de conformit\u00e9&#8211; Peut \u00eatre \u00e9quip\u00e9 de deux grilles de protection Filtre HEPA HVG Filtre HEPA &#8211; Classe filtrante : E10, E11, H13 et H14&#8211; Chute de pression [&hellip;]","og_url":"https:\/\/www.afprofilters.com\/fr\/nos-conseils-de-filtration-pour-les-hopitaux\/","og_site_name":"AFPRO","article_modified_time":"2022-09-02T14:54:07+00:00","og_image":[{"url":"https:\/\/www.afprofilters.com\/wp-content\/uploads\/2016\/09\/HLA1113DCCG-150x150.jpg","type":"","width":"","height":""}],"twitter_card":"summary_large_image","twitter_misc":{"Dur\u00e9e de lecture estim\u00e9e":"4 minutes"},"schema":{"@context":"https:\/\/schema.org","@graph":[{"@type":"WebPage","@id":"https:\/\/www.afprofilters.com\/fr\/nos-conseils-de-filtration-pour-les-hopitaux\/","url":"https:\/\/www.afprofilters.com\/fr\/nos-conseils-de-filtration-pour-les-hopitaux\/","name":"Nos conseils de filtration pour les h\u00f4pitaux - AFPRO","isPartOf":{"@id":"https:\/\/www.afprofilters.com\/fr\/#website"},"primaryImageOfPage":{"@id":"https:\/\/www.afprofilters.com\/fr\/nos-conseils-de-filtration-pour-les-hopitaux\/#primaryimage"},"image":{"@id":"https:\/\/www.afprofilters.com\/fr\/nos-conseils-de-filtration-pour-les-hopitaux\/#primaryimage"},"thumbnailUrl":"http:\/\/www.afprofilters.com\/wp-content\/uploads\/2019\/10\/Plafond-filtrant-HD-CE-e1571903210742.png","datePublished":"2018-11-27T09:27:28+00:00","dateModified":"2022-09-02T14:54:07+00:00","breadcrumb":{"@id":"https:\/\/www.afprofilters.com\/fr\/nos-conseils-de-filtration-pour-les-hopitaux\/#breadcrumb"},"inLanguage":"fr-FR","potentialAction":[{"@type":"ReadAction","target":["https:\/\/www.afprofilters.com\/fr\/nos-conseils-de-filtration-pour-les-hopitaux\/"]}]},{"@type":"ImageObject","inLanguage":"fr-FR","@id":"https:\/\/www.afprofilters.com\/fr\/nos-conseils-de-filtration-pour-les-hopitaux\/#primaryimage","url":"http:\/\/www.afprofilters.com\/wp-content\/uploads\/2019\/10\/Plafond-filtrant-HD-CE-e1571903210742.png","contentUrl":"http:\/\/www.afprofilters.com\/wp-content\/uploads\/2019\/10\/Plafond-filtrant-HD-CE-e1571903210742.png"},{"@type":"BreadcrumbList","@id":"https:\/\/www.afprofilters.com\/fr\/nos-conseils-de-filtration-pour-les-hopitaux\/#breadcrumb","itemListElement":[{"@type":"ListItem","position":1,"name":"","item":"https:\/\/www.afprofilters.com\/fr\/"},{"@type":"ListItem","position":2,"name":"Nos conseils de filtration pour les h\u00f4pitaux"}]},{"@type":"WebSite","@id":"https:\/\/www.afprofilters.com\/fr\/#website","url":"https:\/\/www.afprofilters.com\/fr\/","name":"AFPRO","description":"AFPRO Filters","publisher":{"@id":"https:\/\/www.afprofilters.com\/fr\/#organization"},"potentialAction":[{"@type":"SearchAction","target":{"@type":"EntryPoint","urlTemplate":"https:\/\/www.afprofilters.com\/fr\/?s={search_term_string}"},"query-input":{"@type":"PropertyValueSpecification","valueRequired":true,"valueName":"search_term_string"}}],"inLanguage":"fr-FR"},{"@type":"Organization","@id":"https:\/\/www.afprofilters.com\/fr\/#organization","name":"AFPRO","url":"https:\/\/www.afprofilters.com\/fr\/","logo":{"@type":"ImageObject","inLanguage":"fr-FR","@id":"https:\/\/www.afprofilters.com\/fr\/#\/schema\/logo\/image\/","url":"https:\/\/www.afprofilters.com\/wp-content\/uploads\/2021\/05\/AFPRO-logo.png","contentUrl":"https:\/\/www.afprofilters.com\/wp-content\/uploads\/2021\/05\/AFPRO-logo.png","width":640,"height":177,"caption":"AFPRO"},"image":{"@id":"https:\/\/www.afprofilters.com\/fr\/#\/schema\/logo\/image\/"}}]}},"_links":{"self":[{"href":"https:\/\/www.afprofilters.com\/fr\/wp-json\/wp\/v2\/pages\/8814","targetHints":{"allow":["GET"]}}],"collection":[{"href":"https:\/\/www.afprofilters.com\/fr\/wp-json\/wp\/v2\/pages"}],"about":[{"href":"https:\/\/www.afprofilters.com\/fr\/wp-json\/wp\/v2\/types\/page"}],"author":[{"embeddable":true,"href":"https:\/\/www.afprofilters.com\/fr\/wp-json\/wp\/v2\/users\/2"}],"replies":[{"embeddable":true,"href":"https:\/\/www.afprofilters.com\/fr\/wp-json\/wp\/v2\/comments?post=8814"}],"version-history":[{"count":0,"href":"https:\/\/www.afprofilters.com\/fr\/wp-json\/wp\/v2\/pages\/8814\/revisions"}],"wp:attachment":[{"href":"https:\/\/www.afprofilters.com\/fr\/wp-json\/wp\/v2\/media?parent=8814"}],"curies":[{"name":"wp","href":"https:\/\/api.w.org\/{rel}","templated":true}]}}