{"id":37405,"date":"2024-08-26T09:13:00","date_gmt":"2024-08-26T09:13:00","guid":{"rendered":"https:\/\/www.afprofilters.com\/?page_id=37405"},"modified":"2024-11-25T11:04:48","modified_gmt":"2024-11-25T11:04:48","slug":"temoignages","status":"publish","type":"page","link":"https:\/\/www.afprofilters.com\/fr\/temoignages\/","title":{"rendered":"T\u00e9moignages"},"content":{"rendered":"<div class=\"wp-block-image\">\n<figure class=\"aligncenter size-full is-resized\"><a href=\"https:\/\/www.afprofilters.com\/fr\/careers\/\"><img loading=\"lazy\" decoding=\"async\" width=\"6912\" height=\"2030\" src=\"https:\/\/www.afprofilters.com\/wp-content\/uploads\/2024\/08\/Rejoignez-nous-BANNER-1.png\" alt=\"\" class=\"wp-image-37062\" style=\"width:1450px;height:auto\" srcset=\"https:\/\/www.afprofilters.com\/wp-content\/uploads\/2024\/08\/Rejoignez-nous-BANNER-1.png 6912w, https:\/\/www.afprofilters.com\/wp-content\/uploads\/2024\/08\/Rejoignez-nous-BANNER-1-300x88.png 300w, https:\/\/www.afprofilters.com\/wp-content\/uploads\/2024\/08\/Rejoignez-nous-BANNER-1-1024x301.png 1024w, https:\/\/www.afprofilters.com\/wp-content\/uploads\/2024\/08\/Rejoignez-nous-BANNER-1-768x226.png 768w, https:\/\/www.afprofilters.com\/wp-content\/uploads\/2024\/08\/Rejoignez-nous-BANNER-1-1536x451.png 1536w, https:\/\/www.afprofilters.com\/wp-content\/uploads\/2024\/08\/Rejoignez-nous-BANNER-1-2048x601.png 2048w\" sizes=\"auto, (max-width: 6912px) 100vw, 6912px\" \/><\/a><\/figure>\n<\/div>\n\n\n<div style=\"height:52px\" aria-hidden=\"true\" class=\"wp-block-spacer\"><\/div>\n\n\n\n<h3 class=\"wp-block-heading\">Chez AFPRO, on met notre \u00e9quipe en lumi\u00e8re<\/h3>\n\n\n\n<p>D\u00e9couvrez nos collaborateurs, leurs m\u00e9tiers, leurs plus belles exp\u00e9riences et leurs meilleurs souvenirs. Travailler chez AFPRO c&rsquo;est avancer main dans la main pour atteindre ensemble les objectifs fix\u00e9s et rendre le monde plus s\u00fbr plus sain et plus productif !<\/p>\n\n\n\n<p>Mais \u00e7a, ils l&rsquo;expliquent mieux d&rsquo;eux-m\u00eames. Retrouvez les t\u00e9moignages de notre \u00e9quipe en vid\u00e9o !<\/p>\n\n\n\n<figure class=\"wp-block-video\"><video height=\"1080\" style=\"aspect-ratio: 1920 \/ 1080;\" width=\"1920\" controls src=\"http:\/\/www.afprofilters.com\/wp-content\/uploads\/2024\/11\/ITV-Camille-FR-1.mp4\"><\/video><\/figure>\n\n\n\n<h4 class=\"wp-block-heading\"><strong>Camille Sabos, <\/strong><br>Marketing Intelligence Specialist et Marketing Team Lead<\/h4>\n\n\n\n<p>\u00abAFPRO est en mouvement perp\u00e9tuel, c&rsquo;est une entreprise tourn\u00e9e vers l&rsquo;avenir, qui n&rsquo;a de cesse de trouver des solutions pour r\u00e9pondre aux d\u00e9fis du march\u00e9 et aux besoins des clients \u00bb<\/p>\n\n\n\n<div style=\"height:46px\" aria-hidden=\"true\" class=\"wp-block-spacer\"><\/div>\n\n\n\n<div class=\"wp-block-columns is-layout-flex wp-container-core-columns-is-layout-9d6595d7 wp-block-columns-is-layout-flex\">\n<div class=\"wp-block-column is-layout-flow wp-block-column-is-layout-flow\">\n<figure class=\"wp-block-video\"><video height=\"1080\" style=\"aspect-ratio: 1920 \/ 1080;\" width=\"1920\" controls src=\"https:\/\/www.afprofilters.com\/wp-content\/uploads\/2024\/08\/ITV-Julien-1.mp4\"><\/video><\/figure>\n\n\n\n<h4 class=\"wp-block-heading\">Julien Bretaud,<br>Commercial itin\u00e9rant HVAC,<br>secteur Bretagne et Pays de la Loire<\/h4>\n\n\n\n<p>\u00abMon plus beau souvenir, c&rsquo;est l&rsquo;accueil chaleureux que l&rsquo;\u00e9quipe interne a r\u00e9serv\u00e9 pour mon arriv\u00e9e\u00bb<\/p>\n<\/div>\n\n\n\n<div class=\"wp-block-column is-layout-flow wp-block-column-is-layout-flow\">\n<figure class=\"wp-block-video\"><video height=\"1080\" style=\"aspect-ratio: 1920 \/ 1080;\" width=\"1920\" controls src=\"https:\/\/www.afprofilters.com\/wp-content\/uploads\/2024\/08\/ITV-Marine-V-finale-compressee.mp4\"><\/video><\/figure>\n\n\n\n<h4 class=\"wp-block-heading\"><strong>Marine Cordon, <\/strong><br><strong>Commerciale itin\u00e9rante<\/strong> <strong>HVAC,<\/strong><br><strong>secteur Normand<\/strong><\/h4>\n\n\n\n<p>\u00abJe suis fi\u00e8re de faire partie d&rsquo;AFPRO Filters, qui est une entreprise tourn\u00e9e vers l&rsquo;avenir\u00bb<\/p>\n<\/div>\n<\/div>\n\n\n\n<div class=\"wp-block-columns is-layout-flex wp-container-core-columns-is-layout-9d6595d7 wp-block-columns-is-layout-flex\">\n<div class=\"wp-block-column is-layout-flow wp-block-column-is-layout-flow\">\n<figure class=\"wp-block-video\"><video height=\"1080\" style=\"aspect-ratio: 1908 \/ 1080;\" width=\"1908\" controls src=\"https:\/\/www.afprofilters.com\/wp-content\/uploads\/2024\/08\/ITV-Fatima-ss-tt-compressee.mp4\"><\/video><\/figure>\n\n\n\n<h4 class=\"wp-block-heading\"><strong>Fatima Ezzahra, <\/strong><br><strong>Ing\u00e9nieure d&rsquo;affaires<\/strong> <strong>H<\/strong>igh Purity<\/h4>\n\n\n\n<p>\u00abIl n\u2019y a jamais de routine, chaque jour il y a des challenges \u00e0 relever\u00bb<\/p>\n<\/div>\n\n\n\n<div class=\"wp-block-column is-layout-flow wp-block-column-is-layout-flow\">\n<figure class=\"wp-block-video\"><video height=\"1080\" style=\"aspect-ratio: 2072 \/ 1080;\" width=\"2072\" controls src=\"http:\/\/www.afprofilters.com\/wp-content\/uploads\/2024\/05\/ITV-Roxanne-ss-tt-compressee-2.mp4\"><\/video><\/figure>\n\n\n\n<h4 class=\"wp-block-heading\">Roxanne Bourdon, <br>Responsable des ventes internes<\/h4>\n\n\n\n<p><em>\u00ab<\/em>AFPRO est une soci\u00e9t\u00e9 qui garde cet esprit de famille, o\u00f9 chacun est capable de faire \u00e9voluer notre fa\u00e7on de travailler<em>\u00bb<\/em><\/p>\n<\/div>\n<\/div>\n\n\n\n<div class=\"wp-block-columns is-layout-flex wp-container-core-columns-is-layout-9d6595d7 wp-block-columns-is-layout-flex\">\n<div class=\"wp-block-column is-layout-flow wp-block-column-is-layout-flow\">\n<figure class=\"wp-block-video\"><video height=\"1080\" style=\"aspect-ratio: 1920 \/ 1080;\" width=\"1920\" controls src=\"http:\/\/www.afprofilters.com\/wp-content\/uploads\/2024\/05\/ITV-Patricia-ss-tt-compressee-1.mp4\"><\/video><\/figure>\n\n\n\n<h4 class=\"wp-block-heading\">Patricia Pombo,<br>Charg\u00e9e de client\u00e8le<\/h4>\n\n\n\n<p><em>\u00ab<\/em>13 ans chez AFPRO, une superbe aventure<em>\u00bb<\/em><\/p>\n<\/div>\n\n\n\n<div class=\"wp-block-column is-layout-flow wp-block-column-is-layout-flow\">\n<figure class=\"wp-block-video\"><video height=\"1080\" style=\"aspect-ratio: 1920 \/ 1080;\" width=\"1920\" controls src=\"http:\/\/www.afprofilters.com\/wp-content\/uploads\/2024\/05\/ITV-Augustin-ss-tt-compressee.mp4\"><\/video><\/figure>\n\n\n\n<h4 class=\"wp-block-heading\">Augustin Guittard,<br>Responsable Commercial France<\/h4>\n\n\n\n<p><em>\u00ab<\/em>Rejoignez-nous pour partager nos ambitions, notre soif d&rsquo;apprendre et pour grandir dans cette aventure humaine<em>\u00bb<\/em><\/p>\n<\/div>\n<\/div>\n\n\n\n<div class=\"wp-block-buttons is-content-justification-center is-layout-flex wp-container-core-buttons-is-layout-16018d1d wp-block-buttons-is-layout-flex\">\n<div class=\"wp-block-button has-custom-font-size\" style=\"font-size:20px\"><a class=\"wp-block-button__link has-green-background-color has-background has-text-align-center wp-element-button\" href=\"https:\/\/www.afprofilters.com\/fr\/careers\/\">Nos offres d&#8217;emplois<\/a><\/div>\n<\/div>\n","protected":false},"excerpt":{"rendered":"<p>Chez AFPRO, on met notre \u00e9quipe en lumi\u00e8re D\u00e9couvrez nos collaborateurs, leurs m\u00e9tiers, leurs plus belles exp\u00e9riences et leurs meilleurs souvenirs. Travailler chez AFPRO c&rsquo;est avancer main dans la main pour atteindre ensemble les objectifs fix\u00e9s et rendre le monde plus s\u00fbr plus sain et plus productif ! Mais \u00e7a, ils l&rsquo;expliquent mieux d&rsquo;eux-m\u00eames. Retrouvez [&hellip;]<\/p>\n","protected":false},"author":2,"featured_media":0,"parent":0,"menu_order":0,"comment_status":"closed","ping_status":"closed","template":"","meta":{"_acf_changed":false,"footnotes":""},"class_list":["post-37405","page","type-page","status-publish","hentry"],"acf":[],"yoast_head":"<!-- This site is optimized with the Yoast SEO plugin v27.3 - https:\/\/yoast.com\/product\/yoast-seo-wordpress\/ -->\n<title>Carri\u00e8re - T\u00e9moignages - AFPRO Filters<\/title>\n<meta name=\"description\" content=\"Suivez les t\u00e9moignages vid\u00e9os de nos \u00e9quipes et d\u00e9couvrez en plus sur la collaboration au sein d&#039;AFPRO Filters.\" \/>\n<meta name=\"robots\" content=\"index, follow, max-snippet:-1, max-image-preview:large, max-video-preview:-1\" \/>\n<link rel=\"canonical\" href=\"https:\/\/www.afprofilters.com\/fr\/temoignages\/\" \/>\n<meta property=\"og:locale\" content=\"fr_FR\" \/>\n<meta property=\"og:type\" content=\"article\" \/>\n<meta property=\"og:title\" content=\"Carri\u00e8re - T\u00e9moignages - AFPRO Filters\" \/>\n<meta property=\"og:description\" content=\"Suivez les t\u00e9moignages vid\u00e9os de nos \u00e9quipes et d\u00e9couvrez en plus sur la collaboration au sein d&#039;AFPRO Filters.\" \/>\n<meta property=\"og:url\" content=\"https:\/\/www.afprofilters.com\/fr\/temoignages\/\" \/>\n<meta property=\"og:site_name\" content=\"AFPRO\" \/>\n<meta property=\"article:modified_time\" content=\"2024-11-25T11:04:48+00:00\" \/>\n<meta property=\"og:image\" content=\"https:\/\/www.afprofilters.com\/wp-content\/uploads\/2024\/08\/Rejoignez-nous-BANNER-1.png\" \/>\n<meta name=\"twitter:card\" content=\"summary_large_image\" \/>\n<meta name=\"twitter:label1\" content=\"Dur\u00e9e de lecture estim\u00e9e\" \/>\n\t<meta name=\"twitter:data1\" content=\"2 minutes\" \/>\n<script type=\"application\/ld+json\" class=\"yoast-schema-graph\">{\"@context\":\"https:\\\/\\\/schema.org\",\"@graph\":[{\"@type\":\"WebPage\",\"@id\":\"https:\\\/\\\/www.afprofilters.com\\\/fr\\\/temoignages\\\/\",\"url\":\"https:\\\/\\\/www.afprofilters.com\\\/fr\\\/temoignages\\\/\",\"name\":\"Carri\u00e8re - T\u00e9moignages - AFPRO Filters\",\"isPartOf\":{\"@id\":\"https:\\\/\\\/www.afprofilters.com\\\/fr\\\/#website\"},\"primaryImageOfPage\":{\"@id\":\"https:\\\/\\\/www.afprofilters.com\\\/fr\\\/temoignages\\\/#primaryimage\"},\"image\":{\"@id\":\"https:\\\/\\\/www.afprofilters.com\\\/fr\\\/temoignages\\\/#primaryimage\"},\"thumbnailUrl\":\"https:\\\/\\\/www.afprofilters.com\\\/wp-content\\\/uploads\\\/2024\\\/08\\\/Rejoignez-nous-BANNER-1.png\",\"datePublished\":\"2024-08-26T09:13:00+00:00\",\"dateModified\":\"2024-11-25T11:04:48+00:00\",\"description\":\"Suivez les t\u00e9moignages vid\u00e9os de nos \u00e9quipes et d\u00e9couvrez en plus sur la collaboration au sein d'AFPRO Filters.\",\"breadcrumb\":{\"@id\":\"https:\\\/\\\/www.afprofilters.com\\\/fr\\\/temoignages\\\/#breadcrumb\"},\"inLanguage\":\"fr-FR\",\"potentialAction\":[{\"@type\":\"ReadAction\",\"target\":[\"https:\\\/\\\/www.afprofilters.com\\\/fr\\\/temoignages\\\/\"]}]},{\"@type\":\"ImageObject\",\"inLanguage\":\"fr-FR\",\"@id\":\"https:\\\/\\\/www.afprofilters.com\\\/fr\\\/temoignages\\\/#primaryimage\",\"url\":\"https:\\\/\\\/www.afprofilters.com\\\/wp-content\\\/uploads\\\/2024\\\/08\\\/Rejoignez-nous-BANNER-1.png\",\"contentUrl\":\"https:\\\/\\\/www.afprofilters.com\\\/wp-content\\\/uploads\\\/2024\\\/08\\\/Rejoignez-nous-BANNER-1.png\"},{\"@type\":\"BreadcrumbList\",\"@id\":\"https:\\\/\\\/www.afprofilters.com\\\/fr\\\/temoignages\\\/#breadcrumb\",\"itemListElement\":[{\"@type\":\"ListItem\",\"position\":1,\"name\":\"\",\"item\":\"https:\\\/\\\/www.afprofilters.com\\\/fr\\\/\"},{\"@type\":\"ListItem\",\"position\":2,\"name\":\"T\u00e9moignages\"}]},{\"@type\":\"WebSite\",\"@id\":\"https:\\\/\\\/www.afprofilters.com\\\/fr\\\/#website\",\"url\":\"https:\\\/\\\/www.afprofilters.com\\\/fr\\\/\",\"name\":\"AFPRO\",\"description\":\"AFPRO Filters\",\"publisher\":{\"@id\":\"https:\\\/\\\/www.afprofilters.com\\\/fr\\\/#organization\"},\"potentialAction\":[{\"@type\":\"SearchAction\",\"target\":{\"@type\":\"EntryPoint\",\"urlTemplate\":\"https:\\\/\\\/www.afprofilters.com\\\/fr\\\/?s={search_term_string}\"},\"query-input\":{\"@type\":\"PropertyValueSpecification\",\"valueRequired\":true,\"valueName\":\"search_term_string\"}}],\"inLanguage\":\"fr-FR\"},{\"@type\":\"Organization\",\"@id\":\"https:\\\/\\\/www.afprofilters.com\\\/fr\\\/#organization\",\"name\":\"AFPRO\",\"url\":\"https:\\\/\\\/www.afprofilters.com\\\/fr\\\/\",\"logo\":{\"@type\":\"ImageObject\",\"inLanguage\":\"fr-FR\",\"@id\":\"https:\\\/\\\/www.afprofilters.com\\\/fr\\\/#\\\/schema\\\/logo\\\/image\\\/\",\"url\":\"https:\\\/\\\/www.afprofilters.com\\\/wp-content\\\/uploads\\\/2021\\\/05\\\/AFPRO-logo.png\",\"contentUrl\":\"https:\\\/\\\/www.afprofilters.com\\\/wp-content\\\/uploads\\\/2021\\\/05\\\/AFPRO-logo.png\",\"width\":640,\"height\":177,\"caption\":\"AFPRO\"},\"image\":{\"@id\":\"https:\\\/\\\/www.afprofilters.com\\\/fr\\\/#\\\/schema\\\/logo\\\/image\\\/\"}}]}<\/script>\n<!-- \/ Yoast SEO plugin. -->","yoast_head_json":{"title":"Carri\u00e8re - T\u00e9moignages - AFPRO Filters","description":"Suivez les t\u00e9moignages vid\u00e9os de nos \u00e9quipes et d\u00e9couvrez en plus sur la collaboration au sein d'AFPRO Filters.","robots":{"index":"index","follow":"follow","max-snippet":"max-snippet:-1","max-image-preview":"max-image-preview:large","max-video-preview":"max-video-preview:-1"},"canonical":"https:\/\/www.afprofilters.com\/fr\/temoignages\/","og_locale":"fr_FR","og_type":"article","og_title":"Carri\u00e8re - T\u00e9moignages - AFPRO Filters","og_description":"Suivez les t\u00e9moignages vid\u00e9os de nos \u00e9quipes et d\u00e9couvrez en plus sur la collaboration au sein d'AFPRO Filters.","og_url":"https:\/\/www.afprofilters.com\/fr\/temoignages\/","og_site_name":"AFPRO","article_modified_time":"2024-11-25T11:04:48+00:00","og_image":[{"url":"https:\/\/www.afprofilters.com\/wp-content\/uploads\/2024\/08\/Rejoignez-nous-BANNER-1.png","type":"","width":"","height":""}],"twitter_card":"summary_large_image","twitter_misc":{"Dur\u00e9e de lecture estim\u00e9e":"2 minutes"},"schema":{"@context":"https:\/\/schema.org","@graph":[{"@type":"WebPage","@id":"https:\/\/www.afprofilters.com\/fr\/temoignages\/","url":"https:\/\/www.afprofilters.com\/fr\/temoignages\/","name":"Carri\u00e8re - T\u00e9moignages - AFPRO Filters","isPartOf":{"@id":"https:\/\/www.afprofilters.com\/fr\/#website"},"primaryImageOfPage":{"@id":"https:\/\/www.afprofilters.com\/fr\/temoignages\/#primaryimage"},"image":{"@id":"https:\/\/www.afprofilters.com\/fr\/temoignages\/#primaryimage"},"thumbnailUrl":"https:\/\/www.afprofilters.com\/wp-content\/uploads\/2024\/08\/Rejoignez-nous-BANNER-1.png","datePublished":"2024-08-26T09:13:00+00:00","dateModified":"2024-11-25T11:04:48+00:00","description":"Suivez les t\u00e9moignages vid\u00e9os de nos \u00e9quipes et d\u00e9couvrez en plus sur la collaboration au sein d'AFPRO Filters.","breadcrumb":{"@id":"https:\/\/www.afprofilters.com\/fr\/temoignages\/#breadcrumb"},"inLanguage":"fr-FR","potentialAction":[{"@type":"ReadAction","target":["https:\/\/www.afprofilters.com\/fr\/temoignages\/"]}]},{"@type":"ImageObject","inLanguage":"fr-FR","@id":"https:\/\/www.afprofilters.com\/fr\/temoignages\/#primaryimage","url":"https:\/\/www.afprofilters.com\/wp-content\/uploads\/2024\/08\/Rejoignez-nous-BANNER-1.png","contentUrl":"https:\/\/www.afprofilters.com\/wp-content\/uploads\/2024\/08\/Rejoignez-nous-BANNER-1.png"},{"@type":"BreadcrumbList","@id":"https:\/\/www.afprofilters.com\/fr\/temoignages\/#breadcrumb","itemListElement":[{"@type":"ListItem","position":1,"name":"","item":"https:\/\/www.afprofilters.com\/fr\/"},{"@type":"ListItem","position":2,"name":"T\u00e9moignages"}]},{"@type":"WebSite","@id":"https:\/\/www.afprofilters.com\/fr\/#website","url":"https:\/\/www.afprofilters.com\/fr\/","name":"AFPRO","description":"AFPRO Filters","publisher":{"@id":"https:\/\/www.afprofilters.com\/fr\/#organization"},"potentialAction":[{"@type":"SearchAction","target":{"@type":"EntryPoint","urlTemplate":"https:\/\/www.afprofilters.com\/fr\/?s={search_term_string}"},"query-input":{"@type":"PropertyValueSpecification","valueRequired":true,"valueName":"search_term_string"}}],"inLanguage":"fr-FR"},{"@type":"Organization","@id":"https:\/\/www.afprofilters.com\/fr\/#organization","name":"AFPRO","url":"https:\/\/www.afprofilters.com\/fr\/","logo":{"@type":"ImageObject","inLanguage":"fr-FR","@id":"https:\/\/www.afprofilters.com\/fr\/#\/schema\/logo\/image\/","url":"https:\/\/www.afprofilters.com\/wp-content\/uploads\/2021\/05\/AFPRO-logo.png","contentUrl":"https:\/\/www.afprofilters.com\/wp-content\/uploads\/2021\/05\/AFPRO-logo.png","width":640,"height":177,"caption":"AFPRO"},"image":{"@id":"https:\/\/www.afprofilters.com\/fr\/#\/schema\/logo\/image\/"}}]}},"_links":{"self":[{"href":"https:\/\/www.afprofilters.com\/fr\/wp-json\/wp\/v2\/pages\/37405","targetHints":{"allow":["GET"]}}],"collection":[{"href":"https:\/\/www.afprofilters.com\/fr\/wp-json\/wp\/v2\/pages"}],"about":[{"href":"https:\/\/www.afprofilters.com\/fr\/wp-json\/wp\/v2\/types\/page"}],"author":[{"embeddable":true,"href":"https:\/\/www.afprofilters.com\/fr\/wp-json\/wp\/v2\/users\/2"}],"replies":[{"embeddable":true,"href":"https:\/\/www.afprofilters.com\/fr\/wp-json\/wp\/v2\/comments?post=37405"}],"version-history":[{"count":0,"href":"https:\/\/www.afprofilters.com\/fr\/wp-json\/wp\/v2\/pages\/37405\/revisions"}],"wp:attachment":[{"href":"https:\/\/www.afprofilters.com\/fr\/wp-json\/wp\/v2\/media?parent=37405"}],"curies":[{"name":"wp","href":"https:\/\/api.w.org\/{rel}","templated":true}]}}