{"id":37110,"date":"2024-08-05T14:20:12","date_gmt":"2024-08-05T14:20:12","guid":{"rendered":"https:\/\/www.afprofilters.com\/?page_id=37110"},"modified":"2024-08-26T14:17:03","modified_gmt":"2024-08-26T14:17:03","slug":"locaux","status":"publish","type":"page","link":"https:\/\/www.afprofilters.com\/fr\/rejoignez-nous\/locaux\/","title":{"rendered":"Nos locaux"},"content":{"rendered":"\n<h3 class=\"wp-block-heading\">D\u00e9couvrez notre cadre de travail<\/h3>\n\n\n\n<figure class=\"wp-block-image size-large\"><img loading=\"lazy\" decoding=\"async\" width=\"1024\" height=\"320\" src=\"https:\/\/www.afprofilters.com\/wp-content\/uploads\/2024\/08\/haute-borne-1024x320.jpg\" alt=\"\" class=\"wp-image-37119\" srcset=\"https:\/\/www.afprofilters.com\/wp-content\/uploads\/2024\/08\/haute-borne-1024x320.jpg 1024w, https:\/\/www.afprofilters.com\/wp-content\/uploads\/2024\/08\/haute-borne-300x94.jpg 300w, https:\/\/www.afprofilters.com\/wp-content\/uploads\/2024\/08\/haute-borne-768x240.jpg 768w, https:\/\/www.afprofilters.com\/wp-content\/uploads\/2024\/08\/haute-borne-1536x480.jpg 1536w, https:\/\/www.afprofilters.com\/wp-content\/uploads\/2024\/08\/haute-borne.jpg 2000w\" sizes=\"auto, (max-width: 1024px) 100vw, 1024px\" \/><\/figure>\n\n\n\n<p>Le si\u00e8ge Fran\u00e7ais est situ\u00e9 \u00e0 Villeneuve d&rsquo;Ascq, dans le parc scientifique de la <strong>Haute Borne<\/strong>.<br>Cette zone est dite <strong>HQE<\/strong>, Haute Qualit\u00e9 Environnementale, et s&rsquo;inscrit dans une d\u00e9marche de <strong>d\u00e9veloppement durable<\/strong> gr\u00e2ce \u00e0 son cadre de vie privil\u00e9giant des espaces agricoles et une densit\u00e9 de construction ma\u00eetris\u00e9e.<\/p>\n\n\n<div id=\"fg-iframe-block_a77a7a72954d62c80a68e8a1d52e15be\" class=\"fg-iframe\">\n    <iframe loading=\"lazy\" name=\"map AFPRO Villeneuve d'Ascq\" src=\"https:\/\/www.google.com\/maps\/embed?pb=!1m18!1m12!1m3!1d1320947.0058573666!2d1.387682402299746!3d49.71127951078044!2m3!1f0!2f0!3f0!3m2!1i1024!2i768!4f13.1!3m3!1m2!1s0x47c2d7b013732b89%3A0xa8e65dfccf5606da!2sAFPRO%20Filters%20SAS!5e0!3m2!1sfr!2snl!4v1724664521451!5m2!1sfr!2snl\" width=\"700\" height=\"550\" scrolling=\"auto\" style=\"border-width: 0px;\"><\/iframe><\/div>\n\n\n<h3 class=\"wp-block-heading\">Visitez nos locaux<\/h3>\n\n\n\n<p>Chez AFPRO Filters, nous croyons qu&rsquo;un environnement de travail agr\u00e9able est essentiel \u00e0 la r\u00e9ussite de nos \u00e9quipes. Parcourez notre galerie photos pour d\u00e9couvrir nos locaux conviviaux.<br>Des espaces de travail collaboratifs aux espaces de pause, nous avons tout mis en \u0153uvre pour vous offrir un cadre de travail confortable et propice \u00e0 la collaboration et \u00e0 la performance commune.<\/p>\n\n\n\n<figure class=\"wp-block-gallery has-nested-images columns-3 is-cropped wp-block-gallery-1 is-layout-flex wp-block-gallery-is-layout-flex\">\n<figure class=\"wp-block-image size-large is-style-default\"><img loading=\"lazy\" decoding=\"async\" width=\"768\" height=\"1024\" data-id=\"37265\" src=\"https:\/\/www.afprofilters.com\/wp-content\/uploads\/2024\/08\/1Entree-768x1024.jpg\" alt=\"Entr\u00e9e\" class=\"wp-image-37265\" srcset=\"https:\/\/www.afprofilters.com\/wp-content\/uploads\/2024\/08\/1Entree-768x1024.jpg 768w, https:\/\/www.afprofilters.com\/wp-content\/uploads\/2024\/08\/1Entree-225x300.jpg 225w, https:\/\/www.afprofilters.com\/wp-content\/uploads\/2024\/08\/1Entree-1152x1536.jpg 1152w, https:\/\/www.afprofilters.com\/wp-content\/uploads\/2024\/08\/1Entree-1536x2048.jpg 1536w, https:\/\/www.afprofilters.com\/wp-content\/uploads\/2024\/08\/1Entree-scaled.jpg 1920w\" sizes=\"auto, (max-width: 768px) 100vw, 768px\" \/><figcaption class=\"wp-element-caption\">Entr\u00e9e<\/figcaption><\/figure>\n\n\n\n<figure class=\"wp-block-image size-large\"><img loading=\"lazy\" decoding=\"async\" width=\"768\" height=\"1024\" data-id=\"37294\" src=\"https:\/\/www.afprofilters.com\/wp-content\/uploads\/2024\/08\/2Bureau-RDC-768x1024.jpg\" alt=\"Bureau rez-de-chauss\u00e9e\" class=\"wp-image-37294\" srcset=\"https:\/\/www.afprofilters.com\/wp-content\/uploads\/2024\/08\/2Bureau-RDC-768x1024.jpg 768w, https:\/\/www.afprofilters.com\/wp-content\/uploads\/2024\/08\/2Bureau-RDC-225x300.jpg 225w, https:\/\/www.afprofilters.com\/wp-content\/uploads\/2024\/08\/2Bureau-RDC-1152x1536.jpg 1152w, https:\/\/www.afprofilters.com\/wp-content\/uploads\/2024\/08\/2Bureau-RDC-1536x2048.jpg 1536w, https:\/\/www.afprofilters.com\/wp-content\/uploads\/2024\/08\/2Bureau-RDC-scaled.jpg 1920w\" sizes=\"auto, (max-width: 768px) 100vw, 768px\" \/><figcaption class=\"wp-element-caption\">Bureau RDC<\/figcaption><\/figure>\n\n\n\n<figure class=\"wp-block-image size-large\"><img loading=\"lazy\" decoding=\"async\" width=\"768\" height=\"1024\" data-id=\"37295\" src=\"https:\/\/www.afprofilters.com\/wp-content\/uploads\/2024\/08\/3Bureaux-RDC-2-768x1024.jpg\" alt=\"Bureaux rez-de-chauss\u00e9e\" class=\"wp-image-37295\" srcset=\"https:\/\/www.afprofilters.com\/wp-content\/uploads\/2024\/08\/3Bureaux-RDC-2-768x1024.jpg 768w, https:\/\/www.afprofilters.com\/wp-content\/uploads\/2024\/08\/3Bureaux-RDC-2-225x300.jpg 225w, https:\/\/www.afprofilters.com\/wp-content\/uploads\/2024\/08\/3Bureaux-RDC-2-1152x1536.jpg 1152w, https:\/\/www.afprofilters.com\/wp-content\/uploads\/2024\/08\/3Bureaux-RDC-2-1536x2048.jpg 1536w, https:\/\/www.afprofilters.com\/wp-content\/uploads\/2024\/08\/3Bureaux-RDC-2-scaled.jpg 1920w\" sizes=\"auto, (max-width: 768px) 100vw, 768px\" \/><figcaption class=\"wp-element-caption\">Bureaux RDC<\/figcaption><\/figure>\n\n\n\n<figure class=\"wp-block-image size-large\"><img loading=\"lazy\" decoding=\"async\" width=\"768\" height=\"1024\" data-id=\"37306\" src=\"https:\/\/www.afprofilters.com\/wp-content\/uploads\/2024\/08\/4Filtres-768x1024.jpg\" alt=\"Filtres\" class=\"wp-image-37306\" srcset=\"https:\/\/www.afprofilters.com\/wp-content\/uploads\/2024\/08\/4Filtres-768x1024.jpg 768w, https:\/\/www.afprofilters.com\/wp-content\/uploads\/2024\/08\/4Filtres-225x300.jpg 225w, https:\/\/www.afprofilters.com\/wp-content\/uploads\/2024\/08\/4Filtres-1152x1536.jpg 1152w, https:\/\/www.afprofilters.com\/wp-content\/uploads\/2024\/08\/4Filtres-1536x2048.jpg 1536w, https:\/\/www.afprofilters.com\/wp-content\/uploads\/2024\/08\/4Filtres-scaled.jpg 1920w\" sizes=\"auto, (max-width: 768px) 100vw, 768px\" \/><figcaption class=\"wp-element-caption\">Filtres AFPRO<\/figcaption><\/figure>\n\n\n\n<figure class=\"wp-block-image size-large\"><img loading=\"lazy\" decoding=\"async\" width=\"1024\" height=\"768\" data-id=\"37272\" src=\"https:\/\/www.afprofilters.com\/wp-content\/uploads\/2024\/08\/5Bureaux-RDC-3-1024x768.jpg\" alt=\"Bureaux rez-de-chauss\u00e9e\" class=\"wp-image-37272\" srcset=\"https:\/\/www.afprofilters.com\/wp-content\/uploads\/2024\/08\/5Bureaux-RDC-3-1024x768.jpg 1024w, https:\/\/www.afprofilters.com\/wp-content\/uploads\/2024\/08\/5Bureaux-RDC-3-300x225.jpg 300w, https:\/\/www.afprofilters.com\/wp-content\/uploads\/2024\/08\/5Bureaux-RDC-3-768x576.jpg 768w, https:\/\/www.afprofilters.com\/wp-content\/uploads\/2024\/08\/5Bureaux-RDC-3-1536x1152.jpg 1536w, https:\/\/www.afprofilters.com\/wp-content\/uploads\/2024\/08\/5Bureaux-RDC-3-2048x1536.jpg 2048w\" sizes=\"auto, (max-width: 1024px) 100vw, 1024px\" \/><figcaption class=\"wp-element-caption\">Bureaux RDC<\/figcaption><\/figure>\n\n\n\n<figure class=\"wp-block-image size-large\"><img loading=\"lazy\" decoding=\"async\" width=\"768\" height=\"1024\" data-id=\"37349\" src=\"https:\/\/www.afprofilters.com\/wp-content\/uploads\/2024\/08\/6Espace-pause-2-768x1024.jpg\" alt=\"Espace pause rez-de-chauss\u00e9e\" class=\"wp-image-37349\" srcset=\"https:\/\/www.afprofilters.com\/wp-content\/uploads\/2024\/08\/6Espace-pause-2-768x1024.jpg 768w, https:\/\/www.afprofilters.com\/wp-content\/uploads\/2024\/08\/6Espace-pause-2-225x300.jpg 225w, https:\/\/www.afprofilters.com\/wp-content\/uploads\/2024\/08\/6Espace-pause-2-1152x1536.jpg 1152w, https:\/\/www.afprofilters.com\/wp-content\/uploads\/2024\/08\/6Espace-pause-2-1536x2048.jpg 1536w, https:\/\/www.afprofilters.com\/wp-content\/uploads\/2024\/08\/6Espace-pause-2-scaled.jpg 1920w\" sizes=\"auto, (max-width: 768px) 100vw, 768px\" \/><figcaption class=\"wp-element-caption\">Espace pause RDC<\/figcaption><\/figure>\n\n\n\n<figure class=\"wp-block-image size-large\"><img loading=\"lazy\" decoding=\"async\" width=\"768\" height=\"1024\" data-id=\"37301\" src=\"https:\/\/www.afprofilters.com\/wp-content\/uploads\/2024\/08\/7Espace-pause-768x1024.jpg\" alt=\"Espace pause rez-de-chauss\u00e9e\" class=\"wp-image-37301\" srcset=\"https:\/\/www.afprofilters.com\/wp-content\/uploads\/2024\/08\/7Espace-pause-768x1024.jpg 768w, https:\/\/www.afprofilters.com\/wp-content\/uploads\/2024\/08\/7Espace-pause-225x300.jpg 225w, https:\/\/www.afprofilters.com\/wp-content\/uploads\/2024\/08\/7Espace-pause-1152x1536.jpg 1152w, https:\/\/www.afprofilters.com\/wp-content\/uploads\/2024\/08\/7Espace-pause-1536x2048.jpg 1536w, https:\/\/www.afprofilters.com\/wp-content\/uploads\/2024\/08\/7Espace-pause-scaled.jpg 1920w\" sizes=\"auto, (max-width: 768px) 100vw, 768px\" \/><figcaption class=\"wp-element-caption\">Espace pause RDC<\/figcaption><\/figure>\n\n\n\n<figure class=\"wp-block-image size-large\"><img loading=\"lazy\" decoding=\"async\" width=\"1024\" height=\"768\" data-id=\"37280\" src=\"https:\/\/www.afprofilters.com\/wp-content\/uploads\/2024\/08\/8Salle-de-dejeuner-1024x768.jpg\" alt=\"Salle de d\u00e9jeuner\" class=\"wp-image-37280\" srcset=\"https:\/\/www.afprofilters.com\/wp-content\/uploads\/2024\/08\/8Salle-de-dejeuner-1024x768.jpg 1024w, https:\/\/www.afprofilters.com\/wp-content\/uploads\/2024\/08\/8Salle-de-dejeuner-300x225.jpg 300w, https:\/\/www.afprofilters.com\/wp-content\/uploads\/2024\/08\/8Salle-de-dejeuner-768x576.jpg 768w, https:\/\/www.afprofilters.com\/wp-content\/uploads\/2024\/08\/8Salle-de-dejeuner-1536x1152.jpg 1536w, https:\/\/www.afprofilters.com\/wp-content\/uploads\/2024\/08\/8Salle-de-dejeuner-2048x1536.jpg 2048w\" sizes=\"auto, (max-width: 1024px) 100vw, 1024px\" \/><figcaption class=\"wp-element-caption\">Salle de d\u00e9jeuner<\/figcaption><\/figure>\n\n\n\n<figure class=\"wp-block-image size-large\"><img loading=\"lazy\" decoding=\"async\" width=\"768\" height=\"1024\" data-id=\"37315\" src=\"https:\/\/www.afprofilters.com\/wp-content\/uploads\/2024\/08\/9Couloir-etage-768x1024.jpg\" alt=\"\u00c9tage\" class=\"wp-image-37315\" srcset=\"https:\/\/www.afprofilters.com\/wp-content\/uploads\/2024\/08\/9Couloir-etage-768x1024.jpg 768w, https:\/\/www.afprofilters.com\/wp-content\/uploads\/2024\/08\/9Couloir-etage-225x300.jpg 225w, https:\/\/www.afprofilters.com\/wp-content\/uploads\/2024\/08\/9Couloir-etage-1152x1536.jpg 1152w, https:\/\/www.afprofilters.com\/wp-content\/uploads\/2024\/08\/9Couloir-etage-1536x2048.jpg 1536w, https:\/\/www.afprofilters.com\/wp-content\/uploads\/2024\/08\/9Couloir-etage-scaled.jpg 1920w\" sizes=\"auto, (max-width: 768px) 100vw, 768px\" \/><figcaption class=\"wp-element-caption\">\u00c9tage<\/figcaption><\/figure>\n\n\n\n<figure class=\"wp-block-image size-large\"><img loading=\"lazy\" decoding=\"async\" width=\"1024\" height=\"768\" data-id=\"37356\" src=\"https:\/\/www.afprofilters.com\/wp-content\/uploads\/2024\/08\/10Espace-pause-etage-1024x768.png\" alt=\"Espace pause \u00e9tage\" class=\"wp-image-37356\" srcset=\"https:\/\/www.afprofilters.com\/wp-content\/uploads\/2024\/08\/10Espace-pause-etage-1024x768.png 1024w, https:\/\/www.afprofilters.com\/wp-content\/uploads\/2024\/08\/10Espace-pause-etage-300x225.png 300w, https:\/\/www.afprofilters.com\/wp-content\/uploads\/2024\/08\/10Espace-pause-etage-768x576.png 768w, https:\/\/www.afprofilters.com\/wp-content\/uploads\/2024\/08\/10Espace-pause-etage-1536x1152.png 1536w, https:\/\/www.afprofilters.com\/wp-content\/uploads\/2024\/08\/10Espace-pause-etage.png 2048w\" sizes=\"auto, (max-width: 1024px) 100vw, 1024px\" \/><figcaption class=\"wp-element-caption\">Espace pause \u00e9tage<\/figcaption><\/figure>\n\n\n\n<figure class=\"wp-block-image size-large\"><img loading=\"lazy\" decoding=\"async\" width=\"1024\" height=\"768\" data-id=\"37299\" src=\"https:\/\/www.afprofilters.com\/wp-content\/uploads\/2024\/08\/11Bureaux-etage-1024x768.jpg\" alt=\"Bureaux \u00e9tage\" class=\"wp-image-37299\" srcset=\"https:\/\/www.afprofilters.com\/wp-content\/uploads\/2024\/08\/11Bureaux-etage-1024x768.jpg 1024w, https:\/\/www.afprofilters.com\/wp-content\/uploads\/2024\/08\/11Bureaux-etage-300x225.jpg 300w, https:\/\/www.afprofilters.com\/wp-content\/uploads\/2024\/08\/11Bureaux-etage-768x576.jpg 768w, https:\/\/www.afprofilters.com\/wp-content\/uploads\/2024\/08\/11Bureaux-etage-1536x1152.jpg 1536w, https:\/\/www.afprofilters.com\/wp-content\/uploads\/2024\/08\/11Bureaux-etage-2048x1536.jpg 2048w\" sizes=\"auto, (max-width: 1024px) 100vw, 1024px\" \/><figcaption class=\"wp-element-caption\">Bureaux \u00e9tage<\/figcaption><\/figure>\n\n\n\n<figure class=\"wp-block-image size-large\"><img loading=\"lazy\" decoding=\"async\" width=\"768\" height=\"1024\" data-id=\"37291\" src=\"https:\/\/www.afprofilters.com\/wp-content\/uploads\/2024\/08\/12Espace-reunion-768x1024.jpg\" alt=\"Espace conf\u00e9rence\" class=\"wp-image-37291\" srcset=\"https:\/\/www.afprofilters.com\/wp-content\/uploads\/2024\/08\/12Espace-reunion-768x1024.jpg 768w, https:\/\/www.afprofilters.com\/wp-content\/uploads\/2024\/08\/12Espace-reunion-225x300.jpg 225w, https:\/\/www.afprofilters.com\/wp-content\/uploads\/2024\/08\/12Espace-reunion-1152x1536.jpg 1152w, https:\/\/www.afprofilters.com\/wp-content\/uploads\/2024\/08\/12Espace-reunion-1536x2048.jpg 1536w, https:\/\/www.afprofilters.com\/wp-content\/uploads\/2024\/08\/12Espace-reunion-scaled.jpg 1920w\" sizes=\"auto, (max-width: 768px) 100vw, 768px\" \/><figcaption class=\"wp-element-caption\">Salle de conf\u00e9rence<\/figcaption><\/figure>\n\n\n\n<figure class=\"wp-block-image size-large\"><img loading=\"lazy\" decoding=\"async\" width=\"768\" height=\"1024\" data-id=\"37275\" src=\"https:\/\/www.afprofilters.com\/wp-content\/uploads\/2024\/08\/13Bureau-etage-768x1024.jpg\" alt=\"Bureau \u00e9tage\" class=\"wp-image-37275\" srcset=\"https:\/\/www.afprofilters.com\/wp-content\/uploads\/2024\/08\/13Bureau-etage-768x1024.jpg 768w, https:\/\/www.afprofilters.com\/wp-content\/uploads\/2024\/08\/13Bureau-etage-225x300.jpg 225w, https:\/\/www.afprofilters.com\/wp-content\/uploads\/2024\/08\/13Bureau-etage-1152x1536.jpg 1152w, https:\/\/www.afprofilters.com\/wp-content\/uploads\/2024\/08\/13Bureau-etage-1536x2048.jpg 1536w, https:\/\/www.afprofilters.com\/wp-content\/uploads\/2024\/08\/13Bureau-etage-scaled.jpg 1920w\" sizes=\"auto, (max-width: 768px) 100vw, 768px\" \/><figcaption class=\"wp-element-caption\">Bureau \u00e9tage<\/figcaption><\/figure>\n\n\n\n<figure class=\"wp-block-image size-large\"><img loading=\"lazy\" decoding=\"async\" width=\"768\" height=\"1024\" data-id=\"37307\" src=\"https:\/\/www.afprofilters.com\/wp-content\/uploads\/2024\/08\/14Balcon-768x1024.jpg\" alt=\"Balcon\" class=\"wp-image-37307\" srcset=\"https:\/\/www.afprofilters.com\/wp-content\/uploads\/2024\/08\/14Balcon-768x1024.jpg 768w, https:\/\/www.afprofilters.com\/wp-content\/uploads\/2024\/08\/14Balcon-225x300.jpg 225w, https:\/\/www.afprofilters.com\/wp-content\/uploads\/2024\/08\/14Balcon-1152x1536.jpg 1152w, https:\/\/www.afprofilters.com\/wp-content\/uploads\/2024\/08\/14Balcon-1536x2048.jpg 1536w, https:\/\/www.afprofilters.com\/wp-content\/uploads\/2024\/08\/14Balcon-scaled.jpg 1920w\" sizes=\"auto, (max-width: 768px) 100vw, 768px\" \/><figcaption class=\"wp-element-caption\">Balcon<\/figcaption><\/figure>\n<\/figure>\n","protected":false},"excerpt":{"rendered":"<p>D\u00e9couvrez notre cadre de travail Le si\u00e8ge Fran\u00e7ais est situ\u00e9 \u00e0 Villeneuve d&rsquo;Ascq, dans le parc scientifique de la Haute Borne.Cette zone est dite HQE, Haute Qualit\u00e9 Environnementale, et s&rsquo;inscrit dans une d\u00e9marche de d\u00e9veloppement durable gr\u00e2ce \u00e0 son cadre de vie privil\u00e9giant des espaces agricoles et une densit\u00e9 de construction ma\u00eetris\u00e9e. Visitez nos locaux [&hellip;]<\/p>\n","protected":false},"author":2,"featured_media":0,"parent":36613,"menu_order":0,"comment_status":"closed","ping_status":"closed","template":"","meta":{"_acf_changed":true,"footnotes":""},"class_list":["post-37110","page","type-page","status-publish","hentry"],"acf":[],"yoast_head":"<!-- This site is optimized with the Yoast SEO plugin v27.3 - https:\/\/yoast.com\/product\/yoast-seo-wordpress\/ -->\n<title>Nos locaux - AFPRO<\/title>\n<meta name=\"description\" content=\"D\u00e9couvrez notre cadre de travail et visitez les locaux AFPRO Filters. Parcourez notre galerie photos pour d\u00e9couvrir nos locaux conviviaux.\" \/>\n<meta name=\"robots\" content=\"index, follow, max-snippet:-1, max-image-preview:large, max-video-preview:-1\" \/>\n<link rel=\"canonical\" href=\"https:\/\/www.afprofilters.com\/fr\/rejoignez-nous\/locaux\/\" \/>\n<meta property=\"og:locale\" content=\"fr_FR\" \/>\n<meta property=\"og:type\" content=\"article\" \/>\n<meta property=\"og:title\" content=\"Nos locaux - AFPRO\" \/>\n<meta property=\"og:description\" content=\"D\u00e9couvrez notre cadre de travail et visitez les locaux AFPRO Filters. Parcourez notre galerie photos pour d\u00e9couvrir nos locaux conviviaux.\" \/>\n<meta property=\"og:url\" content=\"https:\/\/www.afprofilters.com\/fr\/rejoignez-nous\/locaux\/\" \/>\n<meta property=\"og:site_name\" content=\"AFPRO\" \/>\n<meta property=\"article:modified_time\" content=\"2024-08-26T14:17:03+00:00\" \/>\n<meta property=\"og:image\" content=\"https:\/\/www.afprofilters.com\/wp-content\/uploads\/2024\/08\/haute-borne-1024x320.jpg\" \/>\n<meta name=\"twitter:card\" content=\"summary_large_image\" \/>\n<meta name=\"twitter:label1\" content=\"Dur\u00e9e de lecture estim\u00e9e\" \/>\n\t<meta name=\"twitter:data1\" content=\"4 minutes\" \/>\n<script type=\"application\/ld+json\" class=\"yoast-schema-graph\">{\"@context\":\"https:\\\/\\\/schema.org\",\"@graph\":[{\"@type\":\"WebPage\",\"@id\":\"https:\\\/\\\/www.afprofilters.com\\\/fr\\\/rejoignez-nous\\\/locaux\\\/\",\"url\":\"https:\\\/\\\/www.afprofilters.com\\\/fr\\\/rejoignez-nous\\\/locaux\\\/\",\"name\":\"Nos locaux - AFPRO\",\"isPartOf\":{\"@id\":\"https:\\\/\\\/www.afprofilters.com\\\/fr\\\/#website\"},\"primaryImageOfPage\":{\"@id\":\"https:\\\/\\\/www.afprofilters.com\\\/fr\\\/rejoignez-nous\\\/locaux\\\/#primaryimage\"},\"image\":{\"@id\":\"https:\\\/\\\/www.afprofilters.com\\\/fr\\\/rejoignez-nous\\\/locaux\\\/#primaryimage\"},\"thumbnailUrl\":\"https:\\\/\\\/www.afprofilters.com\\\/wp-content\\\/uploads\\\/2024\\\/08\\\/haute-borne-1024x320.jpg\",\"datePublished\":\"2024-08-05T14:20:12+00:00\",\"dateModified\":\"2024-08-26T14:17:03+00:00\",\"description\":\"D\u00e9couvrez notre cadre de travail et visitez les locaux AFPRO Filters. Parcourez notre galerie photos pour d\u00e9couvrir nos locaux conviviaux.\",\"breadcrumb\":{\"@id\":\"https:\\\/\\\/www.afprofilters.com\\\/fr\\\/rejoignez-nous\\\/locaux\\\/#breadcrumb\"},\"inLanguage\":\"fr-FR\",\"potentialAction\":[{\"@type\":\"ReadAction\",\"target\":[\"https:\\\/\\\/www.afprofilters.com\\\/fr\\\/rejoignez-nous\\\/locaux\\\/\"]}]},{\"@type\":\"ImageObject\",\"inLanguage\":\"fr-FR\",\"@id\":\"https:\\\/\\\/www.afprofilters.com\\\/fr\\\/rejoignez-nous\\\/locaux\\\/#primaryimage\",\"url\":\"https:\\\/\\\/www.afprofilters.com\\\/wp-content\\\/uploads\\\/2024\\\/08\\\/haute-borne-1024x320.jpg\",\"contentUrl\":\"https:\\\/\\\/www.afprofilters.com\\\/wp-content\\\/uploads\\\/2024\\\/08\\\/haute-borne-1024x320.jpg\"},{\"@type\":\"BreadcrumbList\",\"@id\":\"https:\\\/\\\/www.afprofilters.com\\\/fr\\\/rejoignez-nous\\\/locaux\\\/#breadcrumb\",\"itemListElement\":[{\"@type\":\"ListItem\",\"position\":1,\"name\":\"\",\"item\":\"https:\\\/\\\/www.afprofilters.com\\\/fr\\\/\"},{\"@type\":\"ListItem\",\"position\":2,\"name\":\"Rejoignez-nous\",\"item\":\"https:\\\/\\\/www.afprofilters.com\\\/fr\\\/rejoignez-nous\\\/\"},{\"@type\":\"ListItem\",\"position\":3,\"name\":\"Nos locaux\"}]},{\"@type\":\"WebSite\",\"@id\":\"https:\\\/\\\/www.afprofilters.com\\\/fr\\\/#website\",\"url\":\"https:\\\/\\\/www.afprofilters.com\\\/fr\\\/\",\"name\":\"AFPRO\",\"description\":\"AFPRO Filters\",\"publisher\":{\"@id\":\"https:\\\/\\\/www.afprofilters.com\\\/fr\\\/#organization\"},\"potentialAction\":[{\"@type\":\"SearchAction\",\"target\":{\"@type\":\"EntryPoint\",\"urlTemplate\":\"https:\\\/\\\/www.afprofilters.com\\\/fr\\\/?s={search_term_string}\"},\"query-input\":{\"@type\":\"PropertyValueSpecification\",\"valueRequired\":true,\"valueName\":\"search_term_string\"}}],\"inLanguage\":\"fr-FR\"},{\"@type\":\"Organization\",\"@id\":\"https:\\\/\\\/www.afprofilters.com\\\/fr\\\/#organization\",\"name\":\"AFPRO\",\"url\":\"https:\\\/\\\/www.afprofilters.com\\\/fr\\\/\",\"logo\":{\"@type\":\"ImageObject\",\"inLanguage\":\"fr-FR\",\"@id\":\"https:\\\/\\\/www.afprofilters.com\\\/fr\\\/#\\\/schema\\\/logo\\\/image\\\/\",\"url\":\"https:\\\/\\\/www.afprofilters.com\\\/wp-content\\\/uploads\\\/2021\\\/05\\\/AFPRO-logo.png\",\"contentUrl\":\"https:\\\/\\\/www.afprofilters.com\\\/wp-content\\\/uploads\\\/2021\\\/05\\\/AFPRO-logo.png\",\"width\":640,\"height\":177,\"caption\":\"AFPRO\"},\"image\":{\"@id\":\"https:\\\/\\\/www.afprofilters.com\\\/fr\\\/#\\\/schema\\\/logo\\\/image\\\/\"}}]}<\/script>\n<!-- \/ Yoast SEO plugin. -->","yoast_head_json":{"title":"Nos locaux - AFPRO","description":"D\u00e9couvrez notre cadre de travail et visitez les locaux AFPRO Filters. Parcourez notre galerie photos pour d\u00e9couvrir nos locaux conviviaux.","robots":{"index":"index","follow":"follow","max-snippet":"max-snippet:-1","max-image-preview":"max-image-preview:large","max-video-preview":"max-video-preview:-1"},"canonical":"https:\/\/www.afprofilters.com\/fr\/rejoignez-nous\/locaux\/","og_locale":"fr_FR","og_type":"article","og_title":"Nos locaux - AFPRO","og_description":"D\u00e9couvrez notre cadre de travail et visitez les locaux AFPRO Filters. Parcourez notre galerie photos pour d\u00e9couvrir nos locaux conviviaux.","og_url":"https:\/\/www.afprofilters.com\/fr\/rejoignez-nous\/locaux\/","og_site_name":"AFPRO","article_modified_time":"2024-08-26T14:17:03+00:00","og_image":[{"url":"https:\/\/www.afprofilters.com\/wp-content\/uploads\/2024\/08\/haute-borne-1024x320.jpg","type":"","width":"","height":""}],"twitter_card":"summary_large_image","twitter_misc":{"Dur\u00e9e de lecture estim\u00e9e":"4 minutes"},"schema":{"@context":"https:\/\/schema.org","@graph":[{"@type":"WebPage","@id":"https:\/\/www.afprofilters.com\/fr\/rejoignez-nous\/locaux\/","url":"https:\/\/www.afprofilters.com\/fr\/rejoignez-nous\/locaux\/","name":"Nos locaux - AFPRO","isPartOf":{"@id":"https:\/\/www.afprofilters.com\/fr\/#website"},"primaryImageOfPage":{"@id":"https:\/\/www.afprofilters.com\/fr\/rejoignez-nous\/locaux\/#primaryimage"},"image":{"@id":"https:\/\/www.afprofilters.com\/fr\/rejoignez-nous\/locaux\/#primaryimage"},"thumbnailUrl":"https:\/\/www.afprofilters.com\/wp-content\/uploads\/2024\/08\/haute-borne-1024x320.jpg","datePublished":"2024-08-05T14:20:12+00:00","dateModified":"2024-08-26T14:17:03+00:00","description":"D\u00e9couvrez notre cadre de travail et visitez les locaux AFPRO Filters. Parcourez notre galerie photos pour d\u00e9couvrir nos locaux conviviaux.","breadcrumb":{"@id":"https:\/\/www.afprofilters.com\/fr\/rejoignez-nous\/locaux\/#breadcrumb"},"inLanguage":"fr-FR","potentialAction":[{"@type":"ReadAction","target":["https:\/\/www.afprofilters.com\/fr\/rejoignez-nous\/locaux\/"]}]},{"@type":"ImageObject","inLanguage":"fr-FR","@id":"https:\/\/www.afprofilters.com\/fr\/rejoignez-nous\/locaux\/#primaryimage","url":"https:\/\/www.afprofilters.com\/wp-content\/uploads\/2024\/08\/haute-borne-1024x320.jpg","contentUrl":"https:\/\/www.afprofilters.com\/wp-content\/uploads\/2024\/08\/haute-borne-1024x320.jpg"},{"@type":"BreadcrumbList","@id":"https:\/\/www.afprofilters.com\/fr\/rejoignez-nous\/locaux\/#breadcrumb","itemListElement":[{"@type":"ListItem","position":1,"name":"","item":"https:\/\/www.afprofilters.com\/fr\/"},{"@type":"ListItem","position":2,"name":"Rejoignez-nous","item":"https:\/\/www.afprofilters.com\/fr\/rejoignez-nous\/"},{"@type":"ListItem","position":3,"name":"Nos locaux"}]},{"@type":"WebSite","@id":"https:\/\/www.afprofilters.com\/fr\/#website","url":"https:\/\/www.afprofilters.com\/fr\/","name":"AFPRO","description":"AFPRO Filters","publisher":{"@id":"https:\/\/www.afprofilters.com\/fr\/#organization"},"potentialAction":[{"@type":"SearchAction","target":{"@type":"EntryPoint","urlTemplate":"https:\/\/www.afprofilters.com\/fr\/?s={search_term_string}"},"query-input":{"@type":"PropertyValueSpecification","valueRequired":true,"valueName":"search_term_string"}}],"inLanguage":"fr-FR"},{"@type":"Organization","@id":"https:\/\/www.afprofilters.com\/fr\/#organization","name":"AFPRO","url":"https:\/\/www.afprofilters.com\/fr\/","logo":{"@type":"ImageObject","inLanguage":"fr-FR","@id":"https:\/\/www.afprofilters.com\/fr\/#\/schema\/logo\/image\/","url":"https:\/\/www.afprofilters.com\/wp-content\/uploads\/2021\/05\/AFPRO-logo.png","contentUrl":"https:\/\/www.afprofilters.com\/wp-content\/uploads\/2021\/05\/AFPRO-logo.png","width":640,"height":177,"caption":"AFPRO"},"image":{"@id":"https:\/\/www.afprofilters.com\/fr\/#\/schema\/logo\/image\/"}}]}},"_links":{"self":[{"href":"https:\/\/www.afprofilters.com\/fr\/wp-json\/wp\/v2\/pages\/37110","targetHints":{"allow":["GET"]}}],"collection":[{"href":"https:\/\/www.afprofilters.com\/fr\/wp-json\/wp\/v2\/pages"}],"about":[{"href":"https:\/\/www.afprofilters.com\/fr\/wp-json\/wp\/v2\/types\/page"}],"author":[{"embeddable":true,"href":"https:\/\/www.afprofilters.com\/fr\/wp-json\/wp\/v2\/users\/2"}],"replies":[{"embeddable":true,"href":"https:\/\/www.afprofilters.com\/fr\/wp-json\/wp\/v2\/comments?post=37110"}],"version-history":[{"count":0,"href":"https:\/\/www.afprofilters.com\/fr\/wp-json\/wp\/v2\/pages\/37110\/revisions"}],"up":[{"embeddable":true,"href":"https:\/\/www.afprofilters.com\/fr\/wp-json\/wp\/v2\/pages\/36613"}],"wp:attachment":[{"href":"https:\/\/www.afprofilters.com\/fr\/wp-json\/wp\/v2\/media?parent=37110"}],"curies":[{"name":"wp","href":"https:\/\/api.w.org\/{rel}","templated":true}]}}