{"id":33017,"date":"2023-04-25T15:06:20","date_gmt":"2023-04-25T15:06:20","guid":{"rendered":"https:\/\/www.afprofilters.com\/?page_id=33017"},"modified":"2023-12-12T16:00:03","modified_gmt":"2023-12-12T16:00:03","slug":"normes-pour-les-filtres-tres-haute-efficacite","status":"publish","type":"page","link":"https:\/\/www.afprofilters.com\/fr\/normes-pour-les-filtres-tres-haute-efficacite\/","title":{"rendered":"Normes pour les filtres tr\u00e8s haute efficacit\u00e9"},"content":{"rendered":"<p>Les filtres \u00e0 air \u00e0 haute efficacit\u00e9 sont utilis\u00e9s dans les pi\u00e8ces o\u00f9 les exigences en mati\u00e8re de qualit\u00e9 de l\u2019air sont tr\u00e8s \u00e9lev\u00e9es. Les salles blanches, l\u2019a\u00e9ronautique, l\u2019industrie pharmaceutique, les blocs op\u00e9ratoires, les services de quarantaine et les h\u00f4pitaux en sont des exemples. L\u2019utilisation de filtres HEPA est \u00e9galement obligatoire pour le d\u00e9samiantage.<\/p>\n<h3>Classification des filtres tr\u00e8s haute efficacit\u00e9 : Focus sur la norme EN1822:2019<\/h3>\n<p>Les filtres EPA, HEPA et ULPA sont class\u00e9s en Europe, selon la norme EN1822. Il s\u2019agit de la premi\u00e8re norme \u00e0 \u00e9tablir un syst\u00e8me de classification des filtres haute efficacit\u00e9 bas\u00e9 sur la th\u00e9orie du processus de filtration.\u00a0<\/p>\n<p>La norme EN1822 d\u00e9finit 3 classes :<br \/>\u2022 Groupe E : filtres EPA (filtres \u00e0 particules efficaces | filtres \u00e0 air efficaces)<br \/>\u2022 Groupe H : filtres HEPA (filtres \u00e0 particules \u00e0 haute efficacit\u00e9 | filtres \u00e0 air \u00e0 haute efficacit\u00e9)<br \/>\u2022 Groupe U : filtres ULPA (filtres \u00e0 air \u00e0 ultra faible p\u00e9n\u00e9tration | filtres \u00e0 air \u00e0 tr\u00e8s faible p\u00e9n\u00e9tration)<\/p>\n<p>Les filtres \u00e0 air \u00e0 haute efficacit\u00e9 au moins 85% des particules les plus p\u00e9n\u00e9trantes (MPPS). En pratique, il s\u2019agit de particules d\u2019un diam\u00e8tre compris entre 0,1 et 0,3 \u03bcm. La classification indique le pourcentage de particules MPPS retenues. Elle va de &gt; 85% (classe E10) \u00e0 &gt; 99,999995% (classe U17).<\/p>\n<p>La norme EN 1822:2019 sert \u00e0 la classification des filtres HEPA et ULPA sur la base de l\u2019efficacit\u00e9 MPPS. Dans le tableau figurent des informations plus d\u00e9taill\u00e9es sur la classification europ\u00e9enne des filtres.<\/p>\n<p><img loading=\"lazy\" decoding=\"async\" class=\"alignnone  wp-image-33024\" src=\"http:\/\/www.afprofilters.com\/wp-content\/uploads\/2023\/04\/EN1822-tableau.png\" alt=\"EN1822\" width=\"469\" height=\"202\" srcset=\"https:\/\/www.afprofilters.com\/wp-content\/uploads\/2023\/04\/EN1822-tableau.png 395w, https:\/\/www.afprofilters.com\/wp-content\/uploads\/2023\/04\/EN1822-tableau-300x129.png 300w\" sizes=\"auto, (max-width: 469px) 100vw, 469px\" \/><\/p>\n<p>MPPS : Most Penetrating Particle Size = dimension particulaire la plus difficile \u00e0 arr\u00eater. Selon les filtres et les vitesses de passage d\u2019air, la MPPS se situe entre 0.1 et 0.2 \u00b5m<\/p>\n<h3>Propret\u00e9 de l\u2019air en environnements ma\u00eetris\u00e9s : Focus sur la norme ISO 14644<\/h3>\n<p>La norme ISO 14644-1:2015 classifie la propret\u00e9 de l\u2019air des salles propres, des zones propres et des dispositifs s\u00e9paratifs, tels que d\u00e9finis dans l\u2019ISO 14644, en fonction de la concentration des particules en suspension dans l\u2019air.<\/p>\n<p>Le tableau ci-contre classifie les classes ISO selon le nombre et la taille de particules.<strong><img loading=\"lazy\" decoding=\"async\" class=\"alignnone  wp-image-33031\" src=\"http:\/\/www.afprofilters.com\/wp-content\/uploads\/2023\/04\/ISO14644-tableau.png\" alt=\"ISO 14644\" width=\"469\" height=\"210\" srcset=\"https:\/\/www.afprofilters.com\/wp-content\/uploads\/2023\/04\/ISO14644-tableau.png 393w, https:\/\/www.afprofilters.com\/wp-content\/uploads\/2023\/04\/ISO14644-tableau-300x134.png 300w\" sizes=\"auto, (max-width: 469px) 100vw, 469px\" \/><\/strong><\/p>\n<p>Pour plus d\u2019informations, veuillez contacter notre \u00e9quipe de R&amp;D.<\/p>\n\n\n<div class=\"wp-block-buttons is-layout-flex wp-block-buttons-is-layout-flex\">\n<div class=\"wp-block-button\"><a class=\"wp-block-button__link wp-element-button\" href=\"https:\/\/www.afprofilters.com\/fr\/contactez-nous\/\">Contact<\/a><\/div>\n<\/div>\n","protected":false},"excerpt":{"rendered":"<p>Les filtres \u00e0 air \u00e0 haute efficacit\u00e9 sont utilis\u00e9s dans les pi\u00e8ces o\u00f9 les exigences en mati\u00e8re de qualit\u00e9 de l\u2019air sont tr\u00e8s \u00e9lev\u00e9es. Les salles blanches, l\u2019a\u00e9ronautique, l\u2019industrie pharmaceutique, les blocs op\u00e9ratoires, les services de quarantaine et les h\u00f4pitaux en sont des exemples. L\u2019utilisation de filtres HEPA est \u00e9galement obligatoire pour le d\u00e9samiantage. Classification [&hellip;]<\/p>\n","protected":false},"author":2,"featured_media":0,"parent":0,"menu_order":1,"comment_status":"closed","ping_status":"closed","template":"","meta":{"_acf_changed":false,"footnotes":""},"class_list":["post-33017","page","type-page","status-publish","hentry"],"acf":[],"yoast_head":"<!-- This site is optimized with the Yoast SEO plugin v27.3 - https:\/\/yoast.com\/product\/yoast-seo-wordpress\/ -->\n<title>Normes pour les filtres tr\u00e8s haute efficacit\u00e9 - AFPRO Filters<\/title>\n<meta name=\"description\" content=\"AFPRO vous conseil sur la classification des filtres tr\u00e8s haute efficacit\u00e9 (norme EN1822:2019) et sur la propret\u00e9 de l\u2019air en environnements ma\u00eetris\u00e9s (norme ISO 14644)\" \/>\n<meta name=\"robots\" content=\"index, follow, max-snippet:-1, max-image-preview:large, max-video-preview:-1\" \/>\n<link rel=\"canonical\" href=\"https:\/\/www.afprofilters.com\/fr\/normes-pour-les-filtres-tres-haute-efficacite\/\" \/>\n<meta property=\"og:locale\" content=\"fr_FR\" \/>\n<meta property=\"og:type\" content=\"article\" \/>\n<meta property=\"og:title\" content=\"Normes pour les filtres tr\u00e8s haute efficacit\u00e9 - AFPRO Filters\" \/>\n<meta property=\"og:description\" content=\"AFPRO vous conseil sur la classification des filtres tr\u00e8s haute efficacit\u00e9 (norme EN1822:2019) et sur la propret\u00e9 de l\u2019air en environnements ma\u00eetris\u00e9s (norme ISO 14644)\" \/>\n<meta property=\"og:url\" content=\"https:\/\/www.afprofilters.com\/fr\/normes-pour-les-filtres-tres-haute-efficacite\/\" \/>\n<meta property=\"og:site_name\" content=\"AFPRO\" \/>\n<meta property=\"article:modified_time\" content=\"2023-12-12T16:00:03+00:00\" \/>\n<meta property=\"og:image\" content=\"http:\/\/www.afprofilters.com\/wp-content\/uploads\/2023\/04\/EN1822-tableau.png\" \/>\n<meta name=\"twitter:card\" content=\"summary_large_image\" \/>\n<meta name=\"twitter:label1\" content=\"Dur\u00e9e de lecture estim\u00e9e\" \/>\n\t<meta name=\"twitter:data1\" content=\"2 minutes\" \/>\n<script type=\"application\/ld+json\" class=\"yoast-schema-graph\">{\"@context\":\"https:\\\/\\\/schema.org\",\"@graph\":[{\"@type\":\"WebPage\",\"@id\":\"https:\\\/\\\/www.afprofilters.com\\\/fr\\\/normes-pour-les-filtres-tres-haute-efficacite\\\/\",\"url\":\"https:\\\/\\\/www.afprofilters.com\\\/fr\\\/normes-pour-les-filtres-tres-haute-efficacite\\\/\",\"name\":\"Normes pour les filtres tr\u00e8s haute efficacit\u00e9 - AFPRO Filters\",\"isPartOf\":{\"@id\":\"https:\\\/\\\/www.afprofilters.com\\\/fr\\\/#website\"},\"primaryImageOfPage\":{\"@id\":\"https:\\\/\\\/www.afprofilters.com\\\/fr\\\/normes-pour-les-filtres-tres-haute-efficacite\\\/#primaryimage\"},\"image\":{\"@id\":\"https:\\\/\\\/www.afprofilters.com\\\/fr\\\/normes-pour-les-filtres-tres-haute-efficacite\\\/#primaryimage\"},\"thumbnailUrl\":\"http:\\\/\\\/www.afprofilters.com\\\/wp-content\\\/uploads\\\/2023\\\/04\\\/EN1822-tableau.png\",\"datePublished\":\"2023-04-25T15:06:20+00:00\",\"dateModified\":\"2023-12-12T16:00:03+00:00\",\"description\":\"AFPRO vous conseil sur la classification des filtres tr\u00e8s haute efficacit\u00e9 (norme EN1822:2019) et sur la propret\u00e9 de l\u2019air en environnements ma\u00eetris\u00e9s (norme ISO 14644)\",\"breadcrumb\":{\"@id\":\"https:\\\/\\\/www.afprofilters.com\\\/fr\\\/normes-pour-les-filtres-tres-haute-efficacite\\\/#breadcrumb\"},\"inLanguage\":\"fr-FR\",\"potentialAction\":[{\"@type\":\"ReadAction\",\"target\":[\"https:\\\/\\\/www.afprofilters.com\\\/fr\\\/normes-pour-les-filtres-tres-haute-efficacite\\\/\"]}]},{\"@type\":\"ImageObject\",\"inLanguage\":\"fr-FR\",\"@id\":\"https:\\\/\\\/www.afprofilters.com\\\/fr\\\/normes-pour-les-filtres-tres-haute-efficacite\\\/#primaryimage\",\"url\":\"http:\\\/\\\/www.afprofilters.com\\\/wp-content\\\/uploads\\\/2023\\\/04\\\/EN1822-tableau.png\",\"contentUrl\":\"http:\\\/\\\/www.afprofilters.com\\\/wp-content\\\/uploads\\\/2023\\\/04\\\/EN1822-tableau.png\"},{\"@type\":\"BreadcrumbList\",\"@id\":\"https:\\\/\\\/www.afprofilters.com\\\/fr\\\/normes-pour-les-filtres-tres-haute-efficacite\\\/#breadcrumb\",\"itemListElement\":[{\"@type\":\"ListItem\",\"position\":1,\"name\":\"\",\"item\":\"https:\\\/\\\/www.afprofilters.com\\\/fr\\\/\"},{\"@type\":\"ListItem\",\"position\":2,\"name\":\"Normes pour les filtres tr\u00e8s haute efficacit\u00e9\"}]},{\"@type\":\"WebSite\",\"@id\":\"https:\\\/\\\/www.afprofilters.com\\\/fr\\\/#website\",\"url\":\"https:\\\/\\\/www.afprofilters.com\\\/fr\\\/\",\"name\":\"AFPRO\",\"description\":\"AFPRO Filters\",\"publisher\":{\"@id\":\"https:\\\/\\\/www.afprofilters.com\\\/fr\\\/#organization\"},\"potentialAction\":[{\"@type\":\"SearchAction\",\"target\":{\"@type\":\"EntryPoint\",\"urlTemplate\":\"https:\\\/\\\/www.afprofilters.com\\\/fr\\\/?s={search_term_string}\"},\"query-input\":{\"@type\":\"PropertyValueSpecification\",\"valueRequired\":true,\"valueName\":\"search_term_string\"}}],\"inLanguage\":\"fr-FR\"},{\"@type\":\"Organization\",\"@id\":\"https:\\\/\\\/www.afprofilters.com\\\/fr\\\/#organization\",\"name\":\"AFPRO\",\"url\":\"https:\\\/\\\/www.afprofilters.com\\\/fr\\\/\",\"logo\":{\"@type\":\"ImageObject\",\"inLanguage\":\"fr-FR\",\"@id\":\"https:\\\/\\\/www.afprofilters.com\\\/fr\\\/#\\\/schema\\\/logo\\\/image\\\/\",\"url\":\"https:\\\/\\\/www.afprofilters.com\\\/wp-content\\\/uploads\\\/2021\\\/05\\\/AFPRO-logo.png\",\"contentUrl\":\"https:\\\/\\\/www.afprofilters.com\\\/wp-content\\\/uploads\\\/2021\\\/05\\\/AFPRO-logo.png\",\"width\":640,\"height\":177,\"caption\":\"AFPRO\"},\"image\":{\"@id\":\"https:\\\/\\\/www.afprofilters.com\\\/fr\\\/#\\\/schema\\\/logo\\\/image\\\/\"}}]}<\/script>\n<!-- \/ Yoast SEO plugin. -->","yoast_head_json":{"title":"Normes pour les filtres tr\u00e8s haute efficacit\u00e9 - AFPRO Filters","description":"AFPRO vous conseil sur la classification des filtres tr\u00e8s haute efficacit\u00e9 (norme EN1822:2019) et sur la propret\u00e9 de l\u2019air en environnements ma\u00eetris\u00e9s (norme ISO 14644)","robots":{"index":"index","follow":"follow","max-snippet":"max-snippet:-1","max-image-preview":"max-image-preview:large","max-video-preview":"max-video-preview:-1"},"canonical":"https:\/\/www.afprofilters.com\/fr\/normes-pour-les-filtres-tres-haute-efficacite\/","og_locale":"fr_FR","og_type":"article","og_title":"Normes pour les filtres tr\u00e8s haute efficacit\u00e9 - AFPRO Filters","og_description":"AFPRO vous conseil sur la classification des filtres tr\u00e8s haute efficacit\u00e9 (norme EN1822:2019) et sur la propret\u00e9 de l\u2019air en environnements ma\u00eetris\u00e9s (norme ISO 14644)","og_url":"https:\/\/www.afprofilters.com\/fr\/normes-pour-les-filtres-tres-haute-efficacite\/","og_site_name":"AFPRO","article_modified_time":"2023-12-12T16:00:03+00:00","og_image":[{"url":"http:\/\/www.afprofilters.com\/wp-content\/uploads\/2023\/04\/EN1822-tableau.png","type":"","width":"","height":""}],"twitter_card":"summary_large_image","twitter_misc":{"Dur\u00e9e de lecture estim\u00e9e":"2 minutes"},"schema":{"@context":"https:\/\/schema.org","@graph":[{"@type":"WebPage","@id":"https:\/\/www.afprofilters.com\/fr\/normes-pour-les-filtres-tres-haute-efficacite\/","url":"https:\/\/www.afprofilters.com\/fr\/normes-pour-les-filtres-tres-haute-efficacite\/","name":"Normes pour les filtres tr\u00e8s haute efficacit\u00e9 - AFPRO Filters","isPartOf":{"@id":"https:\/\/www.afprofilters.com\/fr\/#website"},"primaryImageOfPage":{"@id":"https:\/\/www.afprofilters.com\/fr\/normes-pour-les-filtres-tres-haute-efficacite\/#primaryimage"},"image":{"@id":"https:\/\/www.afprofilters.com\/fr\/normes-pour-les-filtres-tres-haute-efficacite\/#primaryimage"},"thumbnailUrl":"http:\/\/www.afprofilters.com\/wp-content\/uploads\/2023\/04\/EN1822-tableau.png","datePublished":"2023-04-25T15:06:20+00:00","dateModified":"2023-12-12T16:00:03+00:00","description":"AFPRO vous conseil sur la classification des filtres tr\u00e8s haute efficacit\u00e9 (norme EN1822:2019) et sur la propret\u00e9 de l\u2019air en environnements ma\u00eetris\u00e9s (norme ISO 14644)","breadcrumb":{"@id":"https:\/\/www.afprofilters.com\/fr\/normes-pour-les-filtres-tres-haute-efficacite\/#breadcrumb"},"inLanguage":"fr-FR","potentialAction":[{"@type":"ReadAction","target":["https:\/\/www.afprofilters.com\/fr\/normes-pour-les-filtres-tres-haute-efficacite\/"]}]},{"@type":"ImageObject","inLanguage":"fr-FR","@id":"https:\/\/www.afprofilters.com\/fr\/normes-pour-les-filtres-tres-haute-efficacite\/#primaryimage","url":"http:\/\/www.afprofilters.com\/wp-content\/uploads\/2023\/04\/EN1822-tableau.png","contentUrl":"http:\/\/www.afprofilters.com\/wp-content\/uploads\/2023\/04\/EN1822-tableau.png"},{"@type":"BreadcrumbList","@id":"https:\/\/www.afprofilters.com\/fr\/normes-pour-les-filtres-tres-haute-efficacite\/#breadcrumb","itemListElement":[{"@type":"ListItem","position":1,"name":"","item":"https:\/\/www.afprofilters.com\/fr\/"},{"@type":"ListItem","position":2,"name":"Normes pour les filtres tr\u00e8s haute efficacit\u00e9"}]},{"@type":"WebSite","@id":"https:\/\/www.afprofilters.com\/fr\/#website","url":"https:\/\/www.afprofilters.com\/fr\/","name":"AFPRO","description":"AFPRO Filters","publisher":{"@id":"https:\/\/www.afprofilters.com\/fr\/#organization"},"potentialAction":[{"@type":"SearchAction","target":{"@type":"EntryPoint","urlTemplate":"https:\/\/www.afprofilters.com\/fr\/?s={search_term_string}"},"query-input":{"@type":"PropertyValueSpecification","valueRequired":true,"valueName":"search_term_string"}}],"inLanguage":"fr-FR"},{"@type":"Organization","@id":"https:\/\/www.afprofilters.com\/fr\/#organization","name":"AFPRO","url":"https:\/\/www.afprofilters.com\/fr\/","logo":{"@type":"ImageObject","inLanguage":"fr-FR","@id":"https:\/\/www.afprofilters.com\/fr\/#\/schema\/logo\/image\/","url":"https:\/\/www.afprofilters.com\/wp-content\/uploads\/2021\/05\/AFPRO-logo.png","contentUrl":"https:\/\/www.afprofilters.com\/wp-content\/uploads\/2021\/05\/AFPRO-logo.png","width":640,"height":177,"caption":"AFPRO"},"image":{"@id":"https:\/\/www.afprofilters.com\/fr\/#\/schema\/logo\/image\/"}}]}},"_links":{"self":[{"href":"https:\/\/www.afprofilters.com\/fr\/wp-json\/wp\/v2\/pages\/33017","targetHints":{"allow":["GET"]}}],"collection":[{"href":"https:\/\/www.afprofilters.com\/fr\/wp-json\/wp\/v2\/pages"}],"about":[{"href":"https:\/\/www.afprofilters.com\/fr\/wp-json\/wp\/v2\/types\/page"}],"author":[{"embeddable":true,"href":"https:\/\/www.afprofilters.com\/fr\/wp-json\/wp\/v2\/users\/2"}],"replies":[{"embeddable":true,"href":"https:\/\/www.afprofilters.com\/fr\/wp-json\/wp\/v2\/comments?post=33017"}],"version-history":[{"count":0,"href":"https:\/\/www.afprofilters.com\/fr\/wp-json\/wp\/v2\/pages\/33017\/revisions"}],"wp:attachment":[{"href":"https:\/\/www.afprofilters.com\/fr\/wp-json\/wp\/v2\/media?parent=33017"}],"curies":[{"name":"wp","href":"https:\/\/api.w.org\/{rel}","templated":true}]}}