{"id":33003,"date":"2023-11-10T12:27:42","date_gmt":"2023-11-10T12:27:42","guid":{"rendered":"https:\/\/www.afprofilters.com\/?page_id=33003"},"modified":"2023-11-10T12:37:34","modified_gmt":"2023-11-10T12:37:34","slug":"la-norme-nf-s-90-351","status":"publish","type":"page","link":"https:\/\/www.afprofilters.com\/fr\/la-norme-nf-s-90-351\/","title":{"rendered":"La norme NF S 90-351"},"content":{"rendered":"<p>La norme NF S 90-351\u00a0guide la conception, la r\u00e9alisation, l\u2019exploitation et la maintenance des installations de traitement d\u2019air des salles propres et des environnements apparent\u00e9s en milieu hospitalier.<\/p>\n<h3><strong>CLASSEMENT PAR ZONES\u00a0<\/strong><\/h3>\n<p>Chaque salle ou zone \u00e0 prot\u00e9ger est d\u00e9termin\u00e9e par une classe de risques. Il existe quatre niveaux de risques : <br \/>&#8211; Zone \u00e0 risque 1 (risque infectieux nul) ne n\u00e9cessite qu\u2019une climatisation de confort<br \/>&#8211; Zone \u00e0 risque 2 (risque infectieux moyen) est appropri\u00e9e aux consultations externes, services de r\u00e9\u00e9ducation, maternit\u00e9s, h\u00f4pitaux de jour \u00e0 orientation infectieuse<br \/>&#8211; Zone \u00e0 risque 3 (haut risque infectieux) concerne la r\u00e9animation, les soins intensifs, chirurgie, chimioth\u00e9rapie &#8230;<br \/>&#8211; Zone \u00e0 risque 4 (tr\u00e8s haut risque infectieux) concerne les blocs op\u00e9ratoires aseptiques, canc\u00e9rologie, greffes, ophtalmologie<\/p>\n<div style=\"width: 1200px;\" class=\"wp-video\"><video class=\"wp-video-shortcode\" id=\"video-33003-1\" width=\"1200\" height=\"626\" preload=\"metadata\" controls=\"controls\"><source type=\"video\/mp4\" src=\"http:\/\/www.afprofilters.com\/wp-content\/uploads\/2023\/04\/norme-nf-1.mp4?_=1\" \/><a href=\"http:\/\/www.afprofilters.com\/wp-content\/uploads\/2023\/04\/norme-nf-1.mp4\">http:\/\/www.afprofilters.com\/wp-content\/uploads\/2023\/04\/norme-nf-1.mp4<\/a><\/video><\/div>\n<p>Pour plus d\u2019informations, veuillez contacter notre \u00e9quipe de R&amp;D<\/p>\n\n\n<div class=\"wp-block-buttons is-layout-flex wp-block-buttons-is-layout-flex\">\n<div class=\"wp-block-button\"><a class=\"wp-block-button__link wp-element-button\" href=\"https:\/\/www.afprofilters.com\/fr\/contactez-nous\/\">Contact<\/a><\/div>\n<\/div>\n","protected":false},"excerpt":{"rendered":"<p>La norme NF S 90-351\u00a0guide la conception, la r\u00e9alisation, l\u2019exploitation et la maintenance des installations de traitement d\u2019air des salles propres et des environnements apparent\u00e9s en milieu hospitalier. CLASSEMENT PAR ZONES\u00a0 Chaque salle ou zone \u00e0 prot\u00e9ger est d\u00e9termin\u00e9e par une classe de risques. Il existe quatre niveaux de risques : &#8211; Zone \u00e0 risque [&hellip;]<\/p>\n","protected":false},"author":2,"featured_media":0,"parent":0,"menu_order":0,"comment_status":"closed","ping_status":"closed","template":"","meta":{"_acf_changed":false,"footnotes":""},"class_list":["post-33003","page","type-page","status-publish","hentry"],"acf":[],"yoast_head":"<!-- This site is optimized with the Yoast SEO plugin v27.3 - https:\/\/yoast.com\/product\/yoast-seo-wordpress\/ -->\n<title>La norme NF S 90-351 - AFPRO Filters<\/title>\n<meta name=\"description\" content=\"La norme NF S 90-351\u00a0guide la conception, r\u00e9alisation, exploitation et maintenance des installations de traitement d\u2019air des salles propres.\" \/>\n<meta name=\"robots\" content=\"index, follow, max-snippet:-1, max-image-preview:large, max-video-preview:-1\" \/>\n<link rel=\"canonical\" href=\"https:\/\/www.afprofilters.com\/fr\/la-norme-nf-s-90-351\/\" \/>\n<meta property=\"og:locale\" content=\"fr_FR\" \/>\n<meta property=\"og:type\" content=\"article\" \/>\n<meta property=\"og:title\" content=\"La norme NF S 90-351 - AFPRO Filters\" \/>\n<meta property=\"og:description\" content=\"La norme NF S 90-351\u00a0guide la conception, r\u00e9alisation, exploitation et maintenance des installations de traitement d\u2019air des salles propres.\" \/>\n<meta property=\"og:url\" content=\"https:\/\/www.afprofilters.com\/fr\/la-norme-nf-s-90-351\/\" \/>\n<meta property=\"og:site_name\" content=\"AFPRO\" \/>\n<meta property=\"article:modified_time\" content=\"2023-11-10T12:37:34+00:00\" \/>\n<meta name=\"twitter:card\" content=\"summary_large_image\" \/>\n<meta name=\"twitter:label1\" content=\"Dur\u00e9e de lecture estim\u00e9e\" \/>\n\t<meta name=\"twitter:data1\" content=\"1 minute\" \/>\n<script type=\"application\/ld+json\" class=\"yoast-schema-graph\">{\"@context\":\"https:\\\/\\\/schema.org\",\"@graph\":[{\"@type\":\"WebPage\",\"@id\":\"https:\\\/\\\/www.afprofilters.com\\\/fr\\\/la-norme-nf-s-90-351\\\/\",\"url\":\"https:\\\/\\\/www.afprofilters.com\\\/fr\\\/la-norme-nf-s-90-351\\\/\",\"name\":\"La norme NF S 90-351 - AFPRO Filters\",\"isPartOf\":{\"@id\":\"https:\\\/\\\/www.afprofilters.com\\\/fr\\\/#website\"},\"datePublished\":\"2023-11-10T12:27:42+00:00\",\"dateModified\":\"2023-11-10T12:37:34+00:00\",\"description\":\"La norme NF S 90-351\u00a0guide la conception, r\u00e9alisation, exploitation et maintenance des installations de traitement d\u2019air des salles propres.\",\"breadcrumb\":{\"@id\":\"https:\\\/\\\/www.afprofilters.com\\\/fr\\\/la-norme-nf-s-90-351\\\/#breadcrumb\"},\"inLanguage\":\"fr-FR\",\"potentialAction\":[{\"@type\":\"ReadAction\",\"target\":[\"https:\\\/\\\/www.afprofilters.com\\\/fr\\\/la-norme-nf-s-90-351\\\/\"]}]},{\"@type\":\"BreadcrumbList\",\"@id\":\"https:\\\/\\\/www.afprofilters.com\\\/fr\\\/la-norme-nf-s-90-351\\\/#breadcrumb\",\"itemListElement\":[{\"@type\":\"ListItem\",\"position\":1,\"name\":\"\",\"item\":\"https:\\\/\\\/www.afprofilters.com\\\/fr\\\/\"},{\"@type\":\"ListItem\",\"position\":2,\"name\":\"La norme NF S 90-351\"}]},{\"@type\":\"WebSite\",\"@id\":\"https:\\\/\\\/www.afprofilters.com\\\/fr\\\/#website\",\"url\":\"https:\\\/\\\/www.afprofilters.com\\\/fr\\\/\",\"name\":\"AFPRO\",\"description\":\"AFPRO Filters\",\"publisher\":{\"@id\":\"https:\\\/\\\/www.afprofilters.com\\\/fr\\\/#organization\"},\"potentialAction\":[{\"@type\":\"SearchAction\",\"target\":{\"@type\":\"EntryPoint\",\"urlTemplate\":\"https:\\\/\\\/www.afprofilters.com\\\/fr\\\/?s={search_term_string}\"},\"query-input\":{\"@type\":\"PropertyValueSpecification\",\"valueRequired\":true,\"valueName\":\"search_term_string\"}}],\"inLanguage\":\"fr-FR\"},{\"@type\":\"Organization\",\"@id\":\"https:\\\/\\\/www.afprofilters.com\\\/fr\\\/#organization\",\"name\":\"AFPRO\",\"url\":\"https:\\\/\\\/www.afprofilters.com\\\/fr\\\/\",\"logo\":{\"@type\":\"ImageObject\",\"inLanguage\":\"fr-FR\",\"@id\":\"https:\\\/\\\/www.afprofilters.com\\\/fr\\\/#\\\/schema\\\/logo\\\/image\\\/\",\"url\":\"https:\\\/\\\/www.afprofilters.com\\\/wp-content\\\/uploads\\\/2021\\\/05\\\/AFPRO-logo.png\",\"contentUrl\":\"https:\\\/\\\/www.afprofilters.com\\\/wp-content\\\/uploads\\\/2021\\\/05\\\/AFPRO-logo.png\",\"width\":640,\"height\":177,\"caption\":\"AFPRO\"},\"image\":{\"@id\":\"https:\\\/\\\/www.afprofilters.com\\\/fr\\\/#\\\/schema\\\/logo\\\/image\\\/\"}}]}<\/script>\n<!-- \/ Yoast SEO plugin. -->","yoast_head_json":{"title":"La norme NF S 90-351 - AFPRO Filters","description":"La norme NF S 90-351\u00a0guide la conception, r\u00e9alisation, exploitation et maintenance des installations de traitement d\u2019air des salles propres.","robots":{"index":"index","follow":"follow","max-snippet":"max-snippet:-1","max-image-preview":"max-image-preview:large","max-video-preview":"max-video-preview:-1"},"canonical":"https:\/\/www.afprofilters.com\/fr\/la-norme-nf-s-90-351\/","og_locale":"fr_FR","og_type":"article","og_title":"La norme NF S 90-351 - AFPRO Filters","og_description":"La norme NF S 90-351\u00a0guide la conception, r\u00e9alisation, exploitation et maintenance des installations de traitement d\u2019air des salles propres.","og_url":"https:\/\/www.afprofilters.com\/fr\/la-norme-nf-s-90-351\/","og_site_name":"AFPRO","article_modified_time":"2023-11-10T12:37:34+00:00","twitter_card":"summary_large_image","twitter_misc":{"Dur\u00e9e de lecture estim\u00e9e":"1 minute"},"schema":{"@context":"https:\/\/schema.org","@graph":[{"@type":"WebPage","@id":"https:\/\/www.afprofilters.com\/fr\/la-norme-nf-s-90-351\/","url":"https:\/\/www.afprofilters.com\/fr\/la-norme-nf-s-90-351\/","name":"La norme NF S 90-351 - AFPRO Filters","isPartOf":{"@id":"https:\/\/www.afprofilters.com\/fr\/#website"},"datePublished":"2023-11-10T12:27:42+00:00","dateModified":"2023-11-10T12:37:34+00:00","description":"La norme NF S 90-351\u00a0guide la conception, r\u00e9alisation, exploitation et maintenance des installations de traitement d\u2019air des salles propres.","breadcrumb":{"@id":"https:\/\/www.afprofilters.com\/fr\/la-norme-nf-s-90-351\/#breadcrumb"},"inLanguage":"fr-FR","potentialAction":[{"@type":"ReadAction","target":["https:\/\/www.afprofilters.com\/fr\/la-norme-nf-s-90-351\/"]}]},{"@type":"BreadcrumbList","@id":"https:\/\/www.afprofilters.com\/fr\/la-norme-nf-s-90-351\/#breadcrumb","itemListElement":[{"@type":"ListItem","position":1,"name":"","item":"https:\/\/www.afprofilters.com\/fr\/"},{"@type":"ListItem","position":2,"name":"La norme NF S 90-351"}]},{"@type":"WebSite","@id":"https:\/\/www.afprofilters.com\/fr\/#website","url":"https:\/\/www.afprofilters.com\/fr\/","name":"AFPRO","description":"AFPRO Filters","publisher":{"@id":"https:\/\/www.afprofilters.com\/fr\/#organization"},"potentialAction":[{"@type":"SearchAction","target":{"@type":"EntryPoint","urlTemplate":"https:\/\/www.afprofilters.com\/fr\/?s={search_term_string}"},"query-input":{"@type":"PropertyValueSpecification","valueRequired":true,"valueName":"search_term_string"}}],"inLanguage":"fr-FR"},{"@type":"Organization","@id":"https:\/\/www.afprofilters.com\/fr\/#organization","name":"AFPRO","url":"https:\/\/www.afprofilters.com\/fr\/","logo":{"@type":"ImageObject","inLanguage":"fr-FR","@id":"https:\/\/www.afprofilters.com\/fr\/#\/schema\/logo\/image\/","url":"https:\/\/www.afprofilters.com\/wp-content\/uploads\/2021\/05\/AFPRO-logo.png","contentUrl":"https:\/\/www.afprofilters.com\/wp-content\/uploads\/2021\/05\/AFPRO-logo.png","width":640,"height":177,"caption":"AFPRO"},"image":{"@id":"https:\/\/www.afprofilters.com\/fr\/#\/schema\/logo\/image\/"}}]}},"_links":{"self":[{"href":"https:\/\/www.afprofilters.com\/fr\/wp-json\/wp\/v2\/pages\/33003","targetHints":{"allow":["GET"]}}],"collection":[{"href":"https:\/\/www.afprofilters.com\/fr\/wp-json\/wp\/v2\/pages"}],"about":[{"href":"https:\/\/www.afprofilters.com\/fr\/wp-json\/wp\/v2\/types\/page"}],"author":[{"embeddable":true,"href":"https:\/\/www.afprofilters.com\/fr\/wp-json\/wp\/v2\/users\/2"}],"replies":[{"embeddable":true,"href":"https:\/\/www.afprofilters.com\/fr\/wp-json\/wp\/v2\/comments?post=33003"}],"version-history":[{"count":0,"href":"https:\/\/www.afprofilters.com\/fr\/wp-json\/wp\/v2\/pages\/33003\/revisions"}],"wp:attachment":[{"href":"https:\/\/www.afprofilters.com\/fr\/wp-json\/wp\/v2\/media?parent=33003"}],"curies":[{"name":"wp","href":"https:\/\/api.w.org\/{rel}","templated":true}]}}