{"id":1493,"date":"2016-09-07T13:26:02","date_gmt":"2016-09-07T13:26:02","guid":{"rendered":"https:\/\/www.afprofilters.com\/?page_id=1493&#038;lang=fr"},"modified":"2017-10-03T08:11:50","modified_gmt":"2017-10-03T08:11:50","slug":"reduire-les-couts","status":"publish","type":"page","link":"https:\/\/www.afprofilters.com\/fr\/reduire-les-couts\/","title":{"rendered":"R\u00e9duire les co\u00fbts \u00e9nerg\u00e9tiques avec AFPRO Filters"},"content":{"rendered":"<p>AFPRO Filters vous aide \u00e0 <strong>r\u00e9duire votre consommation d\u2019\u00e9nergie<\/strong> et \u00e0 \u00e9conomiser de l\u2019argent gr\u00e2ce \u00e0 ses filtres \u00e0 air \u00e0 faible consommation energetique . Comment ces filtres fonctionnent &#8211; ils ? Laissez vous guider par cette courte vid\u00e9o!<\/p>\n<p><iframe loading=\"lazy\" title=\"AFPRO Filters Diminuer les frais d\u2019e\u0301nergie avec des filtres d\u2019air de haute qualite\u0301 animation FR\" width=\"500\" height=\"281\" src=\"https:\/\/www.youtube.com\/embed\/r6_-H9culvg?feature=oembed\" frameborder=\"0\" allow=\"accelerometer; autoplay; clipboard-write; encrypted-media; gyroscope; picture-in-picture; web-share\" referrerpolicy=\"strict-origin-when-cross-origin\" allowfullscreen><\/iframe><\/p>\n<p>Vous souhaitez en savoir plus sur les economies d&rsquo;energie ? Cette infographie vous explique simplement comment\u00a0<strong>r\u00e9duire<\/strong> votre consommation \u00e9nerg\u00e9tique gr\u00e2ce \u00e0 nos <a href=\"http:\/\/genieclimatique.fr\/Actualites\/Entreprises-et-marches\/Fiche\/5918\/Nouveaux-filtres-a-air-labellises-A+-chez-Afpro-Filters\">filtres \u00e0 air A+ labellis\u00e9s Eurovent\u00a0<\/a>!<\/p>\n<p><img loading=\"lazy\" decoding=\"async\" class=\"alignnone size-large wp-image-6985\" src=\"http:\/\/www.afprofilters.com\/wp-content\/uploads\/2016\/09\/0001-1-1024x724.jpg\" alt=\"diminuez votre consommation energetique grace a la filtration d'air\" width=\"1024\" height=\"724\" \/><\/p>\n<p>Pour des informations compl\u00e9mentaires, n&rsquo;h\u00e9sitez pas \u00e0\u00a0<a href=\"http:\/\/www.afprofilters.fr\/location\/france-siege-lille\/\">nous contacter <\/a>au 09 71 16 12 50 ou \u00e0 l&rsquo;adresse mail <a href=\"mailto:ventes@afprofilters.com\">ventes@afprofilters.com<\/a><\/p>\n","protected":false},"excerpt":{"rendered":"<p>AFPRO Filters vous aide \u00e0 r\u00e9duire votre consommation d\u2019\u00e9nergie et \u00e0 \u00e9conomiser de l\u2019argent gr\u00e2ce \u00e0 ses filtres \u00e0 air \u00e0 faible consommation energetique . Comment ces filtres fonctionnent &#8211; ils ? Laissez vous guider par cette courte vid\u00e9o! Vous souhaitez en savoir plus sur les economies d&rsquo;energie ? Cette infographie vous explique simplement comment\u00a0r\u00e9duire [&hellip;]<\/p>\n","protected":false},"author":2,"featured_media":0,"parent":0,"menu_order":0,"comment_status":"closed","ping_status":"closed","template":"","meta":{"_acf_changed":false,"footnotes":""},"class_list":["post-1493","page","type-page","status-publish","hentry"],"acf":[],"yoast_head":"<!-- This site is optimized with the Yoast SEO plugin v27.3 - https:\/\/yoast.com\/product\/yoast-seo-wordpress\/ -->\n<title>R\u00e9duire les co\u00fbts \u00e9nerg\u00e9tiques avec AFPRO Filters<\/title>\n<meta name=\"description\" content=\"AFPRO Filters vous aide \u00e0 r\u00e9duire votre consommation d\u2019\u00e9nergie et \u00e0 \u00e9conomiser de l\u2019argent gr\u00e2ce \u00e0 ses filtres \u00e0 air \u00e0 faible consommation d\u2019\u00e9nergie.\" \/>\n<meta name=\"robots\" content=\"index, follow, max-snippet:-1, max-image-preview:large, max-video-preview:-1\" \/>\n<link rel=\"canonical\" href=\"https:\/\/www.afprofilters.com\/fr\/reduire-les-couts\/\" \/>\n<meta property=\"og:locale\" content=\"fr_FR\" \/>\n<meta property=\"og:type\" content=\"article\" \/>\n<meta property=\"og:title\" content=\"R\u00e9duire les co\u00fbts \u00e9nerg\u00e9tiques avec AFPRO Filters\" \/>\n<meta property=\"og:description\" content=\"AFPRO Filters vous aide \u00e0 r\u00e9duire votre consommation d\u2019\u00e9nergie et \u00e0 \u00e9conomiser de l\u2019argent gr\u00e2ce \u00e0 ses filtres \u00e0 air \u00e0 faible consommation d\u2019\u00e9nergie.\" \/>\n<meta property=\"og:url\" content=\"https:\/\/www.afprofilters.com\/fr\/reduire-les-couts\/\" \/>\n<meta property=\"og:site_name\" content=\"AFPRO\" \/>\n<meta property=\"article:modified_time\" content=\"2017-10-03T08:11:50+00:00\" \/>\n<meta property=\"og:image\" content=\"http:\/\/www.afprofilters.com\/wp-content\/uploads\/2016\/09\/0001-1-1024x724.jpg\" \/>\n<meta name=\"twitter:card\" content=\"summary_large_image\" \/>\n<script type=\"application\/ld+json\" class=\"yoast-schema-graph\">{\"@context\":\"https:\\\/\\\/schema.org\",\"@graph\":[{\"@type\":\"WebPage\",\"@id\":\"https:\\\/\\\/www.afprofilters.com\\\/fr\\\/reduire-les-couts\\\/\",\"url\":\"https:\\\/\\\/www.afprofilters.com\\\/fr\\\/reduire-les-couts\\\/\",\"name\":\"R\u00e9duire les co\u00fbts \u00e9nerg\u00e9tiques avec AFPRO Filters\",\"isPartOf\":{\"@id\":\"https:\\\/\\\/www.afprofilters.com\\\/fr\\\/#website\"},\"primaryImageOfPage\":{\"@id\":\"https:\\\/\\\/www.afprofilters.com\\\/fr\\\/reduire-les-couts\\\/#primaryimage\"},\"image\":{\"@id\":\"https:\\\/\\\/www.afprofilters.com\\\/fr\\\/reduire-les-couts\\\/#primaryimage\"},\"thumbnailUrl\":\"http:\\\/\\\/www.afprofilters.com\\\/wp-content\\\/uploads\\\/2016\\\/09\\\/0001-1-1024x724.jpg\",\"datePublished\":\"2016-09-07T13:26:02+00:00\",\"dateModified\":\"2017-10-03T08:11:50+00:00\",\"description\":\"AFPRO Filters vous aide \u00e0 r\u00e9duire votre consommation d\u2019\u00e9nergie et \u00e0 \u00e9conomiser de l\u2019argent gr\u00e2ce \u00e0 ses filtres \u00e0 air \u00e0 faible consommation d\u2019\u00e9nergie.\",\"breadcrumb\":{\"@id\":\"https:\\\/\\\/www.afprofilters.com\\\/fr\\\/reduire-les-couts\\\/#breadcrumb\"},\"inLanguage\":\"fr-FR\",\"potentialAction\":[{\"@type\":\"ReadAction\",\"target\":[\"https:\\\/\\\/www.afprofilters.com\\\/fr\\\/reduire-les-couts\\\/\"]}]},{\"@type\":\"ImageObject\",\"inLanguage\":\"fr-FR\",\"@id\":\"https:\\\/\\\/www.afprofilters.com\\\/fr\\\/reduire-les-couts\\\/#primaryimage\",\"url\":\"http:\\\/\\\/www.afprofilters.com\\\/wp-content\\\/uploads\\\/2016\\\/09\\\/0001-1-1024x724.jpg\",\"contentUrl\":\"http:\\\/\\\/www.afprofilters.com\\\/wp-content\\\/uploads\\\/2016\\\/09\\\/0001-1-1024x724.jpg\"},{\"@type\":\"BreadcrumbList\",\"@id\":\"https:\\\/\\\/www.afprofilters.com\\\/fr\\\/reduire-les-couts\\\/#breadcrumb\",\"itemListElement\":[{\"@type\":\"ListItem\",\"position\":1,\"name\":\"\",\"item\":\"https:\\\/\\\/www.afprofilters.com\\\/fr\\\/\"},{\"@type\":\"ListItem\",\"position\":2,\"name\":\"R\u00e9duire les co\u00fbts \u00e9nerg\u00e9tiques avec AFPRO Filters\"}]},{\"@type\":\"WebSite\",\"@id\":\"https:\\\/\\\/www.afprofilters.com\\\/fr\\\/#website\",\"url\":\"https:\\\/\\\/www.afprofilters.com\\\/fr\\\/\",\"name\":\"AFPRO\",\"description\":\"AFPRO Filters\",\"publisher\":{\"@id\":\"https:\\\/\\\/www.afprofilters.com\\\/fr\\\/#organization\"},\"potentialAction\":[{\"@type\":\"SearchAction\",\"target\":{\"@type\":\"EntryPoint\",\"urlTemplate\":\"https:\\\/\\\/www.afprofilters.com\\\/fr\\\/?s={search_term_string}\"},\"query-input\":{\"@type\":\"PropertyValueSpecification\",\"valueRequired\":true,\"valueName\":\"search_term_string\"}}],\"inLanguage\":\"fr-FR\"},{\"@type\":\"Organization\",\"@id\":\"https:\\\/\\\/www.afprofilters.com\\\/fr\\\/#organization\",\"name\":\"AFPRO\",\"url\":\"https:\\\/\\\/www.afprofilters.com\\\/fr\\\/\",\"logo\":{\"@type\":\"ImageObject\",\"inLanguage\":\"fr-FR\",\"@id\":\"https:\\\/\\\/www.afprofilters.com\\\/fr\\\/#\\\/schema\\\/logo\\\/image\\\/\",\"url\":\"https:\\\/\\\/www.afprofilters.com\\\/wp-content\\\/uploads\\\/2021\\\/05\\\/AFPRO-logo.png\",\"contentUrl\":\"https:\\\/\\\/www.afprofilters.com\\\/wp-content\\\/uploads\\\/2021\\\/05\\\/AFPRO-logo.png\",\"width\":640,\"height\":177,\"caption\":\"AFPRO\"},\"image\":{\"@id\":\"https:\\\/\\\/www.afprofilters.com\\\/fr\\\/#\\\/schema\\\/logo\\\/image\\\/\"}}]}<\/script>\n<!-- \/ Yoast SEO plugin. -->","yoast_head_json":{"title":"R\u00e9duire les co\u00fbts \u00e9nerg\u00e9tiques avec AFPRO Filters","description":"AFPRO Filters vous aide \u00e0 r\u00e9duire votre consommation d\u2019\u00e9nergie et \u00e0 \u00e9conomiser de l\u2019argent gr\u00e2ce \u00e0 ses filtres \u00e0 air \u00e0 faible consommation d\u2019\u00e9nergie.","robots":{"index":"index","follow":"follow","max-snippet":"max-snippet:-1","max-image-preview":"max-image-preview:large","max-video-preview":"max-video-preview:-1"},"canonical":"https:\/\/www.afprofilters.com\/fr\/reduire-les-couts\/","og_locale":"fr_FR","og_type":"article","og_title":"R\u00e9duire les co\u00fbts \u00e9nerg\u00e9tiques avec AFPRO Filters","og_description":"AFPRO Filters vous aide \u00e0 r\u00e9duire votre consommation d\u2019\u00e9nergie et \u00e0 \u00e9conomiser de l\u2019argent gr\u00e2ce \u00e0 ses filtres \u00e0 air \u00e0 faible consommation d\u2019\u00e9nergie.","og_url":"https:\/\/www.afprofilters.com\/fr\/reduire-les-couts\/","og_site_name":"AFPRO","article_modified_time":"2017-10-03T08:11:50+00:00","og_image":[{"url":"http:\/\/www.afprofilters.com\/wp-content\/uploads\/2016\/09\/0001-1-1024x724.jpg","type":"","width":"","height":""}],"twitter_card":"summary_large_image","schema":{"@context":"https:\/\/schema.org","@graph":[{"@type":"WebPage","@id":"https:\/\/www.afprofilters.com\/fr\/reduire-les-couts\/","url":"https:\/\/www.afprofilters.com\/fr\/reduire-les-couts\/","name":"R\u00e9duire les co\u00fbts \u00e9nerg\u00e9tiques avec AFPRO Filters","isPartOf":{"@id":"https:\/\/www.afprofilters.com\/fr\/#website"},"primaryImageOfPage":{"@id":"https:\/\/www.afprofilters.com\/fr\/reduire-les-couts\/#primaryimage"},"image":{"@id":"https:\/\/www.afprofilters.com\/fr\/reduire-les-couts\/#primaryimage"},"thumbnailUrl":"http:\/\/www.afprofilters.com\/wp-content\/uploads\/2016\/09\/0001-1-1024x724.jpg","datePublished":"2016-09-07T13:26:02+00:00","dateModified":"2017-10-03T08:11:50+00:00","description":"AFPRO Filters vous aide \u00e0 r\u00e9duire votre consommation d\u2019\u00e9nergie et \u00e0 \u00e9conomiser de l\u2019argent gr\u00e2ce \u00e0 ses filtres \u00e0 air \u00e0 faible consommation d\u2019\u00e9nergie.","breadcrumb":{"@id":"https:\/\/www.afprofilters.com\/fr\/reduire-les-couts\/#breadcrumb"},"inLanguage":"fr-FR","potentialAction":[{"@type":"ReadAction","target":["https:\/\/www.afprofilters.com\/fr\/reduire-les-couts\/"]}]},{"@type":"ImageObject","inLanguage":"fr-FR","@id":"https:\/\/www.afprofilters.com\/fr\/reduire-les-couts\/#primaryimage","url":"http:\/\/www.afprofilters.com\/wp-content\/uploads\/2016\/09\/0001-1-1024x724.jpg","contentUrl":"http:\/\/www.afprofilters.com\/wp-content\/uploads\/2016\/09\/0001-1-1024x724.jpg"},{"@type":"BreadcrumbList","@id":"https:\/\/www.afprofilters.com\/fr\/reduire-les-couts\/#breadcrumb","itemListElement":[{"@type":"ListItem","position":1,"name":"","item":"https:\/\/www.afprofilters.com\/fr\/"},{"@type":"ListItem","position":2,"name":"R\u00e9duire les co\u00fbts \u00e9nerg\u00e9tiques avec AFPRO Filters"}]},{"@type":"WebSite","@id":"https:\/\/www.afprofilters.com\/fr\/#website","url":"https:\/\/www.afprofilters.com\/fr\/","name":"AFPRO","description":"AFPRO Filters","publisher":{"@id":"https:\/\/www.afprofilters.com\/fr\/#organization"},"potentialAction":[{"@type":"SearchAction","target":{"@type":"EntryPoint","urlTemplate":"https:\/\/www.afprofilters.com\/fr\/?s={search_term_string}"},"query-input":{"@type":"PropertyValueSpecification","valueRequired":true,"valueName":"search_term_string"}}],"inLanguage":"fr-FR"},{"@type":"Organization","@id":"https:\/\/www.afprofilters.com\/fr\/#organization","name":"AFPRO","url":"https:\/\/www.afprofilters.com\/fr\/","logo":{"@type":"ImageObject","inLanguage":"fr-FR","@id":"https:\/\/www.afprofilters.com\/fr\/#\/schema\/logo\/image\/","url":"https:\/\/www.afprofilters.com\/wp-content\/uploads\/2021\/05\/AFPRO-logo.png","contentUrl":"https:\/\/www.afprofilters.com\/wp-content\/uploads\/2021\/05\/AFPRO-logo.png","width":640,"height":177,"caption":"AFPRO"},"image":{"@id":"https:\/\/www.afprofilters.com\/fr\/#\/schema\/logo\/image\/"}}]}},"_links":{"self":[{"href":"https:\/\/www.afprofilters.com\/fr\/wp-json\/wp\/v2\/pages\/1493","targetHints":{"allow":["GET"]}}],"collection":[{"href":"https:\/\/www.afprofilters.com\/fr\/wp-json\/wp\/v2\/pages"}],"about":[{"href":"https:\/\/www.afprofilters.com\/fr\/wp-json\/wp\/v2\/types\/page"}],"author":[{"embeddable":true,"href":"https:\/\/www.afprofilters.com\/fr\/wp-json\/wp\/v2\/users\/2"}],"replies":[{"embeddable":true,"href":"https:\/\/www.afprofilters.com\/fr\/wp-json\/wp\/v2\/comments?post=1493"}],"version-history":[{"count":0,"href":"https:\/\/www.afprofilters.com\/fr\/wp-json\/wp\/v2\/pages\/1493\/revisions"}],"wp:attachment":[{"href":"https:\/\/www.afprofilters.com\/fr\/wp-json\/wp\/v2\/media?parent=1493"}],"curies":[{"name":"wp","href":"https:\/\/api.w.org\/{rel}","templated":true}]}}