{"id":14604,"date":"2019-07-09T11:52:36","date_gmt":"2019-07-09T11:52:36","guid":{"rendered":"http:\/\/rcmrfan.cluster024.hosting.ovh.net\/?page_id=14604"},"modified":"2019-07-09T11:52:36","modified_gmt":"2019-07-09T11:52:36","slug":"politique-de-confidentialite","status":"publish","type":"page","link":"https:\/\/www.afprofilters.com\/fr\/politique-de-confidentialite\/","title":{"rendered":"Politique de confidentialit\u00e9"},"content":{"rendered":"<p><u>I.\u00a0\u00a0\u00a0\u00a0\u00a0\u00a0 G\u00e9n\u00e9ralit\u00e9s<\/u><\/p>\n<p>Tout le monde a le droit de respirer un air propre. Un air propre fourni par exemple par nos filtres. C\u2019est pourquoi notre mission est d\u2019assurer un milieu de vie sain pour tous. D\u2019autre part, nous pensons qu\u2019il est tout aussi important de contribuer \u00e0 votre s\u00e9curit\u00e9 en ligne et, de ce fait, veillons \u00e0 respecter scrupuleusement le cadre juridique et r\u00e8glementaire en mati\u00e8re de confidentialit\u00e9.<\/p>\n<p>Afpro Filters prot\u00e8ge vos donn\u00e9es \u00e0 caract\u00e8re personnel et veille \u00e0 ce que les informations personnelles qui nous sont fournies ou que nous obtenons autrement soient trait\u00e9es de fa\u00e7on confidentielle. Par donn\u00e9e \u00e0 caract\u00e8re personnel, nous entendons toute information relative \u00e0 une personne physique. M\u00eame les donn\u00e9es qui disent quelque chose indirectement sur une personne sont des donn\u00e9es \u00e0 caract\u00e8re personnel. La pr\u00e9sente politique de confidentialit\u00e9 met en \u0153uvre l\u2019obligation, pr\u00e9vue par le R\u00e8glement g\u00e9n\u00e9ral sur la protection des donn\u00e9es \u00e0 caract\u00e8re personnel (RGPD), d\u2019informer les personnes dont les donn\u00e9es \u00e0 caract\u00e8re personnel sont trait\u00e9es par Afpro Filters.<\/p>\n<p>&nbsp;<\/p>\n<p><u>II. \u00a0 \u00a0 \u00a0 Responsable du traitement et communication<\/u><\/p>\n<p>Nous veillons \u00e0 ce que les donn\u00e9es \u00e0 caract\u00e8re personnel que vous nous communiquez lorsque vous commandez un produit chez Afpro Filters ainsi que les donn\u00e9es que nous collectons nous-m\u00eame \u00e0 votre sujet (comme par exemple le nombre de fois que vous consultez notre site Web) soient en s\u00e9curit\u00e9 chez nous. La pr\u00e9sente politique de confidentialit\u00e9 d\u00e9crit ce que nous faisons chez Afpro Filters\u00a0avec les informations vous concernant dont nous avons connaissance.<\/p>\n<p>Si vous avez des questions concernant la pr\u00e9sente politique ou si vous voulez savoir quelles donn\u00e9es exactement nous conservons \u00e0 votre sujet, veuillez prendre contact avec Afpro Filters.<\/p>\n<p>&nbsp;<\/p>\n<p><u>III.\u00a0\u00a0\u00a0\u00a0\u00a0\u00a0\u00a0 Objectifs du traitement et types de donn\u00e9es \u00e0 caract\u00e8re personnel<\/u><\/p>\n<p>Afpro Filters traite des donn\u00e9es \u00e0 caract\u00e8re personnel afin de pouvoir livrer des produits, offrir des services, am\u00e9liorer nos produits et prestations de services et communiquer personnellement avec vous en tant que personne concern\u00e9e. Vous pouvez nous communiquer des donn\u00e9es sur vous via notre site Web ou autrement, par exemple si vous vous enregistrez chez nous, demandez un devis ou placez une commande pour nos filtres \u00e0 air, ou encore si vous vous inscrivez \u00e0 une newsletter ou \u00e0 une liste de diffusion.<\/p>\n<p>Afpro Filters traite, pour les besoins de ses prestations de services, les (sortes ou cat\u00e9gories de) donn\u00e9es \u00e0 caract\u00e8re personnel suivantes ainsi que celles communiqu\u00e9es par la personne concern\u00e9e de sa propre initiative\u00a0:<\/p>\n<ul>\n<li>Nom (client ou personne \u00e0 contacter)<\/li>\n<li>Adresse de livraison<\/li>\n<li>Num\u00e9ro de t\u00e9l\u00e9phone<\/li>\n<li>Adresse de facturation<\/li>\n<li>Adresse mail<\/li>\n<li>Donn\u00e9es du compte en banque<\/li>\n<li>Adresse IP<\/li>\n<\/ul>\n<p>Ce sont vos donn\u00e9es \u00e0 caract\u00e8re personnel et nous ne pouvons l\u00e9galement les utiliser que si nous vous expliquons de fa\u00e7on pr\u00e9cise les raisons pour lesquelles nous les utilisons. La pr\u00e9sente politique de confidentialit\u00e9 expose ces raisons.<\/p>\n<p>Afpro Filters ne communique jamais vos donn\u00e9es \u00e0 caract\u00e8re personnel \u00e0 d\u2019autres entreprises ou instances, sauf lorsque cela est n\u00e9cessaire pour l\u2019ex\u00e9cution du contrat (de vente) ou lorsque cela est l\u00e9galement obligatoire ou autoris\u00e9.<\/p>\n<p>Afpro Filters traite les donn\u00e9es \u00e0 caract\u00e8re personnel mentionn\u00e9es plus haut uniquement aux fins suivantes\u00a0:<\/p>\n<ol>\n<li><u>Prise en charge de votre commande<\/u><\/li>\n<\/ol>\n<p>Lorsque vous commandez des produits chez nous, nous utilisons les donn\u00e9es \u00e0 caract\u00e8re personnel que vous nous avez fournies pour traiter votre commande. Nous communiquons votre nom, adresse, code postal ainsi que, si vous l\u2019avez fourni, votre num\u00e9ro de t\u00e9l\u00e9phone au transporteur\/service de livraison et votre banque nous transmet des informations au sujet de votre paiement. Nous conservons ces informations aussi longtemps que n\u00e9cessaire pour finaliser la commande et jusqu\u2019au terme de la p\u00e9riode de garantie. Nous conservons certaines informations plus longtemps lorsque la loi nous y oblige.<\/p>\n<ol start=\"2\">\n<li><u>Envoi d\u2019informations<\/u><\/li>\n<\/ol>\n<p>Afpro Filters tient \u00e0 vous tenir au courant des d\u00e9veloppements concernant la filtration de l\u2019air, notre offre de produits et notre entreprise. C\u2019est la raison pour laquelle nous envoyons de temps \u00e0 autre un mailing \u00e0 nos clients. Nous le faisons par mail. Vous pouvez \u00e0 tout moment vous opposer \u00e0 l\u2019envoi de ces mailings. Tous les mailings que nous envoyons contiennent un hyperlien de d\u00e9sabonnement.<\/p>\n<ol start=\"3\">\n<li><u>Formulaire de contact et newsletter<\/u><\/li>\n<\/ol>\n<p>Vous pouvez nous poser des questions ou faire des demandes \u00e0 l\u2019aide du formulaire de contact sur notre site Web. Lorsque vous remplissez ce formulaire, nous vous demandons votre nom et adresse mail afin de pouvoir vous r\u00e9pondre avec l\u2019en-t\u00eate ad\u00e9quat. Nous conservons ces informations jusqu\u2019\u00e0 ce que nous soyons s\u00fbrs que vous \u00eates satisfait de notre r\u00e9action, plus un d\u00e9lai de six mois suppl\u00e9mentaires. Ainsi, en cas de questions subs\u00e9quentes dans ce d\u00e9lai de six mois, nous pourrons retrouver facilement vos informations de m\u00eame qu\u2019am\u00e9liorer encore davantage la qualit\u00e9 de notre service clients et la formation de son personnel. En vous abonnant \u00e0 notre newsletter, vous pourrez y lire des actualit\u00e9s, des astuces et des informations sur nos produits. Vous pouvez annuler cet abonnement \u00e0 tout moment au moyen du lien de d\u00e9sinscription en bas de la newsletter. Votre adresse mail est ajout\u00e9e \u00e0 la liste des abonn\u00e9s uniquement sous r\u00e9serve de votre autorisation.<\/p>\n<p>&nbsp;<\/p>\n<p><u>IV.\u00a0\u00a0\u00a0\u00a0\u00a0 Base du traitement des donn\u00e9es \u00e0 caract\u00e8re personnel<\/u><\/p>\n<p>Afpro Filters traite les donn\u00e9es \u00e0 caract\u00e8re personnel vis\u00e9es plus haut uniquement pour les motifs suivants, tels que pr\u00e9vus \u00e0 l\u2019article 6 du RGPD\u00a0:<\/p>\n<ul>\n<li>Obligation l\u00e9gale<\/li>\n<li>Ex\u00e9cution d\u2019un contrat<\/li>\n<li>Autorisation donn\u00e9e par la ou des personnes concern\u00e9es<\/li>\n<li>Int\u00e9r\u00eat l\u00e9gitime<\/li>\n<\/ul>\n<p>&nbsp;<\/p>\n<p><u>V.\u00a0\u00a0\u00a0\u00a0\u00a0 Communication des donn\u00e9es \u00e0 caract\u00e8re personnel \u00e0 d\u2019autres entreprises ou institutions<\/u><\/p>\n<p>Afpro Filters communique vos donn\u00e9es \u00e0 caract\u00e8re personnel \u00e0 des tiers uniquement si n\u00e9cessaire pour la prestation du ou des services, compte tenu des finalit\u00e9s susmentionn\u00e9es. Nous ne communiquons sous aucun pr\u00e9texte vos donn\u00e9es \u00e0 caract\u00e8re personnel \u00e0 d\u2019autres entreprises ou institutions, sauf si cela est n\u00e9cessaire pour l\u2019ex\u00e9cution du contrat (de vente) ou si nous sommes l\u00e9galement tenus de le faire. Il peut s\u2019agir du recours \u00e0 un tiers au nom et sur les instructions d\u2019Afpro Filters, comme par exemple un fournisseur IT ou un transporteur\/ service de livraison.<\/p>\n<p>Par ailleurs, Afpro Filters peut communiquer des donn\u00e9es \u00e0 caract\u00e8re personnel \u00e0 un tiers, comme un r\u00e9gulateur ou une autre instance d\u00e9positaire de l\u2019autorit\u00e9 publique, pour autant qu\u2019il y ait obligation l\u00e9gale \u00e0 le faire.<\/p>\n<p>Un accord de sous-traitance est pass\u00e9 avec la partie tierce qui traite vos donn\u00e9es \u00e0 caract\u00e8re personnel au nom et sur les instructions d\u2019Afpro Filters, en vertu duquel cette partie tierce est \u00e9galement tenue de respecter le RGPD. Les parties tierces offrant des services en tant que responsable du traitement et auxquelles Afpro Filters fait appel assument elles-m\u00eames la responsabilit\u00e9 du respect du RGPD pour ce qui concerne le traitement (compl\u00e9mentaire) de vos donn\u00e9es \u00e0 caract\u00e8re personnel.<\/p>\n<p>Certains partenaires peuvent \u00eatre \u00e9tablis en dehors de l\u2019Union europ\u00e9enne.<\/p>\n<p>&nbsp;<\/p>\n<p><u>VI.\u00a0\u00a0\u00a0\u00a0\u00a0 Utilisation des r\u00e9seaux sociaux<\/u><\/p>\n<p>Plusieurs ic\u00f4nes de r\u00e9seaux sociaux sont affich\u00e9es sur notre site Web, dont notamment ceux de Twitter, LinkedIn et Facebook. Les administrateurs de ces services les utilisent pour collecter vos donn\u00e9es \u00e0 caract\u00e8re personnel. Afpro Filters n\u2019exerce pas de contr\u00f4le sur le traitement de vos donn\u00e9es \u00e0 caract\u00e8re personnel par et via ces parties tierces et n\u2019en assume pas la responsabilit\u00e9. L\u2019utilisation de ces r\u00e9seaux est donc \u00e0 vos propres risques. Il est conseill\u00e9 de lire la politique de confidentialit\u00e9 de ces tiers avant de faire usage de leurs services.<\/p>\n<p>&nbsp;<\/p>\n<p><u>VII.\u00a0\u00a0\u00a0\u00a0\u00a0 Cookie<\/u><u>s<\/u><\/p>\n<p>Notre site Web utilise des cookies (appel\u00e9s \u00e9galement mouchards ou traceurs). Ce sont de petits fichiers dans lesquels nous pouvons stocker des informations pour que vous n\u2019ayez pas \u00e0 les compl\u00e9ter \u00e0 chaque fois. Ils nous permettent \u00e9galement de voir que vous consultez \u00e0 nouveau notre site Web.<\/p>\n<p>Lorsque vous consultez notre site Web pour la premi\u00e8re fois, nous affichons un message expliquant notre utilisation de cookies. Si vous continuez d\u2019utiliser le site apr\u00e8s cette explication, nous supposons que vous n\u2019\u00eates pas oppos\u00e9 \u00e0 l\u2019utilisation des cookies.<\/p>\n<p>Il est possible, via votre navigateur, de d\u00e9sactiver l\u2019installation de cookies. Cette action a pour cons\u00e9quence que certaines parties de notre site Web ne fonctionnent plus de fa\u00e7on optimale.<\/p>\n<p>Nous avons conclu des accords sur l\u2019utilisation des cookies avec d\u2019autres entreprises qui installent des cookies, mais n\u2019exer\u00e7ons pas un contr\u00f4le total sur l\u2019usage que ces autres entreprises font des cookies. Lisez donc \u00e9galement leurs politiques de confidentialit\u00e9.<\/p>\n<p>Vous pouvez vous informer davantage au sujet des cookies, et de la fa\u00e7on dont vous pouvez les bloquer ou les supprimer, sur le site Web de l\u2019Autorit\u00e9 de protection des consommateurs et du march\u00e9 (<a href=\"https:\/\/www.consuwijzer.nl\/telecom-post\/internet\/privacy\/uitleg-cookies\">https:\/\/www.consuwijzer.nl\/telecom-post\/internet\/privacy\/uitleg-cookies<\/a>).<\/p>\n<p>&nbsp;<\/p>\n<p><u>VIII.\u00a0\u00a0\u00a0\u00a0 Google Analytics<\/u><\/p>\n<p>Afpro Filters utilise Google Analytics pour suivre la fa\u00e7on dont les visiteurs utilisent notre site Web. Afpro Filters analyse les donn\u00e9es d\u2019utilisation du site Web \u00e0 des fins statistiques. Les donn\u00e9es \u00e0 caract\u00e8re personnel collect\u00e9es par ce biais sont en principe anonymes et Afpro Filters ne les vend pas \u00e0 des tiers.<\/p>\n<p>L\u2019accord de sous-traitance que nous avons pass\u00e9 avec Google contient des dispositions strictes sur ce qu\u2019ils peuvent et ne peuvent pas collecter. Nous autorisons Google \u00e0 utiliser les informations obtenues via Analytics dans d\u2019autres services de Google. Nous ne faisons pas anonymiser les adresses IP par Google.<\/p>\n<p>Le site Web d\u2019Afpro Filters utilise des cookies de Google Analytics pour, dans les grandes lignes, suivre les comportements des utilisateurs et les tendances g\u00e9n\u00e9rales et g\u00e9n\u00e9rer des rapports. Cela nous aide \u00e0 am\u00e9liorer le fonctionnement des sites Web. Google peut transmettre ces informations \u00e0 des tiers si Google y est l\u00e9galement tenu ou si des tiers traitent les informations au nom de Google. En utilisant le site Web d\u2019Afpro Filters, vous autorisez Google \u00e0 traiter les informations de la mani\u00e8re et aux fins d\u00e9crites ci-dessus. L\u2019utilisation de boutons et\/ou de liens entra\u00eene \u00e9galement l\u2019installation de cookies comme d\u00e9crit ci-dessus dans la section \u00ab\u00a0Cookies\u00a0\u00bb. Afpro Filters n\u2019exerce aucun contr\u00f4le sur l\u2019installation et l\u2019utilisation de cookies par ces parties tierces.<\/p>\n<p>&nbsp;<\/p>\n<p><u>IX.\u00a0\u00a0\u00a0\u00a0\u00a0<\/u><u>Protection des donn\u00e9es \u00e0 caract\u00e8re personnel<\/u><\/p>\n<p>Afpro Filters attache une grande importance \u00e0 la s\u00e9curit\u00e9 et \u00e0 la protection de vos donn\u00e9es \u00e0 caract\u00e8re personnel et prend, compte tenu des progr\u00e8s techniques, des mesures techniques et organisationnelles ad\u00e9quates pour garantir un niveau de s\u00e9curit\u00e9 adapt\u00e9 au risque. Dans les cas o\u00f9 Afpro Filters a recours \u00e0 des services de tiers, comme un fournisseur IT, Afpro Filters passe un accord de sous-traitance incluant des clauses sur des mesures de s\u00e9curit\u00e9 appropri\u00e9es dans le cadre de la protection des donn\u00e9es \u00e0 caract\u00e8re personnel.<\/p>\n<p>&nbsp;<\/p>\n<p><u>X.\u00a0\u00a0\u00a0\u00a0\u00a0 Acc\u00e8s et modification de vos donn\u00e9es<\/u><\/p>\n<p>Si vous avez des questions ou que vous souhaitez savoir quelles donn\u00e9es \u00e0 caract\u00e8re personnel nous poss\u00e9dons \u00e0 votre sujet, vous pouvez toujours prendre contact avec nous. Nos coordonn\u00e9es sont indiqu\u00e9es ci-dessous.<\/p>\n<p>Vous avez les droits suivants\u00a0:<\/p>\n<ul>\n<li>Explication sur le type de donn\u00e9es \u00e0 caract\u00e8re personnel que nous poss\u00e9dons et sur ce que nous faisons avec celles-ci<\/li>\n<li>Acc\u00e8s aux donn\u00e9es \u00e0 caract\u00e8re personnel sp\u00e9cifiques que nous poss\u00e9dons<\/li>\n<li>Rectification des erreurs<\/li>\n<li>Suppression des donn\u00e9es \u00e0 caract\u00e8re personnel (obsol\u00e8tes)<\/li>\n<li>Retrait de votre autorisation<\/li>\n<li>Opposition \u00e0 une utilisation d\u00e9termin\u00e9e<\/li>\n<\/ul>\n<p>Veillez bien \u00e0 toujours indiquer clairement votre identit\u00e9 pour que nous puissions nous assurer de ne pas modifier ou supprimer les donn\u00e9es d\u2019une autre personne.<\/p>\n<p>Vous pouvez envoyer vos demandes d\u2019acc\u00e8s, de rectification, de limitation, d\u2019opposition, de portabilit\u00e9 ou de suppression de vos donn\u00e9es \u00e0 caract\u00e8re personnel, ou encore de retrait d\u2019une autorisation pr\u00e9alablement donn\u00e9e, en utilisant nos coordonn\u00e9es ci-dessous. Vous recevrez notre r\u00e9ponse dans un d\u00e9lai de quatre semaines suivant la r\u00e9ception de votre demande.<\/p>\n<p>Il est possible que, dans certaines circonstances, Afpro Filters ne puisse pas acc\u00e9der, ou pas acc\u00e9der enti\u00e8rement, \u00e0 votre demande en tant que personne concern\u00e9e. On peut citer \u00e0 cet \u00e9gard les d\u00e9lais de conservation l\u00e9gaux.<\/p>\n<p>&nbsp;<\/p>\n<p><u>XI.\u00a0\u00a0\u00a0\u00a0 Conservation de vos donn\u00e9es\u00a0<\/u><\/p>\n<p>Nous ne conservons ni n\u2019utilisons vos donn\u00e9es plus longtemps que n\u00e9cessaire pour les finalit\u00e9s du traitement des donn\u00e9es cit\u00e9es ci-dessus et pour le respect des cadres juridique et r\u00e8glementaire. Pass\u00e9 ces d\u00e9lais, nous supprimons toutes les donn\u00e9es que nous poss\u00e9dons \u00e0 votre sujet.<\/p>\n<p>Nous supprimons les comptes clients inactifs apr\u00e8s 7 ann\u00e9es. Pass\u00e9 ce d\u00e9lai, nous utilisons vos donn\u00e9es uniquement de fa\u00e7on anonyme, pour l\u2019\u00e9laboration de rapports internes.\u00a0Le service des imp\u00f4ts nous impose de conserver nos dossiers administratifs avec vos donn\u00e9es de commande, de paiement et de facturation conform\u00e9ment \u00e0 ce d\u00e9lai de conservation l\u00e9gal. Pass\u00e9 ce d\u00e9lai, nous utilisons exclusivement des donn\u00e9es anonymes pour les besoins de nos rapports internes.<\/p>\n<p>Si vous vous \u00eates inscrit \u00e0 la newsletter, nous conservons cette autorisation jusqu\u2019au moment o\u00f9 vous la retirez. De m\u00eame, si vous d\u00e9cidez \u00e0 un certain moment que vous ne souhaitez plus recevoir la newsletter, nous conservons le retrait de votre autorisation durant une p\u00e9riode de cinq ann\u00e9es. Les mails que nous vous envoyons ne sont pas conserv\u00e9s plus de 60 jours. Vous n\u2019avez donc pas \u00e0 craindre de recevoir souvent le m\u00eame mail de notre part. Apr\u00e8s cette p\u00e9riode, nous utilisons vos donn\u00e9es uniquement sous forme anonyme, pour les besoins de nos rapports internes. Les donn\u00e9es que nous utilisons aux fins de lutte contre la fraude sont conserv\u00e9es durant une tr\u00e8s longue p\u00e9riode. Pas dr\u00f4le, mais n\u00e9anmoins n\u00e9cessaire.<\/p>\n<p>&nbsp;<\/p>\n<p><u>XII.\u00a0\u00a0\u00a0\u00a0\u00a0\u00a0 Modification de la pr\u00e9sente politique de confidentialit\u00e9<\/u><\/p>\n<p>Nous sommes parfois tenus, lorsque nous modifions notre site Web, d\u2019ajuster \u00e9galement notre politique de confidentialit\u00e9. Afpro Filters a le droit de modifier \u00e0 tout moment le contenu de la pr\u00e9sente politique de confidentialit\u00e9 sans notification pr\u00e9alable. Consultez donc toujours la date indiqu\u00e9e en bas de la politique de confidentialit\u00e9 et v\u00e9rifiez r\u00e9guli\u00e8rement l\u2019\u00e9ventuelle publication de nouvelles versions. Nous ferons de notre mieux pour annoncer aussi de fa\u00e7on s\u00e9par\u00e9e les modifications pertinentes.<\/p>\n<p>&nbsp;<\/p>\n<p><u>XIII.\u00a0\u00a0\u00a0\u00a0\u00a0 R\u00e9clamation<\/u><\/p>\n<p>Si vous estimez que nous ne traitons pas vos donn\u00e9es \u00e0 caract\u00e8re personnel de fa\u00e7on appropri\u00e9e, nous esp\u00e9rons pouvoir vous entendre \u00e0 ce sujet.<\/p>\n<p>&nbsp;<\/p>\n<p><u>XIV.\u00a0\u00a0\u00a0\u00a0 Coordonn\u00e9es<\/u><\/p>\n<p>Afpro Filters<br \/>\nBerenkoog 67<br \/>\n1822 BN Alkmaar<br \/>\n<a href=\"mailto:verkoop@afprofilters.com\">verkoop@afprofilters.com<\/a><\/p>\n<p>&nbsp;<\/p>\n<p>Version\u00a0: 14-9-2018<\/p>\n<p>&nbsp;<\/p>\n","protected":false},"excerpt":{"rendered":"<p>I.\u00a0\u00a0\u00a0\u00a0\u00a0\u00a0 G\u00e9n\u00e9ralit\u00e9s Tout le monde a le droit de respirer un air propre. Un air propre fourni par exemple par nos filtres. C\u2019est pourquoi notre mission est d\u2019assurer un milieu de vie sain pour tous. D\u2019autre part, nous pensons qu\u2019il est tout aussi important de contribuer \u00e0 votre s\u00e9curit\u00e9 en ligne et, de ce fait, [&hellip;]<\/p>\n","protected":false},"author":2,"featured_media":0,"parent":0,"menu_order":0,"comment_status":"closed","ping_status":"closed","template":"","meta":{"_acf_changed":false,"footnotes":""},"class_list":["post-14604","page","type-page","status-publish","hentry"],"acf":[],"yoast_head":"<!-- This site is optimized with the Yoast SEO plugin v27.3 - https:\/\/yoast.com\/product\/yoast-seo-wordpress\/ -->\n<title>Politique de confidentialit\u00e9 - AFPRO<\/title>\n<meta name=\"robots\" content=\"index, follow, max-snippet:-1, max-image-preview:large, max-video-preview:-1\" \/>\n<link rel=\"canonical\" href=\"https:\/\/www.afprofilters.com\/fr\/politique-de-confidentialite\/\" \/>\n<meta property=\"og:locale\" content=\"fr_FR\" \/>\n<meta property=\"og:type\" content=\"article\" \/>\n<meta property=\"og:title\" content=\"Politique de confidentialit\u00e9 - AFPRO\" \/>\n<meta property=\"og:description\" content=\"I.\u00a0\u00a0\u00a0\u00a0\u00a0\u00a0 G\u00e9n\u00e9ralit\u00e9s Tout le monde a le droit de respirer un air propre. Un air propre fourni par exemple par nos filtres. C\u2019est pourquoi notre mission est d\u2019assurer un milieu de vie sain pour tous. D\u2019autre part, nous pensons qu\u2019il est tout aussi important de contribuer \u00e0 votre s\u00e9curit\u00e9 en ligne et, de ce fait, [&hellip;]\" \/>\n<meta property=\"og:url\" content=\"https:\/\/www.afprofilters.com\/fr\/politique-de-confidentialite\/\" \/>\n<meta property=\"og:site_name\" content=\"AFPRO\" \/>\n<meta name=\"twitter:card\" content=\"summary_large_image\" \/>\n<meta name=\"twitter:label1\" content=\"Dur\u00e9e de lecture estim\u00e9e\" \/>\n\t<meta name=\"twitter:data1\" content=\"13 minutes\" \/>\n<script type=\"application\/ld+json\" class=\"yoast-schema-graph\">{\"@context\":\"https:\\\/\\\/schema.org\",\"@graph\":[{\"@type\":\"WebPage\",\"@id\":\"https:\\\/\\\/www.afprofilters.com\\\/fr\\\/politique-de-confidentialite\\\/\",\"url\":\"https:\\\/\\\/www.afprofilters.com\\\/fr\\\/politique-de-confidentialite\\\/\",\"name\":\"Politique de confidentialit\u00e9 - AFPRO\",\"isPartOf\":{\"@id\":\"https:\\\/\\\/www.afprofilters.com\\\/fr\\\/#website\"},\"datePublished\":\"2019-07-09T11:52:36+00:00\",\"breadcrumb\":{\"@id\":\"https:\\\/\\\/www.afprofilters.com\\\/fr\\\/politique-de-confidentialite\\\/#breadcrumb\"},\"inLanguage\":\"fr-FR\",\"potentialAction\":[{\"@type\":\"ReadAction\",\"target\":[\"https:\\\/\\\/www.afprofilters.com\\\/fr\\\/politique-de-confidentialite\\\/\"]}]},{\"@type\":\"BreadcrumbList\",\"@id\":\"https:\\\/\\\/www.afprofilters.com\\\/fr\\\/politique-de-confidentialite\\\/#breadcrumb\",\"itemListElement\":[{\"@type\":\"ListItem\",\"position\":1,\"name\":\"\",\"item\":\"https:\\\/\\\/www.afprofilters.com\\\/fr\\\/\"},{\"@type\":\"ListItem\",\"position\":2,\"name\":\"Politique de confidentialit\u00e9\"}]},{\"@type\":\"WebSite\",\"@id\":\"https:\\\/\\\/www.afprofilters.com\\\/fr\\\/#website\",\"url\":\"https:\\\/\\\/www.afprofilters.com\\\/fr\\\/\",\"name\":\"AFPRO\",\"description\":\"AFPRO Filters\",\"publisher\":{\"@id\":\"https:\\\/\\\/www.afprofilters.com\\\/fr\\\/#organization\"},\"potentialAction\":[{\"@type\":\"SearchAction\",\"target\":{\"@type\":\"EntryPoint\",\"urlTemplate\":\"https:\\\/\\\/www.afprofilters.com\\\/fr\\\/?s={search_term_string}\"},\"query-input\":{\"@type\":\"PropertyValueSpecification\",\"valueRequired\":true,\"valueName\":\"search_term_string\"}}],\"inLanguage\":\"fr-FR\"},{\"@type\":\"Organization\",\"@id\":\"https:\\\/\\\/www.afprofilters.com\\\/fr\\\/#organization\",\"name\":\"AFPRO\",\"url\":\"https:\\\/\\\/www.afprofilters.com\\\/fr\\\/\",\"logo\":{\"@type\":\"ImageObject\",\"inLanguage\":\"fr-FR\",\"@id\":\"https:\\\/\\\/www.afprofilters.com\\\/fr\\\/#\\\/schema\\\/logo\\\/image\\\/\",\"url\":\"https:\\\/\\\/www.afprofilters.com\\\/wp-content\\\/uploads\\\/2021\\\/05\\\/AFPRO-logo.png\",\"contentUrl\":\"https:\\\/\\\/www.afprofilters.com\\\/wp-content\\\/uploads\\\/2021\\\/05\\\/AFPRO-logo.png\",\"width\":640,\"height\":177,\"caption\":\"AFPRO\"},\"image\":{\"@id\":\"https:\\\/\\\/www.afprofilters.com\\\/fr\\\/#\\\/schema\\\/logo\\\/image\\\/\"}}]}<\/script>\n<!-- \/ Yoast SEO plugin. -->","yoast_head_json":{"title":"Politique de confidentialit\u00e9 - AFPRO","robots":{"index":"index","follow":"follow","max-snippet":"max-snippet:-1","max-image-preview":"max-image-preview:large","max-video-preview":"max-video-preview:-1"},"canonical":"https:\/\/www.afprofilters.com\/fr\/politique-de-confidentialite\/","og_locale":"fr_FR","og_type":"article","og_title":"Politique de confidentialit\u00e9 - AFPRO","og_description":"I.\u00a0\u00a0\u00a0\u00a0\u00a0\u00a0 G\u00e9n\u00e9ralit\u00e9s Tout le monde a le droit de respirer un air propre. Un air propre fourni par exemple par nos filtres. C\u2019est pourquoi notre mission est d\u2019assurer un milieu de vie sain pour tous. D\u2019autre part, nous pensons qu\u2019il est tout aussi important de contribuer \u00e0 votre s\u00e9curit\u00e9 en ligne et, de ce fait, [&hellip;]","og_url":"https:\/\/www.afprofilters.com\/fr\/politique-de-confidentialite\/","og_site_name":"AFPRO","twitter_card":"summary_large_image","twitter_misc":{"Dur\u00e9e de lecture estim\u00e9e":"13 minutes"},"schema":{"@context":"https:\/\/schema.org","@graph":[{"@type":"WebPage","@id":"https:\/\/www.afprofilters.com\/fr\/politique-de-confidentialite\/","url":"https:\/\/www.afprofilters.com\/fr\/politique-de-confidentialite\/","name":"Politique de confidentialit\u00e9 - AFPRO","isPartOf":{"@id":"https:\/\/www.afprofilters.com\/fr\/#website"},"datePublished":"2019-07-09T11:52:36+00:00","breadcrumb":{"@id":"https:\/\/www.afprofilters.com\/fr\/politique-de-confidentialite\/#breadcrumb"},"inLanguage":"fr-FR","potentialAction":[{"@type":"ReadAction","target":["https:\/\/www.afprofilters.com\/fr\/politique-de-confidentialite\/"]}]},{"@type":"BreadcrumbList","@id":"https:\/\/www.afprofilters.com\/fr\/politique-de-confidentialite\/#breadcrumb","itemListElement":[{"@type":"ListItem","position":1,"name":"","item":"https:\/\/www.afprofilters.com\/fr\/"},{"@type":"ListItem","position":2,"name":"Politique de confidentialit\u00e9"}]},{"@type":"WebSite","@id":"https:\/\/www.afprofilters.com\/fr\/#website","url":"https:\/\/www.afprofilters.com\/fr\/","name":"AFPRO","description":"AFPRO Filters","publisher":{"@id":"https:\/\/www.afprofilters.com\/fr\/#organization"},"potentialAction":[{"@type":"SearchAction","target":{"@type":"EntryPoint","urlTemplate":"https:\/\/www.afprofilters.com\/fr\/?s={search_term_string}"},"query-input":{"@type":"PropertyValueSpecification","valueRequired":true,"valueName":"search_term_string"}}],"inLanguage":"fr-FR"},{"@type":"Organization","@id":"https:\/\/www.afprofilters.com\/fr\/#organization","name":"AFPRO","url":"https:\/\/www.afprofilters.com\/fr\/","logo":{"@type":"ImageObject","inLanguage":"fr-FR","@id":"https:\/\/www.afprofilters.com\/fr\/#\/schema\/logo\/image\/","url":"https:\/\/www.afprofilters.com\/wp-content\/uploads\/2021\/05\/AFPRO-logo.png","contentUrl":"https:\/\/www.afprofilters.com\/wp-content\/uploads\/2021\/05\/AFPRO-logo.png","width":640,"height":177,"caption":"AFPRO"},"image":{"@id":"https:\/\/www.afprofilters.com\/fr\/#\/schema\/logo\/image\/"}}]}},"_links":{"self":[{"href":"https:\/\/www.afprofilters.com\/fr\/wp-json\/wp\/v2\/pages\/14604","targetHints":{"allow":["GET"]}}],"collection":[{"href":"https:\/\/www.afprofilters.com\/fr\/wp-json\/wp\/v2\/pages"}],"about":[{"href":"https:\/\/www.afprofilters.com\/fr\/wp-json\/wp\/v2\/types\/page"}],"author":[{"embeddable":true,"href":"https:\/\/www.afprofilters.com\/fr\/wp-json\/wp\/v2\/users\/2"}],"replies":[{"embeddable":true,"href":"https:\/\/www.afprofilters.com\/fr\/wp-json\/wp\/v2\/comments?post=14604"}],"version-history":[{"count":0,"href":"https:\/\/www.afprofilters.com\/fr\/wp-json\/wp\/v2\/pages\/14604\/revisions"}],"wp:attachment":[{"href":"https:\/\/www.afprofilters.com\/fr\/wp-json\/wp\/v2\/media?parent=14604"}],"curies":[{"name":"wp","href":"https:\/\/api.w.org\/{rel}","templated":true}]}}