{"id":1409,"date":"2016-09-07T09:21:34","date_gmt":"2016-09-07T09:21:34","guid":{"rendered":"https:\/\/www.afprofilters.com\/?page_id=1409&#038;lang=fr"},"modified":"2022-07-21T14:55:01","modified_gmt":"2022-07-21T14:55:01","slug":"conseils-relatifs-a-lentretien","status":"publish","type":"page","link":"https:\/\/www.afprofilters.com\/fr\/nos-conseils\/conseils-relatifs-a-lentretien\/","title":{"rendered":"Conseils relatifs \u00e0 l&rsquo;entretien, le remplacement et l&rsquo;\u00e9limination du filtre"},"content":{"rendered":"<p><strong>Une installation de filtration est propre lorsque chacun des composants, y compris les filtres \u00e0 air, sont en bon \u00e9tat. Un bon entretien commence par une attention r\u00e9guli\u00e8re. Voici quatre conseils permettant de garantir la durabilit\u00e9 et le bon fonctionnement d\u2019une installation de filtration.<\/strong><\/p>\n<h3>1. Contr\u00f4ler chaque mois<\/h3>\n<ul>\n<li>Si les \u00e9l\u00e9ments filtrants sont\u00a0stables afin de\u00a0r\u00e9duire le risque de prolif\u00e9ration microbiologique<\/li>\n<li>Si les poches des filtres ne pr\u00e9sentent pas des d\u00e9chirures ou des points d\u2019usure\u00a0d\u00fbs aux\u00a0frottements<\/li>\n<li>S\u2019il n\u2019y a pas d\u2019autres d\u00e9fauts m\u00e9caniques, comme des joints endommag\u00e9s<\/li>\n<li>Relever la pression diff\u00e9rentielle et les heures de service<\/li>\n<\/ul>\n<h3><br \/>2. Remplacer les filtres<\/h3>\n<ul>\n<li>En cas de fuite ou de dommage visuel<\/li>\n<li>En cas d\u2019affaissement du filtre<\/li>\n<li>Apr\u00e8s\u00a0la construction ou la transformation de l\u2019installation<\/li>\n<li>D\u00e9s que la chute de pression finale\u00a0du filtre\u00a0est atteinte<\/li>\n<li>Les changements sont \u00e0 pr\u00e9voir de pr\u00e9f\u00e9rence apr\u00e8s la saison des pollens (en automne) ou apr\u00e8s la saison de mise en route des chauffages<\/li>\n<\/ul>\n<h3><br \/>3. Points \u00e0 observer lors du changement de filtre<\/h3>\n<ul>\n<li>Conserver des filtres de rechange au sec et au propre dans l\u2019emballage d\u2019origine<\/li>\n<li>Toujours porter des v\u00eatements et un masque de protection lors du changement des filtres<\/li>\n<li>Emballer avec soin les filtres usag\u00e9s pour \u00e9viter tout \u00e9chappement d\u2019impuret\u00e9s<\/li>\n<li>Nettoyer l\u2019installation et remplacer les joints endommag\u00e9s<\/li>\n<li>Monter soigneusement le nouveau filtre pour \u00e9viter tout dommage<\/li>\n<li>Contr\u00f4ler l&rsquo;\u00e9tat des installations g\u00e9n\u00e9rales<\/li>\n<li>Noter sur\u00a0les documents\u00a0de maintenance, pour chaque section de filtration : \u2013 la date de remplacement du filtre \u2013 la r\u00e9sistance mesur\u00e9e des nouveaux filtres \u2013 la date escompt\u00e9e pour le prochain changement \u2013 le nom du responsable de maintenance<\/li>\n<\/ul>\n<h3><br \/>4. Filtres d\u2019\u00e9vacuation de l\u2019air ext\u00e9rieur pollu\u00e9 et de recirculation d\u2019air<\/h3>\n<p>Les filtres ayant captur\u00e9 les substances nocives \u2013 toxiques ou pathog\u00e8nes \u2013 sont\u00a0\u00e0 \u00e9liminer comme d\u00e9chets chimiques (DASRI). Ils sont donc soumis aux r\u00e8gles locales en vigueur pour la protection de l\u2019environnement. Les autres filtres sont\u00a0\u00e0 consid\u00e9rer comme des d\u00e9chets industriels banals (DIB) et peuvent \u00eatre \u00e9limin\u00e9s dans des incin\u00e9rateurs industriels par exemple. Lors de l\u2019incin\u00e9ration des filtres d\u2019AFPRO filters, aucune substance nocive n\u2019est \u00e9mise.<\/p>\n\n\n<div class=\"wp-block-buttons is-layout-flex wp-block-buttons-is-layout-flex\">\n<div class=\"wp-block-button\"><a class=\"wp-block-button__link\" href=\"https:\/\/www.afprofilters.com\/fr\/contactez-nous\/\">Contact<\/a><\/div>\n<\/div>\n","protected":false},"excerpt":{"rendered":"<p>Une installation de filtration est propre lorsque chacun des composants, y compris les filtres \u00e0 air, sont en bon \u00e9tat. Un bon entretien commence par une attention r\u00e9guli\u00e8re. Voici quatre conseils permettant de garantir la durabilit\u00e9 et le bon fonctionnement d\u2019une installation de filtration. 1. Contr\u00f4ler chaque mois Si les \u00e9l\u00e9ments filtrants sont\u00a0stables afin de\u00a0r\u00e9duire [&hellip;]<\/p>\n","protected":false},"author":2,"featured_media":0,"parent":10411,"menu_order":0,"comment_status":"closed","ping_status":"closed","template":"","meta":{"_acf_changed":false,"footnotes":""},"class_list":["post-1409","page","type-page","status-publish","hentry"],"acf":[],"yoast_head":"<!-- This site is optimized with the Yoast SEO plugin v27.3 - https:\/\/yoast.com\/product\/yoast-seo-wordpress\/ -->\n<title>Conseils relatifs \u00e0 l&#039;entretien, le remplacement et l&#039;\u00e9limination du filtre - AFPRO<\/title>\n<meta name=\"robots\" content=\"index, follow, max-snippet:-1, max-image-preview:large, max-video-preview:-1\" \/>\n<link rel=\"canonical\" href=\"https:\/\/www.afprofilters.com\/fr\/nos-conseils\/conseils-relatifs-a-lentretien\/\" \/>\n<meta property=\"og:locale\" content=\"fr_FR\" \/>\n<meta property=\"og:type\" content=\"article\" \/>\n<meta property=\"og:title\" content=\"Conseils relatifs \u00e0 l&#039;entretien, le remplacement et l&#039;\u00e9limination du filtre - AFPRO\" \/>\n<meta property=\"og:description\" content=\"Une installation de filtration est propre lorsque chacun des composants, y compris les filtres \u00e0 air, sont en bon \u00e9tat. Un bon entretien commence par une attention r\u00e9guli\u00e8re. Voici quatre conseils permettant de garantir la durabilit\u00e9 et le bon fonctionnement d\u2019une installation de filtration. 1. Contr\u00f4ler chaque mois Si les \u00e9l\u00e9ments filtrants sont\u00a0stables afin de\u00a0r\u00e9duire [&hellip;]\" \/>\n<meta property=\"og:url\" content=\"https:\/\/www.afprofilters.com\/fr\/nos-conseils\/conseils-relatifs-a-lentretien\/\" \/>\n<meta property=\"og:site_name\" content=\"AFPRO\" \/>\n<meta property=\"article:modified_time\" content=\"2022-07-21T14:55:01+00:00\" \/>\n<meta name=\"twitter:card\" content=\"summary_large_image\" \/>\n<meta name=\"twitter:label1\" content=\"Dur\u00e9e de lecture estim\u00e9e\" \/>\n\t<meta name=\"twitter:data1\" content=\"2 minutes\" \/>\n<script type=\"application\/ld+json\" class=\"yoast-schema-graph\">{\"@context\":\"https:\\\/\\\/schema.org\",\"@graph\":[{\"@type\":\"WebPage\",\"@id\":\"https:\\\/\\\/www.afprofilters.com\\\/fr\\\/nos-conseils\\\/conseils-relatifs-a-lentretien\\\/\",\"url\":\"https:\\\/\\\/www.afprofilters.com\\\/fr\\\/nos-conseils\\\/conseils-relatifs-a-lentretien\\\/\",\"name\":\"Conseils relatifs \u00e0 l'entretien, le remplacement et l'\u00e9limination du filtre - AFPRO\",\"isPartOf\":{\"@id\":\"https:\\\/\\\/www.afprofilters.com\\\/fr\\\/#website\"},\"datePublished\":\"2016-09-07T09:21:34+00:00\",\"dateModified\":\"2022-07-21T14:55:01+00:00\",\"breadcrumb\":{\"@id\":\"https:\\\/\\\/www.afprofilters.com\\\/fr\\\/nos-conseils\\\/conseils-relatifs-a-lentretien\\\/#breadcrumb\"},\"inLanguage\":\"fr-FR\",\"potentialAction\":[{\"@type\":\"ReadAction\",\"target\":[\"https:\\\/\\\/www.afprofilters.com\\\/fr\\\/nos-conseils\\\/conseils-relatifs-a-lentretien\\\/\"]}]},{\"@type\":\"BreadcrumbList\",\"@id\":\"https:\\\/\\\/www.afprofilters.com\\\/fr\\\/nos-conseils\\\/conseils-relatifs-a-lentretien\\\/#breadcrumb\",\"itemListElement\":[{\"@type\":\"ListItem\",\"position\":1,\"name\":\"\",\"item\":\"https:\\\/\\\/www.afprofilters.com\\\/fr\\\/\"},{\"@type\":\"ListItem\",\"position\":2,\"name\":\"Nos conseils\",\"item\":\"https:\\\/\\\/www.afprofilters.com\\\/fr\\\/nos-conseils\\\/\"},{\"@type\":\"ListItem\",\"position\":3,\"name\":\"Conseils relatifs \u00e0 l&#8217;entretien, le remplacement et l&#8217;\u00e9limination du filtre\"}]},{\"@type\":\"WebSite\",\"@id\":\"https:\\\/\\\/www.afprofilters.com\\\/fr\\\/#website\",\"url\":\"https:\\\/\\\/www.afprofilters.com\\\/fr\\\/\",\"name\":\"AFPRO\",\"description\":\"AFPRO Filters\",\"publisher\":{\"@id\":\"https:\\\/\\\/www.afprofilters.com\\\/fr\\\/#organization\"},\"potentialAction\":[{\"@type\":\"SearchAction\",\"target\":{\"@type\":\"EntryPoint\",\"urlTemplate\":\"https:\\\/\\\/www.afprofilters.com\\\/fr\\\/?s={search_term_string}\"},\"query-input\":{\"@type\":\"PropertyValueSpecification\",\"valueRequired\":true,\"valueName\":\"search_term_string\"}}],\"inLanguage\":\"fr-FR\"},{\"@type\":\"Organization\",\"@id\":\"https:\\\/\\\/www.afprofilters.com\\\/fr\\\/#organization\",\"name\":\"AFPRO\",\"url\":\"https:\\\/\\\/www.afprofilters.com\\\/fr\\\/\",\"logo\":{\"@type\":\"ImageObject\",\"inLanguage\":\"fr-FR\",\"@id\":\"https:\\\/\\\/www.afprofilters.com\\\/fr\\\/#\\\/schema\\\/logo\\\/image\\\/\",\"url\":\"https:\\\/\\\/www.afprofilters.com\\\/wp-content\\\/uploads\\\/2021\\\/05\\\/AFPRO-logo.png\",\"contentUrl\":\"https:\\\/\\\/www.afprofilters.com\\\/wp-content\\\/uploads\\\/2021\\\/05\\\/AFPRO-logo.png\",\"width\":640,\"height\":177,\"caption\":\"AFPRO\"},\"image\":{\"@id\":\"https:\\\/\\\/www.afprofilters.com\\\/fr\\\/#\\\/schema\\\/logo\\\/image\\\/\"}}]}<\/script>\n<!-- \/ Yoast SEO plugin. -->","yoast_head_json":{"title":"Conseils relatifs \u00e0 l'entretien, le remplacement et l'\u00e9limination du filtre - AFPRO","robots":{"index":"index","follow":"follow","max-snippet":"max-snippet:-1","max-image-preview":"max-image-preview:large","max-video-preview":"max-video-preview:-1"},"canonical":"https:\/\/www.afprofilters.com\/fr\/nos-conseils\/conseils-relatifs-a-lentretien\/","og_locale":"fr_FR","og_type":"article","og_title":"Conseils relatifs \u00e0 l'entretien, le remplacement et l'\u00e9limination du filtre - AFPRO","og_description":"Une installation de filtration est propre lorsque chacun des composants, y compris les filtres \u00e0 air, sont en bon \u00e9tat. Un bon entretien commence par une attention r\u00e9guli\u00e8re. Voici quatre conseils permettant de garantir la durabilit\u00e9 et le bon fonctionnement d\u2019une installation de filtration. 1. Contr\u00f4ler chaque mois Si les \u00e9l\u00e9ments filtrants sont\u00a0stables afin de\u00a0r\u00e9duire [&hellip;]","og_url":"https:\/\/www.afprofilters.com\/fr\/nos-conseils\/conseils-relatifs-a-lentretien\/","og_site_name":"AFPRO","article_modified_time":"2022-07-21T14:55:01+00:00","twitter_card":"summary_large_image","twitter_misc":{"Dur\u00e9e de lecture estim\u00e9e":"2 minutes"},"schema":{"@context":"https:\/\/schema.org","@graph":[{"@type":"WebPage","@id":"https:\/\/www.afprofilters.com\/fr\/nos-conseils\/conseils-relatifs-a-lentretien\/","url":"https:\/\/www.afprofilters.com\/fr\/nos-conseils\/conseils-relatifs-a-lentretien\/","name":"Conseils relatifs \u00e0 l'entretien, le remplacement et l'\u00e9limination du filtre - AFPRO","isPartOf":{"@id":"https:\/\/www.afprofilters.com\/fr\/#website"},"datePublished":"2016-09-07T09:21:34+00:00","dateModified":"2022-07-21T14:55:01+00:00","breadcrumb":{"@id":"https:\/\/www.afprofilters.com\/fr\/nos-conseils\/conseils-relatifs-a-lentretien\/#breadcrumb"},"inLanguage":"fr-FR","potentialAction":[{"@type":"ReadAction","target":["https:\/\/www.afprofilters.com\/fr\/nos-conseils\/conseils-relatifs-a-lentretien\/"]}]},{"@type":"BreadcrumbList","@id":"https:\/\/www.afprofilters.com\/fr\/nos-conseils\/conseils-relatifs-a-lentretien\/#breadcrumb","itemListElement":[{"@type":"ListItem","position":1,"name":"","item":"https:\/\/www.afprofilters.com\/fr\/"},{"@type":"ListItem","position":2,"name":"Nos conseils","item":"https:\/\/www.afprofilters.com\/fr\/nos-conseils\/"},{"@type":"ListItem","position":3,"name":"Conseils relatifs \u00e0 l&#8217;entretien, le remplacement et l&#8217;\u00e9limination du filtre"}]},{"@type":"WebSite","@id":"https:\/\/www.afprofilters.com\/fr\/#website","url":"https:\/\/www.afprofilters.com\/fr\/","name":"AFPRO","description":"AFPRO Filters","publisher":{"@id":"https:\/\/www.afprofilters.com\/fr\/#organization"},"potentialAction":[{"@type":"SearchAction","target":{"@type":"EntryPoint","urlTemplate":"https:\/\/www.afprofilters.com\/fr\/?s={search_term_string}"},"query-input":{"@type":"PropertyValueSpecification","valueRequired":true,"valueName":"search_term_string"}}],"inLanguage":"fr-FR"},{"@type":"Organization","@id":"https:\/\/www.afprofilters.com\/fr\/#organization","name":"AFPRO","url":"https:\/\/www.afprofilters.com\/fr\/","logo":{"@type":"ImageObject","inLanguage":"fr-FR","@id":"https:\/\/www.afprofilters.com\/fr\/#\/schema\/logo\/image\/","url":"https:\/\/www.afprofilters.com\/wp-content\/uploads\/2021\/05\/AFPRO-logo.png","contentUrl":"https:\/\/www.afprofilters.com\/wp-content\/uploads\/2021\/05\/AFPRO-logo.png","width":640,"height":177,"caption":"AFPRO"},"image":{"@id":"https:\/\/www.afprofilters.com\/fr\/#\/schema\/logo\/image\/"}}]}},"_links":{"self":[{"href":"https:\/\/www.afprofilters.com\/fr\/wp-json\/wp\/v2\/pages\/1409","targetHints":{"allow":["GET"]}}],"collection":[{"href":"https:\/\/www.afprofilters.com\/fr\/wp-json\/wp\/v2\/pages"}],"about":[{"href":"https:\/\/www.afprofilters.com\/fr\/wp-json\/wp\/v2\/types\/page"}],"author":[{"embeddable":true,"href":"https:\/\/www.afprofilters.com\/fr\/wp-json\/wp\/v2\/users\/2"}],"replies":[{"embeddable":true,"href":"https:\/\/www.afprofilters.com\/fr\/wp-json\/wp\/v2\/comments?post=1409"}],"version-history":[{"count":0,"href":"https:\/\/www.afprofilters.com\/fr\/wp-json\/wp\/v2\/pages\/1409\/revisions"}],"up":[{"embeddable":true,"href":"https:\/\/www.afprofilters.com\/fr\/wp-json\/wp\/v2\/pages\/10411"}],"wp:attachment":[{"href":"https:\/\/www.afprofilters.com\/fr\/wp-json\/wp\/v2\/media?parent=1409"}],"curies":[{"name":"wp","href":"https:\/\/api.w.org\/{rel}","templated":true}]}}