{"id":1386,"date":"2016-09-07T08:39:28","date_gmt":"2016-09-07T08:39:28","guid":{"rendered":"https:\/\/www.afprofilters.com\/?page_id=1386&#038;lang=fr"},"modified":"2024-01-16T15:46:30","modified_gmt":"2024-01-16T15:46:30","slug":"les-laboratoires-dafpro-filters","status":"publish","type":"page","link":"https:\/\/www.afprofilters.com\/fr\/les-laboratoires-dafpro-filters\/","title":{"rendered":"Les laboratoires d&rsquo;AFPRO Filters"},"content":{"rendered":"<p><strong>AFPRO Filters est synonyme de qualit\u00e9, durabilit\u00e9 et innovation. Pour que nos clients puissent en avoir la garantie, AFPRO Filters a dot\u00e9 chaque site de production de laboratoires de pointe.<\/strong><\/p>\n<p>Chaque jour, nous d\u00e9veloppons de nouveaux produits et nous faisons des tests pour savoir comment rendre nos filtres\u00a0plus efficaces et moins \u00e9nergivores.<\/p>\n<p>AFPRO Filters contr\u00f4le tous ses produits selon la norme de qualit\u00e9 ISO 9001.\u00a0Mati\u00e8res premi\u00e8res, produits semi-finis et finis sont contr\u00f4l\u00e9s sur la base des crit\u00e8res \u00e9dict\u00e9s par le syst\u00e8me de qualit\u00e9 ISO. C\u2019est\u00a0\u00e0 ce prix que nous pouvons garantir une qualit\u00e9 constante pour nos produits. Nos sites de production sont certifi\u00e9s ISO 14001.<\/p>\n<p><img loading=\"lazy\" decoding=\"async\" class=\"alignnone size-large wp-image-25335\" src=\"http:\/\/www.afprofilters.com\/wp-content\/uploads\/2017\/04\/ISO-16890-Banc-dEssai-PM1-particules-fines-1-1024x768.jpg\" alt=\"\" width=\"1024\" height=\"768\" srcset=\"https:\/\/www.afprofilters.com\/wp-content\/uploads\/2017\/04\/ISO-16890-Banc-dEssai-PM1-particules-fines-1-1024x768.jpg 1024w, https:\/\/www.afprofilters.com\/wp-content\/uploads\/2017\/04\/ISO-16890-Banc-dEssai-PM1-particules-fines-1-300x225.jpg 300w, https:\/\/www.afprofilters.com\/wp-content\/uploads\/2017\/04\/ISO-16890-Banc-dEssai-PM1-particules-fines-1-768x576.jpg 768w\" sizes=\"auto, (max-width: 1024px) 100vw, 1024px\" \/><\/p>\n<h3><strong>Laboratoire R&amp;D<\/strong><\/h3>\n<p>Dans nos laboratoires et dans nos centres de Recherche &amp; D\u00e9veloppement, les ing\u00e9nieurs \u0153uvrent \u00e0 la mise au point de nouveaux mat\u00e9riaux et de nouvelles techniques de filtration. Des recherches sont men\u00e9es par exemple sur des fibres synth\u00e9tiques de haute qualit\u00e9 ind\u00e9chirables fabriqu\u00e9es progressivement par une technique de multicouches. Cette technique contribue \u00e0 accro\u00eetre la durabilit\u00e9 des produits, \u00e0 baisser la r\u00e9sistance \u00e0 l\u2019air et par cons\u00e9quent la consommation \u00e9nerg\u00e9tique.<\/p>\n<p>AFPRO Filters est certifi\u00e9 Eurovent selon le programme Certify All. Eurovent est un gage de qualit\u00e9.\u00a0Eurovent travaille avec des laboratoires ind\u00e9pendants en Su\u00e8de et en Finlande o\u00f9 les filtres de tous les fabricants sont r\u00e9guli\u00e8rement test\u00e9s.<\/p>\n<h3><strong><br \/>\nLaboratoire charbon actif<\/strong><\/h3>\n<p>Outre le laboratoire de R&amp;D, AFPRO Filters poss\u00e8de un laboratoire sp\u00e9cial pour l\u2019\u00e9tude du charbon actif. Le charbon actif est utilis\u00e9 pour l\u2019adsorption de mol\u00e9cules. C\u2019est l\u00e0 qu\u2019AFPRO Filters, selon les normes en vigueur concernant le charbon actif, effectue des recherches sur la capacit\u00e9 d\u2019adsorption de divers types de charbon actif et de mat\u00e9riaux filtrants. Pour les clients, il est possible de pr\u00e9lever un \u00e9chantillon et d\u2019analyser la dur\u00e9e de vie restante ou bien la capacit\u00e9 d\u2019absorption restante d\u2019un filtre. A l\u2019aide de cette analyse, nous pouvons donner des conseils sur le type de charbon actif\u00a0\u00e0 utiliser, les r\u00e9sultats en terme de qualit\u00e9 de l\u2019air,\u00a0la consommation d\u2019\u00e9nergie et\u00a0le co\u00fbt.<\/p>\n<h3><b><br \/>\nLes services d&rsquo;AFPRO Filters<\/b><\/h3>\n<p>Notre laboratoire est \u00e9galement au service des clients en tant que centre de formation. En fait, il est\u00a0\u00e0 la base de l&rsquo;Academy AFPRO Filters. Vous pouvez vous y adresser pour en savoir plus sur la filtration d\u2019air, les mat\u00e9riaux filtrants, les normes et les techniques de la filtration. AFPRO Filters dispose \u00e9galement de son\u00a0propre banc d&rsquo;essai EN 779:2012 et ISO 16890 o\u00f9\u00a0tous les\u00a0produits\u00a0sont test\u00e9s et valid\u00e9s. Vous pouvez \u00e9galement y faire tester vos filtres selon la toute derni\u00e8re norme ISO 16890. Voici un aper\u00e7u de nos services.<\/p>\n<p><img loading=\"lazy\" decoding=\"async\" class=\"alignnone wp-image-25353 size-large\" src=\"http:\/\/www.afprofilters.com\/wp-content\/uploads\/2016\/09\/AFPRO_filters_laboratorium_alkmaar_pm1_fijnstof_luchtfilter-1024x768.jpg\" alt=\"\" width=\"1024\" height=\"768\" srcset=\"https:\/\/www.afprofilters.com\/wp-content\/uploads\/2016\/09\/AFPRO_filters_laboratorium_alkmaar_pm1_fijnstof_luchtfilter-1024x768.jpg 1024w, https:\/\/www.afprofilters.com\/wp-content\/uploads\/2016\/09\/AFPRO_filters_laboratorium_alkmaar_pm1_fijnstof_luchtfilter-300x225.jpg 300w, https:\/\/www.afprofilters.com\/wp-content\/uploads\/2016\/09\/AFPRO_filters_laboratorium_alkmaar_pm1_fijnstof_luchtfilter-768x576.jpg 768w\" sizes=\"auto, (max-width: 1024px) 100vw, 1024px\" \/><\/p>\n<h3><strong>Mesures d\u2019air<\/strong><\/h3>\n<p>Gr\u00e2ce aux connaissances acquises par l\u2019activit\u00e9 de notre laboratoire,\u00a0nous sommes en mesure d\u2019effectuer des mesures de l\u2019air sur site. Nous\u00a0pouvons \u00e9valuer l\u2019ensemble de votre syst\u00e8me de filtration selon les\u00a0normes en vigueur. Voici les m\u00e9thodes de test appliqu\u00e9es pour ces\u00a0mesures:<\/p>\n<p>\u2022\u00a0<b>Eurovent 4\/10 &#8211; 1996 <\/b>D\u00e9termination de l&rsquo;efficacit\u00e9 fractionnelle sur site des filtres de ventilation g\u00e9n\u00e9rale.<\/p>\n<p>\u2022\u00a0<b>ISO\/CD 29462 <\/b>Tests pratiqu\u00e9s sur la taille des particules filtr\u00e9es\u00a0et la r\u00e9sistance\u00a0\u00e0 l\u2019air des appareils et syst\u00e8mes de filtration de ventilation g\u00e9n\u00e9rale pour\u00a0une meilleure efficacit\u00e9 de la filtration sur site.<\/p>\n<h3><strong><br \/>\nAnalyse des performances des filtres<\/strong><\/h3>\n<p>Les performances de filtration, la nature des particules et la capacit\u00e9 de\u00a0filtration peuvent \u00eatre analys\u00e9es en laboratoire selon les crit\u00e8res de la norme EN 779:2002 (perte de pression\u2013 efficacit\u00e9) ou de la norme ISO 16890. En fonction des r\u00e9sultats, vous obtenez des conseils d\u2019experts pour optimiser les performances de vos filtres.<\/p>\n<h3><strong><br \/>\nCalcul du co\u00fbt effectif<\/strong><\/h3>\n<p>Le laboratoire conseille nos clients pour qu\u2019ils choisissent judicieusement un filtre performant et durable selon le mod\u00e8le FDM. Ce mod\u00e8le, mis au point par AFPRO Filters, permet de voir quel est le co\u00fbt mensuel de filtration. Le FDM est bas\u00e9 sur les derni\u00e8res normes\u00a0de filtration\u00a0et sur les directives \u00e9nerg\u00e9tiques du label Eurovent. Apr\u00e8s le calcul, AFPRO Filters est en mesure de vous indiquer avec pr\u00e9cision le meilleur choix de filtre et quelle est la solution la plus \u00e9conomique en termes de consommation d\u2019\u00e9nergie pour l\u2019ensemble de votre syst\u00e8me de filtration.<\/p>\n","protected":false},"excerpt":{"rendered":"<p>AFPRO Filters est synonyme de qualit\u00e9, durabilit\u00e9 et innovation. Pour que nos clients puissent en avoir la garantie, AFPRO Filters a dot\u00e9 chaque site de production de laboratoires de pointe. Chaque jour, nous d\u00e9veloppons de nouveaux produits et nous faisons des tests pour savoir comment rendre nos filtres\u00a0plus efficaces et moins \u00e9nergivores. AFPRO Filters contr\u00f4le [&hellip;]<\/p>\n","protected":false},"author":2,"featured_media":29276,"parent":0,"menu_order":0,"comment_status":"closed","ping_status":"closed","template":"","meta":{"_acf_changed":false,"footnotes":""},"class_list":["post-1386","page","type-page","status-publish","has-post-thumbnail","hentry"],"acf":[],"yoast_head":"<!-- This site is optimized with the Yoast SEO plugin v27.3 - https:\/\/yoast.com\/product\/yoast-seo-wordpress\/ -->\n<title>Les laboratoires d&#039;AFPRO Filters - AFPRO<\/title>\n<meta name=\"robots\" content=\"index, follow, max-snippet:-1, max-image-preview:large, max-video-preview:-1\" \/>\n<link rel=\"canonical\" href=\"https:\/\/www.afprofilters.com\/fr\/les-laboratoires-dafpro-filters\/\" \/>\n<meta property=\"og:locale\" content=\"fr_FR\" \/>\n<meta property=\"og:type\" content=\"article\" \/>\n<meta property=\"og:title\" content=\"Les laboratoires d&#039;AFPRO Filters - AFPRO\" \/>\n<meta property=\"og:description\" content=\"AFPRO Filters est synonyme de qualit\u00e9, durabilit\u00e9 et innovation. Pour que nos clients puissent en avoir la garantie, AFPRO Filters a dot\u00e9 chaque site de production de laboratoires de pointe. Chaque jour, nous d\u00e9veloppons de nouveaux produits et nous faisons des tests pour savoir comment rendre nos filtres\u00a0plus efficaces et moins \u00e9nergivores. AFPRO Filters contr\u00f4le [&hellip;]\" \/>\n<meta property=\"og:url\" content=\"https:\/\/www.afprofilters.com\/fr\/les-laboratoires-dafpro-filters\/\" \/>\n<meta property=\"og:site_name\" content=\"AFPRO\" \/>\n<meta property=\"article:modified_time\" content=\"2024-01-16T15:46:30+00:00\" \/>\n<meta property=\"og:image\" content=\"http:\/\/www.afprofilters.com\/wp-content\/uploads\/2021\/11\/DSC5294.jpg\" \/>\n\t<meta property=\"og:image:width\" content=\"1819\" \/>\n\t<meta property=\"og:image:height\" content=\"1000\" \/>\n\t<meta property=\"og:image:type\" content=\"image\/jpeg\" \/>\n<meta name=\"twitter:card\" content=\"summary_large_image\" \/>\n<meta name=\"twitter:label1\" content=\"Dur\u00e9e de lecture estim\u00e9e\" \/>\n\t<meta name=\"twitter:data1\" content=\"4 minutes\" \/>\n<script type=\"application\/ld+json\" class=\"yoast-schema-graph\">{\"@context\":\"https:\\\/\\\/schema.org\",\"@graph\":[{\"@type\":\"WebPage\",\"@id\":\"https:\\\/\\\/www.afprofilters.com\\\/fr\\\/les-laboratoires-dafpro-filters\\\/\",\"url\":\"https:\\\/\\\/www.afprofilters.com\\\/fr\\\/les-laboratoires-dafpro-filters\\\/\",\"name\":\"Les laboratoires d'AFPRO Filters - AFPRO\",\"isPartOf\":{\"@id\":\"https:\\\/\\\/www.afprofilters.com\\\/fr\\\/#website\"},\"primaryImageOfPage\":{\"@id\":\"https:\\\/\\\/www.afprofilters.com\\\/fr\\\/les-laboratoires-dafpro-filters\\\/#primaryimage\"},\"image\":{\"@id\":\"https:\\\/\\\/www.afprofilters.com\\\/fr\\\/les-laboratoires-dafpro-filters\\\/#primaryimage\"},\"thumbnailUrl\":\"https:\\\/\\\/www.afprofilters.com\\\/wp-content\\\/uploads\\\/2021\\\/11\\\/DSC5294.jpg\",\"datePublished\":\"2016-09-07T08:39:28+00:00\",\"dateModified\":\"2024-01-16T15:46:30+00:00\",\"breadcrumb\":{\"@id\":\"https:\\\/\\\/www.afprofilters.com\\\/fr\\\/les-laboratoires-dafpro-filters\\\/#breadcrumb\"},\"inLanguage\":\"fr-FR\",\"potentialAction\":[{\"@type\":\"ReadAction\",\"target\":[\"https:\\\/\\\/www.afprofilters.com\\\/fr\\\/les-laboratoires-dafpro-filters\\\/\"]}]},{\"@type\":\"ImageObject\",\"inLanguage\":\"fr-FR\",\"@id\":\"https:\\\/\\\/www.afprofilters.com\\\/fr\\\/les-laboratoires-dafpro-filters\\\/#primaryimage\",\"url\":\"https:\\\/\\\/www.afprofilters.com\\\/wp-content\\\/uploads\\\/2021\\\/11\\\/DSC5294.jpg\",\"contentUrl\":\"https:\\\/\\\/www.afprofilters.com\\\/wp-content\\\/uploads\\\/2021\\\/11\\\/DSC5294.jpg\",\"width\":1819,\"height\":1000},{\"@type\":\"BreadcrumbList\",\"@id\":\"https:\\\/\\\/www.afprofilters.com\\\/fr\\\/les-laboratoires-dafpro-filters\\\/#breadcrumb\",\"itemListElement\":[{\"@type\":\"ListItem\",\"position\":1,\"name\":\"\",\"item\":\"https:\\\/\\\/www.afprofilters.com\\\/fr\\\/\"},{\"@type\":\"ListItem\",\"position\":2,\"name\":\"Les laboratoires d&#8217;AFPRO Filters\"}]},{\"@type\":\"WebSite\",\"@id\":\"https:\\\/\\\/www.afprofilters.com\\\/fr\\\/#website\",\"url\":\"https:\\\/\\\/www.afprofilters.com\\\/fr\\\/\",\"name\":\"AFPRO\",\"description\":\"AFPRO Filters\",\"publisher\":{\"@id\":\"https:\\\/\\\/www.afprofilters.com\\\/fr\\\/#organization\"},\"potentialAction\":[{\"@type\":\"SearchAction\",\"target\":{\"@type\":\"EntryPoint\",\"urlTemplate\":\"https:\\\/\\\/www.afprofilters.com\\\/fr\\\/?s={search_term_string}\"},\"query-input\":{\"@type\":\"PropertyValueSpecification\",\"valueRequired\":true,\"valueName\":\"search_term_string\"}}],\"inLanguage\":\"fr-FR\"},{\"@type\":\"Organization\",\"@id\":\"https:\\\/\\\/www.afprofilters.com\\\/fr\\\/#organization\",\"name\":\"AFPRO\",\"url\":\"https:\\\/\\\/www.afprofilters.com\\\/fr\\\/\",\"logo\":{\"@type\":\"ImageObject\",\"inLanguage\":\"fr-FR\",\"@id\":\"https:\\\/\\\/www.afprofilters.com\\\/fr\\\/#\\\/schema\\\/logo\\\/image\\\/\",\"url\":\"https:\\\/\\\/www.afprofilters.com\\\/wp-content\\\/uploads\\\/2021\\\/05\\\/AFPRO-logo.png\",\"contentUrl\":\"https:\\\/\\\/www.afprofilters.com\\\/wp-content\\\/uploads\\\/2021\\\/05\\\/AFPRO-logo.png\",\"width\":640,\"height\":177,\"caption\":\"AFPRO\"},\"image\":{\"@id\":\"https:\\\/\\\/www.afprofilters.com\\\/fr\\\/#\\\/schema\\\/logo\\\/image\\\/\"}}]}<\/script>\n<!-- \/ Yoast SEO plugin. -->","yoast_head_json":{"title":"Les laboratoires d'AFPRO Filters - AFPRO","robots":{"index":"index","follow":"follow","max-snippet":"max-snippet:-1","max-image-preview":"max-image-preview:large","max-video-preview":"max-video-preview:-1"},"canonical":"https:\/\/www.afprofilters.com\/fr\/les-laboratoires-dafpro-filters\/","og_locale":"fr_FR","og_type":"article","og_title":"Les laboratoires d'AFPRO Filters - AFPRO","og_description":"AFPRO Filters est synonyme de qualit\u00e9, durabilit\u00e9 et innovation. Pour que nos clients puissent en avoir la garantie, AFPRO Filters a dot\u00e9 chaque site de production de laboratoires de pointe. Chaque jour, nous d\u00e9veloppons de nouveaux produits et nous faisons des tests pour savoir comment rendre nos filtres\u00a0plus efficaces et moins \u00e9nergivores. AFPRO Filters contr\u00f4le [&hellip;]","og_url":"https:\/\/www.afprofilters.com\/fr\/les-laboratoires-dafpro-filters\/","og_site_name":"AFPRO","article_modified_time":"2024-01-16T15:46:30+00:00","og_image":[{"width":1819,"height":1000,"url":"http:\/\/www.afprofilters.com\/wp-content\/uploads\/2021\/11\/DSC5294.jpg","type":"image\/jpeg"}],"twitter_card":"summary_large_image","twitter_misc":{"Dur\u00e9e de lecture estim\u00e9e":"4 minutes"},"schema":{"@context":"https:\/\/schema.org","@graph":[{"@type":"WebPage","@id":"https:\/\/www.afprofilters.com\/fr\/les-laboratoires-dafpro-filters\/","url":"https:\/\/www.afprofilters.com\/fr\/les-laboratoires-dafpro-filters\/","name":"Les laboratoires d'AFPRO Filters - AFPRO","isPartOf":{"@id":"https:\/\/www.afprofilters.com\/fr\/#website"},"primaryImageOfPage":{"@id":"https:\/\/www.afprofilters.com\/fr\/les-laboratoires-dafpro-filters\/#primaryimage"},"image":{"@id":"https:\/\/www.afprofilters.com\/fr\/les-laboratoires-dafpro-filters\/#primaryimage"},"thumbnailUrl":"https:\/\/www.afprofilters.com\/wp-content\/uploads\/2021\/11\/DSC5294.jpg","datePublished":"2016-09-07T08:39:28+00:00","dateModified":"2024-01-16T15:46:30+00:00","breadcrumb":{"@id":"https:\/\/www.afprofilters.com\/fr\/les-laboratoires-dafpro-filters\/#breadcrumb"},"inLanguage":"fr-FR","potentialAction":[{"@type":"ReadAction","target":["https:\/\/www.afprofilters.com\/fr\/les-laboratoires-dafpro-filters\/"]}]},{"@type":"ImageObject","inLanguage":"fr-FR","@id":"https:\/\/www.afprofilters.com\/fr\/les-laboratoires-dafpro-filters\/#primaryimage","url":"https:\/\/www.afprofilters.com\/wp-content\/uploads\/2021\/11\/DSC5294.jpg","contentUrl":"https:\/\/www.afprofilters.com\/wp-content\/uploads\/2021\/11\/DSC5294.jpg","width":1819,"height":1000},{"@type":"BreadcrumbList","@id":"https:\/\/www.afprofilters.com\/fr\/les-laboratoires-dafpro-filters\/#breadcrumb","itemListElement":[{"@type":"ListItem","position":1,"name":"","item":"https:\/\/www.afprofilters.com\/fr\/"},{"@type":"ListItem","position":2,"name":"Les laboratoires d&#8217;AFPRO Filters"}]},{"@type":"WebSite","@id":"https:\/\/www.afprofilters.com\/fr\/#website","url":"https:\/\/www.afprofilters.com\/fr\/","name":"AFPRO","description":"AFPRO Filters","publisher":{"@id":"https:\/\/www.afprofilters.com\/fr\/#organization"},"potentialAction":[{"@type":"SearchAction","target":{"@type":"EntryPoint","urlTemplate":"https:\/\/www.afprofilters.com\/fr\/?s={search_term_string}"},"query-input":{"@type":"PropertyValueSpecification","valueRequired":true,"valueName":"search_term_string"}}],"inLanguage":"fr-FR"},{"@type":"Organization","@id":"https:\/\/www.afprofilters.com\/fr\/#organization","name":"AFPRO","url":"https:\/\/www.afprofilters.com\/fr\/","logo":{"@type":"ImageObject","inLanguage":"fr-FR","@id":"https:\/\/www.afprofilters.com\/fr\/#\/schema\/logo\/image\/","url":"https:\/\/www.afprofilters.com\/wp-content\/uploads\/2021\/05\/AFPRO-logo.png","contentUrl":"https:\/\/www.afprofilters.com\/wp-content\/uploads\/2021\/05\/AFPRO-logo.png","width":640,"height":177,"caption":"AFPRO"},"image":{"@id":"https:\/\/www.afprofilters.com\/fr\/#\/schema\/logo\/image\/"}}]}},"_links":{"self":[{"href":"https:\/\/www.afprofilters.com\/fr\/wp-json\/wp\/v2\/pages\/1386","targetHints":{"allow":["GET"]}}],"collection":[{"href":"https:\/\/www.afprofilters.com\/fr\/wp-json\/wp\/v2\/pages"}],"about":[{"href":"https:\/\/www.afprofilters.com\/fr\/wp-json\/wp\/v2\/types\/page"}],"author":[{"embeddable":true,"href":"https:\/\/www.afprofilters.com\/fr\/wp-json\/wp\/v2\/users\/2"}],"replies":[{"embeddable":true,"href":"https:\/\/www.afprofilters.com\/fr\/wp-json\/wp\/v2\/comments?post=1386"}],"version-history":[{"count":0,"href":"https:\/\/www.afprofilters.com\/fr\/wp-json\/wp\/v2\/pages\/1386\/revisions"}],"wp:featuredmedia":[{"embeddable":true,"href":"https:\/\/www.afprofilters.com\/fr\/wp-json\/wp\/v2\/media\/29276"}],"wp:attachment":[{"href":"https:\/\/www.afprofilters.com\/fr\/wp-json\/wp\/v2\/media?parent=1386"}],"curies":[{"name":"wp","href":"https:\/\/api.w.org\/{rel}","templated":true}]}}