{"id":1360,"date":"2016-09-07T08:09:30","date_gmt":"2016-09-07T08:09:30","guid":{"rendered":"https:\/\/www.afprofilters.com\/?page_id=1360&#038;lang=fr"},"modified":"2023-12-19T09:39:21","modified_gmt":"2023-12-19T09:39:21","slug":"recommandations-et-conseils","status":"publish","type":"page","link":"https:\/\/www.afprofilters.com\/fr\/nos-conseils\/recommandations-et-conseils\/","title":{"rendered":"Recommandations et conseils"},"content":{"rendered":"\n<p><\/p>\n\n\n<div class=\"lmt__inner_textarea_container\">\n<div lang=\"fr-FR\" role=\"textbox\" data-content=\"true\" aria-labelledby=\"translation-results-heading\">\n<h2><span class=\"--l --r sentence_highlight\">Les avantages de la classification des filtres \u00e0 air selon la norme ISO 16890<\/span><\/h2>\n<\/div>\n<\/div>\n<div>La norme ISO 16890, qui a remplac\u00e9 l&rsquo;ancienne norme EN779:2012, est la ligne directrice mondiale pour les essais et la classification des filtres \u00e0 air.<\/div>\n<div>\u00a0<\/div>\n<div>La norme ISO 16890 classe les filtres \u00e0 air en 4 cat\u00e9gories : pour entrer dans une certaine cat\u00e9gorie, le filtre doit capturer au moins 50% de la taille de particule correspondante. Si un filtre capte plus de 50% des particules PM1, il est class\u00e9 comme filtre ISO ePM1. Si un filtre capte moins de 50% des particules PM10, il est class\u00e9 comme filtre ISO Coarse.<\/div>\n<div>\u00a0<\/div>\n<div>Une distinction est faite au sein des diff\u00e9rents groupes en fonction du pourcentage d\u2019efficacit\u00e9. Nous arrondissons ce pourcentage \u00e0 5%. Si vous recherchez un filtre qui capture 60% de toutes les particules inf\u00e9rieures \u00e0 1 micron, choisissez un filtre ePM1 \u00e0 60%. Si 80% de ces particules doivent \u00eatre arr\u00eat\u00e9es, un filtre ePM1 \u00e0 80% est la bonne option.<\/div>\n<div class=\"lmt_targetToolbar__container\">Gr\u00e2ce \u00e0 la norme ISO 16890, nous pouvons conna\u00eetre le niveau d\u2019efficacit\u00e9 des filtres contre les particules fines. Cela permet de choisir les filtres en fonction des performances attendues et l&rsquo;utilisation pr\u00e9vue.<\/div>\n<div class=\"lmt__toolbar_container is_sticky\">\n<div class=\"lmt__target_toolbar\" data-testid=\"translator-target-toolbar\"><button class=\"p-2 w-10 h-10 cursor-pointer rounded [&amp;&gt;*]:w-6 [&amp;&gt;*]:h-6 text-deepl-blue active:text-blue-chill active:bg-dark-8 enabled:hover-capable:hover:bg-dark-8 dark:enabled:hover-capable:hover:bg-dark-2 disabled:text-dark-5 disabled:cursor-default\" style=\"--tw-border-spacing-x: 0;--tw-border-spacing-y: 0;--tw-translate-x: 0;--tw-translate-y: 0;--tw-rotate: 0;--tw-skew-x: 0;--tw-skew-y: 0;--tw-scale-x: 1;--tw-scale-y: 1;--tw-scroll-snap-strictness: proximity;--tw-ring-offset-width: 0px;--tw-ring-offset-color: #fff;--tw-ring-offset-shadow: 0 0 #0000;--tw-ring-shadow: 0 0 #0000;--tw-shadow: 0 0 #0000;--tw-shadow-colored: 0 0 #0000;font-family: -apple-system, BlinkMacSystemFont, 'Segoe UI', Roboto, Helvetica, Arial, sans-serif;font-size: 20px;font-weight: 400;line-height: inherit;margin: 0px;padding: 0.5rem;text-transform: none;background-color: transparent;background-image: none;cursor: pointer;height: 2.5rem;width: 2.5rem;border-radius: 0.25rem;--tw-text-opacity: 1;border: 0px solid currentcolor\" type=\"button\" aria-label=\"Listen\" data-testid=\"translator-speaker-target\" aria-describedby=\"deepl-ui-tooltip-id-69\"><\/button><button class=\"p-2 w-10 h-10 cursor-pointer rounded [&amp;&gt;*]:w-6 [&amp;&gt;*]:h-6 text-deepl-blue active:text-blue-chill active:bg-dark-8 enabled:hover-capable:hover:bg-dark-8 dark:enabled:hover-capable:hover:bg-dark-2 disabled:text-dark-5 disabled:cursor-default\" style=\"--tw-border-spacing-x: 0;--tw-border-spacing-y: 0;--tw-translate-x: 0;--tw-translate-y: 0;--tw-rotate: 0;--tw-skew-x: 0;--tw-skew-y: 0;--tw-scale-x: 1;--tw-scale-y: 1;--tw-scroll-snap-strictness: proximity;--tw-ring-offset-width: 0px;--tw-ring-offset-color: #fff;--tw-ring-offset-shadow: 0 0 #0000;--tw-ring-shadow: 0 0 #0000;--tw-shadow: 0 0 #0000;--tw-shadow-colored: 0 0 #0000;font-family: -apple-system, BlinkMacSystemFont, 'Segoe UI', Roboto, Helvetica, Arial, sans-serif;font-size: 20px;font-weight: 400;line-height: inherit;margin: 0px;padding: 0.5rem;text-transform: none;background-color: transparent;background-image: none;cursor: default;height: 2.5rem;width: 2.5rem;border-radius: 0.25rem;--tw-text-opacity: 1;border: 0px solid currentcolor\" disabled=\"disabled\" type=\"button\" aria-label=\"Undo\" data-testid=\"translator-target-local-undo\" aria-describedby=\"deepl-ui-tooltip-id-109\"><\/button><button class=\"p-2 w-10 h-10 cursor-pointer rounded [&amp;&gt;*]:w-6 [&amp;&gt;*]:h-6 text-deepl-blue active:text-blue-chill active:bg-dark-8 enabled:hover-capable:hover:bg-dark-8 dark:enabled:hover-capable:hover:bg-dark-2 disabled:text-dark-5 disabled:cursor-default\" style=\"--tw-border-spacing-x: 0;--tw-border-spacing-y: 0;--tw-translate-x: 0;--tw-translate-y: 0;--tw-rotate: 0;--tw-skew-x: 0;--tw-skew-y: 0;--tw-scale-x: 1;--tw-scale-y: 1;--tw-scroll-snap-strictness: proximity;--tw-ring-offset-width: 0px;--tw-ring-offset-color: #fff;--tw-ring-offset-shadow: 0 0 #0000;--tw-ring-shadow: 0 0 #0000;--tw-shadow: 0 0 #0000;--tw-shadow-colored: 0 0 #0000;font-family: -apple-system, BlinkMacSystemFont, 'Segoe UI', Roboto, Helvetica, Arial, sans-serif;font-size: 20px;font-weight: 400;line-height: inherit;margin: 0px;padding: 0.5rem;text-transform: none;background-color: transparent;background-image: none;cursor: default;height: 2.5rem;width: 2.5rem;border-radius: 0.25rem;--tw-text-opacity: 1;border: 0px solid currentcolor\" disabled=\"disabled\" type=\"button\" aria-label=\"Redo\" data-testid=\"translator-target-local-redo\" aria-describedby=\"deepl-ui-tooltip-id-111\"><\/button>\n<div class=\"lmt__source_toolbar__spacer\"><img loading=\"lazy\" decoding=\"async\" class=\"aligncenter wp-image-33357 \" src=\"http:\/\/www.afprofilters.com\/wp-content\/uploads\/2023\/09\/Tableau-ISO-16890-test.png\" alt=\"ISO16890\" width=\"823\" height=\"146\" srcset=\"https:\/\/www.afprofilters.com\/wp-content\/uploads\/2023\/09\/Tableau-ISO-16890-test.png 1296w, https:\/\/www.afprofilters.com\/wp-content\/uploads\/2023\/09\/Tableau-ISO-16890-test-300x53.png 300w, https:\/\/www.afprofilters.com\/wp-content\/uploads\/2023\/09\/Tableau-ISO-16890-test-1024x182.png 1024w, https:\/\/www.afprofilters.com\/wp-content\/uploads\/2023\/09\/Tableau-ISO-16890-test-768x136.png 768w\" sizes=\"auto, (max-width: 823px) 100vw, 823px\" \/><\/div>\n<div class=\"max-[779px]:hidden\">\u00a0<\/div>\n<\/div>\n<\/div>\n<h2><strong>La qualit\u00e9 de l&rsquo;air ext\u00e9rieur<\/strong><\/h2>\n<p>92% de la population mondiale vit dans des lieux o\u00f9 les lignes directrices relatives \u00e0 la qualit\u00e9 de l\u2019air ne sont pas respect\u00e9es. D\u2019ailleurs, de nombreuses recherches mettent en \u00e9vidence les zones sp\u00e9cifiques o\u00f9 les niveaux de qualit\u00e9 de l\u2019air ne respectent pas les limites fix\u00e9es par l\u2019OMS. Cette carte montre l\u2019\u00e9tendue du probl\u00e8me en France.<\/p>\n<p><img loading=\"lazy\" decoding=\"async\" class=\"alignnone wp-image-33373 \" src=\"http:\/\/www.afprofilters.com\/wp-content\/uploads\/2023\/09\/QAE.png\" alt=\"QAE\" width=\"686\" height=\"403\" srcset=\"https:\/\/www.afprofilters.com\/wp-content\/uploads\/2023\/09\/QAE.png 1140w, https:\/\/www.afprofilters.com\/wp-content\/uploads\/2023\/09\/QAE-300x176.png 300w, https:\/\/www.afprofilters.com\/wp-content\/uploads\/2023\/09\/QAE-1024x602.png 1024w, https:\/\/www.afprofilters.com\/wp-content\/uploads\/2023\/09\/QAE-768x451.png 768w\" sizes=\"auto, (max-width: 686px) 100vw, 686px\" \/><\/p>\n<h2>\u00a0<\/h2>\n\n\n<\/h2>\n<figure class=\"wp-block-image\"><img loading=\"lazy\" decoding=\"async\" class=\"wp-image-33365\" src=\"https:\/\/www.afprofilters.com\/wp-content\/uploads\/2023\/09\/Tableau-Qualite-dair-exterieur.png\" alt=\"\" width=\"438\" height=\"111\" srcset=\"https:\/\/www.afprofilters.com\/wp-content\/uploads\/2023\/09\/Tableau-Qualite-dair-exterieur.png 695w, https:\/\/www.afprofilters.com\/wp-content\/uploads\/2023\/09\/Tableau-Qualite-dair-exterieur-300x76.png 300w\" sizes=\"auto, (max-width: 438px) 100vw, 438px\" \/><\/figure>\n<p>\u00a0<\/p>\n<h2>Comment choisir le bon filtre \u00e0 air ?<\/h2>\n<p>Eurovent a r\u00e9dig\u00e9 une directive pour s\u00e9lectionner les filtres \u00e0 air en fonction de la norme ISO16890 (Directive 4\/23-2022). Le tableau ci-dessous montre l\u2019efficacit\u00e9 n\u00e9cessaire selon la qualit\u00e9 de l&rsquo;air ext\u00e9rieur (QAE) et le type d\u2019application industrielle. Pour chaque espace public ou lieu de travail, il existe un filtre qui correspond aux besoins de chacun.<\/p>\n<p><img loading=\"lazy\" decoding=\"async\" class=\"alignnone wp-image-33382 size-full\" src=\"http:\/\/www.afprofilters.com\/wp-content\/uploads\/2023\/09\/Tableau-Qualite-dair-exterieur-par-lieu.png\" alt=\"Qualit\u00e9 d'air ext\u00e9rieur \" width=\"836\" height=\"626\" srcset=\"https:\/\/www.afprofilters.com\/wp-content\/uploads\/2023\/09\/Tableau-Qualite-dair-exterieur-par-lieu.png 836w, https:\/\/www.afprofilters.com\/wp-content\/uploads\/2023\/09\/Tableau-Qualite-dair-exterieur-par-lieu-300x225.png 300w, https:\/\/www.afprofilters.com\/wp-content\/uploads\/2023\/09\/Tableau-Qualite-dair-exterieur-par-lieu-768x575.png 768w\" sizes=\"auto, (max-width: 836px) 100vw, 836px\" \/><\/p>\n<p><br \/>Il est donc fondamental de prendre en compte ces param\u00e8tres dans le choix des filtres \u00e0 air car, au del\u00e0 de l&rsquo;aspect financier, son efficacit\u00e9 de filtration et sa consommation \u00e9nerg\u00e9tique sont d\u00e9cisifs.<\/p>\n<p>\u00a0<\/p>\n<h2><strong>Classification et gamme de filtres AFPRO<\/strong><\/h2>\n<h2><img loading=\"lazy\" decoding=\"async\" class=\"alignnone wp-image-33389 size-full\" src=\"http:\/\/www.afprofilters.com\/wp-content\/uploads\/2023\/09\/classe-de-filtration-et-gamme-de-produits.png\" alt=\"gamme de produits AFPRO\" width=\"1217\" height=\"356\" srcset=\"https:\/\/www.afprofilters.com\/wp-content\/uploads\/2023\/09\/classe-de-filtration-et-gamme-de-produits.png 1217w, https:\/\/www.afprofilters.com\/wp-content\/uploads\/2023\/09\/classe-de-filtration-et-gamme-de-produits-300x88.png 300w, https:\/\/www.afprofilters.com\/wp-content\/uploads\/2023\/09\/classe-de-filtration-et-gamme-de-produits-1024x300.png 1024w, https:\/\/www.afprofilters.com\/wp-content\/uploads\/2023\/09\/classe-de-filtration-et-gamme-de-produits-768x225.png 768w\" sizes=\"auto, (max-width: 1217px) 100vw, 1217px\" \/><\/h2>\n<p>\u00a0<\/p>\n<p>\u00a0<\/p>\n<p>\u00a0<\/p>\n","protected":false},"excerpt":{"rendered":"<p>Les avantages de la classification des filtres \u00e0 air selon la norme ISO 16890 La norme ISO 16890, qui a remplac\u00e9 l&rsquo;ancienne norme EN779:2012, est la ligne directrice mondiale pour les essais et la classification des filtres \u00e0 air. \u00a0 La norme ISO 16890 classe les filtres \u00e0 air en 4 cat\u00e9gories : pour entrer [&hellip;]<\/p>\n","protected":false},"author":2,"featured_media":0,"parent":10411,"menu_order":0,"comment_status":"closed","ping_status":"closed","template":"","meta":{"_acf_changed":false,"footnotes":""},"class_list":["post-1360","page","type-page","status-publish","hentry"],"acf":[],"yoast_head":"<!-- This site is optimized with the Yoast SEO plugin v27.3 - https:\/\/yoast.com\/product\/yoast-seo-wordpress\/ -->\n<title>Recommandations et conseils - AFPRO<\/title>\n<meta name=\"robots\" content=\"index, follow, max-snippet:-1, max-image-preview:large, max-video-preview:-1\" \/>\n<link rel=\"canonical\" href=\"https:\/\/www.afprofilters.com\/fr\/nos-conseils\/recommandations-et-conseils\/\" \/>\n<meta property=\"og:locale\" content=\"fr_FR\" \/>\n<meta property=\"og:type\" content=\"article\" \/>\n<meta property=\"og:title\" content=\"Recommandations et conseils - AFPRO\" \/>\n<meta property=\"og:description\" content=\"Les avantages de la classification des filtres \u00e0 air selon la norme ISO 16890 La norme ISO 16890, qui a remplac\u00e9 l&rsquo;ancienne norme EN779:2012, est la ligne directrice mondiale pour les essais et la classification des filtres \u00e0 air. \u00a0 La norme ISO 16890 classe les filtres \u00e0 air en 4 cat\u00e9gories : pour entrer [&hellip;]\" \/>\n<meta property=\"og:url\" content=\"https:\/\/www.afprofilters.com\/fr\/nos-conseils\/recommandations-et-conseils\/\" \/>\n<meta property=\"og:site_name\" content=\"AFPRO\" \/>\n<meta property=\"article:modified_time\" content=\"2023-12-19T09:39:21+00:00\" \/>\n<meta property=\"og:image\" content=\"http:\/\/www.afprofilters.com\/wp-content\/uploads\/2023\/09\/Tableau-ISO-16890-test.png\" \/>\n<meta name=\"twitter:card\" content=\"summary_large_image\" \/>\n<meta name=\"twitter:label1\" content=\"Dur\u00e9e de lecture estim\u00e9e\" \/>\n\t<meta name=\"twitter:data1\" content=\"4 minutes\" \/>\n<script type=\"application\/ld+json\" class=\"yoast-schema-graph\">{\"@context\":\"https:\\\/\\\/schema.org\",\"@graph\":[{\"@type\":\"WebPage\",\"@id\":\"https:\\\/\\\/www.afprofilters.com\\\/fr\\\/nos-conseils\\\/recommandations-et-conseils\\\/\",\"url\":\"https:\\\/\\\/www.afprofilters.com\\\/fr\\\/nos-conseils\\\/recommandations-et-conseils\\\/\",\"name\":\"Recommandations et conseils - AFPRO\",\"isPartOf\":{\"@id\":\"https:\\\/\\\/www.afprofilters.com\\\/fr\\\/#website\"},\"primaryImageOfPage\":{\"@id\":\"https:\\\/\\\/www.afprofilters.com\\\/fr\\\/nos-conseils\\\/recommandations-et-conseils\\\/#primaryimage\"},\"image\":{\"@id\":\"https:\\\/\\\/www.afprofilters.com\\\/fr\\\/nos-conseils\\\/recommandations-et-conseils\\\/#primaryimage\"},\"thumbnailUrl\":\"http:\\\/\\\/www.afprofilters.com\\\/wp-content\\\/uploads\\\/2023\\\/09\\\/Tableau-ISO-16890-test.png\",\"datePublished\":\"2016-09-07T08:09:30+00:00\",\"dateModified\":\"2023-12-19T09:39:21+00:00\",\"breadcrumb\":{\"@id\":\"https:\\\/\\\/www.afprofilters.com\\\/fr\\\/nos-conseils\\\/recommandations-et-conseils\\\/#breadcrumb\"},\"inLanguage\":\"fr-FR\",\"potentialAction\":[{\"@type\":\"ReadAction\",\"target\":[\"https:\\\/\\\/www.afprofilters.com\\\/fr\\\/nos-conseils\\\/recommandations-et-conseils\\\/\"]}]},{\"@type\":\"ImageObject\",\"inLanguage\":\"fr-FR\",\"@id\":\"https:\\\/\\\/www.afprofilters.com\\\/fr\\\/nos-conseils\\\/recommandations-et-conseils\\\/#primaryimage\",\"url\":\"http:\\\/\\\/www.afprofilters.com\\\/wp-content\\\/uploads\\\/2023\\\/09\\\/Tableau-ISO-16890-test.png\",\"contentUrl\":\"http:\\\/\\\/www.afprofilters.com\\\/wp-content\\\/uploads\\\/2023\\\/09\\\/Tableau-ISO-16890-test.png\"},{\"@type\":\"BreadcrumbList\",\"@id\":\"https:\\\/\\\/www.afprofilters.com\\\/fr\\\/nos-conseils\\\/recommandations-et-conseils\\\/#breadcrumb\",\"itemListElement\":[{\"@type\":\"ListItem\",\"position\":1,\"name\":\"\",\"item\":\"https:\\\/\\\/www.afprofilters.com\\\/fr\\\/\"},{\"@type\":\"ListItem\",\"position\":2,\"name\":\"Nos conseils\",\"item\":\"https:\\\/\\\/www.afprofilters.com\\\/fr\\\/nos-conseils\\\/\"},{\"@type\":\"ListItem\",\"position\":3,\"name\":\"Recommandations et conseils\"}]},{\"@type\":\"WebSite\",\"@id\":\"https:\\\/\\\/www.afprofilters.com\\\/fr\\\/#website\",\"url\":\"https:\\\/\\\/www.afprofilters.com\\\/fr\\\/\",\"name\":\"AFPRO\",\"description\":\"AFPRO Filters\",\"publisher\":{\"@id\":\"https:\\\/\\\/www.afprofilters.com\\\/fr\\\/#organization\"},\"potentialAction\":[{\"@type\":\"SearchAction\",\"target\":{\"@type\":\"EntryPoint\",\"urlTemplate\":\"https:\\\/\\\/www.afprofilters.com\\\/fr\\\/?s={search_term_string}\"},\"query-input\":{\"@type\":\"PropertyValueSpecification\",\"valueRequired\":true,\"valueName\":\"search_term_string\"}}],\"inLanguage\":\"fr-FR\"},{\"@type\":\"Organization\",\"@id\":\"https:\\\/\\\/www.afprofilters.com\\\/fr\\\/#organization\",\"name\":\"AFPRO\",\"url\":\"https:\\\/\\\/www.afprofilters.com\\\/fr\\\/\",\"logo\":{\"@type\":\"ImageObject\",\"inLanguage\":\"fr-FR\",\"@id\":\"https:\\\/\\\/www.afprofilters.com\\\/fr\\\/#\\\/schema\\\/logo\\\/image\\\/\",\"url\":\"https:\\\/\\\/www.afprofilters.com\\\/wp-content\\\/uploads\\\/2021\\\/05\\\/AFPRO-logo.png\",\"contentUrl\":\"https:\\\/\\\/www.afprofilters.com\\\/wp-content\\\/uploads\\\/2021\\\/05\\\/AFPRO-logo.png\",\"width\":640,\"height\":177,\"caption\":\"AFPRO\"},\"image\":{\"@id\":\"https:\\\/\\\/www.afprofilters.com\\\/fr\\\/#\\\/schema\\\/logo\\\/image\\\/\"}}]}<\/script>\n<!-- \/ Yoast SEO plugin. -->","yoast_head_json":{"title":"Recommandations et conseils - AFPRO","robots":{"index":"index","follow":"follow","max-snippet":"max-snippet:-1","max-image-preview":"max-image-preview:large","max-video-preview":"max-video-preview:-1"},"canonical":"https:\/\/www.afprofilters.com\/fr\/nos-conseils\/recommandations-et-conseils\/","og_locale":"fr_FR","og_type":"article","og_title":"Recommandations et conseils - AFPRO","og_description":"Les avantages de la classification des filtres \u00e0 air selon la norme ISO 16890 La norme ISO 16890, qui a remplac\u00e9 l&rsquo;ancienne norme EN779:2012, est la ligne directrice mondiale pour les essais et la classification des filtres \u00e0 air. \u00a0 La norme ISO 16890 classe les filtres \u00e0 air en 4 cat\u00e9gories : pour entrer [&hellip;]","og_url":"https:\/\/www.afprofilters.com\/fr\/nos-conseils\/recommandations-et-conseils\/","og_site_name":"AFPRO","article_modified_time":"2023-12-19T09:39:21+00:00","og_image":[{"url":"http:\/\/www.afprofilters.com\/wp-content\/uploads\/2023\/09\/Tableau-ISO-16890-test.png","type":"","width":"","height":""}],"twitter_card":"summary_large_image","twitter_misc":{"Dur\u00e9e de lecture estim\u00e9e":"4 minutes"},"schema":{"@context":"https:\/\/schema.org","@graph":[{"@type":"WebPage","@id":"https:\/\/www.afprofilters.com\/fr\/nos-conseils\/recommandations-et-conseils\/","url":"https:\/\/www.afprofilters.com\/fr\/nos-conseils\/recommandations-et-conseils\/","name":"Recommandations et conseils - AFPRO","isPartOf":{"@id":"https:\/\/www.afprofilters.com\/fr\/#website"},"primaryImageOfPage":{"@id":"https:\/\/www.afprofilters.com\/fr\/nos-conseils\/recommandations-et-conseils\/#primaryimage"},"image":{"@id":"https:\/\/www.afprofilters.com\/fr\/nos-conseils\/recommandations-et-conseils\/#primaryimage"},"thumbnailUrl":"http:\/\/www.afprofilters.com\/wp-content\/uploads\/2023\/09\/Tableau-ISO-16890-test.png","datePublished":"2016-09-07T08:09:30+00:00","dateModified":"2023-12-19T09:39:21+00:00","breadcrumb":{"@id":"https:\/\/www.afprofilters.com\/fr\/nos-conseils\/recommandations-et-conseils\/#breadcrumb"},"inLanguage":"fr-FR","potentialAction":[{"@type":"ReadAction","target":["https:\/\/www.afprofilters.com\/fr\/nos-conseils\/recommandations-et-conseils\/"]}]},{"@type":"ImageObject","inLanguage":"fr-FR","@id":"https:\/\/www.afprofilters.com\/fr\/nos-conseils\/recommandations-et-conseils\/#primaryimage","url":"http:\/\/www.afprofilters.com\/wp-content\/uploads\/2023\/09\/Tableau-ISO-16890-test.png","contentUrl":"http:\/\/www.afprofilters.com\/wp-content\/uploads\/2023\/09\/Tableau-ISO-16890-test.png"},{"@type":"BreadcrumbList","@id":"https:\/\/www.afprofilters.com\/fr\/nos-conseils\/recommandations-et-conseils\/#breadcrumb","itemListElement":[{"@type":"ListItem","position":1,"name":"","item":"https:\/\/www.afprofilters.com\/fr\/"},{"@type":"ListItem","position":2,"name":"Nos conseils","item":"https:\/\/www.afprofilters.com\/fr\/nos-conseils\/"},{"@type":"ListItem","position":3,"name":"Recommandations et conseils"}]},{"@type":"WebSite","@id":"https:\/\/www.afprofilters.com\/fr\/#website","url":"https:\/\/www.afprofilters.com\/fr\/","name":"AFPRO","description":"AFPRO Filters","publisher":{"@id":"https:\/\/www.afprofilters.com\/fr\/#organization"},"potentialAction":[{"@type":"SearchAction","target":{"@type":"EntryPoint","urlTemplate":"https:\/\/www.afprofilters.com\/fr\/?s={search_term_string}"},"query-input":{"@type":"PropertyValueSpecification","valueRequired":true,"valueName":"search_term_string"}}],"inLanguage":"fr-FR"},{"@type":"Organization","@id":"https:\/\/www.afprofilters.com\/fr\/#organization","name":"AFPRO","url":"https:\/\/www.afprofilters.com\/fr\/","logo":{"@type":"ImageObject","inLanguage":"fr-FR","@id":"https:\/\/www.afprofilters.com\/fr\/#\/schema\/logo\/image\/","url":"https:\/\/www.afprofilters.com\/wp-content\/uploads\/2021\/05\/AFPRO-logo.png","contentUrl":"https:\/\/www.afprofilters.com\/wp-content\/uploads\/2021\/05\/AFPRO-logo.png","width":640,"height":177,"caption":"AFPRO"},"image":{"@id":"https:\/\/www.afprofilters.com\/fr\/#\/schema\/logo\/image\/"}}]}},"_links":{"self":[{"href":"https:\/\/www.afprofilters.com\/fr\/wp-json\/wp\/v2\/pages\/1360","targetHints":{"allow":["GET"]}}],"collection":[{"href":"https:\/\/www.afprofilters.com\/fr\/wp-json\/wp\/v2\/pages"}],"about":[{"href":"https:\/\/www.afprofilters.com\/fr\/wp-json\/wp\/v2\/types\/page"}],"author":[{"embeddable":true,"href":"https:\/\/www.afprofilters.com\/fr\/wp-json\/wp\/v2\/users\/2"}],"replies":[{"embeddable":true,"href":"https:\/\/www.afprofilters.com\/fr\/wp-json\/wp\/v2\/comments?post=1360"}],"version-history":[{"count":0,"href":"https:\/\/www.afprofilters.com\/fr\/wp-json\/wp\/v2\/pages\/1360\/revisions"}],"up":[{"embeddable":true,"href":"https:\/\/www.afprofilters.com\/fr\/wp-json\/wp\/v2\/pages\/10411"}],"wp:attachment":[{"href":"https:\/\/www.afprofilters.com\/fr\/wp-json\/wp\/v2\/media?parent=1360"}],"curies":[{"name":"wp","href":"https:\/\/api.w.org\/{rel}","templated":true}]}}