{"id":1358,"date":"2016-09-07T07:54:18","date_gmt":"2016-09-07T07:54:18","guid":{"rendered":"https:\/\/www.afprofilters.com\/?page_id=1358&#038;lang=fr"},"modified":"2022-07-21T14:52:05","modified_gmt":"2022-07-21T14:52:05","slug":"directives-pour-le-montage-et-la-maintenance","status":"publish","type":"page","link":"https:\/\/www.afprofilters.com\/fr\/expertises\/directives-pour-le-montage-et-la-maintenance\/","title":{"rendered":"Directives pour le montage et la maintenance"},"content":{"rendered":"<p><strong>Les filtres\u00a0\u00e0 air et les syst\u00e8mes d\u2019aspiration et d\u2019extraction doivent \u00eatre con\u00e7us et pos\u00e9s de telle fa\u00e7on qu\u2019ils puissent \u00eatre r\u00e9guli\u00e8rement inspect\u00e9s et entretenus. Pour garantir un fonctionnement dans des conditions techniques et d\u2019hygi\u00e8ne optimales, le mieux est de confier l\u2019inspection\u00a0\u00e0 du personnel sp\u00e9cialis\u00e9 interne ou externe. Si vous vous chargez vous-m\u00eame de l\u2019entretien et de l\u2019inspection, respectez les dispositions pr\u00e9vues par les normes EN 13779, VDI 6022-2 (2006) et VDI 3802 (2002).<\/strong><\/p>\n<h3><strong><br \/>Points importants<\/strong><\/h3>\n<ul>\n<li>Le premier filtre doit se trouver le plus proche possible de l\u2019admission d\u2019air ou de la chambre de m\u00e9lange. Dans le cas d\u2019une forte charge de particules, ajouter un filtre suppl\u00e9mentaire avant l\u2019admission d\u2019air.<br \/><br \/><\/li>\n<li>Le deuxi\u00e8me filtre est le dernier \u00e9l\u00e9ment du traitement de l\u2019air. En cas d\u2019utilisation de ventilateurs avec courroies trap\u00e9zo\u00efdales, il convient de toujours installer un deuxi\u00e8me filtre.<br \/><br \/><\/li>\n<li>L&rsquo;espace o\u00f9 il y a les filtres doit \u00eatre accessible pour faciliter les inspections visuelles et le remplacement des filtres. A partir de 1,3 m, pr\u00e9voir un \u00e9clairage int\u00e9rieur et\u00a0\u00e0 partir de 1,6 m, pr\u00e9voir un acc\u00e8s par deux c\u00f4t\u00e9s (\u00e0 l\u2019avant et\u00a0\u00e0 l\u2019arri\u00e8re du filtre).<br \/><br \/><\/li>\n<li>Les filtres doivent \u00eatre pos\u00e9s et chang\u00e9s par le c\u00f4t\u00e9 air pollu\u00e9.<br \/><br \/><\/li>\n<li>Garantir l\u2019\u00e9tanch\u00e9it\u00e9 des joints, veiller au respect de la norme EN 1886. Utiliser uniquement des cadres avec joints cellulaires ferm\u00e9s.<br \/><br \/><\/li>\n<li>Le flux d\u2019air dans les filtres doit \u00eatre uniforme pour pr\u00e9venir les \u00e0-coups de pression et les flux transversaux.<br \/><br \/><\/li>\n<li>Pour les filtres\u00a0\u00e0 poches, les poches doivent \u00eatre mises en position verticale pour \u00e9viter l\u2019affaissement et la salissure du fond de l\u2019installation.<br \/><br \/><\/li>\n<li>L\u2019installation doit \u00eatre pourvue d\u2019un manom\u00e8tre indiquant les chutes de pressions \u2013 donc pas de manom\u00e8tre\u00a0\u00e0 liquide \u2013 et d\u2019un compteur horaire.<br \/><br \/><\/li>\n<li>Pour \u00e9viter l\u2019affaissement et la prolif\u00e9ration microbiologique, pr\u00e9voir un \u00e9quipement contr\u00f4lant le taux d\u2019hygrom\u00e9trie relative (RV). Pour le deuxi\u00e8me filtre, l\u2019hygrom\u00e9trie doit \u00eatre &lt; 90 %.<br \/><br \/><\/li>\n<li>Pour les volants thermiques et les filtres, l\u2019air\u00a0recycl\u00e9 doit passer par un filtre de la m\u00eame classe que celui utilis\u00e9 pour l\u2019admission d\u2019air.<\/li>\n<li>La r\u00e9sistance finale du stage de filtration doit \u00eatre d\u00e9fini en fonction des consid\u00e9rations \u00e9nerg\u00e9tiques (LCC et LCA) et de la hauteur d\u2019aspiration disponible du ventilateur.<br \/><br \/><\/li>\n<li>Les \u00e9tages de filtration doivent\u00a0clairement indiquer les donn\u00e9es suivantes :<br \/>\u2013 le flux volumique d\u2019air de l\u2019ensemble de l\u2019installation (et pas de chaque filtre)<br \/>\u2013 le nombre de filtres<br \/>\u2013 la classe des filtres<br \/>\u2013 les dimensions des filtres<br \/>\u2013 la r\u00e9sistance finale recommand\u00e9e pour l\u2019ensemble de l\u2019installation (et pas pour chaque filtre)<\/li>\n<\/ul>\n\n\n<div class=\"wp-block-buttons is-layout-flex wp-block-buttons-is-layout-flex\">\n<div class=\"wp-block-button\"><a class=\"wp-block-button__link\" href=\"https:\/\/www.afprofilters.com\/fr\/contactez-nous\/\">Contact<\/a><\/div>\n<\/div>\n","protected":false},"excerpt":{"rendered":"<p>Les filtres\u00a0\u00e0 air et les syst\u00e8mes d\u2019aspiration et d\u2019extraction doivent \u00eatre con\u00e7us et pos\u00e9s de telle fa\u00e7on qu\u2019ils puissent \u00eatre r\u00e9guli\u00e8rement inspect\u00e9s et entretenus. Pour garantir un fonctionnement dans des conditions techniques et d\u2019hygi\u00e8ne optimales, le mieux est de confier l\u2019inspection\u00a0\u00e0 du personnel sp\u00e9cialis\u00e9 interne ou externe. Si vous vous chargez vous-m\u00eame de l\u2019entretien et [&hellip;]<\/p>\n","protected":false},"author":2,"featured_media":0,"parent":1413,"menu_order":0,"comment_status":"closed","ping_status":"closed","template":"","meta":{"_acf_changed":false,"footnotes":""},"class_list":["post-1358","page","type-page","status-publish","hentry"],"acf":[],"yoast_head":"<!-- This site is optimized with the Yoast SEO plugin v27.3 - https:\/\/yoast.com\/product\/yoast-seo-wordpress\/ -->\n<title>Directives pour le montage et la maintenance - AFPRO<\/title>\n<meta name=\"robots\" content=\"index, follow, max-snippet:-1, max-image-preview:large, max-video-preview:-1\" \/>\n<link rel=\"canonical\" href=\"https:\/\/www.afprofilters.com\/fr\/expertises\/directives-pour-le-montage-et-la-maintenance\/\" \/>\n<meta property=\"og:locale\" content=\"fr_FR\" \/>\n<meta property=\"og:type\" content=\"article\" \/>\n<meta property=\"og:title\" content=\"Directives pour le montage et la maintenance - AFPRO\" \/>\n<meta property=\"og:description\" content=\"Les filtres\u00a0\u00e0 air et les syst\u00e8mes d\u2019aspiration et d\u2019extraction doivent \u00eatre con\u00e7us et pos\u00e9s de telle fa\u00e7on qu\u2019ils puissent \u00eatre r\u00e9guli\u00e8rement inspect\u00e9s et entretenus. Pour garantir un fonctionnement dans des conditions techniques et d\u2019hygi\u00e8ne optimales, le mieux est de confier l\u2019inspection\u00a0\u00e0 du personnel sp\u00e9cialis\u00e9 interne ou externe. Si vous vous chargez vous-m\u00eame de l\u2019entretien et [&hellip;]\" \/>\n<meta property=\"og:url\" content=\"https:\/\/www.afprofilters.com\/fr\/expertises\/directives-pour-le-montage-et-la-maintenance\/\" \/>\n<meta property=\"og:site_name\" content=\"AFPRO\" \/>\n<meta property=\"article:modified_time\" content=\"2022-07-21T14:52:05+00:00\" \/>\n<meta name=\"twitter:card\" content=\"summary_large_image\" \/>\n<meta name=\"twitter:label1\" content=\"Dur\u00e9e de lecture estim\u00e9e\" \/>\n\t<meta name=\"twitter:data1\" content=\"2 minutes\" \/>\n<script type=\"application\/ld+json\" class=\"yoast-schema-graph\">{\"@context\":\"https:\\\/\\\/schema.org\",\"@graph\":[{\"@type\":\"WebPage\",\"@id\":\"https:\\\/\\\/www.afprofilters.com\\\/fr\\\/expertises\\\/directives-pour-le-montage-et-la-maintenance\\\/\",\"url\":\"https:\\\/\\\/www.afprofilters.com\\\/fr\\\/expertises\\\/directives-pour-le-montage-et-la-maintenance\\\/\",\"name\":\"Directives pour le montage et la maintenance - AFPRO\",\"isPartOf\":{\"@id\":\"https:\\\/\\\/www.afprofilters.com\\\/fr\\\/#website\"},\"datePublished\":\"2016-09-07T07:54:18+00:00\",\"dateModified\":\"2022-07-21T14:52:05+00:00\",\"breadcrumb\":{\"@id\":\"https:\\\/\\\/www.afprofilters.com\\\/fr\\\/expertises\\\/directives-pour-le-montage-et-la-maintenance\\\/#breadcrumb\"},\"inLanguage\":\"fr-FR\",\"potentialAction\":[{\"@type\":\"ReadAction\",\"target\":[\"https:\\\/\\\/www.afprofilters.com\\\/fr\\\/expertises\\\/directives-pour-le-montage-et-la-maintenance\\\/\"]}]},{\"@type\":\"BreadcrumbList\",\"@id\":\"https:\\\/\\\/www.afprofilters.com\\\/fr\\\/expertises\\\/directives-pour-le-montage-et-la-maintenance\\\/#breadcrumb\",\"itemListElement\":[{\"@type\":\"ListItem\",\"position\":1,\"name\":\"\",\"item\":\"https:\\\/\\\/www.afprofilters.com\\\/fr\\\/\"},{\"@type\":\"ListItem\",\"position\":2,\"name\":\"Expertises\",\"item\":\"https:\\\/\\\/www.afprofilters.com\\\/fr\\\/expertises\\\/\"},{\"@type\":\"ListItem\",\"position\":3,\"name\":\"Directives pour le montage et la maintenance\"}]},{\"@type\":\"WebSite\",\"@id\":\"https:\\\/\\\/www.afprofilters.com\\\/fr\\\/#website\",\"url\":\"https:\\\/\\\/www.afprofilters.com\\\/fr\\\/\",\"name\":\"AFPRO\",\"description\":\"AFPRO Filters\",\"publisher\":{\"@id\":\"https:\\\/\\\/www.afprofilters.com\\\/fr\\\/#organization\"},\"potentialAction\":[{\"@type\":\"SearchAction\",\"target\":{\"@type\":\"EntryPoint\",\"urlTemplate\":\"https:\\\/\\\/www.afprofilters.com\\\/fr\\\/?s={search_term_string}\"},\"query-input\":{\"@type\":\"PropertyValueSpecification\",\"valueRequired\":true,\"valueName\":\"search_term_string\"}}],\"inLanguage\":\"fr-FR\"},{\"@type\":\"Organization\",\"@id\":\"https:\\\/\\\/www.afprofilters.com\\\/fr\\\/#organization\",\"name\":\"AFPRO\",\"url\":\"https:\\\/\\\/www.afprofilters.com\\\/fr\\\/\",\"logo\":{\"@type\":\"ImageObject\",\"inLanguage\":\"fr-FR\",\"@id\":\"https:\\\/\\\/www.afprofilters.com\\\/fr\\\/#\\\/schema\\\/logo\\\/image\\\/\",\"url\":\"https:\\\/\\\/www.afprofilters.com\\\/wp-content\\\/uploads\\\/2021\\\/05\\\/AFPRO-logo.png\",\"contentUrl\":\"https:\\\/\\\/www.afprofilters.com\\\/wp-content\\\/uploads\\\/2021\\\/05\\\/AFPRO-logo.png\",\"width\":640,\"height\":177,\"caption\":\"AFPRO\"},\"image\":{\"@id\":\"https:\\\/\\\/www.afprofilters.com\\\/fr\\\/#\\\/schema\\\/logo\\\/image\\\/\"}}]}<\/script>\n<!-- \/ Yoast SEO plugin. -->","yoast_head_json":{"title":"Directives pour le montage et la maintenance - AFPRO","robots":{"index":"index","follow":"follow","max-snippet":"max-snippet:-1","max-image-preview":"max-image-preview:large","max-video-preview":"max-video-preview:-1"},"canonical":"https:\/\/www.afprofilters.com\/fr\/expertises\/directives-pour-le-montage-et-la-maintenance\/","og_locale":"fr_FR","og_type":"article","og_title":"Directives pour le montage et la maintenance - AFPRO","og_description":"Les filtres\u00a0\u00e0 air et les syst\u00e8mes d\u2019aspiration et d\u2019extraction doivent \u00eatre con\u00e7us et pos\u00e9s de telle fa\u00e7on qu\u2019ils puissent \u00eatre r\u00e9guli\u00e8rement inspect\u00e9s et entretenus. Pour garantir un fonctionnement dans des conditions techniques et d\u2019hygi\u00e8ne optimales, le mieux est de confier l\u2019inspection\u00a0\u00e0 du personnel sp\u00e9cialis\u00e9 interne ou externe. Si vous vous chargez vous-m\u00eame de l\u2019entretien et [&hellip;]","og_url":"https:\/\/www.afprofilters.com\/fr\/expertises\/directives-pour-le-montage-et-la-maintenance\/","og_site_name":"AFPRO","article_modified_time":"2022-07-21T14:52:05+00:00","twitter_card":"summary_large_image","twitter_misc":{"Dur\u00e9e de lecture estim\u00e9e":"2 minutes"},"schema":{"@context":"https:\/\/schema.org","@graph":[{"@type":"WebPage","@id":"https:\/\/www.afprofilters.com\/fr\/expertises\/directives-pour-le-montage-et-la-maintenance\/","url":"https:\/\/www.afprofilters.com\/fr\/expertises\/directives-pour-le-montage-et-la-maintenance\/","name":"Directives pour le montage et la maintenance - AFPRO","isPartOf":{"@id":"https:\/\/www.afprofilters.com\/fr\/#website"},"datePublished":"2016-09-07T07:54:18+00:00","dateModified":"2022-07-21T14:52:05+00:00","breadcrumb":{"@id":"https:\/\/www.afprofilters.com\/fr\/expertises\/directives-pour-le-montage-et-la-maintenance\/#breadcrumb"},"inLanguage":"fr-FR","potentialAction":[{"@type":"ReadAction","target":["https:\/\/www.afprofilters.com\/fr\/expertises\/directives-pour-le-montage-et-la-maintenance\/"]}]},{"@type":"BreadcrumbList","@id":"https:\/\/www.afprofilters.com\/fr\/expertises\/directives-pour-le-montage-et-la-maintenance\/#breadcrumb","itemListElement":[{"@type":"ListItem","position":1,"name":"","item":"https:\/\/www.afprofilters.com\/fr\/"},{"@type":"ListItem","position":2,"name":"Expertises","item":"https:\/\/www.afprofilters.com\/fr\/expertises\/"},{"@type":"ListItem","position":3,"name":"Directives pour le montage et la maintenance"}]},{"@type":"WebSite","@id":"https:\/\/www.afprofilters.com\/fr\/#website","url":"https:\/\/www.afprofilters.com\/fr\/","name":"AFPRO","description":"AFPRO Filters","publisher":{"@id":"https:\/\/www.afprofilters.com\/fr\/#organization"},"potentialAction":[{"@type":"SearchAction","target":{"@type":"EntryPoint","urlTemplate":"https:\/\/www.afprofilters.com\/fr\/?s={search_term_string}"},"query-input":{"@type":"PropertyValueSpecification","valueRequired":true,"valueName":"search_term_string"}}],"inLanguage":"fr-FR"},{"@type":"Organization","@id":"https:\/\/www.afprofilters.com\/fr\/#organization","name":"AFPRO","url":"https:\/\/www.afprofilters.com\/fr\/","logo":{"@type":"ImageObject","inLanguage":"fr-FR","@id":"https:\/\/www.afprofilters.com\/fr\/#\/schema\/logo\/image\/","url":"https:\/\/www.afprofilters.com\/wp-content\/uploads\/2021\/05\/AFPRO-logo.png","contentUrl":"https:\/\/www.afprofilters.com\/wp-content\/uploads\/2021\/05\/AFPRO-logo.png","width":640,"height":177,"caption":"AFPRO"},"image":{"@id":"https:\/\/www.afprofilters.com\/fr\/#\/schema\/logo\/image\/"}}]}},"_links":{"self":[{"href":"https:\/\/www.afprofilters.com\/fr\/wp-json\/wp\/v2\/pages\/1358","targetHints":{"allow":["GET"]}}],"collection":[{"href":"https:\/\/www.afprofilters.com\/fr\/wp-json\/wp\/v2\/pages"}],"about":[{"href":"https:\/\/www.afprofilters.com\/fr\/wp-json\/wp\/v2\/types\/page"}],"author":[{"embeddable":true,"href":"https:\/\/www.afprofilters.com\/fr\/wp-json\/wp\/v2\/users\/2"}],"replies":[{"embeddable":true,"href":"https:\/\/www.afprofilters.com\/fr\/wp-json\/wp\/v2\/comments?post=1358"}],"version-history":[{"count":0,"href":"https:\/\/www.afprofilters.com\/fr\/wp-json\/wp\/v2\/pages\/1358\/revisions"}],"up":[{"embeddable":true,"href":"https:\/\/www.afprofilters.com\/fr\/wp-json\/wp\/v2\/pages\/1413"}],"wp:attachment":[{"href":"https:\/\/www.afprofilters.com\/fr\/wp-json\/wp\/v2\/media?parent=1358"}],"curies":[{"name":"wp","href":"https:\/\/api.w.org\/{rel}","templated":true}]}}