{"id":1346,"date":"2016-09-07T07:43:20","date_gmt":"2016-09-07T07:43:20","guid":{"rendered":"https:\/\/www.afprofilters.com\/?page_id=1346&#038;lang=fr"},"modified":"2023-12-19T09:14:14","modified_gmt":"2023-12-19T09:14:14","slug":"classification-des-filtres","status":"publish","type":"page","link":"https:\/\/www.afprofilters.com\/fr\/expertises\/classification-des-filtres\/","title":{"rendered":"Classification des filtres"},"content":{"rendered":"<p><strong>Comment savoir, en tant qu\u2019utilisateur final, si un filtre satisfait aux imp\u00e9ratifs de qualit\u00e9 de l\u2019air voulus ? Il existe en Europe deux types de normes pour les filtres\u00a0\u00e0 air, la norme ISO 16890 pour les filtres grossiers et les filtres fins. La norme EN 1822:2009 s&rsquo;applique pour les filtres HEPA et ULPA.\u00a0<\/strong><\/p>\n<p>Les filtres sont test\u00e9s en situation r\u00e9elle, dans le but de r\u00e9pondre aux exigences des environnements dans lesquels ils vont fonctionner. Tous les produits AFPRO Filters sont livr\u00e9s conform\u00e9ment \u00e0 la classification europ\u00e9enne. Les filtres sont test\u00e9s dans le laboratoire AFPRO Filters ainsi que dans des laboratoires ind\u00e9pendants. AFPRO Filters satisfait aux imp\u00e9ratifs s\u00e9v\u00e8res du programme de certification Eurovent. Ce label garantit que le rendement effectif des filtres est conforme aux sp\u00e9cifications pr\u00e9sent\u00e9es.<\/p>\n<h3><strong><br \/>ISO 16890<\/strong><\/h3>\n<p>La norme ISO 16890 est utilis\u00e9e pour la classification des filtres grossiers et fins. Elle diff\u00e9rencie les filtres en quatre classes : ISO Coarse, ePM10, ePM2,5 et ePM1.<\/p>\n<h3><strong><br \/>La norme EN1822:2009 sert\u00a0\u00e0 la classification des filtres HEPA et ULPA<\/strong><\/h3>\n<p>Le tableau ci-dessous d\u00e9taille la classification europ\u00e9enne des filtres. AFPRO Filters livre tous les filtres HEPA et ULPA \u00a0avec un test de conformit\u00e9. C&rsquo;est une garantie que le filtre est de bonne qualit\u00e9.<\/p>\n<p>Une fois que les filtres haute efficacit\u00e9 HEPA ou ULPA sont install\u00e9s, nous vous recommandons de\u00a0les contr\u00f4ler afin de vous assurer qu&rsquo;ils n&rsquo;ont pas \u00e9t\u00e9 endommag\u00e9s pendant le\u00a0transport ou lors de la pose.<\/p>\n<p><img loading=\"lazy\" decoding=\"async\" class=\"alignnone wp-image-33696 size-full\" src=\"http:\/\/www.afprofilters.com\/wp-content\/uploads\/2023\/10\/RESUME-COMPARATIF.png\" alt=\"\" width=\"642\" height=\"420\" srcset=\"https:\/\/www.afprofilters.com\/wp-content\/uploads\/2023\/10\/RESUME-COMPARATIF.png 642w, https:\/\/www.afprofilters.com\/wp-content\/uploads\/2023\/10\/RESUME-COMPARATIF-300x196.png 300w\" sizes=\"auto, (max-width: 642px) 100vw, 642px\" \/><\/p>\n<h3><strong>MPPS<\/strong><\/h3>\n<p>MPPS est l&rsquo;abr\u00e9viation de \u00ab\u00a0Most Penetrating Particle Size\u00a0\u00bb. Il s&rsquo;agit de la taille de particules la plus difficile \u00e0 capturer. La taille de ces microparticules est d\u00e9finie entre 0,1 et 0,2 microm\u00e8tre (\u00b5m). Pour tester un filtre, il convient d&rsquo;abord de d\u00e9finir la MPPS. Puis, selon la classe du filtre, l&rsquo;efficacit\u00e9 globale (overall efficiency) et l&rsquo;efficacit\u00e9 locale (local efficiency) seront d\u00e9finies.<br \/><img loading=\"lazy\" decoding=\"async\" class=\"alignnone wp-image-30078 size-full\" src=\"http:\/\/www.afprofilters.com\/wp-content\/uploads\/2022\/02\/Classe-de-filtre-AFPRO-Filters-FG.jpg\" alt=\"Classification filtres\" width=\"683\" height=\"529\" srcset=\"https:\/\/www.afprofilters.com\/wp-content\/uploads\/2022\/02\/Classe-de-filtre-AFPRO-Filters-FG.jpg 683w, https:\/\/www.afprofilters.com\/wp-content\/uploads\/2022\/02\/Classe-de-filtre-AFPRO-Filters-FG-300x232.jpg 300w\" sizes=\"auto, (max-width: 683px) 100vw, 683px\" \/><\/p>\n\n\n<div class=\"wp-block-buttons is-layout-flex wp-block-buttons-is-layout-flex\">\n<div class=\"wp-block-button\"><a class=\"wp-block-button__link wp-element-button\" href=\"https:\/\/www.afprofilters.com\/fr\/contactez-nous\/\">Contact<\/a><\/div>\n<\/div>\n","protected":false},"excerpt":{"rendered":"<p>Comment savoir, en tant qu\u2019utilisateur final, si un filtre satisfait aux imp\u00e9ratifs de qualit\u00e9 de l\u2019air voulus ? Il existe en Europe deux types de normes pour les filtres\u00a0\u00e0 air, la norme ISO 16890 pour les filtres grossiers et les filtres fins. La norme EN 1822:2009 s&rsquo;applique pour les filtres HEPA et ULPA.\u00a0 Les filtres [&hellip;]<\/p>\n","protected":false},"author":2,"featured_media":0,"parent":1413,"menu_order":0,"comment_status":"closed","ping_status":"closed","template":"","meta":{"_acf_changed":false,"footnotes":""},"class_list":["post-1346","page","type-page","status-publish","hentry"],"acf":[],"yoast_head":"<!-- This site is optimized with the Yoast SEO plugin v27.3 - https:\/\/yoast.com\/product\/yoast-seo-wordpress\/ -->\n<title>Classification des filtres - AFPRO<\/title>\n<meta name=\"robots\" content=\"index, follow, max-snippet:-1, max-image-preview:large, max-video-preview:-1\" \/>\n<link rel=\"canonical\" href=\"https:\/\/www.afprofilters.com\/fr\/expertises\/classification-des-filtres\/\" \/>\n<meta property=\"og:locale\" content=\"fr_FR\" \/>\n<meta property=\"og:type\" content=\"article\" \/>\n<meta property=\"og:title\" content=\"Classification des filtres - AFPRO\" \/>\n<meta property=\"og:description\" content=\"Comment savoir, en tant qu\u2019utilisateur final, si un filtre satisfait aux imp\u00e9ratifs de qualit\u00e9 de l\u2019air voulus ? Il existe en Europe deux types de normes pour les filtres\u00a0\u00e0 air, la norme ISO 16890 pour les filtres grossiers et les filtres fins. La norme EN 1822:2009 s&rsquo;applique pour les filtres HEPA et ULPA.\u00a0 Les filtres [&hellip;]\" \/>\n<meta property=\"og:url\" content=\"https:\/\/www.afprofilters.com\/fr\/expertises\/classification-des-filtres\/\" \/>\n<meta property=\"og:site_name\" content=\"AFPRO\" \/>\n<meta property=\"article:modified_time\" content=\"2023-12-19T09:14:14+00:00\" \/>\n<meta property=\"og:image\" content=\"http:\/\/www.afprofilters.com\/wp-content\/uploads\/2023\/10\/RESUME-COMPARATIF.png\" \/>\n<meta name=\"twitter:card\" content=\"summary_large_image\" \/>\n<meta name=\"twitter:label1\" content=\"Dur\u00e9e de lecture estim\u00e9e\" \/>\n\t<meta name=\"twitter:data1\" content=\"2 minutes\" \/>\n<script type=\"application\/ld+json\" class=\"yoast-schema-graph\">{\"@context\":\"https:\\\/\\\/schema.org\",\"@graph\":[{\"@type\":\"WebPage\",\"@id\":\"https:\\\/\\\/www.afprofilters.com\\\/fr\\\/expertises\\\/classification-des-filtres\\\/\",\"url\":\"https:\\\/\\\/www.afprofilters.com\\\/fr\\\/expertises\\\/classification-des-filtres\\\/\",\"name\":\"Classification des filtres - AFPRO\",\"isPartOf\":{\"@id\":\"https:\\\/\\\/www.afprofilters.com\\\/fr\\\/#website\"},\"primaryImageOfPage\":{\"@id\":\"https:\\\/\\\/www.afprofilters.com\\\/fr\\\/expertises\\\/classification-des-filtres\\\/#primaryimage\"},\"image\":{\"@id\":\"https:\\\/\\\/www.afprofilters.com\\\/fr\\\/expertises\\\/classification-des-filtres\\\/#primaryimage\"},\"thumbnailUrl\":\"http:\\\/\\\/www.afprofilters.com\\\/wp-content\\\/uploads\\\/2023\\\/10\\\/RESUME-COMPARATIF.png\",\"datePublished\":\"2016-09-07T07:43:20+00:00\",\"dateModified\":\"2023-12-19T09:14:14+00:00\",\"breadcrumb\":{\"@id\":\"https:\\\/\\\/www.afprofilters.com\\\/fr\\\/expertises\\\/classification-des-filtres\\\/#breadcrumb\"},\"inLanguage\":\"fr-FR\",\"potentialAction\":[{\"@type\":\"ReadAction\",\"target\":[\"https:\\\/\\\/www.afprofilters.com\\\/fr\\\/expertises\\\/classification-des-filtres\\\/\"]}]},{\"@type\":\"ImageObject\",\"inLanguage\":\"fr-FR\",\"@id\":\"https:\\\/\\\/www.afprofilters.com\\\/fr\\\/expertises\\\/classification-des-filtres\\\/#primaryimage\",\"url\":\"http:\\\/\\\/www.afprofilters.com\\\/wp-content\\\/uploads\\\/2023\\\/10\\\/RESUME-COMPARATIF.png\",\"contentUrl\":\"http:\\\/\\\/www.afprofilters.com\\\/wp-content\\\/uploads\\\/2023\\\/10\\\/RESUME-COMPARATIF.png\"},{\"@type\":\"BreadcrumbList\",\"@id\":\"https:\\\/\\\/www.afprofilters.com\\\/fr\\\/expertises\\\/classification-des-filtres\\\/#breadcrumb\",\"itemListElement\":[{\"@type\":\"ListItem\",\"position\":1,\"name\":\"\",\"item\":\"https:\\\/\\\/www.afprofilters.com\\\/fr\\\/\"},{\"@type\":\"ListItem\",\"position\":2,\"name\":\"Expertises\",\"item\":\"https:\\\/\\\/www.afprofilters.com\\\/fr\\\/expertises\\\/\"},{\"@type\":\"ListItem\",\"position\":3,\"name\":\"Classification des filtres\"}]},{\"@type\":\"WebSite\",\"@id\":\"https:\\\/\\\/www.afprofilters.com\\\/fr\\\/#website\",\"url\":\"https:\\\/\\\/www.afprofilters.com\\\/fr\\\/\",\"name\":\"AFPRO\",\"description\":\"AFPRO Filters\",\"publisher\":{\"@id\":\"https:\\\/\\\/www.afprofilters.com\\\/fr\\\/#organization\"},\"potentialAction\":[{\"@type\":\"SearchAction\",\"target\":{\"@type\":\"EntryPoint\",\"urlTemplate\":\"https:\\\/\\\/www.afprofilters.com\\\/fr\\\/?s={search_term_string}\"},\"query-input\":{\"@type\":\"PropertyValueSpecification\",\"valueRequired\":true,\"valueName\":\"search_term_string\"}}],\"inLanguage\":\"fr-FR\"},{\"@type\":\"Organization\",\"@id\":\"https:\\\/\\\/www.afprofilters.com\\\/fr\\\/#organization\",\"name\":\"AFPRO\",\"url\":\"https:\\\/\\\/www.afprofilters.com\\\/fr\\\/\",\"logo\":{\"@type\":\"ImageObject\",\"inLanguage\":\"fr-FR\",\"@id\":\"https:\\\/\\\/www.afprofilters.com\\\/fr\\\/#\\\/schema\\\/logo\\\/image\\\/\",\"url\":\"https:\\\/\\\/www.afprofilters.com\\\/wp-content\\\/uploads\\\/2021\\\/05\\\/AFPRO-logo.png\",\"contentUrl\":\"https:\\\/\\\/www.afprofilters.com\\\/wp-content\\\/uploads\\\/2021\\\/05\\\/AFPRO-logo.png\",\"width\":640,\"height\":177,\"caption\":\"AFPRO\"},\"image\":{\"@id\":\"https:\\\/\\\/www.afprofilters.com\\\/fr\\\/#\\\/schema\\\/logo\\\/image\\\/\"}}]}<\/script>\n<!-- \/ Yoast SEO plugin. -->","yoast_head_json":{"title":"Classification des filtres - AFPRO","robots":{"index":"index","follow":"follow","max-snippet":"max-snippet:-1","max-image-preview":"max-image-preview:large","max-video-preview":"max-video-preview:-1"},"canonical":"https:\/\/www.afprofilters.com\/fr\/expertises\/classification-des-filtres\/","og_locale":"fr_FR","og_type":"article","og_title":"Classification des filtres - AFPRO","og_description":"Comment savoir, en tant qu\u2019utilisateur final, si un filtre satisfait aux imp\u00e9ratifs de qualit\u00e9 de l\u2019air voulus ? Il existe en Europe deux types de normes pour les filtres\u00a0\u00e0 air, la norme ISO 16890 pour les filtres grossiers et les filtres fins. La norme EN 1822:2009 s&rsquo;applique pour les filtres HEPA et ULPA.\u00a0 Les filtres [&hellip;]","og_url":"https:\/\/www.afprofilters.com\/fr\/expertises\/classification-des-filtres\/","og_site_name":"AFPRO","article_modified_time":"2023-12-19T09:14:14+00:00","og_image":[{"url":"http:\/\/www.afprofilters.com\/wp-content\/uploads\/2023\/10\/RESUME-COMPARATIF.png","type":"","width":"","height":""}],"twitter_card":"summary_large_image","twitter_misc":{"Dur\u00e9e de lecture estim\u00e9e":"2 minutes"},"schema":{"@context":"https:\/\/schema.org","@graph":[{"@type":"WebPage","@id":"https:\/\/www.afprofilters.com\/fr\/expertises\/classification-des-filtres\/","url":"https:\/\/www.afprofilters.com\/fr\/expertises\/classification-des-filtres\/","name":"Classification des filtres - AFPRO","isPartOf":{"@id":"https:\/\/www.afprofilters.com\/fr\/#website"},"primaryImageOfPage":{"@id":"https:\/\/www.afprofilters.com\/fr\/expertises\/classification-des-filtres\/#primaryimage"},"image":{"@id":"https:\/\/www.afprofilters.com\/fr\/expertises\/classification-des-filtres\/#primaryimage"},"thumbnailUrl":"http:\/\/www.afprofilters.com\/wp-content\/uploads\/2023\/10\/RESUME-COMPARATIF.png","datePublished":"2016-09-07T07:43:20+00:00","dateModified":"2023-12-19T09:14:14+00:00","breadcrumb":{"@id":"https:\/\/www.afprofilters.com\/fr\/expertises\/classification-des-filtres\/#breadcrumb"},"inLanguage":"fr-FR","potentialAction":[{"@type":"ReadAction","target":["https:\/\/www.afprofilters.com\/fr\/expertises\/classification-des-filtres\/"]}]},{"@type":"ImageObject","inLanguage":"fr-FR","@id":"https:\/\/www.afprofilters.com\/fr\/expertises\/classification-des-filtres\/#primaryimage","url":"http:\/\/www.afprofilters.com\/wp-content\/uploads\/2023\/10\/RESUME-COMPARATIF.png","contentUrl":"http:\/\/www.afprofilters.com\/wp-content\/uploads\/2023\/10\/RESUME-COMPARATIF.png"},{"@type":"BreadcrumbList","@id":"https:\/\/www.afprofilters.com\/fr\/expertises\/classification-des-filtres\/#breadcrumb","itemListElement":[{"@type":"ListItem","position":1,"name":"","item":"https:\/\/www.afprofilters.com\/fr\/"},{"@type":"ListItem","position":2,"name":"Expertises","item":"https:\/\/www.afprofilters.com\/fr\/expertises\/"},{"@type":"ListItem","position":3,"name":"Classification des filtres"}]},{"@type":"WebSite","@id":"https:\/\/www.afprofilters.com\/fr\/#website","url":"https:\/\/www.afprofilters.com\/fr\/","name":"AFPRO","description":"AFPRO Filters","publisher":{"@id":"https:\/\/www.afprofilters.com\/fr\/#organization"},"potentialAction":[{"@type":"SearchAction","target":{"@type":"EntryPoint","urlTemplate":"https:\/\/www.afprofilters.com\/fr\/?s={search_term_string}"},"query-input":{"@type":"PropertyValueSpecification","valueRequired":true,"valueName":"search_term_string"}}],"inLanguage":"fr-FR"},{"@type":"Organization","@id":"https:\/\/www.afprofilters.com\/fr\/#organization","name":"AFPRO","url":"https:\/\/www.afprofilters.com\/fr\/","logo":{"@type":"ImageObject","inLanguage":"fr-FR","@id":"https:\/\/www.afprofilters.com\/fr\/#\/schema\/logo\/image\/","url":"https:\/\/www.afprofilters.com\/wp-content\/uploads\/2021\/05\/AFPRO-logo.png","contentUrl":"https:\/\/www.afprofilters.com\/wp-content\/uploads\/2021\/05\/AFPRO-logo.png","width":640,"height":177,"caption":"AFPRO"},"image":{"@id":"https:\/\/www.afprofilters.com\/fr\/#\/schema\/logo\/image\/"}}]}},"_links":{"self":[{"href":"https:\/\/www.afprofilters.com\/fr\/wp-json\/wp\/v2\/pages\/1346","targetHints":{"allow":["GET"]}}],"collection":[{"href":"https:\/\/www.afprofilters.com\/fr\/wp-json\/wp\/v2\/pages"}],"about":[{"href":"https:\/\/www.afprofilters.com\/fr\/wp-json\/wp\/v2\/types\/page"}],"author":[{"embeddable":true,"href":"https:\/\/www.afprofilters.com\/fr\/wp-json\/wp\/v2\/users\/2"}],"replies":[{"embeddable":true,"href":"https:\/\/www.afprofilters.com\/fr\/wp-json\/wp\/v2\/comments?post=1346"}],"version-history":[{"count":0,"href":"https:\/\/www.afprofilters.com\/fr\/wp-json\/wp\/v2\/pages\/1346\/revisions"}],"up":[{"embeddable":true,"href":"https:\/\/www.afprofilters.com\/fr\/wp-json\/wp\/v2\/pages\/1413"}],"wp:attachment":[{"href":"https:\/\/www.afprofilters.com\/fr\/wp-json\/wp\/v2\/media?parent=1346"}],"curies":[{"name":"wp","href":"https:\/\/api.w.org\/{rel}","templated":true}]}}