{"id":1316,"date":"2016-09-07T07:14:33","date_gmt":"2016-09-07T07:14:33","guid":{"rendered":"https:\/\/www.afprofilters.com\/?page_id=1316&#038;lang=fr"},"modified":"2025-08-21T08:43:51","modified_gmt":"2025-08-21T08:43:51","slug":"certification-eurovent","status":"publish","type":"page","link":"https:\/\/www.afprofilters.com\/fr\/expertises\/certification-eurovent\/","title":{"rendered":"Certification Eurovent"},"content":{"rendered":"<h3>Certification Eurovent : Gage de s\u00e9curit\u00e9 et d&rsquo;excellentes performances<\/h3>\n<p>AFPRO Filters satisfait aux\u00a0imp\u00e9ratifs s\u00e9v\u00e8res de la <a href=\"https:\/\/www.eurovent-certification.com\/fr\/\" target=\"_blank\" rel=\"noopener\">certification eurovent<\/a>. Eurovent est l\u2019organisation europ\u00e9enne des professionnels de la ventilation qui, avec le concours de divers fabricants de filtres\u00a0\u00e0 air, a \u00e9labor\u00e9 un programme de certification. Eurovent a pour but de rendre plus \u00e9quitable la concurrence sur le march\u00e9 des filtres \u00e0 air. Quels sont les avantages de ce label de r\u00e9f\u00e9rence europ\u00e9en ?<\/p>\n<p><img loading=\"lazy\" decoding=\"async\" class=\"wp-image-32718  alignright\" src=\"http:\/\/www.afprofilters.com\/wp-content\/uploads\/2023\/03\/label-ECC-air-filters.png\" alt=\"eurovent\" width=\"270\" height=\"93\" srcset=\"https:\/\/www.afprofilters.com\/wp-content\/uploads\/2023\/03\/label-ECC-air-filters.png 1614w, https:\/\/www.afprofilters.com\/wp-content\/uploads\/2023\/03\/label-ECC-air-filters-300x103.png 300w, https:\/\/www.afprofilters.com\/wp-content\/uploads\/2023\/03\/label-ECC-air-filters-1024x352.png 1024w, https:\/\/www.afprofilters.com\/wp-content\/uploads\/2023\/03\/label-ECC-air-filters-768x264.png 768w, https:\/\/www.afprofilters.com\/wp-content\/uploads\/2023\/03\/label-ECC-air-filters-1536x528.png 1536w\" sizes=\"auto, (max-width: 270px) 100vw, 270px\" \/><\/p>\n<p><strong>La certification Eurovent garantit :<\/strong><\/p>\n<ul>\n<li>des filtres \u00e0 air test\u00e9s par un laboratoire ind\u00e9pendant<\/li>\n<li>des filtres conformes aux sp\u00e9cifications de la conception<\/li>\n<li>une performance \u00e9nerg\u00e9tique des filtres conforme \u00e0 celle annonc\u00e9e<\/li>\n<\/ul>\n<p>En outre, la certification Eurovent garantit que toute la documentation remise avec votre filtre (les fiches produits, les informations du catalogue, sur le site Internet et dans les manuels) est conforme \u00e0 la norme europ\u00e9enne. En bref, la certification Eurovent assure des filtres \u00e0 air fiables avec des performances optimales. Tous les filtres \u00e0 poches, filtres di\u00e8dres ainsi que les panneaux filtrants (de classe ePM10 \u00e0 ePM1 ) sont test\u00e9s selon la norme ISO 16890 et sont certifi\u00e9s Eurovent.<\/p>\n<h3><strong><br \/>Objectif de la certification<\/strong><\/h3>\n<p>L&rsquo;objectif du programme de certification Eurovent est de pouvoir comparer les filtres \u00e0 air selon une s\u00e9rie de crit\u00e8res d\u2019\u00e9valuation. En publiant les sp\u00e9cifications techniques des filtres certifi\u00e9s, il est plus ais\u00e9 pour les clients de s\u00e9lectionner les filtres qui conviennent \u00e0 leurs besoins. Ainsi, ils n\u2019ont plus \u00e0 proc\u00e9der \u00e0 de lourdes mesures de performances pour comparer les filtres. En tant que client, vous pouvez s\u00e9lectionner des produits en \u00e9tant assur\u00e9 d\u00e8s le d\u00e9part qu\u2019ils sont absolument conformes aux sp\u00e9cifications pos\u00e9es par Eurovent.<\/p>\n<p>Les filtres certifi\u00e9s Eurovent sont test\u00e9s dans deux laboratoires ind\u00e9pendants, le laboratoire SP \u00e0 Boras (Su\u00e8de) et le laboratoire VTT \u00e0 Espoo (Finlande). Il s\u2019agit des deux seuls laboratoires en Europe homologu\u00e9s ISO 17025. Ils sont donc les seuls\u00a0\u00e0 satisfaire la norme. Les tests sont effectu\u00e9s en mode \u00ab\u00a0aveugle\u00a0\u00bb, c&rsquo;est-a-dire qu\u2019aucun des collaborateurs effectuant les essais n&rsquo;a connaissance de la provenance du filtre test\u00e9. Les filtres soumis par Eurovent sont uniquement pourvus d\u2019un num\u00e9ro.<\/p>\n<h3><strong><br \/>Logo Eurovent<\/strong><\/h3>\n<p>Le logo Eurovent garantit que les produits ont \u00e9t\u00e9 soumis \u00e0 des proc\u00e9dures de test et qu&rsquo;ils ont \u00e9t\u00e9 \u00e9valu\u00e9s et contr\u00f4l\u00e9s selon des caract\u00e9ristiques pr\u00e9cises. Un fabriquant arborant ce label est une garantie pour le client en termes de qualit\u00e9s des produits. Pour garantir une qualit\u00e9 \u00e0 toute \u00e9preuve, Eurovent s\u00e9lectionne chaque ann\u00e9e un certain nombre de filtres pour les soumettre \u00e0 un contr\u00f4le.<\/p>\n<h3><strong><br \/>Plus d\u2019informations<\/strong><\/h3>\n<p>La gamme des filtres fins r\u00e9pond aux exigences de la norme ISO 16890, les filtres fins ont \u00e9t\u00e9 certifi\u00e9s sous le num\u00e9ro 09.10.433 et sont pr\u00e9sents sur le site internet de l&rsquo;organisation Eurovent, \u00e0 la rubrique des filtres \u00e0 air certifi\u00e9s. Pour plus de d\u00e9tails, cliquez sur ce lien : <a href=\"https:\/\/www.eurovent-certification.com\/fr\/\">www.eurovent-certification.com<\/a>.<\/p>\n<p>Sur le site, vous trouverez \u00e9galement des informations relatives au programme de certification Eurovent ainsi que la proc\u00e9dure de test men\u00e9e sur les produits AFPRO Filters.<\/p>\n\n\n<figure class=\"wp-block-image size-full is-resized\"><img loading=\"lazy\" decoding=\"async\" width=\"1058\" height=\"1497\" src=\"http:\/\/www.afprofilters.com\/wp-content\/uploads\/2025\/08\/Eurovent-Certification-Diploma_AFPRO-2025-2026_valid-till-30-09-2026-1-pdf.jpg\" alt=\"\" class=\"wp-image-39693\" style=\"width:641px;height:auto\" \/><\/figure>\n\n\n\n<div class=\"wp-block-buttons is-layout-flex wp-block-buttons-is-layout-flex\">\n<div class=\"wp-block-button\"><a class=\"wp-block-button__link wp-element-button\" href=\"https:\/\/www.afprofilters.com\/fr\/contactez-nous\/\">Contact<\/a><\/div>\n<\/div>\n","protected":false},"excerpt":{"rendered":"<p>Certification Eurovent : Gage de s\u00e9curit\u00e9 et d&rsquo;excellentes performances AFPRO Filters satisfait aux\u00a0imp\u00e9ratifs s\u00e9v\u00e8res de la certification eurovent. Eurovent est l\u2019organisation europ\u00e9enne des professionnels de la ventilation qui, avec le concours de divers fabricants de filtres\u00a0\u00e0 air, a \u00e9labor\u00e9 un programme de certification. Eurovent a pour but de rendre plus \u00e9quitable la concurrence sur le [&hellip;]<\/p>\n","protected":false},"author":2,"featured_media":0,"parent":1413,"menu_order":0,"comment_status":"closed","ping_status":"closed","template":"","meta":{"_acf_changed":false,"footnotes":""},"class_list":["post-1316","page","type-page","status-publish","hentry"],"acf":[],"yoast_head":"<!-- This site is optimized with the Yoast SEO plugin v27.3 - https:\/\/yoast.com\/product\/yoast-seo-wordpress\/ -->\n<title>Certification Eurovent - AFPRO<\/title>\n<meta name=\"robots\" content=\"index, follow, max-snippet:-1, max-image-preview:large, max-video-preview:-1\" \/>\n<link rel=\"canonical\" href=\"https:\/\/www.afprofilters.com\/fr\/expertises\/certification-eurovent\/\" \/>\n<meta property=\"og:locale\" content=\"fr_FR\" \/>\n<meta property=\"og:type\" content=\"article\" \/>\n<meta property=\"og:title\" content=\"Certification Eurovent - AFPRO\" \/>\n<meta property=\"og:description\" content=\"Certification Eurovent : Gage de s\u00e9curit\u00e9 et d&rsquo;excellentes performances AFPRO Filters satisfait aux\u00a0imp\u00e9ratifs s\u00e9v\u00e8res de la certification eurovent. Eurovent est l\u2019organisation europ\u00e9enne des professionnels de la ventilation qui, avec le concours de divers fabricants de filtres\u00a0\u00e0 air, a \u00e9labor\u00e9 un programme de certification. Eurovent a pour but de rendre plus \u00e9quitable la concurrence sur le [&hellip;]\" \/>\n<meta property=\"og:url\" content=\"https:\/\/www.afprofilters.com\/fr\/expertises\/certification-eurovent\/\" \/>\n<meta property=\"og:site_name\" content=\"AFPRO\" \/>\n<meta property=\"article:modified_time\" content=\"2025-08-21T08:43:51+00:00\" \/>\n<meta property=\"og:image\" content=\"https:\/\/www.afprofilters.com\/wp-content\/uploads\/2023\/03\/label-ECC-air-filters.png\" \/>\n\t<meta property=\"og:image:width\" content=\"1614\" \/>\n\t<meta property=\"og:image:height\" content=\"555\" \/>\n\t<meta property=\"og:image:type\" content=\"image\/png\" \/>\n<meta name=\"twitter:card\" content=\"summary_large_image\" \/>\n<meta name=\"twitter:label1\" content=\"Dur\u00e9e de lecture estim\u00e9e\" \/>\n\t<meta name=\"twitter:data1\" content=\"3 minutes\" \/>\n<script type=\"application\/ld+json\" class=\"yoast-schema-graph\">{\"@context\":\"https:\\\/\\\/schema.org\",\"@graph\":[{\"@type\":\"WebPage\",\"@id\":\"https:\\\/\\\/www.afprofilters.com\\\/fr\\\/expertises\\\/certification-eurovent\\\/\",\"url\":\"https:\\\/\\\/www.afprofilters.com\\\/fr\\\/expertises\\\/certification-eurovent\\\/\",\"name\":\"Certification Eurovent - AFPRO\",\"isPartOf\":{\"@id\":\"https:\\\/\\\/www.afprofilters.com\\\/fr\\\/#website\"},\"primaryImageOfPage\":{\"@id\":\"https:\\\/\\\/www.afprofilters.com\\\/fr\\\/expertises\\\/certification-eurovent\\\/#primaryimage\"},\"image\":{\"@id\":\"https:\\\/\\\/www.afprofilters.com\\\/fr\\\/expertises\\\/certification-eurovent\\\/#primaryimage\"},\"thumbnailUrl\":\"http:\\\/\\\/www.afprofilters.com\\\/wp-content\\\/uploads\\\/2023\\\/03\\\/label-ECC-air-filters.png\",\"datePublished\":\"2016-09-07T07:14:33+00:00\",\"dateModified\":\"2025-08-21T08:43:51+00:00\",\"breadcrumb\":{\"@id\":\"https:\\\/\\\/www.afprofilters.com\\\/fr\\\/expertises\\\/certification-eurovent\\\/#breadcrumb\"},\"inLanguage\":\"fr-FR\",\"potentialAction\":[{\"@type\":\"ReadAction\",\"target\":[\"https:\\\/\\\/www.afprofilters.com\\\/fr\\\/expertises\\\/certification-eurovent\\\/\"]}]},{\"@type\":\"ImageObject\",\"inLanguage\":\"fr-FR\",\"@id\":\"https:\\\/\\\/www.afprofilters.com\\\/fr\\\/expertises\\\/certification-eurovent\\\/#primaryimage\",\"url\":\"http:\\\/\\\/www.afprofilters.com\\\/wp-content\\\/uploads\\\/2023\\\/03\\\/label-ECC-air-filters.png\",\"contentUrl\":\"http:\\\/\\\/www.afprofilters.com\\\/wp-content\\\/uploads\\\/2023\\\/03\\\/label-ECC-air-filters.png\"},{\"@type\":\"BreadcrumbList\",\"@id\":\"https:\\\/\\\/www.afprofilters.com\\\/fr\\\/expertises\\\/certification-eurovent\\\/#breadcrumb\",\"itemListElement\":[{\"@type\":\"ListItem\",\"position\":1,\"name\":\"\",\"item\":\"https:\\\/\\\/www.afprofilters.com\\\/fr\\\/\"},{\"@type\":\"ListItem\",\"position\":2,\"name\":\"Expertises\",\"item\":\"https:\\\/\\\/www.afprofilters.com\\\/fr\\\/expertises\\\/\"},{\"@type\":\"ListItem\",\"position\":3,\"name\":\"Certification Eurovent\"}]},{\"@type\":\"WebSite\",\"@id\":\"https:\\\/\\\/www.afprofilters.com\\\/fr\\\/#website\",\"url\":\"https:\\\/\\\/www.afprofilters.com\\\/fr\\\/\",\"name\":\"AFPRO\",\"description\":\"AFPRO Filters\",\"publisher\":{\"@id\":\"https:\\\/\\\/www.afprofilters.com\\\/fr\\\/#organization\"},\"potentialAction\":[{\"@type\":\"SearchAction\",\"target\":{\"@type\":\"EntryPoint\",\"urlTemplate\":\"https:\\\/\\\/www.afprofilters.com\\\/fr\\\/?s={search_term_string}\"},\"query-input\":{\"@type\":\"PropertyValueSpecification\",\"valueRequired\":true,\"valueName\":\"search_term_string\"}}],\"inLanguage\":\"fr-FR\"},{\"@type\":\"Organization\",\"@id\":\"https:\\\/\\\/www.afprofilters.com\\\/fr\\\/#organization\",\"name\":\"AFPRO\",\"url\":\"https:\\\/\\\/www.afprofilters.com\\\/fr\\\/\",\"logo\":{\"@type\":\"ImageObject\",\"inLanguage\":\"fr-FR\",\"@id\":\"https:\\\/\\\/www.afprofilters.com\\\/fr\\\/#\\\/schema\\\/logo\\\/image\\\/\",\"url\":\"https:\\\/\\\/www.afprofilters.com\\\/wp-content\\\/uploads\\\/2021\\\/05\\\/AFPRO-logo.png\",\"contentUrl\":\"https:\\\/\\\/www.afprofilters.com\\\/wp-content\\\/uploads\\\/2021\\\/05\\\/AFPRO-logo.png\",\"width\":640,\"height\":177,\"caption\":\"AFPRO\"},\"image\":{\"@id\":\"https:\\\/\\\/www.afprofilters.com\\\/fr\\\/#\\\/schema\\\/logo\\\/image\\\/\"}}]}<\/script>\n<!-- \/ Yoast SEO plugin. -->","yoast_head_json":{"title":"Certification Eurovent - AFPRO","robots":{"index":"index","follow":"follow","max-snippet":"max-snippet:-1","max-image-preview":"max-image-preview:large","max-video-preview":"max-video-preview:-1"},"canonical":"https:\/\/www.afprofilters.com\/fr\/expertises\/certification-eurovent\/","og_locale":"fr_FR","og_type":"article","og_title":"Certification Eurovent - AFPRO","og_description":"Certification Eurovent : Gage de s\u00e9curit\u00e9 et d&rsquo;excellentes performances AFPRO Filters satisfait aux\u00a0imp\u00e9ratifs s\u00e9v\u00e8res de la certification eurovent. Eurovent est l\u2019organisation europ\u00e9enne des professionnels de la ventilation qui, avec le concours de divers fabricants de filtres\u00a0\u00e0 air, a \u00e9labor\u00e9 un programme de certification. Eurovent a pour but de rendre plus \u00e9quitable la concurrence sur le [&hellip;]","og_url":"https:\/\/www.afprofilters.com\/fr\/expertises\/certification-eurovent\/","og_site_name":"AFPRO","article_modified_time":"2025-08-21T08:43:51+00:00","og_image":[{"width":1614,"height":555,"url":"https:\/\/www.afprofilters.com\/wp-content\/uploads\/2023\/03\/label-ECC-air-filters.png","type":"image\/png"}],"twitter_card":"summary_large_image","twitter_misc":{"Dur\u00e9e de lecture estim\u00e9e":"3 minutes"},"schema":{"@context":"https:\/\/schema.org","@graph":[{"@type":"WebPage","@id":"https:\/\/www.afprofilters.com\/fr\/expertises\/certification-eurovent\/","url":"https:\/\/www.afprofilters.com\/fr\/expertises\/certification-eurovent\/","name":"Certification Eurovent - AFPRO","isPartOf":{"@id":"https:\/\/www.afprofilters.com\/fr\/#website"},"primaryImageOfPage":{"@id":"https:\/\/www.afprofilters.com\/fr\/expertises\/certification-eurovent\/#primaryimage"},"image":{"@id":"https:\/\/www.afprofilters.com\/fr\/expertises\/certification-eurovent\/#primaryimage"},"thumbnailUrl":"http:\/\/www.afprofilters.com\/wp-content\/uploads\/2023\/03\/label-ECC-air-filters.png","datePublished":"2016-09-07T07:14:33+00:00","dateModified":"2025-08-21T08:43:51+00:00","breadcrumb":{"@id":"https:\/\/www.afprofilters.com\/fr\/expertises\/certification-eurovent\/#breadcrumb"},"inLanguage":"fr-FR","potentialAction":[{"@type":"ReadAction","target":["https:\/\/www.afprofilters.com\/fr\/expertises\/certification-eurovent\/"]}]},{"@type":"ImageObject","inLanguage":"fr-FR","@id":"https:\/\/www.afprofilters.com\/fr\/expertises\/certification-eurovent\/#primaryimage","url":"http:\/\/www.afprofilters.com\/wp-content\/uploads\/2023\/03\/label-ECC-air-filters.png","contentUrl":"http:\/\/www.afprofilters.com\/wp-content\/uploads\/2023\/03\/label-ECC-air-filters.png"},{"@type":"BreadcrumbList","@id":"https:\/\/www.afprofilters.com\/fr\/expertises\/certification-eurovent\/#breadcrumb","itemListElement":[{"@type":"ListItem","position":1,"name":"","item":"https:\/\/www.afprofilters.com\/fr\/"},{"@type":"ListItem","position":2,"name":"Expertises","item":"https:\/\/www.afprofilters.com\/fr\/expertises\/"},{"@type":"ListItem","position":3,"name":"Certification Eurovent"}]},{"@type":"WebSite","@id":"https:\/\/www.afprofilters.com\/fr\/#website","url":"https:\/\/www.afprofilters.com\/fr\/","name":"AFPRO","description":"AFPRO Filters","publisher":{"@id":"https:\/\/www.afprofilters.com\/fr\/#organization"},"potentialAction":[{"@type":"SearchAction","target":{"@type":"EntryPoint","urlTemplate":"https:\/\/www.afprofilters.com\/fr\/?s={search_term_string}"},"query-input":{"@type":"PropertyValueSpecification","valueRequired":true,"valueName":"search_term_string"}}],"inLanguage":"fr-FR"},{"@type":"Organization","@id":"https:\/\/www.afprofilters.com\/fr\/#organization","name":"AFPRO","url":"https:\/\/www.afprofilters.com\/fr\/","logo":{"@type":"ImageObject","inLanguage":"fr-FR","@id":"https:\/\/www.afprofilters.com\/fr\/#\/schema\/logo\/image\/","url":"https:\/\/www.afprofilters.com\/wp-content\/uploads\/2021\/05\/AFPRO-logo.png","contentUrl":"https:\/\/www.afprofilters.com\/wp-content\/uploads\/2021\/05\/AFPRO-logo.png","width":640,"height":177,"caption":"AFPRO"},"image":{"@id":"https:\/\/www.afprofilters.com\/fr\/#\/schema\/logo\/image\/"}}]}},"_links":{"self":[{"href":"https:\/\/www.afprofilters.com\/fr\/wp-json\/wp\/v2\/pages\/1316","targetHints":{"allow":["GET"]}}],"collection":[{"href":"https:\/\/www.afprofilters.com\/fr\/wp-json\/wp\/v2\/pages"}],"about":[{"href":"https:\/\/www.afprofilters.com\/fr\/wp-json\/wp\/v2\/types\/page"}],"author":[{"embeddable":true,"href":"https:\/\/www.afprofilters.com\/fr\/wp-json\/wp\/v2\/users\/2"}],"replies":[{"embeddable":true,"href":"https:\/\/www.afprofilters.com\/fr\/wp-json\/wp\/v2\/comments?post=1316"}],"version-history":[{"count":0,"href":"https:\/\/www.afprofilters.com\/fr\/wp-json\/wp\/v2\/pages\/1316\/revisions"}],"up":[{"embeddable":true,"href":"https:\/\/www.afprofilters.com\/fr\/wp-json\/wp\/v2\/pages\/1413"}],"wp:attachment":[{"href":"https:\/\/www.afprofilters.com\/fr\/wp-json\/wp\/v2\/media?parent=1316"}],"curies":[{"name":"wp","href":"https:\/\/api.w.org\/{rel}","templated":true}]}}