{"id":8496,"date":"2018-05-17T06:56:16","date_gmt":"2018-05-17T06:56:16","guid":{"rendered":"https:\/\/www.afprofilters.com\/?post_type=product&#038;p=8496"},"modified":"2025-12-29T08:50:18","modified_gmt":"2025-12-29T08:50:18","slug":"cpmc-paneelisuodattimet","status":"publish","type":"product","link":"https:\/\/www.afprofilters.com\/fi\/tuote\/cpmc-paneelisuodattimet\/","title":{"rendered":"CPMC paneelisuodattimet"},"content":{"rendered":"<p><strong>CPMC Paneelisuodattimet<\/strong> k\u00e4ytet\u00e4\u00e4n esimerkiksi ilmank\u00e4sittelyss\u00e4, ilmastointij\u00e4rjestelmiss\u00e4 ja teollisuuden j\u00e4rjestelmiss\u00e4. <strong>CPMC Paneelisuodattimet<\/strong> ovat galvanoidusta ter\u00e4ksest\u00e4 valmistettuun kehykseen koottuja laskostettuja suodattimia.<\/p>\n<ul>\n<li><strong>Kehys: <\/strong>Galvanoitu ter\u00e4s<\/li>\n<li><strong>Suodatinmateriaali:&nbsp;<\/strong>Lasikuitupaperi<\/li>\n<li><strong>Erottimet:<\/strong> Kuumaliima<\/li>\n<li><strong>Tiiviste:<\/strong> Saumaton tiiviste<\/li>\n<\/ul>\n\n\n<figure class=\"wp-block-image size-large is-resized\"><img loading=\"lazy\" decoding=\"async\" src=\"http:\/\/www.afprofilters.com\/wp-content\/uploads\/2023\/03\/label-ECC-air-filters-1024x352.jpg\" alt=\"\" class=\"wp-image-32851\" width=\"358\" height=\"122\" srcset=\"https:\/\/www.afprofilters.com\/wp-content\/uploads\/2023\/03\/label-ECC-air-filters-1024x352.jpg 1024w, https:\/\/www.afprofilters.com\/wp-content\/uploads\/2023\/03\/label-ECC-air-filters-300x103.jpg 300w, https:\/\/www.afprofilters.com\/wp-content\/uploads\/2023\/03\/label-ECC-air-filters-768x264.jpg 768w, https:\/\/www.afprofilters.com\/wp-content\/uploads\/2023\/03\/label-ECC-air-filters-1536x528.jpg 1536w, https:\/\/www.afprofilters.com\/wp-content\/uploads\/2023\/03\/label-ECC-air-filters.jpg 1614w\" sizes=\"auto, (max-width: 358px) 100vw, 358px\" \/><\/figure>\n\n\n\n<p>AFPRO Filters BV participates in the ECP programme for Air filters (FIL). Check ongoing validity of certificate:\u00a0<a href=\"https:\/\/www.eurovent-certification.com\/\" target=\"_blank\" rel=\"noreferrer noopener\">WWW.EUROVENT-CERTIFICATION.COM<\/a><\/p>\n","protected":false},"featured_media":14544,"parent":0,"template":"","format":"standard","product_category":[507],"class_list":["post-8496","product","type-product","status-publish","format-standard","has-post-thumbnail","hentry","product_category-paneelisuodattimet"],"acf":[],"yoast_head":"<!-- This site is optimized with the Yoast SEO plugin v27.3 - https:\/\/yoast.com\/product\/yoast-seo-wordpress\/ -->\n<title>CPMC Paneelisuodattimet<\/title>\n<meta name=\"description\" content=\"Kaikki oleellinen CPMC Paneelisuodattimet on t\u00e4ll\u00e4 sivulla. Saat lis\u00e4tietoja napsauttamalla t\u00e4t\u00e4 linkki\u00e4 ja olethan yhteydess\u00e4 meihin saadaksesi tarjouksen.\" \/>\n<meta name=\"robots\" content=\"index, follow, max-snippet:-1, max-image-preview:large, max-video-preview:-1\" \/>\n<link rel=\"canonical\" href=\"https:\/\/www.afprofilters.com\/fi\/tuote\/cpmc-paneelisuodattimet\/\" \/>\n<meta property=\"og:locale\" content=\"fi_FI\" \/>\n<meta property=\"og:type\" content=\"article\" \/>\n<meta property=\"og:title\" content=\"CPMC Paneelisuodattimet\" \/>\n<meta property=\"og:description\" content=\"Kaikki oleellinen CPMC Paneelisuodattimet on t\u00e4ll\u00e4 sivulla. Saat lis\u00e4tietoja napsauttamalla t\u00e4t\u00e4 linkki\u00e4 ja olethan yhteydess\u00e4 meihin saadaksesi tarjouksen.\" \/>\n<meta property=\"og:url\" content=\"https:\/\/www.afprofilters.com\/fi\/tuote\/cpmc-paneelisuodattimet\/\" \/>\n<meta property=\"og:site_name\" content=\"AFPRO\" \/>\n<meta property=\"article:modified_time\" content=\"2025-12-29T08:50:18+00:00\" \/>\n<meta property=\"og:image\" content=\"http:\/\/www.afprofilters.com\/wp-content\/uploads\/2016\/09\/CPMC.png\" \/>\n\t<meta property=\"og:image:width\" content=\"984\" \/>\n\t<meta property=\"og:image:height\" content=\"960\" \/>\n\t<meta property=\"og:image:type\" content=\"image\/png\" \/>\n<meta name=\"twitter:card\" content=\"summary_large_image\" \/>\n<meta name=\"twitter:label1\" content=\"Est. reading time\" \/>\n\t<meta name=\"twitter:data1\" content=\"1 minute\" \/>\n<script type=\"application\/ld+json\" class=\"yoast-schema-graph\">{\"@context\":\"https:\\\/\\\/schema.org\",\"@graph\":[{\"@type\":\"WebPage\",\"@id\":\"https:\\\/\\\/www.afprofilters.com\\\/fi\\\/tuote\\\/cpmc-paneelisuodattimet\\\/\",\"url\":\"https:\\\/\\\/www.afprofilters.com\\\/fi\\\/tuote\\\/cpmc-paneelisuodattimet\\\/\",\"name\":\"CPMC Paneelisuodattimet\",\"isPartOf\":{\"@id\":\"https:\\\/\\\/www.afprofilters.com\\\/fi\\\/#website\"},\"primaryImageOfPage\":{\"@id\":\"https:\\\/\\\/www.afprofilters.com\\\/fi\\\/tuote\\\/cpmc-paneelisuodattimet\\\/#primaryimage\"},\"image\":{\"@id\":\"https:\\\/\\\/www.afprofilters.com\\\/fi\\\/tuote\\\/cpmc-paneelisuodattimet\\\/#primaryimage\"},\"thumbnailUrl\":\"https:\\\/\\\/www.afprofilters.com\\\/wp-content\\\/uploads\\\/2016\\\/09\\\/CPMC.png\",\"datePublished\":\"2018-05-17T06:56:16+00:00\",\"dateModified\":\"2025-12-29T08:50:18+00:00\",\"description\":\"Kaikki oleellinen CPMC Paneelisuodattimet on t\u00e4ll\u00e4 sivulla. Saat lis\u00e4tietoja napsauttamalla t\u00e4t\u00e4 linkki\u00e4 ja olethan yhteydess\u00e4 meihin saadaksesi tarjouksen.\",\"breadcrumb\":{\"@id\":\"https:\\\/\\\/www.afprofilters.com\\\/fi\\\/tuote\\\/cpmc-paneelisuodattimet\\\/#breadcrumb\"},\"inLanguage\":\"fi-FI\",\"potentialAction\":[{\"@type\":\"ReadAction\",\"target\":[\"https:\\\/\\\/www.afprofilters.com\\\/fi\\\/tuote\\\/cpmc-paneelisuodattimet\\\/\"]}]},{\"@type\":\"ImageObject\",\"inLanguage\":\"fi-FI\",\"@id\":\"https:\\\/\\\/www.afprofilters.com\\\/fi\\\/tuote\\\/cpmc-paneelisuodattimet\\\/#primaryimage\",\"url\":\"https:\\\/\\\/www.afprofilters.com\\\/wp-content\\\/uploads\\\/2016\\\/09\\\/CPMC.png\",\"contentUrl\":\"https:\\\/\\\/www.afprofilters.com\\\/wp-content\\\/uploads\\\/2016\\\/09\\\/CPMC.png\",\"width\":984,\"height\":960},{\"@type\":\"BreadcrumbList\",\"@id\":\"https:\\\/\\\/www.afprofilters.com\\\/fi\\\/tuote\\\/cpmc-paneelisuodattimet\\\/#breadcrumb\",\"itemListElement\":[{\"@type\":\"ListItem\",\"position\":1,\"name\":\"\",\"item\":\"https:\\\/\\\/www.afprofilters.com\\\/fi\\\/\"},{\"@type\":\"ListItem\",\"position\":2,\"name\":\"Products\",\"item\":\"https:\\\/\\\/www.afprofilters.com\\\/fi\\\/tuote\\\/\"},{\"@type\":\"ListItem\",\"position\":3,\"name\":\"Paneelisuodattimet\",\"item\":\"https:\\\/\\\/www.afprofilters.com\\\/fi\\\/tuotetyyppi\\\/paneelisuodattimet\\\/\"},{\"@type\":\"ListItem\",\"position\":4,\"name\":\"CPMC paneelisuodattimet\"}]},{\"@type\":\"WebSite\",\"@id\":\"https:\\\/\\\/www.afprofilters.com\\\/fi\\\/#website\",\"url\":\"https:\\\/\\\/www.afprofilters.com\\\/fi\\\/\",\"name\":\"AFPRO\",\"description\":\"AFPRO Filters\",\"publisher\":{\"@id\":\"https:\\\/\\\/www.afprofilters.com\\\/fi\\\/#organization\"},\"potentialAction\":[{\"@type\":\"SearchAction\",\"target\":{\"@type\":\"EntryPoint\",\"urlTemplate\":\"https:\\\/\\\/www.afprofilters.com\\\/fi\\\/?s={search_term_string}\"},\"query-input\":{\"@type\":\"PropertyValueSpecification\",\"valueRequired\":true,\"valueName\":\"search_term_string\"}}],\"inLanguage\":\"fi-FI\"},{\"@type\":\"Organization\",\"@id\":\"https:\\\/\\\/www.afprofilters.com\\\/fi\\\/#organization\",\"name\":\"AFPRO\",\"url\":\"https:\\\/\\\/www.afprofilters.com\\\/fi\\\/\",\"logo\":{\"@type\":\"ImageObject\",\"inLanguage\":\"fi-FI\",\"@id\":\"https:\\\/\\\/www.afprofilters.com\\\/fi\\\/#\\\/schema\\\/logo\\\/image\\\/\",\"url\":\"https:\\\/\\\/www.afprofilters.com\\\/wp-content\\\/uploads\\\/2021\\\/05\\\/AFPRO-logo.png\",\"contentUrl\":\"https:\\\/\\\/www.afprofilters.com\\\/wp-content\\\/uploads\\\/2021\\\/05\\\/AFPRO-logo.png\",\"width\":640,\"height\":177,\"caption\":\"AFPRO\"},\"image\":{\"@id\":\"https:\\\/\\\/www.afprofilters.com\\\/fi\\\/#\\\/schema\\\/logo\\\/image\\\/\"}}]}<\/script>\n<!-- \/ Yoast SEO plugin. -->","yoast_head_json":{"title":"CPMC Paneelisuodattimet","description":"Kaikki oleellinen CPMC Paneelisuodattimet on t\u00e4ll\u00e4 sivulla. Saat lis\u00e4tietoja napsauttamalla t\u00e4t\u00e4 linkki\u00e4 ja olethan yhteydess\u00e4 meihin saadaksesi tarjouksen.","robots":{"index":"index","follow":"follow","max-snippet":"max-snippet:-1","max-image-preview":"max-image-preview:large","max-video-preview":"max-video-preview:-1"},"canonical":"https:\/\/www.afprofilters.com\/fi\/tuote\/cpmc-paneelisuodattimet\/","og_locale":"fi_FI","og_type":"article","og_title":"CPMC Paneelisuodattimet","og_description":"Kaikki oleellinen CPMC Paneelisuodattimet on t\u00e4ll\u00e4 sivulla. Saat lis\u00e4tietoja napsauttamalla t\u00e4t\u00e4 linkki\u00e4 ja olethan yhteydess\u00e4 meihin saadaksesi tarjouksen.","og_url":"https:\/\/www.afprofilters.com\/fi\/tuote\/cpmc-paneelisuodattimet\/","og_site_name":"AFPRO","article_modified_time":"2025-12-29T08:50:18+00:00","og_image":[{"width":984,"height":960,"url":"http:\/\/www.afprofilters.com\/wp-content\/uploads\/2016\/09\/CPMC.png","type":"image\/png"}],"twitter_card":"summary_large_image","twitter_misc":{"Est. reading time":"1 minute"},"schema":{"@context":"https:\/\/schema.org","@graph":[{"@type":"WebPage","@id":"https:\/\/www.afprofilters.com\/fi\/tuote\/cpmc-paneelisuodattimet\/","url":"https:\/\/www.afprofilters.com\/fi\/tuote\/cpmc-paneelisuodattimet\/","name":"CPMC Paneelisuodattimet","isPartOf":{"@id":"https:\/\/www.afprofilters.com\/fi\/#website"},"primaryImageOfPage":{"@id":"https:\/\/www.afprofilters.com\/fi\/tuote\/cpmc-paneelisuodattimet\/#primaryimage"},"image":{"@id":"https:\/\/www.afprofilters.com\/fi\/tuote\/cpmc-paneelisuodattimet\/#primaryimage"},"thumbnailUrl":"https:\/\/www.afprofilters.com\/wp-content\/uploads\/2016\/09\/CPMC.png","datePublished":"2018-05-17T06:56:16+00:00","dateModified":"2025-12-29T08:50:18+00:00","description":"Kaikki oleellinen CPMC Paneelisuodattimet on t\u00e4ll\u00e4 sivulla. Saat lis\u00e4tietoja napsauttamalla t\u00e4t\u00e4 linkki\u00e4 ja olethan yhteydess\u00e4 meihin saadaksesi tarjouksen.","breadcrumb":{"@id":"https:\/\/www.afprofilters.com\/fi\/tuote\/cpmc-paneelisuodattimet\/#breadcrumb"},"inLanguage":"fi-FI","potentialAction":[{"@type":"ReadAction","target":["https:\/\/www.afprofilters.com\/fi\/tuote\/cpmc-paneelisuodattimet\/"]}]},{"@type":"ImageObject","inLanguage":"fi-FI","@id":"https:\/\/www.afprofilters.com\/fi\/tuote\/cpmc-paneelisuodattimet\/#primaryimage","url":"https:\/\/www.afprofilters.com\/wp-content\/uploads\/2016\/09\/CPMC.png","contentUrl":"https:\/\/www.afprofilters.com\/wp-content\/uploads\/2016\/09\/CPMC.png","width":984,"height":960},{"@type":"BreadcrumbList","@id":"https:\/\/www.afprofilters.com\/fi\/tuote\/cpmc-paneelisuodattimet\/#breadcrumb","itemListElement":[{"@type":"ListItem","position":1,"name":"","item":"https:\/\/www.afprofilters.com\/fi\/"},{"@type":"ListItem","position":2,"name":"Products","item":"https:\/\/www.afprofilters.com\/fi\/tuote\/"},{"@type":"ListItem","position":3,"name":"Paneelisuodattimet","item":"https:\/\/www.afprofilters.com\/fi\/tuotetyyppi\/paneelisuodattimet\/"},{"@type":"ListItem","position":4,"name":"CPMC paneelisuodattimet"}]},{"@type":"WebSite","@id":"https:\/\/www.afprofilters.com\/fi\/#website","url":"https:\/\/www.afprofilters.com\/fi\/","name":"AFPRO","description":"AFPRO Filters","publisher":{"@id":"https:\/\/www.afprofilters.com\/fi\/#organization"},"potentialAction":[{"@type":"SearchAction","target":{"@type":"EntryPoint","urlTemplate":"https:\/\/www.afprofilters.com\/fi\/?s={search_term_string}"},"query-input":{"@type":"PropertyValueSpecification","valueRequired":true,"valueName":"search_term_string"}}],"inLanguage":"fi-FI"},{"@type":"Organization","@id":"https:\/\/www.afprofilters.com\/fi\/#organization","name":"AFPRO","url":"https:\/\/www.afprofilters.com\/fi\/","logo":{"@type":"ImageObject","inLanguage":"fi-FI","@id":"https:\/\/www.afprofilters.com\/fi\/#\/schema\/logo\/image\/","url":"https:\/\/www.afprofilters.com\/wp-content\/uploads\/2021\/05\/AFPRO-logo.png","contentUrl":"https:\/\/www.afprofilters.com\/wp-content\/uploads\/2021\/05\/AFPRO-logo.png","width":640,"height":177,"caption":"AFPRO"},"image":{"@id":"https:\/\/www.afprofilters.com\/fi\/#\/schema\/logo\/image\/"}}]}},"_links":{"self":[{"href":"https:\/\/www.afprofilters.com\/fi\/wp-json\/wp\/v2\/product\/8496","targetHints":{"allow":["GET"]}}],"collection":[{"href":"https:\/\/www.afprofilters.com\/fi\/wp-json\/wp\/v2\/product"}],"about":[{"href":"https:\/\/www.afprofilters.com\/fi\/wp-json\/wp\/v2\/types\/product"}],"wp:featuredmedia":[{"embeddable":true,"href":"https:\/\/www.afprofilters.com\/fi\/wp-json\/wp\/v2\/media\/14544"}],"wp:attachment":[{"href":"https:\/\/www.afprofilters.com\/fi\/wp-json\/wp\/v2\/media?parent=8496"}],"wp:term":[{"taxonomy":"product_category","embeddable":true,"href":"https:\/\/www.afprofilters.com\/fi\/wp-json\/wp\/v2\/product_category?post=8496"}],"curies":[{"name":"wp","href":"https:\/\/api.w.org\/{rel}","templated":true}]}}