{"id":8491,"date":"2018-05-16T14:24:10","date_gmt":"2018-05-16T14:24:10","guid":{"rendered":"https:\/\/www.afprofilters.com\/?post_type=product&#038;p=8491"},"modified":"2022-03-09T07:23:53","modified_gmt":"2022-03-09T07:23:53","slug":"na-paneelisuodattimet","status":"publish","type":"product","link":"https:\/\/www.afprofilters.com\/fi\/tuote\/na-paneelisuodattimet\/","title":{"rendered":"NA paneelisuodattimet"},"content":{"rendered":"<p><strong>NA Paneelisuodattimet<\/strong> k\u00e4ytet\u00e4\u00e4n esimerkiksi esisuodattimina ilmank\u00e4sittelyss\u00e4, ilmastointij\u00e4rjestelmiss\u00e4 ja teollisuuden j\u00e4rjestelmiss\u00e4.<strong>NA Paneelisuodattimet<\/strong> ovat galvanoidusta ter\u00e4ksest\u00e4 valmistettuun kehykseen koottuja laskostettuja suodattimia.<\/p>\n<ul>\n<li><strong>Kehys:<\/strong>&nbsp;Galvanoitu ter\u00e4s<\/li>\n<li><strong>Suodatinmateriaali:&nbsp;<\/strong>Synteettinen<\/li>\n<li><strong>Tiiviste:<\/strong> Valittavissa neopreeni<\/li>\n<\/ul>\n","protected":false},"featured_media":8883,"parent":0,"template":"","format":"standard","product_category":[507],"class_list":["post-8491","product","type-product","status-publish","format-standard","has-post-thumbnail","hentry","product_category-paneelisuodattimet"],"acf":[],"yoast_head":"<!-- This site is optimized with the Yoast SEO plugin v27.3 - https:\/\/yoast.com\/product\/yoast-seo-wordpress\/ -->\n<title>NA Paneelisuodattimet<\/title>\n<meta name=\"description\" content=\"Hanki hyv\u00e4laatuista, puhdasta ja terveellist\u00e4 ilmaa rakennukseesi AFPRO Filtersin ilmansuodattimilla. Katso NA Paneelisuodattimet napsauttamalla t\u00e4t\u00e4 linkki\u00e4.\" \/>\n<meta name=\"robots\" content=\"index, follow, max-snippet:-1, max-image-preview:large, max-video-preview:-1\" \/>\n<link rel=\"canonical\" href=\"https:\/\/www.afprofilters.com\/fi\/tuote\/na-paneelisuodattimet\/\" \/>\n<meta property=\"og:locale\" content=\"fi_FI\" \/>\n<meta property=\"og:type\" content=\"article\" \/>\n<meta property=\"og:title\" content=\"NA Paneelisuodattimet\" \/>\n<meta property=\"og:description\" content=\"Hanki hyv\u00e4laatuista, puhdasta ja terveellist\u00e4 ilmaa rakennukseesi AFPRO Filtersin ilmansuodattimilla. Katso NA Paneelisuodattimet napsauttamalla t\u00e4t\u00e4 linkki\u00e4.\" \/>\n<meta property=\"og:url\" content=\"https:\/\/www.afprofilters.com\/fi\/tuote\/na-paneelisuodattimet\/\" \/>\n<meta property=\"og:site_name\" content=\"AFPRO\" \/>\n<meta property=\"article:modified_time\" content=\"2022-03-09T07:23:53+00:00\" \/>\n<meta property=\"og:image\" content=\"http:\/\/www.afprofilters.com\/wp-content\/uploads\/2016\/09\/METAL-FRAME-METAL-GAAS.jpg\" \/>\n\t<meta property=\"og:image:width\" content=\"313\" \/>\n\t<meta property=\"og:image:height\" content=\"400\" \/>\n\t<meta property=\"og:image:type\" content=\"image\/jpeg\" \/>\n<meta name=\"twitter:card\" content=\"summary_large_image\" \/>\n<meta name=\"twitter:label1\" content=\"Est. reading time\" \/>\n\t<meta name=\"twitter:data1\" content=\"1 minute\" \/>\n<script type=\"application\/ld+json\" class=\"yoast-schema-graph\">{\"@context\":\"https:\\\/\\\/schema.org\",\"@graph\":[{\"@type\":\"WebPage\",\"@id\":\"https:\\\/\\\/www.afprofilters.com\\\/fi\\\/tuote\\\/na-paneelisuodattimet\\\/\",\"url\":\"https:\\\/\\\/www.afprofilters.com\\\/fi\\\/tuote\\\/na-paneelisuodattimet\\\/\",\"name\":\"NA Paneelisuodattimet\",\"isPartOf\":{\"@id\":\"https:\\\/\\\/www.afprofilters.com\\\/fi\\\/#website\"},\"primaryImageOfPage\":{\"@id\":\"https:\\\/\\\/www.afprofilters.com\\\/fi\\\/tuote\\\/na-paneelisuodattimet\\\/#primaryimage\"},\"image\":{\"@id\":\"https:\\\/\\\/www.afprofilters.com\\\/fi\\\/tuote\\\/na-paneelisuodattimet\\\/#primaryimage\"},\"thumbnailUrl\":\"https:\\\/\\\/www.afprofilters.com\\\/wp-content\\\/uploads\\\/2016\\\/09\\\/METAL-FRAME-METAL-GAAS.jpg\",\"datePublished\":\"2018-05-16T14:24:10+00:00\",\"dateModified\":\"2022-03-09T07:23:53+00:00\",\"description\":\"Hanki hyv\u00e4laatuista, puhdasta ja terveellist\u00e4 ilmaa rakennukseesi AFPRO Filtersin ilmansuodattimilla. Katso NA Paneelisuodattimet napsauttamalla t\u00e4t\u00e4 linkki\u00e4.\",\"breadcrumb\":{\"@id\":\"https:\\\/\\\/www.afprofilters.com\\\/fi\\\/tuote\\\/na-paneelisuodattimet\\\/#breadcrumb\"},\"inLanguage\":\"fi-FI\",\"potentialAction\":[{\"@type\":\"ReadAction\",\"target\":[\"https:\\\/\\\/www.afprofilters.com\\\/fi\\\/tuote\\\/na-paneelisuodattimet\\\/\"]}]},{\"@type\":\"ImageObject\",\"inLanguage\":\"fi-FI\",\"@id\":\"https:\\\/\\\/www.afprofilters.com\\\/fi\\\/tuote\\\/na-paneelisuodattimet\\\/#primaryimage\",\"url\":\"https:\\\/\\\/www.afprofilters.com\\\/wp-content\\\/uploads\\\/2016\\\/09\\\/METAL-FRAME-METAL-GAAS.jpg\",\"contentUrl\":\"https:\\\/\\\/www.afprofilters.com\\\/wp-content\\\/uploads\\\/2016\\\/09\\\/METAL-FRAME-METAL-GAAS.jpg\",\"width\":313,\"height\":400,\"caption\":\"Fotostudio IMAGO Hamsterkoog 17c 1822 CD Alkmaar Netherlands 072 5 620 625\"},{\"@type\":\"BreadcrumbList\",\"@id\":\"https:\\\/\\\/www.afprofilters.com\\\/fi\\\/tuote\\\/na-paneelisuodattimet\\\/#breadcrumb\",\"itemListElement\":[{\"@type\":\"ListItem\",\"position\":1,\"name\":\"\",\"item\":\"https:\\\/\\\/www.afprofilters.com\\\/fi\\\/\"},{\"@type\":\"ListItem\",\"position\":2,\"name\":\"Products\",\"item\":\"https:\\\/\\\/www.afprofilters.com\\\/fi\\\/tuote\\\/\"},{\"@type\":\"ListItem\",\"position\":3,\"name\":\"Paneelisuodattimet\",\"item\":\"https:\\\/\\\/www.afprofilters.com\\\/fi\\\/tuotetyyppi\\\/paneelisuodattimet\\\/\"},{\"@type\":\"ListItem\",\"position\":4,\"name\":\"NA paneelisuodattimet\"}]},{\"@type\":\"WebSite\",\"@id\":\"https:\\\/\\\/www.afprofilters.com\\\/fi\\\/#website\",\"url\":\"https:\\\/\\\/www.afprofilters.com\\\/fi\\\/\",\"name\":\"AFPRO\",\"description\":\"AFPRO Filters\",\"publisher\":{\"@id\":\"https:\\\/\\\/www.afprofilters.com\\\/fi\\\/#organization\"},\"potentialAction\":[{\"@type\":\"SearchAction\",\"target\":{\"@type\":\"EntryPoint\",\"urlTemplate\":\"https:\\\/\\\/www.afprofilters.com\\\/fi\\\/?s={search_term_string}\"},\"query-input\":{\"@type\":\"PropertyValueSpecification\",\"valueRequired\":true,\"valueName\":\"search_term_string\"}}],\"inLanguage\":\"fi-FI\"},{\"@type\":\"Organization\",\"@id\":\"https:\\\/\\\/www.afprofilters.com\\\/fi\\\/#organization\",\"name\":\"AFPRO\",\"url\":\"https:\\\/\\\/www.afprofilters.com\\\/fi\\\/\",\"logo\":{\"@type\":\"ImageObject\",\"inLanguage\":\"fi-FI\",\"@id\":\"https:\\\/\\\/www.afprofilters.com\\\/fi\\\/#\\\/schema\\\/logo\\\/image\\\/\",\"url\":\"https:\\\/\\\/www.afprofilters.com\\\/wp-content\\\/uploads\\\/2021\\\/05\\\/AFPRO-logo.png\",\"contentUrl\":\"https:\\\/\\\/www.afprofilters.com\\\/wp-content\\\/uploads\\\/2021\\\/05\\\/AFPRO-logo.png\",\"width\":640,\"height\":177,\"caption\":\"AFPRO\"},\"image\":{\"@id\":\"https:\\\/\\\/www.afprofilters.com\\\/fi\\\/#\\\/schema\\\/logo\\\/image\\\/\"}}]}<\/script>\n<!-- \/ Yoast SEO plugin. -->","yoast_head_json":{"title":"NA Paneelisuodattimet","description":"Hanki hyv\u00e4laatuista, puhdasta ja terveellist\u00e4 ilmaa rakennukseesi AFPRO Filtersin ilmansuodattimilla. Katso NA Paneelisuodattimet napsauttamalla t\u00e4t\u00e4 linkki\u00e4.","robots":{"index":"index","follow":"follow","max-snippet":"max-snippet:-1","max-image-preview":"max-image-preview:large","max-video-preview":"max-video-preview:-1"},"canonical":"https:\/\/www.afprofilters.com\/fi\/tuote\/na-paneelisuodattimet\/","og_locale":"fi_FI","og_type":"article","og_title":"NA Paneelisuodattimet","og_description":"Hanki hyv\u00e4laatuista, puhdasta ja terveellist\u00e4 ilmaa rakennukseesi AFPRO Filtersin ilmansuodattimilla. Katso NA Paneelisuodattimet napsauttamalla t\u00e4t\u00e4 linkki\u00e4.","og_url":"https:\/\/www.afprofilters.com\/fi\/tuote\/na-paneelisuodattimet\/","og_site_name":"AFPRO","article_modified_time":"2022-03-09T07:23:53+00:00","og_image":[{"width":313,"height":400,"url":"http:\/\/www.afprofilters.com\/wp-content\/uploads\/2016\/09\/METAL-FRAME-METAL-GAAS.jpg","type":"image\/jpeg"}],"twitter_card":"summary_large_image","twitter_misc":{"Est. reading time":"1 minute"},"schema":{"@context":"https:\/\/schema.org","@graph":[{"@type":"WebPage","@id":"https:\/\/www.afprofilters.com\/fi\/tuote\/na-paneelisuodattimet\/","url":"https:\/\/www.afprofilters.com\/fi\/tuote\/na-paneelisuodattimet\/","name":"NA Paneelisuodattimet","isPartOf":{"@id":"https:\/\/www.afprofilters.com\/fi\/#website"},"primaryImageOfPage":{"@id":"https:\/\/www.afprofilters.com\/fi\/tuote\/na-paneelisuodattimet\/#primaryimage"},"image":{"@id":"https:\/\/www.afprofilters.com\/fi\/tuote\/na-paneelisuodattimet\/#primaryimage"},"thumbnailUrl":"https:\/\/www.afprofilters.com\/wp-content\/uploads\/2016\/09\/METAL-FRAME-METAL-GAAS.jpg","datePublished":"2018-05-16T14:24:10+00:00","dateModified":"2022-03-09T07:23:53+00:00","description":"Hanki hyv\u00e4laatuista, puhdasta ja terveellist\u00e4 ilmaa rakennukseesi AFPRO Filtersin ilmansuodattimilla. Katso NA Paneelisuodattimet napsauttamalla t\u00e4t\u00e4 linkki\u00e4.","breadcrumb":{"@id":"https:\/\/www.afprofilters.com\/fi\/tuote\/na-paneelisuodattimet\/#breadcrumb"},"inLanguage":"fi-FI","potentialAction":[{"@type":"ReadAction","target":["https:\/\/www.afprofilters.com\/fi\/tuote\/na-paneelisuodattimet\/"]}]},{"@type":"ImageObject","inLanguage":"fi-FI","@id":"https:\/\/www.afprofilters.com\/fi\/tuote\/na-paneelisuodattimet\/#primaryimage","url":"https:\/\/www.afprofilters.com\/wp-content\/uploads\/2016\/09\/METAL-FRAME-METAL-GAAS.jpg","contentUrl":"https:\/\/www.afprofilters.com\/wp-content\/uploads\/2016\/09\/METAL-FRAME-METAL-GAAS.jpg","width":313,"height":400,"caption":"Fotostudio IMAGO Hamsterkoog 17c 1822 CD Alkmaar Netherlands 072 5 620 625"},{"@type":"BreadcrumbList","@id":"https:\/\/www.afprofilters.com\/fi\/tuote\/na-paneelisuodattimet\/#breadcrumb","itemListElement":[{"@type":"ListItem","position":1,"name":"","item":"https:\/\/www.afprofilters.com\/fi\/"},{"@type":"ListItem","position":2,"name":"Products","item":"https:\/\/www.afprofilters.com\/fi\/tuote\/"},{"@type":"ListItem","position":3,"name":"Paneelisuodattimet","item":"https:\/\/www.afprofilters.com\/fi\/tuotetyyppi\/paneelisuodattimet\/"},{"@type":"ListItem","position":4,"name":"NA paneelisuodattimet"}]},{"@type":"WebSite","@id":"https:\/\/www.afprofilters.com\/fi\/#website","url":"https:\/\/www.afprofilters.com\/fi\/","name":"AFPRO","description":"AFPRO Filters","publisher":{"@id":"https:\/\/www.afprofilters.com\/fi\/#organization"},"potentialAction":[{"@type":"SearchAction","target":{"@type":"EntryPoint","urlTemplate":"https:\/\/www.afprofilters.com\/fi\/?s={search_term_string}"},"query-input":{"@type":"PropertyValueSpecification","valueRequired":true,"valueName":"search_term_string"}}],"inLanguage":"fi-FI"},{"@type":"Organization","@id":"https:\/\/www.afprofilters.com\/fi\/#organization","name":"AFPRO","url":"https:\/\/www.afprofilters.com\/fi\/","logo":{"@type":"ImageObject","inLanguage":"fi-FI","@id":"https:\/\/www.afprofilters.com\/fi\/#\/schema\/logo\/image\/","url":"https:\/\/www.afprofilters.com\/wp-content\/uploads\/2021\/05\/AFPRO-logo.png","contentUrl":"https:\/\/www.afprofilters.com\/wp-content\/uploads\/2021\/05\/AFPRO-logo.png","width":640,"height":177,"caption":"AFPRO"},"image":{"@id":"https:\/\/www.afprofilters.com\/fi\/#\/schema\/logo\/image\/"}}]}},"_links":{"self":[{"href":"https:\/\/www.afprofilters.com\/fi\/wp-json\/wp\/v2\/product\/8491","targetHints":{"allow":["GET"]}}],"collection":[{"href":"https:\/\/www.afprofilters.com\/fi\/wp-json\/wp\/v2\/product"}],"about":[{"href":"https:\/\/www.afprofilters.com\/fi\/wp-json\/wp\/v2\/types\/product"}],"wp:featuredmedia":[{"embeddable":true,"href":"https:\/\/www.afprofilters.com\/fi\/wp-json\/wp\/v2\/media\/8883"}],"wp:attachment":[{"href":"https:\/\/www.afprofilters.com\/fi\/wp-json\/wp\/v2\/media?parent=8491"}],"wp:term":[{"taxonomy":"product_category","embeddable":true,"href":"https:\/\/www.afprofilters.com\/fi\/wp-json\/wp\/v2\/product_category?post=8491"}],"curies":[{"name":"wp","href":"https:\/\/api.w.org\/{rel}","templated":true}]}}