{"id":8488,"date":"2018-05-16T13:47:29","date_gmt":"2018-05-16T13:47:29","guid":{"rendered":"https:\/\/www.afprofilters.com\/?post_type=product&#038;p=8488"},"modified":"2022-03-09T07:17:22","modified_gmt":"2022-03-09T07:17:22","slug":"hf-hepa","status":"publish","type":"product","link":"https:\/\/www.afprofilters.com\/fi\/tuote\/hf-hepa\/","title":{"rendered":"Asennuskehykset HEPA-suodattimiin"},"content":{"rendered":"<p>AFPRO on kehitt\u00e4nyt useita innovatiivisia ratkaisuja, joilla nopeutetaan ja helpotetaan suodattimien asentamista HEPA-asennuskehyksiin. Koska HEPA-suodattimen kehykselt\u00e4 edellytet\u00e4\u00e4n tiiviytt\u00e4, suodattimen ja tiivisteen v\u00e4linen tiiviys voidaan varmistaa t\u00e4htimuttereilla<strong>HEPA-suodattimien asennuskehykset<\/strong> on valmistettu joko galvanoidusta tai ruostumattomasta ter\u00e4ksest\u00e4 (304 tai 316), ja tarvittaessa niihin voidaan lis\u00e4t\u00e4 epoksipinnoite. Riitt\u00e4v\u00e4n j\u00e4ykkyyden varmistamiseksi kehysten valmistukseen k\u00e4ytet\u00e4\u00e4n vain korkealaatuista ter\u00e4st\u00e4. Rakenteessa on my\u00f6s huomioitu kehyksen vakaus ja asennuksen helppous.<\/p>\n<p>&nbsp;<\/p>\n<p>&nbsp;<\/p>\n","protected":false},"featured_media":368,"parent":0,"template":"","format":"standard","product_category":[508],"class_list":["post-8488","product","type-product","status-publish","format-standard","has-post-thumbnail","hentry","product_category-kehykset"],"acf":[],"yoast_head":"<!-- This site is optimized with the Yoast SEO plugin v27.3 - https:\/\/yoast.com\/product\/yoast-seo-wordpress\/ -->\n<title>HF HEPA<\/title>\n<meta name=\"description\" content=\"Kaikki oleellinen HF HEPA on t\u00e4ll\u00e4 sivulla. Saat lis\u00e4tietoja napsauttamalla t\u00e4t\u00e4 linkki\u00e4 ja olethan yhteydess\u00e4 meihin saadaksesi tarjouksen.\" \/>\n<meta name=\"robots\" content=\"index, follow, max-snippet:-1, max-image-preview:large, max-video-preview:-1\" \/>\n<link rel=\"canonical\" href=\"https:\/\/www.afprofilters.com\/fi\/tuote\/hf-hepa\/\" \/>\n<meta property=\"og:locale\" content=\"fi_FI\" \/>\n<meta property=\"og:type\" content=\"article\" \/>\n<meta property=\"og:title\" content=\"HF HEPA\" \/>\n<meta property=\"og:description\" content=\"Kaikki oleellinen HF HEPA on t\u00e4ll\u00e4 sivulla. Saat lis\u00e4tietoja napsauttamalla t\u00e4t\u00e4 linkki\u00e4 ja olethan yhteydess\u00e4 meihin saadaksesi tarjouksen.\" \/>\n<meta property=\"og:url\" content=\"https:\/\/www.afprofilters.com\/fi\/tuote\/hf-hepa\/\" \/>\n<meta property=\"og:site_name\" content=\"AFPRO\" \/>\n<meta property=\"article:modified_time\" content=\"2022-03-09T07:17:22+00:00\" \/>\n<meta property=\"og:image\" content=\"http:\/\/www.afprofilters.com\/wp-content\/uploads\/2016\/09\/HOLD_FR_HP_A_TOTAAL.jpg\" \/>\n\t<meta property=\"og:image:width\" content=\"4301\" \/>\n\t<meta property=\"og:image:height\" content=\"4620\" \/>\n\t<meta property=\"og:image:type\" content=\"image\/jpeg\" \/>\n<meta name=\"twitter:card\" content=\"summary_large_image\" \/>\n<meta name=\"twitter:label1\" content=\"Est. reading time\" \/>\n\t<meta name=\"twitter:data1\" content=\"1 minute\" \/>\n<script type=\"application\/ld+json\" class=\"yoast-schema-graph\">{\"@context\":\"https:\\\/\\\/schema.org\",\"@graph\":[{\"@type\":\"WebPage\",\"@id\":\"https:\\\/\\\/www.afprofilters.com\\\/fi\\\/tuote\\\/hf-hepa\\\/\",\"url\":\"https:\\\/\\\/www.afprofilters.com\\\/fi\\\/tuote\\\/hf-hepa\\\/\",\"name\":\"HF HEPA\",\"isPartOf\":{\"@id\":\"https:\\\/\\\/www.afprofilters.com\\\/fi\\\/#website\"},\"primaryImageOfPage\":{\"@id\":\"https:\\\/\\\/www.afprofilters.com\\\/fi\\\/tuote\\\/hf-hepa\\\/#primaryimage\"},\"image\":{\"@id\":\"https:\\\/\\\/www.afprofilters.com\\\/fi\\\/tuote\\\/hf-hepa\\\/#primaryimage\"},\"thumbnailUrl\":\"https:\\\/\\\/www.afprofilters.com\\\/wp-content\\\/uploads\\\/2016\\\/09\\\/HOLD_FR_HP_A_TOTAAL.jpg\",\"datePublished\":\"2018-05-16T13:47:29+00:00\",\"dateModified\":\"2022-03-09T07:17:22+00:00\",\"description\":\"Kaikki oleellinen HF HEPA on t\u00e4ll\u00e4 sivulla. Saat lis\u00e4tietoja napsauttamalla t\u00e4t\u00e4 linkki\u00e4 ja olethan yhteydess\u00e4 meihin saadaksesi tarjouksen.\",\"breadcrumb\":{\"@id\":\"https:\\\/\\\/www.afprofilters.com\\\/fi\\\/tuote\\\/hf-hepa\\\/#breadcrumb\"},\"inLanguage\":\"fi-FI\",\"potentialAction\":[{\"@type\":\"ReadAction\",\"target\":[\"https:\\\/\\\/www.afprofilters.com\\\/fi\\\/tuote\\\/hf-hepa\\\/\"]}]},{\"@type\":\"ImageObject\",\"inLanguage\":\"fi-FI\",\"@id\":\"https:\\\/\\\/www.afprofilters.com\\\/fi\\\/tuote\\\/hf-hepa\\\/#primaryimage\",\"url\":\"https:\\\/\\\/www.afprofilters.com\\\/wp-content\\\/uploads\\\/2016\\\/09\\\/HOLD_FR_HP_A_TOTAAL.jpg\",\"contentUrl\":\"https:\\\/\\\/www.afprofilters.com\\\/wp-content\\\/uploads\\\/2016\\\/09\\\/HOLD_FR_HP_A_TOTAAL.jpg\",\"width\":4301,\"height\":4620,\"caption\":\"zie filename\"},{\"@type\":\"BreadcrumbList\",\"@id\":\"https:\\\/\\\/www.afprofilters.com\\\/fi\\\/tuote\\\/hf-hepa\\\/#breadcrumb\",\"itemListElement\":[{\"@type\":\"ListItem\",\"position\":1,\"name\":\"\",\"item\":\"https:\\\/\\\/www.afprofilters.com\\\/fi\\\/\"},{\"@type\":\"ListItem\",\"position\":2,\"name\":\"Products\",\"item\":\"https:\\\/\\\/www.afprofilters.com\\\/fi\\\/tuote\\\/\"},{\"@type\":\"ListItem\",\"position\":3,\"name\":\"Kehykset\",\"item\":\"https:\\\/\\\/www.afprofilters.com\\\/fi\\\/tuotetyyppi\\\/kehykset\\\/\"},{\"@type\":\"ListItem\",\"position\":4,\"name\":\"Asennuskehykset HEPA-suodattimiin\"}]},{\"@type\":\"WebSite\",\"@id\":\"https:\\\/\\\/www.afprofilters.com\\\/fi\\\/#website\",\"url\":\"https:\\\/\\\/www.afprofilters.com\\\/fi\\\/\",\"name\":\"AFPRO\",\"description\":\"AFPRO Filters\",\"publisher\":{\"@id\":\"https:\\\/\\\/www.afprofilters.com\\\/fi\\\/#organization\"},\"potentialAction\":[{\"@type\":\"SearchAction\",\"target\":{\"@type\":\"EntryPoint\",\"urlTemplate\":\"https:\\\/\\\/www.afprofilters.com\\\/fi\\\/?s={search_term_string}\"},\"query-input\":{\"@type\":\"PropertyValueSpecification\",\"valueRequired\":true,\"valueName\":\"search_term_string\"}}],\"inLanguage\":\"fi-FI\"},{\"@type\":\"Organization\",\"@id\":\"https:\\\/\\\/www.afprofilters.com\\\/fi\\\/#organization\",\"name\":\"AFPRO\",\"url\":\"https:\\\/\\\/www.afprofilters.com\\\/fi\\\/\",\"logo\":{\"@type\":\"ImageObject\",\"inLanguage\":\"fi-FI\",\"@id\":\"https:\\\/\\\/www.afprofilters.com\\\/fi\\\/#\\\/schema\\\/logo\\\/image\\\/\",\"url\":\"https:\\\/\\\/www.afprofilters.com\\\/wp-content\\\/uploads\\\/2021\\\/05\\\/AFPRO-logo.png\",\"contentUrl\":\"https:\\\/\\\/www.afprofilters.com\\\/wp-content\\\/uploads\\\/2021\\\/05\\\/AFPRO-logo.png\",\"width\":640,\"height\":177,\"caption\":\"AFPRO\"},\"image\":{\"@id\":\"https:\\\/\\\/www.afprofilters.com\\\/fi\\\/#\\\/schema\\\/logo\\\/image\\\/\"}}]}<\/script>\n<!-- \/ Yoast SEO plugin. -->","yoast_head_json":{"title":"HF HEPA","description":"Kaikki oleellinen HF HEPA on t\u00e4ll\u00e4 sivulla. Saat lis\u00e4tietoja napsauttamalla t\u00e4t\u00e4 linkki\u00e4 ja olethan yhteydess\u00e4 meihin saadaksesi tarjouksen.","robots":{"index":"index","follow":"follow","max-snippet":"max-snippet:-1","max-image-preview":"max-image-preview:large","max-video-preview":"max-video-preview:-1"},"canonical":"https:\/\/www.afprofilters.com\/fi\/tuote\/hf-hepa\/","og_locale":"fi_FI","og_type":"article","og_title":"HF HEPA","og_description":"Kaikki oleellinen HF HEPA on t\u00e4ll\u00e4 sivulla. Saat lis\u00e4tietoja napsauttamalla t\u00e4t\u00e4 linkki\u00e4 ja olethan yhteydess\u00e4 meihin saadaksesi tarjouksen.","og_url":"https:\/\/www.afprofilters.com\/fi\/tuote\/hf-hepa\/","og_site_name":"AFPRO","article_modified_time":"2022-03-09T07:17:22+00:00","og_image":[{"width":4301,"height":4620,"url":"http:\/\/www.afprofilters.com\/wp-content\/uploads\/2016\/09\/HOLD_FR_HP_A_TOTAAL.jpg","type":"image\/jpeg"}],"twitter_card":"summary_large_image","twitter_misc":{"Est. reading time":"1 minute"},"schema":{"@context":"https:\/\/schema.org","@graph":[{"@type":"WebPage","@id":"https:\/\/www.afprofilters.com\/fi\/tuote\/hf-hepa\/","url":"https:\/\/www.afprofilters.com\/fi\/tuote\/hf-hepa\/","name":"HF HEPA","isPartOf":{"@id":"https:\/\/www.afprofilters.com\/fi\/#website"},"primaryImageOfPage":{"@id":"https:\/\/www.afprofilters.com\/fi\/tuote\/hf-hepa\/#primaryimage"},"image":{"@id":"https:\/\/www.afprofilters.com\/fi\/tuote\/hf-hepa\/#primaryimage"},"thumbnailUrl":"https:\/\/www.afprofilters.com\/wp-content\/uploads\/2016\/09\/HOLD_FR_HP_A_TOTAAL.jpg","datePublished":"2018-05-16T13:47:29+00:00","dateModified":"2022-03-09T07:17:22+00:00","description":"Kaikki oleellinen HF HEPA on t\u00e4ll\u00e4 sivulla. Saat lis\u00e4tietoja napsauttamalla t\u00e4t\u00e4 linkki\u00e4 ja olethan yhteydess\u00e4 meihin saadaksesi tarjouksen.","breadcrumb":{"@id":"https:\/\/www.afprofilters.com\/fi\/tuote\/hf-hepa\/#breadcrumb"},"inLanguage":"fi-FI","potentialAction":[{"@type":"ReadAction","target":["https:\/\/www.afprofilters.com\/fi\/tuote\/hf-hepa\/"]}]},{"@type":"ImageObject","inLanguage":"fi-FI","@id":"https:\/\/www.afprofilters.com\/fi\/tuote\/hf-hepa\/#primaryimage","url":"https:\/\/www.afprofilters.com\/wp-content\/uploads\/2016\/09\/HOLD_FR_HP_A_TOTAAL.jpg","contentUrl":"https:\/\/www.afprofilters.com\/wp-content\/uploads\/2016\/09\/HOLD_FR_HP_A_TOTAAL.jpg","width":4301,"height":4620,"caption":"zie filename"},{"@type":"BreadcrumbList","@id":"https:\/\/www.afprofilters.com\/fi\/tuote\/hf-hepa\/#breadcrumb","itemListElement":[{"@type":"ListItem","position":1,"name":"","item":"https:\/\/www.afprofilters.com\/fi\/"},{"@type":"ListItem","position":2,"name":"Products","item":"https:\/\/www.afprofilters.com\/fi\/tuote\/"},{"@type":"ListItem","position":3,"name":"Kehykset","item":"https:\/\/www.afprofilters.com\/fi\/tuotetyyppi\/kehykset\/"},{"@type":"ListItem","position":4,"name":"Asennuskehykset HEPA-suodattimiin"}]},{"@type":"WebSite","@id":"https:\/\/www.afprofilters.com\/fi\/#website","url":"https:\/\/www.afprofilters.com\/fi\/","name":"AFPRO","description":"AFPRO Filters","publisher":{"@id":"https:\/\/www.afprofilters.com\/fi\/#organization"},"potentialAction":[{"@type":"SearchAction","target":{"@type":"EntryPoint","urlTemplate":"https:\/\/www.afprofilters.com\/fi\/?s={search_term_string}"},"query-input":{"@type":"PropertyValueSpecification","valueRequired":true,"valueName":"search_term_string"}}],"inLanguage":"fi-FI"},{"@type":"Organization","@id":"https:\/\/www.afprofilters.com\/fi\/#organization","name":"AFPRO","url":"https:\/\/www.afprofilters.com\/fi\/","logo":{"@type":"ImageObject","inLanguage":"fi-FI","@id":"https:\/\/www.afprofilters.com\/fi\/#\/schema\/logo\/image\/","url":"https:\/\/www.afprofilters.com\/wp-content\/uploads\/2021\/05\/AFPRO-logo.png","contentUrl":"https:\/\/www.afprofilters.com\/wp-content\/uploads\/2021\/05\/AFPRO-logo.png","width":640,"height":177,"caption":"AFPRO"},"image":{"@id":"https:\/\/www.afprofilters.com\/fi\/#\/schema\/logo\/image\/"}}]}},"_links":{"self":[{"href":"https:\/\/www.afprofilters.com\/fi\/wp-json\/wp\/v2\/product\/8488","targetHints":{"allow":["GET"]}}],"collection":[{"href":"https:\/\/www.afprofilters.com\/fi\/wp-json\/wp\/v2\/product"}],"about":[{"href":"https:\/\/www.afprofilters.com\/fi\/wp-json\/wp\/v2\/types\/product"}],"wp:featuredmedia":[{"embeddable":true,"href":"https:\/\/www.afprofilters.com\/fi\/wp-json\/wp\/v2\/media\/368"}],"wp:attachment":[{"href":"https:\/\/www.afprofilters.com\/fi\/wp-json\/wp\/v2\/media?parent=8488"}],"wp:term":[{"taxonomy":"product_category","embeddable":true,"href":"https:\/\/www.afprofilters.com\/fi\/wp-json\/wp\/v2\/product_category?post=8488"}],"curies":[{"name":"wp","href":"https:\/\/api.w.org\/{rel}","templated":true}]}}