{"id":8430,"date":"2018-05-04T11:31:00","date_gmt":"2018-05-04T11:31:00","guid":{"rendered":"https:\/\/www.afprofilters.com\/?post_type=product&#038;p=8430"},"modified":"2022-03-09T07:19:26","modified_gmt":"2022-03-09T07:19:26","slug":"hpg-sarjan-hepa-suodattimet","status":"publish","type":"product","link":"https:\/\/www.afprofilters.com\/fi\/tuote\/hpg-sarjan-hepa-suodattimet\/","title":{"rendered":"HPG sarjan hepa suodattimet"},"content":{"rendered":"<p><strong>HPG sarjan HEPA suodattimet&nbsp;<\/strong>k\u00e4ytet\u00e4\u00e4n esimerkiksi sairaaloissa sek\u00e4 ydin-, elintarvike- ja puolijohdeteollisuudessa. Ne ovat \u00e4\u00e4rimm\u00e4isen luotettavia, sill\u00e4 niiden laatua valvotaan tarkasti ja ne testataan kattavasti. <strong>HPG sarjan HEPA suodattimet&nbsp;<\/strong>rakenne vaihtelee k\u00e4ytt\u00f6kohteesta riippuen. AFPRO Filters pyrkii minimoimaan kunkin mallin ilmanvastuksen, mik\u00e4 v\u00e4hent\u00e4\u00e4 energiankulutusta ja tuottaa rahallista s\u00e4\u00e4st\u00f6\u00e4.<\/p>\n<ul>\n<li><strong>Kehys:<\/strong>&nbsp;Galvanoitu ter\u00e4s<\/li>\n<li><strong>V\u00e4likappaleet:&nbsp;<\/strong>Alumiini<\/li>\n<li><strong>Sidosaine:<\/strong>&nbsp;Kaksikomponenttinen polyuretaani<\/li>\n<li><strong>Suodatinmateriaali:<\/strong>&nbsp;Lasikuitupaperi<\/li>\n<li><strong>Tiiviste:<\/strong>&nbsp;Polyuretaanivaahto<\/li>\n<\/ul>\n<p>&nbsp;<\/p>\n","protected":false},"featured_media":8842,"parent":0,"template":"","format":"standard","product_category":[509],"class_list":["post-8430","product","type-product","status-publish","format-standard","has-post-thumbnail","hentry","product_category-hepa-suodattimet"],"acf":[],"yoast_head":"<!-- This site is optimized with the Yoast SEO plugin v27.3 - https:\/\/yoast.com\/product\/yoast-seo-wordpress\/ -->\n<title>HPG sarjan HEPA suodattimet<\/title>\n<meta name=\"description\" content=\"Mahdollista terveellinen sis\u00e4ilman laatu HPG sarjan HEPA suodattimet avulla. Kaikki olennainen tieto l\u00f6ytyy nettisivuiltamme.\" \/>\n<meta name=\"robots\" content=\"index, follow, max-snippet:-1, max-image-preview:large, max-video-preview:-1\" \/>\n<link rel=\"canonical\" href=\"https:\/\/www.afprofilters.com\/fi\/tuote\/hpg-sarjan-hepa-suodattimet\/\" \/>\n<meta property=\"og:locale\" content=\"fi_FI\" \/>\n<meta property=\"og:type\" content=\"article\" \/>\n<meta property=\"og:title\" content=\"HPG sarjan HEPA suodattimet\" \/>\n<meta property=\"og:description\" content=\"Mahdollista terveellinen sis\u00e4ilman laatu HPG sarjan HEPA suodattimet avulla. Kaikki olennainen tieto l\u00f6ytyy nettisivuiltamme.\" \/>\n<meta property=\"og:url\" content=\"https:\/\/www.afprofilters.com\/fi\/tuote\/hpg-sarjan-hepa-suodattimet\/\" \/>\n<meta property=\"og:site_name\" content=\"AFPRO\" \/>\n<meta property=\"article:modified_time\" content=\"2022-03-09T07:19:26+00:00\" \/>\n<meta property=\"og:image\" content=\"http:\/\/www.afprofilters.com\/wp-content\/uploads\/2016\/09\/HPG2113NEEM.jpg\" \/>\n\t<meta property=\"og:image:width\" content=\"400\" \/>\n\t<meta property=\"og:image:height\" content=\"400\" \/>\n\t<meta property=\"og:image:type\" content=\"image\/jpeg\" \/>\n<meta name=\"twitter:card\" content=\"summary_large_image\" \/>\n<meta name=\"twitter:label1\" content=\"Est. reading time\" \/>\n\t<meta name=\"twitter:data1\" content=\"1 minute\" \/>\n<script type=\"application\/ld+json\" class=\"yoast-schema-graph\">{\"@context\":\"https:\\\/\\\/schema.org\",\"@graph\":[{\"@type\":\"WebPage\",\"@id\":\"https:\\\/\\\/www.afprofilters.com\\\/fi\\\/tuote\\\/hpg-sarjan-hepa-suodattimet\\\/\",\"url\":\"https:\\\/\\\/www.afprofilters.com\\\/fi\\\/tuote\\\/hpg-sarjan-hepa-suodattimet\\\/\",\"name\":\"HPG sarjan HEPA suodattimet\",\"isPartOf\":{\"@id\":\"https:\\\/\\\/www.afprofilters.com\\\/fi\\\/#website\"},\"primaryImageOfPage\":{\"@id\":\"https:\\\/\\\/www.afprofilters.com\\\/fi\\\/tuote\\\/hpg-sarjan-hepa-suodattimet\\\/#primaryimage\"},\"image\":{\"@id\":\"https:\\\/\\\/www.afprofilters.com\\\/fi\\\/tuote\\\/hpg-sarjan-hepa-suodattimet\\\/#primaryimage\"},\"thumbnailUrl\":\"https:\\\/\\\/www.afprofilters.com\\\/wp-content\\\/uploads\\\/2016\\\/09\\\/HPG2113NEEM.jpg\",\"datePublished\":\"2018-05-04T11:31:00+00:00\",\"dateModified\":\"2022-03-09T07:19:26+00:00\",\"description\":\"Mahdollista terveellinen sis\u00e4ilman laatu HPG sarjan HEPA suodattimet avulla. Kaikki olennainen tieto l\u00f6ytyy nettisivuiltamme.\",\"breadcrumb\":{\"@id\":\"https:\\\/\\\/www.afprofilters.com\\\/fi\\\/tuote\\\/hpg-sarjan-hepa-suodattimet\\\/#breadcrumb\"},\"inLanguage\":\"fi-FI\",\"potentialAction\":[{\"@type\":\"ReadAction\",\"target\":[\"https:\\\/\\\/www.afprofilters.com\\\/fi\\\/tuote\\\/hpg-sarjan-hepa-suodattimet\\\/\"]}]},{\"@type\":\"ImageObject\",\"inLanguage\":\"fi-FI\",\"@id\":\"https:\\\/\\\/www.afprofilters.com\\\/fi\\\/tuote\\\/hpg-sarjan-hepa-suodattimet\\\/#primaryimage\",\"url\":\"https:\\\/\\\/www.afprofilters.com\\\/wp-content\\\/uploads\\\/2016\\\/09\\\/HPG2113NEEM.jpg\",\"contentUrl\":\"https:\\\/\\\/www.afprofilters.com\\\/wp-content\\\/uploads\\\/2016\\\/09\\\/HPG2113NEEM.jpg\",\"width\":400,\"height\":400,\"caption\":\"Fotostudio IMAGO Hamsterkoog 17c 1822 CD Alkmaar Netherlands 072 5 620 625\"},{\"@type\":\"BreadcrumbList\",\"@id\":\"https:\\\/\\\/www.afprofilters.com\\\/fi\\\/tuote\\\/hpg-sarjan-hepa-suodattimet\\\/#breadcrumb\",\"itemListElement\":[{\"@type\":\"ListItem\",\"position\":1,\"name\":\"\",\"item\":\"https:\\\/\\\/www.afprofilters.com\\\/fi\\\/\"},{\"@type\":\"ListItem\",\"position\":2,\"name\":\"Products\",\"item\":\"https:\\\/\\\/www.afprofilters.com\\\/fi\\\/tuote\\\/\"},{\"@type\":\"ListItem\",\"position\":3,\"name\":\"Hepa-suodattimet\",\"item\":\"https:\\\/\\\/www.afprofilters.com\\\/fi\\\/tuotetyyppi\\\/hepa-suodattimet\\\/\"},{\"@type\":\"ListItem\",\"position\":4,\"name\":\"HPG sarjan hepa suodattimet\"}]},{\"@type\":\"WebSite\",\"@id\":\"https:\\\/\\\/www.afprofilters.com\\\/fi\\\/#website\",\"url\":\"https:\\\/\\\/www.afprofilters.com\\\/fi\\\/\",\"name\":\"AFPRO\",\"description\":\"AFPRO Filters\",\"publisher\":{\"@id\":\"https:\\\/\\\/www.afprofilters.com\\\/fi\\\/#organization\"},\"potentialAction\":[{\"@type\":\"SearchAction\",\"target\":{\"@type\":\"EntryPoint\",\"urlTemplate\":\"https:\\\/\\\/www.afprofilters.com\\\/fi\\\/?s={search_term_string}\"},\"query-input\":{\"@type\":\"PropertyValueSpecification\",\"valueRequired\":true,\"valueName\":\"search_term_string\"}}],\"inLanguage\":\"fi-FI\"},{\"@type\":\"Organization\",\"@id\":\"https:\\\/\\\/www.afprofilters.com\\\/fi\\\/#organization\",\"name\":\"AFPRO\",\"url\":\"https:\\\/\\\/www.afprofilters.com\\\/fi\\\/\",\"logo\":{\"@type\":\"ImageObject\",\"inLanguage\":\"fi-FI\",\"@id\":\"https:\\\/\\\/www.afprofilters.com\\\/fi\\\/#\\\/schema\\\/logo\\\/image\\\/\",\"url\":\"https:\\\/\\\/www.afprofilters.com\\\/wp-content\\\/uploads\\\/2021\\\/05\\\/AFPRO-logo.png\",\"contentUrl\":\"https:\\\/\\\/www.afprofilters.com\\\/wp-content\\\/uploads\\\/2021\\\/05\\\/AFPRO-logo.png\",\"width\":640,\"height\":177,\"caption\":\"AFPRO\"},\"image\":{\"@id\":\"https:\\\/\\\/www.afprofilters.com\\\/fi\\\/#\\\/schema\\\/logo\\\/image\\\/\"}}]}<\/script>\n<!-- \/ Yoast SEO plugin. -->","yoast_head_json":{"title":"HPG sarjan HEPA suodattimet","description":"Mahdollista terveellinen sis\u00e4ilman laatu HPG sarjan HEPA suodattimet avulla. Kaikki olennainen tieto l\u00f6ytyy nettisivuiltamme.","robots":{"index":"index","follow":"follow","max-snippet":"max-snippet:-1","max-image-preview":"max-image-preview:large","max-video-preview":"max-video-preview:-1"},"canonical":"https:\/\/www.afprofilters.com\/fi\/tuote\/hpg-sarjan-hepa-suodattimet\/","og_locale":"fi_FI","og_type":"article","og_title":"HPG sarjan HEPA suodattimet","og_description":"Mahdollista terveellinen sis\u00e4ilman laatu HPG sarjan HEPA suodattimet avulla. Kaikki olennainen tieto l\u00f6ytyy nettisivuiltamme.","og_url":"https:\/\/www.afprofilters.com\/fi\/tuote\/hpg-sarjan-hepa-suodattimet\/","og_site_name":"AFPRO","article_modified_time":"2022-03-09T07:19:26+00:00","og_image":[{"width":400,"height":400,"url":"http:\/\/www.afprofilters.com\/wp-content\/uploads\/2016\/09\/HPG2113NEEM.jpg","type":"image\/jpeg"}],"twitter_card":"summary_large_image","twitter_misc":{"Est. reading time":"1 minute"},"schema":{"@context":"https:\/\/schema.org","@graph":[{"@type":"WebPage","@id":"https:\/\/www.afprofilters.com\/fi\/tuote\/hpg-sarjan-hepa-suodattimet\/","url":"https:\/\/www.afprofilters.com\/fi\/tuote\/hpg-sarjan-hepa-suodattimet\/","name":"HPG sarjan HEPA suodattimet","isPartOf":{"@id":"https:\/\/www.afprofilters.com\/fi\/#website"},"primaryImageOfPage":{"@id":"https:\/\/www.afprofilters.com\/fi\/tuote\/hpg-sarjan-hepa-suodattimet\/#primaryimage"},"image":{"@id":"https:\/\/www.afprofilters.com\/fi\/tuote\/hpg-sarjan-hepa-suodattimet\/#primaryimage"},"thumbnailUrl":"https:\/\/www.afprofilters.com\/wp-content\/uploads\/2016\/09\/HPG2113NEEM.jpg","datePublished":"2018-05-04T11:31:00+00:00","dateModified":"2022-03-09T07:19:26+00:00","description":"Mahdollista terveellinen sis\u00e4ilman laatu HPG sarjan HEPA suodattimet avulla. Kaikki olennainen tieto l\u00f6ytyy nettisivuiltamme.","breadcrumb":{"@id":"https:\/\/www.afprofilters.com\/fi\/tuote\/hpg-sarjan-hepa-suodattimet\/#breadcrumb"},"inLanguage":"fi-FI","potentialAction":[{"@type":"ReadAction","target":["https:\/\/www.afprofilters.com\/fi\/tuote\/hpg-sarjan-hepa-suodattimet\/"]}]},{"@type":"ImageObject","inLanguage":"fi-FI","@id":"https:\/\/www.afprofilters.com\/fi\/tuote\/hpg-sarjan-hepa-suodattimet\/#primaryimage","url":"https:\/\/www.afprofilters.com\/wp-content\/uploads\/2016\/09\/HPG2113NEEM.jpg","contentUrl":"https:\/\/www.afprofilters.com\/wp-content\/uploads\/2016\/09\/HPG2113NEEM.jpg","width":400,"height":400,"caption":"Fotostudio IMAGO Hamsterkoog 17c 1822 CD Alkmaar Netherlands 072 5 620 625"},{"@type":"BreadcrumbList","@id":"https:\/\/www.afprofilters.com\/fi\/tuote\/hpg-sarjan-hepa-suodattimet\/#breadcrumb","itemListElement":[{"@type":"ListItem","position":1,"name":"","item":"https:\/\/www.afprofilters.com\/fi\/"},{"@type":"ListItem","position":2,"name":"Products","item":"https:\/\/www.afprofilters.com\/fi\/tuote\/"},{"@type":"ListItem","position":3,"name":"Hepa-suodattimet","item":"https:\/\/www.afprofilters.com\/fi\/tuotetyyppi\/hepa-suodattimet\/"},{"@type":"ListItem","position":4,"name":"HPG sarjan hepa suodattimet"}]},{"@type":"WebSite","@id":"https:\/\/www.afprofilters.com\/fi\/#website","url":"https:\/\/www.afprofilters.com\/fi\/","name":"AFPRO","description":"AFPRO Filters","publisher":{"@id":"https:\/\/www.afprofilters.com\/fi\/#organization"},"potentialAction":[{"@type":"SearchAction","target":{"@type":"EntryPoint","urlTemplate":"https:\/\/www.afprofilters.com\/fi\/?s={search_term_string}"},"query-input":{"@type":"PropertyValueSpecification","valueRequired":true,"valueName":"search_term_string"}}],"inLanguage":"fi-FI"},{"@type":"Organization","@id":"https:\/\/www.afprofilters.com\/fi\/#organization","name":"AFPRO","url":"https:\/\/www.afprofilters.com\/fi\/","logo":{"@type":"ImageObject","inLanguage":"fi-FI","@id":"https:\/\/www.afprofilters.com\/fi\/#\/schema\/logo\/image\/","url":"https:\/\/www.afprofilters.com\/wp-content\/uploads\/2021\/05\/AFPRO-logo.png","contentUrl":"https:\/\/www.afprofilters.com\/wp-content\/uploads\/2021\/05\/AFPRO-logo.png","width":640,"height":177,"caption":"AFPRO"},"image":{"@id":"https:\/\/www.afprofilters.com\/fi\/#\/schema\/logo\/image\/"}}]}},"_links":{"self":[{"href":"https:\/\/www.afprofilters.com\/fi\/wp-json\/wp\/v2\/product\/8430","targetHints":{"allow":["GET"]}}],"collection":[{"href":"https:\/\/www.afprofilters.com\/fi\/wp-json\/wp\/v2\/product"}],"about":[{"href":"https:\/\/www.afprofilters.com\/fi\/wp-json\/wp\/v2\/types\/product"}],"wp:featuredmedia":[{"embeddable":true,"href":"https:\/\/www.afprofilters.com\/fi\/wp-json\/wp\/v2\/media\/8842"}],"wp:attachment":[{"href":"https:\/\/www.afprofilters.com\/fi\/wp-json\/wp\/v2\/media?parent=8430"}],"wp:term":[{"taxonomy":"product_category","embeddable":true,"href":"https:\/\/www.afprofilters.com\/fi\/wp-json\/wp\/v2\/product_category?post=8430"}],"curies":[{"name":"wp","href":"https:\/\/api.w.org\/{rel}","templated":true}]}}