{"id":8426,"date":"2018-05-04T09:56:13","date_gmt":"2018-05-04T09:56:13","guid":{"rendered":"https:\/\/www.afprofilters.com\/?post_type=product&#038;p=8426"},"modified":"2026-01-19T11:00:50","modified_gmt":"2026-01-19T11:00:50","slug":"hpq-sarjan-kompaktisuodattimet","status":"publish","type":"product","link":"https:\/\/www.afprofilters.com\/fi\/tuote\/hpq-sarjan-kompaktisuodattimet\/","title":{"rendered":"HPQ sarjan kompaktisuodattimet"},"content":{"rendered":"<p><strong>HPQ sarjan kompaktisuodattimet<\/strong> ovat suurella suodatuspinta-alalla varustettuja laskostettuja suodattimia, jotka on koottu polystyreenikehykseen. T\u00e4llaiset suodattimet kest\u00e4v\u00e4t jopa 65\u00a0\u00b0C:n l\u00e4mp\u00f6tiloja. AFPROn eritt\u00e4in tehokkaat kompaktisuodattimet (HPQ, High Performance Quality) ovat suurella suodatuspinta-alalla varustettuja laskostettuja suodattimia, joiden suodatusominaisuudet ovat erinomaiset. Lasikuitumateriaali on valmistettu samaan tapaan kuin paperia valmistetaan, mik\u00e4 takaa erinomaisen p\u00f6lynsidontakyvyn ja suodattimen jatkuvan tehokkuuden. T\u00e4m\u00e4 tekniikka v\u00e4hent\u00e4\u00e4 my\u00f6s suodattimen ilmanvastusta ja energiankulutusta.<\/p>\n<ul>\n<li><strong>K\u00e4ytt\u00f6kohteet:\u00a0<\/strong>LVI-kohteet, teollisuus<\/li>\n<li><strong>Kehys:\u00a0<\/strong>Muovi<\/li>\n<li><strong>Suodatinmateriaali:\u00a0<\/strong>Lasikuitu<\/li>\n<li><strong>ISO\u00a016890\u00a0\u2011standardin mukaisissa luokissa :<\/strong> ePM1 80 %, ePM1 70 %, ePM1 60%, ePM1 55 % ja ePM2,5 55 %.<\/li>\n<li><strong>EN\u00a01822\u00a0\u2011standardin mukaan<\/strong> : E12, E11, E10.<\/li>\n<\/ul>\n\n\n<figure class=\"wp-block-image size-large is-resized\"><img loading=\"lazy\" decoding=\"async\" width=\"1024\" height=\"352\" src=\"http:\/\/www.afprofilters.com\/wp-content\/uploads\/2023\/03\/label-ECC-air-filters-1024x352.jpg\" alt=\"\" class=\"wp-image-32851\" style=\"width:324px;height:110px\" srcset=\"https:\/\/www.afprofilters.com\/wp-content\/uploads\/2023\/03\/label-ECC-air-filters-1024x352.jpg 1024w, https:\/\/www.afprofilters.com\/wp-content\/uploads\/2023\/03\/label-ECC-air-filters-300x103.jpg 300w, https:\/\/www.afprofilters.com\/wp-content\/uploads\/2023\/03\/label-ECC-air-filters-768x264.jpg 768w, https:\/\/www.afprofilters.com\/wp-content\/uploads\/2023\/03\/label-ECC-air-filters-1536x528.jpg 1536w, https:\/\/www.afprofilters.com\/wp-content\/uploads\/2023\/03\/label-ECC-air-filters.jpg 1614w\" sizes=\"auto, (max-width: 1024px) 100vw, 1024px\" \/><\/figure>\n\n\n\n<p>AFPRO Filters BV participates in the ECP programme for Air filters (FIL). Check ongoing validity of certificate:&nbsp;<a href=\"https:\/\/www.eurovent-certification.com\/\" target=\"_blank\" rel=\"noreferrer noopener\">WWW.EUROVENT-CERTIFICATION.COM<\/a><\/p>\n","protected":false},"featured_media":36128,"parent":0,"template":"","format":"standard","product_category":[512],"class_list":["post-8426","product","type-product","status-publish","format-standard","has-post-thumbnail","hentry","product_category-kompaktisuodattimet"],"acf":[],"yoast_head":"<!-- This site is optimized with the Yoast SEO plugin v27.3 - https:\/\/yoast.com\/product\/yoast-seo-wordpress\/ -->\n<title>HPQ sarjan kompaktisuodattimet<\/title>\n<meta name=\"description\" content=\"Ilmansuodattimet pit\u00e4v\u00e4t haitalliset ep\u00e4puhtaudet kaukana sis\u00e4ilma ymp\u00e4rist\u00f6st\u00e4si. Lue lis\u00e4\u00e4 HPQ sarjan kompaktisuodattimet napsauttamalla t\u00e4t\u00e4 linkki\u00e4.\" \/>\n<meta name=\"robots\" content=\"index, follow, max-snippet:-1, max-image-preview:large, max-video-preview:-1\" \/>\n<link rel=\"canonical\" href=\"https:\/\/www.afprofilters.com\/fi\/tuote\/hpq-sarjan-kompaktisuodattimet\/\" \/>\n<meta property=\"og:locale\" content=\"fi_FI\" \/>\n<meta property=\"og:type\" content=\"article\" \/>\n<meta property=\"og:title\" content=\"HPQ sarjan kompaktisuodattimet\" \/>\n<meta property=\"og:description\" content=\"Ilmansuodattimet pit\u00e4v\u00e4t haitalliset ep\u00e4puhtaudet kaukana sis\u00e4ilma ymp\u00e4rist\u00f6st\u00e4si. Lue lis\u00e4\u00e4 HPQ sarjan kompaktisuodattimet napsauttamalla t\u00e4t\u00e4 linkki\u00e4.\" \/>\n<meta property=\"og:url\" content=\"https:\/\/www.afprofilters.com\/fi\/tuote\/hpq-sarjan-kompaktisuodattimet\/\" \/>\n<meta property=\"og:site_name\" content=\"AFPRO\" \/>\n<meta property=\"article:modified_time\" content=\"2026-01-19T11:00:50+00:00\" \/>\n<meta property=\"og:image\" content=\"http:\/\/www.afprofilters.com\/wp-content\/uploads\/2024\/03\/HPQ-removebg-preview.png\" \/>\n\t<meta property=\"og:image:width\" content=\"390\" \/>\n\t<meta property=\"og:image:height\" content=\"390\" \/>\n\t<meta property=\"og:image:type\" content=\"image\/png\" \/>\n<meta name=\"twitter:card\" content=\"summary_large_image\" \/>\n<meta name=\"twitter:label1\" content=\"Est. reading time\" \/>\n\t<meta name=\"twitter:data1\" content=\"1 minute\" \/>\n<script type=\"application\/ld+json\" class=\"yoast-schema-graph\">{\"@context\":\"https:\\\/\\\/schema.org\",\"@graph\":[{\"@type\":\"WebPage\",\"@id\":\"https:\\\/\\\/www.afprofilters.com\\\/fi\\\/tuote\\\/hpq-sarjan-kompaktisuodattimet\\\/\",\"url\":\"https:\\\/\\\/www.afprofilters.com\\\/fi\\\/tuote\\\/hpq-sarjan-kompaktisuodattimet\\\/\",\"name\":\"HPQ sarjan kompaktisuodattimet\",\"isPartOf\":{\"@id\":\"https:\\\/\\\/www.afprofilters.com\\\/fi\\\/#website\"},\"primaryImageOfPage\":{\"@id\":\"https:\\\/\\\/www.afprofilters.com\\\/fi\\\/tuote\\\/hpq-sarjan-kompaktisuodattimet\\\/#primaryimage\"},\"image\":{\"@id\":\"https:\\\/\\\/www.afprofilters.com\\\/fi\\\/tuote\\\/hpq-sarjan-kompaktisuodattimet\\\/#primaryimage\"},\"thumbnailUrl\":\"https:\\\/\\\/www.afprofilters.com\\\/wp-content\\\/uploads\\\/2024\\\/03\\\/HPQ-removebg-preview.png\",\"datePublished\":\"2018-05-04T09:56:13+00:00\",\"dateModified\":\"2026-01-19T11:00:50+00:00\",\"description\":\"Ilmansuodattimet pit\u00e4v\u00e4t haitalliset ep\u00e4puhtaudet kaukana sis\u00e4ilma ymp\u00e4rist\u00f6st\u00e4si. Lue lis\u00e4\u00e4 HPQ sarjan kompaktisuodattimet napsauttamalla t\u00e4t\u00e4 linkki\u00e4.\",\"breadcrumb\":{\"@id\":\"https:\\\/\\\/www.afprofilters.com\\\/fi\\\/tuote\\\/hpq-sarjan-kompaktisuodattimet\\\/#breadcrumb\"},\"inLanguage\":\"fi-FI\",\"potentialAction\":[{\"@type\":\"ReadAction\",\"target\":[\"https:\\\/\\\/www.afprofilters.com\\\/fi\\\/tuote\\\/hpq-sarjan-kompaktisuodattimet\\\/\"]}]},{\"@type\":\"ImageObject\",\"inLanguage\":\"fi-FI\",\"@id\":\"https:\\\/\\\/www.afprofilters.com\\\/fi\\\/tuote\\\/hpq-sarjan-kompaktisuodattimet\\\/#primaryimage\",\"url\":\"https:\\\/\\\/www.afprofilters.com\\\/wp-content\\\/uploads\\\/2024\\\/03\\\/HPQ-removebg-preview.png\",\"contentUrl\":\"https:\\\/\\\/www.afprofilters.com\\\/wp-content\\\/uploads\\\/2024\\\/03\\\/HPQ-removebg-preview.png\",\"width\":390,\"height\":390},{\"@type\":\"BreadcrumbList\",\"@id\":\"https:\\\/\\\/www.afprofilters.com\\\/fi\\\/tuote\\\/hpq-sarjan-kompaktisuodattimet\\\/#breadcrumb\",\"itemListElement\":[{\"@type\":\"ListItem\",\"position\":1,\"name\":\"\",\"item\":\"https:\\\/\\\/www.afprofilters.com\\\/fi\\\/\"},{\"@type\":\"ListItem\",\"position\":2,\"name\":\"Products\",\"item\":\"https:\\\/\\\/www.afprofilters.com\\\/fi\\\/tuote\\\/\"},{\"@type\":\"ListItem\",\"position\":3,\"name\":\"Kompaktisuodattimet\",\"item\":\"https:\\\/\\\/www.afprofilters.com\\\/fi\\\/tuotetyyppi\\\/kompaktisuodattimet\\\/\"},{\"@type\":\"ListItem\",\"position\":4,\"name\":\"HPQ sarjan kompaktisuodattimet\"}]},{\"@type\":\"WebSite\",\"@id\":\"https:\\\/\\\/www.afprofilters.com\\\/fi\\\/#website\",\"url\":\"https:\\\/\\\/www.afprofilters.com\\\/fi\\\/\",\"name\":\"AFPRO\",\"description\":\"AFPRO Filters\",\"publisher\":{\"@id\":\"https:\\\/\\\/www.afprofilters.com\\\/fi\\\/#organization\"},\"potentialAction\":[{\"@type\":\"SearchAction\",\"target\":{\"@type\":\"EntryPoint\",\"urlTemplate\":\"https:\\\/\\\/www.afprofilters.com\\\/fi\\\/?s={search_term_string}\"},\"query-input\":{\"@type\":\"PropertyValueSpecification\",\"valueRequired\":true,\"valueName\":\"search_term_string\"}}],\"inLanguage\":\"fi-FI\"},{\"@type\":\"Organization\",\"@id\":\"https:\\\/\\\/www.afprofilters.com\\\/fi\\\/#organization\",\"name\":\"AFPRO\",\"url\":\"https:\\\/\\\/www.afprofilters.com\\\/fi\\\/\",\"logo\":{\"@type\":\"ImageObject\",\"inLanguage\":\"fi-FI\",\"@id\":\"https:\\\/\\\/www.afprofilters.com\\\/fi\\\/#\\\/schema\\\/logo\\\/image\\\/\",\"url\":\"https:\\\/\\\/www.afprofilters.com\\\/wp-content\\\/uploads\\\/2021\\\/05\\\/AFPRO-logo.png\",\"contentUrl\":\"https:\\\/\\\/www.afprofilters.com\\\/wp-content\\\/uploads\\\/2021\\\/05\\\/AFPRO-logo.png\",\"width\":640,\"height\":177,\"caption\":\"AFPRO\"},\"image\":{\"@id\":\"https:\\\/\\\/www.afprofilters.com\\\/fi\\\/#\\\/schema\\\/logo\\\/image\\\/\"}}]}<\/script>\n<!-- \/ Yoast SEO plugin. -->","yoast_head_json":{"title":"HPQ sarjan kompaktisuodattimet","description":"Ilmansuodattimet pit\u00e4v\u00e4t haitalliset ep\u00e4puhtaudet kaukana sis\u00e4ilma ymp\u00e4rist\u00f6st\u00e4si. Lue lis\u00e4\u00e4 HPQ sarjan kompaktisuodattimet napsauttamalla t\u00e4t\u00e4 linkki\u00e4.","robots":{"index":"index","follow":"follow","max-snippet":"max-snippet:-1","max-image-preview":"max-image-preview:large","max-video-preview":"max-video-preview:-1"},"canonical":"https:\/\/www.afprofilters.com\/fi\/tuote\/hpq-sarjan-kompaktisuodattimet\/","og_locale":"fi_FI","og_type":"article","og_title":"HPQ sarjan kompaktisuodattimet","og_description":"Ilmansuodattimet pit\u00e4v\u00e4t haitalliset ep\u00e4puhtaudet kaukana sis\u00e4ilma ymp\u00e4rist\u00f6st\u00e4si. Lue lis\u00e4\u00e4 HPQ sarjan kompaktisuodattimet napsauttamalla t\u00e4t\u00e4 linkki\u00e4.","og_url":"https:\/\/www.afprofilters.com\/fi\/tuote\/hpq-sarjan-kompaktisuodattimet\/","og_site_name":"AFPRO","article_modified_time":"2026-01-19T11:00:50+00:00","og_image":[{"width":390,"height":390,"url":"http:\/\/www.afprofilters.com\/wp-content\/uploads\/2024\/03\/HPQ-removebg-preview.png","type":"image\/png"}],"twitter_card":"summary_large_image","twitter_misc":{"Est. reading time":"1 minute"},"schema":{"@context":"https:\/\/schema.org","@graph":[{"@type":"WebPage","@id":"https:\/\/www.afprofilters.com\/fi\/tuote\/hpq-sarjan-kompaktisuodattimet\/","url":"https:\/\/www.afprofilters.com\/fi\/tuote\/hpq-sarjan-kompaktisuodattimet\/","name":"HPQ sarjan kompaktisuodattimet","isPartOf":{"@id":"https:\/\/www.afprofilters.com\/fi\/#website"},"primaryImageOfPage":{"@id":"https:\/\/www.afprofilters.com\/fi\/tuote\/hpq-sarjan-kompaktisuodattimet\/#primaryimage"},"image":{"@id":"https:\/\/www.afprofilters.com\/fi\/tuote\/hpq-sarjan-kompaktisuodattimet\/#primaryimage"},"thumbnailUrl":"https:\/\/www.afprofilters.com\/wp-content\/uploads\/2024\/03\/HPQ-removebg-preview.png","datePublished":"2018-05-04T09:56:13+00:00","dateModified":"2026-01-19T11:00:50+00:00","description":"Ilmansuodattimet pit\u00e4v\u00e4t haitalliset ep\u00e4puhtaudet kaukana sis\u00e4ilma ymp\u00e4rist\u00f6st\u00e4si. Lue lis\u00e4\u00e4 HPQ sarjan kompaktisuodattimet napsauttamalla t\u00e4t\u00e4 linkki\u00e4.","breadcrumb":{"@id":"https:\/\/www.afprofilters.com\/fi\/tuote\/hpq-sarjan-kompaktisuodattimet\/#breadcrumb"},"inLanguage":"fi-FI","potentialAction":[{"@type":"ReadAction","target":["https:\/\/www.afprofilters.com\/fi\/tuote\/hpq-sarjan-kompaktisuodattimet\/"]}]},{"@type":"ImageObject","inLanguage":"fi-FI","@id":"https:\/\/www.afprofilters.com\/fi\/tuote\/hpq-sarjan-kompaktisuodattimet\/#primaryimage","url":"https:\/\/www.afprofilters.com\/wp-content\/uploads\/2024\/03\/HPQ-removebg-preview.png","contentUrl":"https:\/\/www.afprofilters.com\/wp-content\/uploads\/2024\/03\/HPQ-removebg-preview.png","width":390,"height":390},{"@type":"BreadcrumbList","@id":"https:\/\/www.afprofilters.com\/fi\/tuote\/hpq-sarjan-kompaktisuodattimet\/#breadcrumb","itemListElement":[{"@type":"ListItem","position":1,"name":"","item":"https:\/\/www.afprofilters.com\/fi\/"},{"@type":"ListItem","position":2,"name":"Products","item":"https:\/\/www.afprofilters.com\/fi\/tuote\/"},{"@type":"ListItem","position":3,"name":"Kompaktisuodattimet","item":"https:\/\/www.afprofilters.com\/fi\/tuotetyyppi\/kompaktisuodattimet\/"},{"@type":"ListItem","position":4,"name":"HPQ sarjan kompaktisuodattimet"}]},{"@type":"WebSite","@id":"https:\/\/www.afprofilters.com\/fi\/#website","url":"https:\/\/www.afprofilters.com\/fi\/","name":"AFPRO","description":"AFPRO Filters","publisher":{"@id":"https:\/\/www.afprofilters.com\/fi\/#organization"},"potentialAction":[{"@type":"SearchAction","target":{"@type":"EntryPoint","urlTemplate":"https:\/\/www.afprofilters.com\/fi\/?s={search_term_string}"},"query-input":{"@type":"PropertyValueSpecification","valueRequired":true,"valueName":"search_term_string"}}],"inLanguage":"fi-FI"},{"@type":"Organization","@id":"https:\/\/www.afprofilters.com\/fi\/#organization","name":"AFPRO","url":"https:\/\/www.afprofilters.com\/fi\/","logo":{"@type":"ImageObject","inLanguage":"fi-FI","@id":"https:\/\/www.afprofilters.com\/fi\/#\/schema\/logo\/image\/","url":"https:\/\/www.afprofilters.com\/wp-content\/uploads\/2021\/05\/AFPRO-logo.png","contentUrl":"https:\/\/www.afprofilters.com\/wp-content\/uploads\/2021\/05\/AFPRO-logo.png","width":640,"height":177,"caption":"AFPRO"},"image":{"@id":"https:\/\/www.afprofilters.com\/fi\/#\/schema\/logo\/image\/"}}]}},"_links":{"self":[{"href":"https:\/\/www.afprofilters.com\/fi\/wp-json\/wp\/v2\/product\/8426","targetHints":{"allow":["GET"]}}],"collection":[{"href":"https:\/\/www.afprofilters.com\/fi\/wp-json\/wp\/v2\/product"}],"about":[{"href":"https:\/\/www.afprofilters.com\/fi\/wp-json\/wp\/v2\/types\/product"}],"wp:featuredmedia":[{"embeddable":true,"href":"https:\/\/www.afprofilters.com\/fi\/wp-json\/wp\/v2\/media\/36128"}],"wp:attachment":[{"href":"https:\/\/www.afprofilters.com\/fi\/wp-json\/wp\/v2\/media?parent=8426"}],"wp:term":[{"taxonomy":"product_category","embeddable":true,"href":"https:\/\/www.afprofilters.com\/fi\/wp-json\/wp\/v2\/product_category?post=8426"}],"curies":[{"name":"wp","href":"https:\/\/api.w.org\/{rel}","templated":true}]}}