{"id":8423,"date":"2018-05-04T09:43:57","date_gmt":"2018-05-04T09:43:57","guid":{"rendered":"https:\/\/www.afprofilters.com\/?post_type=product&#038;p=8423"},"modified":"2023-03-31T14:35:41","modified_gmt":"2023-03-31T14:35:41","slug":"hq65-sarjan-pussisuodattimet","status":"publish","type":"product","link":"https:\/\/www.afprofilters.com\/fi\/tuote\/hq65-sarjan-pussisuodattimet\/","title":{"rendered":"HQ65 sarjan pussisuodattimet"},"content":{"rendered":"<p><strong>HQ65 sarjan pussisuodattimet<\/strong> k\u00e4ytet\u00e4\u00e4n esimerkiksi ilmansuodatusj\u00e4rjestelmien esi- tai hienosuodattimina. Pussisuodattimia k\u00e4ytet\u00e4\u00e4n ilmank\u00e4sittelyss\u00e4, ilmastointij\u00e4rjestelmiss\u00e4, julkisissa tiloissa sek\u00e4 esisuodattimena puhdastiloissa ja l\u00e4\u00e4keteollisuudessa. Polymeeri- ja lasikuituvalmisteiset suodattimet on koottu vankkatekoiseen muovi-, ter\u00e4s- tai alumiinikehykseen. Alumiinikehys on uutuus AFPROn suodatinsarjassa. Sen etuja ovat sen j\u00e4ykkyys ja reunanauhojen yksityiskohdat. Aerodynaamisten reunanauhojen ja uuden alumiinikehyksen ansiosta suodattimet on nyt entist\u00e4kin helpompi asentaa, ja niiden vastus s\u00e4ilyy pienemp\u00e4n\u00e4 koko k\u00e4ytt\u00f6i\u00e4n.<\/p>\n<ul>\n<li><strong>Kehys:<\/strong> Galvanoitu ter\u00e4s<\/li>\n<li><strong>Suodatinmateriaali:&nbsp;<\/strong>Lasikuitu<\/li>\n<li><strong>Tiiviste:&nbsp;<\/strong>Valittavissa saumaton tiiviste<\/li>\n<\/ul>\n\n\n<figure class=\"wp-block-image size-large is-resized\"><img loading=\"lazy\" decoding=\"async\" src=\"http:\/\/www.afprofilters.com\/wp-content\/uploads\/2023\/03\/label-ECC-air-filters-1024x352.jpg\" alt=\"\" class=\"wp-image-32851\" width=\"318\" height=\"108\" srcset=\"https:\/\/www.afprofilters.com\/wp-content\/uploads\/2023\/03\/label-ECC-air-filters-1024x352.jpg 1024w, https:\/\/www.afprofilters.com\/wp-content\/uploads\/2023\/03\/label-ECC-air-filters-300x103.jpg 300w, https:\/\/www.afprofilters.com\/wp-content\/uploads\/2023\/03\/label-ECC-air-filters-768x264.jpg 768w, https:\/\/www.afprofilters.com\/wp-content\/uploads\/2023\/03\/label-ECC-air-filters-1536x528.jpg 1536w, https:\/\/www.afprofilters.com\/wp-content\/uploads\/2023\/03\/label-ECC-air-filters.jpg 1614w\" sizes=\"auto, (max-width: 318px) 100vw, 318px\" \/><\/figure>\n","protected":false},"featured_media":8882,"parent":0,"template":"","format":"standard","product_category":[513],"class_list":["post-8423","product","type-product","status-publish","format-standard","has-post-thumbnail","hentry","product_category-pussisuodattimet"],"acf":[],"yoast_head":"<!-- This site is optimized with the Yoast SEO plugin v27.3 - https:\/\/yoast.com\/product\/yoast-seo-wordpress\/ -->\n<title>HQ65 sarjan pussisuodattimet<\/title>\n<meta name=\"description\" content=\"Katso, kuinka HQ65 sarjan pussisuodattimet poistaa ja v\u00e4hent\u00e4\u00e4 p\u00f6ly\u00e4 sek\u00e4 ep\u00e4puhtauksia rakennuksissa. Kaikki tiedot l\u00f6ytyv\u00e4t nettisivuiltamme, napsauttamalla t\u00e4t\u00e4 linkki\u00e4.\" \/>\n<meta name=\"robots\" content=\"index, follow, max-snippet:-1, max-image-preview:large, max-video-preview:-1\" \/>\n<link rel=\"canonical\" href=\"https:\/\/www.afprofilters.com\/fi\/tuote\/hq65-sarjan-pussisuodattimet\/\" \/>\n<meta property=\"og:locale\" content=\"fi_FI\" \/>\n<meta property=\"og:type\" content=\"article\" \/>\n<meta property=\"og:title\" content=\"HQ65 sarjan pussisuodattimet\" \/>\n<meta property=\"og:description\" content=\"Katso, kuinka HQ65 sarjan pussisuodattimet poistaa ja v\u00e4hent\u00e4\u00e4 p\u00f6ly\u00e4 sek\u00e4 ep\u00e4puhtauksia rakennuksissa. Kaikki tiedot l\u00f6ytyv\u00e4t nettisivuiltamme, napsauttamalla t\u00e4t\u00e4 linkki\u00e4.\" \/>\n<meta property=\"og:url\" content=\"https:\/\/www.afprofilters.com\/fi\/tuote\/hq65-sarjan-pussisuodattimet\/\" \/>\n<meta property=\"og:site_name\" content=\"AFPRO\" \/>\n<meta property=\"article:modified_time\" content=\"2023-03-31T14:35:41+00:00\" \/>\n<meta property=\"og:image\" content=\"http:\/\/www.afprofilters.com\/wp-content\/uploads\/2016\/09\/HQ65A8-6-M6.jpg\" \/>\n\t<meta property=\"og:image:width\" content=\"969\" \/>\n\t<meta property=\"og:image:height\" content=\"1000\" \/>\n\t<meta property=\"og:image:type\" content=\"image\/jpeg\" \/>\n<meta name=\"twitter:card\" content=\"summary_large_image\" \/>\n<meta name=\"twitter:label1\" content=\"Est. reading time\" \/>\n\t<meta name=\"twitter:data1\" content=\"1 minute\" \/>\n<script type=\"application\/ld+json\" class=\"yoast-schema-graph\">{\"@context\":\"https:\\\/\\\/schema.org\",\"@graph\":[{\"@type\":\"WebPage\",\"@id\":\"https:\\\/\\\/www.afprofilters.com\\\/fi\\\/tuote\\\/hq65-sarjan-pussisuodattimet\\\/\",\"url\":\"https:\\\/\\\/www.afprofilters.com\\\/fi\\\/tuote\\\/hq65-sarjan-pussisuodattimet\\\/\",\"name\":\"HQ65 sarjan pussisuodattimet\",\"isPartOf\":{\"@id\":\"https:\\\/\\\/www.afprofilters.com\\\/fi\\\/#website\"},\"primaryImageOfPage\":{\"@id\":\"https:\\\/\\\/www.afprofilters.com\\\/fi\\\/tuote\\\/hq65-sarjan-pussisuodattimet\\\/#primaryimage\"},\"image\":{\"@id\":\"https:\\\/\\\/www.afprofilters.com\\\/fi\\\/tuote\\\/hq65-sarjan-pussisuodattimet\\\/#primaryimage\"},\"thumbnailUrl\":\"https:\\\/\\\/www.afprofilters.com\\\/wp-content\\\/uploads\\\/2016\\\/09\\\/HQ65A8-6-M6.jpg\",\"datePublished\":\"2018-05-04T09:43:57+00:00\",\"dateModified\":\"2023-03-31T14:35:41+00:00\",\"description\":\"Katso, kuinka HQ65 sarjan pussisuodattimet poistaa ja v\u00e4hent\u00e4\u00e4 p\u00f6ly\u00e4 sek\u00e4 ep\u00e4puhtauksia rakennuksissa. Kaikki tiedot l\u00f6ytyv\u00e4t nettisivuiltamme, napsauttamalla t\u00e4t\u00e4 linkki\u00e4.\",\"breadcrumb\":{\"@id\":\"https:\\\/\\\/www.afprofilters.com\\\/fi\\\/tuote\\\/hq65-sarjan-pussisuodattimet\\\/#breadcrumb\"},\"inLanguage\":\"fi-FI\",\"potentialAction\":[{\"@type\":\"ReadAction\",\"target\":[\"https:\\\/\\\/www.afprofilters.com\\\/fi\\\/tuote\\\/hq65-sarjan-pussisuodattimet\\\/\"]}]},{\"@type\":\"ImageObject\",\"inLanguage\":\"fi-FI\",\"@id\":\"https:\\\/\\\/www.afprofilters.com\\\/fi\\\/tuote\\\/hq65-sarjan-pussisuodattimet\\\/#primaryimage\",\"url\":\"https:\\\/\\\/www.afprofilters.com\\\/wp-content\\\/uploads\\\/2016\\\/09\\\/HQ65A8-6-M6.jpg\",\"contentUrl\":\"https:\\\/\\\/www.afprofilters.com\\\/wp-content\\\/uploads\\\/2016\\\/09\\\/HQ65A8-6-M6.jpg\",\"width\":969,\"height\":1000,\"caption\":\"HQ65 sarjan pussisuodattimet\"},{\"@type\":\"BreadcrumbList\",\"@id\":\"https:\\\/\\\/www.afprofilters.com\\\/fi\\\/tuote\\\/hq65-sarjan-pussisuodattimet\\\/#breadcrumb\",\"itemListElement\":[{\"@type\":\"ListItem\",\"position\":1,\"name\":\"\",\"item\":\"https:\\\/\\\/www.afprofilters.com\\\/fi\\\/\"},{\"@type\":\"ListItem\",\"position\":2,\"name\":\"Products\",\"item\":\"https:\\\/\\\/www.afprofilters.com\\\/fi\\\/tuote\\\/\"},{\"@type\":\"ListItem\",\"position\":3,\"name\":\"Pussisuodattimet\",\"item\":\"https:\\\/\\\/www.afprofilters.com\\\/fi\\\/tuotetyyppi\\\/pussisuodattimet\\\/\"},{\"@type\":\"ListItem\",\"position\":4,\"name\":\"HQ65 sarjan pussisuodattimet\"}]},{\"@type\":\"WebSite\",\"@id\":\"https:\\\/\\\/www.afprofilters.com\\\/fi\\\/#website\",\"url\":\"https:\\\/\\\/www.afprofilters.com\\\/fi\\\/\",\"name\":\"AFPRO\",\"description\":\"AFPRO Filters\",\"publisher\":{\"@id\":\"https:\\\/\\\/www.afprofilters.com\\\/fi\\\/#organization\"},\"potentialAction\":[{\"@type\":\"SearchAction\",\"target\":{\"@type\":\"EntryPoint\",\"urlTemplate\":\"https:\\\/\\\/www.afprofilters.com\\\/fi\\\/?s={search_term_string}\"},\"query-input\":{\"@type\":\"PropertyValueSpecification\",\"valueRequired\":true,\"valueName\":\"search_term_string\"}}],\"inLanguage\":\"fi-FI\"},{\"@type\":\"Organization\",\"@id\":\"https:\\\/\\\/www.afprofilters.com\\\/fi\\\/#organization\",\"name\":\"AFPRO\",\"url\":\"https:\\\/\\\/www.afprofilters.com\\\/fi\\\/\",\"logo\":{\"@type\":\"ImageObject\",\"inLanguage\":\"fi-FI\",\"@id\":\"https:\\\/\\\/www.afprofilters.com\\\/fi\\\/#\\\/schema\\\/logo\\\/image\\\/\",\"url\":\"https:\\\/\\\/www.afprofilters.com\\\/wp-content\\\/uploads\\\/2021\\\/05\\\/AFPRO-logo.png\",\"contentUrl\":\"https:\\\/\\\/www.afprofilters.com\\\/wp-content\\\/uploads\\\/2021\\\/05\\\/AFPRO-logo.png\",\"width\":640,\"height\":177,\"caption\":\"AFPRO\"},\"image\":{\"@id\":\"https:\\\/\\\/www.afprofilters.com\\\/fi\\\/#\\\/schema\\\/logo\\\/image\\\/\"}}]}<\/script>\n<!-- \/ Yoast SEO plugin. -->","yoast_head_json":{"title":"HQ65 sarjan pussisuodattimet","description":"Katso, kuinka HQ65 sarjan pussisuodattimet poistaa ja v\u00e4hent\u00e4\u00e4 p\u00f6ly\u00e4 sek\u00e4 ep\u00e4puhtauksia rakennuksissa. Kaikki tiedot l\u00f6ytyv\u00e4t nettisivuiltamme, napsauttamalla t\u00e4t\u00e4 linkki\u00e4.","robots":{"index":"index","follow":"follow","max-snippet":"max-snippet:-1","max-image-preview":"max-image-preview:large","max-video-preview":"max-video-preview:-1"},"canonical":"https:\/\/www.afprofilters.com\/fi\/tuote\/hq65-sarjan-pussisuodattimet\/","og_locale":"fi_FI","og_type":"article","og_title":"HQ65 sarjan pussisuodattimet","og_description":"Katso, kuinka HQ65 sarjan pussisuodattimet poistaa ja v\u00e4hent\u00e4\u00e4 p\u00f6ly\u00e4 sek\u00e4 ep\u00e4puhtauksia rakennuksissa. Kaikki tiedot l\u00f6ytyv\u00e4t nettisivuiltamme, napsauttamalla t\u00e4t\u00e4 linkki\u00e4.","og_url":"https:\/\/www.afprofilters.com\/fi\/tuote\/hq65-sarjan-pussisuodattimet\/","og_site_name":"AFPRO","article_modified_time":"2023-03-31T14:35:41+00:00","og_image":[{"width":969,"height":1000,"url":"http:\/\/www.afprofilters.com\/wp-content\/uploads\/2016\/09\/HQ65A8-6-M6.jpg","type":"image\/jpeg"}],"twitter_card":"summary_large_image","twitter_misc":{"Est. reading time":"1 minute"},"schema":{"@context":"https:\/\/schema.org","@graph":[{"@type":"WebPage","@id":"https:\/\/www.afprofilters.com\/fi\/tuote\/hq65-sarjan-pussisuodattimet\/","url":"https:\/\/www.afprofilters.com\/fi\/tuote\/hq65-sarjan-pussisuodattimet\/","name":"HQ65 sarjan pussisuodattimet","isPartOf":{"@id":"https:\/\/www.afprofilters.com\/fi\/#website"},"primaryImageOfPage":{"@id":"https:\/\/www.afprofilters.com\/fi\/tuote\/hq65-sarjan-pussisuodattimet\/#primaryimage"},"image":{"@id":"https:\/\/www.afprofilters.com\/fi\/tuote\/hq65-sarjan-pussisuodattimet\/#primaryimage"},"thumbnailUrl":"https:\/\/www.afprofilters.com\/wp-content\/uploads\/2016\/09\/HQ65A8-6-M6.jpg","datePublished":"2018-05-04T09:43:57+00:00","dateModified":"2023-03-31T14:35:41+00:00","description":"Katso, kuinka HQ65 sarjan pussisuodattimet poistaa ja v\u00e4hent\u00e4\u00e4 p\u00f6ly\u00e4 sek\u00e4 ep\u00e4puhtauksia rakennuksissa. Kaikki tiedot l\u00f6ytyv\u00e4t nettisivuiltamme, napsauttamalla t\u00e4t\u00e4 linkki\u00e4.","breadcrumb":{"@id":"https:\/\/www.afprofilters.com\/fi\/tuote\/hq65-sarjan-pussisuodattimet\/#breadcrumb"},"inLanguage":"fi-FI","potentialAction":[{"@type":"ReadAction","target":["https:\/\/www.afprofilters.com\/fi\/tuote\/hq65-sarjan-pussisuodattimet\/"]}]},{"@type":"ImageObject","inLanguage":"fi-FI","@id":"https:\/\/www.afprofilters.com\/fi\/tuote\/hq65-sarjan-pussisuodattimet\/#primaryimage","url":"https:\/\/www.afprofilters.com\/wp-content\/uploads\/2016\/09\/HQ65A8-6-M6.jpg","contentUrl":"https:\/\/www.afprofilters.com\/wp-content\/uploads\/2016\/09\/HQ65A8-6-M6.jpg","width":969,"height":1000,"caption":"HQ65 sarjan pussisuodattimet"},{"@type":"BreadcrumbList","@id":"https:\/\/www.afprofilters.com\/fi\/tuote\/hq65-sarjan-pussisuodattimet\/#breadcrumb","itemListElement":[{"@type":"ListItem","position":1,"name":"","item":"https:\/\/www.afprofilters.com\/fi\/"},{"@type":"ListItem","position":2,"name":"Products","item":"https:\/\/www.afprofilters.com\/fi\/tuote\/"},{"@type":"ListItem","position":3,"name":"Pussisuodattimet","item":"https:\/\/www.afprofilters.com\/fi\/tuotetyyppi\/pussisuodattimet\/"},{"@type":"ListItem","position":4,"name":"HQ65 sarjan pussisuodattimet"}]},{"@type":"WebSite","@id":"https:\/\/www.afprofilters.com\/fi\/#website","url":"https:\/\/www.afprofilters.com\/fi\/","name":"AFPRO","description":"AFPRO Filters","publisher":{"@id":"https:\/\/www.afprofilters.com\/fi\/#organization"},"potentialAction":[{"@type":"SearchAction","target":{"@type":"EntryPoint","urlTemplate":"https:\/\/www.afprofilters.com\/fi\/?s={search_term_string}"},"query-input":{"@type":"PropertyValueSpecification","valueRequired":true,"valueName":"search_term_string"}}],"inLanguage":"fi-FI"},{"@type":"Organization","@id":"https:\/\/www.afprofilters.com\/fi\/#organization","name":"AFPRO","url":"https:\/\/www.afprofilters.com\/fi\/","logo":{"@type":"ImageObject","inLanguage":"fi-FI","@id":"https:\/\/www.afprofilters.com\/fi\/#\/schema\/logo\/image\/","url":"https:\/\/www.afprofilters.com\/wp-content\/uploads\/2021\/05\/AFPRO-logo.png","contentUrl":"https:\/\/www.afprofilters.com\/wp-content\/uploads\/2021\/05\/AFPRO-logo.png","width":640,"height":177,"caption":"AFPRO"},"image":{"@id":"https:\/\/www.afprofilters.com\/fi\/#\/schema\/logo\/image\/"}}]}},"_links":{"self":[{"href":"https:\/\/www.afprofilters.com\/fi\/wp-json\/wp\/v2\/product\/8423","targetHints":{"allow":["GET"]}}],"collection":[{"href":"https:\/\/www.afprofilters.com\/fi\/wp-json\/wp\/v2\/product"}],"about":[{"href":"https:\/\/www.afprofilters.com\/fi\/wp-json\/wp\/v2\/types\/product"}],"wp:featuredmedia":[{"embeddable":true,"href":"https:\/\/www.afprofilters.com\/fi\/wp-json\/wp\/v2\/media\/8882"}],"wp:attachment":[{"href":"https:\/\/www.afprofilters.com\/fi\/wp-json\/wp\/v2\/media?parent=8423"}],"wp:term":[{"taxonomy":"product_category","embeddable":true,"href":"https:\/\/www.afprofilters.com\/fi\/wp-json\/wp\/v2\/product_category?post=8423"}],"curies":[{"name":"wp","href":"https:\/\/api.w.org\/{rel}","templated":true}]}}