{"id":8422,"date":"2018-05-04T09:38:46","date_gmt":"2018-05-04T09:38:46","guid":{"rendered":"https:\/\/www.afprofilters.com\/?post_type=product&#038;p=8422"},"modified":"2026-01-19T12:07:45","modified_gmt":"2026-01-19T12:07:45","slug":"hq85-epm1-pussisuodattimet","status":"publish","type":"product","link":"https:\/\/www.afprofilters.com\/fi\/tuote\/hq85-epm1-pussisuodattimet\/","title":{"rendered":"HQ85 ePM1 A+ pussisuodattimet"},"content":{"rendered":"<p><strong>HQ85 ePM1 A+ pussisuodattimet<\/strong> k\u00e4ytet\u00e4\u00e4n esimerkiksi ilmank\u00e4sittelyss\u00e4, ilmastointij\u00e4rjestelmiss\u00e4, julkisissa tiloissa sek\u00e4 esisuodattimena puhdastiloissa ja l\u00e4\u00e4keteollisuudessa. AFPROn ePM1\u2011pussisuodattimia k\u00e4ytet\u00e4\u00e4n esimerkiksi ilmansuodatusj\u00e4rjestelmien esi- tai hienosuodattimina Polymeeri- ja lasikuituvalmisteiset suodattimet on koottu vankkatekoiseen muovi-, ter\u00e4s- tai alumiinikehykseen. Alumiinikehys on uutuus AFPROn suodatinsarjassa. Sen etuja ovat sen j\u00e4ykkyys ja reunanauhojen yksityiskohdat. Aerodynaamisten reunanauhojen ja uuden alumiinikehyksen ansiosta suodattimet on nyt entist\u00e4kin helpompi asentaa, ja niiden vastus s\u00e4ilyy pienemp\u00e4n\u00e4 koko k\u00e4ytt\u00f6i\u00e4n.<\/p>\n<ul>\n<li><strong>Kehys: <\/strong>Alumiini<\/li>\n<li><strong>Suodatinmateriaali:&nbsp;<\/strong>Lasikuitu<\/li>\n<li><strong>Tiiviste:<\/strong> Valittavissa saumaton tiiviste<\/li>\n<\/ul>\n\n\n<figure class=\"wp-block-image size-large is-resized\"><img loading=\"lazy\" decoding=\"async\" src=\"http:\/\/www.afprofilters.com\/wp-content\/uploads\/2023\/03\/label-ECC-air-filters-1024x352.jpg\" alt=\"\" class=\"wp-image-32851\" width=\"316\" height=\"108\" srcset=\"https:\/\/www.afprofilters.com\/wp-content\/uploads\/2023\/03\/label-ECC-air-filters-1024x352.jpg 1024w, https:\/\/www.afprofilters.com\/wp-content\/uploads\/2023\/03\/label-ECC-air-filters-300x103.jpg 300w, https:\/\/www.afprofilters.com\/wp-content\/uploads\/2023\/03\/label-ECC-air-filters-768x264.jpg 768w, https:\/\/www.afprofilters.com\/wp-content\/uploads\/2023\/03\/label-ECC-air-filters-1536x528.jpg 1536w, https:\/\/www.afprofilters.com\/wp-content\/uploads\/2023\/03\/label-ECC-air-filters.jpg 1614w\" sizes=\"auto, (max-width: 316px) 100vw, 316px\" \/><\/figure>\n\n\n\n<p>AFPRO Filters BV participates in the ECP programme for Air filters (FIL). Check ongoing validity of certificate:\u00a0<a href=\"https:\/\/www.eurovent-certification.com\/\" target=\"_blank\" rel=\"noreferrer noopener\">WWW.EUROVENT-CERTIFICATION.COM<\/a><\/p>\n","protected":false},"featured_media":37667,"parent":0,"template":"","format":"standard","product_category":[513],"class_list":["post-8422","product","type-product","status-publish","format-standard","has-post-thumbnail","hentry","product_category-pussisuodattimet"],"acf":[],"yoast_head":"<!-- This site is optimized with the Yoast SEO plugin v27.3 - https:\/\/yoast.com\/product\/yoast-seo-wordpress\/ -->\n<title>HQ85 ePM1 pussisuodattimet<\/title>\n<meta name=\"description\" content=\"Mahdollista terveellinen sis\u00e4ilman laatu HQ85 ePM1 pussisuodattimet avulla. Kaikki olennainen tieto l\u00f6ytyy nettisivuiltamme.\" \/>\n<meta name=\"robots\" content=\"index, follow, max-snippet:-1, max-image-preview:large, max-video-preview:-1\" \/>\n<link rel=\"canonical\" href=\"https:\/\/www.afprofilters.com\/fi\/tuote\/hq85-epm1-pussisuodattimet\/\" \/>\n<meta property=\"og:locale\" content=\"fi_FI\" \/>\n<meta property=\"og:type\" content=\"article\" \/>\n<meta property=\"og:title\" content=\"HQ85 ePM1 pussisuodattimet\" \/>\n<meta property=\"og:description\" content=\"Mahdollista terveellinen sis\u00e4ilman laatu HQ85 ePM1 pussisuodattimet avulla. Kaikki olennainen tieto l\u00f6ytyy nettisivuiltamme.\" \/>\n<meta property=\"og:url\" content=\"https:\/\/www.afprofilters.com\/fi\/tuote\/hq85-epm1-pussisuodattimet\/\" \/>\n<meta property=\"og:site_name\" content=\"AFPRO\" \/>\n<meta property=\"article:modified_time\" content=\"2026-01-19T12:07:45+00:00\" \/>\n<meta property=\"og:image\" content=\"http:\/\/www.afprofilters.com\/wp-content\/uploads\/2024\/10\/HQ85A8-6-3-scaled.jpg\" \/>\n\t<meta property=\"og:image:width\" content=\"2388\" \/>\n\t<meta property=\"og:image:height\" content=\"2560\" \/>\n\t<meta property=\"og:image:type\" content=\"image\/jpeg\" \/>\n<meta name=\"twitter:card\" content=\"summary_large_image\" \/>\n<meta name=\"twitter:label1\" content=\"Est. reading time\" \/>\n\t<meta name=\"twitter:data1\" content=\"1 minute\" \/>\n<script type=\"application\/ld+json\" class=\"yoast-schema-graph\">{\"@context\":\"https:\\\/\\\/schema.org\",\"@graph\":[{\"@type\":\"WebPage\",\"@id\":\"https:\\\/\\\/www.afprofilters.com\\\/fi\\\/tuote\\\/hq85-epm1-pussisuodattimet\\\/\",\"url\":\"https:\\\/\\\/www.afprofilters.com\\\/fi\\\/tuote\\\/hq85-epm1-pussisuodattimet\\\/\",\"name\":\"HQ85 ePM1 pussisuodattimet\",\"isPartOf\":{\"@id\":\"https:\\\/\\\/www.afprofilters.com\\\/fi\\\/#website\"},\"primaryImageOfPage\":{\"@id\":\"https:\\\/\\\/www.afprofilters.com\\\/fi\\\/tuote\\\/hq85-epm1-pussisuodattimet\\\/#primaryimage\"},\"image\":{\"@id\":\"https:\\\/\\\/www.afprofilters.com\\\/fi\\\/tuote\\\/hq85-epm1-pussisuodattimet\\\/#primaryimage\"},\"thumbnailUrl\":\"https:\\\/\\\/www.afprofilters.com\\\/wp-content\\\/uploads\\\/2024\\\/10\\\/HQ85A8-6-3-scaled.jpg\",\"datePublished\":\"2018-05-04T09:38:46+00:00\",\"dateModified\":\"2026-01-19T12:07:45+00:00\",\"description\":\"Mahdollista terveellinen sis\u00e4ilman laatu HQ85 ePM1 pussisuodattimet avulla. Kaikki olennainen tieto l\u00f6ytyy nettisivuiltamme.\",\"breadcrumb\":{\"@id\":\"https:\\\/\\\/www.afprofilters.com\\\/fi\\\/tuote\\\/hq85-epm1-pussisuodattimet\\\/#breadcrumb\"},\"inLanguage\":\"fi-FI\",\"potentialAction\":[{\"@type\":\"ReadAction\",\"target\":[\"https:\\\/\\\/www.afprofilters.com\\\/fi\\\/tuote\\\/hq85-epm1-pussisuodattimet\\\/\"]}]},{\"@type\":\"ImageObject\",\"inLanguage\":\"fi-FI\",\"@id\":\"https:\\\/\\\/www.afprofilters.com\\\/fi\\\/tuote\\\/hq85-epm1-pussisuodattimet\\\/#primaryimage\",\"url\":\"https:\\\/\\\/www.afprofilters.com\\\/wp-content\\\/uploads\\\/2024\\\/10\\\/HQ85A8-6-3-scaled.jpg\",\"contentUrl\":\"https:\\\/\\\/www.afprofilters.com\\\/wp-content\\\/uploads\\\/2024\\\/10\\\/HQ85A8-6-3-scaled.jpg\",\"width\":2388,\"height\":2560},{\"@type\":\"BreadcrumbList\",\"@id\":\"https:\\\/\\\/www.afprofilters.com\\\/fi\\\/tuote\\\/hq85-epm1-pussisuodattimet\\\/#breadcrumb\",\"itemListElement\":[{\"@type\":\"ListItem\",\"position\":1,\"name\":\"\",\"item\":\"https:\\\/\\\/www.afprofilters.com\\\/fi\\\/\"},{\"@type\":\"ListItem\",\"position\":2,\"name\":\"Products\",\"item\":\"https:\\\/\\\/www.afprofilters.com\\\/fi\\\/tuote\\\/\"},{\"@type\":\"ListItem\",\"position\":3,\"name\":\"Pussisuodattimet\",\"item\":\"https:\\\/\\\/www.afprofilters.com\\\/fi\\\/tuotetyyppi\\\/pussisuodattimet\\\/\"},{\"@type\":\"ListItem\",\"position\":4,\"name\":\"HQ85 ePM1 A+ pussisuodattimet\"}]},{\"@type\":\"WebSite\",\"@id\":\"https:\\\/\\\/www.afprofilters.com\\\/fi\\\/#website\",\"url\":\"https:\\\/\\\/www.afprofilters.com\\\/fi\\\/\",\"name\":\"AFPRO\",\"description\":\"AFPRO Filters\",\"publisher\":{\"@id\":\"https:\\\/\\\/www.afprofilters.com\\\/fi\\\/#organization\"},\"potentialAction\":[{\"@type\":\"SearchAction\",\"target\":{\"@type\":\"EntryPoint\",\"urlTemplate\":\"https:\\\/\\\/www.afprofilters.com\\\/fi\\\/?s={search_term_string}\"},\"query-input\":{\"@type\":\"PropertyValueSpecification\",\"valueRequired\":true,\"valueName\":\"search_term_string\"}}],\"inLanguage\":\"fi-FI\"},{\"@type\":\"Organization\",\"@id\":\"https:\\\/\\\/www.afprofilters.com\\\/fi\\\/#organization\",\"name\":\"AFPRO\",\"url\":\"https:\\\/\\\/www.afprofilters.com\\\/fi\\\/\",\"logo\":{\"@type\":\"ImageObject\",\"inLanguage\":\"fi-FI\",\"@id\":\"https:\\\/\\\/www.afprofilters.com\\\/fi\\\/#\\\/schema\\\/logo\\\/image\\\/\",\"url\":\"https:\\\/\\\/www.afprofilters.com\\\/wp-content\\\/uploads\\\/2021\\\/05\\\/AFPRO-logo.png\",\"contentUrl\":\"https:\\\/\\\/www.afprofilters.com\\\/wp-content\\\/uploads\\\/2021\\\/05\\\/AFPRO-logo.png\",\"width\":640,\"height\":177,\"caption\":\"AFPRO\"},\"image\":{\"@id\":\"https:\\\/\\\/www.afprofilters.com\\\/fi\\\/#\\\/schema\\\/logo\\\/image\\\/\"}}]}<\/script>\n<!-- \/ Yoast SEO plugin. -->","yoast_head_json":{"title":"HQ85 ePM1 pussisuodattimet","description":"Mahdollista terveellinen sis\u00e4ilman laatu HQ85 ePM1 pussisuodattimet avulla. Kaikki olennainen tieto l\u00f6ytyy nettisivuiltamme.","robots":{"index":"index","follow":"follow","max-snippet":"max-snippet:-1","max-image-preview":"max-image-preview:large","max-video-preview":"max-video-preview:-1"},"canonical":"https:\/\/www.afprofilters.com\/fi\/tuote\/hq85-epm1-pussisuodattimet\/","og_locale":"fi_FI","og_type":"article","og_title":"HQ85 ePM1 pussisuodattimet","og_description":"Mahdollista terveellinen sis\u00e4ilman laatu HQ85 ePM1 pussisuodattimet avulla. Kaikki olennainen tieto l\u00f6ytyy nettisivuiltamme.","og_url":"https:\/\/www.afprofilters.com\/fi\/tuote\/hq85-epm1-pussisuodattimet\/","og_site_name":"AFPRO","article_modified_time":"2026-01-19T12:07:45+00:00","og_image":[{"width":2388,"height":2560,"url":"http:\/\/www.afprofilters.com\/wp-content\/uploads\/2024\/10\/HQ85A8-6-3-scaled.jpg","type":"image\/jpeg"}],"twitter_card":"summary_large_image","twitter_misc":{"Est. reading time":"1 minute"},"schema":{"@context":"https:\/\/schema.org","@graph":[{"@type":"WebPage","@id":"https:\/\/www.afprofilters.com\/fi\/tuote\/hq85-epm1-pussisuodattimet\/","url":"https:\/\/www.afprofilters.com\/fi\/tuote\/hq85-epm1-pussisuodattimet\/","name":"HQ85 ePM1 pussisuodattimet","isPartOf":{"@id":"https:\/\/www.afprofilters.com\/fi\/#website"},"primaryImageOfPage":{"@id":"https:\/\/www.afprofilters.com\/fi\/tuote\/hq85-epm1-pussisuodattimet\/#primaryimage"},"image":{"@id":"https:\/\/www.afprofilters.com\/fi\/tuote\/hq85-epm1-pussisuodattimet\/#primaryimage"},"thumbnailUrl":"https:\/\/www.afprofilters.com\/wp-content\/uploads\/2024\/10\/HQ85A8-6-3-scaled.jpg","datePublished":"2018-05-04T09:38:46+00:00","dateModified":"2026-01-19T12:07:45+00:00","description":"Mahdollista terveellinen sis\u00e4ilman laatu HQ85 ePM1 pussisuodattimet avulla. Kaikki olennainen tieto l\u00f6ytyy nettisivuiltamme.","breadcrumb":{"@id":"https:\/\/www.afprofilters.com\/fi\/tuote\/hq85-epm1-pussisuodattimet\/#breadcrumb"},"inLanguage":"fi-FI","potentialAction":[{"@type":"ReadAction","target":["https:\/\/www.afprofilters.com\/fi\/tuote\/hq85-epm1-pussisuodattimet\/"]}]},{"@type":"ImageObject","inLanguage":"fi-FI","@id":"https:\/\/www.afprofilters.com\/fi\/tuote\/hq85-epm1-pussisuodattimet\/#primaryimage","url":"https:\/\/www.afprofilters.com\/wp-content\/uploads\/2024\/10\/HQ85A8-6-3-scaled.jpg","contentUrl":"https:\/\/www.afprofilters.com\/wp-content\/uploads\/2024\/10\/HQ85A8-6-3-scaled.jpg","width":2388,"height":2560},{"@type":"BreadcrumbList","@id":"https:\/\/www.afprofilters.com\/fi\/tuote\/hq85-epm1-pussisuodattimet\/#breadcrumb","itemListElement":[{"@type":"ListItem","position":1,"name":"","item":"https:\/\/www.afprofilters.com\/fi\/"},{"@type":"ListItem","position":2,"name":"Products","item":"https:\/\/www.afprofilters.com\/fi\/tuote\/"},{"@type":"ListItem","position":3,"name":"Pussisuodattimet","item":"https:\/\/www.afprofilters.com\/fi\/tuotetyyppi\/pussisuodattimet\/"},{"@type":"ListItem","position":4,"name":"HQ85 ePM1 A+ pussisuodattimet"}]},{"@type":"WebSite","@id":"https:\/\/www.afprofilters.com\/fi\/#website","url":"https:\/\/www.afprofilters.com\/fi\/","name":"AFPRO","description":"AFPRO Filters","publisher":{"@id":"https:\/\/www.afprofilters.com\/fi\/#organization"},"potentialAction":[{"@type":"SearchAction","target":{"@type":"EntryPoint","urlTemplate":"https:\/\/www.afprofilters.com\/fi\/?s={search_term_string}"},"query-input":{"@type":"PropertyValueSpecification","valueRequired":true,"valueName":"search_term_string"}}],"inLanguage":"fi-FI"},{"@type":"Organization","@id":"https:\/\/www.afprofilters.com\/fi\/#organization","name":"AFPRO","url":"https:\/\/www.afprofilters.com\/fi\/","logo":{"@type":"ImageObject","inLanguage":"fi-FI","@id":"https:\/\/www.afprofilters.com\/fi\/#\/schema\/logo\/image\/","url":"https:\/\/www.afprofilters.com\/wp-content\/uploads\/2021\/05\/AFPRO-logo.png","contentUrl":"https:\/\/www.afprofilters.com\/wp-content\/uploads\/2021\/05\/AFPRO-logo.png","width":640,"height":177,"caption":"AFPRO"},"image":{"@id":"https:\/\/www.afprofilters.com\/fi\/#\/schema\/logo\/image\/"}}]}},"_links":{"self":[{"href":"https:\/\/www.afprofilters.com\/fi\/wp-json\/wp\/v2\/product\/8422","targetHints":{"allow":["GET"]}}],"collection":[{"href":"https:\/\/www.afprofilters.com\/fi\/wp-json\/wp\/v2\/product"}],"about":[{"href":"https:\/\/www.afprofilters.com\/fi\/wp-json\/wp\/v2\/types\/product"}],"wp:featuredmedia":[{"embeddable":true,"href":"https:\/\/www.afprofilters.com\/fi\/wp-json\/wp\/v2\/media\/37667"}],"wp:attachment":[{"href":"https:\/\/www.afprofilters.com\/fi\/wp-json\/wp\/v2\/media?parent=8422"}],"wp:term":[{"taxonomy":"product_category","embeddable":true,"href":"https:\/\/www.afprofilters.com\/fi\/wp-json\/wp\/v2\/product_category?post=8422"}],"curies":[{"name":"wp","href":"https:\/\/api.w.org\/{rel}","templated":true}]}}