{"id":8413,"date":"2018-05-04T07:46:29","date_gmt":"2018-05-04T07:46:29","guid":{"rendered":"https:\/\/www.afprofilters.com\/?post_type=product&#038;p=8413"},"modified":"2022-03-08T17:35:49","modified_gmt":"2022-03-08T17:35:49","slug":"aktiivihiili-sylinteri","status":"publish","type":"product","link":"https:\/\/www.afprofilters.com\/fi\/tuote\/aktiivihiili-sylinteri\/","title":{"rendered":"Aktiivihiili sylinteri"},"content":{"rendered":"<p><strong>Aktiivihiili sylinteri<\/strong> k\u00e4ytet\u00e4\u00e4n usein lentokentill\u00e4, arkistotiloissa, museoissa ja puolijohdeteollisuuden tiloissa. Suodattimet voidaan asentaa joko AFPROn peruskehyksiin tai aktiivihiilisuodattimia varten suunniteltuihin erityiskehyksiin. Aktiivihiilisuodatinten eteen ja taakse on asennettava lis\u00e4suodattimet. Esisuodatin est\u00e4\u00e4 aktiivihiilisuodattimen tukkeutumisen p\u00f6lyhiukkasista,&nbsp; ja j\u00e4lkisuodatin varmistaa, ettei aktiivihiilihiukkasia p\u00e4\u00e4se ilmavirtaan.<\/p>\n<ul>\n<li><strong>Kehys:<\/strong> Muovi, galvanoitu tai ruostumaton ter\u00e4s<\/li>\n<li><strong>Tiiviste:<\/strong> Neopreeni<\/li>\n<\/ul>\n","protected":false},"featured_media":8837,"parent":0,"template":"","format":"standard","product_category":[514],"class_list":["post-8413","product","type-product","status-publish","format-standard","has-post-thumbnail","hentry","product_category-aktiivihiilisuodattimet"],"acf":[],"yoast_head":"<!-- This site is optimized with the Yoast SEO plugin v27.3 - https:\/\/yoast.com\/product\/yoast-seo-wordpress\/ -->\n<title>Aktiivihiili sylinteri<\/title>\n<meta name=\"description\" content=\"Kaikki oleellinen Aktiivihiili sylinteri on t\u00e4ll\u00e4 sivulla. Saat lis\u00e4tietoja napsauttamalla t\u00e4t\u00e4 linkki\u00e4 ja olethan yhteydess\u00e4 meihin saadaksesi tarjouksen.\" \/>\n<meta name=\"robots\" content=\"index, follow, max-snippet:-1, max-image-preview:large, max-video-preview:-1\" \/>\n<link rel=\"canonical\" href=\"https:\/\/www.afprofilters.com\/fi\/tuote\/aktiivihiili-sylinteri\/\" \/>\n<meta property=\"og:locale\" content=\"fi_FI\" \/>\n<meta property=\"og:type\" content=\"article\" \/>\n<meta property=\"og:title\" content=\"Aktiivihiili sylinteri\" \/>\n<meta property=\"og:description\" content=\"Kaikki oleellinen Aktiivihiili sylinteri on t\u00e4ll\u00e4 sivulla. Saat lis\u00e4tietoja napsauttamalla t\u00e4t\u00e4 linkki\u00e4 ja olethan yhteydess\u00e4 meihin saadaksesi tarjouksen.\" \/>\n<meta property=\"og:url\" content=\"https:\/\/www.afprofilters.com\/fi\/tuote\/aktiivihiili-sylinteri\/\" \/>\n<meta property=\"og:site_name\" content=\"AFPRO\" \/>\n<meta property=\"article:modified_time\" content=\"2022-03-08T17:35:49+00:00\" \/>\n<meta property=\"og:image\" content=\"http:\/\/www.afprofilters.com\/wp-content\/uploads\/2016\/09\/AC-2-26.jpg\" \/>\n\t<meta property=\"og:image:width\" content=\"1689\" \/>\n\t<meta property=\"og:image:height\" content=\"4305\" \/>\n\t<meta property=\"og:image:type\" content=\"image\/jpeg\" \/>\n<meta name=\"twitter:card\" content=\"summary_large_image\" \/>\n<meta name=\"twitter:label1\" content=\"Est. reading time\" \/>\n\t<meta name=\"twitter:data1\" content=\"1 minute\" \/>\n<script type=\"application\/ld+json\" class=\"yoast-schema-graph\">{\"@context\":\"https:\\\/\\\/schema.org\",\"@graph\":[{\"@type\":\"WebPage\",\"@id\":\"https:\\\/\\\/www.afprofilters.com\\\/fi\\\/tuote\\\/aktiivihiili-sylinteri\\\/\",\"url\":\"https:\\\/\\\/www.afprofilters.com\\\/fi\\\/tuote\\\/aktiivihiili-sylinteri\\\/\",\"name\":\"Aktiivihiili sylinteri\",\"isPartOf\":{\"@id\":\"https:\\\/\\\/www.afprofilters.com\\\/fi\\\/#website\"},\"primaryImageOfPage\":{\"@id\":\"https:\\\/\\\/www.afprofilters.com\\\/fi\\\/tuote\\\/aktiivihiili-sylinteri\\\/#primaryimage\"},\"image\":{\"@id\":\"https:\\\/\\\/www.afprofilters.com\\\/fi\\\/tuote\\\/aktiivihiili-sylinteri\\\/#primaryimage\"},\"thumbnailUrl\":\"https:\\\/\\\/www.afprofilters.com\\\/wp-content\\\/uploads\\\/2016\\\/09\\\/AC-2-26.jpg\",\"datePublished\":\"2018-05-04T07:46:29+00:00\",\"dateModified\":\"2022-03-08T17:35:49+00:00\",\"description\":\"Kaikki oleellinen Aktiivihiili sylinteri on t\u00e4ll\u00e4 sivulla. Saat lis\u00e4tietoja napsauttamalla t\u00e4t\u00e4 linkki\u00e4 ja olethan yhteydess\u00e4 meihin saadaksesi tarjouksen.\",\"breadcrumb\":{\"@id\":\"https:\\\/\\\/www.afprofilters.com\\\/fi\\\/tuote\\\/aktiivihiili-sylinteri\\\/#breadcrumb\"},\"inLanguage\":\"fi-FI\",\"potentialAction\":[{\"@type\":\"ReadAction\",\"target\":[\"https:\\\/\\\/www.afprofilters.com\\\/fi\\\/tuote\\\/aktiivihiili-sylinteri\\\/\"]}]},{\"@type\":\"ImageObject\",\"inLanguage\":\"fi-FI\",\"@id\":\"https:\\\/\\\/www.afprofilters.com\\\/fi\\\/tuote\\\/aktiivihiili-sylinteri\\\/#primaryimage\",\"url\":\"https:\\\/\\\/www.afprofilters.com\\\/wp-content\\\/uploads\\\/2016\\\/09\\\/AC-2-26.jpg\",\"contentUrl\":\"https:\\\/\\\/www.afprofilters.com\\\/wp-content\\\/uploads\\\/2016\\\/09\\\/AC-2-26.jpg\",\"width\":1689,\"height\":4305,\"caption\":\"Aktiivihiili sylinteri\"},{\"@type\":\"BreadcrumbList\",\"@id\":\"https:\\\/\\\/www.afprofilters.com\\\/fi\\\/tuote\\\/aktiivihiili-sylinteri\\\/#breadcrumb\",\"itemListElement\":[{\"@type\":\"ListItem\",\"position\":1,\"name\":\"\",\"item\":\"https:\\\/\\\/www.afprofilters.com\\\/fi\\\/\"},{\"@type\":\"ListItem\",\"position\":2,\"name\":\"Products\",\"item\":\"https:\\\/\\\/www.afprofilters.com\\\/fi\\\/tuote\\\/\"},{\"@type\":\"ListItem\",\"position\":3,\"name\":\"Aktiivihiilisuodattimet\",\"item\":\"https:\\\/\\\/www.afprofilters.com\\\/fi\\\/tuotetyyppi\\\/aktiivihiilisuodattimet\\\/\"},{\"@type\":\"ListItem\",\"position\":4,\"name\":\"Aktiivihiili sylinteri\"}]},{\"@type\":\"WebSite\",\"@id\":\"https:\\\/\\\/www.afprofilters.com\\\/fi\\\/#website\",\"url\":\"https:\\\/\\\/www.afprofilters.com\\\/fi\\\/\",\"name\":\"AFPRO\",\"description\":\"AFPRO Filters\",\"publisher\":{\"@id\":\"https:\\\/\\\/www.afprofilters.com\\\/fi\\\/#organization\"},\"potentialAction\":[{\"@type\":\"SearchAction\",\"target\":{\"@type\":\"EntryPoint\",\"urlTemplate\":\"https:\\\/\\\/www.afprofilters.com\\\/fi\\\/?s={search_term_string}\"},\"query-input\":{\"@type\":\"PropertyValueSpecification\",\"valueRequired\":true,\"valueName\":\"search_term_string\"}}],\"inLanguage\":\"fi-FI\"},{\"@type\":\"Organization\",\"@id\":\"https:\\\/\\\/www.afprofilters.com\\\/fi\\\/#organization\",\"name\":\"AFPRO\",\"url\":\"https:\\\/\\\/www.afprofilters.com\\\/fi\\\/\",\"logo\":{\"@type\":\"ImageObject\",\"inLanguage\":\"fi-FI\",\"@id\":\"https:\\\/\\\/www.afprofilters.com\\\/fi\\\/#\\\/schema\\\/logo\\\/image\\\/\",\"url\":\"https:\\\/\\\/www.afprofilters.com\\\/wp-content\\\/uploads\\\/2021\\\/05\\\/AFPRO-logo.png\",\"contentUrl\":\"https:\\\/\\\/www.afprofilters.com\\\/wp-content\\\/uploads\\\/2021\\\/05\\\/AFPRO-logo.png\",\"width\":640,\"height\":177,\"caption\":\"AFPRO\"},\"image\":{\"@id\":\"https:\\\/\\\/www.afprofilters.com\\\/fi\\\/#\\\/schema\\\/logo\\\/image\\\/\"}}]}<\/script>\n<!-- \/ Yoast SEO plugin. -->","yoast_head_json":{"title":"Aktiivihiili sylinteri","description":"Kaikki oleellinen Aktiivihiili sylinteri on t\u00e4ll\u00e4 sivulla. Saat lis\u00e4tietoja napsauttamalla t\u00e4t\u00e4 linkki\u00e4 ja olethan yhteydess\u00e4 meihin saadaksesi tarjouksen.","robots":{"index":"index","follow":"follow","max-snippet":"max-snippet:-1","max-image-preview":"max-image-preview:large","max-video-preview":"max-video-preview:-1"},"canonical":"https:\/\/www.afprofilters.com\/fi\/tuote\/aktiivihiili-sylinteri\/","og_locale":"fi_FI","og_type":"article","og_title":"Aktiivihiili sylinteri","og_description":"Kaikki oleellinen Aktiivihiili sylinteri on t\u00e4ll\u00e4 sivulla. Saat lis\u00e4tietoja napsauttamalla t\u00e4t\u00e4 linkki\u00e4 ja olethan yhteydess\u00e4 meihin saadaksesi tarjouksen.","og_url":"https:\/\/www.afprofilters.com\/fi\/tuote\/aktiivihiili-sylinteri\/","og_site_name":"AFPRO","article_modified_time":"2022-03-08T17:35:49+00:00","og_image":[{"width":1689,"height":4305,"url":"http:\/\/www.afprofilters.com\/wp-content\/uploads\/2016\/09\/AC-2-26.jpg","type":"image\/jpeg"}],"twitter_card":"summary_large_image","twitter_misc":{"Est. reading time":"1 minute"},"schema":{"@context":"https:\/\/schema.org","@graph":[{"@type":"WebPage","@id":"https:\/\/www.afprofilters.com\/fi\/tuote\/aktiivihiili-sylinteri\/","url":"https:\/\/www.afprofilters.com\/fi\/tuote\/aktiivihiili-sylinteri\/","name":"Aktiivihiili sylinteri","isPartOf":{"@id":"https:\/\/www.afprofilters.com\/fi\/#website"},"primaryImageOfPage":{"@id":"https:\/\/www.afprofilters.com\/fi\/tuote\/aktiivihiili-sylinteri\/#primaryimage"},"image":{"@id":"https:\/\/www.afprofilters.com\/fi\/tuote\/aktiivihiili-sylinteri\/#primaryimage"},"thumbnailUrl":"https:\/\/www.afprofilters.com\/wp-content\/uploads\/2016\/09\/AC-2-26.jpg","datePublished":"2018-05-04T07:46:29+00:00","dateModified":"2022-03-08T17:35:49+00:00","description":"Kaikki oleellinen Aktiivihiili sylinteri on t\u00e4ll\u00e4 sivulla. Saat lis\u00e4tietoja napsauttamalla t\u00e4t\u00e4 linkki\u00e4 ja olethan yhteydess\u00e4 meihin saadaksesi tarjouksen.","breadcrumb":{"@id":"https:\/\/www.afprofilters.com\/fi\/tuote\/aktiivihiili-sylinteri\/#breadcrumb"},"inLanguage":"fi-FI","potentialAction":[{"@type":"ReadAction","target":["https:\/\/www.afprofilters.com\/fi\/tuote\/aktiivihiili-sylinteri\/"]}]},{"@type":"ImageObject","inLanguage":"fi-FI","@id":"https:\/\/www.afprofilters.com\/fi\/tuote\/aktiivihiili-sylinteri\/#primaryimage","url":"https:\/\/www.afprofilters.com\/wp-content\/uploads\/2016\/09\/AC-2-26.jpg","contentUrl":"https:\/\/www.afprofilters.com\/wp-content\/uploads\/2016\/09\/AC-2-26.jpg","width":1689,"height":4305,"caption":"Aktiivihiili sylinteri"},{"@type":"BreadcrumbList","@id":"https:\/\/www.afprofilters.com\/fi\/tuote\/aktiivihiili-sylinteri\/#breadcrumb","itemListElement":[{"@type":"ListItem","position":1,"name":"","item":"https:\/\/www.afprofilters.com\/fi\/"},{"@type":"ListItem","position":2,"name":"Products","item":"https:\/\/www.afprofilters.com\/fi\/tuote\/"},{"@type":"ListItem","position":3,"name":"Aktiivihiilisuodattimet","item":"https:\/\/www.afprofilters.com\/fi\/tuotetyyppi\/aktiivihiilisuodattimet\/"},{"@type":"ListItem","position":4,"name":"Aktiivihiili sylinteri"}]},{"@type":"WebSite","@id":"https:\/\/www.afprofilters.com\/fi\/#website","url":"https:\/\/www.afprofilters.com\/fi\/","name":"AFPRO","description":"AFPRO Filters","publisher":{"@id":"https:\/\/www.afprofilters.com\/fi\/#organization"},"potentialAction":[{"@type":"SearchAction","target":{"@type":"EntryPoint","urlTemplate":"https:\/\/www.afprofilters.com\/fi\/?s={search_term_string}"},"query-input":{"@type":"PropertyValueSpecification","valueRequired":true,"valueName":"search_term_string"}}],"inLanguage":"fi-FI"},{"@type":"Organization","@id":"https:\/\/www.afprofilters.com\/fi\/#organization","name":"AFPRO","url":"https:\/\/www.afprofilters.com\/fi\/","logo":{"@type":"ImageObject","inLanguage":"fi-FI","@id":"https:\/\/www.afprofilters.com\/fi\/#\/schema\/logo\/image\/","url":"https:\/\/www.afprofilters.com\/wp-content\/uploads\/2021\/05\/AFPRO-logo.png","contentUrl":"https:\/\/www.afprofilters.com\/wp-content\/uploads\/2021\/05\/AFPRO-logo.png","width":640,"height":177,"caption":"AFPRO"},"image":{"@id":"https:\/\/www.afprofilters.com\/fi\/#\/schema\/logo\/image\/"}}]}},"_links":{"self":[{"href":"https:\/\/www.afprofilters.com\/fi\/wp-json\/wp\/v2\/product\/8413","targetHints":{"allow":["GET"]}}],"collection":[{"href":"https:\/\/www.afprofilters.com\/fi\/wp-json\/wp\/v2\/product"}],"about":[{"href":"https:\/\/www.afprofilters.com\/fi\/wp-json\/wp\/v2\/types\/product"}],"wp:featuredmedia":[{"embeddable":true,"href":"https:\/\/www.afprofilters.com\/fi\/wp-json\/wp\/v2\/media\/8837"}],"wp:attachment":[{"href":"https:\/\/www.afprofilters.com\/fi\/wp-json\/wp\/v2\/media?parent=8413"}],"wp:term":[{"taxonomy":"product_category","embeddable":true,"href":"https:\/\/www.afprofilters.com\/fi\/wp-json\/wp\/v2\/product_category?post=8413"}],"curies":[{"name":"wp","href":"https:\/\/api.w.org\/{rel}","templated":true}]}}