{"id":8411,"date":"2018-05-04T07:43:19","date_gmt":"2018-05-04T07:43:19","guid":{"rendered":"https:\/\/www.afprofilters.com\/?post_type=product&#038;p=8411"},"modified":"2022-03-08T17:35:57","modified_gmt":"2022-03-08T17:35:57","slug":"aktiivihiililevysuodatin","status":"publish","type":"product","link":"https:\/\/www.afprofilters.com\/fi\/tuote\/aktiivihiililevysuodatin\/","title":{"rendered":"Aktiivihiililevysuodatin"},"content":{"rendered":"<p><strong>Aktiivihiililevysuodatin<\/strong> k\u00e4ytet\u00e4\u00e4n usein lentokentill\u00e4, arkistotiloissa, museoissa ja puolijohdeteollisuuden tiloissa. Suodattimet voidaan asentaa joko AFPROn peruskehyksiin tai aktiivihiilisuodattimia varten suunniteltuihin erityiskehyksiin. Aktiivihiilisuodatinten eteen ja taakse on asennettava lis\u00e4suodattimet. Esisuodatin est\u00e4\u00e4 aktiivihiilisuodattimen tukkeutumisen p\u00f6lyhiukkasista,ja j\u00e4lkisuodatin varmistaa, ettei aktiivihiilihiukkasia p\u00e4\u00e4se ilmavirtaan.<\/p>\n<ul>\n<li><strong>Kehys: <\/strong>Galvanoitu ter\u00e4s<\/li>\n<li><strong>Sidosaine:&nbsp;<\/strong>Kaksikomponenttinen polyuretaani<\/li>\n<li><strong>Tiiviste:<\/strong> Neopreeni<\/li>\n<\/ul>\n","protected":false},"featured_media":8836,"parent":0,"template":"","format":"standard","product_category":[514],"class_list":["post-8411","product","type-product","status-publish","format-standard","has-post-thumbnail","hentry","product_category-aktiivihiilisuodattimet"],"acf":[],"yoast_head":"<!-- This site is optimized with the Yoast SEO plugin v27.3 - https:\/\/yoast.com\/product\/yoast-seo-wordpress\/ -->\n<title>Aktiivihiililevysuodatin<\/title>\n<meta name=\"description\" content=\"Kaikki oleellinen aktiivihiililevysuodatin on t\u00e4ll\u00e4 sivulla. Saat lis\u00e4tietoja napsauttamalla t\u00e4t\u00e4 linkki\u00e4 ja olethan yhteydess\u00e4 meihin saadaksesi tarjouksen.\" \/>\n<meta name=\"robots\" content=\"index, follow, max-snippet:-1, max-image-preview:large, max-video-preview:-1\" \/>\n<link rel=\"canonical\" href=\"https:\/\/www.afprofilters.com\/fi\/tuote\/aktiivihiililevysuodatin\/\" \/>\n<meta property=\"og:locale\" content=\"fi_FI\" \/>\n<meta property=\"og:type\" content=\"article\" \/>\n<meta property=\"og:title\" content=\"Aktiivihiililevysuodatin\" \/>\n<meta property=\"og:description\" content=\"Kaikki oleellinen aktiivihiililevysuodatin on t\u00e4ll\u00e4 sivulla. Saat lis\u00e4tietoja napsauttamalla t\u00e4t\u00e4 linkki\u00e4 ja olethan yhteydess\u00e4 meihin saadaksesi tarjouksen.\" \/>\n<meta property=\"og:url\" content=\"https:\/\/www.afprofilters.com\/fi\/tuote\/aktiivihiililevysuodatin\/\" \/>\n<meta property=\"og:site_name\" content=\"AFPRO\" \/>\n<meta property=\"article:modified_time\" content=\"2022-03-08T17:35:57+00:00\" \/>\n<meta property=\"og:image\" content=\"http:\/\/www.afprofilters.com\/wp-content\/uploads\/2016\/09\/Foto-53-982x1024.jpg\" \/>\n\t<meta property=\"og:image:width\" content=\"982\" \/>\n\t<meta property=\"og:image:height\" content=\"1024\" \/>\n\t<meta property=\"og:image:type\" content=\"image\/jpeg\" \/>\n<meta name=\"twitter:card\" content=\"summary_large_image\" \/>\n<meta name=\"twitter:label1\" content=\"Est. reading time\" \/>\n\t<meta name=\"twitter:data1\" content=\"1 minute\" \/>\n<script type=\"application\/ld+json\" class=\"yoast-schema-graph\">{\"@context\":\"https:\\\/\\\/schema.org\",\"@graph\":[{\"@type\":\"WebPage\",\"@id\":\"https:\\\/\\\/www.afprofilters.com\\\/fi\\\/tuote\\\/aktiivihiililevysuodatin\\\/\",\"url\":\"https:\\\/\\\/www.afprofilters.com\\\/fi\\\/tuote\\\/aktiivihiililevysuodatin\\\/\",\"name\":\"Aktiivihiililevysuodatin\",\"isPartOf\":{\"@id\":\"https:\\\/\\\/www.afprofilters.com\\\/fi\\\/#website\"},\"primaryImageOfPage\":{\"@id\":\"https:\\\/\\\/www.afprofilters.com\\\/fi\\\/tuote\\\/aktiivihiililevysuodatin\\\/#primaryimage\"},\"image\":{\"@id\":\"https:\\\/\\\/www.afprofilters.com\\\/fi\\\/tuote\\\/aktiivihiililevysuodatin\\\/#primaryimage\"},\"thumbnailUrl\":\"https:\\\/\\\/www.afprofilters.com\\\/wp-content\\\/uploads\\\/2016\\\/09\\\/Foto-53.jpg\",\"datePublished\":\"2018-05-04T07:43:19+00:00\",\"dateModified\":\"2022-03-08T17:35:57+00:00\",\"description\":\"Kaikki oleellinen aktiivihiililevysuodatin on t\u00e4ll\u00e4 sivulla. Saat lis\u00e4tietoja napsauttamalla t\u00e4t\u00e4 linkki\u00e4 ja olethan yhteydess\u00e4 meihin saadaksesi tarjouksen.\",\"breadcrumb\":{\"@id\":\"https:\\\/\\\/www.afprofilters.com\\\/fi\\\/tuote\\\/aktiivihiililevysuodatin\\\/#breadcrumb\"},\"inLanguage\":\"fi-FI\",\"potentialAction\":[{\"@type\":\"ReadAction\",\"target\":[\"https:\\\/\\\/www.afprofilters.com\\\/fi\\\/tuote\\\/aktiivihiililevysuodatin\\\/\"]}]},{\"@type\":\"ImageObject\",\"inLanguage\":\"fi-FI\",\"@id\":\"https:\\\/\\\/www.afprofilters.com\\\/fi\\\/tuote\\\/aktiivihiililevysuodatin\\\/#primaryimage\",\"url\":\"https:\\\/\\\/www.afprofilters.com\\\/wp-content\\\/uploads\\\/2016\\\/09\\\/Foto-53.jpg\",\"contentUrl\":\"https:\\\/\\\/www.afprofilters.com\\\/wp-content\\\/uploads\\\/2016\\\/09\\\/Foto-53.jpg\",\"width\":4000,\"height\":4170,\"caption\":\"Aktiivihiililevysuodatin\"},{\"@type\":\"BreadcrumbList\",\"@id\":\"https:\\\/\\\/www.afprofilters.com\\\/fi\\\/tuote\\\/aktiivihiililevysuodatin\\\/#breadcrumb\",\"itemListElement\":[{\"@type\":\"ListItem\",\"position\":1,\"name\":\"\",\"item\":\"https:\\\/\\\/www.afprofilters.com\\\/fi\\\/\"},{\"@type\":\"ListItem\",\"position\":2,\"name\":\"Products\",\"item\":\"https:\\\/\\\/www.afprofilters.com\\\/fi\\\/tuote\\\/\"},{\"@type\":\"ListItem\",\"position\":3,\"name\":\"Aktiivihiilisuodattimet\",\"item\":\"https:\\\/\\\/www.afprofilters.com\\\/fi\\\/tuotetyyppi\\\/aktiivihiilisuodattimet\\\/\"},{\"@type\":\"ListItem\",\"position\":4,\"name\":\"Aktiivihiililevysuodatin\"}]},{\"@type\":\"WebSite\",\"@id\":\"https:\\\/\\\/www.afprofilters.com\\\/fi\\\/#website\",\"url\":\"https:\\\/\\\/www.afprofilters.com\\\/fi\\\/\",\"name\":\"AFPRO\",\"description\":\"AFPRO Filters\",\"publisher\":{\"@id\":\"https:\\\/\\\/www.afprofilters.com\\\/fi\\\/#organization\"},\"potentialAction\":[{\"@type\":\"SearchAction\",\"target\":{\"@type\":\"EntryPoint\",\"urlTemplate\":\"https:\\\/\\\/www.afprofilters.com\\\/fi\\\/?s={search_term_string}\"},\"query-input\":{\"@type\":\"PropertyValueSpecification\",\"valueRequired\":true,\"valueName\":\"search_term_string\"}}],\"inLanguage\":\"fi-FI\"},{\"@type\":\"Organization\",\"@id\":\"https:\\\/\\\/www.afprofilters.com\\\/fi\\\/#organization\",\"name\":\"AFPRO\",\"url\":\"https:\\\/\\\/www.afprofilters.com\\\/fi\\\/\",\"logo\":{\"@type\":\"ImageObject\",\"inLanguage\":\"fi-FI\",\"@id\":\"https:\\\/\\\/www.afprofilters.com\\\/fi\\\/#\\\/schema\\\/logo\\\/image\\\/\",\"url\":\"https:\\\/\\\/www.afprofilters.com\\\/wp-content\\\/uploads\\\/2021\\\/05\\\/AFPRO-logo.png\",\"contentUrl\":\"https:\\\/\\\/www.afprofilters.com\\\/wp-content\\\/uploads\\\/2021\\\/05\\\/AFPRO-logo.png\",\"width\":640,\"height\":177,\"caption\":\"AFPRO\"},\"image\":{\"@id\":\"https:\\\/\\\/www.afprofilters.com\\\/fi\\\/#\\\/schema\\\/logo\\\/image\\\/\"}}]}<\/script>\n<!-- \/ Yoast SEO plugin. -->","yoast_head_json":{"title":"Aktiivihiililevysuodatin","description":"Kaikki oleellinen aktiivihiililevysuodatin on t\u00e4ll\u00e4 sivulla. Saat lis\u00e4tietoja napsauttamalla t\u00e4t\u00e4 linkki\u00e4 ja olethan yhteydess\u00e4 meihin saadaksesi tarjouksen.","robots":{"index":"index","follow":"follow","max-snippet":"max-snippet:-1","max-image-preview":"max-image-preview:large","max-video-preview":"max-video-preview:-1"},"canonical":"https:\/\/www.afprofilters.com\/fi\/tuote\/aktiivihiililevysuodatin\/","og_locale":"fi_FI","og_type":"article","og_title":"Aktiivihiililevysuodatin","og_description":"Kaikki oleellinen aktiivihiililevysuodatin on t\u00e4ll\u00e4 sivulla. Saat lis\u00e4tietoja napsauttamalla t\u00e4t\u00e4 linkki\u00e4 ja olethan yhteydess\u00e4 meihin saadaksesi tarjouksen.","og_url":"https:\/\/www.afprofilters.com\/fi\/tuote\/aktiivihiililevysuodatin\/","og_site_name":"AFPRO","article_modified_time":"2022-03-08T17:35:57+00:00","og_image":[{"width":982,"height":1024,"url":"http:\/\/www.afprofilters.com\/wp-content\/uploads\/2016\/09\/Foto-53-982x1024.jpg","type":"image\/jpeg"}],"twitter_card":"summary_large_image","twitter_misc":{"Est. reading time":"1 minute"},"schema":{"@context":"https:\/\/schema.org","@graph":[{"@type":"WebPage","@id":"https:\/\/www.afprofilters.com\/fi\/tuote\/aktiivihiililevysuodatin\/","url":"https:\/\/www.afprofilters.com\/fi\/tuote\/aktiivihiililevysuodatin\/","name":"Aktiivihiililevysuodatin","isPartOf":{"@id":"https:\/\/www.afprofilters.com\/fi\/#website"},"primaryImageOfPage":{"@id":"https:\/\/www.afprofilters.com\/fi\/tuote\/aktiivihiililevysuodatin\/#primaryimage"},"image":{"@id":"https:\/\/www.afprofilters.com\/fi\/tuote\/aktiivihiililevysuodatin\/#primaryimage"},"thumbnailUrl":"https:\/\/www.afprofilters.com\/wp-content\/uploads\/2016\/09\/Foto-53.jpg","datePublished":"2018-05-04T07:43:19+00:00","dateModified":"2022-03-08T17:35:57+00:00","description":"Kaikki oleellinen aktiivihiililevysuodatin on t\u00e4ll\u00e4 sivulla. Saat lis\u00e4tietoja napsauttamalla t\u00e4t\u00e4 linkki\u00e4 ja olethan yhteydess\u00e4 meihin saadaksesi tarjouksen.","breadcrumb":{"@id":"https:\/\/www.afprofilters.com\/fi\/tuote\/aktiivihiililevysuodatin\/#breadcrumb"},"inLanguage":"fi-FI","potentialAction":[{"@type":"ReadAction","target":["https:\/\/www.afprofilters.com\/fi\/tuote\/aktiivihiililevysuodatin\/"]}]},{"@type":"ImageObject","inLanguage":"fi-FI","@id":"https:\/\/www.afprofilters.com\/fi\/tuote\/aktiivihiililevysuodatin\/#primaryimage","url":"https:\/\/www.afprofilters.com\/wp-content\/uploads\/2016\/09\/Foto-53.jpg","contentUrl":"https:\/\/www.afprofilters.com\/wp-content\/uploads\/2016\/09\/Foto-53.jpg","width":4000,"height":4170,"caption":"Aktiivihiililevysuodatin"},{"@type":"BreadcrumbList","@id":"https:\/\/www.afprofilters.com\/fi\/tuote\/aktiivihiililevysuodatin\/#breadcrumb","itemListElement":[{"@type":"ListItem","position":1,"name":"","item":"https:\/\/www.afprofilters.com\/fi\/"},{"@type":"ListItem","position":2,"name":"Products","item":"https:\/\/www.afprofilters.com\/fi\/tuote\/"},{"@type":"ListItem","position":3,"name":"Aktiivihiilisuodattimet","item":"https:\/\/www.afprofilters.com\/fi\/tuotetyyppi\/aktiivihiilisuodattimet\/"},{"@type":"ListItem","position":4,"name":"Aktiivihiililevysuodatin"}]},{"@type":"WebSite","@id":"https:\/\/www.afprofilters.com\/fi\/#website","url":"https:\/\/www.afprofilters.com\/fi\/","name":"AFPRO","description":"AFPRO Filters","publisher":{"@id":"https:\/\/www.afprofilters.com\/fi\/#organization"},"potentialAction":[{"@type":"SearchAction","target":{"@type":"EntryPoint","urlTemplate":"https:\/\/www.afprofilters.com\/fi\/?s={search_term_string}"},"query-input":{"@type":"PropertyValueSpecification","valueRequired":true,"valueName":"search_term_string"}}],"inLanguage":"fi-FI"},{"@type":"Organization","@id":"https:\/\/www.afprofilters.com\/fi\/#organization","name":"AFPRO","url":"https:\/\/www.afprofilters.com\/fi\/","logo":{"@type":"ImageObject","inLanguage":"fi-FI","@id":"https:\/\/www.afprofilters.com\/fi\/#\/schema\/logo\/image\/","url":"https:\/\/www.afprofilters.com\/wp-content\/uploads\/2021\/05\/AFPRO-logo.png","contentUrl":"https:\/\/www.afprofilters.com\/wp-content\/uploads\/2021\/05\/AFPRO-logo.png","width":640,"height":177,"caption":"AFPRO"},"image":{"@id":"https:\/\/www.afprofilters.com\/fi\/#\/schema\/logo\/image\/"}}]}},"_links":{"self":[{"href":"https:\/\/www.afprofilters.com\/fi\/wp-json\/wp\/v2\/product\/8411","targetHints":{"allow":["GET"]}}],"collection":[{"href":"https:\/\/www.afprofilters.com\/fi\/wp-json\/wp\/v2\/product"}],"about":[{"href":"https:\/\/www.afprofilters.com\/fi\/wp-json\/wp\/v2\/types\/product"}],"wp:featuredmedia":[{"embeddable":true,"href":"https:\/\/www.afprofilters.com\/fi\/wp-json\/wp\/v2\/media\/8836"}],"wp:attachment":[{"href":"https:\/\/www.afprofilters.com\/fi\/wp-json\/wp\/v2\/media?parent=8411"}],"wp:term":[{"taxonomy":"product_category","embeddable":true,"href":"https:\/\/www.afprofilters.com\/fi\/wp-json\/wp\/v2\/product_category?post=8411"}],"curies":[{"name":"wp","href":"https:\/\/api.w.org\/{rel}","templated":true}]}}