{"id":37052,"date":"2024-08-01T12:18:28","date_gmt":"2024-08-01T12:18:28","guid":{"rendered":"https:\/\/www.afprofilters.com\/?post_type=product&#038;p=37052"},"modified":"2024-11-08T10:24:16","modified_gmt":"2024-11-08T10:24:16","slug":"ac-vb-lra","status":"publish","type":"product","link":"https:\/\/www.afprofilters.com\/fi\/tuote\/ac-vb-lra\/","title":{"rendered":"AC-VB LRA"},"content":{"rendered":"\n<p>AC-VB LRA (Low Radiation Aera), aktiivihiilisuodatin kevyesti radioaktiivisiin sovelluksiin. K\u00e4ytet\u00e4\u00e4n ilmanpoistossa, ne on suunniteltu tehokkaasti vangitsemaan ja poistamaan radiologian laitteiden k\u00e4yt\u00f6n aikana vapautuvat radioaktiiviset hiukkaset. N\u00e4m\u00e4 suodattimet v\u00e4hent\u00e4v\u00e4t siten ydinhiukkasten vapautumisen riski\u00e4 ymp\u00e4rist\u00f6\u00f6n, est\u00e4en n\u00e4in saastumista ja edist\u00e4en turvallisempaa ymp\u00e4rist\u00f6\u00e4<\/p>\n\n\n\n<h3 class=\"wp-block-heading\"><strong>Miksi valita AC-VB LRA?<\/strong><\/h3>\n\n\n\n<ul class=\"wp-block-list\">\n<li><strong>Ymp\u00e4rist\u00f6vaikutusten v\u00e4hent\u00e4minen:<\/strong> Eurooppalaisen valmistuksemme ansiosta kuljetusmatkat minimoidaan, mik\u00e4 v\u00e4hent\u00e4\u00e4 hiilijalanj\u00e4lke\u00e4si merkitt\u00e4v\u00e4sti.<\/li>\n\n\n\n<li><strong>Standardisoitu tehokkuuden ja k\u00e4yt\u00f6n mukauttamisen varmistamiseksi:<\/strong> voidaan saumattomasti integroida mihin tahansa bag-in\/bag-out (SF-CH) -koteloihin, edist\u00e4en turvallisia ja siistej\u00e4 suodattimen vaihdoksia.<\/li>\n\n\n\n<li><strong>Hy\u00f6dynn\u00e4<\/strong> <strong>AFPRO Filtersin asiantuntemusta<\/strong> ja kyky\u00e4 t\u00e4ytt\u00e4\u00e4 niche-markkinoiden suodatustarpeet.<\/li>\n<\/ul>\n","protected":false},"featured_media":37471,"parent":0,"template":"","format":"standard","product_category":[],"class_list":["post-37052","product","type-product","status-publish","format-standard","has-post-thumbnail","hentry"],"acf":[],"yoast_head":"<!-- This site is optimized with the Yoast SEO plugin v27.3 - https:\/\/yoast.com\/product\/yoast-seo-wordpress\/ -->\n<title>AC-VB LRA AFPRO Filters<\/title>\n<meta name=\"description\" content=\"Ne on suunniteltu tehokkaasti vangitsemaan ja poistamaan radiologian laitteiden k\u00e4yt\u00f6n aikana vapautuvat radioaktiiviset hiukkaset.\" \/>\n<meta name=\"robots\" content=\"index, follow, max-snippet:-1, max-image-preview:large, max-video-preview:-1\" \/>\n<link rel=\"canonical\" href=\"https:\/\/www.afprofilters.com\/fi\/tuote\/ac-vb-lra\/\" \/>\n<meta property=\"og:locale\" content=\"fi_FI\" \/>\n<meta property=\"og:type\" content=\"article\" \/>\n<meta property=\"og:title\" content=\"AC-VB LRA AFPRO Filters\" \/>\n<meta property=\"og:description\" content=\"Ne on suunniteltu tehokkaasti vangitsemaan ja poistamaan radiologian laitteiden k\u00e4yt\u00f6n aikana vapautuvat radioaktiiviset hiukkaset.\" \/>\n<meta property=\"og:url\" content=\"https:\/\/www.afprofilters.com\/fi\/tuote\/ac-vb-lra\/\" \/>\n<meta property=\"og:site_name\" content=\"AFPRO\" \/>\n<meta property=\"article:modified_time\" content=\"2024-11-08T10:24:16+00:00\" \/>\n<meta property=\"og:image\" content=\"http:\/\/www.afprofilters.com\/wp-content\/uploads\/2024\/07\/ACVB-LRA-Product-launch.png\" \/>\n\t<meta property=\"og:image:width\" content=\"465\" \/>\n\t<meta property=\"og:image:height\" content=\"483\" \/>\n\t<meta property=\"og:image:type\" content=\"image\/png\" \/>\n<meta name=\"twitter:card\" content=\"summary_large_image\" \/>\n<meta name=\"twitter:label1\" content=\"Est. reading time\" \/>\n\t<meta name=\"twitter:data1\" content=\"1 minute\" \/>\n<script type=\"application\/ld+json\" class=\"yoast-schema-graph\">{\"@context\":\"https:\\\/\\\/schema.org\",\"@graph\":[{\"@type\":\"WebPage\",\"@id\":\"https:\\\/\\\/www.afprofilters.com\\\/fi\\\/tuote\\\/ac-vb-lra\\\/\",\"url\":\"https:\\\/\\\/www.afprofilters.com\\\/fi\\\/tuote\\\/ac-vb-lra\\\/\",\"name\":\"AC-VB LRA AFPRO Filters\",\"isPartOf\":{\"@id\":\"https:\\\/\\\/www.afprofilters.com\\\/fi\\\/#website\"},\"primaryImageOfPage\":{\"@id\":\"https:\\\/\\\/www.afprofilters.com\\\/fi\\\/tuote\\\/ac-vb-lra\\\/#primaryimage\"},\"image\":{\"@id\":\"https:\\\/\\\/www.afprofilters.com\\\/fi\\\/tuote\\\/ac-vb-lra\\\/#primaryimage\"},\"thumbnailUrl\":\"https:\\\/\\\/www.afprofilters.com\\\/wp-content\\\/uploads\\\/2024\\\/07\\\/ACVB-LRA-Product-launch.png\",\"datePublished\":\"2024-08-01T12:18:28+00:00\",\"dateModified\":\"2024-11-08T10:24:16+00:00\",\"description\":\"Ne on suunniteltu tehokkaasti vangitsemaan ja poistamaan radiologian laitteiden k\u00e4yt\u00f6n aikana vapautuvat radioaktiiviset hiukkaset.\",\"breadcrumb\":{\"@id\":\"https:\\\/\\\/www.afprofilters.com\\\/fi\\\/tuote\\\/ac-vb-lra\\\/#breadcrumb\"},\"inLanguage\":\"fi-FI\",\"potentialAction\":[{\"@type\":\"ReadAction\",\"target\":[\"https:\\\/\\\/www.afprofilters.com\\\/fi\\\/tuote\\\/ac-vb-lra\\\/\"]}]},{\"@type\":\"ImageObject\",\"inLanguage\":\"fi-FI\",\"@id\":\"https:\\\/\\\/www.afprofilters.com\\\/fi\\\/tuote\\\/ac-vb-lra\\\/#primaryimage\",\"url\":\"https:\\\/\\\/www.afprofilters.com\\\/wp-content\\\/uploads\\\/2024\\\/07\\\/ACVB-LRA-Product-launch.png\",\"contentUrl\":\"https:\\\/\\\/www.afprofilters.com\\\/wp-content\\\/uploads\\\/2024\\\/07\\\/ACVB-LRA-Product-launch.png\",\"width\":465,\"height\":483,\"caption\":\"ACVB LRA\"},{\"@type\":\"BreadcrumbList\",\"@id\":\"https:\\\/\\\/www.afprofilters.com\\\/fi\\\/tuote\\\/ac-vb-lra\\\/#breadcrumb\",\"itemListElement\":[{\"@type\":\"ListItem\",\"position\":1,\"name\":\"\",\"item\":\"https:\\\/\\\/www.afprofilters.com\\\/fi\\\/\"},{\"@type\":\"ListItem\",\"position\":2,\"name\":\"Products\",\"item\":\"https:\\\/\\\/www.afprofilters.com\\\/fi\\\/tuote\\\/\"},{\"@type\":\"ListItem\",\"position\":3,\"name\":\"AC-VB LRA\"}]},{\"@type\":\"WebSite\",\"@id\":\"https:\\\/\\\/www.afprofilters.com\\\/fi\\\/#website\",\"url\":\"https:\\\/\\\/www.afprofilters.com\\\/fi\\\/\",\"name\":\"AFPRO\",\"description\":\"AFPRO Filters\",\"publisher\":{\"@id\":\"https:\\\/\\\/www.afprofilters.com\\\/fi\\\/#organization\"},\"potentialAction\":[{\"@type\":\"SearchAction\",\"target\":{\"@type\":\"EntryPoint\",\"urlTemplate\":\"https:\\\/\\\/www.afprofilters.com\\\/fi\\\/?s={search_term_string}\"},\"query-input\":{\"@type\":\"PropertyValueSpecification\",\"valueRequired\":true,\"valueName\":\"search_term_string\"}}],\"inLanguage\":\"fi-FI\"},{\"@type\":\"Organization\",\"@id\":\"https:\\\/\\\/www.afprofilters.com\\\/fi\\\/#organization\",\"name\":\"AFPRO\",\"url\":\"https:\\\/\\\/www.afprofilters.com\\\/fi\\\/\",\"logo\":{\"@type\":\"ImageObject\",\"inLanguage\":\"fi-FI\",\"@id\":\"https:\\\/\\\/www.afprofilters.com\\\/fi\\\/#\\\/schema\\\/logo\\\/image\\\/\",\"url\":\"https:\\\/\\\/www.afprofilters.com\\\/wp-content\\\/uploads\\\/2021\\\/05\\\/AFPRO-logo.png\",\"contentUrl\":\"https:\\\/\\\/www.afprofilters.com\\\/wp-content\\\/uploads\\\/2021\\\/05\\\/AFPRO-logo.png\",\"width\":640,\"height\":177,\"caption\":\"AFPRO\"},\"image\":{\"@id\":\"https:\\\/\\\/www.afprofilters.com\\\/fi\\\/#\\\/schema\\\/logo\\\/image\\\/\"}}]}<\/script>\n<!-- \/ Yoast SEO plugin. -->","yoast_head_json":{"title":"AC-VB LRA AFPRO Filters","description":"Ne on suunniteltu tehokkaasti vangitsemaan ja poistamaan radiologian laitteiden k\u00e4yt\u00f6n aikana vapautuvat radioaktiiviset hiukkaset.","robots":{"index":"index","follow":"follow","max-snippet":"max-snippet:-1","max-image-preview":"max-image-preview:large","max-video-preview":"max-video-preview:-1"},"canonical":"https:\/\/www.afprofilters.com\/fi\/tuote\/ac-vb-lra\/","og_locale":"fi_FI","og_type":"article","og_title":"AC-VB LRA AFPRO Filters","og_description":"Ne on suunniteltu tehokkaasti vangitsemaan ja poistamaan radiologian laitteiden k\u00e4yt\u00f6n aikana vapautuvat radioaktiiviset hiukkaset.","og_url":"https:\/\/www.afprofilters.com\/fi\/tuote\/ac-vb-lra\/","og_site_name":"AFPRO","article_modified_time":"2024-11-08T10:24:16+00:00","og_image":[{"width":465,"height":483,"url":"http:\/\/www.afprofilters.com\/wp-content\/uploads\/2024\/07\/ACVB-LRA-Product-launch.png","type":"image\/png"}],"twitter_card":"summary_large_image","twitter_misc":{"Est. reading time":"1 minute"},"schema":{"@context":"https:\/\/schema.org","@graph":[{"@type":"WebPage","@id":"https:\/\/www.afprofilters.com\/fi\/tuote\/ac-vb-lra\/","url":"https:\/\/www.afprofilters.com\/fi\/tuote\/ac-vb-lra\/","name":"AC-VB LRA AFPRO Filters","isPartOf":{"@id":"https:\/\/www.afprofilters.com\/fi\/#website"},"primaryImageOfPage":{"@id":"https:\/\/www.afprofilters.com\/fi\/tuote\/ac-vb-lra\/#primaryimage"},"image":{"@id":"https:\/\/www.afprofilters.com\/fi\/tuote\/ac-vb-lra\/#primaryimage"},"thumbnailUrl":"https:\/\/www.afprofilters.com\/wp-content\/uploads\/2024\/07\/ACVB-LRA-Product-launch.png","datePublished":"2024-08-01T12:18:28+00:00","dateModified":"2024-11-08T10:24:16+00:00","description":"Ne on suunniteltu tehokkaasti vangitsemaan ja poistamaan radiologian laitteiden k\u00e4yt\u00f6n aikana vapautuvat radioaktiiviset hiukkaset.","breadcrumb":{"@id":"https:\/\/www.afprofilters.com\/fi\/tuote\/ac-vb-lra\/#breadcrumb"},"inLanguage":"fi-FI","potentialAction":[{"@type":"ReadAction","target":["https:\/\/www.afprofilters.com\/fi\/tuote\/ac-vb-lra\/"]}]},{"@type":"ImageObject","inLanguage":"fi-FI","@id":"https:\/\/www.afprofilters.com\/fi\/tuote\/ac-vb-lra\/#primaryimage","url":"https:\/\/www.afprofilters.com\/wp-content\/uploads\/2024\/07\/ACVB-LRA-Product-launch.png","contentUrl":"https:\/\/www.afprofilters.com\/wp-content\/uploads\/2024\/07\/ACVB-LRA-Product-launch.png","width":465,"height":483,"caption":"ACVB LRA"},{"@type":"BreadcrumbList","@id":"https:\/\/www.afprofilters.com\/fi\/tuote\/ac-vb-lra\/#breadcrumb","itemListElement":[{"@type":"ListItem","position":1,"name":"","item":"https:\/\/www.afprofilters.com\/fi\/"},{"@type":"ListItem","position":2,"name":"Products","item":"https:\/\/www.afprofilters.com\/fi\/tuote\/"},{"@type":"ListItem","position":3,"name":"AC-VB LRA"}]},{"@type":"WebSite","@id":"https:\/\/www.afprofilters.com\/fi\/#website","url":"https:\/\/www.afprofilters.com\/fi\/","name":"AFPRO","description":"AFPRO Filters","publisher":{"@id":"https:\/\/www.afprofilters.com\/fi\/#organization"},"potentialAction":[{"@type":"SearchAction","target":{"@type":"EntryPoint","urlTemplate":"https:\/\/www.afprofilters.com\/fi\/?s={search_term_string}"},"query-input":{"@type":"PropertyValueSpecification","valueRequired":true,"valueName":"search_term_string"}}],"inLanguage":"fi-FI"},{"@type":"Organization","@id":"https:\/\/www.afprofilters.com\/fi\/#organization","name":"AFPRO","url":"https:\/\/www.afprofilters.com\/fi\/","logo":{"@type":"ImageObject","inLanguage":"fi-FI","@id":"https:\/\/www.afprofilters.com\/fi\/#\/schema\/logo\/image\/","url":"https:\/\/www.afprofilters.com\/wp-content\/uploads\/2021\/05\/AFPRO-logo.png","contentUrl":"https:\/\/www.afprofilters.com\/wp-content\/uploads\/2021\/05\/AFPRO-logo.png","width":640,"height":177,"caption":"AFPRO"},"image":{"@id":"https:\/\/www.afprofilters.com\/fi\/#\/schema\/logo\/image\/"}}]}},"_links":{"self":[{"href":"https:\/\/www.afprofilters.com\/fi\/wp-json\/wp\/v2\/product\/37052","targetHints":{"allow":["GET"]}}],"collection":[{"href":"https:\/\/www.afprofilters.com\/fi\/wp-json\/wp\/v2\/product"}],"about":[{"href":"https:\/\/www.afprofilters.com\/fi\/wp-json\/wp\/v2\/types\/product"}],"wp:featuredmedia":[{"embeddable":true,"href":"https:\/\/www.afprofilters.com\/fi\/wp-json\/wp\/v2\/media\/37471"}],"wp:attachment":[{"href":"https:\/\/www.afprofilters.com\/fi\/wp-json\/wp\/v2\/media?parent=37052"}],"wp:term":[{"taxonomy":"product_category","embeddable":true,"href":"https:\/\/www.afprofilters.com\/fi\/wp-json\/wp\/v2\/product_category?post=37052"}],"curies":[{"name":"wp","href":"https:\/\/api.w.org\/{rel}","templated":true}]}}