{"id":36769,"date":"2024-06-04T09:49:36","date_gmt":"2024-06-04T09:49:36","guid":{"rendered":"https:\/\/www.afprofilters.com\/?post_type=product&#038;p=36769"},"modified":"2024-06-04T10:06:57","modified_gmt":"2024-06-04T10:06:57","slug":"energiatehokkaiden-suodattimien-kehittamiseen","status":"publish","type":"product","link":"https:\/\/www.afprofilters.com\/fi\/tuote\/energiatehokkaiden-suodattimien-kehittamiseen\/","title":{"rendered":"Energiatehokkaiden suodattimien kehitt\u00e4miseen"},"content":{"rendered":"<div id=\"fg-iframe-block_39984e2b654d59adabfaed390c1cdcb4\" class=\"fg-iframe\">\n    <iframe loading=\"lazy\" name=\"ES range FI\" src=\"https:\/\/web.afprofilters.com\/afprofilterscom-awvz9\/pages\/7d9aefc82209ef119f896045bddd7f78.html?PageId=7d9aefc82209ef119f896045bddd7f78\" width=\"100%\" height=\"3200\" scrolling=\"auto\" style=\"border-width: 0px;\"><\/iframe><\/div>","protected":false},"featured_media":0,"parent":0,"template":"","format":"standard","product_category":[],"class_list":["post-36769","product","type-product","status-publish","format-standard","hentry"],"acf":[],"yoast_head":"<!-- This site is optimized with the Yoast SEO plugin v27.3 - https:\/\/yoast.com\/product\/yoast-seo-wordpress\/ -->\n<title>Energiatehokkaiden suodattimien kehitt\u00e4miseen - AFPRO<\/title>\n<meta name=\"description\" content=\"Me AFPRO Filtersill\u00e4 olemme aina investoineet suuresti energiatehokkaiden suodattimien kehitt\u00e4miseen.\" \/>\n<meta name=\"robots\" content=\"index, follow, max-snippet:-1, max-image-preview:large, max-video-preview:-1\" \/>\n<link rel=\"canonical\" href=\"https:\/\/www.afprofilters.com\/fi\/tuote\/energiatehokkaiden-suodattimien-kehittamiseen\/\" \/>\n<meta property=\"og:locale\" content=\"fi_FI\" \/>\n<meta property=\"og:type\" content=\"article\" \/>\n<meta property=\"og:title\" content=\"Energiatehokkaiden suodattimien kehitt\u00e4miseen - AFPRO\" \/>\n<meta property=\"og:description\" content=\"Me AFPRO Filtersill\u00e4 olemme aina investoineet suuresti energiatehokkaiden suodattimien kehitt\u00e4miseen.\" \/>\n<meta property=\"og:url\" content=\"https:\/\/www.afprofilters.com\/fi\/tuote\/energiatehokkaiden-suodattimien-kehittamiseen\/\" \/>\n<meta property=\"og:site_name\" content=\"AFPRO\" \/>\n<meta property=\"article:modified_time\" content=\"2024-06-04T10:06:57+00:00\" \/>\n<meta name=\"twitter:card\" content=\"summary_large_image\" \/>\n<script type=\"application\/ld+json\" class=\"yoast-schema-graph\">{\"@context\":\"https:\\\/\\\/schema.org\",\"@graph\":[{\"@type\":\"WebPage\",\"@id\":\"https:\\\/\\\/www.afprofilters.com\\\/fi\\\/tuote\\\/energiatehokkaiden-suodattimien-kehittamiseen\\\/\",\"url\":\"https:\\\/\\\/www.afprofilters.com\\\/fi\\\/tuote\\\/energiatehokkaiden-suodattimien-kehittamiseen\\\/\",\"name\":\"Energiatehokkaiden suodattimien kehitt\u00e4miseen - AFPRO\",\"isPartOf\":{\"@id\":\"https:\\\/\\\/www.afprofilters.com\\\/fi\\\/#website\"},\"datePublished\":\"2024-06-04T09:49:36+00:00\",\"dateModified\":\"2024-06-04T10:06:57+00:00\",\"description\":\"Me AFPRO Filtersill\u00e4 olemme aina investoineet suuresti energiatehokkaiden suodattimien kehitt\u00e4miseen.\",\"breadcrumb\":{\"@id\":\"https:\\\/\\\/www.afprofilters.com\\\/fi\\\/tuote\\\/energiatehokkaiden-suodattimien-kehittamiseen\\\/#breadcrumb\"},\"inLanguage\":\"fi-FI\",\"potentialAction\":[{\"@type\":\"ReadAction\",\"target\":[\"https:\\\/\\\/www.afprofilters.com\\\/fi\\\/tuote\\\/energiatehokkaiden-suodattimien-kehittamiseen\\\/\"]}]},{\"@type\":\"BreadcrumbList\",\"@id\":\"https:\\\/\\\/www.afprofilters.com\\\/fi\\\/tuote\\\/energiatehokkaiden-suodattimien-kehittamiseen\\\/#breadcrumb\",\"itemListElement\":[{\"@type\":\"ListItem\",\"position\":1,\"name\":\"\",\"item\":\"https:\\\/\\\/www.afprofilters.com\\\/fi\\\/\"},{\"@type\":\"ListItem\",\"position\":2,\"name\":\"Products\",\"item\":\"https:\\\/\\\/www.afprofilters.com\\\/fi\\\/tuote\\\/\"},{\"@type\":\"ListItem\",\"position\":3,\"name\":\"Energiatehokkaiden suodattimien kehitt\u00e4miseen\"}]},{\"@type\":\"WebSite\",\"@id\":\"https:\\\/\\\/www.afprofilters.com\\\/fi\\\/#website\",\"url\":\"https:\\\/\\\/www.afprofilters.com\\\/fi\\\/\",\"name\":\"AFPRO\",\"description\":\"AFPRO Filters\",\"publisher\":{\"@id\":\"https:\\\/\\\/www.afprofilters.com\\\/fi\\\/#organization\"},\"potentialAction\":[{\"@type\":\"SearchAction\",\"target\":{\"@type\":\"EntryPoint\",\"urlTemplate\":\"https:\\\/\\\/www.afprofilters.com\\\/fi\\\/?s={search_term_string}\"},\"query-input\":{\"@type\":\"PropertyValueSpecification\",\"valueRequired\":true,\"valueName\":\"search_term_string\"}}],\"inLanguage\":\"fi-FI\"},{\"@type\":\"Organization\",\"@id\":\"https:\\\/\\\/www.afprofilters.com\\\/fi\\\/#organization\",\"name\":\"AFPRO\",\"url\":\"https:\\\/\\\/www.afprofilters.com\\\/fi\\\/\",\"logo\":{\"@type\":\"ImageObject\",\"inLanguage\":\"fi-FI\",\"@id\":\"https:\\\/\\\/www.afprofilters.com\\\/fi\\\/#\\\/schema\\\/logo\\\/image\\\/\",\"url\":\"https:\\\/\\\/www.afprofilters.com\\\/wp-content\\\/uploads\\\/2021\\\/05\\\/AFPRO-logo.png\",\"contentUrl\":\"https:\\\/\\\/www.afprofilters.com\\\/wp-content\\\/uploads\\\/2021\\\/05\\\/AFPRO-logo.png\",\"width\":640,\"height\":177,\"caption\":\"AFPRO\"},\"image\":{\"@id\":\"https:\\\/\\\/www.afprofilters.com\\\/fi\\\/#\\\/schema\\\/logo\\\/image\\\/\"}}]}<\/script>\n<!-- \/ Yoast SEO plugin. -->","yoast_head_json":{"title":"Energiatehokkaiden suodattimien kehitt\u00e4miseen - AFPRO","description":"Me AFPRO Filtersill\u00e4 olemme aina investoineet suuresti energiatehokkaiden suodattimien kehitt\u00e4miseen.","robots":{"index":"index","follow":"follow","max-snippet":"max-snippet:-1","max-image-preview":"max-image-preview:large","max-video-preview":"max-video-preview:-1"},"canonical":"https:\/\/www.afprofilters.com\/fi\/tuote\/energiatehokkaiden-suodattimien-kehittamiseen\/","og_locale":"fi_FI","og_type":"article","og_title":"Energiatehokkaiden suodattimien kehitt\u00e4miseen - AFPRO","og_description":"Me AFPRO Filtersill\u00e4 olemme aina investoineet suuresti energiatehokkaiden suodattimien kehitt\u00e4miseen.","og_url":"https:\/\/www.afprofilters.com\/fi\/tuote\/energiatehokkaiden-suodattimien-kehittamiseen\/","og_site_name":"AFPRO","article_modified_time":"2024-06-04T10:06:57+00:00","twitter_card":"summary_large_image","schema":{"@context":"https:\/\/schema.org","@graph":[{"@type":"WebPage","@id":"https:\/\/www.afprofilters.com\/fi\/tuote\/energiatehokkaiden-suodattimien-kehittamiseen\/","url":"https:\/\/www.afprofilters.com\/fi\/tuote\/energiatehokkaiden-suodattimien-kehittamiseen\/","name":"Energiatehokkaiden suodattimien kehitt\u00e4miseen - AFPRO","isPartOf":{"@id":"https:\/\/www.afprofilters.com\/fi\/#website"},"datePublished":"2024-06-04T09:49:36+00:00","dateModified":"2024-06-04T10:06:57+00:00","description":"Me AFPRO Filtersill\u00e4 olemme aina investoineet suuresti energiatehokkaiden suodattimien kehitt\u00e4miseen.","breadcrumb":{"@id":"https:\/\/www.afprofilters.com\/fi\/tuote\/energiatehokkaiden-suodattimien-kehittamiseen\/#breadcrumb"},"inLanguage":"fi-FI","potentialAction":[{"@type":"ReadAction","target":["https:\/\/www.afprofilters.com\/fi\/tuote\/energiatehokkaiden-suodattimien-kehittamiseen\/"]}]},{"@type":"BreadcrumbList","@id":"https:\/\/www.afprofilters.com\/fi\/tuote\/energiatehokkaiden-suodattimien-kehittamiseen\/#breadcrumb","itemListElement":[{"@type":"ListItem","position":1,"name":"","item":"https:\/\/www.afprofilters.com\/fi\/"},{"@type":"ListItem","position":2,"name":"Products","item":"https:\/\/www.afprofilters.com\/fi\/tuote\/"},{"@type":"ListItem","position":3,"name":"Energiatehokkaiden suodattimien kehitt\u00e4miseen"}]},{"@type":"WebSite","@id":"https:\/\/www.afprofilters.com\/fi\/#website","url":"https:\/\/www.afprofilters.com\/fi\/","name":"AFPRO","description":"AFPRO Filters","publisher":{"@id":"https:\/\/www.afprofilters.com\/fi\/#organization"},"potentialAction":[{"@type":"SearchAction","target":{"@type":"EntryPoint","urlTemplate":"https:\/\/www.afprofilters.com\/fi\/?s={search_term_string}"},"query-input":{"@type":"PropertyValueSpecification","valueRequired":true,"valueName":"search_term_string"}}],"inLanguage":"fi-FI"},{"@type":"Organization","@id":"https:\/\/www.afprofilters.com\/fi\/#organization","name":"AFPRO","url":"https:\/\/www.afprofilters.com\/fi\/","logo":{"@type":"ImageObject","inLanguage":"fi-FI","@id":"https:\/\/www.afprofilters.com\/fi\/#\/schema\/logo\/image\/","url":"https:\/\/www.afprofilters.com\/wp-content\/uploads\/2021\/05\/AFPRO-logo.png","contentUrl":"https:\/\/www.afprofilters.com\/wp-content\/uploads\/2021\/05\/AFPRO-logo.png","width":640,"height":177,"caption":"AFPRO"},"image":{"@id":"https:\/\/www.afprofilters.com\/fi\/#\/schema\/logo\/image\/"}}]}},"_links":{"self":[{"href":"https:\/\/www.afprofilters.com\/fi\/wp-json\/wp\/v2\/product\/36769","targetHints":{"allow":["GET"]}}],"collection":[{"href":"https:\/\/www.afprofilters.com\/fi\/wp-json\/wp\/v2\/product"}],"about":[{"href":"https:\/\/www.afprofilters.com\/fi\/wp-json\/wp\/v2\/types\/product"}],"wp:attachment":[{"href":"https:\/\/www.afprofilters.com\/fi\/wp-json\/wp\/v2\/media?parent=36769"}],"wp:term":[{"taxonomy":"product_category","embeddable":true,"href":"https:\/\/www.afprofilters.com\/fi\/wp-json\/wp\/v2\/product_category?post=36769"}],"curies":[{"name":"wp","href":"https:\/\/api.w.org\/{rel}","templated":true}]}}