{"id":35857,"date":"2024-02-20T16:23:25","date_gmt":"2024-02-20T16:23:25","guid":{"rendered":"https:\/\/www.afprofilters.com\/?post_type=product&#038;p=35857"},"modified":"2024-12-09T11:06:58","modified_gmt":"2024-12-09T11:06:58","slug":"hq85-es-a-pussisuodatin","status":"publish","type":"product","link":"https:\/\/www.afprofilters.com\/fi\/tuote\/hq85-es-a-pussisuodatin\/","title":{"rendered":"HQ85\/ES A+ pussisuodatin"},"content":{"rendered":"\n<p><strong>HQ85\/ES ePM1 A+ pussisuodatinta&nbsp;<\/strong>k\u00e4ytet\u00e4\u00e4n hienosuodattimena ilmank\u00e4sittelykaapeissa, ilmastointij\u00e4rjestelmiss\u00e4 ja julkisissa tiloissa sek\u00e4 esisuodattimena puhdastiloissa ja l\u00e4\u00e4keteollisuudessa. T\u00e4h\u00e4n asti tehokkain pussisuodattimemme v\u00e4hent\u00e4\u00e4 merkitt\u00e4v\u00e4sti energiankulutusta ja pienent\u00e4\u00e4 samalla hiilijalanj\u00e4lke\u00e4.<\/p>\n\n\n\n<p>Innovatiivinen <strong>A+ luokiteltu pussisuodatin<\/strong>&nbsp;parantaa sis\u00e4ilman laatua poistamalla pienimm\u00e4tkin hiukkaset (ePM1) ilmasta. Eritt\u00e4in tehokas suodatusteho yhdistettyn\u00e4 alhaiseen energiankulutukseen ja pienempiin CO<strong>\u2082<\/strong>-p\u00e4\u00e4st\u00f6ihin tekee t\u00e4st\u00e4 suodattimesta my\u00f6s kaikkien aikojen ymp\u00e4rist\u00f6yst\u00e4v\u00e4llisimm\u00e4n suodattimemme.<\/p>\n\n\n\n<h3 class=\"wp-block-heading\"><strong>Miksi kannattaa valita HQ85\/ES A+ suodatin?<\/strong><\/h3>\n\n\n\n<ul class=\"wp-block-list\">\n<li><strong>Tehokkuus<\/strong>: Eritt\u00e4in tehokas ePM1-hiukkasten suodatusteho. Ei kuitujen irtoamista (VDI-sertifiointi).<\/li>\n\n\n\n<li><strong>Ymp\u00e4rist\u00f6yst\u00e4v\u00e4llisyys:<\/strong>&nbsp;Alhainen energiankulutus. A+ energialuokan suodatin. Pienemm\u00e4t CO<strong>\u2082<\/strong>-p\u00e4\u00e4st\u00f6t.<\/li>\n\n\n\n<li><strong>Sertifioitu: <\/strong>ISO 16890.<\/li>\n<\/ul>\n\n\n\n<figure class=\"wp-block-image size-large is-resized\"><img loading=\"lazy\" decoding=\"async\" width=\"1024\" height=\"352\" src=\"https:\/\/www.afprofilters.com\/wp-content\/uploads\/2024\/02\/logo-eurovent-3-1024x352.png\" alt=\"\" class=\"wp-image-35858\" style=\"width:370px;height:auto\" srcset=\"https:\/\/www.afprofilters.com\/wp-content\/uploads\/2024\/02\/logo-eurovent-3-1024x352.png 1024w, https:\/\/www.afprofilters.com\/wp-content\/uploads\/2024\/02\/logo-eurovent-3-300x103.png 300w, https:\/\/www.afprofilters.com\/wp-content\/uploads\/2024\/02\/logo-eurovent-3-768x264.png 768w, https:\/\/www.afprofilters.com\/wp-content\/uploads\/2024\/02\/logo-eurovent-3-1536x528.png 1536w, https:\/\/www.afprofilters.com\/wp-content\/uploads\/2024\/02\/logo-eurovent-3.png 1614w\" sizes=\"auto, (max-width: 1024px) 100vw, 1024px\" \/><\/figure>\n\n\n\n<p class=\"has-small-font-size\"><em>AFPRO Filters osallistuu ilmansuodattimia koskevaan ECP-sertifiointiohjemaan (ECP certification programme for Air Filters (FIL)). T\u00e4m\u00e4nhetkiset sertifioinnin kriteerit l\u00f6ytyv\u00e4t t\u00e4\u00e4lt\u00e4:\u00a0<a href=\"https:\/\/www.eurovent-certification.com\/\">WWW.EUROVENT-CERTIFICATION.COM<\/a><\/em><\/p>\n","protected":false},"featured_media":35821,"parent":0,"template":"","format":"standard","product_category":[513],"class_list":["post-35857","product","type-product","status-publish","format-standard","has-post-thumbnail","hentry","product_category-pussisuodattimet"],"acf":[],"yoast_head":"<!-- This site is optimized with the Yoast SEO plugin v27.3 - https:\/\/yoast.com\/product\/yoast-seo-wordpress\/ -->\n<title>HQ85\/ES A+ pussisuodatin<\/title>\n<meta name=\"description\" content=\"Innovatiivinen A+ luokiteltu pussisuodatin\u00a0parantaa sis\u00e4ilman laatua poistamalla pienimm\u00e4tkin hiukkaset (ePM1) ilmasta.\" \/>\n<meta name=\"robots\" content=\"index, follow, max-snippet:-1, max-image-preview:large, max-video-preview:-1\" \/>\n<link rel=\"canonical\" href=\"https:\/\/www.afprofilters.com\/fi\/tuote\/hq85-es-a-pussisuodatin\/\" \/>\n<meta property=\"og:locale\" content=\"fi_FI\" \/>\n<meta property=\"og:type\" content=\"article\" \/>\n<meta property=\"og:title\" content=\"HQ85\/ES A+ pussisuodatin\" \/>\n<meta property=\"og:description\" content=\"Innovatiivinen A+ luokiteltu pussisuodatin\u00a0parantaa sis\u00e4ilman laatua poistamalla pienimm\u00e4tkin hiukkaset (ePM1) ilmasta.\" \/>\n<meta property=\"og:url\" content=\"https:\/\/www.afprofilters.com\/fi\/tuote\/hq85-es-a-pussisuodatin\/\" \/>\n<meta property=\"og:site_name\" content=\"AFPRO\" \/>\n<meta property=\"article:modified_time\" content=\"2024-12-09T11:06:58+00:00\" \/>\n<meta property=\"og:image\" content=\"http:\/\/www.afprofilters.com\/wp-content\/uploads\/2024\/02\/HQ85ESA.png\" \/>\n\t<meta property=\"og:image:width\" content=\"305\" \/>\n\t<meta property=\"og:image:height\" content=\"323\" \/>\n\t<meta property=\"og:image:type\" content=\"image\/png\" \/>\n<meta name=\"twitter:card\" content=\"summary_large_image\" \/>\n<meta name=\"twitter:label1\" content=\"Est. reading time\" \/>\n\t<meta name=\"twitter:data1\" content=\"1 minute\" \/>\n<script type=\"application\/ld+json\" class=\"yoast-schema-graph\">{\"@context\":\"https:\\\/\\\/schema.org\",\"@graph\":[{\"@type\":\"WebPage\",\"@id\":\"https:\\\/\\\/www.afprofilters.com\\\/fi\\\/tuote\\\/hq85-es-a-pussisuodatin\\\/\",\"url\":\"https:\\\/\\\/www.afprofilters.com\\\/fi\\\/tuote\\\/hq85-es-a-pussisuodatin\\\/\",\"name\":\"HQ85\\\/ES A+ pussisuodatin\",\"isPartOf\":{\"@id\":\"https:\\\/\\\/www.afprofilters.com\\\/fi\\\/#website\"},\"primaryImageOfPage\":{\"@id\":\"https:\\\/\\\/www.afprofilters.com\\\/fi\\\/tuote\\\/hq85-es-a-pussisuodatin\\\/#primaryimage\"},\"image\":{\"@id\":\"https:\\\/\\\/www.afprofilters.com\\\/fi\\\/tuote\\\/hq85-es-a-pussisuodatin\\\/#primaryimage\"},\"thumbnailUrl\":\"https:\\\/\\\/www.afprofilters.com\\\/wp-content\\\/uploads\\\/2024\\\/02\\\/HQ85ESA.png\",\"datePublished\":\"2024-02-20T16:23:25+00:00\",\"dateModified\":\"2024-12-09T11:06:58+00:00\",\"description\":\"Innovatiivinen A+ luokiteltu pussisuodatin\u00a0parantaa sis\u00e4ilman laatua poistamalla pienimm\u00e4tkin hiukkaset (ePM1) ilmasta.\",\"breadcrumb\":{\"@id\":\"https:\\\/\\\/www.afprofilters.com\\\/fi\\\/tuote\\\/hq85-es-a-pussisuodatin\\\/#breadcrumb\"},\"inLanguage\":\"fi-FI\",\"potentialAction\":[{\"@type\":\"ReadAction\",\"target\":[\"https:\\\/\\\/www.afprofilters.com\\\/fi\\\/tuote\\\/hq85-es-a-pussisuodatin\\\/\"]}]},{\"@type\":\"ImageObject\",\"inLanguage\":\"fi-FI\",\"@id\":\"https:\\\/\\\/www.afprofilters.com\\\/fi\\\/tuote\\\/hq85-es-a-pussisuodatin\\\/#primaryimage\",\"url\":\"https:\\\/\\\/www.afprofilters.com\\\/wp-content\\\/uploads\\\/2024\\\/02\\\/HQ85ESA.png\",\"contentUrl\":\"https:\\\/\\\/www.afprofilters.com\\\/wp-content\\\/uploads\\\/2024\\\/02\\\/HQ85ESA.png\",\"width\":305,\"height\":323},{\"@type\":\"BreadcrumbList\",\"@id\":\"https:\\\/\\\/www.afprofilters.com\\\/fi\\\/tuote\\\/hq85-es-a-pussisuodatin\\\/#breadcrumb\",\"itemListElement\":[{\"@type\":\"ListItem\",\"position\":1,\"name\":\"\",\"item\":\"https:\\\/\\\/www.afprofilters.com\\\/fi\\\/\"},{\"@type\":\"ListItem\",\"position\":2,\"name\":\"Products\",\"item\":\"https:\\\/\\\/www.afprofilters.com\\\/fi\\\/tuote\\\/\"},{\"@type\":\"ListItem\",\"position\":3,\"name\":\"Pussisuodattimet\",\"item\":\"https:\\\/\\\/www.afprofilters.com\\\/fi\\\/tuotetyyppi\\\/pussisuodattimet\\\/\"},{\"@type\":\"ListItem\",\"position\":4,\"name\":\"HQ85\\\/ES A+ pussisuodatin\"}]},{\"@type\":\"WebSite\",\"@id\":\"https:\\\/\\\/www.afprofilters.com\\\/fi\\\/#website\",\"url\":\"https:\\\/\\\/www.afprofilters.com\\\/fi\\\/\",\"name\":\"AFPRO\",\"description\":\"AFPRO Filters\",\"publisher\":{\"@id\":\"https:\\\/\\\/www.afprofilters.com\\\/fi\\\/#organization\"},\"potentialAction\":[{\"@type\":\"SearchAction\",\"target\":{\"@type\":\"EntryPoint\",\"urlTemplate\":\"https:\\\/\\\/www.afprofilters.com\\\/fi\\\/?s={search_term_string}\"},\"query-input\":{\"@type\":\"PropertyValueSpecification\",\"valueRequired\":true,\"valueName\":\"search_term_string\"}}],\"inLanguage\":\"fi-FI\"},{\"@type\":\"Organization\",\"@id\":\"https:\\\/\\\/www.afprofilters.com\\\/fi\\\/#organization\",\"name\":\"AFPRO\",\"url\":\"https:\\\/\\\/www.afprofilters.com\\\/fi\\\/\",\"logo\":{\"@type\":\"ImageObject\",\"inLanguage\":\"fi-FI\",\"@id\":\"https:\\\/\\\/www.afprofilters.com\\\/fi\\\/#\\\/schema\\\/logo\\\/image\\\/\",\"url\":\"https:\\\/\\\/www.afprofilters.com\\\/wp-content\\\/uploads\\\/2021\\\/05\\\/AFPRO-logo.png\",\"contentUrl\":\"https:\\\/\\\/www.afprofilters.com\\\/wp-content\\\/uploads\\\/2021\\\/05\\\/AFPRO-logo.png\",\"width\":640,\"height\":177,\"caption\":\"AFPRO\"},\"image\":{\"@id\":\"https:\\\/\\\/www.afprofilters.com\\\/fi\\\/#\\\/schema\\\/logo\\\/image\\\/\"}}]}<\/script>\n<!-- \/ Yoast SEO plugin. -->","yoast_head_json":{"title":"HQ85\/ES A+ pussisuodatin","description":"Innovatiivinen A+ luokiteltu pussisuodatin\u00a0parantaa sis\u00e4ilman laatua poistamalla pienimm\u00e4tkin hiukkaset (ePM1) ilmasta.","robots":{"index":"index","follow":"follow","max-snippet":"max-snippet:-1","max-image-preview":"max-image-preview:large","max-video-preview":"max-video-preview:-1"},"canonical":"https:\/\/www.afprofilters.com\/fi\/tuote\/hq85-es-a-pussisuodatin\/","og_locale":"fi_FI","og_type":"article","og_title":"HQ85\/ES A+ pussisuodatin","og_description":"Innovatiivinen A+ luokiteltu pussisuodatin\u00a0parantaa sis\u00e4ilman laatua poistamalla pienimm\u00e4tkin hiukkaset (ePM1) ilmasta.","og_url":"https:\/\/www.afprofilters.com\/fi\/tuote\/hq85-es-a-pussisuodatin\/","og_site_name":"AFPRO","article_modified_time":"2024-12-09T11:06:58+00:00","og_image":[{"width":305,"height":323,"url":"http:\/\/www.afprofilters.com\/wp-content\/uploads\/2024\/02\/HQ85ESA.png","type":"image\/png"}],"twitter_card":"summary_large_image","twitter_misc":{"Est. reading time":"1 minute"},"schema":{"@context":"https:\/\/schema.org","@graph":[{"@type":"WebPage","@id":"https:\/\/www.afprofilters.com\/fi\/tuote\/hq85-es-a-pussisuodatin\/","url":"https:\/\/www.afprofilters.com\/fi\/tuote\/hq85-es-a-pussisuodatin\/","name":"HQ85\/ES A+ pussisuodatin","isPartOf":{"@id":"https:\/\/www.afprofilters.com\/fi\/#website"},"primaryImageOfPage":{"@id":"https:\/\/www.afprofilters.com\/fi\/tuote\/hq85-es-a-pussisuodatin\/#primaryimage"},"image":{"@id":"https:\/\/www.afprofilters.com\/fi\/tuote\/hq85-es-a-pussisuodatin\/#primaryimage"},"thumbnailUrl":"https:\/\/www.afprofilters.com\/wp-content\/uploads\/2024\/02\/HQ85ESA.png","datePublished":"2024-02-20T16:23:25+00:00","dateModified":"2024-12-09T11:06:58+00:00","description":"Innovatiivinen A+ luokiteltu pussisuodatin\u00a0parantaa sis\u00e4ilman laatua poistamalla pienimm\u00e4tkin hiukkaset (ePM1) ilmasta.","breadcrumb":{"@id":"https:\/\/www.afprofilters.com\/fi\/tuote\/hq85-es-a-pussisuodatin\/#breadcrumb"},"inLanguage":"fi-FI","potentialAction":[{"@type":"ReadAction","target":["https:\/\/www.afprofilters.com\/fi\/tuote\/hq85-es-a-pussisuodatin\/"]}]},{"@type":"ImageObject","inLanguage":"fi-FI","@id":"https:\/\/www.afprofilters.com\/fi\/tuote\/hq85-es-a-pussisuodatin\/#primaryimage","url":"https:\/\/www.afprofilters.com\/wp-content\/uploads\/2024\/02\/HQ85ESA.png","contentUrl":"https:\/\/www.afprofilters.com\/wp-content\/uploads\/2024\/02\/HQ85ESA.png","width":305,"height":323},{"@type":"BreadcrumbList","@id":"https:\/\/www.afprofilters.com\/fi\/tuote\/hq85-es-a-pussisuodatin\/#breadcrumb","itemListElement":[{"@type":"ListItem","position":1,"name":"","item":"https:\/\/www.afprofilters.com\/fi\/"},{"@type":"ListItem","position":2,"name":"Products","item":"https:\/\/www.afprofilters.com\/fi\/tuote\/"},{"@type":"ListItem","position":3,"name":"Pussisuodattimet","item":"https:\/\/www.afprofilters.com\/fi\/tuotetyyppi\/pussisuodattimet\/"},{"@type":"ListItem","position":4,"name":"HQ85\/ES A+ pussisuodatin"}]},{"@type":"WebSite","@id":"https:\/\/www.afprofilters.com\/fi\/#website","url":"https:\/\/www.afprofilters.com\/fi\/","name":"AFPRO","description":"AFPRO Filters","publisher":{"@id":"https:\/\/www.afprofilters.com\/fi\/#organization"},"potentialAction":[{"@type":"SearchAction","target":{"@type":"EntryPoint","urlTemplate":"https:\/\/www.afprofilters.com\/fi\/?s={search_term_string}"},"query-input":{"@type":"PropertyValueSpecification","valueRequired":true,"valueName":"search_term_string"}}],"inLanguage":"fi-FI"},{"@type":"Organization","@id":"https:\/\/www.afprofilters.com\/fi\/#organization","name":"AFPRO","url":"https:\/\/www.afprofilters.com\/fi\/","logo":{"@type":"ImageObject","inLanguage":"fi-FI","@id":"https:\/\/www.afprofilters.com\/fi\/#\/schema\/logo\/image\/","url":"https:\/\/www.afprofilters.com\/wp-content\/uploads\/2021\/05\/AFPRO-logo.png","contentUrl":"https:\/\/www.afprofilters.com\/wp-content\/uploads\/2021\/05\/AFPRO-logo.png","width":640,"height":177,"caption":"AFPRO"},"image":{"@id":"https:\/\/www.afprofilters.com\/fi\/#\/schema\/logo\/image\/"}}]}},"_links":{"self":[{"href":"https:\/\/www.afprofilters.com\/fi\/wp-json\/wp\/v2\/product\/35857","targetHints":{"allow":["GET"]}}],"collection":[{"href":"https:\/\/www.afprofilters.com\/fi\/wp-json\/wp\/v2\/product"}],"about":[{"href":"https:\/\/www.afprofilters.com\/fi\/wp-json\/wp\/v2\/types\/product"}],"wp:featuredmedia":[{"embeddable":true,"href":"https:\/\/www.afprofilters.com\/fi\/wp-json\/wp\/v2\/media\/35821"}],"wp:attachment":[{"href":"https:\/\/www.afprofilters.com\/fi\/wp-json\/wp\/v2\/media?parent=35857"}],"wp:term":[{"taxonomy":"product_category","embeddable":true,"href":"https:\/\/www.afprofilters.com\/fi\/wp-json\/wp\/v2\/product_category?post=35857"}],"curies":[{"name":"wp","href":"https:\/\/api.w.org\/{rel}","templated":true}]}}