{"id":22993,"date":"2021-01-28T09:34:57","date_gmt":"2021-01-28T09:34:57","guid":{"rendered":"https:\/\/www.afprofilters.com\/?post_type=product&#038;p=22993"},"modified":"2022-03-09T07:22:45","modified_gmt":"2022-03-09T07:22:45","slug":"ilmanpuhdistaja-i-600","status":"publish","type":"product","link":"https:\/\/www.afprofilters.com\/fi\/tuote\/ilmanpuhdistaja-i-600\/","title":{"rendered":"Ilmanpuhdistaja I-600"},"content":{"rendered":"<p><strong>Ilmanpuhdistaja I-600<\/strong> kaikkiin sis\u00e4tiloihin, esimerkiksi: sairaalat, hotellit, toimistot, koulut, p\u00e4iv\u00e4kodit, kampaamot, asuinhuoneistot ja muut kohteet joissa vaaditaan puhdasta sis\u00e4ilmaa.<\/p>\n<ul>\n<li><strong>CADR:<\/strong> 588 m3\/h<\/li>\n<\/ul>\n","protected":false},"featured_media":20760,"parent":0,"template":"","format":"standard","product_category":[735],"class_list":["post-22993","product","type-product","status-publish","format-standard","has-post-thumbnail","hentry","product_category-ilmanpuhdistaja"],"acf":[],"yoast_head":"<!-- This site is optimized with the Yoast SEO plugin v27.3 - https:\/\/yoast.com\/product\/yoast-seo-wordpress\/ -->\n<title>Ilmanpuhdistaja I-600 - AFPRO<\/title>\n<meta name=\"robots\" content=\"index, follow, max-snippet:-1, max-image-preview:large, max-video-preview:-1\" \/>\n<link rel=\"canonical\" href=\"https:\/\/www.afprofilters.com\/fi\/tuote\/ilmanpuhdistaja-i-600\/\" \/>\n<meta property=\"og:locale\" content=\"fi_FI\" \/>\n<meta property=\"og:type\" content=\"article\" \/>\n<meta property=\"og:title\" content=\"Ilmanpuhdistaja I-600 - AFPRO\" \/>\n<meta property=\"og:description\" content=\"Ilmanpuhdistaja I-600 kaikkiin sis\u00e4tiloihin, esimerkiksi: sairaalat, hotellit, toimistot, koulut, p\u00e4iv\u00e4kodit, kampaamot, asuinhuoneistot ja muut kohteet joissa vaaditaan puhdasta sis\u00e4ilmaa. CADR: 588 m3\/h\" \/>\n<meta property=\"og:url\" content=\"https:\/\/www.afprofilters.com\/fi\/tuote\/ilmanpuhdistaja-i-600\/\" \/>\n<meta property=\"og:site_name\" content=\"AFPRO\" \/>\n<meta property=\"article:modified_time\" content=\"2022-03-09T07:22:45+00:00\" \/>\n<meta property=\"og:image\" content=\"http:\/\/www.afprofilters.com\/wp-content\/uploads\/2020\/11\/Vinha-removebg-preview-1.png\" \/>\n\t<meta property=\"og:image:width\" content=\"500\" \/>\n\t<meta property=\"og:image:height\" content=\"500\" \/>\n\t<meta property=\"og:image:type\" content=\"image\/png\" \/>\n<meta name=\"twitter:card\" content=\"summary_large_image\" \/>\n<meta name=\"twitter:label1\" content=\"Est. reading time\" \/>\n\t<meta name=\"twitter:data1\" content=\"1 minute\" \/>\n<script type=\"application\/ld+json\" class=\"yoast-schema-graph\">{\"@context\":\"https:\\\/\\\/schema.org\",\"@graph\":[{\"@type\":\"WebPage\",\"@id\":\"https:\\\/\\\/www.afprofilters.com\\\/fi\\\/tuote\\\/ilmanpuhdistaja-i-600\\\/\",\"url\":\"https:\\\/\\\/www.afprofilters.com\\\/fi\\\/tuote\\\/ilmanpuhdistaja-i-600\\\/\",\"name\":\"Ilmanpuhdistaja I-600 - AFPRO\",\"isPartOf\":{\"@id\":\"https:\\\/\\\/www.afprofilters.com\\\/fi\\\/#website\"},\"primaryImageOfPage\":{\"@id\":\"https:\\\/\\\/www.afprofilters.com\\\/fi\\\/tuote\\\/ilmanpuhdistaja-i-600\\\/#primaryimage\"},\"image\":{\"@id\":\"https:\\\/\\\/www.afprofilters.com\\\/fi\\\/tuote\\\/ilmanpuhdistaja-i-600\\\/#primaryimage\"},\"thumbnailUrl\":\"https:\\\/\\\/www.afprofilters.com\\\/wp-content\\\/uploads\\\/2020\\\/11\\\/Vinha-removebg-preview-1.png\",\"datePublished\":\"2021-01-28T09:34:57+00:00\",\"dateModified\":\"2022-03-09T07:22:45+00:00\",\"breadcrumb\":{\"@id\":\"https:\\\/\\\/www.afprofilters.com\\\/fi\\\/tuote\\\/ilmanpuhdistaja-i-600\\\/#breadcrumb\"},\"inLanguage\":\"fi-FI\",\"potentialAction\":[{\"@type\":\"ReadAction\",\"target\":[\"https:\\\/\\\/www.afprofilters.com\\\/fi\\\/tuote\\\/ilmanpuhdistaja-i-600\\\/\"]}]},{\"@type\":\"ImageObject\",\"inLanguage\":\"fi-FI\",\"@id\":\"https:\\\/\\\/www.afprofilters.com\\\/fi\\\/tuote\\\/ilmanpuhdistaja-i-600\\\/#primaryimage\",\"url\":\"https:\\\/\\\/www.afprofilters.com\\\/wp-content\\\/uploads\\\/2020\\\/11\\\/Vinha-removebg-preview-1.png\",\"contentUrl\":\"https:\\\/\\\/www.afprofilters.com\\\/wp-content\\\/uploads\\\/2020\\\/11\\\/Vinha-removebg-preview-1.png\",\"width\":500,\"height\":500},{\"@type\":\"BreadcrumbList\",\"@id\":\"https:\\\/\\\/www.afprofilters.com\\\/fi\\\/tuote\\\/ilmanpuhdistaja-i-600\\\/#breadcrumb\",\"itemListElement\":[{\"@type\":\"ListItem\",\"position\":1,\"name\":\"\",\"item\":\"https:\\\/\\\/www.afprofilters.com\\\/fi\\\/\"},{\"@type\":\"ListItem\",\"position\":2,\"name\":\"Products\",\"item\":\"https:\\\/\\\/www.afprofilters.com\\\/fi\\\/tuote\\\/\"},{\"@type\":\"ListItem\",\"position\":3,\"name\":\"Ilmanpuhdistaja\",\"item\":\"https:\\\/\\\/www.afprofilters.com\\\/fi\\\/tuotetyyppi\\\/ilmanpuhdistaja\\\/\"},{\"@type\":\"ListItem\",\"position\":4,\"name\":\"Ilmanpuhdistaja I-600\"}]},{\"@type\":\"WebSite\",\"@id\":\"https:\\\/\\\/www.afprofilters.com\\\/fi\\\/#website\",\"url\":\"https:\\\/\\\/www.afprofilters.com\\\/fi\\\/\",\"name\":\"AFPRO\",\"description\":\"AFPRO Filters\",\"publisher\":{\"@id\":\"https:\\\/\\\/www.afprofilters.com\\\/fi\\\/#organization\"},\"potentialAction\":[{\"@type\":\"SearchAction\",\"target\":{\"@type\":\"EntryPoint\",\"urlTemplate\":\"https:\\\/\\\/www.afprofilters.com\\\/fi\\\/?s={search_term_string}\"},\"query-input\":{\"@type\":\"PropertyValueSpecification\",\"valueRequired\":true,\"valueName\":\"search_term_string\"}}],\"inLanguage\":\"fi-FI\"},{\"@type\":\"Organization\",\"@id\":\"https:\\\/\\\/www.afprofilters.com\\\/fi\\\/#organization\",\"name\":\"AFPRO\",\"url\":\"https:\\\/\\\/www.afprofilters.com\\\/fi\\\/\",\"logo\":{\"@type\":\"ImageObject\",\"inLanguage\":\"fi-FI\",\"@id\":\"https:\\\/\\\/www.afprofilters.com\\\/fi\\\/#\\\/schema\\\/logo\\\/image\\\/\",\"url\":\"https:\\\/\\\/www.afprofilters.com\\\/wp-content\\\/uploads\\\/2021\\\/05\\\/AFPRO-logo.png\",\"contentUrl\":\"https:\\\/\\\/www.afprofilters.com\\\/wp-content\\\/uploads\\\/2021\\\/05\\\/AFPRO-logo.png\",\"width\":640,\"height\":177,\"caption\":\"AFPRO\"},\"image\":{\"@id\":\"https:\\\/\\\/www.afprofilters.com\\\/fi\\\/#\\\/schema\\\/logo\\\/image\\\/\"}}]}<\/script>\n<!-- \/ Yoast SEO plugin. -->","yoast_head_json":{"title":"Ilmanpuhdistaja I-600 - AFPRO","robots":{"index":"index","follow":"follow","max-snippet":"max-snippet:-1","max-image-preview":"max-image-preview:large","max-video-preview":"max-video-preview:-1"},"canonical":"https:\/\/www.afprofilters.com\/fi\/tuote\/ilmanpuhdistaja-i-600\/","og_locale":"fi_FI","og_type":"article","og_title":"Ilmanpuhdistaja I-600 - AFPRO","og_description":"Ilmanpuhdistaja I-600 kaikkiin sis\u00e4tiloihin, esimerkiksi: sairaalat, hotellit, toimistot, koulut, p\u00e4iv\u00e4kodit, kampaamot, asuinhuoneistot ja muut kohteet joissa vaaditaan puhdasta sis\u00e4ilmaa. CADR: 588 m3\/h","og_url":"https:\/\/www.afprofilters.com\/fi\/tuote\/ilmanpuhdistaja-i-600\/","og_site_name":"AFPRO","article_modified_time":"2022-03-09T07:22:45+00:00","og_image":[{"width":500,"height":500,"url":"http:\/\/www.afprofilters.com\/wp-content\/uploads\/2020\/11\/Vinha-removebg-preview-1.png","type":"image\/png"}],"twitter_card":"summary_large_image","twitter_misc":{"Est. reading time":"1 minute"},"schema":{"@context":"https:\/\/schema.org","@graph":[{"@type":"WebPage","@id":"https:\/\/www.afprofilters.com\/fi\/tuote\/ilmanpuhdistaja-i-600\/","url":"https:\/\/www.afprofilters.com\/fi\/tuote\/ilmanpuhdistaja-i-600\/","name":"Ilmanpuhdistaja I-600 - AFPRO","isPartOf":{"@id":"https:\/\/www.afprofilters.com\/fi\/#website"},"primaryImageOfPage":{"@id":"https:\/\/www.afprofilters.com\/fi\/tuote\/ilmanpuhdistaja-i-600\/#primaryimage"},"image":{"@id":"https:\/\/www.afprofilters.com\/fi\/tuote\/ilmanpuhdistaja-i-600\/#primaryimage"},"thumbnailUrl":"https:\/\/www.afprofilters.com\/wp-content\/uploads\/2020\/11\/Vinha-removebg-preview-1.png","datePublished":"2021-01-28T09:34:57+00:00","dateModified":"2022-03-09T07:22:45+00:00","breadcrumb":{"@id":"https:\/\/www.afprofilters.com\/fi\/tuote\/ilmanpuhdistaja-i-600\/#breadcrumb"},"inLanguage":"fi-FI","potentialAction":[{"@type":"ReadAction","target":["https:\/\/www.afprofilters.com\/fi\/tuote\/ilmanpuhdistaja-i-600\/"]}]},{"@type":"ImageObject","inLanguage":"fi-FI","@id":"https:\/\/www.afprofilters.com\/fi\/tuote\/ilmanpuhdistaja-i-600\/#primaryimage","url":"https:\/\/www.afprofilters.com\/wp-content\/uploads\/2020\/11\/Vinha-removebg-preview-1.png","contentUrl":"https:\/\/www.afprofilters.com\/wp-content\/uploads\/2020\/11\/Vinha-removebg-preview-1.png","width":500,"height":500},{"@type":"BreadcrumbList","@id":"https:\/\/www.afprofilters.com\/fi\/tuote\/ilmanpuhdistaja-i-600\/#breadcrumb","itemListElement":[{"@type":"ListItem","position":1,"name":"","item":"https:\/\/www.afprofilters.com\/fi\/"},{"@type":"ListItem","position":2,"name":"Products","item":"https:\/\/www.afprofilters.com\/fi\/tuote\/"},{"@type":"ListItem","position":3,"name":"Ilmanpuhdistaja","item":"https:\/\/www.afprofilters.com\/fi\/tuotetyyppi\/ilmanpuhdistaja\/"},{"@type":"ListItem","position":4,"name":"Ilmanpuhdistaja I-600"}]},{"@type":"WebSite","@id":"https:\/\/www.afprofilters.com\/fi\/#website","url":"https:\/\/www.afprofilters.com\/fi\/","name":"AFPRO","description":"AFPRO Filters","publisher":{"@id":"https:\/\/www.afprofilters.com\/fi\/#organization"},"potentialAction":[{"@type":"SearchAction","target":{"@type":"EntryPoint","urlTemplate":"https:\/\/www.afprofilters.com\/fi\/?s={search_term_string}"},"query-input":{"@type":"PropertyValueSpecification","valueRequired":true,"valueName":"search_term_string"}}],"inLanguage":"fi-FI"},{"@type":"Organization","@id":"https:\/\/www.afprofilters.com\/fi\/#organization","name":"AFPRO","url":"https:\/\/www.afprofilters.com\/fi\/","logo":{"@type":"ImageObject","inLanguage":"fi-FI","@id":"https:\/\/www.afprofilters.com\/fi\/#\/schema\/logo\/image\/","url":"https:\/\/www.afprofilters.com\/wp-content\/uploads\/2021\/05\/AFPRO-logo.png","contentUrl":"https:\/\/www.afprofilters.com\/wp-content\/uploads\/2021\/05\/AFPRO-logo.png","width":640,"height":177,"caption":"AFPRO"},"image":{"@id":"https:\/\/www.afprofilters.com\/fi\/#\/schema\/logo\/image\/"}}]}},"_links":{"self":[{"href":"https:\/\/www.afprofilters.com\/fi\/wp-json\/wp\/v2\/product\/22993","targetHints":{"allow":["GET"]}}],"collection":[{"href":"https:\/\/www.afprofilters.com\/fi\/wp-json\/wp\/v2\/product"}],"about":[{"href":"https:\/\/www.afprofilters.com\/fi\/wp-json\/wp\/v2\/types\/product"}],"wp:featuredmedia":[{"embeddable":true,"href":"https:\/\/www.afprofilters.com\/fi\/wp-json\/wp\/v2\/media\/20760"}],"wp:attachment":[{"href":"https:\/\/www.afprofilters.com\/fi\/wp-json\/wp\/v2\/media?parent=22993"}],"wp:term":[{"taxonomy":"product_category","embeddable":true,"href":"https:\/\/www.afprofilters.com\/fi\/wp-json\/wp\/v2\/product_category?post=22993"}],"curies":[{"name":"wp","href":"https:\/\/api.w.org\/{rel}","templated":true}]}}