{"id":22832,"date":"2021-01-22T12:42:19","date_gmt":"2021-01-22T12:42:19","guid":{"rendered":"https:\/\/www.afprofilters.com\/?post_type=product&#038;p=22832"},"modified":"2022-03-08T17:35:01","modified_gmt":"2022-03-08T17:35:01","slug":"ptfe-kalvollinen-cs-kompaktisuodatin","status":"publish","type":"product","link":"https:\/\/www.afprofilters.com\/fi\/tuote\/ptfe-kalvollinen-cs-kompaktisuodatin\/","title":{"rendered":"PTFE-kalvollinen CS-kompaktisuodatin"},"content":{"rendered":"<p><strong>H13 suodatinluokan PTFE-kalvollinen CS-kompaktisuodatin<\/strong> koostuu kolmesta kerroksesta, joita ovat kaksi ulompaa suojaavaa polyesterisuojakerrosta sek\u00e4 yksi kerros keskell\u00e4 olevaa PTFE-kalvoa. T\u00e4m\u00e4 suodatin on tarkoitettu erityisesti toimistoihin ja liikerakennuksiin, joissa j\u00e4rjestelmi\u00e4 ei ole suunniteltu tavallisten korkeamman paineh\u00e4vi\u00f6n HEPA-suodattimien asentamiseen.<\/p>\n<ul>\n<li><strong>Kehys:<\/strong> Muovi<\/li>\n<li><strong>Erotinmateriaali:<\/strong> Kuumaliima<\/li>\n<li><strong>Liimaus:<\/strong> Kaksikomponenttinen polyuretaani<\/li>\n<li><strong>Rakenne:<\/strong> Kaksi ulompaa suojaavaa polyesterisuojakerrosta sek\u00e4 yksi kerros keskell\u00e4 olevaa PTFE-kalvoa<\/li>\n<\/ul>\n","protected":false},"featured_media":23818,"parent":0,"template":"","format":"standard","product_category":[509],"class_list":["post-22832","product","type-product","status-publish","format-standard","has-post-thumbnail","hentry","product_category-hepa-suodattimet"],"acf":[],"yoast_head":"<!-- This site is optimized with the Yoast SEO plugin v27.3 - https:\/\/yoast.com\/product\/yoast-seo-wordpress\/ -->\n<title>PTFE-kalvollinen CS-kompaktisuodatin - AFPRO<\/title>\n<meta name=\"robots\" content=\"index, follow, max-snippet:-1, max-image-preview:large, max-video-preview:-1\" \/>\n<link rel=\"canonical\" href=\"https:\/\/www.afprofilters.com\/fi\/tuote\/ptfe-kalvollinen-cs-kompaktisuodatin\/\" \/>\n<meta property=\"og:locale\" content=\"fi_FI\" \/>\n<meta property=\"og:type\" content=\"article\" \/>\n<meta property=\"og:title\" content=\"PTFE-kalvollinen CS-kompaktisuodatin - AFPRO\" \/>\n<meta property=\"og:description\" content=\"H13 suodatinluokan PTFE-kalvollinen CS-kompaktisuodatin koostuu kolmesta kerroksesta, joita ovat kaksi ulompaa suojaavaa polyesterisuojakerrosta sek\u00e4 yksi kerros keskell\u00e4 olevaa PTFE-kalvoa. T\u00e4m\u00e4 suodatin on tarkoitettu erityisesti toimistoihin ja liikerakennuksiin, joissa j\u00e4rjestelmi\u00e4 ei ole suunniteltu tavallisten korkeamman paineh\u00e4vi\u00f6n HEPA-suodattimien asentamiseen. Kehys: Muovi Erotinmateriaali: Kuumaliima Liimaus: Kaksikomponenttinen polyuretaani Rakenne: Kaksi ulompaa suojaavaa polyesterisuojakerrosta sek\u00e4 yksi kerros keskell\u00e4 olevaa PTFE-kalvoa\" \/>\n<meta property=\"og:url\" content=\"https:\/\/www.afprofilters.com\/fi\/tuote\/ptfe-kalvollinen-cs-kompaktisuodatin\/\" \/>\n<meta property=\"og:site_name\" content=\"AFPRO\" \/>\n<meta property=\"article:modified_time\" content=\"2022-03-08T17:35:01+00:00\" \/>\n<meta property=\"og:image\" content=\"http:\/\/www.afprofilters.com\/wp-content\/uploads\/2021\/01\/CS-H13-H.jpg\" \/>\n\t<meta property=\"og:image:width\" content=\"2000\" \/>\n\t<meta property=\"og:image:height\" content=\"2000\" \/>\n\t<meta property=\"og:image:type\" content=\"image\/jpeg\" \/>\n<meta name=\"twitter:card\" content=\"summary_large_image\" \/>\n<meta name=\"twitter:label1\" content=\"Est. reading time\" \/>\n\t<meta name=\"twitter:data1\" content=\"1 minute\" \/>\n<script type=\"application\/ld+json\" class=\"yoast-schema-graph\">{\"@context\":\"https:\\\/\\\/schema.org\",\"@graph\":[{\"@type\":\"WebPage\",\"@id\":\"https:\\\/\\\/www.afprofilters.com\\\/fi\\\/tuote\\\/ptfe-kalvollinen-cs-kompaktisuodatin\\\/\",\"url\":\"https:\\\/\\\/www.afprofilters.com\\\/fi\\\/tuote\\\/ptfe-kalvollinen-cs-kompaktisuodatin\\\/\",\"name\":\"PTFE-kalvollinen CS-kompaktisuodatin - AFPRO\",\"isPartOf\":{\"@id\":\"https:\\\/\\\/www.afprofilters.com\\\/fi\\\/#website\"},\"primaryImageOfPage\":{\"@id\":\"https:\\\/\\\/www.afprofilters.com\\\/fi\\\/tuote\\\/ptfe-kalvollinen-cs-kompaktisuodatin\\\/#primaryimage\"},\"image\":{\"@id\":\"https:\\\/\\\/www.afprofilters.com\\\/fi\\\/tuote\\\/ptfe-kalvollinen-cs-kompaktisuodatin\\\/#primaryimage\"},\"thumbnailUrl\":\"https:\\\/\\\/www.afprofilters.com\\\/wp-content\\\/uploads\\\/2021\\\/01\\\/CS-H13-H.jpg\",\"datePublished\":\"2021-01-22T12:42:19+00:00\",\"dateModified\":\"2022-03-08T17:35:01+00:00\",\"breadcrumb\":{\"@id\":\"https:\\\/\\\/www.afprofilters.com\\\/fi\\\/tuote\\\/ptfe-kalvollinen-cs-kompaktisuodatin\\\/#breadcrumb\"},\"inLanguage\":\"fi-FI\",\"potentialAction\":[{\"@type\":\"ReadAction\",\"target\":[\"https:\\\/\\\/www.afprofilters.com\\\/fi\\\/tuote\\\/ptfe-kalvollinen-cs-kompaktisuodatin\\\/\"]}]},{\"@type\":\"ImageObject\",\"inLanguage\":\"fi-FI\",\"@id\":\"https:\\\/\\\/www.afprofilters.com\\\/fi\\\/tuote\\\/ptfe-kalvollinen-cs-kompaktisuodatin\\\/#primaryimage\",\"url\":\"https:\\\/\\\/www.afprofilters.com\\\/wp-content\\\/uploads\\\/2021\\\/01\\\/CS-H13-H.jpg\",\"contentUrl\":\"https:\\\/\\\/www.afprofilters.com\\\/wp-content\\\/uploads\\\/2021\\\/01\\\/CS-H13-H.jpg\",\"width\":2000,\"height\":2000},{\"@type\":\"BreadcrumbList\",\"@id\":\"https:\\\/\\\/www.afprofilters.com\\\/fi\\\/tuote\\\/ptfe-kalvollinen-cs-kompaktisuodatin\\\/#breadcrumb\",\"itemListElement\":[{\"@type\":\"ListItem\",\"position\":1,\"name\":\"\",\"item\":\"https:\\\/\\\/www.afprofilters.com\\\/fi\\\/\"},{\"@type\":\"ListItem\",\"position\":2,\"name\":\"Products\",\"item\":\"https:\\\/\\\/www.afprofilters.com\\\/fi\\\/tuote\\\/\"},{\"@type\":\"ListItem\",\"position\":3,\"name\":\"Hepa-suodattimet\",\"item\":\"https:\\\/\\\/www.afprofilters.com\\\/fi\\\/tuotetyyppi\\\/hepa-suodattimet\\\/\"},{\"@type\":\"ListItem\",\"position\":4,\"name\":\"PTFE-kalvollinen CS-kompaktisuodatin\"}]},{\"@type\":\"WebSite\",\"@id\":\"https:\\\/\\\/www.afprofilters.com\\\/fi\\\/#website\",\"url\":\"https:\\\/\\\/www.afprofilters.com\\\/fi\\\/\",\"name\":\"AFPRO\",\"description\":\"AFPRO Filters\",\"publisher\":{\"@id\":\"https:\\\/\\\/www.afprofilters.com\\\/fi\\\/#organization\"},\"potentialAction\":[{\"@type\":\"SearchAction\",\"target\":{\"@type\":\"EntryPoint\",\"urlTemplate\":\"https:\\\/\\\/www.afprofilters.com\\\/fi\\\/?s={search_term_string}\"},\"query-input\":{\"@type\":\"PropertyValueSpecification\",\"valueRequired\":true,\"valueName\":\"search_term_string\"}}],\"inLanguage\":\"fi-FI\"},{\"@type\":\"Organization\",\"@id\":\"https:\\\/\\\/www.afprofilters.com\\\/fi\\\/#organization\",\"name\":\"AFPRO\",\"url\":\"https:\\\/\\\/www.afprofilters.com\\\/fi\\\/\",\"logo\":{\"@type\":\"ImageObject\",\"inLanguage\":\"fi-FI\",\"@id\":\"https:\\\/\\\/www.afprofilters.com\\\/fi\\\/#\\\/schema\\\/logo\\\/image\\\/\",\"url\":\"https:\\\/\\\/www.afprofilters.com\\\/wp-content\\\/uploads\\\/2021\\\/05\\\/AFPRO-logo.png\",\"contentUrl\":\"https:\\\/\\\/www.afprofilters.com\\\/wp-content\\\/uploads\\\/2021\\\/05\\\/AFPRO-logo.png\",\"width\":640,\"height\":177,\"caption\":\"AFPRO\"},\"image\":{\"@id\":\"https:\\\/\\\/www.afprofilters.com\\\/fi\\\/#\\\/schema\\\/logo\\\/image\\\/\"}}]}<\/script>\n<!-- \/ Yoast SEO plugin. -->","yoast_head_json":{"title":"PTFE-kalvollinen CS-kompaktisuodatin - AFPRO","robots":{"index":"index","follow":"follow","max-snippet":"max-snippet:-1","max-image-preview":"max-image-preview:large","max-video-preview":"max-video-preview:-1"},"canonical":"https:\/\/www.afprofilters.com\/fi\/tuote\/ptfe-kalvollinen-cs-kompaktisuodatin\/","og_locale":"fi_FI","og_type":"article","og_title":"PTFE-kalvollinen CS-kompaktisuodatin - AFPRO","og_description":"H13 suodatinluokan PTFE-kalvollinen CS-kompaktisuodatin koostuu kolmesta kerroksesta, joita ovat kaksi ulompaa suojaavaa polyesterisuojakerrosta sek\u00e4 yksi kerros keskell\u00e4 olevaa PTFE-kalvoa. T\u00e4m\u00e4 suodatin on tarkoitettu erityisesti toimistoihin ja liikerakennuksiin, joissa j\u00e4rjestelmi\u00e4 ei ole suunniteltu tavallisten korkeamman paineh\u00e4vi\u00f6n HEPA-suodattimien asentamiseen. Kehys: Muovi Erotinmateriaali: Kuumaliima Liimaus: Kaksikomponenttinen polyuretaani Rakenne: Kaksi ulompaa suojaavaa polyesterisuojakerrosta sek\u00e4 yksi kerros keskell\u00e4 olevaa PTFE-kalvoa","og_url":"https:\/\/www.afprofilters.com\/fi\/tuote\/ptfe-kalvollinen-cs-kompaktisuodatin\/","og_site_name":"AFPRO","article_modified_time":"2022-03-08T17:35:01+00:00","og_image":[{"width":2000,"height":2000,"url":"http:\/\/www.afprofilters.com\/wp-content\/uploads\/2021\/01\/CS-H13-H.jpg","type":"image\/jpeg"}],"twitter_card":"summary_large_image","twitter_misc":{"Est. reading time":"1 minute"},"schema":{"@context":"https:\/\/schema.org","@graph":[{"@type":"WebPage","@id":"https:\/\/www.afprofilters.com\/fi\/tuote\/ptfe-kalvollinen-cs-kompaktisuodatin\/","url":"https:\/\/www.afprofilters.com\/fi\/tuote\/ptfe-kalvollinen-cs-kompaktisuodatin\/","name":"PTFE-kalvollinen CS-kompaktisuodatin - AFPRO","isPartOf":{"@id":"https:\/\/www.afprofilters.com\/fi\/#website"},"primaryImageOfPage":{"@id":"https:\/\/www.afprofilters.com\/fi\/tuote\/ptfe-kalvollinen-cs-kompaktisuodatin\/#primaryimage"},"image":{"@id":"https:\/\/www.afprofilters.com\/fi\/tuote\/ptfe-kalvollinen-cs-kompaktisuodatin\/#primaryimage"},"thumbnailUrl":"https:\/\/www.afprofilters.com\/wp-content\/uploads\/2021\/01\/CS-H13-H.jpg","datePublished":"2021-01-22T12:42:19+00:00","dateModified":"2022-03-08T17:35:01+00:00","breadcrumb":{"@id":"https:\/\/www.afprofilters.com\/fi\/tuote\/ptfe-kalvollinen-cs-kompaktisuodatin\/#breadcrumb"},"inLanguage":"fi-FI","potentialAction":[{"@type":"ReadAction","target":["https:\/\/www.afprofilters.com\/fi\/tuote\/ptfe-kalvollinen-cs-kompaktisuodatin\/"]}]},{"@type":"ImageObject","inLanguage":"fi-FI","@id":"https:\/\/www.afprofilters.com\/fi\/tuote\/ptfe-kalvollinen-cs-kompaktisuodatin\/#primaryimage","url":"https:\/\/www.afprofilters.com\/wp-content\/uploads\/2021\/01\/CS-H13-H.jpg","contentUrl":"https:\/\/www.afprofilters.com\/wp-content\/uploads\/2021\/01\/CS-H13-H.jpg","width":2000,"height":2000},{"@type":"BreadcrumbList","@id":"https:\/\/www.afprofilters.com\/fi\/tuote\/ptfe-kalvollinen-cs-kompaktisuodatin\/#breadcrumb","itemListElement":[{"@type":"ListItem","position":1,"name":"","item":"https:\/\/www.afprofilters.com\/fi\/"},{"@type":"ListItem","position":2,"name":"Products","item":"https:\/\/www.afprofilters.com\/fi\/tuote\/"},{"@type":"ListItem","position":3,"name":"Hepa-suodattimet","item":"https:\/\/www.afprofilters.com\/fi\/tuotetyyppi\/hepa-suodattimet\/"},{"@type":"ListItem","position":4,"name":"PTFE-kalvollinen CS-kompaktisuodatin"}]},{"@type":"WebSite","@id":"https:\/\/www.afprofilters.com\/fi\/#website","url":"https:\/\/www.afprofilters.com\/fi\/","name":"AFPRO","description":"AFPRO Filters","publisher":{"@id":"https:\/\/www.afprofilters.com\/fi\/#organization"},"potentialAction":[{"@type":"SearchAction","target":{"@type":"EntryPoint","urlTemplate":"https:\/\/www.afprofilters.com\/fi\/?s={search_term_string}"},"query-input":{"@type":"PropertyValueSpecification","valueRequired":true,"valueName":"search_term_string"}}],"inLanguage":"fi-FI"},{"@type":"Organization","@id":"https:\/\/www.afprofilters.com\/fi\/#organization","name":"AFPRO","url":"https:\/\/www.afprofilters.com\/fi\/","logo":{"@type":"ImageObject","inLanguage":"fi-FI","@id":"https:\/\/www.afprofilters.com\/fi\/#\/schema\/logo\/image\/","url":"https:\/\/www.afprofilters.com\/wp-content\/uploads\/2021\/05\/AFPRO-logo.png","contentUrl":"https:\/\/www.afprofilters.com\/wp-content\/uploads\/2021\/05\/AFPRO-logo.png","width":640,"height":177,"caption":"AFPRO"},"image":{"@id":"https:\/\/www.afprofilters.com\/fi\/#\/schema\/logo\/image\/"}}]}},"_links":{"self":[{"href":"https:\/\/www.afprofilters.com\/fi\/wp-json\/wp\/v2\/product\/22832","targetHints":{"allow":["GET"]}}],"collection":[{"href":"https:\/\/www.afprofilters.com\/fi\/wp-json\/wp\/v2\/product"}],"about":[{"href":"https:\/\/www.afprofilters.com\/fi\/wp-json\/wp\/v2\/types\/product"}],"wp:featuredmedia":[{"embeddable":true,"href":"https:\/\/www.afprofilters.com\/fi\/wp-json\/wp\/v2\/media\/23818"}],"wp:attachment":[{"href":"https:\/\/www.afprofilters.com\/fi\/wp-json\/wp\/v2\/media?parent=22832"}],"wp:term":[{"taxonomy":"product_category","embeddable":true,"href":"https:\/\/www.afprofilters.com\/fi\/wp-json\/wp\/v2\/product_category?post=22832"}],"curies":[{"name":"wp","href":"https:\/\/api.w.org\/{rel}","templated":true}]}}