{"id":11365,"date":"2019-04-11T07:53:49","date_gmt":"2019-04-11T07:53:49","guid":{"rendered":"http:\/\/rcmrfan.cluster024.hosting.ovh.net\/?post_type=product&#038;p=11365"},"modified":"2021-02-05T08:31:41","modified_gmt":"2021-02-05T08:31:41","slug":"lcc","status":"publish","type":"product","link":"https:\/\/www.afprofilters.com\/fi\/tuote\/lcc\/","title":{"rendered":"LCC"},"content":{"rendered":"<p>AFPRO Filters on sitoutunut s\u00e4\u00e4st\u00e4m\u00e4\u00e4n energiaa ja suojaamaan PM1 pienhiukkasia vastaan p\u00e4ivitt\u00e4in.T\u00e4ss\u00e4 yhteydess\u00e4 tarjoamme energiakatselmuksen laitosten energiatehokkuuden parantamiseksi samalla kun nautit erinomaisesta sis\u00e4ilman laadusta.<\/p>\n<p>&nbsp;<\/p>\n","protected":false},"featured_media":32184,"parent":0,"template":"template-product-service-version-2.php","format":"standard","product_category":[651],"class_list":["post-11365","product","type-product","status-publish","format-standard","has-post-thumbnail","hentry","product_category-palvelu"],"acf":[],"yoast_head":"<!-- This site is optimized with the Yoast SEO plugin v27.3 - https:\/\/yoast.com\/product\/yoast-seo-wordpress\/ -->\n<title>LCC - AFPRO<\/title>\n<meta name=\"robots\" content=\"index, follow, max-snippet:-1, max-image-preview:large, max-video-preview:-1\" \/>\n<link rel=\"canonical\" href=\"https:\/\/www.afprofilters.com\/fi\/tuote\/lcc\/\" \/>\n<meta property=\"og:locale\" content=\"fi_FI\" \/>\n<meta property=\"og:type\" content=\"article\" \/>\n<meta property=\"og:title\" content=\"LCC - AFPRO\" \/>\n<meta property=\"og:description\" content=\"AFPRO Filters on sitoutunut s\u00e4\u00e4st\u00e4m\u00e4\u00e4n energiaa ja suojaamaan PM1 pienhiukkasia vastaan p\u00e4ivitt\u00e4in.T\u00e4ss\u00e4 yhteydess\u00e4 tarjoamme energiakatselmuksen laitosten energiatehokkuuden parantamiseksi samalla kun nautit erinomaisesta sis\u00e4ilman laadusta. &nbsp;\" \/>\n<meta property=\"og:url\" content=\"https:\/\/www.afprofilters.com\/fi\/tuote\/lcc\/\" \/>\n<meta property=\"og:site_name\" content=\"AFPRO\" \/>\n<meta property=\"article:modified_time\" content=\"2021-02-05T08:31:41+00:00\" \/>\n<meta property=\"og:image\" content=\"https:\/\/www.afprofilters.com\/wp-content\/uploads\/2016\/09\/AFPRO-Filters-for-clean-production-processes.png\" \/>\n\t<meta property=\"og:image:width\" content=\"945\" \/>\n\t<meta property=\"og:image:height\" content=\"727\" \/>\n\t<meta property=\"og:image:type\" content=\"image\/png\" \/>\n<meta name=\"twitter:card\" content=\"summary_large_image\" \/>\n<meta name=\"twitter:label1\" content=\"Est. reading time\" \/>\n\t<meta name=\"twitter:data1\" content=\"1 minute\" \/>\n<script type=\"application\/ld+json\" class=\"yoast-schema-graph\">{\"@context\":\"https:\\\/\\\/schema.org\",\"@graph\":[{\"@type\":\"WebPage\",\"@id\":\"https:\\\/\\\/www.afprofilters.com\\\/fi\\\/tuote\\\/lcc\\\/\",\"url\":\"https:\\\/\\\/www.afprofilters.com\\\/fi\\\/tuote\\\/lcc\\\/\",\"name\":\"LCC - AFPRO\",\"isPartOf\":{\"@id\":\"https:\\\/\\\/www.afprofilters.com\\\/fi\\\/#website\"},\"primaryImageOfPage\":{\"@id\":\"https:\\\/\\\/www.afprofilters.com\\\/fi\\\/tuote\\\/lcc\\\/#primaryimage\"},\"image\":{\"@id\":\"https:\\\/\\\/www.afprofilters.com\\\/fi\\\/tuote\\\/lcc\\\/#primaryimage\"},\"thumbnailUrl\":\"https:\\\/\\\/www.afprofilters.com\\\/wp-content\\\/uploads\\\/2017\\\/01\\\/solution-mesure-afpro.png\",\"datePublished\":\"2019-04-11T07:53:49+00:00\",\"dateModified\":\"2021-02-05T08:31:41+00:00\",\"breadcrumb\":{\"@id\":\"https:\\\/\\\/www.afprofilters.com\\\/fi\\\/tuote\\\/lcc\\\/#breadcrumb\"},\"inLanguage\":\"fi-FI\",\"potentialAction\":[{\"@type\":\"ReadAction\",\"target\":[\"https:\\\/\\\/www.afprofilters.com\\\/fi\\\/tuote\\\/lcc\\\/\"]}]},{\"@type\":\"ImageObject\",\"inLanguage\":\"fi-FI\",\"@id\":\"https:\\\/\\\/www.afprofilters.com\\\/fi\\\/tuote\\\/lcc\\\/#primaryimage\",\"url\":\"https:\\\/\\\/www.afprofilters.com\\\/wp-content\\\/uploads\\\/2017\\\/01\\\/solution-mesure-afpro.png\",\"contentUrl\":\"https:\\\/\\\/www.afprofilters.com\\\/wp-content\\\/uploads\\\/2017\\\/01\\\/solution-mesure-afpro.png\",\"width\":800,\"height\":533,\"caption\":\"mesure et v\u00e9rification\"},{\"@type\":\"BreadcrumbList\",\"@id\":\"https:\\\/\\\/www.afprofilters.com\\\/fi\\\/tuote\\\/lcc\\\/#breadcrumb\",\"itemListElement\":[{\"@type\":\"ListItem\",\"position\":1,\"name\":\"\",\"item\":\"https:\\\/\\\/www.afprofilters.com\\\/fi\\\/\"},{\"@type\":\"ListItem\",\"position\":2,\"name\":\"Products\",\"item\":\"https:\\\/\\\/www.afprofilters.com\\\/fi\\\/tuote\\\/\"},{\"@type\":\"ListItem\",\"position\":3,\"name\":\"Palvelu\",\"item\":\"https:\\\/\\\/www.afprofilters.com\\\/fi\\\/tuotetyyppi\\\/palvelu\\\/\"},{\"@type\":\"ListItem\",\"position\":4,\"name\":\"LCC\"}]},{\"@type\":\"WebSite\",\"@id\":\"https:\\\/\\\/www.afprofilters.com\\\/fi\\\/#website\",\"url\":\"https:\\\/\\\/www.afprofilters.com\\\/fi\\\/\",\"name\":\"AFPRO\",\"description\":\"AFPRO Filters\",\"publisher\":{\"@id\":\"https:\\\/\\\/www.afprofilters.com\\\/fi\\\/#organization\"},\"potentialAction\":[{\"@type\":\"SearchAction\",\"target\":{\"@type\":\"EntryPoint\",\"urlTemplate\":\"https:\\\/\\\/www.afprofilters.com\\\/fi\\\/?s={search_term_string}\"},\"query-input\":{\"@type\":\"PropertyValueSpecification\",\"valueRequired\":true,\"valueName\":\"search_term_string\"}}],\"inLanguage\":\"fi-FI\"},{\"@type\":\"Organization\",\"@id\":\"https:\\\/\\\/www.afprofilters.com\\\/fi\\\/#organization\",\"name\":\"AFPRO\",\"url\":\"https:\\\/\\\/www.afprofilters.com\\\/fi\\\/\",\"logo\":{\"@type\":\"ImageObject\",\"inLanguage\":\"fi-FI\",\"@id\":\"https:\\\/\\\/www.afprofilters.com\\\/fi\\\/#\\\/schema\\\/logo\\\/image\\\/\",\"url\":\"https:\\\/\\\/www.afprofilters.com\\\/wp-content\\\/uploads\\\/2021\\\/05\\\/AFPRO-logo.png\",\"contentUrl\":\"https:\\\/\\\/www.afprofilters.com\\\/wp-content\\\/uploads\\\/2021\\\/05\\\/AFPRO-logo.png\",\"width\":640,\"height\":177,\"caption\":\"AFPRO\"},\"image\":{\"@id\":\"https:\\\/\\\/www.afprofilters.com\\\/fi\\\/#\\\/schema\\\/logo\\\/image\\\/\"}}]}<\/script>\n<!-- \/ Yoast SEO plugin. -->","yoast_head_json":{"title":"LCC - AFPRO","robots":{"index":"index","follow":"follow","max-snippet":"max-snippet:-1","max-image-preview":"max-image-preview:large","max-video-preview":"max-video-preview:-1"},"canonical":"https:\/\/www.afprofilters.com\/fi\/tuote\/lcc\/","og_locale":"fi_FI","og_type":"article","og_title":"LCC - AFPRO","og_description":"AFPRO Filters on sitoutunut s\u00e4\u00e4st\u00e4m\u00e4\u00e4n energiaa ja suojaamaan PM1 pienhiukkasia vastaan p\u00e4ivitt\u00e4in.T\u00e4ss\u00e4 yhteydess\u00e4 tarjoamme energiakatselmuksen laitosten energiatehokkuuden parantamiseksi samalla kun nautit erinomaisesta sis\u00e4ilman laadusta. &nbsp;","og_url":"https:\/\/www.afprofilters.com\/fi\/tuote\/lcc\/","og_site_name":"AFPRO","article_modified_time":"2021-02-05T08:31:41+00:00","og_image":[{"width":945,"height":727,"url":"https:\/\/www.afprofilters.com\/wp-content\/uploads\/2016\/09\/AFPRO-Filters-for-clean-production-processes.png","type":"image\/png"}],"twitter_card":"summary_large_image","twitter_misc":{"Est. reading time":"1 minute"},"schema":{"@context":"https:\/\/schema.org","@graph":[{"@type":"WebPage","@id":"https:\/\/www.afprofilters.com\/fi\/tuote\/lcc\/","url":"https:\/\/www.afprofilters.com\/fi\/tuote\/lcc\/","name":"LCC - AFPRO","isPartOf":{"@id":"https:\/\/www.afprofilters.com\/fi\/#website"},"primaryImageOfPage":{"@id":"https:\/\/www.afprofilters.com\/fi\/tuote\/lcc\/#primaryimage"},"image":{"@id":"https:\/\/www.afprofilters.com\/fi\/tuote\/lcc\/#primaryimage"},"thumbnailUrl":"https:\/\/www.afprofilters.com\/wp-content\/uploads\/2017\/01\/solution-mesure-afpro.png","datePublished":"2019-04-11T07:53:49+00:00","dateModified":"2021-02-05T08:31:41+00:00","breadcrumb":{"@id":"https:\/\/www.afprofilters.com\/fi\/tuote\/lcc\/#breadcrumb"},"inLanguage":"fi-FI","potentialAction":[{"@type":"ReadAction","target":["https:\/\/www.afprofilters.com\/fi\/tuote\/lcc\/"]}]},{"@type":"ImageObject","inLanguage":"fi-FI","@id":"https:\/\/www.afprofilters.com\/fi\/tuote\/lcc\/#primaryimage","url":"https:\/\/www.afprofilters.com\/wp-content\/uploads\/2017\/01\/solution-mesure-afpro.png","contentUrl":"https:\/\/www.afprofilters.com\/wp-content\/uploads\/2017\/01\/solution-mesure-afpro.png","width":800,"height":533,"caption":"mesure et v\u00e9rification"},{"@type":"BreadcrumbList","@id":"https:\/\/www.afprofilters.com\/fi\/tuote\/lcc\/#breadcrumb","itemListElement":[{"@type":"ListItem","position":1,"name":"","item":"https:\/\/www.afprofilters.com\/fi\/"},{"@type":"ListItem","position":2,"name":"Products","item":"https:\/\/www.afprofilters.com\/fi\/tuote\/"},{"@type":"ListItem","position":3,"name":"Palvelu","item":"https:\/\/www.afprofilters.com\/fi\/tuotetyyppi\/palvelu\/"},{"@type":"ListItem","position":4,"name":"LCC"}]},{"@type":"WebSite","@id":"https:\/\/www.afprofilters.com\/fi\/#website","url":"https:\/\/www.afprofilters.com\/fi\/","name":"AFPRO","description":"AFPRO Filters","publisher":{"@id":"https:\/\/www.afprofilters.com\/fi\/#organization"},"potentialAction":[{"@type":"SearchAction","target":{"@type":"EntryPoint","urlTemplate":"https:\/\/www.afprofilters.com\/fi\/?s={search_term_string}"},"query-input":{"@type":"PropertyValueSpecification","valueRequired":true,"valueName":"search_term_string"}}],"inLanguage":"fi-FI"},{"@type":"Organization","@id":"https:\/\/www.afprofilters.com\/fi\/#organization","name":"AFPRO","url":"https:\/\/www.afprofilters.com\/fi\/","logo":{"@type":"ImageObject","inLanguage":"fi-FI","@id":"https:\/\/www.afprofilters.com\/fi\/#\/schema\/logo\/image\/","url":"https:\/\/www.afprofilters.com\/wp-content\/uploads\/2021\/05\/AFPRO-logo.png","contentUrl":"https:\/\/www.afprofilters.com\/wp-content\/uploads\/2021\/05\/AFPRO-logo.png","width":640,"height":177,"caption":"AFPRO"},"image":{"@id":"https:\/\/www.afprofilters.com\/fi\/#\/schema\/logo\/image\/"}}]}},"_links":{"self":[{"href":"https:\/\/www.afprofilters.com\/fi\/wp-json\/wp\/v2\/product\/11365","targetHints":{"allow":["GET"]}}],"collection":[{"href":"https:\/\/www.afprofilters.com\/fi\/wp-json\/wp\/v2\/product"}],"about":[{"href":"https:\/\/www.afprofilters.com\/fi\/wp-json\/wp\/v2\/types\/product"}],"wp:featuredmedia":[{"embeddable":true,"href":"https:\/\/www.afprofilters.com\/fi\/wp-json\/wp\/v2\/media\/32184"}],"wp:attachment":[{"href":"https:\/\/www.afprofilters.com\/fi\/wp-json\/wp\/v2\/media?parent=11365"}],"wp:term":[{"taxonomy":"product_category","embeddable":true,"href":"https:\/\/www.afprofilters.com\/fi\/wp-json\/wp\/v2\/product_category?post=11365"}],"curies":[{"name":"wp","href":"https:\/\/api.w.org\/{rel}","templated":true}]}}