{"id":8466,"date":"2018-05-04T14:18:18","date_gmt":"2018-05-04T14:18:18","guid":{"rendered":"https:\/\/www.afprofilters.com\/?page_id=8466"},"modified":"2020-06-18T09:34:28","modified_gmt":"2020-06-18T09:34:28","slug":"suosituksia-ja-vinkkeja","status":"publish","type":"page","link":"https:\/\/www.afprofilters.com\/fi\/vinkit\/suosituksia-ja-vinkkeja\/","title":{"rendered":"Suosituksia ja vinkkeja"},"content":{"rendered":"<p><strong>Eurooppalainen EN\u00a013779\u00a0\u2011standardi tarjoaa ohjeistusta sis\u00e4ilmavaatimuksiin liittyen. Standardin tavoite on selke\u00e4: luoda miellytt\u00e4v\u00e4 ja terveellinen sis\u00e4ilma kohtuullisin asennus- ja k\u00e4ytt\u00f6kustannuksin. Standardissa m\u00e4\u00e4ritell\u00e4\u00e4n vaatimukset suodatinten toiminnalle hyv\u00e4n sis\u00e4ilman laadun (IDA-luokitus) saavuttamiseksi. Standardissa huomioidaan my\u00f6s ulkoilman laatu (ODA), jolle on m\u00e4\u00e4ritetty kolme tasoa: ODA1 tarkoittaa puhdasta ilmaa, jossa on saastuttavia aineita (siitep\u00f6ly) vain tilap\u00e4isesti, kun taas ODA3-luokitellussa ilmassa, jota usein mitataan esimerkiksi teollisuuskaupungeissa, on suuria pitoisuuksia kaasumaisia saastuttavia aineita ja hiukkasmaista ainesta.<\/strong><\/p>\n<h2><strong>SUOSITUKSIA JA VINKKEJ\u00c4<\/strong><\/h2>\n<p>EN\u00a013779\u00a0\u2011standardissa hiukkasmaisen aineksen on m\u00e4\u00e4ritetty k\u00e4sitt\u00e4v\u00e4n ulkoilmassa olevien kiinteiden tai nestem\u00e4isten hiukkasten kokonaism\u00e4\u00e4r\u00e4. Kaasumaisista saasteista standardissa k\u00e4sitell\u00e4\u00e4n CO2-, CO-, NO2-, SO2- ja VOC-p\u00e4\u00e4st\u00f6j\u00e4. Taulukossa 1 esitet\u00e4\u00e4n ODA-luokituksen raja-arvot. Suodatuksen tarkoituksena on saada aikaan tietty sis\u00e4ilman laatutaso (IDA). IDA-tasoja on nelj\u00e4, joista IDA1 on puhtain ja IDA4 eniten saastunut. Taulukossa 2 esitet\u00e4\u00e4n IDA-luokituksen pohjautuminen sis\u00e4ilman CO2-tasoon ulkoilmaan verrattuna, ja j\u00e4rjestelm\u00e4lt\u00e4 tunnissa vaadittuun ulkoilman m\u00e4\u00e4r\u00e4\u00e4n henkil\u00f6\u00e4 kohden. Taulukossa 3 esitet\u00e4\u00e4n suodatinluokat (M5\u2013F9), joita standardin mukaan vaaditaan halutun IDA-luokituksen saamiseksi ODA-luokan perusteella. GF tarkoittaa kaasusuodatinta tai aktiivihiilisuodatinta.<\/p>\n<p>&nbsp;<\/p>\n<h2><strong>SUODATTIMEN TEHO VS. L\u00c4P\u00c4ISY<\/strong><\/h2>\n<p>Millaisen suodattimen sin\u00e4 tarvitset? Vastaus l\u00f6ytyy taulukosta 4. Ilmansuodatinten suodatusteho riippuu suodatettujen hiukkasten m\u00e4\u00e4r\u00e4st\u00e4. Alle mikrometrin kokoisista hiukkasista puhutaan yleens\u00e4 silloin, kun hiukkasten halkaisija on 0,3\u20131\u00a0mikrometri\u00e4. Suodattimen l\u00e4p\u00e4isykerroin tarkoittaa sit\u00e4, miss\u00e4 m\u00e4\u00e4rin t\u00e4llaiset hiukkaset j\u00e4\u00e4v\u00e4t kiinni suodattimeen. L\u00e4p\u00e4isykertoimen laskenta perustuu F9-luokan (l\u00e4p\u00e4isykerroin 1) l\u00e4p\u00e4isykykyyn. F7-suodattimen l\u00e4p\u00e4isykerroin on 46\u00a0%, ja M5-suodattimen 93\u00a0%. Alla on lueteltu tarkemmat l\u00e4p\u00e4isykertoimet ja se, millaisia hiukkasia erilaiset suodatintyypit erottavat.<\/p>\n<p>&nbsp;<\/p>\n<h2><strong>SUOSITUKSIA ILMANSUODATINTEN VAIHTAMISEEN<\/strong><\/h2>\n<p>Taloudellinen n\u00e4k\u00f6kulma on t\u00e4rke\u00e4 ilmansuodatinten vaihtamista suunniteltaessa. Suodatinten vaihtotarpeeseen vaikuttavat useat asiat, kuten poistopaine (energiankulutus), hygienia (bakteerien ja homeen kasvu) ja j\u00e4rjestelm\u00e4n k\u00e4ytt\u00f6tunnit. Taulukossa 5 esitet\u00e4\u00e4n F5\u2013F9-luokkien suodatinten alku- ja p\u00e4\u00e4tevastukset samalla ilmavirtauksen m\u00e4\u00e4r\u00e4ll\u00e4 ja nopeudella. Taulukossa 6 esitet\u00e4\u00e4n ensimm\u00e4isen ja toisen vaiheen suodatinten sek\u00e4 kierr\u00e4tysilmasuodattimen (paluu- tai poistoilma) vaihtov\u00e4lit k\u00e4ytt\u00f6tunteina ja -vuosina. Paluu- ja poistoilmalle vaaditaan v\u00e4hint\u00e4\u00e4n M5-luokan suodatin, jotta erotus- ja poistoj\u00e4rjestelmille saadaan riitt\u00e4v\u00e4 suojaus. Suosittelemme k\u00e4ytt\u00e4m\u00e4\u00e4n samaa suodatinluokkaa kuin ottoilmalle.<\/p>\n","protected":false},"excerpt":{"rendered":"<p>Eurooppalainen EN\u00a013779\u00a0\u2011standardi tarjoaa ohjeistusta sis\u00e4ilmavaatimuksiin liittyen. Standardin tavoite on selke\u00e4: luoda miellytt\u00e4v\u00e4 ja terveellinen sis\u00e4ilma kohtuullisin asennus- ja k\u00e4ytt\u00f6kustannuksin. Standardissa m\u00e4\u00e4ritell\u00e4\u00e4n vaatimukset suodatinten toiminnalle hyv\u00e4n sis\u00e4ilman laadun (IDA-luokitus) saavuttamiseksi. Standardissa huomioidaan my\u00f6s ulkoilman laatu (ODA), jolle on m\u00e4\u00e4ritetty kolme tasoa: ODA1 tarkoittaa puhdasta ilmaa, jossa on saastuttavia aineita (siitep\u00f6ly) vain tilap\u00e4isesti, kun taas ODA3-luokitellussa ilmassa, [&hellip;]<\/p>\n","protected":false},"author":4,"featured_media":0,"parent":11614,"menu_order":0,"comment_status":"closed","ping_status":"closed","template":"","meta":{"_acf_changed":false,"footnotes":""},"class_list":["post-8466","page","type-page","status-publish","hentry"],"acf":[],"yoast_head":"<!-- This site is optimized with the Yoast SEO plugin v27.3 - https:\/\/yoast.com\/product\/yoast-seo-wordpress\/ -->\n<title>Suosituksia ja vinkkeja - AFPRO<\/title>\n<meta name=\"robots\" content=\"index, follow, max-snippet:-1, max-image-preview:large, max-video-preview:-1\" \/>\n<link rel=\"canonical\" href=\"https:\/\/www.afprofilters.com\/fi\/vinkit\/suosituksia-ja-vinkkeja\/\" \/>\n<meta property=\"og:locale\" content=\"fi_FI\" \/>\n<meta property=\"og:type\" content=\"article\" \/>\n<meta property=\"og:title\" content=\"Suosituksia ja vinkkeja - AFPRO\" \/>\n<meta property=\"og:description\" content=\"Eurooppalainen EN\u00a013779\u00a0\u2011standardi tarjoaa ohjeistusta sis\u00e4ilmavaatimuksiin liittyen. Standardin tavoite on selke\u00e4: luoda miellytt\u00e4v\u00e4 ja terveellinen sis\u00e4ilma kohtuullisin asennus- ja k\u00e4ytt\u00f6kustannuksin. Standardissa m\u00e4\u00e4ritell\u00e4\u00e4n vaatimukset suodatinten toiminnalle hyv\u00e4n sis\u00e4ilman laadun (IDA-luokitus) saavuttamiseksi. Standardissa huomioidaan my\u00f6s ulkoilman laatu (ODA), jolle on m\u00e4\u00e4ritetty kolme tasoa: ODA1 tarkoittaa puhdasta ilmaa, jossa on saastuttavia aineita (siitep\u00f6ly) vain tilap\u00e4isesti, kun taas ODA3-luokitellussa ilmassa, [&hellip;]\" \/>\n<meta property=\"og:url\" content=\"https:\/\/www.afprofilters.com\/fi\/vinkit\/suosituksia-ja-vinkkeja\/\" \/>\n<meta property=\"og:site_name\" content=\"AFPRO\" \/>\n<meta property=\"article:modified_time\" content=\"2020-06-18T09:34:28+00:00\" \/>\n<meta name=\"twitter:card\" content=\"summary_large_image\" \/>\n<meta name=\"twitter:label1\" content=\"Est. reading time\" \/>\n\t<meta name=\"twitter:data1\" content=\"2 minutes\" \/>\n<script type=\"application\/ld+json\" class=\"yoast-schema-graph\">{\"@context\":\"https:\\\/\\\/schema.org\",\"@graph\":[{\"@type\":\"WebPage\",\"@id\":\"https:\\\/\\\/www.afprofilters.com\\\/fi\\\/vinkit\\\/suosituksia-ja-vinkkeja\\\/\",\"url\":\"https:\\\/\\\/www.afprofilters.com\\\/fi\\\/vinkit\\\/suosituksia-ja-vinkkeja\\\/\",\"name\":\"Suosituksia ja vinkkeja - AFPRO\",\"isPartOf\":{\"@id\":\"https:\\\/\\\/www.afprofilters.com\\\/fi\\\/#website\"},\"datePublished\":\"2018-05-04T14:18:18+00:00\",\"dateModified\":\"2020-06-18T09:34:28+00:00\",\"breadcrumb\":{\"@id\":\"https:\\\/\\\/www.afprofilters.com\\\/fi\\\/vinkit\\\/suosituksia-ja-vinkkeja\\\/#breadcrumb\"},\"inLanguage\":\"fi-FI\",\"potentialAction\":[{\"@type\":\"ReadAction\",\"target\":[\"https:\\\/\\\/www.afprofilters.com\\\/fi\\\/vinkit\\\/suosituksia-ja-vinkkeja\\\/\"]}]},{\"@type\":\"BreadcrumbList\",\"@id\":\"https:\\\/\\\/www.afprofilters.com\\\/fi\\\/vinkit\\\/suosituksia-ja-vinkkeja\\\/#breadcrumb\",\"itemListElement\":[{\"@type\":\"ListItem\",\"position\":1,\"name\":\"\",\"item\":\"https:\\\/\\\/www.afprofilters.com\\\/fi\\\/\"},{\"@type\":\"ListItem\",\"position\":2,\"name\":\"Vinkit\",\"item\":\"https:\\\/\\\/www.afprofilters.com\\\/fi\\\/vinkit\\\/\"},{\"@type\":\"ListItem\",\"position\":3,\"name\":\"Suosituksia ja vinkkeja\"}]},{\"@type\":\"WebSite\",\"@id\":\"https:\\\/\\\/www.afprofilters.com\\\/fi\\\/#website\",\"url\":\"https:\\\/\\\/www.afprofilters.com\\\/fi\\\/\",\"name\":\"AFPRO\",\"description\":\"AFPRO Filters\",\"publisher\":{\"@id\":\"https:\\\/\\\/www.afprofilters.com\\\/fi\\\/#organization\"},\"potentialAction\":[{\"@type\":\"SearchAction\",\"target\":{\"@type\":\"EntryPoint\",\"urlTemplate\":\"https:\\\/\\\/www.afprofilters.com\\\/fi\\\/?s={search_term_string}\"},\"query-input\":{\"@type\":\"PropertyValueSpecification\",\"valueRequired\":true,\"valueName\":\"search_term_string\"}}],\"inLanguage\":\"fi-FI\"},{\"@type\":\"Organization\",\"@id\":\"https:\\\/\\\/www.afprofilters.com\\\/fi\\\/#organization\",\"name\":\"AFPRO\",\"url\":\"https:\\\/\\\/www.afprofilters.com\\\/fi\\\/\",\"logo\":{\"@type\":\"ImageObject\",\"inLanguage\":\"fi-FI\",\"@id\":\"https:\\\/\\\/www.afprofilters.com\\\/fi\\\/#\\\/schema\\\/logo\\\/image\\\/\",\"url\":\"https:\\\/\\\/www.afprofilters.com\\\/wp-content\\\/uploads\\\/2021\\\/05\\\/AFPRO-logo.png\",\"contentUrl\":\"https:\\\/\\\/www.afprofilters.com\\\/wp-content\\\/uploads\\\/2021\\\/05\\\/AFPRO-logo.png\",\"width\":640,\"height\":177,\"caption\":\"AFPRO\"},\"image\":{\"@id\":\"https:\\\/\\\/www.afprofilters.com\\\/fi\\\/#\\\/schema\\\/logo\\\/image\\\/\"}}]}<\/script>\n<!-- \/ Yoast SEO plugin. -->","yoast_head_json":{"title":"Suosituksia ja vinkkeja - AFPRO","robots":{"index":"index","follow":"follow","max-snippet":"max-snippet:-1","max-image-preview":"max-image-preview:large","max-video-preview":"max-video-preview:-1"},"canonical":"https:\/\/www.afprofilters.com\/fi\/vinkit\/suosituksia-ja-vinkkeja\/","og_locale":"fi_FI","og_type":"article","og_title":"Suosituksia ja vinkkeja - AFPRO","og_description":"Eurooppalainen EN\u00a013779\u00a0\u2011standardi tarjoaa ohjeistusta sis\u00e4ilmavaatimuksiin liittyen. Standardin tavoite on selke\u00e4: luoda miellytt\u00e4v\u00e4 ja terveellinen sis\u00e4ilma kohtuullisin asennus- ja k\u00e4ytt\u00f6kustannuksin. Standardissa m\u00e4\u00e4ritell\u00e4\u00e4n vaatimukset suodatinten toiminnalle hyv\u00e4n sis\u00e4ilman laadun (IDA-luokitus) saavuttamiseksi. Standardissa huomioidaan my\u00f6s ulkoilman laatu (ODA), jolle on m\u00e4\u00e4ritetty kolme tasoa: ODA1 tarkoittaa puhdasta ilmaa, jossa on saastuttavia aineita (siitep\u00f6ly) vain tilap\u00e4isesti, kun taas ODA3-luokitellussa ilmassa, [&hellip;]","og_url":"https:\/\/www.afprofilters.com\/fi\/vinkit\/suosituksia-ja-vinkkeja\/","og_site_name":"AFPRO","article_modified_time":"2020-06-18T09:34:28+00:00","twitter_card":"summary_large_image","twitter_misc":{"Est. reading time":"2 minutes"},"schema":{"@context":"https:\/\/schema.org","@graph":[{"@type":"WebPage","@id":"https:\/\/www.afprofilters.com\/fi\/vinkit\/suosituksia-ja-vinkkeja\/","url":"https:\/\/www.afprofilters.com\/fi\/vinkit\/suosituksia-ja-vinkkeja\/","name":"Suosituksia ja vinkkeja - AFPRO","isPartOf":{"@id":"https:\/\/www.afprofilters.com\/fi\/#website"},"datePublished":"2018-05-04T14:18:18+00:00","dateModified":"2020-06-18T09:34:28+00:00","breadcrumb":{"@id":"https:\/\/www.afprofilters.com\/fi\/vinkit\/suosituksia-ja-vinkkeja\/#breadcrumb"},"inLanguage":"fi-FI","potentialAction":[{"@type":"ReadAction","target":["https:\/\/www.afprofilters.com\/fi\/vinkit\/suosituksia-ja-vinkkeja\/"]}]},{"@type":"BreadcrumbList","@id":"https:\/\/www.afprofilters.com\/fi\/vinkit\/suosituksia-ja-vinkkeja\/#breadcrumb","itemListElement":[{"@type":"ListItem","position":1,"name":"","item":"https:\/\/www.afprofilters.com\/fi\/"},{"@type":"ListItem","position":2,"name":"Vinkit","item":"https:\/\/www.afprofilters.com\/fi\/vinkit\/"},{"@type":"ListItem","position":3,"name":"Suosituksia ja vinkkeja"}]},{"@type":"WebSite","@id":"https:\/\/www.afprofilters.com\/fi\/#website","url":"https:\/\/www.afprofilters.com\/fi\/","name":"AFPRO","description":"AFPRO Filters","publisher":{"@id":"https:\/\/www.afprofilters.com\/fi\/#organization"},"potentialAction":[{"@type":"SearchAction","target":{"@type":"EntryPoint","urlTemplate":"https:\/\/www.afprofilters.com\/fi\/?s={search_term_string}"},"query-input":{"@type":"PropertyValueSpecification","valueRequired":true,"valueName":"search_term_string"}}],"inLanguage":"fi-FI"},{"@type":"Organization","@id":"https:\/\/www.afprofilters.com\/fi\/#organization","name":"AFPRO","url":"https:\/\/www.afprofilters.com\/fi\/","logo":{"@type":"ImageObject","inLanguage":"fi-FI","@id":"https:\/\/www.afprofilters.com\/fi\/#\/schema\/logo\/image\/","url":"https:\/\/www.afprofilters.com\/wp-content\/uploads\/2021\/05\/AFPRO-logo.png","contentUrl":"https:\/\/www.afprofilters.com\/wp-content\/uploads\/2021\/05\/AFPRO-logo.png","width":640,"height":177,"caption":"AFPRO"},"image":{"@id":"https:\/\/www.afprofilters.com\/fi\/#\/schema\/logo\/image\/"}}]}},"_links":{"self":[{"href":"https:\/\/www.afprofilters.com\/fi\/wp-json\/wp\/v2\/pages\/8466","targetHints":{"allow":["GET"]}}],"collection":[{"href":"https:\/\/www.afprofilters.com\/fi\/wp-json\/wp\/v2\/pages"}],"about":[{"href":"https:\/\/www.afprofilters.com\/fi\/wp-json\/wp\/v2\/types\/page"}],"author":[{"embeddable":true,"href":"https:\/\/www.afprofilters.com\/fi\/wp-json\/wp\/v2\/users\/4"}],"replies":[{"embeddable":true,"href":"https:\/\/www.afprofilters.com\/fi\/wp-json\/wp\/v2\/comments?post=8466"}],"version-history":[{"count":0,"href":"https:\/\/www.afprofilters.com\/fi\/wp-json\/wp\/v2\/pages\/8466\/revisions"}],"up":[{"embeddable":true,"href":"https:\/\/www.afprofilters.com\/fi\/wp-json\/wp\/v2\/pages\/11614"}],"wp:attachment":[{"href":"https:\/\/www.afprofilters.com\/fi\/wp-json\/wp\/v2\/media?parent=8466"}],"curies":[{"name":"wp","href":"https:\/\/api.w.org\/{rel}","templated":true}]}}