{"id":8464,"date":"2018-05-04T14:14:33","date_gmt":"2018-05-04T14:14:33","guid":{"rendered":"https:\/\/www.afprofilters.com\/?page_id=8464"},"modified":"2024-07-29T08:05:02","modified_gmt":"2024-07-29T08:05:02","slug":"eurovent-sertifiointi","status":"publish","type":"page","link":"https:\/\/www.afprofilters.com\/fi\/asiantuntemus\/eurovent-sertifiointi\/","title":{"rendered":"Eurovent sertifiointi"},"content":{"rendered":"<p>AFPRO Filters noudattaa Eurovent-sertifioinnissa k\u00e4ytett\u00e4vi\u00e4 tiukkoja vaatimuksia. Eurovent on Euroopan ilmastointilaitteiden tuottajien yhdistys, joka on yhteisty\u00f6ss\u00e4 ilmansuodatinvalmistajien kanssa laatinut yhten\u00e4isen sertifiointiohjelman. Sertifioinnilla Eurovent pyrkii edist\u00e4m\u00e4\u00e4n reilua kilpailua suodatinalalla. Kerromme mielell\u00e4mme t\u00e4m\u00e4n laadun takeena toimivan merkin sinullekin tuomista eduista.<\/p>\n<p><strong>Eurovent-sertifikaatti takaa seuraavat asiat:<\/strong><\/p>\n<ul>\n<li>Ilmansuodattimet on testattu riippumattomissa laboratorioissa.<\/li>\n<li>Suodattimet vastaavat suunnitelmissa mainittuja m\u00e4\u00e4ritelmi\u00e4.<\/li>\n<li>Ostamasi suodattimet noudattavat mainittuja energiankulutustasoja.<\/li>\n<\/ul>\n<p><img loading=\"lazy\" decoding=\"async\" class=\"alignnone  wp-image-32851\" src=\"http:\/\/www.afprofilters.com\/wp-content\/uploads\/2023\/03\/label-ECC-air-filters.jpg\" alt=\"\" width=\"535\" height=\"184\" srcset=\"https:\/\/www.afprofilters.com\/wp-content\/uploads\/2023\/03\/label-ECC-air-filters.jpg 1614w, https:\/\/www.afprofilters.com\/wp-content\/uploads\/2023\/03\/label-ECC-air-filters-300x103.jpg 300w, https:\/\/www.afprofilters.com\/wp-content\/uploads\/2023\/03\/label-ECC-air-filters-1024x352.jpg 1024w, https:\/\/www.afprofilters.com\/wp-content\/uploads\/2023\/03\/label-ECC-air-filters-768x264.jpg 768w, https:\/\/www.afprofilters.com\/wp-content\/uploads\/2023\/03\/label-ECC-air-filters-1536x528.jpg 1536w\" sizes=\"auto, (max-width: 535px) 100vw, 535px\" \/><\/p>\n<p>Eurovent-sertifikaatti takaa my\u00f6s sen, ett\u00e4 kaikki suodatinlaitteiston mukana toimitetut asiakirjat sek\u00e4 asiakirjoissa, internetsivuilla ja k\u00e4ytt\u00f6oppaissa annetut tuotetiedot vastaavat eurooppalaisia standardeja. Eurovent-merkint\u00e4 takaa siis ilmansuodatinten turvallisuuden ja n\u00e4in ollen my\u00f6s erinomaisen suorituskyvyn. Eurovent-sertifikaatti on my\u00f6nnetty kaikille valmistamillemme pussisuodattimille, kompaktisuodattimille ja paneelisuodattimille, jotka on testattu ISO 16890\u2011standardin mukaisesti.<\/p>\n<h2><strong>Sertifioinnin tavoite<\/strong><\/h2>\n<p>Eurovent-sertifiointiohjelman tavoitteena on mahdollistaa ilmansuodatinten vertailu yksiselitteisten vertailukriteerien avulla. Eurovent helpottaa asiakkaiden valintaprosessia julkaisemalla sertifioitujen suodatinten tekniset tiedot. Ostajien ei siis tarvitse itse vertailla eri tuotevaihtoehtoja yht\u00e4 laajasti, sill\u00e4 he voivat luottaa AFPRO Filterin tuotteiden noudattavan Eurovent-vaatimuksia ja muita voimassa olevia vaatimuksia.<\/p>\n<\/p>\n<h2><strong>Riippumattomat testauslaboratoriot<\/strong><\/h2>\n<p>Kaksi riippumatonta laboratoriota testaa kaikki Eurovent-sertifioidut suodattimet: SP Ruotsin Bor\u00e5sissa ja VTT Espoossa. N\u00e4m\u00e4 ovat Euroopan ainoat ISO&nbsp;17025&nbsp;\u2011valtuutetut ja n\u00e4in ollen standardin mukaiset testauslaboratoriot. Testaus suoritetaan sokkotestin\u00e4, eli tutkijat eiv\u00e4t tied\u00e4, mink\u00e4 valmistajan toimittamia suodattimia milloinkin testaavat. Eurovent erottaa suodattimet omalla viitenumeroj\u00e4rjestelm\u00e4ll\u00e4\u00e4n.<\/p>\n<\/p>\n<h2><strong>Eurovent-logo<\/strong><\/h2>\n<p>Eurovent-sertifiointiohjelman tavoitteena on mahdollistaa ilmansuodatinten vertailu yksiselitteisten vertailukriteerien avulla. Eurovent helpottaa asiakkaiden valintaprosessia julkaisemalla sertifioitujen suodatinten tekniset tiedot. Ostajien ei siis tarvitse itse vertailla eri tuotevaihtoehtoja yht\u00e4 laajasti, sill\u00e4 he voivat luottaa AFPRO Filterin tuotteiden noudattavan Eurovent-vaatimuksia ja muita voimassa olevia vaatimuksia.<\/p>\n<h2><strong>Lis\u00e4tietoja<\/strong><\/h2>\n<p>EN&nbsp;779&nbsp;\u2011standardin mukaisten hienosuodatinten sertifiointinumero on 09.10.433, ja suodattimet esitell\u00e4\u00e4n Euroventin sivustolla sertifioitujen ilmansuodatinten joukossa:&nbsp;<a href=\"http:\/\/www.eurovent-certification.com\/\">www.eurovent-certification.com<\/a>. Sivustolla on my\u00f6s lis\u00e4tietoja sertifiointiohjelmasta kokonaisuutena sek\u00e4 AFPROn tuotteiden l\u00e4pik\u00e4ym\u00e4st\u00e4 sertifiointiprosessista.<\/p>\n\n\n<div class=\"wp-block-buttons is-layout-flex wp-block-buttons-is-layout-flex\">\n<div class=\"wp-block-button\"><a class=\"wp-block-button__link wp-element-button\" href=\"\/fi\/ota-yhteytta\/\">Ota yhteytta<\/a><\/div>\n<\/div>\n\n\n\n<figure class=\"wp-block-image size-full is-resized\"><img loading=\"lazy\" decoding=\"async\" width=\"1810\" height=\"2560\" src=\"http:\/\/www.afprofilters.com\/wp-content\/uploads\/2024\/07\/Eurovent-Certification-Diploma_AFPRO-2024-2025_valid-till-31-08-2025-scaled.jpg\" alt=\"Eurovent\" class=\"wp-image-37011\" style=\"width:684px;height:auto\" srcset=\"https:\/\/www.afprofilters.com\/wp-content\/uploads\/2024\/07\/Eurovent-Certification-Diploma_AFPRO-2024-2025_valid-till-31-08-2025-scaled.jpg 1810w, https:\/\/www.afprofilters.com\/wp-content\/uploads\/2024\/07\/Eurovent-Certification-Diploma_AFPRO-2024-2025_valid-till-31-08-2025-212x300.jpg 212w, https:\/\/www.afprofilters.com\/wp-content\/uploads\/2024\/07\/Eurovent-Certification-Diploma_AFPRO-2024-2025_valid-till-31-08-2025-724x1024.jpg 724w, https:\/\/www.afprofilters.com\/wp-content\/uploads\/2024\/07\/Eurovent-Certification-Diploma_AFPRO-2024-2025_valid-till-31-08-2025-768x1086.jpg 768w, https:\/\/www.afprofilters.com\/wp-content\/uploads\/2024\/07\/Eurovent-Certification-Diploma_AFPRO-2024-2025_valid-till-31-08-2025-1086x1536.jpg 1086w, https:\/\/www.afprofilters.com\/wp-content\/uploads\/2024\/07\/Eurovent-Certification-Diploma_AFPRO-2024-2025_valid-till-31-08-2025-1448x2048.jpg 1448w\" sizes=\"auto, (max-width: 1810px) 100vw, 1810px\" \/><\/figure>\n","protected":false},"excerpt":{"rendered":"<p>AFPRO Filters noudattaa Eurovent-sertifioinnissa k\u00e4ytett\u00e4vi\u00e4 tiukkoja vaatimuksia. Eurovent on Euroopan ilmastointilaitteiden tuottajien yhdistys, joka on yhteisty\u00f6ss\u00e4 ilmansuodatinvalmistajien kanssa laatinut yhten\u00e4isen sertifiointiohjelman. Sertifioinnilla Eurovent pyrkii edist\u00e4m\u00e4\u00e4n reilua kilpailua suodatinalalla. Kerromme mielell\u00e4mme t\u00e4m\u00e4n laadun takeena toimivan merkin sinullekin tuomista eduista. Eurovent-sertifikaatti takaa seuraavat asiat: Ilmansuodattimet on testattu riippumattomissa laboratorioissa. Suodattimet vastaavat suunnitelmissa mainittuja m\u00e4\u00e4ritelmi\u00e4. Ostamasi suodattimet noudattavat [&hellip;]<\/p>\n","protected":false},"author":4,"featured_media":0,"parent":11608,"menu_order":0,"comment_status":"closed","ping_status":"closed","template":"","meta":{"_acf_changed":false,"footnotes":""},"class_list":["post-8464","page","type-page","status-publish","hentry"],"acf":[],"yoast_head":"<!-- This site is optimized with the Yoast SEO plugin v27.3 - https:\/\/yoast.com\/product\/yoast-seo-wordpress\/ -->\n<title>Eurovent sertifiointi - AFPRO<\/title>\n<meta name=\"robots\" content=\"index, follow, max-snippet:-1, max-image-preview:large, max-video-preview:-1\" \/>\n<link rel=\"canonical\" href=\"https:\/\/www.afprofilters.com\/fi\/asiantuntemus\/eurovent-sertifiointi\/\" \/>\n<meta property=\"og:locale\" content=\"fi_FI\" \/>\n<meta property=\"og:type\" content=\"article\" \/>\n<meta property=\"og:title\" content=\"Eurovent sertifiointi - AFPRO\" \/>\n<meta property=\"og:description\" content=\"AFPRO Filters noudattaa Eurovent-sertifioinnissa k\u00e4ytett\u00e4vi\u00e4 tiukkoja vaatimuksia. Eurovent on Euroopan ilmastointilaitteiden tuottajien yhdistys, joka on yhteisty\u00f6ss\u00e4 ilmansuodatinvalmistajien kanssa laatinut yhten\u00e4isen sertifiointiohjelman. Sertifioinnilla Eurovent pyrkii edist\u00e4m\u00e4\u00e4n reilua kilpailua suodatinalalla. Kerromme mielell\u00e4mme t\u00e4m\u00e4n laadun takeena toimivan merkin sinullekin tuomista eduista. Eurovent-sertifikaatti takaa seuraavat asiat: Ilmansuodattimet on testattu riippumattomissa laboratorioissa. Suodattimet vastaavat suunnitelmissa mainittuja m\u00e4\u00e4ritelmi\u00e4. Ostamasi suodattimet noudattavat [&hellip;]\" \/>\n<meta property=\"og:url\" content=\"https:\/\/www.afprofilters.com\/fi\/asiantuntemus\/eurovent-sertifiointi\/\" \/>\n<meta property=\"og:site_name\" content=\"AFPRO\" \/>\n<meta property=\"article:modified_time\" content=\"2024-07-29T08:05:02+00:00\" \/>\n<meta property=\"og:image\" content=\"http:\/\/www.afprofilters.com\/wp-content\/uploads\/2023\/03\/label-ECC-air-filters.jpg\" \/>\n<meta name=\"twitter:card\" content=\"summary_large_image\" \/>\n<meta name=\"twitter:label1\" content=\"Est. reading time\" \/>\n\t<meta name=\"twitter:data1\" content=\"2 minutes\" \/>\n<script type=\"application\/ld+json\" class=\"yoast-schema-graph\">{\"@context\":\"https:\\\/\\\/schema.org\",\"@graph\":[{\"@type\":\"WebPage\",\"@id\":\"https:\\\/\\\/www.afprofilters.com\\\/fi\\\/asiantuntemus\\\/eurovent-sertifiointi\\\/\",\"url\":\"https:\\\/\\\/www.afprofilters.com\\\/fi\\\/asiantuntemus\\\/eurovent-sertifiointi\\\/\",\"name\":\"Eurovent sertifiointi - AFPRO\",\"isPartOf\":{\"@id\":\"https:\\\/\\\/www.afprofilters.com\\\/fi\\\/#website\"},\"primaryImageOfPage\":{\"@id\":\"https:\\\/\\\/www.afprofilters.com\\\/fi\\\/asiantuntemus\\\/eurovent-sertifiointi\\\/#primaryimage\"},\"image\":{\"@id\":\"https:\\\/\\\/www.afprofilters.com\\\/fi\\\/asiantuntemus\\\/eurovent-sertifiointi\\\/#primaryimage\"},\"thumbnailUrl\":\"http:\\\/\\\/www.afprofilters.com\\\/wp-content\\\/uploads\\\/2023\\\/03\\\/label-ECC-air-filters.jpg\",\"datePublished\":\"2018-05-04T14:14:33+00:00\",\"dateModified\":\"2024-07-29T08:05:02+00:00\",\"breadcrumb\":{\"@id\":\"https:\\\/\\\/www.afprofilters.com\\\/fi\\\/asiantuntemus\\\/eurovent-sertifiointi\\\/#breadcrumb\"},\"inLanguage\":\"fi-FI\",\"potentialAction\":[{\"@type\":\"ReadAction\",\"target\":[\"https:\\\/\\\/www.afprofilters.com\\\/fi\\\/asiantuntemus\\\/eurovent-sertifiointi\\\/\"]}]},{\"@type\":\"ImageObject\",\"inLanguage\":\"fi-FI\",\"@id\":\"https:\\\/\\\/www.afprofilters.com\\\/fi\\\/asiantuntemus\\\/eurovent-sertifiointi\\\/#primaryimage\",\"url\":\"http:\\\/\\\/www.afprofilters.com\\\/wp-content\\\/uploads\\\/2023\\\/03\\\/label-ECC-air-filters.jpg\",\"contentUrl\":\"http:\\\/\\\/www.afprofilters.com\\\/wp-content\\\/uploads\\\/2023\\\/03\\\/label-ECC-air-filters.jpg\"},{\"@type\":\"BreadcrumbList\",\"@id\":\"https:\\\/\\\/www.afprofilters.com\\\/fi\\\/asiantuntemus\\\/eurovent-sertifiointi\\\/#breadcrumb\",\"itemListElement\":[{\"@type\":\"ListItem\",\"position\":1,\"name\":\"\",\"item\":\"https:\\\/\\\/www.afprofilters.com\\\/fi\\\/\"},{\"@type\":\"ListItem\",\"position\":2,\"name\":\"Asiantuntemus\",\"item\":\"https:\\\/\\\/www.afprofilters.com\\\/fi\\\/asiantuntemus\\\/\"},{\"@type\":\"ListItem\",\"position\":3,\"name\":\"Eurovent sertifiointi\"}]},{\"@type\":\"WebSite\",\"@id\":\"https:\\\/\\\/www.afprofilters.com\\\/fi\\\/#website\",\"url\":\"https:\\\/\\\/www.afprofilters.com\\\/fi\\\/\",\"name\":\"AFPRO\",\"description\":\"AFPRO Filters\",\"publisher\":{\"@id\":\"https:\\\/\\\/www.afprofilters.com\\\/fi\\\/#organization\"},\"potentialAction\":[{\"@type\":\"SearchAction\",\"target\":{\"@type\":\"EntryPoint\",\"urlTemplate\":\"https:\\\/\\\/www.afprofilters.com\\\/fi\\\/?s={search_term_string}\"},\"query-input\":{\"@type\":\"PropertyValueSpecification\",\"valueRequired\":true,\"valueName\":\"search_term_string\"}}],\"inLanguage\":\"fi-FI\"},{\"@type\":\"Organization\",\"@id\":\"https:\\\/\\\/www.afprofilters.com\\\/fi\\\/#organization\",\"name\":\"AFPRO\",\"url\":\"https:\\\/\\\/www.afprofilters.com\\\/fi\\\/\",\"logo\":{\"@type\":\"ImageObject\",\"inLanguage\":\"fi-FI\",\"@id\":\"https:\\\/\\\/www.afprofilters.com\\\/fi\\\/#\\\/schema\\\/logo\\\/image\\\/\",\"url\":\"https:\\\/\\\/www.afprofilters.com\\\/wp-content\\\/uploads\\\/2021\\\/05\\\/AFPRO-logo.png\",\"contentUrl\":\"https:\\\/\\\/www.afprofilters.com\\\/wp-content\\\/uploads\\\/2021\\\/05\\\/AFPRO-logo.png\",\"width\":640,\"height\":177,\"caption\":\"AFPRO\"},\"image\":{\"@id\":\"https:\\\/\\\/www.afprofilters.com\\\/fi\\\/#\\\/schema\\\/logo\\\/image\\\/\"}}]}<\/script>\n<!-- \/ Yoast SEO plugin. -->","yoast_head_json":{"title":"Eurovent sertifiointi - AFPRO","robots":{"index":"index","follow":"follow","max-snippet":"max-snippet:-1","max-image-preview":"max-image-preview:large","max-video-preview":"max-video-preview:-1"},"canonical":"https:\/\/www.afprofilters.com\/fi\/asiantuntemus\/eurovent-sertifiointi\/","og_locale":"fi_FI","og_type":"article","og_title":"Eurovent sertifiointi - AFPRO","og_description":"AFPRO Filters noudattaa Eurovent-sertifioinnissa k\u00e4ytett\u00e4vi\u00e4 tiukkoja vaatimuksia. Eurovent on Euroopan ilmastointilaitteiden tuottajien yhdistys, joka on yhteisty\u00f6ss\u00e4 ilmansuodatinvalmistajien kanssa laatinut yhten\u00e4isen sertifiointiohjelman. Sertifioinnilla Eurovent pyrkii edist\u00e4m\u00e4\u00e4n reilua kilpailua suodatinalalla. Kerromme mielell\u00e4mme t\u00e4m\u00e4n laadun takeena toimivan merkin sinullekin tuomista eduista. Eurovent-sertifikaatti takaa seuraavat asiat: Ilmansuodattimet on testattu riippumattomissa laboratorioissa. Suodattimet vastaavat suunnitelmissa mainittuja m\u00e4\u00e4ritelmi\u00e4. Ostamasi suodattimet noudattavat [&hellip;]","og_url":"https:\/\/www.afprofilters.com\/fi\/asiantuntemus\/eurovent-sertifiointi\/","og_site_name":"AFPRO","article_modified_time":"2024-07-29T08:05:02+00:00","og_image":[{"url":"http:\/\/www.afprofilters.com\/wp-content\/uploads\/2023\/03\/label-ECC-air-filters.jpg","type":"","width":"","height":""}],"twitter_card":"summary_large_image","twitter_misc":{"Est. reading time":"2 minutes"},"schema":{"@context":"https:\/\/schema.org","@graph":[{"@type":"WebPage","@id":"https:\/\/www.afprofilters.com\/fi\/asiantuntemus\/eurovent-sertifiointi\/","url":"https:\/\/www.afprofilters.com\/fi\/asiantuntemus\/eurovent-sertifiointi\/","name":"Eurovent sertifiointi - AFPRO","isPartOf":{"@id":"https:\/\/www.afprofilters.com\/fi\/#website"},"primaryImageOfPage":{"@id":"https:\/\/www.afprofilters.com\/fi\/asiantuntemus\/eurovent-sertifiointi\/#primaryimage"},"image":{"@id":"https:\/\/www.afprofilters.com\/fi\/asiantuntemus\/eurovent-sertifiointi\/#primaryimage"},"thumbnailUrl":"http:\/\/www.afprofilters.com\/wp-content\/uploads\/2023\/03\/label-ECC-air-filters.jpg","datePublished":"2018-05-04T14:14:33+00:00","dateModified":"2024-07-29T08:05:02+00:00","breadcrumb":{"@id":"https:\/\/www.afprofilters.com\/fi\/asiantuntemus\/eurovent-sertifiointi\/#breadcrumb"},"inLanguage":"fi-FI","potentialAction":[{"@type":"ReadAction","target":["https:\/\/www.afprofilters.com\/fi\/asiantuntemus\/eurovent-sertifiointi\/"]}]},{"@type":"ImageObject","inLanguage":"fi-FI","@id":"https:\/\/www.afprofilters.com\/fi\/asiantuntemus\/eurovent-sertifiointi\/#primaryimage","url":"http:\/\/www.afprofilters.com\/wp-content\/uploads\/2023\/03\/label-ECC-air-filters.jpg","contentUrl":"http:\/\/www.afprofilters.com\/wp-content\/uploads\/2023\/03\/label-ECC-air-filters.jpg"},{"@type":"BreadcrumbList","@id":"https:\/\/www.afprofilters.com\/fi\/asiantuntemus\/eurovent-sertifiointi\/#breadcrumb","itemListElement":[{"@type":"ListItem","position":1,"name":"","item":"https:\/\/www.afprofilters.com\/fi\/"},{"@type":"ListItem","position":2,"name":"Asiantuntemus","item":"https:\/\/www.afprofilters.com\/fi\/asiantuntemus\/"},{"@type":"ListItem","position":3,"name":"Eurovent sertifiointi"}]},{"@type":"WebSite","@id":"https:\/\/www.afprofilters.com\/fi\/#website","url":"https:\/\/www.afprofilters.com\/fi\/","name":"AFPRO","description":"AFPRO Filters","publisher":{"@id":"https:\/\/www.afprofilters.com\/fi\/#organization"},"potentialAction":[{"@type":"SearchAction","target":{"@type":"EntryPoint","urlTemplate":"https:\/\/www.afprofilters.com\/fi\/?s={search_term_string}"},"query-input":{"@type":"PropertyValueSpecification","valueRequired":true,"valueName":"search_term_string"}}],"inLanguage":"fi-FI"},{"@type":"Organization","@id":"https:\/\/www.afprofilters.com\/fi\/#organization","name":"AFPRO","url":"https:\/\/www.afprofilters.com\/fi\/","logo":{"@type":"ImageObject","inLanguage":"fi-FI","@id":"https:\/\/www.afprofilters.com\/fi\/#\/schema\/logo\/image\/","url":"https:\/\/www.afprofilters.com\/wp-content\/uploads\/2021\/05\/AFPRO-logo.png","contentUrl":"https:\/\/www.afprofilters.com\/wp-content\/uploads\/2021\/05\/AFPRO-logo.png","width":640,"height":177,"caption":"AFPRO"},"image":{"@id":"https:\/\/www.afprofilters.com\/fi\/#\/schema\/logo\/image\/"}}]}},"_links":{"self":[{"href":"https:\/\/www.afprofilters.com\/fi\/wp-json\/wp\/v2\/pages\/8464","targetHints":{"allow":["GET"]}}],"collection":[{"href":"https:\/\/www.afprofilters.com\/fi\/wp-json\/wp\/v2\/pages"}],"about":[{"href":"https:\/\/www.afprofilters.com\/fi\/wp-json\/wp\/v2\/types\/page"}],"author":[{"embeddable":true,"href":"https:\/\/www.afprofilters.com\/fi\/wp-json\/wp\/v2\/users\/4"}],"replies":[{"embeddable":true,"href":"https:\/\/www.afprofilters.com\/fi\/wp-json\/wp\/v2\/comments?post=8464"}],"version-history":[{"count":0,"href":"https:\/\/www.afprofilters.com\/fi\/wp-json\/wp\/v2\/pages\/8464\/revisions"}],"up":[{"embeddable":true,"href":"https:\/\/www.afprofilters.com\/fi\/wp-json\/wp\/v2\/pages\/11608"}],"wp:attachment":[{"href":"https:\/\/www.afprofilters.com\/fi\/wp-json\/wp\/v2\/media?parent=8464"}],"curies":[{"name":"wp","href":"https:\/\/api.w.org\/{rel}","templated":true}]}}