{"id":8462,"date":"2018-05-04T14:12:18","date_gmt":"2018-05-04T14:12:18","guid":{"rendered":"https:\/\/www.afprofilters.com\/?page_id=8462"},"modified":"2021-11-29T20:51:52","modified_gmt":"2021-11-29T20:51:52","slug":"asennus-ja-huolto-ohjeet","status":"publish","type":"page","link":"https:\/\/www.afprofilters.com\/fi\/asiantuntemus\/asennus-ja-huolto-ohjeet\/","title":{"rendered":"Asennus ja huolto ohjeet"},"content":{"rendered":"<p><strong>Ilmansuodattimet sek\u00e4 niiden erotus- ja poistoilmaj\u00e4rjestelm\u00e4t on suunniteltava ja asennettava niin, ett\u00e4 ne voidaan tarkastaa ja huoltaa s\u00e4\u00e4nn\u00f6llisesti. Parhaan mahdollisen teknisen ja hygieenisen suorituskyvyn varmistamiseksi tarkastus kannattaa teett\u00e4\u00e4 yrityksen sis\u00e4isell\u00e4 tai ulkopuolisella ammattihenkil\u00f6ll\u00e4. Jos tarkastus ja huolto j\u00e4rjestet\u00e4\u00e4n yrityksen sis\u00e4isesti, on noudatettava EN\u00a013779-, VDI\u00a06022-2\u00a0(2006)- ja VDI\u00a03802\u00a0(2002)\u00a0\u2011standardeja.<\/strong><\/p>\n<h2><strong>Seuraavat asiat on huomioitava<\/strong><\/h2>\n<ul>\n<li style=\"list-style-type: none;\">\n<ul>\n<li>Ensimm\u00e4inen suodatinvaihe tulisi asentaa mahdollisimman l\u00e4helle ilmanottoa tai ilmansekoituskammiota. Jos hiukkaskuorma on eritt\u00e4in suuri, tulisi asentaa ylim\u00e4\u00e4r\u00e4inen suodatinvaihe ilmanoton eteen.<\/li>\n<li>Toinen suodatinvaihe on ilmank\u00e4sittelyprosessin viimeinen osa. Jos k\u00e4yt\u00f6ss\u00e4 on kiilahihnak\u00e4ytt\u00f6isi\u00e4 tuulettimia, tulisi j\u00e4rjestelm\u00e4ss\u00e4 aina olla toinen suodatinvaihe.<\/li>\n<li>Suodatinlaitteiston on oltava asennettu niin, ett\u00e4 sen silm\u00e4m\u00e4\u00e4r\u00e4inen tarkastus ja osien vaihto on helppoa. Jos suodatinlaitteisto on yli 1,3\u00a0metrin pituinen, siihen tulisi asentaa sis\u00e4inen valaistusj\u00e4rjestelm\u00e4. Yli 1,6\u00a0metrin pituisiin laitteistoihin tulisi p\u00e4\u00e4st\u00e4 k\u00e4siksi sek\u00e4 suodattimen etu- ett\u00e4 takapuolelta. \u2022 Suodattimen elementit on asennettava ja vaihdettava likaisen ilman puolelta.<\/li>\n<li>Muista ilmatiivis tiiviste ja noudata EN\u00a01886\u00a0\u2011standardia. K\u00e4yt\u00e4 vain sellaisia suodattimen kehikoita, joissa on suljettava tiiviste.<\/li>\n<li>Suodattimiin tulevan ilmavirran olisi hyv\u00e4 olla tasainen, ja vastavirtausta ja \u00e4killisi\u00e4 ilmavirran muutoksia tulisi v\u00e4ltt\u00e4\u00e4.<\/li>\n<li>J\u00e4rjestelm\u00e4n lattian saastumisen ja saturaation v\u00e4ltt\u00e4miseksi pussisuodattimet tulee asentaa niin, ett\u00e4 pussi on pystysuorassa asennossa.<\/li>\n<li>J\u00e4rjestelm\u00e4ss\u00e4 on oltava my\u00f6s ilmaisimella varustettu paine-eromittari (ei siis nesteputkimanometri) ja k\u00e4ytt\u00f6tuntilaskuri.<\/li>\n<li>Varmista suhteellinen kosteus saturaation ja mikrobien kasvamisen ehk\u00e4isemiseksi. Suhteellisen kosteuden tulisi toisessakin vaiheessa olla alle 90\u00a0%.<\/li>\n<li>Py\u00f6riviss\u00e4 l\u00e4mm\u00f6nsiirtimiss\u00e4 ja paluuilmaosiossa on k\u00e4ytett\u00e4v\u00e4 samanlaisia suodattimia kuin ilmanotossa. \u2022 Suodatinlaitteiston p\u00e4\u00e4tevastus tulee m\u00e4\u00e4ritt\u00e4\u00e4 energiantarpeen (elinkaarikustannukset ja elinkaariarviointi) ja tuulettimen k\u00e4ytett\u00e4viss\u00e4 olevan tehon perusteella.<\/li>\n<li>Kunkin suodatinlaitteiston p\u00e4\u00e4ll\u00e4 tulee olla selke\u00e4sti merkittyn\u00e4 seuraavat tiedot:<br \/>\u2013 J\u00e4rjestelm\u00e4n (ei suodatinten) ilmavirtauksen m\u00e4\u00e4r\u00e4<br \/>\u2013 Suodatinten lukum\u00e4\u00e4r\u00e4<br \/>\u2013 Suodatinluokitus<br \/>\u2013 Suodattimen mitat<br \/>\u2013 Suodatinj\u00e4rjestelm\u00e4n (ei suodatinten) suositeltu p\u00e4\u00e4tevastus.<\/li>\n<\/ul>\n<\/li>\n<\/ul>\n\n\n<div class=\"wp-block-buttons is-layout-flex wp-block-buttons-is-layout-flex\">\n<div class=\"wp-block-button\"><a class=\"wp-block-button__link\" href=\"\/fi\/ota-yhteytta\/\">Ota yhteytta<\/a><\/div>\n<\/div>\n","protected":false},"excerpt":{"rendered":"<p>Ilmansuodattimet sek\u00e4 niiden erotus- ja poistoilmaj\u00e4rjestelm\u00e4t on suunniteltava ja asennettava niin, ett\u00e4 ne voidaan tarkastaa ja huoltaa s\u00e4\u00e4nn\u00f6llisesti. Parhaan mahdollisen teknisen ja hygieenisen suorituskyvyn varmistamiseksi tarkastus kannattaa teett\u00e4\u00e4 yrityksen sis\u00e4isell\u00e4 tai ulkopuolisella ammattihenkil\u00f6ll\u00e4. Jos tarkastus ja huolto j\u00e4rjestet\u00e4\u00e4n yrityksen sis\u00e4isesti, on noudatettava EN\u00a013779-, VDI\u00a06022-2\u00a0(2006)- ja VDI\u00a03802\u00a0(2002)\u00a0\u2011standardeja. Seuraavat asiat on huomioitava Ensimm\u00e4inen suodatinvaihe tulisi asentaa mahdollisimman [&hellip;]<\/p>\n","protected":false},"author":4,"featured_media":0,"parent":11608,"menu_order":0,"comment_status":"closed","ping_status":"closed","template":"","meta":{"_acf_changed":false,"footnotes":""},"class_list":["post-8462","page","type-page","status-publish","hentry"],"acf":[],"yoast_head":"<!-- This site is optimized with the Yoast SEO plugin v27.3 - https:\/\/yoast.com\/product\/yoast-seo-wordpress\/ -->\n<title>Asennus ja huolto ohjeet - AFPRO<\/title>\n<meta name=\"robots\" content=\"index, follow, max-snippet:-1, max-image-preview:large, max-video-preview:-1\" \/>\n<link rel=\"canonical\" href=\"https:\/\/www.afprofilters.com\/fi\/asiantuntemus\/asennus-ja-huolto-ohjeet\/\" \/>\n<meta property=\"og:locale\" content=\"fi_FI\" \/>\n<meta property=\"og:type\" content=\"article\" \/>\n<meta property=\"og:title\" content=\"Asennus ja huolto ohjeet - AFPRO\" \/>\n<meta property=\"og:description\" content=\"Ilmansuodattimet sek\u00e4 niiden erotus- ja poistoilmaj\u00e4rjestelm\u00e4t on suunniteltava ja asennettava niin, ett\u00e4 ne voidaan tarkastaa ja huoltaa s\u00e4\u00e4nn\u00f6llisesti. Parhaan mahdollisen teknisen ja hygieenisen suorituskyvyn varmistamiseksi tarkastus kannattaa teett\u00e4\u00e4 yrityksen sis\u00e4isell\u00e4 tai ulkopuolisella ammattihenkil\u00f6ll\u00e4. Jos tarkastus ja huolto j\u00e4rjestet\u00e4\u00e4n yrityksen sis\u00e4isesti, on noudatettava EN\u00a013779-, VDI\u00a06022-2\u00a0(2006)- ja VDI\u00a03802\u00a0(2002)\u00a0\u2011standardeja. Seuraavat asiat on huomioitava Ensimm\u00e4inen suodatinvaihe tulisi asentaa mahdollisimman [&hellip;]\" \/>\n<meta property=\"og:url\" content=\"https:\/\/www.afprofilters.com\/fi\/asiantuntemus\/asennus-ja-huolto-ohjeet\/\" \/>\n<meta property=\"og:site_name\" content=\"AFPRO\" \/>\n<meta property=\"article:modified_time\" content=\"2021-11-29T20:51:52+00:00\" \/>\n<meta name=\"twitter:card\" content=\"summary_large_image\" \/>\n<meta name=\"twitter:label1\" content=\"Est. reading time\" \/>\n\t<meta name=\"twitter:data1\" content=\"2 minutes\" \/>\n<script type=\"application\/ld+json\" class=\"yoast-schema-graph\">{\"@context\":\"https:\\\/\\\/schema.org\",\"@graph\":[{\"@type\":\"WebPage\",\"@id\":\"https:\\\/\\\/www.afprofilters.com\\\/fi\\\/asiantuntemus\\\/asennus-ja-huolto-ohjeet\\\/\",\"url\":\"https:\\\/\\\/www.afprofilters.com\\\/fi\\\/asiantuntemus\\\/asennus-ja-huolto-ohjeet\\\/\",\"name\":\"Asennus ja huolto ohjeet - AFPRO\",\"isPartOf\":{\"@id\":\"https:\\\/\\\/www.afprofilters.com\\\/fi\\\/#website\"},\"datePublished\":\"2018-05-04T14:12:18+00:00\",\"dateModified\":\"2021-11-29T20:51:52+00:00\",\"breadcrumb\":{\"@id\":\"https:\\\/\\\/www.afprofilters.com\\\/fi\\\/asiantuntemus\\\/asennus-ja-huolto-ohjeet\\\/#breadcrumb\"},\"inLanguage\":\"fi-FI\",\"potentialAction\":[{\"@type\":\"ReadAction\",\"target\":[\"https:\\\/\\\/www.afprofilters.com\\\/fi\\\/asiantuntemus\\\/asennus-ja-huolto-ohjeet\\\/\"]}]},{\"@type\":\"BreadcrumbList\",\"@id\":\"https:\\\/\\\/www.afprofilters.com\\\/fi\\\/asiantuntemus\\\/asennus-ja-huolto-ohjeet\\\/#breadcrumb\",\"itemListElement\":[{\"@type\":\"ListItem\",\"position\":1,\"name\":\"\",\"item\":\"https:\\\/\\\/www.afprofilters.com\\\/fi\\\/\"},{\"@type\":\"ListItem\",\"position\":2,\"name\":\"Asiantuntemus\",\"item\":\"https:\\\/\\\/www.afprofilters.com\\\/fi\\\/asiantuntemus\\\/\"},{\"@type\":\"ListItem\",\"position\":3,\"name\":\"Asennus ja huolto ohjeet\"}]},{\"@type\":\"WebSite\",\"@id\":\"https:\\\/\\\/www.afprofilters.com\\\/fi\\\/#website\",\"url\":\"https:\\\/\\\/www.afprofilters.com\\\/fi\\\/\",\"name\":\"AFPRO\",\"description\":\"AFPRO Filters\",\"publisher\":{\"@id\":\"https:\\\/\\\/www.afprofilters.com\\\/fi\\\/#organization\"},\"potentialAction\":[{\"@type\":\"SearchAction\",\"target\":{\"@type\":\"EntryPoint\",\"urlTemplate\":\"https:\\\/\\\/www.afprofilters.com\\\/fi\\\/?s={search_term_string}\"},\"query-input\":{\"@type\":\"PropertyValueSpecification\",\"valueRequired\":true,\"valueName\":\"search_term_string\"}}],\"inLanguage\":\"fi-FI\"},{\"@type\":\"Organization\",\"@id\":\"https:\\\/\\\/www.afprofilters.com\\\/fi\\\/#organization\",\"name\":\"AFPRO\",\"url\":\"https:\\\/\\\/www.afprofilters.com\\\/fi\\\/\",\"logo\":{\"@type\":\"ImageObject\",\"inLanguage\":\"fi-FI\",\"@id\":\"https:\\\/\\\/www.afprofilters.com\\\/fi\\\/#\\\/schema\\\/logo\\\/image\\\/\",\"url\":\"https:\\\/\\\/www.afprofilters.com\\\/wp-content\\\/uploads\\\/2021\\\/05\\\/AFPRO-logo.png\",\"contentUrl\":\"https:\\\/\\\/www.afprofilters.com\\\/wp-content\\\/uploads\\\/2021\\\/05\\\/AFPRO-logo.png\",\"width\":640,\"height\":177,\"caption\":\"AFPRO\"},\"image\":{\"@id\":\"https:\\\/\\\/www.afprofilters.com\\\/fi\\\/#\\\/schema\\\/logo\\\/image\\\/\"}}]}<\/script>\n<!-- \/ Yoast SEO plugin. -->","yoast_head_json":{"title":"Asennus ja huolto ohjeet - AFPRO","robots":{"index":"index","follow":"follow","max-snippet":"max-snippet:-1","max-image-preview":"max-image-preview:large","max-video-preview":"max-video-preview:-1"},"canonical":"https:\/\/www.afprofilters.com\/fi\/asiantuntemus\/asennus-ja-huolto-ohjeet\/","og_locale":"fi_FI","og_type":"article","og_title":"Asennus ja huolto ohjeet - AFPRO","og_description":"Ilmansuodattimet sek\u00e4 niiden erotus- ja poistoilmaj\u00e4rjestelm\u00e4t on suunniteltava ja asennettava niin, ett\u00e4 ne voidaan tarkastaa ja huoltaa s\u00e4\u00e4nn\u00f6llisesti. Parhaan mahdollisen teknisen ja hygieenisen suorituskyvyn varmistamiseksi tarkastus kannattaa teett\u00e4\u00e4 yrityksen sis\u00e4isell\u00e4 tai ulkopuolisella ammattihenkil\u00f6ll\u00e4. Jos tarkastus ja huolto j\u00e4rjestet\u00e4\u00e4n yrityksen sis\u00e4isesti, on noudatettava EN\u00a013779-, VDI\u00a06022-2\u00a0(2006)- ja VDI\u00a03802\u00a0(2002)\u00a0\u2011standardeja. Seuraavat asiat on huomioitava Ensimm\u00e4inen suodatinvaihe tulisi asentaa mahdollisimman [&hellip;]","og_url":"https:\/\/www.afprofilters.com\/fi\/asiantuntemus\/asennus-ja-huolto-ohjeet\/","og_site_name":"AFPRO","article_modified_time":"2021-11-29T20:51:52+00:00","twitter_card":"summary_large_image","twitter_misc":{"Est. reading time":"2 minutes"},"schema":{"@context":"https:\/\/schema.org","@graph":[{"@type":"WebPage","@id":"https:\/\/www.afprofilters.com\/fi\/asiantuntemus\/asennus-ja-huolto-ohjeet\/","url":"https:\/\/www.afprofilters.com\/fi\/asiantuntemus\/asennus-ja-huolto-ohjeet\/","name":"Asennus ja huolto ohjeet - AFPRO","isPartOf":{"@id":"https:\/\/www.afprofilters.com\/fi\/#website"},"datePublished":"2018-05-04T14:12:18+00:00","dateModified":"2021-11-29T20:51:52+00:00","breadcrumb":{"@id":"https:\/\/www.afprofilters.com\/fi\/asiantuntemus\/asennus-ja-huolto-ohjeet\/#breadcrumb"},"inLanguage":"fi-FI","potentialAction":[{"@type":"ReadAction","target":["https:\/\/www.afprofilters.com\/fi\/asiantuntemus\/asennus-ja-huolto-ohjeet\/"]}]},{"@type":"BreadcrumbList","@id":"https:\/\/www.afprofilters.com\/fi\/asiantuntemus\/asennus-ja-huolto-ohjeet\/#breadcrumb","itemListElement":[{"@type":"ListItem","position":1,"name":"","item":"https:\/\/www.afprofilters.com\/fi\/"},{"@type":"ListItem","position":2,"name":"Asiantuntemus","item":"https:\/\/www.afprofilters.com\/fi\/asiantuntemus\/"},{"@type":"ListItem","position":3,"name":"Asennus ja huolto ohjeet"}]},{"@type":"WebSite","@id":"https:\/\/www.afprofilters.com\/fi\/#website","url":"https:\/\/www.afprofilters.com\/fi\/","name":"AFPRO","description":"AFPRO Filters","publisher":{"@id":"https:\/\/www.afprofilters.com\/fi\/#organization"},"potentialAction":[{"@type":"SearchAction","target":{"@type":"EntryPoint","urlTemplate":"https:\/\/www.afprofilters.com\/fi\/?s={search_term_string}"},"query-input":{"@type":"PropertyValueSpecification","valueRequired":true,"valueName":"search_term_string"}}],"inLanguage":"fi-FI"},{"@type":"Organization","@id":"https:\/\/www.afprofilters.com\/fi\/#organization","name":"AFPRO","url":"https:\/\/www.afprofilters.com\/fi\/","logo":{"@type":"ImageObject","inLanguage":"fi-FI","@id":"https:\/\/www.afprofilters.com\/fi\/#\/schema\/logo\/image\/","url":"https:\/\/www.afprofilters.com\/wp-content\/uploads\/2021\/05\/AFPRO-logo.png","contentUrl":"https:\/\/www.afprofilters.com\/wp-content\/uploads\/2021\/05\/AFPRO-logo.png","width":640,"height":177,"caption":"AFPRO"},"image":{"@id":"https:\/\/www.afprofilters.com\/fi\/#\/schema\/logo\/image\/"}}]}},"_links":{"self":[{"href":"https:\/\/www.afprofilters.com\/fi\/wp-json\/wp\/v2\/pages\/8462","targetHints":{"allow":["GET"]}}],"collection":[{"href":"https:\/\/www.afprofilters.com\/fi\/wp-json\/wp\/v2\/pages"}],"about":[{"href":"https:\/\/www.afprofilters.com\/fi\/wp-json\/wp\/v2\/types\/page"}],"author":[{"embeddable":true,"href":"https:\/\/www.afprofilters.com\/fi\/wp-json\/wp\/v2\/users\/4"}],"replies":[{"embeddable":true,"href":"https:\/\/www.afprofilters.com\/fi\/wp-json\/wp\/v2\/comments?post=8462"}],"version-history":[{"count":0,"href":"https:\/\/www.afprofilters.com\/fi\/wp-json\/wp\/v2\/pages\/8462\/revisions"}],"up":[{"embeddable":true,"href":"https:\/\/www.afprofilters.com\/fi\/wp-json\/wp\/v2\/pages\/11608"}],"wp:attachment":[{"href":"https:\/\/www.afprofilters.com\/fi\/wp-json\/wp\/v2\/media?parent=8462"}],"curies":[{"name":"wp","href":"https:\/\/api.w.org\/{rel}","templated":true}]}}