{"id":8454,"date":"2018-05-04T13:44:55","date_gmt":"2018-05-04T13:44:55","guid":{"rendered":"https:\/\/www.afprofilters.com\/?page_id=8454"},"modified":"2021-11-29T20:47:55","modified_gmt":"2021-11-29T20:47:55","slug":"iso-16890-korvaa-nyt-en7792012-%e2%80%91standardin","status":"publish","type":"page","link":"https:\/\/www.afprofilters.com\/fi\/asiantuntemus\/iso-16890-korvaa-nyt-en7792012-%e2%80%91standardin\/","title":{"rendered":"ISO 16890 korvaa nyt EN 779:2012 standardin"},"content":{"rendered":"<p>Uusi ISO\u00a016890\u00a0\u2011standardi on tullut voimaan ja korvannut aiemman EN\u00a0779:2012\u00a0\u2011standardin ilmansuodatinten testauksessa ja luokittelussa maailmanlaajuisesti. Uudessa ISO\u00a016890\u00a0\u2011standardissa ilmansuodatinten arviointiin on tullut huomattava muutos. Uusi ilmansuodatinten testausstandardi ISO\u00a016890 julkaistiin joulukuussa 2016.<\/p>\n<h2>Syit\u00e4 uuteen ISO\u00a016890\u00a0\u2011suodatinstandardiin<\/h2>\n<p>Uudessa ISO\u00a016890\u00a0\u2011standardissa suodatuksen suorituskyvyn testaamisessa keskityt\u00e4\u00e4n hiukkasmaisen aineksen kokoluokitteluun, mik\u00e4 tekee siit\u00e4 huomattavasti EN\u00a0779:2012\u00a0\u2011standardia realistisemman kriteerist\u00f6n.<\/p>\n<h2>Mik\u00e4 muuttuu?<\/h2>\n<p>Uuden ISO\u00a016890\u00a0\u2011standardin mukaan suodatinten tehokkuus m\u00e4\u00e4ritet\u00e4\u00e4n hiukkasmaisen aineksen kokoluokkien <a href=\"https:\/\/www.afprofilters.com\/pm1-airfilter\/\">PM1,<\/a> PM2.5 ja PM10 mukaan (ePM1, ePM2,5, ePM10). My\u00f6s Maailman terveysj\u00e4rjest\u00f6 WHO ja muut viranomaiset k\u00e4ytt\u00e4v\u00e4t samoja arviointiperusteita.\u00a0T\u00e4llainen luokittelu helpottaa oikeanlaisen ilmansuodattimen valintaa kuhunkin k\u00e4ytt\u00f6kohteeseen.<\/p>\n<p><strong>Uusi luokittelu: ISO\u00a016890<\/strong><\/p>\n<p>Uudessa ISO\u00a016890\u00a0\u2011standardissa ilmansuodattimet jaetaan nelj\u00e4\u00e4n luokkaan. Kunkin luokan suodatinten on erotettava v\u00e4hint\u00e4\u00e4n 50\u00a0prosenttia kyseisest\u00e4 hiukkaskokoalueesta. Jos suodatin esimerkiksi erottaa yli 50\u00a0prosenttia PM1-hiukkasista, se luokitellaan ISO\u00a0ePM1\u00a0\u2011suodattimeksi. Suodattimen teho ilmoitetaan viiden prosentin tarkkuuteen py\u00f6ristettyn\u00e4.<\/p>\n<p>Uusi ISO-standardi luokittelee paitsi pienimm\u00e4t hiukkaskoot, my\u00f6s karkeampia hiukkasia erottelevat suodattimet, joiden luokitus on ISO\u00a0Coarse. T\u00e4h\u00e4n luokkaan lasketaan kuuluvaksi suodattimet, jotka erottelevat alle 50\u00a0prosenttia PM10-hiukkasista.<\/p>\n<h2>Mit\u00e4 PM1 tarkoittaa?<\/h2>\n<p>PM1 tarkoittaa kaikkea alle yhden mikrometrin (millimetrin tuhannesosa) kokoisia hiukkasia. Toisin sanoen:<\/p>\n<p>1\u00b5= 0.001mm (=PM1)<br \/>2.5\u00b5= 0.0025mm (=PM2.5)<br \/>10\u00b5= 0.01mm (=PM10)<\/p>\n<h2>Mit\u00e4 hiukkasmainen aines on?<\/h2>\n<p>Katso lyhyt video hiukkasmaisesta aineksesta t\u00e4\u00e4lt\u00e4:<\/p>\n<p><strong>ISO\u00a016890\u00a0\u2011luokittelu<\/strong><\/p>\n<p>Uuden ISO\u00a016890\u00a0\u2011standardin my\u00f6t\u00e4 luokittelussa huomioidaan entist\u00e4 paremmin my\u00f6s suodatinten todelliset k\u00e4ytt\u00f6olosuhteet. Kun aiemmin huomioitiin vain 0,4\u00a0mikrometrin kokoiset hiukkaset (EN\u00a0779:2012), uusi standardi huomioi 0,3\u201310\u00a0mikrometrin kokoisten hiukkasten erottelutehon, jonka perusteella suodattimet jaetaan luokkiin PM10, PM2,5 ja PM1 (ISO\u00a016890). Jotta ilmansuodatin voidaan luokitella tietyn PM-luokituksen mukaisesti, sen tehokkuuden on oltava v\u00e4hint\u00e4\u00e4n 50\u00a0% kyseisess\u00e4 luokassa. Teho kirjataan py\u00f6ristettyn\u00e4 l\u00e4himp\u00e4\u00e4n viiteen prosenttiin niin, ett\u00e4 jos suodattimen mitataan erottelevan 66\u00a0% PM1-hiukkasista, sen luokitus on ePM1\u00a065\u00a0%.<\/p>\n<p>Uudessa standardissa luokitellaan my\u00f6s alle 50\u00a0% PM10-hiukkasista erottelevat suodattimet. Niiden luokitus on \u201dISO Coarse\u201d, ja lis\u00e4ksi mainitaan PM10-hiukkasten erotusprosentti, esimerkiksi \u201cPM Coarse 45\u00a0%\u201d.<\/p>\n<h2>EN\u00a0779- ja ISO\u00a016890\u00a0\u2011luokkien vertailua<\/h2>\n<p>Vanhempia EN\u00a0779:2012\u00a0\u2011luokituksia ei voi suoraan verrata uusiin ISO\u00a016890\u00a0\u2011luokkiin, sill\u00e4 niiss\u00e4 k\u00e4ytet\u00e4\u00e4n hyvin erilaisia mittaus- ja arviointiperusteita. T\u00e4ll\u00e4 hetkell\u00e4 vertailutaulukkoa ei ole olemassa. Seuraavaa muuntotaulukkoa voi k\u00e4ytt\u00e4\u00e4 ohjeellisena t\u00e4ss\u00e4 vaiheessa.<\/p>\n<h2>ISO\u00a016890\u00a0\u2011standardin hy\u00f6dyt<\/h2>\n<p>Uudessa ISO\u00a016890\u00a0\u2011standardissa on useita parannuksia EN\u00a0779\u00a0\u2011standardiin verrattuna:<\/p>\n<ul>\n<li>Yhten\u00e4inen kansainv\u00e4linen standardi.<\/li>\n<li>ISO\u00a016890\u00a0\u2011standardissa suodattimen suorituskyky m\u00e4\u00e4ritet\u00e4\u00e4n 0,3\u201310\u00a0mikrometrin kokoisille hiukkasille, kun EN\u00a0779\u00a0\u2011standardi luokitteli pienhiukkasten erottelukyvyn 0,4\u00a0mikrometrin mukaan.<\/li>\n<li>Erotusasteet ennen ja j\u00e4lkeen s\u00e4hk\u00f6staattisen varauksen poistamiseksi suoritettua suodattimen kastamista isopropanolissa voidaan havaita.<\/li>\n<li>Suodatin voidaan valita k\u00e4ytt\u00f6kohteen tarpeita vastaavien suorituskykyominaisuuksien perusteella.<\/li>\n<\/ul>\n<p><a class=\"btn btn-default\" href=\"\/fi\/ota-yhteytta\/\" target=\"_blank\" rel=\"noopener noreferrer\"> Ota yhteytta <\/a><\/p>\n\n\n<div class=\"wp-block-buttons is-layout-flex wp-block-buttons-is-layout-flex\">\n<div class=\"wp-block-button\"><a class=\"wp-block-button__link\" href=\" \/fi\/ota-yhteytta\/\">Ota yhteytta<\/a><\/div>\n<\/div>\n\n\n\n<p><\/p>\n","protected":false},"excerpt":{"rendered":"<p>Uusi ISO\u00a016890\u00a0\u2011standardi on tullut voimaan ja korvannut aiemman EN\u00a0779:2012\u00a0\u2011standardin ilmansuodatinten testauksessa ja luokittelussa maailmanlaajuisesti. Uudessa ISO\u00a016890\u00a0\u2011standardissa ilmansuodatinten arviointiin on tullut huomattava muutos. Uusi ilmansuodatinten testausstandardi ISO\u00a016890 julkaistiin joulukuussa 2016. Syit\u00e4 uuteen ISO\u00a016890\u00a0\u2011suodatinstandardiin Uudessa ISO\u00a016890\u00a0\u2011standardissa suodatuksen suorituskyvyn testaamisessa keskityt\u00e4\u00e4n hiukkasmaisen aineksen kokoluokitteluun, mik\u00e4 tekee siit\u00e4 huomattavasti EN\u00a0779:2012\u00a0\u2011standardia realistisemman kriteerist\u00f6n. Mik\u00e4 muuttuu? Uuden ISO\u00a016890\u00a0\u2011standardin mukaan suodatinten tehokkuus [&hellip;]<\/p>\n","protected":false},"author":4,"featured_media":0,"parent":11608,"menu_order":0,"comment_status":"closed","ping_status":"closed","template":"","meta":{"_acf_changed":false,"footnotes":""},"class_list":["post-8454","page","type-page","status-publish","hentry"],"acf":[],"yoast_head":"<!-- This site is optimized with the Yoast SEO plugin v27.3 - https:\/\/yoast.com\/product\/yoast-seo-wordpress\/ -->\n<title>ISO 16890 korvaa nyt EN 779:2012 standardin - AFPRO<\/title>\n<meta name=\"robots\" content=\"index, follow, max-snippet:-1, max-image-preview:large, max-video-preview:-1\" \/>\n<link rel=\"canonical\" href=\"https:\/\/www.afprofilters.com\/fi\/asiantuntemus\/iso-16890-korvaa-nyt-en7792012-%e2%80%91standardin\/\" \/>\n<meta property=\"og:locale\" content=\"fi_FI\" \/>\n<meta property=\"og:type\" content=\"article\" \/>\n<meta property=\"og:title\" content=\"ISO 16890 korvaa nyt EN 779:2012 standardin - AFPRO\" \/>\n<meta property=\"og:description\" content=\"Uusi ISO\u00a016890\u00a0\u2011standardi on tullut voimaan ja korvannut aiemman EN\u00a0779:2012\u00a0\u2011standardin ilmansuodatinten testauksessa ja luokittelussa maailmanlaajuisesti. Uudessa ISO\u00a016890\u00a0\u2011standardissa ilmansuodatinten arviointiin on tullut huomattava muutos. Uusi ilmansuodatinten testausstandardi ISO\u00a016890 julkaistiin joulukuussa 2016. Syit\u00e4 uuteen ISO\u00a016890\u00a0\u2011suodatinstandardiin Uudessa ISO\u00a016890\u00a0\u2011standardissa suodatuksen suorituskyvyn testaamisessa keskityt\u00e4\u00e4n hiukkasmaisen aineksen kokoluokitteluun, mik\u00e4 tekee siit\u00e4 huomattavasti EN\u00a0779:2012\u00a0\u2011standardia realistisemman kriteerist\u00f6n. Mik\u00e4 muuttuu? Uuden ISO\u00a016890\u00a0\u2011standardin mukaan suodatinten tehokkuus [&hellip;]\" \/>\n<meta property=\"og:url\" content=\"https:\/\/www.afprofilters.com\/fi\/asiantuntemus\/iso-16890-korvaa-nyt-en7792012-%e2%80%91standardin\/\" \/>\n<meta property=\"og:site_name\" content=\"AFPRO\" \/>\n<meta property=\"article:modified_time\" content=\"2021-11-29T20:47:55+00:00\" \/>\n<meta name=\"twitter:card\" content=\"summary_large_image\" \/>\n<meta name=\"twitter:label1\" content=\"Est. reading time\" \/>\n\t<meta name=\"twitter:data1\" content=\"2 minutes\" \/>\n<script type=\"application\/ld+json\" class=\"yoast-schema-graph\">{\"@context\":\"https:\\\/\\\/schema.org\",\"@graph\":[{\"@type\":\"WebPage\",\"@id\":\"https:\\\/\\\/www.afprofilters.com\\\/fi\\\/asiantuntemus\\\/iso-16890-korvaa-nyt-en7792012-%e2%80%91standardin\\\/\",\"url\":\"https:\\\/\\\/www.afprofilters.com\\\/fi\\\/asiantuntemus\\\/iso-16890-korvaa-nyt-en7792012-%e2%80%91standardin\\\/\",\"name\":\"ISO 16890 korvaa nyt EN 779:2012 standardin - AFPRO\",\"isPartOf\":{\"@id\":\"https:\\\/\\\/www.afprofilters.com\\\/fi\\\/#website\"},\"datePublished\":\"2018-05-04T13:44:55+00:00\",\"dateModified\":\"2021-11-29T20:47:55+00:00\",\"breadcrumb\":{\"@id\":\"https:\\\/\\\/www.afprofilters.com\\\/fi\\\/asiantuntemus\\\/iso-16890-korvaa-nyt-en7792012-%e2%80%91standardin\\\/#breadcrumb\"},\"inLanguage\":\"fi-FI\",\"potentialAction\":[{\"@type\":\"ReadAction\",\"target\":[\"https:\\\/\\\/www.afprofilters.com\\\/fi\\\/asiantuntemus\\\/iso-16890-korvaa-nyt-en7792012-%e2%80%91standardin\\\/\"]}]},{\"@type\":\"BreadcrumbList\",\"@id\":\"https:\\\/\\\/www.afprofilters.com\\\/fi\\\/asiantuntemus\\\/iso-16890-korvaa-nyt-en7792012-%e2%80%91standardin\\\/#breadcrumb\",\"itemListElement\":[{\"@type\":\"ListItem\",\"position\":1,\"name\":\"\",\"item\":\"https:\\\/\\\/www.afprofilters.com\\\/fi\\\/\"},{\"@type\":\"ListItem\",\"position\":2,\"name\":\"Asiantuntemus\",\"item\":\"https:\\\/\\\/www.afprofilters.com\\\/fi\\\/asiantuntemus\\\/\"},{\"@type\":\"ListItem\",\"position\":3,\"name\":\"ISO 16890 korvaa nyt EN 779:2012 standardin\"}]},{\"@type\":\"WebSite\",\"@id\":\"https:\\\/\\\/www.afprofilters.com\\\/fi\\\/#website\",\"url\":\"https:\\\/\\\/www.afprofilters.com\\\/fi\\\/\",\"name\":\"AFPRO\",\"description\":\"AFPRO Filters\",\"publisher\":{\"@id\":\"https:\\\/\\\/www.afprofilters.com\\\/fi\\\/#organization\"},\"potentialAction\":[{\"@type\":\"SearchAction\",\"target\":{\"@type\":\"EntryPoint\",\"urlTemplate\":\"https:\\\/\\\/www.afprofilters.com\\\/fi\\\/?s={search_term_string}\"},\"query-input\":{\"@type\":\"PropertyValueSpecification\",\"valueRequired\":true,\"valueName\":\"search_term_string\"}}],\"inLanguage\":\"fi-FI\"},{\"@type\":\"Organization\",\"@id\":\"https:\\\/\\\/www.afprofilters.com\\\/fi\\\/#organization\",\"name\":\"AFPRO\",\"url\":\"https:\\\/\\\/www.afprofilters.com\\\/fi\\\/\",\"logo\":{\"@type\":\"ImageObject\",\"inLanguage\":\"fi-FI\",\"@id\":\"https:\\\/\\\/www.afprofilters.com\\\/fi\\\/#\\\/schema\\\/logo\\\/image\\\/\",\"url\":\"https:\\\/\\\/www.afprofilters.com\\\/wp-content\\\/uploads\\\/2021\\\/05\\\/AFPRO-logo.png\",\"contentUrl\":\"https:\\\/\\\/www.afprofilters.com\\\/wp-content\\\/uploads\\\/2021\\\/05\\\/AFPRO-logo.png\",\"width\":640,\"height\":177,\"caption\":\"AFPRO\"},\"image\":{\"@id\":\"https:\\\/\\\/www.afprofilters.com\\\/fi\\\/#\\\/schema\\\/logo\\\/image\\\/\"}}]}<\/script>\n<!-- \/ Yoast SEO plugin. -->","yoast_head_json":{"title":"ISO 16890 korvaa nyt EN 779:2012 standardin - AFPRO","robots":{"index":"index","follow":"follow","max-snippet":"max-snippet:-1","max-image-preview":"max-image-preview:large","max-video-preview":"max-video-preview:-1"},"canonical":"https:\/\/www.afprofilters.com\/fi\/asiantuntemus\/iso-16890-korvaa-nyt-en7792012-%e2%80%91standardin\/","og_locale":"fi_FI","og_type":"article","og_title":"ISO 16890 korvaa nyt EN 779:2012 standardin - AFPRO","og_description":"Uusi ISO\u00a016890\u00a0\u2011standardi on tullut voimaan ja korvannut aiemman EN\u00a0779:2012\u00a0\u2011standardin ilmansuodatinten testauksessa ja luokittelussa maailmanlaajuisesti. Uudessa ISO\u00a016890\u00a0\u2011standardissa ilmansuodatinten arviointiin on tullut huomattava muutos. Uusi ilmansuodatinten testausstandardi ISO\u00a016890 julkaistiin joulukuussa 2016. Syit\u00e4 uuteen ISO\u00a016890\u00a0\u2011suodatinstandardiin Uudessa ISO\u00a016890\u00a0\u2011standardissa suodatuksen suorituskyvyn testaamisessa keskityt\u00e4\u00e4n hiukkasmaisen aineksen kokoluokitteluun, mik\u00e4 tekee siit\u00e4 huomattavasti EN\u00a0779:2012\u00a0\u2011standardia realistisemman kriteerist\u00f6n. Mik\u00e4 muuttuu? Uuden ISO\u00a016890\u00a0\u2011standardin mukaan suodatinten tehokkuus [&hellip;]","og_url":"https:\/\/www.afprofilters.com\/fi\/asiantuntemus\/iso-16890-korvaa-nyt-en7792012-%e2%80%91standardin\/","og_site_name":"AFPRO","article_modified_time":"2021-11-29T20:47:55+00:00","twitter_card":"summary_large_image","twitter_misc":{"Est. reading time":"2 minutes"},"schema":{"@context":"https:\/\/schema.org","@graph":[{"@type":"WebPage","@id":"https:\/\/www.afprofilters.com\/fi\/asiantuntemus\/iso-16890-korvaa-nyt-en7792012-%e2%80%91standardin\/","url":"https:\/\/www.afprofilters.com\/fi\/asiantuntemus\/iso-16890-korvaa-nyt-en7792012-%e2%80%91standardin\/","name":"ISO 16890 korvaa nyt EN 779:2012 standardin - AFPRO","isPartOf":{"@id":"https:\/\/www.afprofilters.com\/fi\/#website"},"datePublished":"2018-05-04T13:44:55+00:00","dateModified":"2021-11-29T20:47:55+00:00","breadcrumb":{"@id":"https:\/\/www.afprofilters.com\/fi\/asiantuntemus\/iso-16890-korvaa-nyt-en7792012-%e2%80%91standardin\/#breadcrumb"},"inLanguage":"fi-FI","potentialAction":[{"@type":"ReadAction","target":["https:\/\/www.afprofilters.com\/fi\/asiantuntemus\/iso-16890-korvaa-nyt-en7792012-%e2%80%91standardin\/"]}]},{"@type":"BreadcrumbList","@id":"https:\/\/www.afprofilters.com\/fi\/asiantuntemus\/iso-16890-korvaa-nyt-en7792012-%e2%80%91standardin\/#breadcrumb","itemListElement":[{"@type":"ListItem","position":1,"name":"","item":"https:\/\/www.afprofilters.com\/fi\/"},{"@type":"ListItem","position":2,"name":"Asiantuntemus","item":"https:\/\/www.afprofilters.com\/fi\/asiantuntemus\/"},{"@type":"ListItem","position":3,"name":"ISO 16890 korvaa nyt EN 779:2012 standardin"}]},{"@type":"WebSite","@id":"https:\/\/www.afprofilters.com\/fi\/#website","url":"https:\/\/www.afprofilters.com\/fi\/","name":"AFPRO","description":"AFPRO Filters","publisher":{"@id":"https:\/\/www.afprofilters.com\/fi\/#organization"},"potentialAction":[{"@type":"SearchAction","target":{"@type":"EntryPoint","urlTemplate":"https:\/\/www.afprofilters.com\/fi\/?s={search_term_string}"},"query-input":{"@type":"PropertyValueSpecification","valueRequired":true,"valueName":"search_term_string"}}],"inLanguage":"fi-FI"},{"@type":"Organization","@id":"https:\/\/www.afprofilters.com\/fi\/#organization","name":"AFPRO","url":"https:\/\/www.afprofilters.com\/fi\/","logo":{"@type":"ImageObject","inLanguage":"fi-FI","@id":"https:\/\/www.afprofilters.com\/fi\/#\/schema\/logo\/image\/","url":"https:\/\/www.afprofilters.com\/wp-content\/uploads\/2021\/05\/AFPRO-logo.png","contentUrl":"https:\/\/www.afprofilters.com\/wp-content\/uploads\/2021\/05\/AFPRO-logo.png","width":640,"height":177,"caption":"AFPRO"},"image":{"@id":"https:\/\/www.afprofilters.com\/fi\/#\/schema\/logo\/image\/"}}]}},"_links":{"self":[{"href":"https:\/\/www.afprofilters.com\/fi\/wp-json\/wp\/v2\/pages\/8454","targetHints":{"allow":["GET"]}}],"collection":[{"href":"https:\/\/www.afprofilters.com\/fi\/wp-json\/wp\/v2\/pages"}],"about":[{"href":"https:\/\/www.afprofilters.com\/fi\/wp-json\/wp\/v2\/types\/page"}],"author":[{"embeddable":true,"href":"https:\/\/www.afprofilters.com\/fi\/wp-json\/wp\/v2\/users\/4"}],"replies":[{"embeddable":true,"href":"https:\/\/www.afprofilters.com\/fi\/wp-json\/wp\/v2\/comments?post=8454"}],"version-history":[{"count":0,"href":"https:\/\/www.afprofilters.com\/fi\/wp-json\/wp\/v2\/pages\/8454\/revisions"}],"up":[{"embeddable":true,"href":"https:\/\/www.afprofilters.com\/fi\/wp-json\/wp\/v2\/pages\/11608"}],"wp:attachment":[{"href":"https:\/\/www.afprofilters.com\/fi\/wp-json\/wp\/v2\/media?parent=8454"}],"curies":[{"name":"wp","href":"https:\/\/api.w.org\/{rel}","templated":true}]}}