{"id":8445,"date":"2018-05-04T13:20:31","date_gmt":"2018-05-04T13:20:31","guid":{"rendered":"https:\/\/www.afprofilters.com\/?page_id=8445"},"modified":"2024-04-02T15:07:17","modified_gmt":"2024-04-02T15:07:17","slug":"tuotteet","status":"publish","type":"page","link":"https:\/\/www.afprofilters.com\/fi\/tuotteet\/","title":{"rendered":"Tuotteet"},"content":{"rendered":"\n<figure class=\"wp-block-image size-large is-resized\"><a href=\"http:\/\/www.afprofilters.com\/wp-content\/uploads\/2023\/05\/Tuotekuvasto-FIN-AFPRO-online-2.pdf\"><img loading=\"lazy\" decoding=\"async\" width=\"100\" height=\"100\" src=\"http:\/\/www.afprofilters.com\/wp-content\/uploads\/\/2021\/07\/catalogue.svg\" alt=\"\" class=\"wp-image-27512\" style=\"width:131px;height:auto\" \/><\/a><figcaption class=\"wp-element-caption\"><a href=\"http:\/\/www.afprofilters.com\/wp-content\/uploads\/2023\/05\/Tuotekuvasto-FIN-AFPRO-online-2.pdf\">TUOTEKUVASTO<\/a><\/figcaption><\/figure>\n\n\n<h2>AFPRO FILTERS \u2011SUODATINTEN TEHO<\/h2>\n<p>Kaikki palvelumme perustuvat seuraaville ydinarvoille: laatu, kest\u00e4vyys, innovatiivisuus ja toimitusvarmuus. AFPRO Filters on suodatintoimittaja, jonka valitsemalla saat hyvi\u00e4 neuvoja ja luotettavat toimitukset, ja s\u00e4\u00e4st\u00e4t jopa selv\u00e4\u00e4 rahaa.<\/p>\n<h2>Laatu<\/h2>\n<p>AFPRO Filters valmistaa kaikki p\u00e4\u00e4tuotteensa itse, joten tuotteiden laatu ja tuleva saatavuus on taattu. AFPRO toimittaa suodattimia my\u00f6s mittojen mukaan tehtyn\u00e4. AFPROn tuotevalikoima jakautuu vakiotuotteisiin ja erikoistuotteisiin, mink\u00e4 ansiosta voimme tarjota perustuotteita edullisin hinnoin ja erikoistuotteita nopealla toimituksella.<\/p>\n<h2>Kest\u00e4vyys<\/h2>\n<p>Meille AFPRO Filtersill\u00e4 tuotteiden kest\u00e4v\u00e4 valmistaminen on itsest\u00e4\u00e4n selv\u00e4\u00e4. K\u00e4yt\u00e4mme raaka-aineita vastuullisesti ja huomioimme niiden ymp\u00e4rist\u00f6vaikutukset my\u00f6s tuotantoketjun my\u00f6hemmiss\u00e4 vaiheissa. Suurin osa tuotteistamme valmistetaan materiaaleista, jotka voidaan kokonaisuudessaan polttaa turvallisesti niin, ettei prosessista synny haitallisia aineita. AFPRO Filtersin suodattimissa on my\u00f6s kiinnitetty huomiota ilmanvastuksen v\u00e4hent\u00e4miseen, mik\u00e4 voi v\u00e4hent\u00e4\u00e4 suodatinten energiankulutusta huomattavasti.<\/p>\n<h2>Innovatiivisuus<\/h2>\n<p>AFPRO Filtersill\u00e4 on omia laboratorioita, jotka vastaavat sek\u00e4 meille saapuvien tuotteiden ett\u00e4 valmiiden, asiakkaille toimitettavien tuotteiden tarkistamisesta. Nykyisiin tuotteisiimme innovoidaan jatkuvasti parannuksia, mutta sen lis\u00e4ksi tuomme jatkuvasti markkinoille my\u00f6s uusia tuotteita, kuten energiatehokkaita suodattimia. Palveluvalikoimaamme kuuluu my\u00f6s asiakkaidemme k\u00e4ytt\u00e4mien nykyisten ilmansuodatinten analysointi ja parannusehdotusten teko niiden toiminnan tehostamiseksi.<\/p>\n<h2>Toimitusvarmuus<\/h2>\n<p>AFPRO Filtersin asiakastyytyv\u00e4isyyskyselyiss\u00e4 logistiikka ja toimitusajat ovat saaneet hyv\u00e4\u00e4 palautetta. Laaja logistiikkaverkostomme kattaa my\u00f6s t\u00e4ydet seurantatoiminnot. Saat halutessasi tietoja tilauksesi tilasta milloin tahansa. Pid\u00e4mme kiinni sovitusta, ja teemmekin kaikkemme toimittaaksemme tuotteet sovitussa aikataulussa. AFPRO Filters k\u00e4ytt\u00e4\u00e4 vain luotettavia kuljetusalan yhteisty\u00f6kumppaneita, joten voit luottaa siihen, ett\u00e4 toimitukset tulevat perille ajoissa ja t\u00e4ydellisess\u00e4 kunnossa.<\/p>\n<h2>ISO\u00a016890\u00a0\u2011STANDARDIN MUKAISEN PM1-SUODATUKSEN JA -SUODATTIMEN MERKITYS<\/h2>\n<p>T\u00e4ss\u00e4 haastattelussa AFPRO Filtersin varatoimitusjohtaja Joost Verlaan selitt\u00e4\u00e4 ISO\u00a016890\u00a0\u2011standardin mukaisen PM1-suodatuksen ja -suodattimen merkityksen.<\/p>\n<p>Jos haluat lis\u00e4tietoja PM1:st\u00e4, ISO\u00a016890\u00a0\u2011standardista, hiukkasmaisesta aineksesta tai energiaa s\u00e4\u00e4st\u00e4vist\u00e4 ilmansuodattimista, <a href=\"\/fi\/ota-yhteytta\/\">ota rohkeasti yhteytt\u00e4<\/a>.<\/p>\n<\/p>","protected":false},"excerpt":{"rendered":"<p>AFPRO FILTERS \u2011SUODATINTEN TEHO Kaikki palvelumme perustuvat seuraaville ydinarvoille: laatu, kest\u00e4vyys, innovatiivisuus ja toimitusvarmuus. AFPRO Filters on suodatintoimittaja, jonka valitsemalla saat hyvi\u00e4 neuvoja ja luotettavat toimitukset, ja s\u00e4\u00e4st\u00e4t jopa selv\u00e4\u00e4 rahaa. Laatu AFPRO Filters valmistaa kaikki p\u00e4\u00e4tuotteensa itse, joten tuotteiden laatu ja tuleva saatavuus on taattu. AFPRO toimittaa suodattimia my\u00f6s mittojen mukaan tehtyn\u00e4. AFPROn tuotevalikoima [&hellip;]<\/p>\n","protected":false},"author":4,"featured_media":0,"parent":0,"menu_order":0,"comment_status":"closed","ping_status":"closed","template":"page-products.php","meta":{"_acf_changed":false,"footnotes":""},"class_list":["post-8445","page","type-page","status-publish","hentry"],"acf":[],"yoast_head":"<!-- This site is optimized with the Yoast SEO plugin v27.3 - https:\/\/yoast.com\/product\/yoast-seo-wordpress\/ -->\n<title>Tuotteet - AFPRO<\/title>\n<meta name=\"robots\" content=\"index, follow, max-snippet:-1, max-image-preview:large, max-video-preview:-1\" \/>\n<link rel=\"canonical\" href=\"https:\/\/www.afprofilters.com\/fi\/tuotteet\/\" \/>\n<meta property=\"og:locale\" content=\"fi_FI\" \/>\n<meta property=\"og:type\" content=\"article\" \/>\n<meta property=\"og:title\" content=\"Tuotteet - AFPRO\" \/>\n<meta property=\"og:description\" content=\"AFPRO FILTERS \u2011SUODATINTEN TEHO Kaikki palvelumme perustuvat seuraaville ydinarvoille: laatu, kest\u00e4vyys, innovatiivisuus ja toimitusvarmuus. AFPRO Filters on suodatintoimittaja, jonka valitsemalla saat hyvi\u00e4 neuvoja ja luotettavat toimitukset, ja s\u00e4\u00e4st\u00e4t jopa selv\u00e4\u00e4 rahaa. Laatu AFPRO Filters valmistaa kaikki p\u00e4\u00e4tuotteensa itse, joten tuotteiden laatu ja tuleva saatavuus on taattu. AFPRO toimittaa suodattimia my\u00f6s mittojen mukaan tehtyn\u00e4. AFPROn tuotevalikoima [&hellip;]\" \/>\n<meta property=\"og:url\" content=\"https:\/\/www.afprofilters.com\/fi\/tuotteet\/\" \/>\n<meta property=\"og:site_name\" content=\"AFPRO\" \/>\n<meta property=\"article:modified_time\" content=\"2024-04-02T15:07:17+00:00\" \/>\n<meta property=\"og:image\" content=\"http:\/\/www.afprofilters.com\/wp-content\/uploads\/\/2021\/07\/catalogue.svg\" \/>\n<meta name=\"twitter:card\" content=\"summary_large_image\" \/>\n<meta name=\"twitter:label1\" content=\"Est. reading time\" \/>\n\t<meta name=\"twitter:data1\" content=\"2 minutes\" \/>\n<script type=\"application\/ld+json\" class=\"yoast-schema-graph\">{\"@context\":\"https:\\\/\\\/schema.org\",\"@graph\":[{\"@type\":\"WebPage\",\"@id\":\"https:\\\/\\\/www.afprofilters.com\\\/fi\\\/tuotteet\\\/\",\"url\":\"https:\\\/\\\/www.afprofilters.com\\\/fi\\\/tuotteet\\\/\",\"name\":\"Tuotteet - AFPRO\",\"isPartOf\":{\"@id\":\"https:\\\/\\\/www.afprofilters.com\\\/fi\\\/#website\"},\"primaryImageOfPage\":{\"@id\":\"https:\\\/\\\/www.afprofilters.com\\\/fi\\\/tuotteet\\\/#primaryimage\"},\"image\":{\"@id\":\"https:\\\/\\\/www.afprofilters.com\\\/fi\\\/tuotteet\\\/#primaryimage\"},\"thumbnailUrl\":\"http:\\\/\\\/www.afprofilters.com\\\/wp-content\\\/uploads\\\/\\\/2021\\\/07\\\/catalogue.svg\",\"datePublished\":\"2018-05-04T13:20:31+00:00\",\"dateModified\":\"2024-04-02T15:07:17+00:00\",\"breadcrumb\":{\"@id\":\"https:\\\/\\\/www.afprofilters.com\\\/fi\\\/tuotteet\\\/#breadcrumb\"},\"inLanguage\":\"fi-FI\",\"potentialAction\":[{\"@type\":\"ReadAction\",\"target\":[\"https:\\\/\\\/www.afprofilters.com\\\/fi\\\/tuotteet\\\/\"]}]},{\"@type\":\"ImageObject\",\"inLanguage\":\"fi-FI\",\"@id\":\"https:\\\/\\\/www.afprofilters.com\\\/fi\\\/tuotteet\\\/#primaryimage\",\"url\":\"http:\\\/\\\/www.afprofilters.com\\\/wp-content\\\/uploads\\\/\\\/2021\\\/07\\\/catalogue.svg\",\"contentUrl\":\"http:\\\/\\\/www.afprofilters.com\\\/wp-content\\\/uploads\\\/\\\/2021\\\/07\\\/catalogue.svg\"},{\"@type\":\"BreadcrumbList\",\"@id\":\"https:\\\/\\\/www.afprofilters.com\\\/fi\\\/tuotteet\\\/#breadcrumb\",\"itemListElement\":[{\"@type\":\"ListItem\",\"position\":1,\"name\":\"\",\"item\":\"https:\\\/\\\/www.afprofilters.com\\\/fi\\\/\"},{\"@type\":\"ListItem\",\"position\":2,\"name\":\"Tuotteet\"}]},{\"@type\":\"WebSite\",\"@id\":\"https:\\\/\\\/www.afprofilters.com\\\/fi\\\/#website\",\"url\":\"https:\\\/\\\/www.afprofilters.com\\\/fi\\\/\",\"name\":\"AFPRO\",\"description\":\"AFPRO Filters\",\"publisher\":{\"@id\":\"https:\\\/\\\/www.afprofilters.com\\\/fi\\\/#organization\"},\"potentialAction\":[{\"@type\":\"SearchAction\",\"target\":{\"@type\":\"EntryPoint\",\"urlTemplate\":\"https:\\\/\\\/www.afprofilters.com\\\/fi\\\/?s={search_term_string}\"},\"query-input\":{\"@type\":\"PropertyValueSpecification\",\"valueRequired\":true,\"valueName\":\"search_term_string\"}}],\"inLanguage\":\"fi-FI\"},{\"@type\":\"Organization\",\"@id\":\"https:\\\/\\\/www.afprofilters.com\\\/fi\\\/#organization\",\"name\":\"AFPRO\",\"url\":\"https:\\\/\\\/www.afprofilters.com\\\/fi\\\/\",\"logo\":{\"@type\":\"ImageObject\",\"inLanguage\":\"fi-FI\",\"@id\":\"https:\\\/\\\/www.afprofilters.com\\\/fi\\\/#\\\/schema\\\/logo\\\/image\\\/\",\"url\":\"https:\\\/\\\/www.afprofilters.com\\\/wp-content\\\/uploads\\\/2021\\\/05\\\/AFPRO-logo.png\",\"contentUrl\":\"https:\\\/\\\/www.afprofilters.com\\\/wp-content\\\/uploads\\\/2021\\\/05\\\/AFPRO-logo.png\",\"width\":640,\"height\":177,\"caption\":\"AFPRO\"},\"image\":{\"@id\":\"https:\\\/\\\/www.afprofilters.com\\\/fi\\\/#\\\/schema\\\/logo\\\/image\\\/\"}}]}<\/script>\n<!-- \/ Yoast SEO plugin. -->","yoast_head_json":{"title":"Tuotteet - AFPRO","robots":{"index":"index","follow":"follow","max-snippet":"max-snippet:-1","max-image-preview":"max-image-preview:large","max-video-preview":"max-video-preview:-1"},"canonical":"https:\/\/www.afprofilters.com\/fi\/tuotteet\/","og_locale":"fi_FI","og_type":"article","og_title":"Tuotteet - AFPRO","og_description":"AFPRO FILTERS \u2011SUODATINTEN TEHO Kaikki palvelumme perustuvat seuraaville ydinarvoille: laatu, kest\u00e4vyys, innovatiivisuus ja toimitusvarmuus. AFPRO Filters on suodatintoimittaja, jonka valitsemalla saat hyvi\u00e4 neuvoja ja luotettavat toimitukset, ja s\u00e4\u00e4st\u00e4t jopa selv\u00e4\u00e4 rahaa. Laatu AFPRO Filters valmistaa kaikki p\u00e4\u00e4tuotteensa itse, joten tuotteiden laatu ja tuleva saatavuus on taattu. AFPRO toimittaa suodattimia my\u00f6s mittojen mukaan tehtyn\u00e4. AFPROn tuotevalikoima [&hellip;]","og_url":"https:\/\/www.afprofilters.com\/fi\/tuotteet\/","og_site_name":"AFPRO","article_modified_time":"2024-04-02T15:07:17+00:00","og_image":[{"url":"http:\/\/www.afprofilters.com\/wp-content\/uploads\/\/2021\/07\/catalogue.svg","type":"","width":"","height":""}],"twitter_card":"summary_large_image","twitter_misc":{"Est. reading time":"2 minutes"},"schema":{"@context":"https:\/\/schema.org","@graph":[{"@type":"WebPage","@id":"https:\/\/www.afprofilters.com\/fi\/tuotteet\/","url":"https:\/\/www.afprofilters.com\/fi\/tuotteet\/","name":"Tuotteet - AFPRO","isPartOf":{"@id":"https:\/\/www.afprofilters.com\/fi\/#website"},"primaryImageOfPage":{"@id":"https:\/\/www.afprofilters.com\/fi\/tuotteet\/#primaryimage"},"image":{"@id":"https:\/\/www.afprofilters.com\/fi\/tuotteet\/#primaryimage"},"thumbnailUrl":"http:\/\/www.afprofilters.com\/wp-content\/uploads\/\/2021\/07\/catalogue.svg","datePublished":"2018-05-04T13:20:31+00:00","dateModified":"2024-04-02T15:07:17+00:00","breadcrumb":{"@id":"https:\/\/www.afprofilters.com\/fi\/tuotteet\/#breadcrumb"},"inLanguage":"fi-FI","potentialAction":[{"@type":"ReadAction","target":["https:\/\/www.afprofilters.com\/fi\/tuotteet\/"]}]},{"@type":"ImageObject","inLanguage":"fi-FI","@id":"https:\/\/www.afprofilters.com\/fi\/tuotteet\/#primaryimage","url":"http:\/\/www.afprofilters.com\/wp-content\/uploads\/\/2021\/07\/catalogue.svg","contentUrl":"http:\/\/www.afprofilters.com\/wp-content\/uploads\/\/2021\/07\/catalogue.svg"},{"@type":"BreadcrumbList","@id":"https:\/\/www.afprofilters.com\/fi\/tuotteet\/#breadcrumb","itemListElement":[{"@type":"ListItem","position":1,"name":"","item":"https:\/\/www.afprofilters.com\/fi\/"},{"@type":"ListItem","position":2,"name":"Tuotteet"}]},{"@type":"WebSite","@id":"https:\/\/www.afprofilters.com\/fi\/#website","url":"https:\/\/www.afprofilters.com\/fi\/","name":"AFPRO","description":"AFPRO Filters","publisher":{"@id":"https:\/\/www.afprofilters.com\/fi\/#organization"},"potentialAction":[{"@type":"SearchAction","target":{"@type":"EntryPoint","urlTemplate":"https:\/\/www.afprofilters.com\/fi\/?s={search_term_string}"},"query-input":{"@type":"PropertyValueSpecification","valueRequired":true,"valueName":"search_term_string"}}],"inLanguage":"fi-FI"},{"@type":"Organization","@id":"https:\/\/www.afprofilters.com\/fi\/#organization","name":"AFPRO","url":"https:\/\/www.afprofilters.com\/fi\/","logo":{"@type":"ImageObject","inLanguage":"fi-FI","@id":"https:\/\/www.afprofilters.com\/fi\/#\/schema\/logo\/image\/","url":"https:\/\/www.afprofilters.com\/wp-content\/uploads\/2021\/05\/AFPRO-logo.png","contentUrl":"https:\/\/www.afprofilters.com\/wp-content\/uploads\/2021\/05\/AFPRO-logo.png","width":640,"height":177,"caption":"AFPRO"},"image":{"@id":"https:\/\/www.afprofilters.com\/fi\/#\/schema\/logo\/image\/"}}]}},"_links":{"self":[{"href":"https:\/\/www.afprofilters.com\/fi\/wp-json\/wp\/v2\/pages\/8445","targetHints":{"allow":["GET"]}}],"collection":[{"href":"https:\/\/www.afprofilters.com\/fi\/wp-json\/wp\/v2\/pages"}],"about":[{"href":"https:\/\/www.afprofilters.com\/fi\/wp-json\/wp\/v2\/types\/page"}],"author":[{"embeddable":true,"href":"https:\/\/www.afprofilters.com\/fi\/wp-json\/wp\/v2\/users\/4"}],"replies":[{"embeddable":true,"href":"https:\/\/www.afprofilters.com\/fi\/wp-json\/wp\/v2\/comments?post=8445"}],"version-history":[{"count":0,"href":"https:\/\/www.afprofilters.com\/fi\/wp-json\/wp\/v2\/pages\/8445\/revisions"}],"wp:attachment":[{"href":"https:\/\/www.afprofilters.com\/fi\/wp-json\/wp\/v2\/media?parent=8445"}],"curies":[{"name":"wp","href":"https:\/\/api.w.org\/{rel}","templated":true}]}}