{"id":37911,"date":"2024-11-08T13:51:25","date_gmt":"2024-11-08T13:51:25","guid":{"rendered":"https:\/\/www.afprofilters.com\/?page_id=37911"},"modified":"2026-03-30T16:31:36","modified_gmt":"2026-03-30T16:31:36","slug":"ymparistoseloste-epd","status":"publish","type":"page","link":"https:\/\/www.afprofilters.com\/fi\/tietoja-meista\/ymparistoseloste-epd\/","title":{"rendered":"Ymp\u00e4rist\u00f6seloste (EPD)"},"content":{"rendered":"\n<p>Tarjoamme tuotteillemme ymp\u00e4rist\u00f6selosteet (EPD) l\u00e4pin\u00e4kyv\u00e4sti ilmoittaaksemme niiden ymp\u00e4rist\u00f6vaikutukset.<\/p>\n\n\n\n<h3 class=\"wp-block-heading\"><strong>Mik\u00e4 on EPD?<\/strong><\/h3>\n\n\n\n<p>Ymp\u00e4rist\u00f6selosteet (EPD) ovat asiakirjoja, jotka tarjoavat yksityiskohtaista tietoa tuotteiden ymp\u00e4rist\u00f6vaikutuksista niiden koko elinkaaren ajalta. N\u00e4m\u00e4 selosteet perustuvat toistettaviin LCA-laskelmiin (elinkaariarviointi) ja noudattavat ISO-standardeja, mik\u00e4 takaa niiden luotettavuuden ja uskottavuuden.<\/p>\n\n\n\n<h3 class=\"wp-block-heading\"><strong>Miksi EPD ovat niin t\u00e4rkeit\u00e4?<\/strong><\/h3>\n\n\n\n<p>Yh\u00e4 vastuullisemmassa maailmassa EPD \u00e4 on keskeinen rooli yritysten ja kuluttajien p\u00e4\u00e4t\u00f6ksenteossa. Ne tarjoavat l\u00e4pin\u00e4kyvyytt\u00e4 tuotteiden ymp\u00e4rist\u00f6vaikutuksista.<\/p>\n\n\n\n<h3 class=\"wp-block-heading\"><strong>EPD suodattimillemme mahdollistavat seuraavaa:<\/strong><\/h3>\n\n\n\n<ul class=\"wp-block-list\">\n<li><strong>Ymp\u00e4rist\u00f6vaikutusten arviointi :<\/strong> EPD tarjoavat m\u00e4\u00e4r\u00e4llist\u00e4 tietoa muun muassa resurssien k\u00e4yt\u00f6st\u00e4, kasvihuonekaasup\u00e4\u00e4st\u00f6ist\u00e4 ja energiankulutuksesta.<\/li>\n\n\n\n<li><strong>Tuotteiden vertailu :<\/strong> EPD avulla yritykset voivat helposti verrata eri tuotteiden ymp\u00e4rist\u00f6suorituskyky\u00e4 ja valita kest\u00e4v\u00e4mpi\u00e4 vaihtoehtoja.<\/li>\n\n\n\n<li><strong>Kest\u00e4vyyden parantaminen :<\/strong> Yritykset hy\u00f6dynt\u00e4v\u00e4t EPD tietoja tunnistaakseen kehityskohteita ja luodakseen ymp\u00e4rist\u00f6yst\u00e4v\u00e4llisempi\u00e4 tuotteita.<\/li>\n<\/ul>\n\n\n\n<h3 class=\"wp-block-heading\"><strong>Miten p\u00e4\u00e4set k\u00e4siksi EPD?<\/strong><\/h3>\n\n\n\n<p>Tarjoamme tuotteidemme EPD verkkosivustollamme. Voit tutustua selosteisiin siirtym\u00e4ll\u00e4 tuoteosioon. Jokainen EPD on ladattavissa, jotta voit helposti saada tarvitsemasi tiedot.<\/p>\n\n\n\n<div style=\"height:24px\" aria-hidden=\"true\" class=\"wp-block-spacer\"><\/div>\n\n\n\n<h4 class=\"wp-block-heading\"><em>Esimerkki:<\/em> <strong><em>HPQ85-A-ilmansuodattimen EPD<\/em><\/strong><\/h4>\n\n\n\n<p><em>Olemme laatineet yksityiskohtaisen EPD HPQ85-A V-Bank ePM1 60% -ilmansuodattimelle. T\u00e4m\u00e4 EPD tarjoaa kattavaa tietoa suodattimen ymp\u00e4rist\u00f6suorituskyvyst\u00e4, mukaan lukien:<\/em><\/p>\n\n\n\n<p><em>HPQ-sarjan kompaktisuodattimet<\/em><\/p>\n\n\n<div class=\"wp-block-image\">\n<figure class=\"alignright size-large is-resized\"><img loading=\"lazy\" decoding=\"async\" width=\"1024\" height=\"1008\" src=\"http:\/\/www.afprofilters.com\/wp-content\/uploads\/2024\/10\/HPQ-A-1024x1008.jpg\" alt=\"HPQ sarjan kompaktisuodattimet\" class=\"wp-image-37753\" style=\"width:174px\" srcset=\"https:\/\/www.afprofilters.com\/wp-content\/uploads\/2024\/10\/HPQ-A-1024x1008.jpg 1024w, https:\/\/www.afprofilters.com\/wp-content\/uploads\/2024\/10\/HPQ-A-300x295.jpg 300w, https:\/\/www.afprofilters.com\/wp-content\/uploads\/2024\/10\/HPQ-A-768x756.jpg 768w, https:\/\/www.afprofilters.com\/wp-content\/uploads\/2024\/10\/HPQ-A-1536x1512.jpg 1536w, https:\/\/www.afprofilters.com\/wp-content\/uploads\/2024\/10\/HPQ-A.jpg 2032w\" sizes=\"auto, (max-width: 1024px) 100vw, 1024px\" \/><\/figure>\n<\/div>\n\n\n<ul class=\"wp-block-list\">\n<li><em><strong>Yleiset tiedot :<\/strong> Standardit, julkaisup\u00e4iv\u00e4m\u00e4\u00e4r\u00e4, voimassaoloaika ja rekister\u00f6intinumero.<\/em><\/li>\n\n\n\n<li><em><strong>Tuotetiedot :<\/strong> Nimi, kuvaus, tekniset tiedot ja luokittelukoodit.<\/em><\/li>\n\n\n\n<li><em><strong>Elinkaariarviointi :<\/strong> Funktionaalinen yksikk\u00f6, viitesuoritusaika, tiedonkeruu, k\u00e4ytetty ohjelmisto ja j\u00e4rjestelm\u00e4n rajaukset.<\/em><\/li>\n\n\n\n<li><em><strong>Ymp\u00e4rist\u00f6vaikutusten indikaattorit :<\/strong> Happamoitumispotentiaali, ilmaston l\u00e4mpenemispotentiaali, energiavarat, rehev\u00f6itymispotentiaali, otsonikadon potentiaali ja vedenkulutus.<\/em><\/li>\n<\/ul>\n\n\n\n<p><em>Lataa HPQ85-A EPD <a href=\"https:\/\/www.afprofilters.com\/wp-content\/uploads\/2024\/09\/092324_AFPRO_RAPPORT-EPD_HPQ85.pdf\">t\u00e4st\u00e4<\/a>.<\/em><\/p>\n\n\n\n<div style=\"height:29px\" aria-hidden=\"true\" class=\"wp-block-spacer\"><\/div>\n\n\n\n<h3 class=\"wp-block-heading\">Luettelo EPD:ist\u00e4mme<\/h3>\n\n\n\n<ul class=\"wp-block-list\">\n<li><a href=\"http:\/\/www.afprofilters.com\/wp-content\/uploads\/2026\/03\/15-AFPRO_EPD_ECO70A8-6_v2026-1.pdf\" target=\"_blank\" rel=\"noreferrer noopener\">EPD ECO70A8-6<\/a><\/li>\n\n\n\n<li><a href=\"http:\/\/www.afprofilters.com\/wp-content\/uploads\/2026\/03\/16-AFPRO_EPD_HLA1114DEEE-cn_v2026-1.pdf\" target=\"_blank\" rel=\"noreferrer noopener\">EPD HLA1114DEEE-CN<\/a><\/li>\n\n\n\n<li><a href=\"http:\/\/www.afprofilters.com\/wp-content\/uploads\/2026\/03\/17-AFPRO_EPD_HLA1114DEEQ-cn_v2026-1.pdf\" target=\"_blank\" rel=\"noreferrer noopener\">EPD HLA1114DEEQ-CN<\/a><\/li>\n\n\n\n<li><a href=\"http:\/\/www.afprofilters.com\/wp-content\/uploads\/2026\/03\/18-AFPRO_EPD_HLA1114DEEQ-pl_v2026-1.pdf\" target=\"_blank\" rel=\"noreferrer noopener\">EPD HLA1114DEEQ-PL<\/a><\/li>\n\n\n\n<li><a href=\"http:\/\/www.afprofilters.com\/wp-content\/uploads\/2026\/03\/04-AFPRO_EPD_HPQ-98-A-ES_v2026-1.pdf\" target=\"_blank\" rel=\"noreferrer noopener\">EPD HPQ98-A\/ES<\/a><\/li>\n\n\n\n<li><a href=\"http:\/\/www.afprofilters.com\/wp-content\/uploads\/2026\/03\/03-AFPRO_EPD_HPQ-98-A_v2026-1.pdf\" target=\"_blank\" rel=\"noreferrer noopener\">EPD HPQ98-A<\/a><\/li>\n\n\n\n<li><a href=\"http:\/\/www.afprofilters.com\/wp-content\/uploads\/2026\/03\/01-AFPRO_EPD_HPQ-85-A_v2026-1.pdf\" target=\"_blank\" rel=\"noreferrer noopener\">EPD HPQ85-A<\/a><\/li>\n\n\n\n<li><a href=\"http:\/\/www.afprofilters.com\/wp-content\/uploads\/2026\/03\/02-AFPRO_EPD_HPQ-85-A-ES_v2026-1.pdf\" target=\"_blank\" rel=\"noreferrer noopener\">EPD HPQ85-A\/ES<\/a><\/li>\n\n\n\n<li><a href=\"http:\/\/www.afprofilters.com\/wp-content\/uploads\/2026\/03\/11-AFPRO_EPD_HQ55A8-6_v2026-1.pdf\" target=\"_blank\" rel=\"noreferrer noopener\">EPD HQ55A8-6<\/a><\/li>\n\n\n\n<li><a href=\"http:\/\/www.afprofilters.com\/wp-content\/uploads\/2026\/03\/12-AFPRO_EPD_HQ65A8-6_v2026-1.pdf\" target=\"_blank\" rel=\"noreferrer noopener\">EPD HQ65A8-6<\/a><\/li>\n\n\n\n<li><a href=\"http:\/\/www.afprofilters.com\/wp-content\/uploads\/2026\/03\/13-AFPRO_EPD_HQ85A8-6_v2026-1.pdf\" target=\"_blank\" rel=\"noreferrer noopener\">EPD HQ85A8-6<\/a><\/li>\n\n\n\n<li><a href=\"http:\/\/www.afprofilters.com\/wp-content\/uploads\/2026\/03\/14-AFPRO_EPD_HQ98A8-6_v2026-1.pdf\" target=\"_blank\" rel=\"noreferrer noopener\">EPD HQ98A8-6<\/a><\/li>\n\n\n\n<li><a href=\"http:\/\/www.afprofilters.com\/wp-content\/uploads\/2026\/03\/10-AFPRO_EPD_HQ85A10-6-ES_v2026-1.pdf\" target=\"_blank\" rel=\"noreferrer noopener\">EPD HQ85A10-6\/ES<\/a><\/li>\n\n\n\n<li><a href=\"http:\/\/www.afprofilters.com\/wp-content\/uploads\/2026\/03\/06-AFPRO_EPD_APMC24x24x2_v2026-1.pdf\" target=\"_blank\" rel=\"noreferrer noopener\">EPD APMC24x24x2<\/a><\/li>\n\n\n\n<li><a href=\"http:\/\/www.afprofilters.com\/wp-content\/uploads\/2026\/03\/07-AFPRO_EPD_APMC24x24x2-MESH_v2026-1.pdf\" target=\"_blank\" rel=\"noreferrer noopener\">EPD APMC24x24x2-MESH<\/a><\/li>\n\n\n\n<li><a href=\"http:\/\/www.afprofilters.com\/wp-content\/uploads\/2026\/03\/08-AFPRO_EPD_APMC24x24x4_v2026-1.pdf\" target=\"_blank\" rel=\"noreferrer noopener\">EPD APMC24x24x4<\/a><\/li>\n\n\n\n<li><a href=\"http:\/\/www.afprofilters.com\/wp-content\/uploads\/2026\/03\/09-AFPRO_EPD_APMC24x24x4-MESH_v2026-1.pdf\" target=\"_blank\" rel=\"noreferrer noopener\">EPD APMC24x24x4-MESH<\/a><\/li>\n\n\n\n<li><a href=\"http:\/\/www.afprofilters.com\/wp-content\/uploads\/2026\/03\/05-AFPRO_EPD_APMR_v2026-1.pdf\" target=\"_blank\" rel=\"noreferrer noopener\">EPD APMR<\/a><\/li>\n<\/ul>\n\n\n\n<p>L\u00e4pin\u00e4kyvyys on toimintamme ytimess\u00e4. Valitsemalla tuotteita, joilla on EPD, edist\u00e4t ymp\u00e4rist\u00f6nsuojelua ja olet mukana vastuullisemman kulutuksen edist\u00e4misess\u00e4. Yhdess\u00e4 voimme luoda kest\u00e4v\u00e4n tulevaisuuden.<\/p>\n\n\n\n<p>Jos tarvitset lis\u00e4tietoja tai sinulla on kysytt\u00e4v\u00e4\u00e4 EPD \u00e4mme, voit ottaa yhteytt\u00e4 osoitteessa: <a href=\"mailto:myynti@afprofilters.com\"><strong>myynti@afprofilters.com<\/strong><\/a><\/p>\n\n\n\n<p><\/p>\n","protected":false},"excerpt":{"rendered":"<p>Tarjoamme tuotteillemme ymp\u00e4rist\u00f6selosteet (EPD) l\u00e4pin\u00e4kyv\u00e4sti ilmoittaaksemme niiden ymp\u00e4rist\u00f6vaikutukset. Mik\u00e4 on EPD? Ymp\u00e4rist\u00f6selosteet (EPD) ovat asiakirjoja, jotka tarjoavat yksityiskohtaista tietoa tuotteiden ymp\u00e4rist\u00f6vaikutuksista niiden koko elinkaaren ajalta. N\u00e4m\u00e4 selosteet perustuvat toistettaviin LCA-laskelmiin (elinkaariarviointi) ja noudattavat ISO-standardeja, mik\u00e4 takaa niiden luotettavuuden ja uskottavuuden. Miksi EPD ovat niin t\u00e4rkeit\u00e4? Yh\u00e4 vastuullisemmassa maailmassa EPD \u00e4 on keskeinen rooli yritysten ja [&hellip;]<\/p>\n","protected":false},"author":2,"featured_media":0,"parent":8136,"menu_order":0,"comment_status":"closed","ping_status":"closed","template":"","meta":{"_acf_changed":false,"footnotes":""},"class_list":["post-37911","page","type-page","status-publish","hentry"],"acf":[],"yoast_head":"<!-- This site is optimized with the Yoast SEO plugin v27.3 - https:\/\/yoast.com\/product\/yoast-seo-wordpress\/ -->\n<title>Ymp\u00e4rist\u00f6tuoteseloste EPD - AFPRO<\/title>\n<meta name=\"description\" content=\"Laadimme tuotteistamme ymp\u00e4rist\u00f6\u00e4 koskevia tuoteselosteita (EPD), joissa kerrotaan avoimesti niiden ymp\u00e4rist\u00f6vaikutukset.\" \/>\n<meta name=\"robots\" content=\"index, follow, max-snippet:-1, max-image-preview:large, max-video-preview:-1\" \/>\n<link rel=\"canonical\" href=\"https:\/\/www.afprofilters.com\/fi\/tietoja-meista\/ymparistoseloste-epd\/\" \/>\n<meta property=\"og:locale\" content=\"fi_FI\" \/>\n<meta property=\"og:type\" content=\"article\" \/>\n<meta property=\"og:title\" content=\"Ymp\u00e4rist\u00f6tuoteseloste EPD - AFPRO\" \/>\n<meta property=\"og:description\" content=\"Laadimme tuotteistamme ymp\u00e4rist\u00f6\u00e4 koskevia tuoteselosteita (EPD), joissa kerrotaan avoimesti niiden ymp\u00e4rist\u00f6vaikutukset.\" \/>\n<meta property=\"og:url\" content=\"https:\/\/www.afprofilters.com\/fi\/tietoja-meista\/ymparistoseloste-epd\/\" \/>\n<meta property=\"og:site_name\" content=\"AFPRO\" \/>\n<meta property=\"article:modified_time\" content=\"2026-03-30T16:31:36+00:00\" \/>\n<meta property=\"og:image\" content=\"https:\/\/www.afprofilters.com\/wp-content\/uploads\/2024\/10\/HPQ-A.jpg\" \/>\n\t<meta property=\"og:image:width\" content=\"2032\" \/>\n\t<meta property=\"og:image:height\" content=\"2000\" \/>\n\t<meta property=\"og:image:type\" content=\"image\/jpeg\" \/>\n<meta name=\"twitter:card\" content=\"summary_large_image\" \/>\n<meta name=\"twitter:label1\" content=\"Est. reading time\" \/>\n\t<meta name=\"twitter:data1\" content=\"2 minutes\" \/>\n<script type=\"application\/ld+json\" class=\"yoast-schema-graph\">{\"@context\":\"https:\\\/\\\/schema.org\",\"@graph\":[{\"@type\":\"WebPage\",\"@id\":\"https:\\\/\\\/www.afprofilters.com\\\/fi\\\/tietoja-meista\\\/ymparistoseloste-epd\\\/\",\"url\":\"https:\\\/\\\/www.afprofilters.com\\\/fi\\\/tietoja-meista\\\/ymparistoseloste-epd\\\/\",\"name\":\"Ymp\u00e4rist\u00f6tuoteseloste EPD - AFPRO\",\"isPartOf\":{\"@id\":\"https:\\\/\\\/www.afprofilters.com\\\/fi\\\/#website\"},\"primaryImageOfPage\":{\"@id\":\"https:\\\/\\\/www.afprofilters.com\\\/fi\\\/tietoja-meista\\\/ymparistoseloste-epd\\\/#primaryimage\"},\"image\":{\"@id\":\"https:\\\/\\\/www.afprofilters.com\\\/fi\\\/tietoja-meista\\\/ymparistoseloste-epd\\\/#primaryimage\"},\"thumbnailUrl\":\"http:\\\/\\\/www.afprofilters.com\\\/wp-content\\\/uploads\\\/2024\\\/10\\\/HPQ-A-1024x1008.jpg\",\"datePublished\":\"2024-11-08T13:51:25+00:00\",\"dateModified\":\"2026-03-30T16:31:36+00:00\",\"description\":\"Laadimme tuotteistamme ymp\u00e4rist\u00f6\u00e4 koskevia tuoteselosteita (EPD), joissa kerrotaan avoimesti niiden ymp\u00e4rist\u00f6vaikutukset.\",\"breadcrumb\":{\"@id\":\"https:\\\/\\\/www.afprofilters.com\\\/fi\\\/tietoja-meista\\\/ymparistoseloste-epd\\\/#breadcrumb\"},\"inLanguage\":\"fi-FI\",\"potentialAction\":[{\"@type\":\"ReadAction\",\"target\":[\"https:\\\/\\\/www.afprofilters.com\\\/fi\\\/tietoja-meista\\\/ymparistoseloste-epd\\\/\"]}]},{\"@type\":\"ImageObject\",\"inLanguage\":\"fi-FI\",\"@id\":\"https:\\\/\\\/www.afprofilters.com\\\/fi\\\/tietoja-meista\\\/ymparistoseloste-epd\\\/#primaryimage\",\"url\":\"http:\\\/\\\/www.afprofilters.com\\\/wp-content\\\/uploads\\\/2024\\\/10\\\/HPQ-A-1024x1008.jpg\",\"contentUrl\":\"http:\\\/\\\/www.afprofilters.com\\\/wp-content\\\/uploads\\\/2024\\\/10\\\/HPQ-A-1024x1008.jpg\"},{\"@type\":\"BreadcrumbList\",\"@id\":\"https:\\\/\\\/www.afprofilters.com\\\/fi\\\/tietoja-meista\\\/ymparistoseloste-epd\\\/#breadcrumb\",\"itemListElement\":[{\"@type\":\"ListItem\",\"position\":1,\"name\":\"\",\"item\":\"https:\\\/\\\/www.afprofilters.com\\\/fi\\\/\"},{\"@type\":\"ListItem\",\"position\":2,\"name\":\"Tietoja Meist\u00e4\",\"item\":\"https:\\\/\\\/www.afprofilters.com\\\/fi\\\/tietoja-meista\\\/\"},{\"@type\":\"ListItem\",\"position\":3,\"name\":\"Ymp\u00e4rist\u00f6seloste (EPD)\"}]},{\"@type\":\"WebSite\",\"@id\":\"https:\\\/\\\/www.afprofilters.com\\\/fi\\\/#website\",\"url\":\"https:\\\/\\\/www.afprofilters.com\\\/fi\\\/\",\"name\":\"AFPRO\",\"description\":\"AFPRO Filters\",\"publisher\":{\"@id\":\"https:\\\/\\\/www.afprofilters.com\\\/fi\\\/#organization\"},\"potentialAction\":[{\"@type\":\"SearchAction\",\"target\":{\"@type\":\"EntryPoint\",\"urlTemplate\":\"https:\\\/\\\/www.afprofilters.com\\\/fi\\\/?s={search_term_string}\"},\"query-input\":{\"@type\":\"PropertyValueSpecification\",\"valueRequired\":true,\"valueName\":\"search_term_string\"}}],\"inLanguage\":\"fi-FI\"},{\"@type\":\"Organization\",\"@id\":\"https:\\\/\\\/www.afprofilters.com\\\/fi\\\/#organization\",\"name\":\"AFPRO\",\"url\":\"https:\\\/\\\/www.afprofilters.com\\\/fi\\\/\",\"logo\":{\"@type\":\"ImageObject\",\"inLanguage\":\"fi-FI\",\"@id\":\"https:\\\/\\\/www.afprofilters.com\\\/fi\\\/#\\\/schema\\\/logo\\\/image\\\/\",\"url\":\"https:\\\/\\\/www.afprofilters.com\\\/wp-content\\\/uploads\\\/2021\\\/05\\\/AFPRO-logo.png\",\"contentUrl\":\"https:\\\/\\\/www.afprofilters.com\\\/wp-content\\\/uploads\\\/2021\\\/05\\\/AFPRO-logo.png\",\"width\":640,\"height\":177,\"caption\":\"AFPRO\"},\"image\":{\"@id\":\"https:\\\/\\\/www.afprofilters.com\\\/fi\\\/#\\\/schema\\\/logo\\\/image\\\/\"}}]}<\/script>\n<!-- \/ Yoast SEO plugin. -->","yoast_head_json":{"title":"Ymp\u00e4rist\u00f6tuoteseloste EPD - AFPRO","description":"Laadimme tuotteistamme ymp\u00e4rist\u00f6\u00e4 koskevia tuoteselosteita (EPD), joissa kerrotaan avoimesti niiden ymp\u00e4rist\u00f6vaikutukset.","robots":{"index":"index","follow":"follow","max-snippet":"max-snippet:-1","max-image-preview":"max-image-preview:large","max-video-preview":"max-video-preview:-1"},"canonical":"https:\/\/www.afprofilters.com\/fi\/tietoja-meista\/ymparistoseloste-epd\/","og_locale":"fi_FI","og_type":"article","og_title":"Ymp\u00e4rist\u00f6tuoteseloste EPD - AFPRO","og_description":"Laadimme tuotteistamme ymp\u00e4rist\u00f6\u00e4 koskevia tuoteselosteita (EPD), joissa kerrotaan avoimesti niiden ymp\u00e4rist\u00f6vaikutukset.","og_url":"https:\/\/www.afprofilters.com\/fi\/tietoja-meista\/ymparistoseloste-epd\/","og_site_name":"AFPRO","article_modified_time":"2026-03-30T16:31:36+00:00","og_image":[{"width":2032,"height":2000,"url":"https:\/\/www.afprofilters.com\/wp-content\/uploads\/2024\/10\/HPQ-A.jpg","type":"image\/jpeg"}],"twitter_card":"summary_large_image","twitter_misc":{"Est. reading time":"2 minutes"},"schema":{"@context":"https:\/\/schema.org","@graph":[{"@type":"WebPage","@id":"https:\/\/www.afprofilters.com\/fi\/tietoja-meista\/ymparistoseloste-epd\/","url":"https:\/\/www.afprofilters.com\/fi\/tietoja-meista\/ymparistoseloste-epd\/","name":"Ymp\u00e4rist\u00f6tuoteseloste EPD - AFPRO","isPartOf":{"@id":"https:\/\/www.afprofilters.com\/fi\/#website"},"primaryImageOfPage":{"@id":"https:\/\/www.afprofilters.com\/fi\/tietoja-meista\/ymparistoseloste-epd\/#primaryimage"},"image":{"@id":"https:\/\/www.afprofilters.com\/fi\/tietoja-meista\/ymparistoseloste-epd\/#primaryimage"},"thumbnailUrl":"http:\/\/www.afprofilters.com\/wp-content\/uploads\/2024\/10\/HPQ-A-1024x1008.jpg","datePublished":"2024-11-08T13:51:25+00:00","dateModified":"2026-03-30T16:31:36+00:00","description":"Laadimme tuotteistamme ymp\u00e4rist\u00f6\u00e4 koskevia tuoteselosteita (EPD), joissa kerrotaan avoimesti niiden ymp\u00e4rist\u00f6vaikutukset.","breadcrumb":{"@id":"https:\/\/www.afprofilters.com\/fi\/tietoja-meista\/ymparistoseloste-epd\/#breadcrumb"},"inLanguage":"fi-FI","potentialAction":[{"@type":"ReadAction","target":["https:\/\/www.afprofilters.com\/fi\/tietoja-meista\/ymparistoseloste-epd\/"]}]},{"@type":"ImageObject","inLanguage":"fi-FI","@id":"https:\/\/www.afprofilters.com\/fi\/tietoja-meista\/ymparistoseloste-epd\/#primaryimage","url":"http:\/\/www.afprofilters.com\/wp-content\/uploads\/2024\/10\/HPQ-A-1024x1008.jpg","contentUrl":"http:\/\/www.afprofilters.com\/wp-content\/uploads\/2024\/10\/HPQ-A-1024x1008.jpg"},{"@type":"BreadcrumbList","@id":"https:\/\/www.afprofilters.com\/fi\/tietoja-meista\/ymparistoseloste-epd\/#breadcrumb","itemListElement":[{"@type":"ListItem","position":1,"name":"","item":"https:\/\/www.afprofilters.com\/fi\/"},{"@type":"ListItem","position":2,"name":"Tietoja Meist\u00e4","item":"https:\/\/www.afprofilters.com\/fi\/tietoja-meista\/"},{"@type":"ListItem","position":3,"name":"Ymp\u00e4rist\u00f6seloste (EPD)"}]},{"@type":"WebSite","@id":"https:\/\/www.afprofilters.com\/fi\/#website","url":"https:\/\/www.afprofilters.com\/fi\/","name":"AFPRO","description":"AFPRO Filters","publisher":{"@id":"https:\/\/www.afprofilters.com\/fi\/#organization"},"potentialAction":[{"@type":"SearchAction","target":{"@type":"EntryPoint","urlTemplate":"https:\/\/www.afprofilters.com\/fi\/?s={search_term_string}"},"query-input":{"@type":"PropertyValueSpecification","valueRequired":true,"valueName":"search_term_string"}}],"inLanguage":"fi-FI"},{"@type":"Organization","@id":"https:\/\/www.afprofilters.com\/fi\/#organization","name":"AFPRO","url":"https:\/\/www.afprofilters.com\/fi\/","logo":{"@type":"ImageObject","inLanguage":"fi-FI","@id":"https:\/\/www.afprofilters.com\/fi\/#\/schema\/logo\/image\/","url":"https:\/\/www.afprofilters.com\/wp-content\/uploads\/2021\/05\/AFPRO-logo.png","contentUrl":"https:\/\/www.afprofilters.com\/wp-content\/uploads\/2021\/05\/AFPRO-logo.png","width":640,"height":177,"caption":"AFPRO"},"image":{"@id":"https:\/\/www.afprofilters.com\/fi\/#\/schema\/logo\/image\/"}}]}},"_links":{"self":[{"href":"https:\/\/www.afprofilters.com\/fi\/wp-json\/wp\/v2\/pages\/37911","targetHints":{"allow":["GET"]}}],"collection":[{"href":"https:\/\/www.afprofilters.com\/fi\/wp-json\/wp\/v2\/pages"}],"about":[{"href":"https:\/\/www.afprofilters.com\/fi\/wp-json\/wp\/v2\/types\/page"}],"author":[{"embeddable":true,"href":"https:\/\/www.afprofilters.com\/fi\/wp-json\/wp\/v2\/users\/2"}],"replies":[{"embeddable":true,"href":"https:\/\/www.afprofilters.com\/fi\/wp-json\/wp\/v2\/comments?post=37911"}],"version-history":[{"count":0,"href":"https:\/\/www.afprofilters.com\/fi\/wp-json\/wp\/v2\/pages\/37911\/revisions"}],"up":[{"embeddable":true,"href":"https:\/\/www.afprofilters.com\/fi\/wp-json\/wp\/v2\/pages\/8136"}],"wp:attachment":[{"href":"https:\/\/www.afprofilters.com\/fi\/wp-json\/wp\/v2\/media?parent=37911"}],"curies":[{"name":"wp","href":"https:\/\/api.w.org\/{rel}","templated":true}]}}