{"id":37910,"date":"2024-11-08T10:01:28","date_gmt":"2024-11-08T10:01:28","guid":{"rendered":"https:\/\/www.afprofilters.com\/?page_id=37910"},"modified":"2026-03-30T16:45:10","modified_gmt":"2026-03-30T16:45:10","slug":"yritysvastuu","status":"publish","type":"page","link":"https:\/\/www.afprofilters.com\/fi\/yritysvastuu\/","title":{"rendered":"Yritysvastuu"},"content":{"rendered":"\n<h3 class=\"wp-block-heading\"><strong>Mit\u00e4 CSR on?<\/strong><\/h3>\n\n\n\n<p>Yritysvastuu (Corporate Social Responsibility, CSR) viittaa yritysten sitoumukseen ottaa sosiaaliset, ymp\u00e4rist\u00f6lliset ja taloudelliset n\u00e4k\u00f6kulmat osaksi toimintaansa ja vuorovaikutusta sidosryhmiens\u00e4 kanssa. Sen tavoitteena on edist\u00e4\u00e4 kest\u00e4v\u00e4\u00e4 kehityst\u00e4 samalla, kun huomioidaan p\u00e4\u00e4t\u00f6ksiemme vaikutukset yhteiskuntaan ja ymp\u00e4rist\u00f6\u00f6n.<\/p>\n\n\n\n<div style=\"height:31px\" aria-hidden=\"true\" class=\"wp-block-spacer\"><\/div>\n\n\n\n<h3 class=\"wp-block-heading\"><strong>Sitoumuksemme yritysvastuuseen<\/strong><\/h3>\n\n\n\n<p>AFPRO uskomme, ett\u00e4 menestyksemme mittari ei ole pelk\u00e4st\u00e4\u00e4n taloudellinen suorituskyky, vaan my\u00f6s positiivinen vaikutuksemme yhteiskuntaan ja ymp\u00e4rist\u00f6\u00f6n. T\u00e4st\u00e4 syyst\u00e4 olemme omaksuneet aktiivisen l\u00e4hestymistavan yritysvastuuseen. Olemme sitoutuneet:<\/p>\n\n\n\n<div class=\"wp-block-columns are-vertically-aligned-center is-layout-flex wp-container-core-columns-is-layout-9d6595d7 wp-block-columns-is-layout-flex\">\n<div class=\"wp-block-column is-vertically-aligned-center is-layout-flow wp-block-column-is-layout-flow\" style=\"flex-basis:65%\">\n<ul class=\"wp-block-list\">\n<li><strong>Edist\u00e4m\u00e4\u00e4n kest\u00e4vi\u00e4 k\u00e4yt\u00e4nt\u00f6j\u00e4 :<\/strong><br><br>Toteutamme aloitteita, joilla v\u00e4henn\u00e4mme hiilijalanj\u00e4lke\u00e4mme, s\u00e4\u00e4st\u00e4mme luonnonvaroja ja edist\u00e4mme kierr\u00e4tysmateriaalien k\u00e4ytt\u00f6\u00e4.<br><\/li>\n\n\n\n<li><strong>Inklusiivisuuden ja monimuotoisuuden tukemiseen :<\/strong><br><br>Uskomme inklusiivisen ty\u00f6ymp\u00e4rist\u00f6n t\u00e4rkeyteen, jossa kaikilla on mahdollisuus menesty\u00e4. Kannustamme monimuotoisuutta ja tasa-arvoisia mahdollisuuksia tiimiss\u00e4mme.<br><\/li>\n\n\n\n<li><strong>Paikallisten yhteis\u00f6jen kehitykseen osallistumiseen :<\/strong><br><br>Tuemme projekteja ja aloitteita, joilla on positiivinen vaikutus toimintaymp\u00e4rist\u00f6jemme yhteis\u00f6ihin, rohkaisemalla vapaaehtoistoimintaan ja tukemalla paikallisia j\u00e4rjest\u00f6j\u00e4.<br><\/li>\n<\/ul>\n<\/div>\n\n\n\n<div class=\"wp-block-column is-vertically-aligned-center is-layout-flow wp-block-column-is-layout-flow\" style=\"flex-basis:35%\">\n<figure class=\"wp-block-image size-full\"><img decoding=\"async\" src=\"http:\/\/www.afprofilters.com\/wp-content\/uploads\/2026\/01\/CSR-Report-2025-1.jpg\" alt=\"\" class=\"wp-image-37639\" \/><\/figure>\n<\/div>\n<\/div>\n\n\n\n<div style=\"height:31px\" aria-hidden=\"true\" class=\"wp-block-spacer\"><\/div>\n\n\n\n<figure class=\"wp-block-image alignwide\"><a href=\"http:\/\/www.afprofilters.com\/wp-content\/uploads\/2026\/03\/180226_AFPRO_GUIDE-RSE-2026_FI_V4.pdf\" target=\"_blank\" rel=\"noopener\"><img decoding=\"async\" src=\"http:\/\/www.afprofilters.com\/wp-content\/uploads\/2026\/01\/CSR-25-Webpage-FI.jpg\" alt=\"AFPRO CSR Report 2025\" \/><\/a><\/figure>\n\n\n\n<div style=\"height:31px\" aria-hidden=\"true\" class=\"wp-block-spacer\"><\/div>\n\n\n\n<h3 class=\"wp-block-heading\"><strong>Yritysvastuuraporttimme<\/strong><\/h3>\n\n\n\n<p>Julkaisemme vuosittain yritysvastuuraportin, joka esittelee aloitteemme, saavutuksemme ja tavoitteemme kest\u00e4v\u00e4n kehityksen saralla. T\u00e4m\u00e4 raportti on ty\u00f6kalu l\u00e4pin\u00e4kyvyyden ja vastuullisuuden varmistamiseksi, antaen sidosryhmille mahdollisuuden seurata edistymist\u00e4mme ja ymm\u00e4rt\u00e4\u00e4, miten integroimme yritysvastuun kokonaisstrategiaamme.<\/p>\n\n\n\n<p>Raportti kattaa laajan valikoiman aiheita, kuten:<\/p>\n\n\n\n<ul class=\"wp-block-list\">\n<li><strong>Ymp\u00e4rist\u00f6:<\/strong> Suojelemme planeettaamme energiatehokkuuden, j\u00e4tteiden v\u00e4hent\u00e4misen ja luonnonvarojen kest\u00e4v\u00e4n k\u00e4yt\u00f6n kautta.<\/li>\n\n\n\n<li><strong>Sosiaalinen vastuu:<\/strong> Sitoudumme ihmisiin hyvinvoinnin, tasa-arvon ja yhteis\u00f6llisen osallistumisen varmistamiseksi.<\/li>\n\n\n\n<li><strong>Hallinto:<\/strong> Eettisyys, l\u00e4pin\u00e4kyvyys ja vastuullinen p\u00e4\u00e4t\u00f6ksenteko ovat meille t\u00e4rkeit\u00e4.<\/li>\n<\/ul>\n\n\n\n<p>Uskomme l\u00e4pin\u00e4kyvyyteen ja vastuullisuuteen. Siksi yritysvastuuraporttimme on saatavilla verkossa kaikkien luettavaksi. P\u00e4\u00e4set raporttiimme <a href=\"http:\/\/www.afprofilters.com\/wp-content\/uploads\/2026\/03\/180226_AFPRO_GUIDE-RSE-2026_FI_V4.pdf\" target=\"_blank\" rel=\"noreferrer noopener\">klikkaamalla t\u00e4st\u00e4<\/a>.<\/p>\n","protected":false},"excerpt":{"rendered":"<p>Mit\u00e4 CSR on? Yritysvastuu (Corporate Social Responsibility, CSR) viittaa yritysten sitoumukseen ottaa sosiaaliset, ymp\u00e4rist\u00f6lliset ja taloudelliset n\u00e4k\u00f6kulmat osaksi toimintaansa ja vuorovaikutusta sidosryhmiens\u00e4 kanssa. Sen tavoitteena on edist\u00e4\u00e4 kest\u00e4v\u00e4\u00e4 kehityst\u00e4 samalla, kun huomioidaan p\u00e4\u00e4t\u00f6ksiemme vaikutukset yhteiskuntaan ja ymp\u00e4rist\u00f6\u00f6n. Sitoumuksemme yritysvastuuseen AFPRO uskomme, ett\u00e4 menestyksemme mittari ei ole pelk\u00e4st\u00e4\u00e4n taloudellinen suorituskyky, vaan my\u00f6s positiivinen vaikutuksemme yhteiskuntaan ja [&hellip;]<\/p>\n","protected":false},"author":2,"featured_media":0,"parent":0,"menu_order":0,"comment_status":"closed","ping_status":"closed","template":"","meta":{"_acf_changed":false,"footnotes":""},"class_list":["post-37910","page","type-page","status-publish","hentry"],"acf":[],"yoast_head":"<!-- This site is optimized with the Yoast SEO plugin v27.3 - https:\/\/yoast.com\/product\/yoast-seo-wordpress\/ -->\n<title>Yritysten sosiaalinen vastuu (CSR) - AFPRO<\/title>\n<meta name=\"description\" content=\"Lue yritysvastuuraporttimme, jossa kerrotaan aloitteistamme, tuloksistamme ja kest\u00e4v\u00e4n kehityksen tavoitteistamme.\" \/>\n<meta name=\"robots\" content=\"index, follow, max-snippet:-1, max-image-preview:large, max-video-preview:-1\" \/>\n<link rel=\"canonical\" href=\"https:\/\/www.afprofilters.com\/fi\/yritysvastuu\/\" \/>\n<meta property=\"og:locale\" content=\"fi_FI\" \/>\n<meta property=\"og:type\" content=\"article\" \/>\n<meta property=\"og:title\" content=\"Yritysten sosiaalinen vastuu (CSR) - AFPRO\" \/>\n<meta property=\"og:description\" content=\"Lue yritysvastuuraporttimme, jossa kerrotaan aloitteistamme, tuloksistamme ja kest\u00e4v\u00e4n kehityksen tavoitteistamme.\" \/>\n<meta property=\"og:url\" content=\"https:\/\/www.afprofilters.com\/fi\/yritysvastuu\/\" \/>\n<meta property=\"og:site_name\" content=\"AFPRO\" \/>\n<meta property=\"article:modified_time\" content=\"2026-03-30T16:45:10+00:00\" \/>\n<meta property=\"og:image\" content=\"https:\/\/www.afprofilters.com\/wp-content\/uploads\/2024\/10\/Campaign-image-HQ-1-1.png\" \/>\n\t<meta property=\"og:image:width\" content=\"1150\" \/>\n\t<meta property=\"og:image:height\" content=\"889\" \/>\n\t<meta property=\"og:image:type\" content=\"image\/png\" \/>\n<meta name=\"twitter:card\" content=\"summary_large_image\" \/>\n<meta name=\"twitter:label1\" content=\"Est. reading time\" \/>\n\t<meta name=\"twitter:data1\" content=\"2 minutes\" \/>\n<script type=\"application\/ld+json\" class=\"yoast-schema-graph\">{\"@context\":\"https:\\\/\\\/schema.org\",\"@graph\":[{\"@type\":\"WebPage\",\"@id\":\"https:\\\/\\\/www.afprofilters.com\\\/fi\\\/yritysvastuu\\\/\",\"url\":\"https:\\\/\\\/www.afprofilters.com\\\/fi\\\/yritysvastuu\\\/\",\"name\":\"Yritysten sosiaalinen vastuu (CSR) - AFPRO\",\"isPartOf\":{\"@id\":\"https:\\\/\\\/www.afprofilters.com\\\/fi\\\/#website\"},\"primaryImageOfPage\":{\"@id\":\"https:\\\/\\\/www.afprofilters.com\\\/fi\\\/yritysvastuu\\\/#primaryimage\"},\"image\":{\"@id\":\"https:\\\/\\\/www.afprofilters.com\\\/fi\\\/yritysvastuu\\\/#primaryimage\"},\"thumbnailUrl\":\"http:\\\/\\\/www.afprofilters.com\\\/wp-content\\\/uploads\\\/2026\\\/01\\\/CSR-Report-2025-1.jpg\",\"datePublished\":\"2024-11-08T10:01:28+00:00\",\"dateModified\":\"2026-03-30T16:45:10+00:00\",\"description\":\"Lue yritysvastuuraporttimme, jossa kerrotaan aloitteistamme, tuloksistamme ja kest\u00e4v\u00e4n kehityksen tavoitteistamme.\",\"breadcrumb\":{\"@id\":\"https:\\\/\\\/www.afprofilters.com\\\/fi\\\/yritysvastuu\\\/#breadcrumb\"},\"inLanguage\":\"fi-FI\",\"potentialAction\":[{\"@type\":\"ReadAction\",\"target\":[\"https:\\\/\\\/www.afprofilters.com\\\/fi\\\/yritysvastuu\\\/\"]}]},{\"@type\":\"ImageObject\",\"inLanguage\":\"fi-FI\",\"@id\":\"https:\\\/\\\/www.afprofilters.com\\\/fi\\\/yritysvastuu\\\/#primaryimage\",\"url\":\"http:\\\/\\\/www.afprofilters.com\\\/wp-content\\\/uploads\\\/2026\\\/01\\\/CSR-Report-2025-1.jpg\",\"contentUrl\":\"http:\\\/\\\/www.afprofilters.com\\\/wp-content\\\/uploads\\\/2026\\\/01\\\/CSR-Report-2025-1.jpg\"},{\"@type\":\"BreadcrumbList\",\"@id\":\"https:\\\/\\\/www.afprofilters.com\\\/fi\\\/yritysvastuu\\\/#breadcrumb\",\"itemListElement\":[{\"@type\":\"ListItem\",\"position\":1,\"name\":\"\",\"item\":\"https:\\\/\\\/www.afprofilters.com\\\/fi\\\/\"},{\"@type\":\"ListItem\",\"position\":2,\"name\":\"Yritysvastuu\"}]},{\"@type\":\"WebSite\",\"@id\":\"https:\\\/\\\/www.afprofilters.com\\\/fi\\\/#website\",\"url\":\"https:\\\/\\\/www.afprofilters.com\\\/fi\\\/\",\"name\":\"AFPRO\",\"description\":\"AFPRO Filters\",\"publisher\":{\"@id\":\"https:\\\/\\\/www.afprofilters.com\\\/fi\\\/#organization\"},\"potentialAction\":[{\"@type\":\"SearchAction\",\"target\":{\"@type\":\"EntryPoint\",\"urlTemplate\":\"https:\\\/\\\/www.afprofilters.com\\\/fi\\\/?s={search_term_string}\"},\"query-input\":{\"@type\":\"PropertyValueSpecification\",\"valueRequired\":true,\"valueName\":\"search_term_string\"}}],\"inLanguage\":\"fi-FI\"},{\"@type\":\"Organization\",\"@id\":\"https:\\\/\\\/www.afprofilters.com\\\/fi\\\/#organization\",\"name\":\"AFPRO\",\"url\":\"https:\\\/\\\/www.afprofilters.com\\\/fi\\\/\",\"logo\":{\"@type\":\"ImageObject\",\"inLanguage\":\"fi-FI\",\"@id\":\"https:\\\/\\\/www.afprofilters.com\\\/fi\\\/#\\\/schema\\\/logo\\\/image\\\/\",\"url\":\"https:\\\/\\\/www.afprofilters.com\\\/wp-content\\\/uploads\\\/2021\\\/05\\\/AFPRO-logo.png\",\"contentUrl\":\"https:\\\/\\\/www.afprofilters.com\\\/wp-content\\\/uploads\\\/2021\\\/05\\\/AFPRO-logo.png\",\"width\":640,\"height\":177,\"caption\":\"AFPRO\"},\"image\":{\"@id\":\"https:\\\/\\\/www.afprofilters.com\\\/fi\\\/#\\\/schema\\\/logo\\\/image\\\/\"}}]}<\/script>\n<!-- \/ Yoast SEO plugin. -->","yoast_head_json":{"title":"Yritysten sosiaalinen vastuu (CSR) - AFPRO","description":"Lue yritysvastuuraporttimme, jossa kerrotaan aloitteistamme, tuloksistamme ja kest\u00e4v\u00e4n kehityksen tavoitteistamme.","robots":{"index":"index","follow":"follow","max-snippet":"max-snippet:-1","max-image-preview":"max-image-preview:large","max-video-preview":"max-video-preview:-1"},"canonical":"https:\/\/www.afprofilters.com\/fi\/yritysvastuu\/","og_locale":"fi_FI","og_type":"article","og_title":"Yritysten sosiaalinen vastuu (CSR) - AFPRO","og_description":"Lue yritysvastuuraporttimme, jossa kerrotaan aloitteistamme, tuloksistamme ja kest\u00e4v\u00e4n kehityksen tavoitteistamme.","og_url":"https:\/\/www.afprofilters.com\/fi\/yritysvastuu\/","og_site_name":"AFPRO","article_modified_time":"2026-03-30T16:45:10+00:00","og_image":[{"width":1150,"height":889,"url":"https:\/\/www.afprofilters.com\/wp-content\/uploads\/2024\/10\/Campaign-image-HQ-1-1.png","type":"image\/png"}],"twitter_card":"summary_large_image","twitter_misc":{"Est. reading time":"2 minutes"},"schema":{"@context":"https:\/\/schema.org","@graph":[{"@type":"WebPage","@id":"https:\/\/www.afprofilters.com\/fi\/yritysvastuu\/","url":"https:\/\/www.afprofilters.com\/fi\/yritysvastuu\/","name":"Yritysten sosiaalinen vastuu (CSR) - AFPRO","isPartOf":{"@id":"https:\/\/www.afprofilters.com\/fi\/#website"},"primaryImageOfPage":{"@id":"https:\/\/www.afprofilters.com\/fi\/yritysvastuu\/#primaryimage"},"image":{"@id":"https:\/\/www.afprofilters.com\/fi\/yritysvastuu\/#primaryimage"},"thumbnailUrl":"http:\/\/www.afprofilters.com\/wp-content\/uploads\/2026\/01\/CSR-Report-2025-1.jpg","datePublished":"2024-11-08T10:01:28+00:00","dateModified":"2026-03-30T16:45:10+00:00","description":"Lue yritysvastuuraporttimme, jossa kerrotaan aloitteistamme, tuloksistamme ja kest\u00e4v\u00e4n kehityksen tavoitteistamme.","breadcrumb":{"@id":"https:\/\/www.afprofilters.com\/fi\/yritysvastuu\/#breadcrumb"},"inLanguage":"fi-FI","potentialAction":[{"@type":"ReadAction","target":["https:\/\/www.afprofilters.com\/fi\/yritysvastuu\/"]}]},{"@type":"ImageObject","inLanguage":"fi-FI","@id":"https:\/\/www.afprofilters.com\/fi\/yritysvastuu\/#primaryimage","url":"http:\/\/www.afprofilters.com\/wp-content\/uploads\/2026\/01\/CSR-Report-2025-1.jpg","contentUrl":"http:\/\/www.afprofilters.com\/wp-content\/uploads\/2026\/01\/CSR-Report-2025-1.jpg"},{"@type":"BreadcrumbList","@id":"https:\/\/www.afprofilters.com\/fi\/yritysvastuu\/#breadcrumb","itemListElement":[{"@type":"ListItem","position":1,"name":"","item":"https:\/\/www.afprofilters.com\/fi\/"},{"@type":"ListItem","position":2,"name":"Yritysvastuu"}]},{"@type":"WebSite","@id":"https:\/\/www.afprofilters.com\/fi\/#website","url":"https:\/\/www.afprofilters.com\/fi\/","name":"AFPRO","description":"AFPRO Filters","publisher":{"@id":"https:\/\/www.afprofilters.com\/fi\/#organization"},"potentialAction":[{"@type":"SearchAction","target":{"@type":"EntryPoint","urlTemplate":"https:\/\/www.afprofilters.com\/fi\/?s={search_term_string}"},"query-input":{"@type":"PropertyValueSpecification","valueRequired":true,"valueName":"search_term_string"}}],"inLanguage":"fi-FI"},{"@type":"Organization","@id":"https:\/\/www.afprofilters.com\/fi\/#organization","name":"AFPRO","url":"https:\/\/www.afprofilters.com\/fi\/","logo":{"@type":"ImageObject","inLanguage":"fi-FI","@id":"https:\/\/www.afprofilters.com\/fi\/#\/schema\/logo\/image\/","url":"https:\/\/www.afprofilters.com\/wp-content\/uploads\/2021\/05\/AFPRO-logo.png","contentUrl":"https:\/\/www.afprofilters.com\/wp-content\/uploads\/2021\/05\/AFPRO-logo.png","width":640,"height":177,"caption":"AFPRO"},"image":{"@id":"https:\/\/www.afprofilters.com\/fi\/#\/schema\/logo\/image\/"}}]}},"_links":{"self":[{"href":"https:\/\/www.afprofilters.com\/fi\/wp-json\/wp\/v2\/pages\/37910","targetHints":{"allow":["GET"]}}],"collection":[{"href":"https:\/\/www.afprofilters.com\/fi\/wp-json\/wp\/v2\/pages"}],"about":[{"href":"https:\/\/www.afprofilters.com\/fi\/wp-json\/wp\/v2\/types\/page"}],"author":[{"embeddable":true,"href":"https:\/\/www.afprofilters.com\/fi\/wp-json\/wp\/v2\/users\/2"}],"replies":[{"embeddable":true,"href":"https:\/\/www.afprofilters.com\/fi\/wp-json\/wp\/v2\/comments?post=37910"}],"version-history":[{"count":0,"href":"https:\/\/www.afprofilters.com\/fi\/wp-json\/wp\/v2\/pages\/37910\/revisions"}],"wp:attachment":[{"href":"https:\/\/www.afprofilters.com\/fi\/wp-json\/wp\/v2\/media?parent=37910"}],"curies":[{"name":"wp","href":"https:\/\/api.w.org\/{rel}","templated":true}]}}