{"id":12529,"date":"2019-05-01T08:46:40","date_gmt":"2019-05-01T08:46:40","guid":{"rendered":"http:\/\/rcmrfan.cluster024.hosting.ovh.net\/?page_id=12529"},"modified":"2019-05-16T12:41:25","modified_gmt":"2019-05-16T12:41:25","slug":"afpro-filters-laboratoriot","status":"publish","type":"page","link":"https:\/\/www.afprofilters.com\/fi\/afpro-filters-laboratoriot\/","title":{"rendered":"AFPRO Filters laboratoriot"},"content":{"rendered":"<p>AFPRO-suodattimet edustavat laatua, kest\u00e4vyytt\u00e4 ja innovointia. Jotta voisimme taata asiakkaillemme n\u00e4m\u00e4 t\u00e4rke\u00e4t perusarvot, AFPRO-suodattimet ovat perustaneet omat pitk\u00e4lle kehitetyt laboratoriot. P\u00e4ivitt\u00e4ist\u00e4 tutkimusta tehd\u00e4\u00e4n t\u00e4ss\u00e4, jotta ilmansuodattimemme tehostuvat ja kest\u00e4v\u00e4t. AFPRO-suodattimet valvovat kaikkia tuotteita ISO 9001 -laadunvarmistusj\u00e4rjestelm\u00e4n mukaisesti. Raaka-aineet, puolivalmiit tuotteet ja lopputuotteet tarkastetaan laatuj\u00e4rjestelm\u00e4n asettamien kriteerien perusteella. T\u00e4m\u00e4 takaa tuotteiden jatkuvan laadun.<\/p>\n<h2><strong>\u00a0<\/strong><strong>Tutkimus- ja kehitt\u00e4mislaboratorio<\/strong><\/h2>\n<p><strong>\u00a0<\/strong>Tutkimus- ja tuotekehityslaboratorion henkil\u00f6st\u00f6 pyrkii kehitt\u00e4m\u00e4\u00e4n uusia suodatusmateriaaleja ja suodatusmenetelmi\u00e4. Esimerkiksi laboratorio tutkii korkealaatuisia, rikkoutumattomia synteettisi\u00e4 kuituja, jotka rakennetaan asteittain monikerroksisella tekniikalla. T\u00e4m\u00e4 tekniikka parantaa kest\u00e4vyytt\u00e4: ilmanvastusta ja siten my\u00f6s t\u00e4llaisten suodatinmateriaalien energiankulutusta on pienempi. AFPRO-suodattimet on Eurovent-sertifioitu Certify All -ohjelman mukaisesti. Eurovent-laatumerkki takaa tasaisen laadun. Akkreditoinnin tarjoama lis\u00e4arvo taataan riippumattomilla testilaboratorioilla Ruotsissa ja Suomessa. N\u00e4m\u00e4 laboratoriot suorittavat s\u00e4\u00e4nn\u00f6llisesti kaikkia sokerin suodattimia valmistajilta t\u00e4ytt\u00e4\u00e4kseen tiukat Eurovent-standardit.<\/p>\n<h2><strong>Aktiivihiili-laboratorio<\/strong><strong>\u00a0<\/strong><\/h2>\n<p>Tutkimuslaboratorionsa lis\u00e4ksi AFPRO-suodattimissa on aktiivihiililaboratorio. Kaasumaisten hiukkasten ker\u00e4\u00e4miseen k\u00e4ytet\u00e4\u00e4n aktiivihiilt\u00e4. T\u00e4ss\u00e4 laboratoriossa AFPRO tekee tutkimusta erilaisten aktiivihiilen ja suodatusv\u00e4liaineiden adsorptiokapasiteetista sovellettavien aktiivihiilistandardien mukaisesti. Laboratorio voi my\u00f6s ottaa n\u00e4ytteit\u00e4 asiakkaille, joita se sitten k\u00e4ytt\u00e4\u00e4 suodattimen j\u00e4ljell\u00e4 olevan k\u00e4ytt\u00f6i\u00e4n tai adsorptiokyvyn analysointiin. T\u00e4m\u00e4 analyysi perustuu suosituksiin k\u00e4ytett\u00e4vist\u00e4 suodattimista ja niiden vaikutuksista ilman laatuun, energiankulutukseen ja kustannuksiin.<\/p>\n<h2><strong>AFPRO-suodattimen palvelut<\/strong><\/h2>\n<p>Laboratoriomme toimii my\u00f6s asiakaspalveluna ja osaamiskeskuksena. Siksi se soveltuu my\u00f6s AFPRO-suodatinpalveluihin, joissa voit saada paljon tietoa ilmansuodatuksesta, suodatinmateriaaleista, testistandardeista ja seurantatekniikoista. Lis\u00e4ksi AFPRO-suodattimilla on oma ISO16890-testikanava, jota k\u00e4ytet\u00e4\u00e4n testaamaan ja varmistamaan kaikkien tuoteryhmien korkea laatu. Asiakkaana voit my\u00f6s valita, onko suodattimia testattu uusimman ISO16890-testistandardin mukaisesti. Seuraavassa on luettelo palveluistamme.<\/p>\n<p><strong>Suorita ilmamittaukset<\/strong><\/p>\n<p>Laboratorioissa saamamme tiedot antavat meille mahdollisuuden suorittaa ilmamittauksia paikan p\u00e4\u00e4ll\u00e4. T\u00e4m\u00e4n prosessin aikana voimme arvioida, t\u00e4ytt\u00e4\u00e4k\u00f6 koko suodatinj\u00e4rjestelm\u00e4 sovellettavat standardit. Ilmamittausten aikana k\u00e4ytetyt testimenetelm\u00e4t on lueteltu alla:\u2022 Eurovent 4\/10 &#8211; 1996 Yleisten ilmanvaihtosuodattimien fraktiotehokkuuden m\u00e4\u00e4ritt\u00e4minen in situ.\u2022 ISO \/ CD 29462 Yleisten ilmanvaihtosuodatuslaitteiden ja -j\u00e4rjestelmien kentt\u00e4testi hiukkaskoon ja ilmavirtauksen kest\u00e4vyyden parantamiseksi.<\/p>\n<p><strong>Suoritetaan suorituskykytutkimukset<\/strong><strong>\u00a0<\/strong><\/p>\n<p>K\u00e4ytettyj\u00e4 suodattimia voidaan tutkia laboratorioissamme suodattimen suorituskyvyn m\u00e4\u00e4ritt\u00e4miseksi ISO16890-kriteerien (vastus &#8211; tehokkuus), hiukkasten analyysin ja hiukkasten sieppauskyvyn mukaisesti. Tutkimustuloksia k\u00e4ytet\u00e4\u00e4n perustana antamaan sinulle, asiakkaalle, terveellisi\u00e4 neuvoja suodattimen suorituskyvyst\u00e4.<\/p>\n<p><strong>Todellisten kustannusten laskeminen<\/strong><strong>\u00a0<\/strong><\/p>\n<p>Laboratoriomme my\u00f6s kehottaa asiakkaita tekem\u00e4\u00e4n tietoisesti kest\u00e4v\u00e4n valinnan k\u00e4ytt\u00e4m\u00e4ll\u00e4 suodatinkest\u00e4vyytt\u00e4 (FDM). T\u00e4m\u00e4 malli, jonka AFPRO-suodattimet kehittiv\u00e4t, tarjoaa tietoa suodattimen todellisista kustannuksista kuukaudessa. FDM perustuu uusimpiin suodatintestausstandardeihin ja Eurovent-energiamerkinn\u00e4n ohjeisiin. Kun laskelmat on tehty, AFPRO-suodattimet voivat kertoa tarkalleen, mink\u00e4 tyyppinen suodatin sopii parhaiten k\u00e4ytt\u00f6tarkoituksiin, samoin kuin koko suodatinj\u00e4rjestelm\u00e4n energiatehokkain ratkaisu.<\/p>\n<p>&nbsp;<\/p>\n","protected":false},"excerpt":{"rendered":"<p>AFPRO-suodattimet edustavat laatua, kest\u00e4vyytt\u00e4 ja innovointia. Jotta voisimme taata asiakkaillemme n\u00e4m\u00e4 t\u00e4rke\u00e4t perusarvot, AFPRO-suodattimet ovat perustaneet omat pitk\u00e4lle kehitetyt laboratoriot. P\u00e4ivitt\u00e4ist\u00e4 tutkimusta tehd\u00e4\u00e4n t\u00e4ss\u00e4, jotta ilmansuodattimemme tehostuvat ja kest\u00e4v\u00e4t. AFPRO-suodattimet valvovat kaikkia tuotteita ISO 9001 -laadunvarmistusj\u00e4rjestelm\u00e4n mukaisesti. Raaka-aineet, puolivalmiit tuotteet ja lopputuotteet tarkastetaan laatuj\u00e4rjestelm\u00e4n asettamien kriteerien perusteella. T\u00e4m\u00e4 takaa tuotteiden jatkuvan laadun. \u00a0Tutkimus- ja kehitt\u00e4mislaboratorio [&hellip;]<\/p>\n","protected":false},"author":2,"featured_media":29275,"parent":0,"menu_order":0,"comment_status":"closed","ping_status":"closed","template":"","meta":{"_acf_changed":false,"footnotes":""},"class_list":["post-12529","page","type-page","status-publish","has-post-thumbnail","hentry"],"acf":[],"yoast_head":"<!-- This site is optimized with the Yoast SEO plugin v27.3 - https:\/\/yoast.com\/product\/yoast-seo-wordpress\/ -->\n<title>AFPRO Filters laboratoriot - AFPRO<\/title>\n<meta name=\"robots\" content=\"index, follow, max-snippet:-1, max-image-preview:large, max-video-preview:-1\" \/>\n<link rel=\"canonical\" href=\"https:\/\/www.afprofilters.com\/fi\/afpro-filters-laboratoriot\/\" \/>\n<meta property=\"og:locale\" content=\"fi_FI\" \/>\n<meta property=\"og:type\" content=\"article\" \/>\n<meta property=\"og:title\" content=\"AFPRO Filters laboratoriot - AFPRO\" \/>\n<meta property=\"og:description\" content=\"AFPRO-suodattimet edustavat laatua, kest\u00e4vyytt\u00e4 ja innovointia. Jotta voisimme taata asiakkaillemme n\u00e4m\u00e4 t\u00e4rke\u00e4t perusarvot, AFPRO-suodattimet ovat perustaneet omat pitk\u00e4lle kehitetyt laboratoriot. P\u00e4ivitt\u00e4ist\u00e4 tutkimusta tehd\u00e4\u00e4n t\u00e4ss\u00e4, jotta ilmansuodattimemme tehostuvat ja kest\u00e4v\u00e4t. AFPRO-suodattimet valvovat kaikkia tuotteita ISO 9001 -laadunvarmistusj\u00e4rjestelm\u00e4n mukaisesti. Raaka-aineet, puolivalmiit tuotteet ja lopputuotteet tarkastetaan laatuj\u00e4rjestelm\u00e4n asettamien kriteerien perusteella. T\u00e4m\u00e4 takaa tuotteiden jatkuvan laadun. \u00a0Tutkimus- ja kehitt\u00e4mislaboratorio [&hellip;]\" \/>\n<meta property=\"og:url\" content=\"https:\/\/www.afprofilters.com\/fi\/afpro-filters-laboratoriot\/\" \/>\n<meta property=\"og:site_name\" content=\"AFPRO\" \/>\n<meta property=\"article:modified_time\" content=\"2019-05-16T12:41:25+00:00\" \/>\n<meta property=\"og:image\" content=\"https:\/\/www.afprofilters.com\/wp-content\/uploads\/2021\/11\/DSC5294.jpg\" \/>\n\t<meta property=\"og:image:width\" content=\"1819\" \/>\n\t<meta property=\"og:image:height\" content=\"1000\" \/>\n\t<meta property=\"og:image:type\" content=\"image\/jpeg\" \/>\n<meta name=\"twitter:card\" content=\"summary_large_image\" \/>\n<meta name=\"twitter:label1\" content=\"Est. reading time\" \/>\n\t<meta name=\"twitter:data1\" content=\"2 minutes\" \/>\n<script type=\"application\/ld+json\" class=\"yoast-schema-graph\">{\"@context\":\"https:\\\/\\\/schema.org\",\"@graph\":[{\"@type\":\"WebPage\",\"@id\":\"https:\\\/\\\/www.afprofilters.com\\\/fi\\\/afpro-filters-laboratoriot\\\/\",\"url\":\"https:\\\/\\\/www.afprofilters.com\\\/fi\\\/afpro-filters-laboratoriot\\\/\",\"name\":\"AFPRO Filters laboratoriot - AFPRO\",\"isPartOf\":{\"@id\":\"https:\\\/\\\/www.afprofilters.com\\\/fi\\\/#website\"},\"primaryImageOfPage\":{\"@id\":\"https:\\\/\\\/www.afprofilters.com\\\/fi\\\/afpro-filters-laboratoriot\\\/#primaryimage\"},\"image\":{\"@id\":\"https:\\\/\\\/www.afprofilters.com\\\/fi\\\/afpro-filters-laboratoriot\\\/#primaryimage\"},\"thumbnailUrl\":\"https:\\\/\\\/www.afprofilters.com\\\/wp-content\\\/uploads\\\/2021\\\/11\\\/DSC5294.jpg\",\"datePublished\":\"2019-05-01T08:46:40+00:00\",\"dateModified\":\"2019-05-16T12:41:25+00:00\",\"breadcrumb\":{\"@id\":\"https:\\\/\\\/www.afprofilters.com\\\/fi\\\/afpro-filters-laboratoriot\\\/#breadcrumb\"},\"inLanguage\":\"fi-FI\",\"potentialAction\":[{\"@type\":\"ReadAction\",\"target\":[\"https:\\\/\\\/www.afprofilters.com\\\/fi\\\/afpro-filters-laboratoriot\\\/\"]}]},{\"@type\":\"ImageObject\",\"inLanguage\":\"fi-FI\",\"@id\":\"https:\\\/\\\/www.afprofilters.com\\\/fi\\\/afpro-filters-laboratoriot\\\/#primaryimage\",\"url\":\"https:\\\/\\\/www.afprofilters.com\\\/wp-content\\\/uploads\\\/2021\\\/11\\\/DSC5294.jpg\",\"contentUrl\":\"https:\\\/\\\/www.afprofilters.com\\\/wp-content\\\/uploads\\\/2021\\\/11\\\/DSC5294.jpg\",\"width\":1819,\"height\":1000},{\"@type\":\"BreadcrumbList\",\"@id\":\"https:\\\/\\\/www.afprofilters.com\\\/fi\\\/afpro-filters-laboratoriot\\\/#breadcrumb\",\"itemListElement\":[{\"@type\":\"ListItem\",\"position\":1,\"name\":\"\",\"item\":\"https:\\\/\\\/www.afprofilters.com\\\/fi\\\/\"},{\"@type\":\"ListItem\",\"position\":2,\"name\":\"AFPRO Filters laboratoriot\"}]},{\"@type\":\"WebSite\",\"@id\":\"https:\\\/\\\/www.afprofilters.com\\\/fi\\\/#website\",\"url\":\"https:\\\/\\\/www.afprofilters.com\\\/fi\\\/\",\"name\":\"AFPRO\",\"description\":\"AFPRO Filters\",\"publisher\":{\"@id\":\"https:\\\/\\\/www.afprofilters.com\\\/fi\\\/#organization\"},\"potentialAction\":[{\"@type\":\"SearchAction\",\"target\":{\"@type\":\"EntryPoint\",\"urlTemplate\":\"https:\\\/\\\/www.afprofilters.com\\\/fi\\\/?s={search_term_string}\"},\"query-input\":{\"@type\":\"PropertyValueSpecification\",\"valueRequired\":true,\"valueName\":\"search_term_string\"}}],\"inLanguage\":\"fi-FI\"},{\"@type\":\"Organization\",\"@id\":\"https:\\\/\\\/www.afprofilters.com\\\/fi\\\/#organization\",\"name\":\"AFPRO\",\"url\":\"https:\\\/\\\/www.afprofilters.com\\\/fi\\\/\",\"logo\":{\"@type\":\"ImageObject\",\"inLanguage\":\"fi-FI\",\"@id\":\"https:\\\/\\\/www.afprofilters.com\\\/fi\\\/#\\\/schema\\\/logo\\\/image\\\/\",\"url\":\"https:\\\/\\\/www.afprofilters.com\\\/wp-content\\\/uploads\\\/2021\\\/05\\\/AFPRO-logo.png\",\"contentUrl\":\"https:\\\/\\\/www.afprofilters.com\\\/wp-content\\\/uploads\\\/2021\\\/05\\\/AFPRO-logo.png\",\"width\":640,\"height\":177,\"caption\":\"AFPRO\"},\"image\":{\"@id\":\"https:\\\/\\\/www.afprofilters.com\\\/fi\\\/#\\\/schema\\\/logo\\\/image\\\/\"}}]}<\/script>\n<!-- \/ Yoast SEO plugin. -->","yoast_head_json":{"title":"AFPRO Filters laboratoriot - AFPRO","robots":{"index":"index","follow":"follow","max-snippet":"max-snippet:-1","max-image-preview":"max-image-preview:large","max-video-preview":"max-video-preview:-1"},"canonical":"https:\/\/www.afprofilters.com\/fi\/afpro-filters-laboratoriot\/","og_locale":"fi_FI","og_type":"article","og_title":"AFPRO Filters laboratoriot - AFPRO","og_description":"AFPRO-suodattimet edustavat laatua, kest\u00e4vyytt\u00e4 ja innovointia. Jotta voisimme taata asiakkaillemme n\u00e4m\u00e4 t\u00e4rke\u00e4t perusarvot, AFPRO-suodattimet ovat perustaneet omat pitk\u00e4lle kehitetyt laboratoriot. P\u00e4ivitt\u00e4ist\u00e4 tutkimusta tehd\u00e4\u00e4n t\u00e4ss\u00e4, jotta ilmansuodattimemme tehostuvat ja kest\u00e4v\u00e4t. AFPRO-suodattimet valvovat kaikkia tuotteita ISO 9001 -laadunvarmistusj\u00e4rjestelm\u00e4n mukaisesti. Raaka-aineet, puolivalmiit tuotteet ja lopputuotteet tarkastetaan laatuj\u00e4rjestelm\u00e4n asettamien kriteerien perusteella. T\u00e4m\u00e4 takaa tuotteiden jatkuvan laadun. \u00a0Tutkimus- ja kehitt\u00e4mislaboratorio [&hellip;]","og_url":"https:\/\/www.afprofilters.com\/fi\/afpro-filters-laboratoriot\/","og_site_name":"AFPRO","article_modified_time":"2019-05-16T12:41:25+00:00","og_image":[{"width":1819,"height":1000,"url":"https:\/\/www.afprofilters.com\/wp-content\/uploads\/2021\/11\/DSC5294.jpg","type":"image\/jpeg"}],"twitter_card":"summary_large_image","twitter_misc":{"Est. reading time":"2 minutes"},"schema":{"@context":"https:\/\/schema.org","@graph":[{"@type":"WebPage","@id":"https:\/\/www.afprofilters.com\/fi\/afpro-filters-laboratoriot\/","url":"https:\/\/www.afprofilters.com\/fi\/afpro-filters-laboratoriot\/","name":"AFPRO Filters laboratoriot - AFPRO","isPartOf":{"@id":"https:\/\/www.afprofilters.com\/fi\/#website"},"primaryImageOfPage":{"@id":"https:\/\/www.afprofilters.com\/fi\/afpro-filters-laboratoriot\/#primaryimage"},"image":{"@id":"https:\/\/www.afprofilters.com\/fi\/afpro-filters-laboratoriot\/#primaryimage"},"thumbnailUrl":"https:\/\/www.afprofilters.com\/wp-content\/uploads\/2021\/11\/DSC5294.jpg","datePublished":"2019-05-01T08:46:40+00:00","dateModified":"2019-05-16T12:41:25+00:00","breadcrumb":{"@id":"https:\/\/www.afprofilters.com\/fi\/afpro-filters-laboratoriot\/#breadcrumb"},"inLanguage":"fi-FI","potentialAction":[{"@type":"ReadAction","target":["https:\/\/www.afprofilters.com\/fi\/afpro-filters-laboratoriot\/"]}]},{"@type":"ImageObject","inLanguage":"fi-FI","@id":"https:\/\/www.afprofilters.com\/fi\/afpro-filters-laboratoriot\/#primaryimage","url":"https:\/\/www.afprofilters.com\/wp-content\/uploads\/2021\/11\/DSC5294.jpg","contentUrl":"https:\/\/www.afprofilters.com\/wp-content\/uploads\/2021\/11\/DSC5294.jpg","width":1819,"height":1000},{"@type":"BreadcrumbList","@id":"https:\/\/www.afprofilters.com\/fi\/afpro-filters-laboratoriot\/#breadcrumb","itemListElement":[{"@type":"ListItem","position":1,"name":"","item":"https:\/\/www.afprofilters.com\/fi\/"},{"@type":"ListItem","position":2,"name":"AFPRO Filters laboratoriot"}]},{"@type":"WebSite","@id":"https:\/\/www.afprofilters.com\/fi\/#website","url":"https:\/\/www.afprofilters.com\/fi\/","name":"AFPRO","description":"AFPRO Filters","publisher":{"@id":"https:\/\/www.afprofilters.com\/fi\/#organization"},"potentialAction":[{"@type":"SearchAction","target":{"@type":"EntryPoint","urlTemplate":"https:\/\/www.afprofilters.com\/fi\/?s={search_term_string}"},"query-input":{"@type":"PropertyValueSpecification","valueRequired":true,"valueName":"search_term_string"}}],"inLanguage":"fi-FI"},{"@type":"Organization","@id":"https:\/\/www.afprofilters.com\/fi\/#organization","name":"AFPRO","url":"https:\/\/www.afprofilters.com\/fi\/","logo":{"@type":"ImageObject","inLanguage":"fi-FI","@id":"https:\/\/www.afprofilters.com\/fi\/#\/schema\/logo\/image\/","url":"https:\/\/www.afprofilters.com\/wp-content\/uploads\/2021\/05\/AFPRO-logo.png","contentUrl":"https:\/\/www.afprofilters.com\/wp-content\/uploads\/2021\/05\/AFPRO-logo.png","width":640,"height":177,"caption":"AFPRO"},"image":{"@id":"https:\/\/www.afprofilters.com\/fi\/#\/schema\/logo\/image\/"}}]}},"_links":{"self":[{"href":"https:\/\/www.afprofilters.com\/fi\/wp-json\/wp\/v2\/pages\/12529","targetHints":{"allow":["GET"]}}],"collection":[{"href":"https:\/\/www.afprofilters.com\/fi\/wp-json\/wp\/v2\/pages"}],"about":[{"href":"https:\/\/www.afprofilters.com\/fi\/wp-json\/wp\/v2\/types\/page"}],"author":[{"embeddable":true,"href":"https:\/\/www.afprofilters.com\/fi\/wp-json\/wp\/v2\/users\/2"}],"replies":[{"embeddable":true,"href":"https:\/\/www.afprofilters.com\/fi\/wp-json\/wp\/v2\/comments?post=12529"}],"version-history":[{"count":0,"href":"https:\/\/www.afprofilters.com\/fi\/wp-json\/wp\/v2\/pages\/12529\/revisions"}],"wp:featuredmedia":[{"embeddable":true,"href":"https:\/\/www.afprofilters.com\/fi\/wp-json\/wp\/v2\/media\/29275"}],"wp:attachment":[{"href":"https:\/\/www.afprofilters.com\/fi\/wp-json\/wp\/v2\/media?parent=12529"}],"curies":[{"name":"wp","href":"https:\/\/api.w.org\/{rel}","templated":true}]}}