{"id":11614,"date":"2019-04-11T13:32:29","date_gmt":"2019-04-11T13:32:29","guid":{"rendered":"http:\/\/rcmrfan.cluster024.hosting.ovh.net\/?page_id=11614"},"modified":"2019-06-28T13:45:19","modified_gmt":"2019-06-28T13:45:19","slug":"vinkit","status":"publish","type":"page","link":"https:\/\/www.afprofilters.com\/fi\/vinkit\/","title":{"rendered":"Vinkit"},"content":{"rendered":"<h2>AFPRO FILTERSIN OHJESIVUJEN ASIANTUNTEMUKSEN HY\u00d6DYT<\/h2>\n<p>Videot, infografiikat, tuotetiedot ja white paperit ovat tiedonl\u00e4hteit\u00e4, joita annamme asiakkaidemme k\u00e4ytt\u00f6\u00f6n parantaaksemme heid\u00e4n tietouttaan meid\u00e4n suodattimistamme.<\/p>\n<p>Olitpa sitten sairaalassa tai tietokeskuksessa ty\u00f6skentelev\u00e4 yll\u00e4pit\u00e4j\u00e4p\u00e4\u00e4llikk\u00f6 tai tekninen johtaja, joka huolehtii elintarvikkeiden tai farmaseuttisten prosessien turvallisuudesta, ohjesivuillamme on vinkkej\u00e4 ja vastauksia ilmansuodatusj\u00e4rjestelm\u00e4n parantamiseen.<\/p>\n","protected":false},"excerpt":{"rendered":"<p>AFPRO FILTERSIN OHJESIVUJEN ASIANTUNTEMUKSEN HY\u00d6DYT Videot, infografiikat, tuotetiedot ja white paperit ovat tiedonl\u00e4hteit\u00e4, joita annamme asiakkaidemme k\u00e4ytt\u00f6\u00f6n parantaaksemme heid\u00e4n tietouttaan meid\u00e4n suodattimistamme. Olitpa sitten sairaalassa tai tietokeskuksessa ty\u00f6skentelev\u00e4 yll\u00e4pit\u00e4j\u00e4p\u00e4\u00e4llikk\u00f6 tai tekninen johtaja, joka huolehtii elintarvikkeiden tai farmaseuttisten prosessien turvallisuudesta, ohjesivuillamme on vinkkej\u00e4 ja vastauksia ilmansuodatusj\u00e4rjestelm\u00e4n parantamiseen.<\/p>\n","protected":false},"author":2,"featured_media":0,"parent":0,"menu_order":0,"comment_status":"closed","ping_status":"closed","template":"","meta":{"_acf_changed":false,"footnotes":""},"class_list":["post-11614","page","type-page","status-publish","hentry"],"acf":[],"yoast_head":"<!-- This site is optimized with the Yoast SEO plugin v27.3 - https:\/\/yoast.com\/product\/yoast-seo-wordpress\/ -->\n<title>Vinkit - AFPRO<\/title>\n<meta name=\"robots\" content=\"index, follow, max-snippet:-1, max-image-preview:large, max-video-preview:-1\" \/>\n<link rel=\"canonical\" href=\"https:\/\/www.afprofilters.com\/fi\/vinkit\/\" \/>\n<meta property=\"og:locale\" content=\"fi_FI\" \/>\n<meta property=\"og:type\" content=\"article\" \/>\n<meta property=\"og:title\" content=\"Vinkit - AFPRO\" \/>\n<meta property=\"og:description\" content=\"AFPRO FILTERSIN OHJESIVUJEN ASIANTUNTEMUKSEN HY\u00d6DYT Videot, infografiikat, tuotetiedot ja white paperit ovat tiedonl\u00e4hteit\u00e4, joita annamme asiakkaidemme k\u00e4ytt\u00f6\u00f6n parantaaksemme heid\u00e4n tietouttaan meid\u00e4n suodattimistamme. Olitpa sitten sairaalassa tai tietokeskuksessa ty\u00f6skentelev\u00e4 yll\u00e4pit\u00e4j\u00e4p\u00e4\u00e4llikk\u00f6 tai tekninen johtaja, joka huolehtii elintarvikkeiden tai farmaseuttisten prosessien turvallisuudesta, ohjesivuillamme on vinkkej\u00e4 ja vastauksia ilmansuodatusj\u00e4rjestelm\u00e4n parantamiseen.\" \/>\n<meta property=\"og:url\" content=\"https:\/\/www.afprofilters.com\/fi\/vinkit\/\" \/>\n<meta property=\"og:site_name\" content=\"AFPRO\" \/>\n<meta property=\"article:modified_time\" content=\"2019-06-28T13:45:19+00:00\" \/>\n<meta name=\"twitter:card\" content=\"summary_large_image\" \/>\n<script type=\"application\/ld+json\" class=\"yoast-schema-graph\">{\"@context\":\"https:\\\/\\\/schema.org\",\"@graph\":[{\"@type\":\"WebPage\",\"@id\":\"https:\\\/\\\/www.afprofilters.com\\\/fi\\\/vinkit\\\/\",\"url\":\"https:\\\/\\\/www.afprofilters.com\\\/fi\\\/vinkit\\\/\",\"name\":\"Vinkit - AFPRO\",\"isPartOf\":{\"@id\":\"https:\\\/\\\/www.afprofilters.com\\\/fi\\\/#website\"},\"datePublished\":\"2019-04-11T13:32:29+00:00\",\"dateModified\":\"2019-06-28T13:45:19+00:00\",\"breadcrumb\":{\"@id\":\"https:\\\/\\\/www.afprofilters.com\\\/fi\\\/vinkit\\\/#breadcrumb\"},\"inLanguage\":\"fi-FI\",\"potentialAction\":[{\"@type\":\"ReadAction\",\"target\":[\"https:\\\/\\\/www.afprofilters.com\\\/fi\\\/vinkit\\\/\"]}]},{\"@type\":\"BreadcrumbList\",\"@id\":\"https:\\\/\\\/www.afprofilters.com\\\/fi\\\/vinkit\\\/#breadcrumb\",\"itemListElement\":[{\"@type\":\"ListItem\",\"position\":1,\"name\":\"\",\"item\":\"https:\\\/\\\/www.afprofilters.com\\\/fi\\\/\"},{\"@type\":\"ListItem\",\"position\":2,\"name\":\"Vinkit\"}]},{\"@type\":\"WebSite\",\"@id\":\"https:\\\/\\\/www.afprofilters.com\\\/fi\\\/#website\",\"url\":\"https:\\\/\\\/www.afprofilters.com\\\/fi\\\/\",\"name\":\"AFPRO\",\"description\":\"AFPRO Filters\",\"publisher\":{\"@id\":\"https:\\\/\\\/www.afprofilters.com\\\/fi\\\/#organization\"},\"potentialAction\":[{\"@type\":\"SearchAction\",\"target\":{\"@type\":\"EntryPoint\",\"urlTemplate\":\"https:\\\/\\\/www.afprofilters.com\\\/fi\\\/?s={search_term_string}\"},\"query-input\":{\"@type\":\"PropertyValueSpecification\",\"valueRequired\":true,\"valueName\":\"search_term_string\"}}],\"inLanguage\":\"fi-FI\"},{\"@type\":\"Organization\",\"@id\":\"https:\\\/\\\/www.afprofilters.com\\\/fi\\\/#organization\",\"name\":\"AFPRO\",\"url\":\"https:\\\/\\\/www.afprofilters.com\\\/fi\\\/\",\"logo\":{\"@type\":\"ImageObject\",\"inLanguage\":\"fi-FI\",\"@id\":\"https:\\\/\\\/www.afprofilters.com\\\/fi\\\/#\\\/schema\\\/logo\\\/image\\\/\",\"url\":\"https:\\\/\\\/www.afprofilters.com\\\/wp-content\\\/uploads\\\/2021\\\/05\\\/AFPRO-logo.png\",\"contentUrl\":\"https:\\\/\\\/www.afprofilters.com\\\/wp-content\\\/uploads\\\/2021\\\/05\\\/AFPRO-logo.png\",\"width\":640,\"height\":177,\"caption\":\"AFPRO\"},\"image\":{\"@id\":\"https:\\\/\\\/www.afprofilters.com\\\/fi\\\/#\\\/schema\\\/logo\\\/image\\\/\"}}]}<\/script>\n<!-- \/ Yoast SEO plugin. -->","yoast_head_json":{"title":"Vinkit - AFPRO","robots":{"index":"index","follow":"follow","max-snippet":"max-snippet:-1","max-image-preview":"max-image-preview:large","max-video-preview":"max-video-preview:-1"},"canonical":"https:\/\/www.afprofilters.com\/fi\/vinkit\/","og_locale":"fi_FI","og_type":"article","og_title":"Vinkit - AFPRO","og_description":"AFPRO FILTERSIN OHJESIVUJEN ASIANTUNTEMUKSEN HY\u00d6DYT Videot, infografiikat, tuotetiedot ja white paperit ovat tiedonl\u00e4hteit\u00e4, joita annamme asiakkaidemme k\u00e4ytt\u00f6\u00f6n parantaaksemme heid\u00e4n tietouttaan meid\u00e4n suodattimistamme. Olitpa sitten sairaalassa tai tietokeskuksessa ty\u00f6skentelev\u00e4 yll\u00e4pit\u00e4j\u00e4p\u00e4\u00e4llikk\u00f6 tai tekninen johtaja, joka huolehtii elintarvikkeiden tai farmaseuttisten prosessien turvallisuudesta, ohjesivuillamme on vinkkej\u00e4 ja vastauksia ilmansuodatusj\u00e4rjestelm\u00e4n parantamiseen.","og_url":"https:\/\/www.afprofilters.com\/fi\/vinkit\/","og_site_name":"AFPRO","article_modified_time":"2019-06-28T13:45:19+00:00","twitter_card":"summary_large_image","schema":{"@context":"https:\/\/schema.org","@graph":[{"@type":"WebPage","@id":"https:\/\/www.afprofilters.com\/fi\/vinkit\/","url":"https:\/\/www.afprofilters.com\/fi\/vinkit\/","name":"Vinkit - AFPRO","isPartOf":{"@id":"https:\/\/www.afprofilters.com\/fi\/#website"},"datePublished":"2019-04-11T13:32:29+00:00","dateModified":"2019-06-28T13:45:19+00:00","breadcrumb":{"@id":"https:\/\/www.afprofilters.com\/fi\/vinkit\/#breadcrumb"},"inLanguage":"fi-FI","potentialAction":[{"@type":"ReadAction","target":["https:\/\/www.afprofilters.com\/fi\/vinkit\/"]}]},{"@type":"BreadcrumbList","@id":"https:\/\/www.afprofilters.com\/fi\/vinkit\/#breadcrumb","itemListElement":[{"@type":"ListItem","position":1,"name":"","item":"https:\/\/www.afprofilters.com\/fi\/"},{"@type":"ListItem","position":2,"name":"Vinkit"}]},{"@type":"WebSite","@id":"https:\/\/www.afprofilters.com\/fi\/#website","url":"https:\/\/www.afprofilters.com\/fi\/","name":"AFPRO","description":"AFPRO Filters","publisher":{"@id":"https:\/\/www.afprofilters.com\/fi\/#organization"},"potentialAction":[{"@type":"SearchAction","target":{"@type":"EntryPoint","urlTemplate":"https:\/\/www.afprofilters.com\/fi\/?s={search_term_string}"},"query-input":{"@type":"PropertyValueSpecification","valueRequired":true,"valueName":"search_term_string"}}],"inLanguage":"fi-FI"},{"@type":"Organization","@id":"https:\/\/www.afprofilters.com\/fi\/#organization","name":"AFPRO","url":"https:\/\/www.afprofilters.com\/fi\/","logo":{"@type":"ImageObject","inLanguage":"fi-FI","@id":"https:\/\/www.afprofilters.com\/fi\/#\/schema\/logo\/image\/","url":"https:\/\/www.afprofilters.com\/wp-content\/uploads\/2021\/05\/AFPRO-logo.png","contentUrl":"https:\/\/www.afprofilters.com\/wp-content\/uploads\/2021\/05\/AFPRO-logo.png","width":640,"height":177,"caption":"AFPRO"},"image":{"@id":"https:\/\/www.afprofilters.com\/fi\/#\/schema\/logo\/image\/"}}]}},"_links":{"self":[{"href":"https:\/\/www.afprofilters.com\/fi\/wp-json\/wp\/v2\/pages\/11614","targetHints":{"allow":["GET"]}}],"collection":[{"href":"https:\/\/www.afprofilters.com\/fi\/wp-json\/wp\/v2\/pages"}],"about":[{"href":"https:\/\/www.afprofilters.com\/fi\/wp-json\/wp\/v2\/types\/page"}],"author":[{"embeddable":true,"href":"https:\/\/www.afprofilters.com\/fi\/wp-json\/wp\/v2\/users\/2"}],"replies":[{"embeddable":true,"href":"https:\/\/www.afprofilters.com\/fi\/wp-json\/wp\/v2\/comments?post=11614"}],"version-history":[{"count":0,"href":"https:\/\/www.afprofilters.com\/fi\/wp-json\/wp\/v2\/pages\/11614\/revisions"}],"wp:attachment":[{"href":"https:\/\/www.afprofilters.com\/fi\/wp-json\/wp\/v2\/media?parent=11614"}],"curies":[{"name":"wp","href":"https:\/\/api.w.org\/{rel}","templated":true}]}}