{"id":22446,"date":"2021-01-15T15:53:29","date_gmt":"2021-01-15T15:53:29","guid":{"rendered":"https:\/\/www.afprofilters.com\/?post_type=product&#038;p=22446"},"modified":"2021-02-05T10:57:55","modified_gmt":"2021-02-05T10:57:55","slug":"hepa-filter-serie-pb","status":"publish","type":"product","link":"https:\/\/www.afprofilters.com\/de\/produkt\/hepa-filter-serie-pb\/","title":{"rendered":"HEPA filter serie PB"},"content":{"rendered":"<p><strong>HEPA filter serie PB<\/strong> werden als Zuluftfilter f\u00fcr Klima- und L\u00fcftungsanlagen und f\u00fcr industrielle Prozesse<\/p>\n<ul>\n<li><strong>Rahmen:<\/strong> Verzinkter Stahl<\/li>\n<li><strong>Abstandhalter:<\/strong> Hotmelt<\/li>\n<li><strong>Verklebung:<\/strong> 2 Komponenten Polyurethan<\/li>\n<li><strong>Medium:<\/strong> Glasfaserpapier<\/li>\n<\/ul>\n","protected":false},"featured_media":23206,"parent":0,"template":"template-product-version-2.php","format":"standard","product_category":[44],"class_list":["post-22446","product","type-product","status-publish","format-standard","has-post-thumbnail","hentry","product_category-hepa-filter"],"acf":[],"yoast_head":"<!-- This site is optimized with the Yoast SEO plugin v27.3 - https:\/\/yoast.com\/product\/yoast-seo-wordpress\/ -->\n<title>HEPA filter serie PB - AFPRO<\/title>\n<meta name=\"description\" content=\"HEPA filter serie PB \u25bb Zuluftfilter f\u00fcr Klima- und L\u00fcftungsanlagen und f\u00fcr industrielle Prozesse | E10, E12, H13, H14 \u2713 450 Pa \u2713\" \/>\n<meta name=\"robots\" content=\"index, follow, max-snippet:-1, max-image-preview:large, max-video-preview:-1\" \/>\n<link rel=\"canonical\" href=\"https:\/\/www.afprofilters.com\/de\/produkt\/hepa-filter-serie-pb\/\" \/>\n<meta property=\"og:locale\" content=\"de_DE\" \/>\n<meta property=\"og:type\" content=\"article\" \/>\n<meta property=\"og:title\" content=\"HEPA filter serie PB - AFPRO\" \/>\n<meta property=\"og:description\" content=\"HEPA filter serie PB \u25bb Zuluftfilter f\u00fcr Klima- und L\u00fcftungsanlagen und f\u00fcr industrielle Prozesse | E10, E12, H13, H14 \u2713 450 Pa \u2713\" \/>\n<meta property=\"og:url\" content=\"https:\/\/www.afprofilters.com\/de\/produkt\/hepa-filter-serie-pb\/\" \/>\n<meta property=\"og:site_name\" content=\"AFPRO\" \/>\n<meta property=\"article:modified_time\" content=\"2021-02-05T10:57:55+00:00\" \/>\n<meta property=\"og:image\" content=\"http:\/\/www.afprofilters.com\/wp-content\/uploads\/2021\/01\/PB.jpg\" \/>\n\t<meta property=\"og:image:width\" content=\"2001\" \/>\n\t<meta property=\"og:image:height\" content=\"2000\" \/>\n\t<meta property=\"og:image:type\" content=\"image\/jpeg\" \/>\n<meta name=\"twitter:card\" content=\"summary_large_image\" \/>\n<meta name=\"twitter:label1\" content=\"Gesch\u00e4tzte Lesezeit\" \/>\n\t<meta name=\"twitter:data1\" content=\"1 Minute\" \/>\n<script type=\"application\/ld+json\" class=\"yoast-schema-graph\">{\"@context\":\"https:\\\/\\\/schema.org\",\"@graph\":[{\"@type\":\"WebPage\",\"@id\":\"https:\\\/\\\/www.afprofilters.com\\\/de\\\/produkt\\\/hepa-filter-serie-pb\\\/\",\"url\":\"https:\\\/\\\/www.afprofilters.com\\\/de\\\/produkt\\\/hepa-filter-serie-pb\\\/\",\"name\":\"HEPA filter serie PB - AFPRO\",\"isPartOf\":{\"@id\":\"https:\\\/\\\/www.afprofilters.com\\\/de\\\/#website\"},\"primaryImageOfPage\":{\"@id\":\"https:\\\/\\\/www.afprofilters.com\\\/de\\\/produkt\\\/hepa-filter-serie-pb\\\/#primaryimage\"},\"image\":{\"@id\":\"https:\\\/\\\/www.afprofilters.com\\\/de\\\/produkt\\\/hepa-filter-serie-pb\\\/#primaryimage\"},\"thumbnailUrl\":\"https:\\\/\\\/www.afprofilters.com\\\/wp-content\\\/uploads\\\/2021\\\/01\\\/PB.jpg\",\"datePublished\":\"2021-01-15T15:53:29+00:00\",\"dateModified\":\"2021-02-05T10:57:55+00:00\",\"description\":\"HEPA filter serie PB \u25bb Zuluftfilter f\u00fcr Klima- und L\u00fcftungsanlagen und f\u00fcr industrielle Prozesse | E10, E12, H13, H14 \u2713 450 Pa \u2713\",\"breadcrumb\":{\"@id\":\"https:\\\/\\\/www.afprofilters.com\\\/de\\\/produkt\\\/hepa-filter-serie-pb\\\/#breadcrumb\"},\"inLanguage\":\"de-DE\",\"potentialAction\":[{\"@type\":\"ReadAction\",\"target\":[\"https:\\\/\\\/www.afprofilters.com\\\/de\\\/produkt\\\/hepa-filter-serie-pb\\\/\"]}]},{\"@type\":\"ImageObject\",\"inLanguage\":\"de-DE\",\"@id\":\"https:\\\/\\\/www.afprofilters.com\\\/de\\\/produkt\\\/hepa-filter-serie-pb\\\/#primaryimage\",\"url\":\"https:\\\/\\\/www.afprofilters.com\\\/wp-content\\\/uploads\\\/2021\\\/01\\\/PB.jpg\",\"contentUrl\":\"https:\\\/\\\/www.afprofilters.com\\\/wp-content\\\/uploads\\\/2021\\\/01\\\/PB.jpg\",\"width\":2001,\"height\":2000,\"caption\":\"Fotostudio IMAGO Hamsterkoog 17c 1822 CD Alkmaar Netherlands 072 5 620 625\"},{\"@type\":\"BreadcrumbList\",\"@id\":\"https:\\\/\\\/www.afprofilters.com\\\/de\\\/produkt\\\/hepa-filter-serie-pb\\\/#breadcrumb\",\"itemListElement\":[{\"@type\":\"ListItem\",\"position\":1,\"name\":\"\",\"item\":\"https:\\\/\\\/www.afprofilters.com\\\/de\\\/\"},{\"@type\":\"ListItem\",\"position\":2,\"name\":\"Products\",\"item\":\"https:\\\/\\\/www.afprofilters.com\\\/de\\\/produkt\\\/\"},{\"@type\":\"ListItem\",\"position\":3,\"name\":\"HEPA Filter\",\"item\":\"https:\\\/\\\/www.afprofilters.com\\\/de\\\/producktart\\\/hepa-filter\\\/\"},{\"@type\":\"ListItem\",\"position\":4,\"name\":\"HEPA filter serie PB\"}]},{\"@type\":\"WebSite\",\"@id\":\"https:\\\/\\\/www.afprofilters.com\\\/de\\\/#website\",\"url\":\"https:\\\/\\\/www.afprofilters.com\\\/de\\\/\",\"name\":\"AFPRO\",\"description\":\"AFPRO Filters\",\"publisher\":{\"@id\":\"https:\\\/\\\/www.afprofilters.com\\\/de\\\/#organization\"},\"potentialAction\":[{\"@type\":\"SearchAction\",\"target\":{\"@type\":\"EntryPoint\",\"urlTemplate\":\"https:\\\/\\\/www.afprofilters.com\\\/de\\\/?s={search_term_string}\"},\"query-input\":{\"@type\":\"PropertyValueSpecification\",\"valueRequired\":true,\"valueName\":\"search_term_string\"}}],\"inLanguage\":\"de-DE\"},{\"@type\":\"Organization\",\"@id\":\"https:\\\/\\\/www.afprofilters.com\\\/de\\\/#organization\",\"name\":\"AFPRO\",\"url\":\"https:\\\/\\\/www.afprofilters.com\\\/de\\\/\",\"logo\":{\"@type\":\"ImageObject\",\"inLanguage\":\"de-DE\",\"@id\":\"https:\\\/\\\/www.afprofilters.com\\\/de\\\/#\\\/schema\\\/logo\\\/image\\\/\",\"url\":\"https:\\\/\\\/www.afprofilters.com\\\/wp-content\\\/uploads\\\/2021\\\/05\\\/AFPRO-logo.png\",\"contentUrl\":\"https:\\\/\\\/www.afprofilters.com\\\/wp-content\\\/uploads\\\/2021\\\/05\\\/AFPRO-logo.png\",\"width\":640,\"height\":177,\"caption\":\"AFPRO\"},\"image\":{\"@id\":\"https:\\\/\\\/www.afprofilters.com\\\/de\\\/#\\\/schema\\\/logo\\\/image\\\/\"}}]}<\/script>\n<!-- \/ Yoast SEO plugin. -->","yoast_head_json":{"title":"HEPA filter serie PB - AFPRO","description":"HEPA filter serie PB \u25bb Zuluftfilter f\u00fcr Klima- und L\u00fcftungsanlagen und f\u00fcr industrielle Prozesse | E10, E12, H13, H14 \u2713 450 Pa \u2713","robots":{"index":"index","follow":"follow","max-snippet":"max-snippet:-1","max-image-preview":"max-image-preview:large","max-video-preview":"max-video-preview:-1"},"canonical":"https:\/\/www.afprofilters.com\/de\/produkt\/hepa-filter-serie-pb\/","og_locale":"de_DE","og_type":"article","og_title":"HEPA filter serie PB - AFPRO","og_description":"HEPA filter serie PB \u25bb Zuluftfilter f\u00fcr Klima- und L\u00fcftungsanlagen und f\u00fcr industrielle Prozesse | E10, E12, H13, H14 \u2713 450 Pa \u2713","og_url":"https:\/\/www.afprofilters.com\/de\/produkt\/hepa-filter-serie-pb\/","og_site_name":"AFPRO","article_modified_time":"2021-02-05T10:57:55+00:00","og_image":[{"width":2001,"height":2000,"url":"http:\/\/www.afprofilters.com\/wp-content\/uploads\/2021\/01\/PB.jpg","type":"image\/jpeg"}],"twitter_card":"summary_large_image","twitter_misc":{"Gesch\u00e4tzte Lesezeit":"1 Minute"},"schema":{"@context":"https:\/\/schema.org","@graph":[{"@type":"WebPage","@id":"https:\/\/www.afprofilters.com\/de\/produkt\/hepa-filter-serie-pb\/","url":"https:\/\/www.afprofilters.com\/de\/produkt\/hepa-filter-serie-pb\/","name":"HEPA filter serie PB - AFPRO","isPartOf":{"@id":"https:\/\/www.afprofilters.com\/de\/#website"},"primaryImageOfPage":{"@id":"https:\/\/www.afprofilters.com\/de\/produkt\/hepa-filter-serie-pb\/#primaryimage"},"image":{"@id":"https:\/\/www.afprofilters.com\/de\/produkt\/hepa-filter-serie-pb\/#primaryimage"},"thumbnailUrl":"https:\/\/www.afprofilters.com\/wp-content\/uploads\/2021\/01\/PB.jpg","datePublished":"2021-01-15T15:53:29+00:00","dateModified":"2021-02-05T10:57:55+00:00","description":"HEPA filter serie PB \u25bb Zuluftfilter f\u00fcr Klima- und L\u00fcftungsanlagen und f\u00fcr industrielle Prozesse | E10, E12, H13, H14 \u2713 450 Pa \u2713","breadcrumb":{"@id":"https:\/\/www.afprofilters.com\/de\/produkt\/hepa-filter-serie-pb\/#breadcrumb"},"inLanguage":"de-DE","potentialAction":[{"@type":"ReadAction","target":["https:\/\/www.afprofilters.com\/de\/produkt\/hepa-filter-serie-pb\/"]}]},{"@type":"ImageObject","inLanguage":"de-DE","@id":"https:\/\/www.afprofilters.com\/de\/produkt\/hepa-filter-serie-pb\/#primaryimage","url":"https:\/\/www.afprofilters.com\/wp-content\/uploads\/2021\/01\/PB.jpg","contentUrl":"https:\/\/www.afprofilters.com\/wp-content\/uploads\/2021\/01\/PB.jpg","width":2001,"height":2000,"caption":"Fotostudio IMAGO Hamsterkoog 17c 1822 CD Alkmaar Netherlands 072 5 620 625"},{"@type":"BreadcrumbList","@id":"https:\/\/www.afprofilters.com\/de\/produkt\/hepa-filter-serie-pb\/#breadcrumb","itemListElement":[{"@type":"ListItem","position":1,"name":"","item":"https:\/\/www.afprofilters.com\/de\/"},{"@type":"ListItem","position":2,"name":"Products","item":"https:\/\/www.afprofilters.com\/de\/produkt\/"},{"@type":"ListItem","position":3,"name":"HEPA Filter","item":"https:\/\/www.afprofilters.com\/de\/producktart\/hepa-filter\/"},{"@type":"ListItem","position":4,"name":"HEPA filter serie PB"}]},{"@type":"WebSite","@id":"https:\/\/www.afprofilters.com\/de\/#website","url":"https:\/\/www.afprofilters.com\/de\/","name":"AFPRO","description":"AFPRO Filters","publisher":{"@id":"https:\/\/www.afprofilters.com\/de\/#organization"},"potentialAction":[{"@type":"SearchAction","target":{"@type":"EntryPoint","urlTemplate":"https:\/\/www.afprofilters.com\/de\/?s={search_term_string}"},"query-input":{"@type":"PropertyValueSpecification","valueRequired":true,"valueName":"search_term_string"}}],"inLanguage":"de-DE"},{"@type":"Organization","@id":"https:\/\/www.afprofilters.com\/de\/#organization","name":"AFPRO","url":"https:\/\/www.afprofilters.com\/de\/","logo":{"@type":"ImageObject","inLanguage":"de-DE","@id":"https:\/\/www.afprofilters.com\/de\/#\/schema\/logo\/image\/","url":"https:\/\/www.afprofilters.com\/wp-content\/uploads\/2021\/05\/AFPRO-logo.png","contentUrl":"https:\/\/www.afprofilters.com\/wp-content\/uploads\/2021\/05\/AFPRO-logo.png","width":640,"height":177,"caption":"AFPRO"},"image":{"@id":"https:\/\/www.afprofilters.com\/de\/#\/schema\/logo\/image\/"}}]}},"_links":{"self":[{"href":"https:\/\/www.afprofilters.com\/de\/wp-json\/wp\/v2\/product\/22446","targetHints":{"allow":["GET"]}}],"collection":[{"href":"https:\/\/www.afprofilters.com\/de\/wp-json\/wp\/v2\/product"}],"about":[{"href":"https:\/\/www.afprofilters.com\/de\/wp-json\/wp\/v2\/types\/product"}],"wp:featuredmedia":[{"embeddable":true,"href":"https:\/\/www.afprofilters.com\/de\/wp-json\/wp\/v2\/media\/23206"}],"wp:attachment":[{"href":"https:\/\/www.afprofilters.com\/de\/wp-json\/wp\/v2\/media?parent=22446"}],"wp:term":[{"taxonomy":"product_category","embeddable":true,"href":"https:\/\/www.afprofilters.com\/de\/wp-json\/wp\/v2\/product_category?post=22446"}],"curies":[{"name":"wp","href":"https:\/\/api.w.org\/{rel}","templated":true}]}}