{"id":18514,"date":"2020-10-15T08:14:35","date_gmt":"2020-10-15T08:14:35","guid":{"rendered":"https:\/\/www.afprofilters.com\/?post_type=product&#038;p=18514"},"modified":"2024-11-26T10:48:19","modified_gmt":"2024-11-26T10:48:19","slug":"bag-in-bag-out-gehaeuse-sf-ch","status":"publish","type":"product","link":"https:\/\/www.afprofilters.com\/de\/produkt\/bag-in-bag-out-gehaeuse-sf-ch\/","title":{"rendered":"Bag-in \/ Bag-out Geh\u00e4use SF-CH"},"content":{"rendered":"<p><strong>Bag-in \/ Bag-out-Geh\u00e4use SF-CH<\/strong>\u00a0werden haupts\u00e4chlich f\u00fcr die Abluft in Biosicherheitslaboren, und im pharmazeutischem Sektor, Krankenh\u00e4usern eingesetzt, bei denen ein kontaminationsfreier Filterwechsel erforderlich ist.<\/p>\n<ul>\n<li><strong>Verwendung:<\/strong> Installation an kontaminierten Luftabsaugungen, sicherer Filterwechsel mit Bag-in \/ Bag-out Technik<\/li>\n<li><strong>Konstruktion:<\/strong> Stahl 20\/10 (geschwei\u00dft), epoxidfarbe RAL 9010 eingebrannt<\/li>\n<li><strong>Zubeh\u00f6r:<\/strong> Rei\u00dffester Sack mit integriertem Gummi, Einspannung des Filters durch Exzenternocken<\/li>\n<\/ul>\n","protected":false},"featured_media":16028,"parent":0,"template":"","format":"standard","product_category":[703],"class_list":["post-18514","product","type-product","status-publish","format-standard","has-post-thumbnail","hentry","product_category-filtergehaeuse"],"acf":[],"yoast_head":"<!-- This site is optimized with the Yoast SEO plugin v27.3 - https:\/\/yoast.com\/product\/yoast-seo-wordpress\/ -->\n<title>Bag-in \/ Bag-out Geh\u00e4use SF-CH - AFPRO<\/title>\n<meta name=\"description\" content=\"Bag-in \/ Bag-out Geh\u00e4use SF-CH | Bag-in-Bag-out (BIBO)-Filterwechselsystem ausgestattet sind \u2705 Biosicherheitslaboren, farmaceutische Sektor \u2705\" \/>\n<meta name=\"robots\" content=\"index, follow, max-snippet:-1, max-image-preview:large, max-video-preview:-1\" \/>\n<link rel=\"canonical\" href=\"https:\/\/www.afprofilters.com\/de\/produkt\/bag-in-bag-out-gehaeuse-sf-ch\/\" \/>\n<meta property=\"og:locale\" content=\"de_DE\" \/>\n<meta property=\"og:type\" content=\"article\" \/>\n<meta property=\"og:title\" content=\"Bag-in \/ Bag-out Geh\u00e4use SF-CH - AFPRO\" \/>\n<meta property=\"og:description\" content=\"Bag-in \/ Bag-out Geh\u00e4use SF-CH | Bag-in-Bag-out (BIBO)-Filterwechselsystem ausgestattet sind \u2705 Biosicherheitslaboren, farmaceutische Sektor \u2705\" \/>\n<meta property=\"og:url\" content=\"https:\/\/www.afprofilters.com\/de\/produkt\/bag-in-bag-out-gehaeuse-sf-ch\/\" \/>\n<meta property=\"og:site_name\" content=\"AFPRO\" \/>\n<meta property=\"article:modified_time\" content=\"2024-11-26T10:48:19+00:00\" \/>\n<meta property=\"og:image\" content=\"http:\/\/www.afprofilters.com\/wp-content\/uploads\/2019\/10\/caisson-canister-SF-CH.png\" \/>\n\t<meta property=\"og:image:width\" content=\"415\" \/>\n\t<meta property=\"og:image:height\" content=\"354\" \/>\n\t<meta property=\"og:image:type\" content=\"image\/png\" \/>\n<meta name=\"twitter:card\" content=\"summary_large_image\" \/>\n<meta name=\"twitter:label1\" content=\"Gesch\u00e4tzte Lesezeit\" \/>\n\t<meta name=\"twitter:data1\" content=\"1 Minute\" \/>\n<script type=\"application\/ld+json\" class=\"yoast-schema-graph\">{\"@context\":\"https:\\\/\\\/schema.org\",\"@graph\":[{\"@type\":\"WebPage\",\"@id\":\"https:\\\/\\\/www.afprofilters.com\\\/de\\\/produkt\\\/bag-in-bag-out-gehaeuse-sf-ch\\\/\",\"url\":\"https:\\\/\\\/www.afprofilters.com\\\/de\\\/produkt\\\/bag-in-bag-out-gehaeuse-sf-ch\\\/\",\"name\":\"Bag-in \\\/ Bag-out Geh\u00e4use SF-CH - AFPRO\",\"isPartOf\":{\"@id\":\"https:\\\/\\\/www.afprofilters.com\\\/de\\\/#website\"},\"primaryImageOfPage\":{\"@id\":\"https:\\\/\\\/www.afprofilters.com\\\/de\\\/produkt\\\/bag-in-bag-out-gehaeuse-sf-ch\\\/#primaryimage\"},\"image\":{\"@id\":\"https:\\\/\\\/www.afprofilters.com\\\/de\\\/produkt\\\/bag-in-bag-out-gehaeuse-sf-ch\\\/#primaryimage\"},\"thumbnailUrl\":\"https:\\\/\\\/www.afprofilters.com\\\/wp-content\\\/uploads\\\/2019\\\/10\\\/caisson-canister-SF-CH.png\",\"datePublished\":\"2020-10-15T08:14:35+00:00\",\"dateModified\":\"2024-11-26T10:48:19+00:00\",\"description\":\"Bag-in \\\/ Bag-out Geh\u00e4use SF-CH | Bag-in-Bag-out (BIBO)-Filterwechselsystem ausgestattet sind \u2705 Biosicherheitslaboren, farmaceutische Sektor \u2705\",\"breadcrumb\":{\"@id\":\"https:\\\/\\\/www.afprofilters.com\\\/de\\\/produkt\\\/bag-in-bag-out-gehaeuse-sf-ch\\\/#breadcrumb\"},\"inLanguage\":\"de-DE\",\"potentialAction\":[{\"@type\":\"ReadAction\",\"target\":[\"https:\\\/\\\/www.afprofilters.com\\\/de\\\/produkt\\\/bag-in-bag-out-gehaeuse-sf-ch\\\/\"]}]},{\"@type\":\"ImageObject\",\"inLanguage\":\"de-DE\",\"@id\":\"https:\\\/\\\/www.afprofilters.com\\\/de\\\/produkt\\\/bag-in-bag-out-gehaeuse-sf-ch\\\/#primaryimage\",\"url\":\"https:\\\/\\\/www.afprofilters.com\\\/wp-content\\\/uploads\\\/2019\\\/10\\\/caisson-canister-SF-CH.png\",\"contentUrl\":\"https:\\\/\\\/www.afprofilters.com\\\/wp-content\\\/uploads\\\/2019\\\/10\\\/caisson-canister-SF-CH.png\",\"width\":415,\"height\":354,\"caption\":\"caisson canister SF-CH\"},{\"@type\":\"BreadcrumbList\",\"@id\":\"https:\\\/\\\/www.afprofilters.com\\\/de\\\/produkt\\\/bag-in-bag-out-gehaeuse-sf-ch\\\/#breadcrumb\",\"itemListElement\":[{\"@type\":\"ListItem\",\"position\":1,\"name\":\"\",\"item\":\"https:\\\/\\\/www.afprofilters.com\\\/de\\\/\"},{\"@type\":\"ListItem\",\"position\":2,\"name\":\"Products\",\"item\":\"https:\\\/\\\/www.afprofilters.com\\\/de\\\/produkt\\\/\"},{\"@type\":\"ListItem\",\"position\":3,\"name\":\"Filtergeh\u00e4use\",\"item\":\"https:\\\/\\\/www.afprofilters.com\\\/de\\\/producktart\\\/filtergehaeuse\\\/\"},{\"@type\":\"ListItem\",\"position\":4,\"name\":\"Bag-in \\\/ Bag-out Geh\u00e4use SF-CH\"}]},{\"@type\":\"WebSite\",\"@id\":\"https:\\\/\\\/www.afprofilters.com\\\/de\\\/#website\",\"url\":\"https:\\\/\\\/www.afprofilters.com\\\/de\\\/\",\"name\":\"AFPRO\",\"description\":\"AFPRO Filters\",\"publisher\":{\"@id\":\"https:\\\/\\\/www.afprofilters.com\\\/de\\\/#organization\"},\"potentialAction\":[{\"@type\":\"SearchAction\",\"target\":{\"@type\":\"EntryPoint\",\"urlTemplate\":\"https:\\\/\\\/www.afprofilters.com\\\/de\\\/?s={search_term_string}\"},\"query-input\":{\"@type\":\"PropertyValueSpecification\",\"valueRequired\":true,\"valueName\":\"search_term_string\"}}],\"inLanguage\":\"de-DE\"},{\"@type\":\"Organization\",\"@id\":\"https:\\\/\\\/www.afprofilters.com\\\/de\\\/#organization\",\"name\":\"AFPRO\",\"url\":\"https:\\\/\\\/www.afprofilters.com\\\/de\\\/\",\"logo\":{\"@type\":\"ImageObject\",\"inLanguage\":\"de-DE\",\"@id\":\"https:\\\/\\\/www.afprofilters.com\\\/de\\\/#\\\/schema\\\/logo\\\/image\\\/\",\"url\":\"https:\\\/\\\/www.afprofilters.com\\\/wp-content\\\/uploads\\\/2021\\\/05\\\/AFPRO-logo.png\",\"contentUrl\":\"https:\\\/\\\/www.afprofilters.com\\\/wp-content\\\/uploads\\\/2021\\\/05\\\/AFPRO-logo.png\",\"width\":640,\"height\":177,\"caption\":\"AFPRO\"},\"image\":{\"@id\":\"https:\\\/\\\/www.afprofilters.com\\\/de\\\/#\\\/schema\\\/logo\\\/image\\\/\"}}]}<\/script>\n<!-- \/ Yoast SEO plugin. -->","yoast_head_json":{"title":"Bag-in \/ Bag-out Geh\u00e4use SF-CH - AFPRO","description":"Bag-in \/ Bag-out Geh\u00e4use SF-CH | Bag-in-Bag-out (BIBO)-Filterwechselsystem ausgestattet sind \u2705 Biosicherheitslaboren, farmaceutische Sektor \u2705","robots":{"index":"index","follow":"follow","max-snippet":"max-snippet:-1","max-image-preview":"max-image-preview:large","max-video-preview":"max-video-preview:-1"},"canonical":"https:\/\/www.afprofilters.com\/de\/produkt\/bag-in-bag-out-gehaeuse-sf-ch\/","og_locale":"de_DE","og_type":"article","og_title":"Bag-in \/ Bag-out Geh\u00e4use SF-CH - AFPRO","og_description":"Bag-in \/ Bag-out Geh\u00e4use SF-CH | Bag-in-Bag-out (BIBO)-Filterwechselsystem ausgestattet sind \u2705 Biosicherheitslaboren, farmaceutische Sektor \u2705","og_url":"https:\/\/www.afprofilters.com\/de\/produkt\/bag-in-bag-out-gehaeuse-sf-ch\/","og_site_name":"AFPRO","article_modified_time":"2024-11-26T10:48:19+00:00","og_image":[{"width":415,"height":354,"url":"http:\/\/www.afprofilters.com\/wp-content\/uploads\/2019\/10\/caisson-canister-SF-CH.png","type":"image\/png"}],"twitter_card":"summary_large_image","twitter_misc":{"Gesch\u00e4tzte Lesezeit":"1 Minute"},"schema":{"@context":"https:\/\/schema.org","@graph":[{"@type":"WebPage","@id":"https:\/\/www.afprofilters.com\/de\/produkt\/bag-in-bag-out-gehaeuse-sf-ch\/","url":"https:\/\/www.afprofilters.com\/de\/produkt\/bag-in-bag-out-gehaeuse-sf-ch\/","name":"Bag-in \/ Bag-out Geh\u00e4use SF-CH - AFPRO","isPartOf":{"@id":"https:\/\/www.afprofilters.com\/de\/#website"},"primaryImageOfPage":{"@id":"https:\/\/www.afprofilters.com\/de\/produkt\/bag-in-bag-out-gehaeuse-sf-ch\/#primaryimage"},"image":{"@id":"https:\/\/www.afprofilters.com\/de\/produkt\/bag-in-bag-out-gehaeuse-sf-ch\/#primaryimage"},"thumbnailUrl":"https:\/\/www.afprofilters.com\/wp-content\/uploads\/2019\/10\/caisson-canister-SF-CH.png","datePublished":"2020-10-15T08:14:35+00:00","dateModified":"2024-11-26T10:48:19+00:00","description":"Bag-in \/ Bag-out Geh\u00e4use SF-CH | Bag-in-Bag-out (BIBO)-Filterwechselsystem ausgestattet sind \u2705 Biosicherheitslaboren, farmaceutische Sektor \u2705","breadcrumb":{"@id":"https:\/\/www.afprofilters.com\/de\/produkt\/bag-in-bag-out-gehaeuse-sf-ch\/#breadcrumb"},"inLanguage":"de-DE","potentialAction":[{"@type":"ReadAction","target":["https:\/\/www.afprofilters.com\/de\/produkt\/bag-in-bag-out-gehaeuse-sf-ch\/"]}]},{"@type":"ImageObject","inLanguage":"de-DE","@id":"https:\/\/www.afprofilters.com\/de\/produkt\/bag-in-bag-out-gehaeuse-sf-ch\/#primaryimage","url":"https:\/\/www.afprofilters.com\/wp-content\/uploads\/2019\/10\/caisson-canister-SF-CH.png","contentUrl":"https:\/\/www.afprofilters.com\/wp-content\/uploads\/2019\/10\/caisson-canister-SF-CH.png","width":415,"height":354,"caption":"caisson canister SF-CH"},{"@type":"BreadcrumbList","@id":"https:\/\/www.afprofilters.com\/de\/produkt\/bag-in-bag-out-gehaeuse-sf-ch\/#breadcrumb","itemListElement":[{"@type":"ListItem","position":1,"name":"","item":"https:\/\/www.afprofilters.com\/de\/"},{"@type":"ListItem","position":2,"name":"Products","item":"https:\/\/www.afprofilters.com\/de\/produkt\/"},{"@type":"ListItem","position":3,"name":"Filtergeh\u00e4use","item":"https:\/\/www.afprofilters.com\/de\/producktart\/filtergehaeuse\/"},{"@type":"ListItem","position":4,"name":"Bag-in \/ Bag-out Geh\u00e4use SF-CH"}]},{"@type":"WebSite","@id":"https:\/\/www.afprofilters.com\/de\/#website","url":"https:\/\/www.afprofilters.com\/de\/","name":"AFPRO","description":"AFPRO Filters","publisher":{"@id":"https:\/\/www.afprofilters.com\/de\/#organization"},"potentialAction":[{"@type":"SearchAction","target":{"@type":"EntryPoint","urlTemplate":"https:\/\/www.afprofilters.com\/de\/?s={search_term_string}"},"query-input":{"@type":"PropertyValueSpecification","valueRequired":true,"valueName":"search_term_string"}}],"inLanguage":"de-DE"},{"@type":"Organization","@id":"https:\/\/www.afprofilters.com\/de\/#organization","name":"AFPRO","url":"https:\/\/www.afprofilters.com\/de\/","logo":{"@type":"ImageObject","inLanguage":"de-DE","@id":"https:\/\/www.afprofilters.com\/de\/#\/schema\/logo\/image\/","url":"https:\/\/www.afprofilters.com\/wp-content\/uploads\/2021\/05\/AFPRO-logo.png","contentUrl":"https:\/\/www.afprofilters.com\/wp-content\/uploads\/2021\/05\/AFPRO-logo.png","width":640,"height":177,"caption":"AFPRO"},"image":{"@id":"https:\/\/www.afprofilters.com\/de\/#\/schema\/logo\/image\/"}}]}},"_links":{"self":[{"href":"https:\/\/www.afprofilters.com\/de\/wp-json\/wp\/v2\/product\/18514","targetHints":{"allow":["GET"]}}],"collection":[{"href":"https:\/\/www.afprofilters.com\/de\/wp-json\/wp\/v2\/product"}],"about":[{"href":"https:\/\/www.afprofilters.com\/de\/wp-json\/wp\/v2\/types\/product"}],"wp:featuredmedia":[{"embeddable":true,"href":"https:\/\/www.afprofilters.com\/de\/wp-json\/wp\/v2\/media\/16028"}],"wp:attachment":[{"href":"https:\/\/www.afprofilters.com\/de\/wp-json\/wp\/v2\/media?parent=18514"}],"wp:term":[{"taxonomy":"product_category","embeddable":true,"href":"https:\/\/www.afprofilters.com\/de\/wp-json\/wp\/v2\/product_category?post=18514"}],"curies":[{"name":"wp","href":"https:\/\/api.w.org\/{rel}","templated":true}]}}