{"id":1682,"date":"2016-09-08T10:56:24","date_gmt":"2016-09-08T10:56:24","guid":{"rendered":"https:\/\/www.afprofilters.com\/?post_type=product&#038;p=1682&#038;lang=de"},"modified":"2022-04-04T14:49:13","modified_gmt":"2022-04-04T14:49:13","slug":"aktivkohle-zylinderfilter","status":"publish","type":"product","link":"https:\/\/www.afprofilters.com\/de\/produkt\/aktivkohle-zylinderfilter\/","title":{"rendered":"Aktivkohle Zylinderfilter"},"content":{"rendered":"<p>Die <strong>Aktivkohle Zylinderfilter<\/strong> bestehen aus Elementen, die mit Aktivkohlegranulat gef\u00fcllt werden. Die Filter sind h\u00e4ufig wiederbef\u00fcllbar und zeichnen sich durch eine hohe Aufnahmekapazit\u00e4t bei niedrigem Durchsatz aus. AFPRO bietet au\u03b2erdem ein umfassendes Programm an Filtern an, bei denen eine relativ geringe Menge Aktivkohle zwischen zwei Lagen aus Filtermedien angebracht ist. Bei sehr hohen Gaskonzentrationen empfiehlt sich auch die Anwendung von Edelstahl.<\/p>\n<div class=\"pos-description\">\n<div class=\"element element-textarea first last\">\n<ul>\n<li><strong>Rahmen: <\/strong>Stahl verzinkt oder Edelstahl<\/li>\n<li><strong>Activkohle: <\/strong>Aktivkohle&nbsp;Granulat<\/li>\n<li><strong>Dichtung: <\/strong>Neopren<\/li>\n<\/ul>\n<p>&nbsp;<\/p>\n<\/div>\n<\/div>\n","protected":false},"featured_media":736,"parent":0,"template":"","format":"standard","product_category":[39],"class_list":["post-1682","product","type-product","status-publish","format-standard","has-post-thumbnail","hentry","product_category-aktivkohlefilter"],"acf":[],"yoast_head":"<!-- This site is optimized with the Yoast SEO plugin v27.3 - https:\/\/yoast.com\/product\/yoast-seo-wordpress\/ -->\n<title>Aktivkohle Zylinderfilter - AFPRO<\/title>\n<meta name=\"description\" content=\"Alle wichtigen Informationen \u00fcber den aktivkohle zylinder filter finden Sie auf dieser Seite. Klicken Sie auf diesen Link oder kontaktieren Sie uns um ein Angebot zu erhalten.\" \/>\n<meta name=\"robots\" content=\"index, follow, max-snippet:-1, max-image-preview:large, max-video-preview:-1\" \/>\n<link rel=\"canonical\" href=\"https:\/\/www.afprofilters.com\/de\/produkt\/aktivkohle-zylinderfilter\/\" \/>\n<meta property=\"og:locale\" content=\"de_DE\" \/>\n<meta property=\"og:type\" content=\"article\" \/>\n<meta property=\"og:title\" content=\"Aktivkohle Zylinderfilter - AFPRO\" \/>\n<meta property=\"og:description\" content=\"Alle wichtigen Informationen \u00fcber den aktivkohle zylinder filter finden Sie auf dieser Seite. Klicken Sie auf diesen Link oder kontaktieren Sie uns um ein Angebot zu erhalten.\" \/>\n<meta property=\"og:url\" content=\"https:\/\/www.afprofilters.com\/de\/produkt\/aktivkohle-zylinderfilter\/\" \/>\n<meta property=\"og:site_name\" content=\"AFPRO\" \/>\n<meta property=\"article:modified_time\" content=\"2022-04-04T14:49:13+00:00\" \/>\n<meta property=\"og:image\" content=\"http:\/\/www.afprofilters.com\/wp-content\/uploads\/2016\/09\/AC-2-26-402x1024-1.jpg\" \/>\n\t<meta property=\"og:image:width\" content=\"1366\" \/>\n\t<meta property=\"og:image:height\" content=\"1024\" \/>\n\t<meta property=\"og:image:type\" content=\"image\/jpeg\" \/>\n<meta name=\"twitter:card\" content=\"summary_large_image\" \/>\n<meta name=\"twitter:label1\" content=\"Gesch\u00e4tzte Lesezeit\" \/>\n\t<meta name=\"twitter:data1\" content=\"1 Minute\" \/>\n<script type=\"application\/ld+json\" class=\"yoast-schema-graph\">{\"@context\":\"https:\\\/\\\/schema.org\",\"@graph\":[{\"@type\":\"WebPage\",\"@id\":\"https:\\\/\\\/www.afprofilters.com\\\/de\\\/produkt\\\/aktivkohle-zylinderfilter\\\/\",\"url\":\"https:\\\/\\\/www.afprofilters.com\\\/de\\\/produkt\\\/aktivkohle-zylinderfilter\\\/\",\"name\":\"Aktivkohle Zylinderfilter - AFPRO\",\"isPartOf\":{\"@id\":\"https:\\\/\\\/www.afprofilters.com\\\/de\\\/#website\"},\"primaryImageOfPage\":{\"@id\":\"https:\\\/\\\/www.afprofilters.com\\\/de\\\/produkt\\\/aktivkohle-zylinderfilter\\\/#primaryimage\"},\"image\":{\"@id\":\"https:\\\/\\\/www.afprofilters.com\\\/de\\\/produkt\\\/aktivkohle-zylinderfilter\\\/#primaryimage\"},\"thumbnailUrl\":\"https:\\\/\\\/www.afprofilters.com\\\/wp-content\\\/uploads\\\/2016\\\/09\\\/AC-2-26-402x1024-1.jpg\",\"datePublished\":\"2016-09-08T10:56:24+00:00\",\"dateModified\":\"2022-04-04T14:49:13+00:00\",\"description\":\"Alle wichtigen Informationen \u00fcber den aktivkohle zylinder filter finden Sie auf dieser Seite. Klicken Sie auf diesen Link oder kontaktieren Sie uns um ein Angebot zu erhalten.\",\"breadcrumb\":{\"@id\":\"https:\\\/\\\/www.afprofilters.com\\\/de\\\/produkt\\\/aktivkohle-zylinderfilter\\\/#breadcrumb\"},\"inLanguage\":\"de-DE\",\"potentialAction\":[{\"@type\":\"ReadAction\",\"target\":[\"https:\\\/\\\/www.afprofilters.com\\\/de\\\/produkt\\\/aktivkohle-zylinderfilter\\\/\"]}]},{\"@type\":\"ImageObject\",\"inLanguage\":\"de-DE\",\"@id\":\"https:\\\/\\\/www.afprofilters.com\\\/de\\\/produkt\\\/aktivkohle-zylinderfilter\\\/#primaryimage\",\"url\":\"https:\\\/\\\/www.afprofilters.com\\\/wp-content\\\/uploads\\\/2016\\\/09\\\/AC-2-26-402x1024-1.jpg\",\"contentUrl\":\"https:\\\/\\\/www.afprofilters.com\\\/wp-content\\\/uploads\\\/2016\\\/09\\\/AC-2-26-402x1024-1.jpg\",\"width\":1366,\"height\":1024,\"caption\":\"aktivkohle zylinder filter\"},{\"@type\":\"BreadcrumbList\",\"@id\":\"https:\\\/\\\/www.afprofilters.com\\\/de\\\/produkt\\\/aktivkohle-zylinderfilter\\\/#breadcrumb\",\"itemListElement\":[{\"@type\":\"ListItem\",\"position\":1,\"name\":\"\",\"item\":\"https:\\\/\\\/www.afprofilters.com\\\/de\\\/\"},{\"@type\":\"ListItem\",\"position\":2,\"name\":\"Products\",\"item\":\"https:\\\/\\\/www.afprofilters.com\\\/de\\\/produkt\\\/\"},{\"@type\":\"ListItem\",\"position\":3,\"name\":\"Aktivkohlefilter\",\"item\":\"https:\\\/\\\/www.afprofilters.com\\\/de\\\/producktart\\\/aktivkohlefilter\\\/\"},{\"@type\":\"ListItem\",\"position\":4,\"name\":\"Aktivkohle Zylinderfilter\"}]},{\"@type\":\"WebSite\",\"@id\":\"https:\\\/\\\/www.afprofilters.com\\\/de\\\/#website\",\"url\":\"https:\\\/\\\/www.afprofilters.com\\\/de\\\/\",\"name\":\"AFPRO\",\"description\":\"AFPRO Filters\",\"publisher\":{\"@id\":\"https:\\\/\\\/www.afprofilters.com\\\/de\\\/#organization\"},\"potentialAction\":[{\"@type\":\"SearchAction\",\"target\":{\"@type\":\"EntryPoint\",\"urlTemplate\":\"https:\\\/\\\/www.afprofilters.com\\\/de\\\/?s={search_term_string}\"},\"query-input\":{\"@type\":\"PropertyValueSpecification\",\"valueRequired\":true,\"valueName\":\"search_term_string\"}}],\"inLanguage\":\"de-DE\"},{\"@type\":\"Organization\",\"@id\":\"https:\\\/\\\/www.afprofilters.com\\\/de\\\/#organization\",\"name\":\"AFPRO\",\"url\":\"https:\\\/\\\/www.afprofilters.com\\\/de\\\/\",\"logo\":{\"@type\":\"ImageObject\",\"inLanguage\":\"de-DE\",\"@id\":\"https:\\\/\\\/www.afprofilters.com\\\/de\\\/#\\\/schema\\\/logo\\\/image\\\/\",\"url\":\"https:\\\/\\\/www.afprofilters.com\\\/wp-content\\\/uploads\\\/2021\\\/05\\\/AFPRO-logo.png\",\"contentUrl\":\"https:\\\/\\\/www.afprofilters.com\\\/wp-content\\\/uploads\\\/2021\\\/05\\\/AFPRO-logo.png\",\"width\":640,\"height\":177,\"caption\":\"AFPRO\"},\"image\":{\"@id\":\"https:\\\/\\\/www.afprofilters.com\\\/de\\\/#\\\/schema\\\/logo\\\/image\\\/\"}}]}<\/script>\n<!-- \/ Yoast SEO plugin. -->","yoast_head_json":{"title":"Aktivkohle Zylinderfilter - AFPRO","description":"Alle wichtigen Informationen \u00fcber den aktivkohle zylinder filter finden Sie auf dieser Seite. Klicken Sie auf diesen Link oder kontaktieren Sie uns um ein Angebot zu erhalten.","robots":{"index":"index","follow":"follow","max-snippet":"max-snippet:-1","max-image-preview":"max-image-preview:large","max-video-preview":"max-video-preview:-1"},"canonical":"https:\/\/www.afprofilters.com\/de\/produkt\/aktivkohle-zylinderfilter\/","og_locale":"de_DE","og_type":"article","og_title":"Aktivkohle Zylinderfilter - AFPRO","og_description":"Alle wichtigen Informationen \u00fcber den aktivkohle zylinder filter finden Sie auf dieser Seite. Klicken Sie auf diesen Link oder kontaktieren Sie uns um ein Angebot zu erhalten.","og_url":"https:\/\/www.afprofilters.com\/de\/produkt\/aktivkohle-zylinderfilter\/","og_site_name":"AFPRO","article_modified_time":"2022-04-04T14:49:13+00:00","og_image":[{"width":1366,"height":1024,"url":"http:\/\/www.afprofilters.com\/wp-content\/uploads\/2016\/09\/AC-2-26-402x1024-1.jpg","type":"image\/jpeg"}],"twitter_card":"summary_large_image","twitter_misc":{"Gesch\u00e4tzte Lesezeit":"1 Minute"},"schema":{"@context":"https:\/\/schema.org","@graph":[{"@type":"WebPage","@id":"https:\/\/www.afprofilters.com\/de\/produkt\/aktivkohle-zylinderfilter\/","url":"https:\/\/www.afprofilters.com\/de\/produkt\/aktivkohle-zylinderfilter\/","name":"Aktivkohle Zylinderfilter - AFPRO","isPartOf":{"@id":"https:\/\/www.afprofilters.com\/de\/#website"},"primaryImageOfPage":{"@id":"https:\/\/www.afprofilters.com\/de\/produkt\/aktivkohle-zylinderfilter\/#primaryimage"},"image":{"@id":"https:\/\/www.afprofilters.com\/de\/produkt\/aktivkohle-zylinderfilter\/#primaryimage"},"thumbnailUrl":"https:\/\/www.afprofilters.com\/wp-content\/uploads\/2016\/09\/AC-2-26-402x1024-1.jpg","datePublished":"2016-09-08T10:56:24+00:00","dateModified":"2022-04-04T14:49:13+00:00","description":"Alle wichtigen Informationen \u00fcber den aktivkohle zylinder filter finden Sie auf dieser Seite. Klicken Sie auf diesen Link oder kontaktieren Sie uns um ein Angebot zu erhalten.","breadcrumb":{"@id":"https:\/\/www.afprofilters.com\/de\/produkt\/aktivkohle-zylinderfilter\/#breadcrumb"},"inLanguage":"de-DE","potentialAction":[{"@type":"ReadAction","target":["https:\/\/www.afprofilters.com\/de\/produkt\/aktivkohle-zylinderfilter\/"]}]},{"@type":"ImageObject","inLanguage":"de-DE","@id":"https:\/\/www.afprofilters.com\/de\/produkt\/aktivkohle-zylinderfilter\/#primaryimage","url":"https:\/\/www.afprofilters.com\/wp-content\/uploads\/2016\/09\/AC-2-26-402x1024-1.jpg","contentUrl":"https:\/\/www.afprofilters.com\/wp-content\/uploads\/2016\/09\/AC-2-26-402x1024-1.jpg","width":1366,"height":1024,"caption":"aktivkohle zylinder filter"},{"@type":"BreadcrumbList","@id":"https:\/\/www.afprofilters.com\/de\/produkt\/aktivkohle-zylinderfilter\/#breadcrumb","itemListElement":[{"@type":"ListItem","position":1,"name":"","item":"https:\/\/www.afprofilters.com\/de\/"},{"@type":"ListItem","position":2,"name":"Products","item":"https:\/\/www.afprofilters.com\/de\/produkt\/"},{"@type":"ListItem","position":3,"name":"Aktivkohlefilter","item":"https:\/\/www.afprofilters.com\/de\/producktart\/aktivkohlefilter\/"},{"@type":"ListItem","position":4,"name":"Aktivkohle Zylinderfilter"}]},{"@type":"WebSite","@id":"https:\/\/www.afprofilters.com\/de\/#website","url":"https:\/\/www.afprofilters.com\/de\/","name":"AFPRO","description":"AFPRO Filters","publisher":{"@id":"https:\/\/www.afprofilters.com\/de\/#organization"},"potentialAction":[{"@type":"SearchAction","target":{"@type":"EntryPoint","urlTemplate":"https:\/\/www.afprofilters.com\/de\/?s={search_term_string}"},"query-input":{"@type":"PropertyValueSpecification","valueRequired":true,"valueName":"search_term_string"}}],"inLanguage":"de-DE"},{"@type":"Organization","@id":"https:\/\/www.afprofilters.com\/de\/#organization","name":"AFPRO","url":"https:\/\/www.afprofilters.com\/de\/","logo":{"@type":"ImageObject","inLanguage":"de-DE","@id":"https:\/\/www.afprofilters.com\/de\/#\/schema\/logo\/image\/","url":"https:\/\/www.afprofilters.com\/wp-content\/uploads\/2021\/05\/AFPRO-logo.png","contentUrl":"https:\/\/www.afprofilters.com\/wp-content\/uploads\/2021\/05\/AFPRO-logo.png","width":640,"height":177,"caption":"AFPRO"},"image":{"@id":"https:\/\/www.afprofilters.com\/de\/#\/schema\/logo\/image\/"}}]}},"_links":{"self":[{"href":"https:\/\/www.afprofilters.com\/de\/wp-json\/wp\/v2\/product\/1682","targetHints":{"allow":["GET"]}}],"collection":[{"href":"https:\/\/www.afprofilters.com\/de\/wp-json\/wp\/v2\/product"}],"about":[{"href":"https:\/\/www.afprofilters.com\/de\/wp-json\/wp\/v2\/types\/product"}],"wp:featuredmedia":[{"embeddable":true,"href":"https:\/\/www.afprofilters.com\/de\/wp-json\/wp\/v2\/media\/736"}],"wp:attachment":[{"href":"https:\/\/www.afprofilters.com\/de\/wp-json\/wp\/v2\/media?parent=1682"}],"wp:term":[{"taxonomy":"product_category","embeddable":true,"href":"https:\/\/www.afprofilters.com\/de\/wp-json\/wp\/v2\/product_category?post=1682"}],"curies":[{"name":"wp","href":"https:\/\/api.w.org\/{rel}","templated":true}]}}