{"id":1618,"date":"2016-09-08T08:55:03","date_gmt":"2016-09-08T08:55:03","guid":{"rendered":"https:\/\/www.afprofilters.com\/?post_type=product&#038;p=1618&#038;lang=de"},"modified":"2022-03-08T17:07:00","modified_gmt":"2022-03-08T17:07:00","slug":"taschenfilter-halterahmen","status":"publish","type":"product","link":"https:\/\/www.afprofilters.com\/de\/produkt\/taschenfilter-halterahmen\/","title":{"rendered":"Taschenfilter Halterahmen"},"content":{"rendered":"<p><span style=\"font-size: 16px\">Die Montagerahmen werden f\u00fcr Luftaufbereitungseinheiten und Lufteinlasssysteme von beispielsweise Gasturbinen verwendet.Die <\/span><strong style=\"font-size: 16px\">Taschenfilter Halterahmen<\/strong><span style=\"font-size: 16px\"> bestehen aus verzinktem Stahl oder Edelstahl AISI&nbsp;304&nbsp;oder AISI 316. Auf Anfrage k\u00f6nnen die Rahmen auch mit einer Epoxybeschichtung versehen werden. Um die h\u00f6chstm\u00f6gliche Stabilit\u00e4t der Rahmen zu gew\u00e4hrleisten, werden ausschlie\u00dflich hochwertige Stahlsorten verwendet. Au\u00dferdem wurde bei der Konstruktion der Rahmen der Stabilit\u00e4t ebenso gro\u00dfe Aufmerksamkeit gewidmet wie der Montagefreundlichkeit.<\/span><\/p>\n<div class=\"pos-description\">\n<div class=\"element element-textarea first last\">\n<ul>\n<li><strong>Rahmen: <\/strong>Stahl verzinkt, Edelstahl<\/li>\n<li><strong>Dichtung: <\/strong>Aufgesch\u00e4umtes Polyurethan<\/li>\n<\/ul>\n<\/div>\n<\/div>\n","protected":false},"featured_media":751,"parent":0,"template":"","format":"standard","product_category":[45],"class_list":["post-1618","product","type-product","status-publish","format-standard","has-post-thumbnail","hentry","product_category-halterahmen"],"acf":[],"yoast_head":"<!-- This site is optimized with the Yoast SEO plugin v27.3 - https:\/\/yoast.com\/product\/yoast-seo-wordpress\/ -->\n<title>taschenfilter halterahmen<\/title>\n<meta name=\"description\" content=\"Alle wichtigen Informationen \u00fcber den taschenfilter halterahmen finden Sie auf dieser Seite. Klicken Sie auf diesen Link oder kontaktieren Sie uns um ein Angebot zu erhalten.\" \/>\n<meta name=\"robots\" content=\"index, follow, max-snippet:-1, max-image-preview:large, max-video-preview:-1\" \/>\n<link rel=\"canonical\" href=\"https:\/\/www.afprofilters.com\/de\/produkt\/taschenfilter-halterahmen\/\" \/>\n<meta property=\"og:locale\" content=\"de_DE\" \/>\n<meta property=\"og:type\" content=\"article\" \/>\n<meta property=\"og:title\" content=\"taschenfilter halterahmen\" \/>\n<meta property=\"og:description\" content=\"Alle wichtigen Informationen \u00fcber den taschenfilter halterahmen finden Sie auf dieser Seite. Klicken Sie auf diesen Link oder kontaktieren Sie uns um ein Angebot zu erhalten.\" \/>\n<meta property=\"og:url\" content=\"https:\/\/www.afprofilters.com\/de\/produkt\/taschenfilter-halterahmen\/\" \/>\n<meta property=\"og:site_name\" content=\"AFPRO\" \/>\n<meta property=\"article:modified_time\" content=\"2022-03-08T17:07:00+00:00\" \/>\n<meta property=\"og:image\" content=\"http:\/\/www.afprofilters.com\/wp-content\/uploads\/2016\/08\/HOLDING-FRAMES.jpg\" \/>\n\t<meta property=\"og:image:width\" content=\"2810\" \/>\n\t<meta property=\"og:image:height\" content=\"3217\" \/>\n\t<meta property=\"og:image:type\" content=\"image\/jpeg\" \/>\n<meta name=\"twitter:card\" content=\"summary_large_image\" \/>\n<meta name=\"twitter:label1\" content=\"Gesch\u00e4tzte Lesezeit\" \/>\n\t<meta name=\"twitter:data1\" content=\"1 Minute\" \/>\n<script type=\"application\/ld+json\" class=\"yoast-schema-graph\">{\"@context\":\"https:\\\/\\\/schema.org\",\"@graph\":[{\"@type\":\"WebPage\",\"@id\":\"https:\\\/\\\/www.afprofilters.com\\\/de\\\/produkt\\\/taschenfilter-halterahmen\\\/\",\"url\":\"https:\\\/\\\/www.afprofilters.com\\\/de\\\/produkt\\\/taschenfilter-halterahmen\\\/\",\"name\":\"taschenfilter halterahmen\",\"isPartOf\":{\"@id\":\"https:\\\/\\\/www.afprofilters.com\\\/de\\\/#website\"},\"primaryImageOfPage\":{\"@id\":\"https:\\\/\\\/www.afprofilters.com\\\/de\\\/produkt\\\/taschenfilter-halterahmen\\\/#primaryimage\"},\"image\":{\"@id\":\"https:\\\/\\\/www.afprofilters.com\\\/de\\\/produkt\\\/taschenfilter-halterahmen\\\/#primaryimage\"},\"thumbnailUrl\":\"https:\\\/\\\/www.afprofilters.com\\\/wp-content\\\/uploads\\\/2016\\\/08\\\/HOLDING-FRAMES.jpg\",\"datePublished\":\"2016-09-08T08:55:03+00:00\",\"dateModified\":\"2022-03-08T17:07:00+00:00\",\"description\":\"Alle wichtigen Informationen \u00fcber den taschenfilter halterahmen finden Sie auf dieser Seite. Klicken Sie auf diesen Link oder kontaktieren Sie uns um ein Angebot zu erhalten.\",\"breadcrumb\":{\"@id\":\"https:\\\/\\\/www.afprofilters.com\\\/de\\\/produkt\\\/taschenfilter-halterahmen\\\/#breadcrumb\"},\"inLanguage\":\"de-DE\",\"potentialAction\":[{\"@type\":\"ReadAction\",\"target\":[\"https:\\\/\\\/www.afprofilters.com\\\/de\\\/produkt\\\/taschenfilter-halterahmen\\\/\"]}]},{\"@type\":\"ImageObject\",\"inLanguage\":\"de-DE\",\"@id\":\"https:\\\/\\\/www.afprofilters.com\\\/de\\\/produkt\\\/taschenfilter-halterahmen\\\/#primaryimage\",\"url\":\"https:\\\/\\\/www.afprofilters.com\\\/wp-content\\\/uploads\\\/2016\\\/08\\\/HOLDING-FRAMES.jpg\",\"contentUrl\":\"https:\\\/\\\/www.afprofilters.com\\\/wp-content\\\/uploads\\\/2016\\\/08\\\/HOLDING-FRAMES.jpg\",\"width\":2810,\"height\":3217,\"caption\":\"taschenfilter halterahmen\"},{\"@type\":\"BreadcrumbList\",\"@id\":\"https:\\\/\\\/www.afprofilters.com\\\/de\\\/produkt\\\/taschenfilter-halterahmen\\\/#breadcrumb\",\"itemListElement\":[{\"@type\":\"ListItem\",\"position\":1,\"name\":\"\",\"item\":\"https:\\\/\\\/www.afprofilters.com\\\/de\\\/\"},{\"@type\":\"ListItem\",\"position\":2,\"name\":\"Products\",\"item\":\"https:\\\/\\\/www.afprofilters.com\\\/de\\\/produkt\\\/\"},{\"@type\":\"ListItem\",\"position\":3,\"name\":\"Halterahmen\",\"item\":\"https:\\\/\\\/www.afprofilters.com\\\/de\\\/producktart\\\/halterahmen\\\/\"},{\"@type\":\"ListItem\",\"position\":4,\"name\":\"Taschenfilter Halterahmen\"}]},{\"@type\":\"WebSite\",\"@id\":\"https:\\\/\\\/www.afprofilters.com\\\/de\\\/#website\",\"url\":\"https:\\\/\\\/www.afprofilters.com\\\/de\\\/\",\"name\":\"AFPRO\",\"description\":\"AFPRO Filters\",\"publisher\":{\"@id\":\"https:\\\/\\\/www.afprofilters.com\\\/de\\\/#organization\"},\"potentialAction\":[{\"@type\":\"SearchAction\",\"target\":{\"@type\":\"EntryPoint\",\"urlTemplate\":\"https:\\\/\\\/www.afprofilters.com\\\/de\\\/?s={search_term_string}\"},\"query-input\":{\"@type\":\"PropertyValueSpecification\",\"valueRequired\":true,\"valueName\":\"search_term_string\"}}],\"inLanguage\":\"de-DE\"},{\"@type\":\"Organization\",\"@id\":\"https:\\\/\\\/www.afprofilters.com\\\/de\\\/#organization\",\"name\":\"AFPRO\",\"url\":\"https:\\\/\\\/www.afprofilters.com\\\/de\\\/\",\"logo\":{\"@type\":\"ImageObject\",\"inLanguage\":\"de-DE\",\"@id\":\"https:\\\/\\\/www.afprofilters.com\\\/de\\\/#\\\/schema\\\/logo\\\/image\\\/\",\"url\":\"https:\\\/\\\/www.afprofilters.com\\\/wp-content\\\/uploads\\\/2021\\\/05\\\/AFPRO-logo.png\",\"contentUrl\":\"https:\\\/\\\/www.afprofilters.com\\\/wp-content\\\/uploads\\\/2021\\\/05\\\/AFPRO-logo.png\",\"width\":640,\"height\":177,\"caption\":\"AFPRO\"},\"image\":{\"@id\":\"https:\\\/\\\/www.afprofilters.com\\\/de\\\/#\\\/schema\\\/logo\\\/image\\\/\"}}]}<\/script>\n<!-- \/ Yoast SEO plugin. -->","yoast_head_json":{"title":"taschenfilter halterahmen","description":"Alle wichtigen Informationen \u00fcber den taschenfilter halterahmen finden Sie auf dieser Seite. Klicken Sie auf diesen Link oder kontaktieren Sie uns um ein Angebot zu erhalten.","robots":{"index":"index","follow":"follow","max-snippet":"max-snippet:-1","max-image-preview":"max-image-preview:large","max-video-preview":"max-video-preview:-1"},"canonical":"https:\/\/www.afprofilters.com\/de\/produkt\/taschenfilter-halterahmen\/","og_locale":"de_DE","og_type":"article","og_title":"taschenfilter halterahmen","og_description":"Alle wichtigen Informationen \u00fcber den taschenfilter halterahmen finden Sie auf dieser Seite. Klicken Sie auf diesen Link oder kontaktieren Sie uns um ein Angebot zu erhalten.","og_url":"https:\/\/www.afprofilters.com\/de\/produkt\/taschenfilter-halterahmen\/","og_site_name":"AFPRO","article_modified_time":"2022-03-08T17:07:00+00:00","og_image":[{"width":2810,"height":3217,"url":"http:\/\/www.afprofilters.com\/wp-content\/uploads\/2016\/08\/HOLDING-FRAMES.jpg","type":"image\/jpeg"}],"twitter_card":"summary_large_image","twitter_misc":{"Gesch\u00e4tzte Lesezeit":"1 Minute"},"schema":{"@context":"https:\/\/schema.org","@graph":[{"@type":"WebPage","@id":"https:\/\/www.afprofilters.com\/de\/produkt\/taschenfilter-halterahmen\/","url":"https:\/\/www.afprofilters.com\/de\/produkt\/taschenfilter-halterahmen\/","name":"taschenfilter halterahmen","isPartOf":{"@id":"https:\/\/www.afprofilters.com\/de\/#website"},"primaryImageOfPage":{"@id":"https:\/\/www.afprofilters.com\/de\/produkt\/taschenfilter-halterahmen\/#primaryimage"},"image":{"@id":"https:\/\/www.afprofilters.com\/de\/produkt\/taschenfilter-halterahmen\/#primaryimage"},"thumbnailUrl":"https:\/\/www.afprofilters.com\/wp-content\/uploads\/2016\/08\/HOLDING-FRAMES.jpg","datePublished":"2016-09-08T08:55:03+00:00","dateModified":"2022-03-08T17:07:00+00:00","description":"Alle wichtigen Informationen \u00fcber den taschenfilter halterahmen finden Sie auf dieser Seite. Klicken Sie auf diesen Link oder kontaktieren Sie uns um ein Angebot zu erhalten.","breadcrumb":{"@id":"https:\/\/www.afprofilters.com\/de\/produkt\/taschenfilter-halterahmen\/#breadcrumb"},"inLanguage":"de-DE","potentialAction":[{"@type":"ReadAction","target":["https:\/\/www.afprofilters.com\/de\/produkt\/taschenfilter-halterahmen\/"]}]},{"@type":"ImageObject","inLanguage":"de-DE","@id":"https:\/\/www.afprofilters.com\/de\/produkt\/taschenfilter-halterahmen\/#primaryimage","url":"https:\/\/www.afprofilters.com\/wp-content\/uploads\/2016\/08\/HOLDING-FRAMES.jpg","contentUrl":"https:\/\/www.afprofilters.com\/wp-content\/uploads\/2016\/08\/HOLDING-FRAMES.jpg","width":2810,"height":3217,"caption":"taschenfilter halterahmen"},{"@type":"BreadcrumbList","@id":"https:\/\/www.afprofilters.com\/de\/produkt\/taschenfilter-halterahmen\/#breadcrumb","itemListElement":[{"@type":"ListItem","position":1,"name":"","item":"https:\/\/www.afprofilters.com\/de\/"},{"@type":"ListItem","position":2,"name":"Products","item":"https:\/\/www.afprofilters.com\/de\/produkt\/"},{"@type":"ListItem","position":3,"name":"Halterahmen","item":"https:\/\/www.afprofilters.com\/de\/producktart\/halterahmen\/"},{"@type":"ListItem","position":4,"name":"Taschenfilter Halterahmen"}]},{"@type":"WebSite","@id":"https:\/\/www.afprofilters.com\/de\/#website","url":"https:\/\/www.afprofilters.com\/de\/","name":"AFPRO","description":"AFPRO Filters","publisher":{"@id":"https:\/\/www.afprofilters.com\/de\/#organization"},"potentialAction":[{"@type":"SearchAction","target":{"@type":"EntryPoint","urlTemplate":"https:\/\/www.afprofilters.com\/de\/?s={search_term_string}"},"query-input":{"@type":"PropertyValueSpecification","valueRequired":true,"valueName":"search_term_string"}}],"inLanguage":"de-DE"},{"@type":"Organization","@id":"https:\/\/www.afprofilters.com\/de\/#organization","name":"AFPRO","url":"https:\/\/www.afprofilters.com\/de\/","logo":{"@type":"ImageObject","inLanguage":"de-DE","@id":"https:\/\/www.afprofilters.com\/de\/#\/schema\/logo\/image\/","url":"https:\/\/www.afprofilters.com\/wp-content\/uploads\/2021\/05\/AFPRO-logo.png","contentUrl":"https:\/\/www.afprofilters.com\/wp-content\/uploads\/2021\/05\/AFPRO-logo.png","width":640,"height":177,"caption":"AFPRO"},"image":{"@id":"https:\/\/www.afprofilters.com\/de\/#\/schema\/logo\/image\/"}}]}},"_links":{"self":[{"href":"https:\/\/www.afprofilters.com\/de\/wp-json\/wp\/v2\/product\/1618","targetHints":{"allow":["GET"]}}],"collection":[{"href":"https:\/\/www.afprofilters.com\/de\/wp-json\/wp\/v2\/product"}],"about":[{"href":"https:\/\/www.afprofilters.com\/de\/wp-json\/wp\/v2\/types\/product"}],"wp:featuredmedia":[{"embeddable":true,"href":"https:\/\/www.afprofilters.com\/de\/wp-json\/wp\/v2\/media\/751"}],"wp:attachment":[{"href":"https:\/\/www.afprofilters.com\/de\/wp-json\/wp\/v2\/media?parent=1618"}],"wp:term":[{"taxonomy":"product_category","embeddable":true,"href":"https:\/\/www.afprofilters.com\/de\/wp-json\/wp\/v2\/product_category?post=1618"}],"curies":[{"name":"wp","href":"https:\/\/api.w.org\/{rel}","templated":true}]}}