{"id":12438,"date":"2019-04-29T12:32:33","date_gmt":"2019-04-29T12:32:33","guid":{"rendered":"http:\/\/rcmrfan.cluster024.hosting.ovh.net\/?post_type=product&#038;p=12438"},"modified":"2021-02-04T07:10:25","modified_gmt":"2021-02-04T07:10:25","slug":"aktivkohletest","status":"publish","type":"product","link":"https:\/\/www.afprofilters.com\/de\/produkt\/aktivkohletest\/","title":{"rendered":"Aktivkohletest"},"content":{"rendered":"<p>AFPRO Filters produziert Aktivkohlefilter zur Luftreinigung. Die aus AFPRO-Filtern verwendete Holzkohle hat eine Adsorptionskapazit\u00e4t, die 40% ihres Gewichts \u00fcbersteigen kann. Stark aktiviert, sorgt es f\u00fcr eine lange Lebensdauer der Filter. Es sind Filter erh\u00e4ltlich, die eine geringe Menge Aktivkohle enthalten, und Platten oder Caissons, die aus Pellets mit einer hohen Menge Aktivkohle bestehen. Diese Filter sind ideal gegen Ger\u00fcche und verschmutzte Umgebungen.<\/p>\n<p>&nbsp;<\/p>\n","protected":false},"featured_media":23084,"parent":0,"template":"template-product-service-version-2.php","format":"standard","product_category":[650],"class_list":["post-12438","product","type-product","status-publish","format-standard","has-post-thumbnail","hentry","product_category-service"],"acf":[],"yoast_head":"<!-- This site is optimized with the Yoast SEO plugin v27.3 - https:\/\/yoast.com\/product\/yoast-seo-wordpress\/ -->\n<title>Aktivkohletest - AFPRO<\/title>\n<meta name=\"robots\" content=\"index, follow, max-snippet:-1, max-image-preview:large, max-video-preview:-1\" \/>\n<link rel=\"canonical\" href=\"https:\/\/www.afprofilters.com\/de\/produkt\/aktivkohletest\/\" \/>\n<meta property=\"og:locale\" content=\"de_DE\" \/>\n<meta property=\"og:type\" content=\"article\" \/>\n<meta property=\"og:title\" content=\"Aktivkohletest - AFPRO\" \/>\n<meta property=\"og:description\" content=\"AFPRO Filters produziert Aktivkohlefilter zur Luftreinigung. Die aus AFPRO-Filtern verwendete Holzkohle hat eine Adsorptionskapazit\u00e4t, die 40% ihres Gewichts \u00fcbersteigen kann. Stark aktiviert, sorgt es f\u00fcr eine lange Lebensdauer der Filter. Es sind Filter erh\u00e4ltlich, die eine geringe Menge Aktivkohle enthalten, und Platten oder Caissons, die aus Pellets mit einer hohen Menge Aktivkohle bestehen. Diese Filter [&hellip;]\" \/>\n<meta property=\"og:url\" content=\"https:\/\/www.afprofilters.com\/de\/produkt\/aktivkohletest\/\" \/>\n<meta property=\"og:site_name\" content=\"AFPRO\" \/>\n<meta property=\"article:modified_time\" content=\"2021-02-04T07:10:25+00:00\" \/>\n<meta property=\"og:image\" content=\"http:\/\/www.afprofilters.com\/wp-content\/uploads\/2017\/01\/DSC5306-1.jpg\" \/>\n\t<meta property=\"og:image:width\" content=\"599\" \/>\n\t<meta property=\"og:image:height\" content=\"400\" \/>\n\t<meta property=\"og:image:type\" content=\"image\/jpeg\" \/>\n<meta name=\"twitter:card\" content=\"summary_large_image\" \/>\n<meta name=\"twitter:label1\" content=\"Gesch\u00e4tzte Lesezeit\" \/>\n\t<meta name=\"twitter:data1\" content=\"1 Minute\" \/>\n<script type=\"application\/ld+json\" class=\"yoast-schema-graph\">{\"@context\":\"https:\\\/\\\/schema.org\",\"@graph\":[{\"@type\":\"WebPage\",\"@id\":\"https:\\\/\\\/www.afprofilters.com\\\/de\\\/produkt\\\/aktivkohletest\\\/\",\"url\":\"https:\\\/\\\/www.afprofilters.com\\\/de\\\/produkt\\\/aktivkohletest\\\/\",\"name\":\"Aktivkohletest - AFPRO\",\"isPartOf\":{\"@id\":\"https:\\\/\\\/www.afprofilters.com\\\/de\\\/#website\"},\"primaryImageOfPage\":{\"@id\":\"https:\\\/\\\/www.afprofilters.com\\\/de\\\/produkt\\\/aktivkohletest\\\/#primaryimage\"},\"image\":{\"@id\":\"https:\\\/\\\/www.afprofilters.com\\\/de\\\/produkt\\\/aktivkohletest\\\/#primaryimage\"},\"thumbnailUrl\":\"https:\\\/\\\/www.afprofilters.com\\\/wp-content\\\/uploads\\\/2017\\\/01\\\/DSC5306-1.jpg\",\"datePublished\":\"2019-04-29T12:32:33+00:00\",\"dateModified\":\"2021-02-04T07:10:25+00:00\",\"breadcrumb\":{\"@id\":\"https:\\\/\\\/www.afprofilters.com\\\/de\\\/produkt\\\/aktivkohletest\\\/#breadcrumb\"},\"inLanguage\":\"de-DE\",\"potentialAction\":[{\"@type\":\"ReadAction\",\"target\":[\"https:\\\/\\\/www.afprofilters.com\\\/de\\\/produkt\\\/aktivkohletest\\\/\"]}]},{\"@type\":\"ImageObject\",\"inLanguage\":\"de-DE\",\"@id\":\"https:\\\/\\\/www.afprofilters.com\\\/de\\\/produkt\\\/aktivkohletest\\\/#primaryimage\",\"url\":\"https:\\\/\\\/www.afprofilters.com\\\/wp-content\\\/uploads\\\/2017\\\/01\\\/DSC5306-1.jpg\",\"contentUrl\":\"https:\\\/\\\/www.afprofilters.com\\\/wp-content\\\/uploads\\\/2017\\\/01\\\/DSC5306-1.jpg\",\"width\":599,\"height\":400},{\"@type\":\"BreadcrumbList\",\"@id\":\"https:\\\/\\\/www.afprofilters.com\\\/de\\\/produkt\\\/aktivkohletest\\\/#breadcrumb\",\"itemListElement\":[{\"@type\":\"ListItem\",\"position\":1,\"name\":\"\",\"item\":\"https:\\\/\\\/www.afprofilters.com\\\/de\\\/\"},{\"@type\":\"ListItem\",\"position\":2,\"name\":\"Products\",\"item\":\"https:\\\/\\\/www.afprofilters.com\\\/de\\\/produkt\\\/\"},{\"@type\":\"ListItem\",\"position\":3,\"name\":\"Service\",\"item\":\"https:\\\/\\\/www.afprofilters.com\\\/de\\\/producktart\\\/service\\\/\"},{\"@type\":\"ListItem\",\"position\":4,\"name\":\"Aktivkohletest\"}]},{\"@type\":\"WebSite\",\"@id\":\"https:\\\/\\\/www.afprofilters.com\\\/de\\\/#website\",\"url\":\"https:\\\/\\\/www.afprofilters.com\\\/de\\\/\",\"name\":\"AFPRO\",\"description\":\"AFPRO Filters\",\"publisher\":{\"@id\":\"https:\\\/\\\/www.afprofilters.com\\\/de\\\/#organization\"},\"potentialAction\":[{\"@type\":\"SearchAction\",\"target\":{\"@type\":\"EntryPoint\",\"urlTemplate\":\"https:\\\/\\\/www.afprofilters.com\\\/de\\\/?s={search_term_string}\"},\"query-input\":{\"@type\":\"PropertyValueSpecification\",\"valueRequired\":true,\"valueName\":\"search_term_string\"}}],\"inLanguage\":\"de-DE\"},{\"@type\":\"Organization\",\"@id\":\"https:\\\/\\\/www.afprofilters.com\\\/de\\\/#organization\",\"name\":\"AFPRO\",\"url\":\"https:\\\/\\\/www.afprofilters.com\\\/de\\\/\",\"logo\":{\"@type\":\"ImageObject\",\"inLanguage\":\"de-DE\",\"@id\":\"https:\\\/\\\/www.afprofilters.com\\\/de\\\/#\\\/schema\\\/logo\\\/image\\\/\",\"url\":\"https:\\\/\\\/www.afprofilters.com\\\/wp-content\\\/uploads\\\/2021\\\/05\\\/AFPRO-logo.png\",\"contentUrl\":\"https:\\\/\\\/www.afprofilters.com\\\/wp-content\\\/uploads\\\/2021\\\/05\\\/AFPRO-logo.png\",\"width\":640,\"height\":177,\"caption\":\"AFPRO\"},\"image\":{\"@id\":\"https:\\\/\\\/www.afprofilters.com\\\/de\\\/#\\\/schema\\\/logo\\\/image\\\/\"}}]}<\/script>\n<!-- \/ Yoast SEO plugin. -->","yoast_head_json":{"title":"Aktivkohletest - AFPRO","robots":{"index":"index","follow":"follow","max-snippet":"max-snippet:-1","max-image-preview":"max-image-preview:large","max-video-preview":"max-video-preview:-1"},"canonical":"https:\/\/www.afprofilters.com\/de\/produkt\/aktivkohletest\/","og_locale":"de_DE","og_type":"article","og_title":"Aktivkohletest - AFPRO","og_description":"AFPRO Filters produziert Aktivkohlefilter zur Luftreinigung. Die aus AFPRO-Filtern verwendete Holzkohle hat eine Adsorptionskapazit\u00e4t, die 40% ihres Gewichts \u00fcbersteigen kann. Stark aktiviert, sorgt es f\u00fcr eine lange Lebensdauer der Filter. Es sind Filter erh\u00e4ltlich, die eine geringe Menge Aktivkohle enthalten, und Platten oder Caissons, die aus Pellets mit einer hohen Menge Aktivkohle bestehen. Diese Filter [&hellip;]","og_url":"https:\/\/www.afprofilters.com\/de\/produkt\/aktivkohletest\/","og_site_name":"AFPRO","article_modified_time":"2021-02-04T07:10:25+00:00","og_image":[{"width":599,"height":400,"url":"http:\/\/www.afprofilters.com\/wp-content\/uploads\/2017\/01\/DSC5306-1.jpg","type":"image\/jpeg"}],"twitter_card":"summary_large_image","twitter_misc":{"Gesch\u00e4tzte Lesezeit":"1 Minute"},"schema":{"@context":"https:\/\/schema.org","@graph":[{"@type":"WebPage","@id":"https:\/\/www.afprofilters.com\/de\/produkt\/aktivkohletest\/","url":"https:\/\/www.afprofilters.com\/de\/produkt\/aktivkohletest\/","name":"Aktivkohletest - AFPRO","isPartOf":{"@id":"https:\/\/www.afprofilters.com\/de\/#website"},"primaryImageOfPage":{"@id":"https:\/\/www.afprofilters.com\/de\/produkt\/aktivkohletest\/#primaryimage"},"image":{"@id":"https:\/\/www.afprofilters.com\/de\/produkt\/aktivkohletest\/#primaryimage"},"thumbnailUrl":"https:\/\/www.afprofilters.com\/wp-content\/uploads\/2017\/01\/DSC5306-1.jpg","datePublished":"2019-04-29T12:32:33+00:00","dateModified":"2021-02-04T07:10:25+00:00","breadcrumb":{"@id":"https:\/\/www.afprofilters.com\/de\/produkt\/aktivkohletest\/#breadcrumb"},"inLanguage":"de-DE","potentialAction":[{"@type":"ReadAction","target":["https:\/\/www.afprofilters.com\/de\/produkt\/aktivkohletest\/"]}]},{"@type":"ImageObject","inLanguage":"de-DE","@id":"https:\/\/www.afprofilters.com\/de\/produkt\/aktivkohletest\/#primaryimage","url":"https:\/\/www.afprofilters.com\/wp-content\/uploads\/2017\/01\/DSC5306-1.jpg","contentUrl":"https:\/\/www.afprofilters.com\/wp-content\/uploads\/2017\/01\/DSC5306-1.jpg","width":599,"height":400},{"@type":"BreadcrumbList","@id":"https:\/\/www.afprofilters.com\/de\/produkt\/aktivkohletest\/#breadcrumb","itemListElement":[{"@type":"ListItem","position":1,"name":"","item":"https:\/\/www.afprofilters.com\/de\/"},{"@type":"ListItem","position":2,"name":"Products","item":"https:\/\/www.afprofilters.com\/de\/produkt\/"},{"@type":"ListItem","position":3,"name":"Service","item":"https:\/\/www.afprofilters.com\/de\/producktart\/service\/"},{"@type":"ListItem","position":4,"name":"Aktivkohletest"}]},{"@type":"WebSite","@id":"https:\/\/www.afprofilters.com\/de\/#website","url":"https:\/\/www.afprofilters.com\/de\/","name":"AFPRO","description":"AFPRO Filters","publisher":{"@id":"https:\/\/www.afprofilters.com\/de\/#organization"},"potentialAction":[{"@type":"SearchAction","target":{"@type":"EntryPoint","urlTemplate":"https:\/\/www.afprofilters.com\/de\/?s={search_term_string}"},"query-input":{"@type":"PropertyValueSpecification","valueRequired":true,"valueName":"search_term_string"}}],"inLanguage":"de-DE"},{"@type":"Organization","@id":"https:\/\/www.afprofilters.com\/de\/#organization","name":"AFPRO","url":"https:\/\/www.afprofilters.com\/de\/","logo":{"@type":"ImageObject","inLanguage":"de-DE","@id":"https:\/\/www.afprofilters.com\/de\/#\/schema\/logo\/image\/","url":"https:\/\/www.afprofilters.com\/wp-content\/uploads\/2021\/05\/AFPRO-logo.png","contentUrl":"https:\/\/www.afprofilters.com\/wp-content\/uploads\/2021\/05\/AFPRO-logo.png","width":640,"height":177,"caption":"AFPRO"},"image":{"@id":"https:\/\/www.afprofilters.com\/de\/#\/schema\/logo\/image\/"}}]}},"_links":{"self":[{"href":"https:\/\/www.afprofilters.com\/de\/wp-json\/wp\/v2\/product\/12438","targetHints":{"allow":["GET"]}}],"collection":[{"href":"https:\/\/www.afprofilters.com\/de\/wp-json\/wp\/v2\/product"}],"about":[{"href":"https:\/\/www.afprofilters.com\/de\/wp-json\/wp\/v2\/types\/product"}],"wp:featuredmedia":[{"embeddable":true,"href":"https:\/\/www.afprofilters.com\/de\/wp-json\/wp\/v2\/media\/23084"}],"wp:attachment":[{"href":"https:\/\/www.afprofilters.com\/de\/wp-json\/wp\/v2\/media?parent=12438"}],"wp:term":[{"taxonomy":"product_category","embeddable":true,"href":"https:\/\/www.afprofilters.com\/de\/wp-json\/wp\/v2\/product_category?post=12438"}],"curies":[{"name":"wp","href":"https:\/\/api.w.org\/{rel}","templated":true}]}}