{"id":983,"date":"2016-09-06T11:50:19","date_gmt":"2016-09-06T11:50:19","guid":{"rendered":"https:\/\/www.afprofilters.com\/?page_id=983&#038;lang=de"},"modified":"2026-02-16T09:49:09","modified_gmt":"2026-02-16T09:49:09","slug":"ueber-uns","status":"publish","type":"page","link":"https:\/\/www.afprofilters.com\/de\/ueber-uns\/","title":{"rendered":"\u00dcber uns"},"content":{"rendered":"\n<figure class=\"wp-block-embed is-type-video is-provider-youtube wp-block-embed-youtube wp-embed-aspect-16-9 wp-has-aspect-ratio\"><div class=\"wp-block-embed__wrapper\">\n<iframe loading=\"lazy\" title=\"Inside the innovative logistic hub of AFPRO\" width=\"500\" height=\"281\" src=\"https:\/\/www.youtube.com\/embed\/yW6VUQL2FrI?feature=oembed\" frameborder=\"0\" allow=\"accelerometer; autoplay; clipboard-write; encrypted-media; gyroscope; picture-in-picture; web-share\" referrerpolicy=\"strict-origin-when-cross-origin\" allowfullscreen><\/iframe>\n<\/div><\/figure>\n\n\n\n<p>Seit seiner Gr\u00fcndung im Jahr 1979 hat sich das Unternehmen AFPRO Filters B.V. auf dem internationalen Markt f\u00fcr Luftfiltration eine F\u00fchrungsposition gesichert. Dank Verkaufsb\u00fcros in den Niederlanden, in Belgien, Deutschland, Frankreich, Polen, Schweiz,Finnland,Australien, China sowie einem weiten internationalen H\u00e4ndlernetz sind Filter von AFPRO weltweit erh\u00e4ltlich.<\/p>\n\n\n\n<div class=\"content\">\n<p>Das AFPRO-Team arbeitet gemeinsam mit seinen Kunden daran, eine optimale Luftfilterl\u00f6sung zu finden. Abgesehen von der hohen Produktqualit\u00e4t unterscheidet sich AFPRO durch die hervorragende Logistik und die Anlieferung von verwandten Bedarfsartikeln, wie beispielsweise Keilriemen, von seinen Konkurrenten. Durch kurze Lieferfristen dank einer unschlagbaren Logistik ist AFPRO Filters zu einem zuverl\u00e4ssigen internationalen Partner herangewachsen.<\/p>\n<p>Als Hersteller ist AFPRO Filters in der Lage, neben Standardprodukten auch hochspezialisierte auf jeden einzelnen Kunden zugeschnittene L\u00f6sungen zu fertigen, die genau den spezifischen W\u00fcnschen des Kunden entsprechen.<\/p>\n<h3><strong><br>Unsere Mission<\/strong><\/h3>\n<p>Wir alle haben ein Recht auf saubere Luft, und diese saubere Luft wird durch den Einsatz unserer Filter gew\u00e4hrleistet.<br>Ziel ist das Erreichen gesunder Lebens- und Umweltbedingungen. Eine optimale IAQ (indoor air quality) wirkt leistungsf\u00f6rdernd und erm\u00f6glicht Bestleistungen bei uns allen.<br>Das weltweite Problem des zu hohen Energiekonsums kann direkt durch die Verwendung unserer Filter reduziert werden. Einsparungen von 50 % beim Energieverbrauch der Luftbehandlung sind f\u00fcr uns nichts Neues. So einfach ist das auf der einen Seite und so effizient auf der anderen.<\/p>\n<h3><strong><br>Unsere Vision<\/strong><\/h3>\n<p>Luftbehandlung und Lebensqualit\u00e4t gehen Hand in Hand. Wir wollen beide auf ein h\u00f6heres Niveau bringen. AFPRO Filters liefert saubere Luft, oder anders gesagt: Clean air provided by AFPRO Filters!<\/p>\n<h3><strong><br>Firmenkultur<\/strong><\/h3>\n<p>Unserem Ursprung treu arbeiten wir im Schulterschluss an einem gemeinsamen Resultat. AFPRO h\u00e4lt nichts von einer hierarchischen Struktur und verlangt von allen Mitarbeitern eine \u201eKrempelt-die-\u00c4rmel-hoch-Mentalit\u00e4t\u201c. Alle Abteilungsleiter sind jeden Tag an den ausf\u00fchrenden T\u00e4tigkeiten ihres Teams beteiligt. Im Gegenzug wird vom Team eine offene Kommunikation verlangt. Auf diese Art und Weise k\u00f6nnen wir eventuell auftretende Probleme schnell erkennen und diese ad\u00e4quat l\u00f6sen. Dies ist eigentlich f\u00fcr jedes Unternehmen erforderlich, auf jeden Fall aber f\u00fcr ein schnell wachsendes wie das unsrige.<\/p>\n<p>Unser Managementteam steht im t\u00e4glichen Kontakt mit der Basis und legt gro\u00dfen Wert darauf, die individuellen Kompetenzen zu nutzen. Im Rahmen des niederl\u00e4ndischen Mottos \u201eMeten is weten\u201c, was so viel hei\u00dft wie \u201eMessen hei\u00dft, es genau zu wissen\u201c wird das Unternehmen verhaltens- und ergebnisorientiert geleitet.<\/p>\n<p>Bei AFPRO liegen Vertrauen und Reflexion dem guten Funktionieren zugrunde. Der Prozessverantwortliche hat viel Bewegungsfreiheit, um sein Ziel zu erreichen. Eventuelle Aha-Erlebnisse werden in die zwischenzeitliche Reflexion eingebaut. Au\u00dferdem legen wir gro\u00dfen Wert auf die pers\u00f6nliche Entwicklung \u2013 so werden bei AFPRO die Profile f\u00fcr die Mitarbeiterentwicklung ma\u00dfgeschneidert.<\/p>\n<h3><strong><br>Hauptsitz: Alkmaar, Niederlande<\/strong><\/h3>\n<p>Dieses internationale Unternehmen hat seinen Ursprung in Alkmaar, Niederlande. Der Direktor Karel Bosschieter hat AFPRO Filtertechniek B.V., nach einer kurzen Karriere bei einem englischen Unternehmen, im Jahre 1979 gegr\u00fcndet.<br>Die Anf\u00e4nge von AFPRO Filtertechniek B.V. lagen im Handel mit Luftfiltern. Zu Beginn wurden die Produkte auf Bestellung ge- und verkauft. Nach einigen Jahren wurde der Schritt zur Produktion in Eigenregie gemacht. Im Laufe der Jahre hat sich AFPRO Filtertechniek B.V zu einem erfahrenen und fachkundigen Partner auf dem Gebiet der Luftfiltration entwickelt.<\/p>\n<h3><strong><br>Wichtige Meilensteine des Unternehmens<\/strong><\/h3>\n<p>1979: Gr\u00fcndung von AFPRO Filtertechniek B.V.<br>1988: Gr\u00fcndung von AFPRO Filters Belgien<br>1995: Entwicklung des eigenen Laboratoriums<br>2004: Erhalt der ISO-9001\/T\u00dcV-Zertifizierung<br>2005: Er\u00f6ffnung der zweiten Fabrik in Alkmaar, NL<br>2007: Er\u00f6ffnung der Produktionsniederlassung in China<br>2008: Er\u00f6ffnung des Deutschland-B\u00fcros<br>2009: Erhalt der Eurovent-Zertifizierung<br>2010: Er\u00f6ffnung des Frankreich-B\u00fcros<\/p>\n<h3><strong><br>Unternehmend &amp; innovativ<\/strong><\/h3>\n<p>AFPRO erkennt die sich am Markt bietenden Chancen und setzt diese Chancen in innovative Produkte um. Dieser Unternehmergeist hat AFPRO zu der Entscheidung bewogen, seine Produktion teilweise nach China zu verlagern. So k\u00f6nnen wir die Kosten niedrig halten und Qualit\u00e4t sowie Quantit\u00e4t garantieren.<\/p>\n<p>Kurz nach der Gr\u00fcndung von AFPRO Filtertechniek B.V. wurde auch die belgische Niederlassung er\u00f6ffnet. Der Name AFPRO Filtertechniek B.V. wurde in den Benelux-Staaten offiziell registriert. Der Aufbau des ersten Laboratoriums war ein Beginn der aktiven Produktentwicklung, die zu unserem Alltag geh\u00f6rt. Das niederl\u00e4ndische Laboratorium ist vor Kurzem renoviert und mit der allerneusten Technologie ausger\u00fcstet worden, so dass wir eine m\u00f6glichst breite Skala an Untersuchungen anbieten k\u00f6nnen. Sie k\u00f6nnen sich auch an unsere Forschungsabteilung wenden, wenn Sie eine ganz spezifische Energiekalkulation f\u00fcr Ihre Luftbehandlung w\u00fcnschen.<br>Mit der ISO-, T\u00dcV- und Eurovent-Zertifizierung erweist sich AFPRO den h\u00f6chsten internationalen Standards zufolge als solider und zuverl\u00e4ssiger Partner. Qualit\u00e4t bei den Produkten und beim Management spielt damit auch in unserem Unternehmen eine sehr wichtige Rolle.<\/p>\n<\/div>\n\n\n\n<div class=\"wp-block-columns is-layout-flex wp-container-core-columns-is-layout-9d6595d7 wp-block-columns-is-layout-flex\">\n<div class=\"wp-block-column is-layout-flow wp-block-column-is-layout-flow\" style=\"flex-basis:66.66%\">\n<p><strong>AFPRO Filters<\/strong> ist ein aktives Mitglied von <strong>Silicon Saxony<\/strong>, dem f\u00fchrenden Hightech-Netzwerk in Europa, das innovative Unternehmen, Forschungseinrichtungen und Industriepartner zusammenbringt, um Halbleiter-, Mikroelektronik- und Smart-Systems-Technologien voranzubringen.<\/p>\n<\/div>\n\n\n\n<div class=\"wp-block-column is-layout-flow wp-block-column-is-layout-flow\" style=\"flex-basis:33.33%\"><div class=\"wp-block-image\">\n<figure class=\"alignleft size-full is-resized\"><a href=\"https:\/\/silicon-saxony.de\/\"><img loading=\"lazy\" decoding=\"async\" width=\"600\" height=\"315\" src=\"http:\/\/www.afprofilters.com\/wp-content\/uploads\/2026\/02\/Member-of-Logo_transparent_RGB.png\" alt=\"\" class=\"wp-image-40699\" style=\"width:170px;height:auto\" srcset=\"https:\/\/www.afprofilters.com\/wp-content\/uploads\/2026\/02\/Member-of-Logo_transparent_RGB.png 600w, https:\/\/www.afprofilters.com\/wp-content\/uploads\/2026\/02\/Member-of-Logo_transparent_RGB-300x158.png 300w\" sizes=\"auto, (max-width: 600px) 100vw, 600px\" \/><\/a><\/figure>\n<\/div><\/div>\n<\/div>\n\n\n\n<div class=\"wp-block-columns is-layout-flex wp-container-core-columns-is-layout-9d6595d7 wp-block-columns-is-layout-flex\">\n<div class=\"wp-block-column is-layout-flow wp-block-column-is-layout-flow\" style=\"flex-basis:66.66%\">\n<p>AFPRO FILTERS erhielt die Silbermedaille und das EcoVadis Nachhaltigkeitszertifikat in Anerkennung der Arbeit, die wir geleistet haben, um eine nachhaltigere Welt zu schaffen.<br>Mit diesem Ergebnis geh\u00f6ren wir zu den Top 15% der \u00fcber 90.000 von EcoVadis bewerteten Unternehmen. Wir sind stolz auf dieses Ergebnis, aber wir sind entschlossen, in unserer Nachhaltigkeitsarbeit noch weiter zu gehen, indem wir immer innovativere und engagiertere Ma\u00dfnahmen ergreifen, um die Welt zu einem sichereren, ges\u00fcnderen und produktiveren Ort zu machen.<\/p>\n<\/div>\n\n\n\n<div class=\"wp-block-column is-layout-flow wp-block-column-is-layout-flow\" style=\"flex-basis:33.33%\"><div class=\"wp-block-image\">\n<figure class=\"alignleft size-full is-resized\"><img loading=\"lazy\" decoding=\"async\" width=\"1667\" height=\"1667\" src=\"http:\/\/www.afprofilters.com\/wp-content\/uploads\/2026\/02\/Ecovadis-12-2025-Silver.png\" alt=\"\" class=\"wp-image-40707\" style=\"width:170px;height:auto\" srcset=\"https:\/\/www.afprofilters.com\/wp-content\/uploads\/2026\/02\/Ecovadis-12-2025-Silver.png 1667w, https:\/\/www.afprofilters.com\/wp-content\/uploads\/2026\/02\/Ecovadis-12-2025-Silver-300x300.png 300w, https:\/\/www.afprofilters.com\/wp-content\/uploads\/2026\/02\/Ecovadis-12-2025-Silver-1024x1024.png 1024w, https:\/\/www.afprofilters.com\/wp-content\/uploads\/2026\/02\/Ecovadis-12-2025-Silver-150x150.png 150w, https:\/\/www.afprofilters.com\/wp-content\/uploads\/2026\/02\/Ecovadis-12-2025-Silver-768x768.png 768w, https:\/\/www.afprofilters.com\/wp-content\/uploads\/2026\/02\/Ecovadis-12-2025-Silver-1536x1536.png 1536w\" sizes=\"auto, (max-width: 1667px) 100vw, 1667px\" \/><\/figure>\n<\/div><\/div>\n<\/div>\n\n\n\n<h4 class=\"wp-block-heading\">MAKING THE WORLD SAFER, HEALTHIER &amp; MORE PRODUCTIVE.<\/h4>\n\n\n\n<p><a href=\"https:\/\/www.afprofilters.com\/de\/kontakt\/\">Kontakt<\/a><\/p>\n","protected":false},"excerpt":{"rendered":"<p>Seit seiner Gr\u00fcndung im Jahr 1979 hat sich das Unternehmen AFPRO Filters B.V. auf dem internationalen Markt f\u00fcr Luftfiltration eine F\u00fchrungsposition gesichert. Dank Verkaufsb\u00fcros in den Niederlanden, in Belgien, Deutschland, Frankreich, Polen, Schweiz,Finnland,Australien, China sowie einem weiten internationalen H\u00e4ndlernetz sind Filter von AFPRO weltweit erh\u00e4ltlich. Das AFPRO-Team arbeitet gemeinsam mit seinen Kunden daran, eine optimale [&hellip;]<\/p>\n","protected":false},"author":2,"featured_media":0,"parent":0,"menu_order":0,"comment_status":"closed","ping_status":"closed","template":"","meta":{"_acf_changed":false,"footnotes":""},"class_list":["post-983","page","type-page","status-publish","hentry"],"acf":[],"yoast_head":"<!-- This site is optimized with the Yoast SEO plugin v27.3 - https:\/\/yoast.com\/product\/yoast-seo-wordpress\/ -->\n<title>\u00dcber uns - AFPRO<\/title>\n<meta name=\"robots\" content=\"index, follow, max-snippet:-1, max-image-preview:large, max-video-preview:-1\" \/>\n<link rel=\"canonical\" href=\"https:\/\/www.afprofilters.com\/de\/ueber-uns\/\" \/>\n<meta property=\"og:locale\" content=\"de_DE\" \/>\n<meta property=\"og:type\" content=\"article\" \/>\n<meta property=\"og:title\" content=\"\u00dcber uns - AFPRO\" \/>\n<meta property=\"og:description\" content=\"Seit seiner Gr\u00fcndung im Jahr 1979 hat sich das Unternehmen AFPRO Filters B.V. auf dem internationalen Markt f\u00fcr Luftfiltration eine F\u00fchrungsposition gesichert. Dank Verkaufsb\u00fcros in den Niederlanden, in Belgien, Deutschland, Frankreich, Polen, Schweiz,Finnland,Australien, China sowie einem weiten internationalen H\u00e4ndlernetz sind Filter von AFPRO weltweit erh\u00e4ltlich. Das AFPRO-Team arbeitet gemeinsam mit seinen Kunden daran, eine optimale [&hellip;]\" \/>\n<meta property=\"og:url\" content=\"https:\/\/www.afprofilters.com\/de\/ueber-uns\/\" \/>\n<meta property=\"og:site_name\" content=\"AFPRO\" \/>\n<meta property=\"article:modified_time\" content=\"2026-02-16T09:49:09+00:00\" \/>\n<meta property=\"og:image\" content=\"https:\/\/www.afprofilters.com\/wp-content\/uploads\/2026\/02\/Member-of-Logo_transparent_RGB.png\" \/>\n\t<meta property=\"og:image:width\" content=\"600\" \/>\n\t<meta property=\"og:image:height\" content=\"315\" \/>\n\t<meta property=\"og:image:type\" content=\"image\/png\" \/>\n<meta name=\"twitter:card\" content=\"summary_large_image\" \/>\n<meta name=\"twitter:label1\" content=\"Gesch\u00e4tzte Lesezeit\" \/>\n\t<meta name=\"twitter:data1\" content=\"5 Minuten\" \/>\n<script type=\"application\/ld+json\" class=\"yoast-schema-graph\">{\"@context\":\"https:\\\/\\\/schema.org\",\"@graph\":[{\"@type\":\"WebPage\",\"@id\":\"https:\\\/\\\/www.afprofilters.com\\\/de\\\/ueber-uns\\\/\",\"url\":\"https:\\\/\\\/www.afprofilters.com\\\/de\\\/ueber-uns\\\/\",\"name\":\"\u00dcber uns - AFPRO\",\"isPartOf\":{\"@id\":\"https:\\\/\\\/www.afprofilters.com\\\/de\\\/#website\"},\"primaryImageOfPage\":{\"@id\":\"https:\\\/\\\/www.afprofilters.com\\\/de\\\/ueber-uns\\\/#primaryimage\"},\"image\":{\"@id\":\"https:\\\/\\\/www.afprofilters.com\\\/de\\\/ueber-uns\\\/#primaryimage\"},\"thumbnailUrl\":\"http:\\\/\\\/www.afprofilters.com\\\/wp-content\\\/uploads\\\/2026\\\/02\\\/Member-of-Logo_transparent_RGB.png\",\"datePublished\":\"2016-09-06T11:50:19+00:00\",\"dateModified\":\"2026-02-16T09:49:09+00:00\",\"breadcrumb\":{\"@id\":\"https:\\\/\\\/www.afprofilters.com\\\/de\\\/ueber-uns\\\/#breadcrumb\"},\"inLanguage\":\"de-DE\",\"potentialAction\":[{\"@type\":\"ReadAction\",\"target\":[\"https:\\\/\\\/www.afprofilters.com\\\/de\\\/ueber-uns\\\/\"]}]},{\"@type\":\"ImageObject\",\"inLanguage\":\"de-DE\",\"@id\":\"https:\\\/\\\/www.afprofilters.com\\\/de\\\/ueber-uns\\\/#primaryimage\",\"url\":\"http:\\\/\\\/www.afprofilters.com\\\/wp-content\\\/uploads\\\/2026\\\/02\\\/Member-of-Logo_transparent_RGB.png\",\"contentUrl\":\"http:\\\/\\\/www.afprofilters.com\\\/wp-content\\\/uploads\\\/2026\\\/02\\\/Member-of-Logo_transparent_RGB.png\"},{\"@type\":\"BreadcrumbList\",\"@id\":\"https:\\\/\\\/www.afprofilters.com\\\/de\\\/ueber-uns\\\/#breadcrumb\",\"itemListElement\":[{\"@type\":\"ListItem\",\"position\":1,\"name\":\"\",\"item\":\"https:\\\/\\\/www.afprofilters.com\\\/de\\\/\"},{\"@type\":\"ListItem\",\"position\":2,\"name\":\"\u00dcber uns\"}]},{\"@type\":\"WebSite\",\"@id\":\"https:\\\/\\\/www.afprofilters.com\\\/de\\\/#website\",\"url\":\"https:\\\/\\\/www.afprofilters.com\\\/de\\\/\",\"name\":\"AFPRO\",\"description\":\"AFPRO Filters\",\"publisher\":{\"@id\":\"https:\\\/\\\/www.afprofilters.com\\\/de\\\/#organization\"},\"potentialAction\":[{\"@type\":\"SearchAction\",\"target\":{\"@type\":\"EntryPoint\",\"urlTemplate\":\"https:\\\/\\\/www.afprofilters.com\\\/de\\\/?s={search_term_string}\"},\"query-input\":{\"@type\":\"PropertyValueSpecification\",\"valueRequired\":true,\"valueName\":\"search_term_string\"}}],\"inLanguage\":\"de-DE\"},{\"@type\":\"Organization\",\"@id\":\"https:\\\/\\\/www.afprofilters.com\\\/de\\\/#organization\",\"name\":\"AFPRO\",\"url\":\"https:\\\/\\\/www.afprofilters.com\\\/de\\\/\",\"logo\":{\"@type\":\"ImageObject\",\"inLanguage\":\"de-DE\",\"@id\":\"https:\\\/\\\/www.afprofilters.com\\\/de\\\/#\\\/schema\\\/logo\\\/image\\\/\",\"url\":\"https:\\\/\\\/www.afprofilters.com\\\/wp-content\\\/uploads\\\/2021\\\/05\\\/AFPRO-logo.png\",\"contentUrl\":\"https:\\\/\\\/www.afprofilters.com\\\/wp-content\\\/uploads\\\/2021\\\/05\\\/AFPRO-logo.png\",\"width\":640,\"height\":177,\"caption\":\"AFPRO\"},\"image\":{\"@id\":\"https:\\\/\\\/www.afprofilters.com\\\/de\\\/#\\\/schema\\\/logo\\\/image\\\/\"}}]}<\/script>\n<!-- \/ Yoast SEO plugin. -->","yoast_head_json":{"title":"\u00dcber uns - AFPRO","robots":{"index":"index","follow":"follow","max-snippet":"max-snippet:-1","max-image-preview":"max-image-preview:large","max-video-preview":"max-video-preview:-1"},"canonical":"https:\/\/www.afprofilters.com\/de\/ueber-uns\/","og_locale":"de_DE","og_type":"article","og_title":"\u00dcber uns - AFPRO","og_description":"Seit seiner Gr\u00fcndung im Jahr 1979 hat sich das Unternehmen AFPRO Filters B.V. auf dem internationalen Markt f\u00fcr Luftfiltration eine F\u00fchrungsposition gesichert. Dank Verkaufsb\u00fcros in den Niederlanden, in Belgien, Deutschland, Frankreich, Polen, Schweiz,Finnland,Australien, China sowie einem weiten internationalen H\u00e4ndlernetz sind Filter von AFPRO weltweit erh\u00e4ltlich. Das AFPRO-Team arbeitet gemeinsam mit seinen Kunden daran, eine optimale [&hellip;]","og_url":"https:\/\/www.afprofilters.com\/de\/ueber-uns\/","og_site_name":"AFPRO","article_modified_time":"2026-02-16T09:49:09+00:00","og_image":[{"width":600,"height":315,"url":"https:\/\/www.afprofilters.com\/wp-content\/uploads\/2026\/02\/Member-of-Logo_transparent_RGB.png","type":"image\/png"}],"twitter_card":"summary_large_image","twitter_misc":{"Gesch\u00e4tzte Lesezeit":"5 Minuten"},"schema":{"@context":"https:\/\/schema.org","@graph":[{"@type":"WebPage","@id":"https:\/\/www.afprofilters.com\/de\/ueber-uns\/","url":"https:\/\/www.afprofilters.com\/de\/ueber-uns\/","name":"\u00dcber uns - AFPRO","isPartOf":{"@id":"https:\/\/www.afprofilters.com\/de\/#website"},"primaryImageOfPage":{"@id":"https:\/\/www.afprofilters.com\/de\/ueber-uns\/#primaryimage"},"image":{"@id":"https:\/\/www.afprofilters.com\/de\/ueber-uns\/#primaryimage"},"thumbnailUrl":"http:\/\/www.afprofilters.com\/wp-content\/uploads\/2026\/02\/Member-of-Logo_transparent_RGB.png","datePublished":"2016-09-06T11:50:19+00:00","dateModified":"2026-02-16T09:49:09+00:00","breadcrumb":{"@id":"https:\/\/www.afprofilters.com\/de\/ueber-uns\/#breadcrumb"},"inLanguage":"de-DE","potentialAction":[{"@type":"ReadAction","target":["https:\/\/www.afprofilters.com\/de\/ueber-uns\/"]}]},{"@type":"ImageObject","inLanguage":"de-DE","@id":"https:\/\/www.afprofilters.com\/de\/ueber-uns\/#primaryimage","url":"http:\/\/www.afprofilters.com\/wp-content\/uploads\/2026\/02\/Member-of-Logo_transparent_RGB.png","contentUrl":"http:\/\/www.afprofilters.com\/wp-content\/uploads\/2026\/02\/Member-of-Logo_transparent_RGB.png"},{"@type":"BreadcrumbList","@id":"https:\/\/www.afprofilters.com\/de\/ueber-uns\/#breadcrumb","itemListElement":[{"@type":"ListItem","position":1,"name":"","item":"https:\/\/www.afprofilters.com\/de\/"},{"@type":"ListItem","position":2,"name":"\u00dcber uns"}]},{"@type":"WebSite","@id":"https:\/\/www.afprofilters.com\/de\/#website","url":"https:\/\/www.afprofilters.com\/de\/","name":"AFPRO","description":"AFPRO Filters","publisher":{"@id":"https:\/\/www.afprofilters.com\/de\/#organization"},"potentialAction":[{"@type":"SearchAction","target":{"@type":"EntryPoint","urlTemplate":"https:\/\/www.afprofilters.com\/de\/?s={search_term_string}"},"query-input":{"@type":"PropertyValueSpecification","valueRequired":true,"valueName":"search_term_string"}}],"inLanguage":"de-DE"},{"@type":"Organization","@id":"https:\/\/www.afprofilters.com\/de\/#organization","name":"AFPRO","url":"https:\/\/www.afprofilters.com\/de\/","logo":{"@type":"ImageObject","inLanguage":"de-DE","@id":"https:\/\/www.afprofilters.com\/de\/#\/schema\/logo\/image\/","url":"https:\/\/www.afprofilters.com\/wp-content\/uploads\/2021\/05\/AFPRO-logo.png","contentUrl":"https:\/\/www.afprofilters.com\/wp-content\/uploads\/2021\/05\/AFPRO-logo.png","width":640,"height":177,"caption":"AFPRO"},"image":{"@id":"https:\/\/www.afprofilters.com\/de\/#\/schema\/logo\/image\/"}}]}},"_links":{"self":[{"href":"https:\/\/www.afprofilters.com\/de\/wp-json\/wp\/v2\/pages\/983","targetHints":{"allow":["GET"]}}],"collection":[{"href":"https:\/\/www.afprofilters.com\/de\/wp-json\/wp\/v2\/pages"}],"about":[{"href":"https:\/\/www.afprofilters.com\/de\/wp-json\/wp\/v2\/types\/page"}],"author":[{"embeddable":true,"href":"https:\/\/www.afprofilters.com\/de\/wp-json\/wp\/v2\/users\/2"}],"replies":[{"embeddable":true,"href":"https:\/\/www.afprofilters.com\/de\/wp-json\/wp\/v2\/comments?post=983"}],"version-history":[{"count":0,"href":"https:\/\/www.afprofilters.com\/de\/wp-json\/wp\/v2\/pages\/983\/revisions"}],"wp:attachment":[{"href":"https:\/\/www.afprofilters.com\/de\/wp-json\/wp\/v2\/media?parent=983"}],"curies":[{"name":"wp","href":"https:\/\/api.w.org\/{rel}","templated":true}]}}