{"id":37607,"date":"2024-10-07T09:14:08","date_gmt":"2024-10-07T09:14:08","guid":{"rendered":"https:\/\/www.afprofilters.com\/?page_id=37607"},"modified":"2024-10-07T09:25:28","modified_gmt":"2024-10-07T09:25:28","slug":"einzigartige-schutzvorschicht","status":"publish","type":"page","link":"https:\/\/www.afprofilters.com\/de\/einzigartige-schutzvorschicht\/","title":{"rendered":"Einzigartige Schutzvorschicht"},"content":{"rendered":"\n<h3 class=\"wp-block-heading\">Sch\u00fctzen Sie Ihre Luftqualit\u00e4t mit unserer einzigartigen Vorlage<\/h3>\n\n\n\n<p>Unsere innovative Vorlage ist die L\u00f6sung, die Sie sch\u00fctzt! Dank unserer Expertise in der Herstellung von Glasfaser-Filtermedien bieten wir leistungsstarke Filter mit einer sch\u00fctzenden Vorlage, die eine zus\u00e4tzliche Barriere f\u00fcr eine optimale Filtration bietet. Durch das Verhindern der Freisetzung von Glasfaserfasern und die Reduzierung des Druckabfalls sorgt sie f\u00fcr optimale Luftqualit\u00e4t und verl\u00e4ngert die Lebensdauer der Filter.<\/p>\n\n\n\n<div style=\"height:40px\" aria-hidden=\"true\" class=\"wp-block-spacer\"><\/div>\n\n\n<div class=\"wp-block-image\">\n<figure class=\"alignright size-large is-resized\"><img loading=\"lazy\" decoding=\"async\" width=\"955\" height=\"1024\" src=\"https:\/\/www.afprofilters.com\/wp-content\/uploads\/2024\/10\/HQ85A8-6-1-955x1024.jpg\" alt=\"\" class=\"wp-image-37599\" style=\"width:242px;height:auto\" srcset=\"https:\/\/www.afprofilters.com\/wp-content\/uploads\/2024\/10\/HQ85A8-6-1-955x1024.jpg 955w, https:\/\/www.afprofilters.com\/wp-content\/uploads\/2024\/10\/HQ85A8-6-1-280x300.jpg 280w, https:\/\/www.afprofilters.com\/wp-content\/uploads\/2024\/10\/HQ85A8-6-1-768x823.jpg 768w, https:\/\/www.afprofilters.com\/wp-content\/uploads\/2024\/10\/HQ85A8-6-1-1433x1536.jpg 1433w, https:\/\/www.afprofilters.com\/wp-content\/uploads\/2024\/10\/HQ85A8-6-1-1911x2048.jpg 1911w\" sizes=\"auto, (max-width: 955px) 100vw, 955px\" \/><\/figure>\n<\/div>\n\n\n<h3 class=\"wp-block-heading\">Vorteile<\/h3>\n\n\n\n<ul class=\"wp-block-list\">\n<li><strong>Maximaler Schutz: <\/strong>Es sch\u00fctzt Ihre Filter und gew\u00e4hrleistet Ihre Sicherheit.<\/li>\n\n\n\n<li><strong>Optimierte Leistung:<\/strong> Es verbessert die Filtrationseffizienz und hat eine verl\u00e4ngerte Lebensdauer.<\/li>\n\n\n\n<li><strong>Vereinfachte Installation: <\/strong>Es ist einfach zu handhaben, ohne Risiko, und die Installation erfolgt schnell.<\/li>\n<\/ul>\n\n\n\n<div style=\"height:38px\" aria-hidden=\"true\" class=\"wp-block-spacer\"><\/div>\n\n\n<div class=\"wp-block-image\">\n<figure class=\"alignright size-full is-resized\"><img loading=\"lazy\" decoding=\"async\" width=\"270\" height=\"265\" src=\"https:\/\/www.afprofilters.com\/wp-content\/uploads\/2024\/10\/vdi-LOGO-1.png\" alt=\"\" class=\"wp-image-37592\" style=\"width:165px;height:auto\" \/><\/figure>\n<\/div>\n\n\n<h3 class=\"wp-block-heading\"><strong>Das VDI-G\u00fctesiegel<\/strong><\/h3>\n\n\n\n<p>Die Leistung dieser St\u00fctzen wurde vom VDI (Verein Deutscher Ingenieure) getestet und freigegeben. Um die VDI-Zertifikate anzusehen, <a href=\"http:\/\/www.afprofilters.com\/wp-content\/uploads\/2024\/10\/Certificate-VDI-6022-235-19-EN_HQ-LSB-range_20190715.pdf\">klicken Sie hier<\/a>.<\/p>\n\n\n\n<p><\/p>\n","protected":false},"excerpt":{"rendered":"<p>Sch\u00fctzen Sie Ihre Luftqualit\u00e4t mit unserer einzigartigen Vorlage Unsere innovative Vorlage ist die L\u00f6sung, die Sie sch\u00fctzt! Dank unserer Expertise in der Herstellung von Glasfaser-Filtermedien bieten wir leistungsstarke Filter mit einer sch\u00fctzenden Vorlage, die eine zus\u00e4tzliche Barriere f\u00fcr eine optimale Filtration bietet. Durch das Verhindern der Freisetzung von Glasfaserfasern und die Reduzierung des Druckabfalls sorgt [&hellip;]<\/p>\n","protected":false},"author":2,"featured_media":0,"parent":0,"menu_order":0,"comment_status":"closed","ping_status":"closed","template":"","meta":{"_acf_changed":false,"footnotes":""},"class_list":["post-37607","page","type-page","status-publish","hentry"],"acf":[],"yoast_head":"<!-- This site is optimized with the Yoast SEO plugin v27.3 - https:\/\/yoast.com\/product\/yoast-seo-wordpress\/ -->\n<title>Einzigartige Schutzvorschicht - AFPRO<\/title>\n<meta name=\"description\" content=\"Dank unserer Expertise in der Herstellung von Glasfaser-Filtermedien bieten wir leistungsstarke Filter mit einer sch\u00fctzenden Vorlage\" \/>\n<meta name=\"robots\" content=\"index, follow, max-snippet:-1, max-image-preview:large, max-video-preview:-1\" \/>\n<link rel=\"canonical\" href=\"https:\/\/www.afprofilters.com\/de\/einzigartige-schutzvorschicht\/\" \/>\n<meta property=\"og:locale\" content=\"de_DE\" \/>\n<meta property=\"og:type\" content=\"article\" \/>\n<meta property=\"og:title\" content=\"Einzigartige Schutzvorschicht - AFPRO\" \/>\n<meta property=\"og:description\" content=\"Dank unserer Expertise in der Herstellung von Glasfaser-Filtermedien bieten wir leistungsstarke Filter mit einer sch\u00fctzenden Vorlage\" \/>\n<meta property=\"og:url\" content=\"https:\/\/www.afprofilters.com\/de\/einzigartige-schutzvorschicht\/\" \/>\n<meta property=\"og:site_name\" content=\"AFPRO\" \/>\n<meta property=\"article:modified_time\" content=\"2024-10-07T09:25:28+00:00\" \/>\n<meta property=\"og:image\" content=\"https:\/\/www.afprofilters.com\/wp-content\/uploads\/2024\/10\/HQ85A8-6-1-955x1024.jpg\" \/>\n<meta name=\"twitter:card\" content=\"summary_large_image\" \/>\n<meta name=\"twitter:label1\" content=\"Gesch\u00e4tzte Lesezeit\" \/>\n\t<meta name=\"twitter:data1\" content=\"1 Minute\" \/>\n<script type=\"application\/ld+json\" class=\"yoast-schema-graph\">{\"@context\":\"https:\\\/\\\/schema.org\",\"@graph\":[{\"@type\":\"WebPage\",\"@id\":\"https:\\\/\\\/www.afprofilters.com\\\/de\\\/einzigartige-schutzvorschicht\\\/\",\"url\":\"https:\\\/\\\/www.afprofilters.com\\\/de\\\/einzigartige-schutzvorschicht\\\/\",\"name\":\"Einzigartige Schutzvorschicht - AFPRO\",\"isPartOf\":{\"@id\":\"https:\\\/\\\/www.afprofilters.com\\\/de\\\/#website\"},\"primaryImageOfPage\":{\"@id\":\"https:\\\/\\\/www.afprofilters.com\\\/de\\\/einzigartige-schutzvorschicht\\\/#primaryimage\"},\"image\":{\"@id\":\"https:\\\/\\\/www.afprofilters.com\\\/de\\\/einzigartige-schutzvorschicht\\\/#primaryimage\"},\"thumbnailUrl\":\"https:\\\/\\\/www.afprofilters.com\\\/wp-content\\\/uploads\\\/2024\\\/10\\\/HQ85A8-6-1-955x1024.jpg\",\"datePublished\":\"2024-10-07T09:14:08+00:00\",\"dateModified\":\"2024-10-07T09:25:28+00:00\",\"description\":\"Dank unserer Expertise in der Herstellung von Glasfaser-Filtermedien bieten wir leistungsstarke Filter mit einer sch\u00fctzenden Vorlage\",\"breadcrumb\":{\"@id\":\"https:\\\/\\\/www.afprofilters.com\\\/de\\\/einzigartige-schutzvorschicht\\\/#breadcrumb\"},\"inLanguage\":\"de-DE\",\"potentialAction\":[{\"@type\":\"ReadAction\",\"target\":[\"https:\\\/\\\/www.afprofilters.com\\\/de\\\/einzigartige-schutzvorschicht\\\/\"]}]},{\"@type\":\"ImageObject\",\"inLanguage\":\"de-DE\",\"@id\":\"https:\\\/\\\/www.afprofilters.com\\\/de\\\/einzigartige-schutzvorschicht\\\/#primaryimage\",\"url\":\"https:\\\/\\\/www.afprofilters.com\\\/wp-content\\\/uploads\\\/2024\\\/10\\\/HQ85A8-6-1-955x1024.jpg\",\"contentUrl\":\"https:\\\/\\\/www.afprofilters.com\\\/wp-content\\\/uploads\\\/2024\\\/10\\\/HQ85A8-6-1-955x1024.jpg\"},{\"@type\":\"BreadcrumbList\",\"@id\":\"https:\\\/\\\/www.afprofilters.com\\\/de\\\/einzigartige-schutzvorschicht\\\/#breadcrumb\",\"itemListElement\":[{\"@type\":\"ListItem\",\"position\":1,\"name\":\"\",\"item\":\"https:\\\/\\\/www.afprofilters.com\\\/de\\\/\"},{\"@type\":\"ListItem\",\"position\":2,\"name\":\"Einzigartige Schutzvorschicht\"}]},{\"@type\":\"WebSite\",\"@id\":\"https:\\\/\\\/www.afprofilters.com\\\/de\\\/#website\",\"url\":\"https:\\\/\\\/www.afprofilters.com\\\/de\\\/\",\"name\":\"AFPRO\",\"description\":\"AFPRO Filters\",\"publisher\":{\"@id\":\"https:\\\/\\\/www.afprofilters.com\\\/de\\\/#organization\"},\"potentialAction\":[{\"@type\":\"SearchAction\",\"target\":{\"@type\":\"EntryPoint\",\"urlTemplate\":\"https:\\\/\\\/www.afprofilters.com\\\/de\\\/?s={search_term_string}\"},\"query-input\":{\"@type\":\"PropertyValueSpecification\",\"valueRequired\":true,\"valueName\":\"search_term_string\"}}],\"inLanguage\":\"de-DE\"},{\"@type\":\"Organization\",\"@id\":\"https:\\\/\\\/www.afprofilters.com\\\/de\\\/#organization\",\"name\":\"AFPRO\",\"url\":\"https:\\\/\\\/www.afprofilters.com\\\/de\\\/\",\"logo\":{\"@type\":\"ImageObject\",\"inLanguage\":\"de-DE\",\"@id\":\"https:\\\/\\\/www.afprofilters.com\\\/de\\\/#\\\/schema\\\/logo\\\/image\\\/\",\"url\":\"https:\\\/\\\/www.afprofilters.com\\\/wp-content\\\/uploads\\\/2021\\\/05\\\/AFPRO-logo.png\",\"contentUrl\":\"https:\\\/\\\/www.afprofilters.com\\\/wp-content\\\/uploads\\\/2021\\\/05\\\/AFPRO-logo.png\",\"width\":640,\"height\":177,\"caption\":\"AFPRO\"},\"image\":{\"@id\":\"https:\\\/\\\/www.afprofilters.com\\\/de\\\/#\\\/schema\\\/logo\\\/image\\\/\"}}]}<\/script>\n<!-- \/ Yoast SEO plugin. -->","yoast_head_json":{"title":"Einzigartige Schutzvorschicht - AFPRO","description":"Dank unserer Expertise in der Herstellung von Glasfaser-Filtermedien bieten wir leistungsstarke Filter mit einer sch\u00fctzenden Vorlage","robots":{"index":"index","follow":"follow","max-snippet":"max-snippet:-1","max-image-preview":"max-image-preview:large","max-video-preview":"max-video-preview:-1"},"canonical":"https:\/\/www.afprofilters.com\/de\/einzigartige-schutzvorschicht\/","og_locale":"de_DE","og_type":"article","og_title":"Einzigartige Schutzvorschicht - AFPRO","og_description":"Dank unserer Expertise in der Herstellung von Glasfaser-Filtermedien bieten wir leistungsstarke Filter mit einer sch\u00fctzenden Vorlage","og_url":"https:\/\/www.afprofilters.com\/de\/einzigartige-schutzvorschicht\/","og_site_name":"AFPRO","article_modified_time":"2024-10-07T09:25:28+00:00","og_image":[{"url":"https:\/\/www.afprofilters.com\/wp-content\/uploads\/2024\/10\/HQ85A8-6-1-955x1024.jpg","type":"","width":"","height":""}],"twitter_card":"summary_large_image","twitter_misc":{"Gesch\u00e4tzte Lesezeit":"1 Minute"},"schema":{"@context":"https:\/\/schema.org","@graph":[{"@type":"WebPage","@id":"https:\/\/www.afprofilters.com\/de\/einzigartige-schutzvorschicht\/","url":"https:\/\/www.afprofilters.com\/de\/einzigartige-schutzvorschicht\/","name":"Einzigartige Schutzvorschicht - AFPRO","isPartOf":{"@id":"https:\/\/www.afprofilters.com\/de\/#website"},"primaryImageOfPage":{"@id":"https:\/\/www.afprofilters.com\/de\/einzigartige-schutzvorschicht\/#primaryimage"},"image":{"@id":"https:\/\/www.afprofilters.com\/de\/einzigartige-schutzvorschicht\/#primaryimage"},"thumbnailUrl":"https:\/\/www.afprofilters.com\/wp-content\/uploads\/2024\/10\/HQ85A8-6-1-955x1024.jpg","datePublished":"2024-10-07T09:14:08+00:00","dateModified":"2024-10-07T09:25:28+00:00","description":"Dank unserer Expertise in der Herstellung von Glasfaser-Filtermedien bieten wir leistungsstarke Filter mit einer sch\u00fctzenden Vorlage","breadcrumb":{"@id":"https:\/\/www.afprofilters.com\/de\/einzigartige-schutzvorschicht\/#breadcrumb"},"inLanguage":"de-DE","potentialAction":[{"@type":"ReadAction","target":["https:\/\/www.afprofilters.com\/de\/einzigartige-schutzvorschicht\/"]}]},{"@type":"ImageObject","inLanguage":"de-DE","@id":"https:\/\/www.afprofilters.com\/de\/einzigartige-schutzvorschicht\/#primaryimage","url":"https:\/\/www.afprofilters.com\/wp-content\/uploads\/2024\/10\/HQ85A8-6-1-955x1024.jpg","contentUrl":"https:\/\/www.afprofilters.com\/wp-content\/uploads\/2024\/10\/HQ85A8-6-1-955x1024.jpg"},{"@type":"BreadcrumbList","@id":"https:\/\/www.afprofilters.com\/de\/einzigartige-schutzvorschicht\/#breadcrumb","itemListElement":[{"@type":"ListItem","position":1,"name":"","item":"https:\/\/www.afprofilters.com\/de\/"},{"@type":"ListItem","position":2,"name":"Einzigartige Schutzvorschicht"}]},{"@type":"WebSite","@id":"https:\/\/www.afprofilters.com\/de\/#website","url":"https:\/\/www.afprofilters.com\/de\/","name":"AFPRO","description":"AFPRO Filters","publisher":{"@id":"https:\/\/www.afprofilters.com\/de\/#organization"},"potentialAction":[{"@type":"SearchAction","target":{"@type":"EntryPoint","urlTemplate":"https:\/\/www.afprofilters.com\/de\/?s={search_term_string}"},"query-input":{"@type":"PropertyValueSpecification","valueRequired":true,"valueName":"search_term_string"}}],"inLanguage":"de-DE"},{"@type":"Organization","@id":"https:\/\/www.afprofilters.com\/de\/#organization","name":"AFPRO","url":"https:\/\/www.afprofilters.com\/de\/","logo":{"@type":"ImageObject","inLanguage":"de-DE","@id":"https:\/\/www.afprofilters.com\/de\/#\/schema\/logo\/image\/","url":"https:\/\/www.afprofilters.com\/wp-content\/uploads\/2021\/05\/AFPRO-logo.png","contentUrl":"https:\/\/www.afprofilters.com\/wp-content\/uploads\/2021\/05\/AFPRO-logo.png","width":640,"height":177,"caption":"AFPRO"},"image":{"@id":"https:\/\/www.afprofilters.com\/de\/#\/schema\/logo\/image\/"}}]}},"_links":{"self":[{"href":"https:\/\/www.afprofilters.com\/de\/wp-json\/wp\/v2\/pages\/37607","targetHints":{"allow":["GET"]}}],"collection":[{"href":"https:\/\/www.afprofilters.com\/de\/wp-json\/wp\/v2\/pages"}],"about":[{"href":"https:\/\/www.afprofilters.com\/de\/wp-json\/wp\/v2\/types\/page"}],"author":[{"embeddable":true,"href":"https:\/\/www.afprofilters.com\/de\/wp-json\/wp\/v2\/users\/2"}],"replies":[{"embeddable":true,"href":"https:\/\/www.afprofilters.com\/de\/wp-json\/wp\/v2\/comments?post=37607"}],"version-history":[{"count":0,"href":"https:\/\/www.afprofilters.com\/de\/wp-json\/wp\/v2\/pages\/37607\/revisions"}],"wp:attachment":[{"href":"https:\/\/www.afprofilters.com\/de\/wp-json\/wp\/v2\/media?parent=37607"}],"curies":[{"name":"wp","href":"https:\/\/api.w.org\/{rel}","templated":true}]}}