{"id":37579,"date":"2024-10-04T15:15:47","date_gmt":"2024-10-04T15:15:47","guid":{"rendered":"https:\/\/www.afprofilters.com\/?page_id=37579"},"modified":"2026-01-26T10:06:27","modified_gmt":"2026-01-26T10:06:27","slug":"csr","status":"publish","type":"page","link":"https:\/\/www.afprofilters.com\/de\/csr\/","title":{"rendered":"Unternehmerische Sozialverantwortung"},"content":{"rendered":"\n<h3 class=\"wp-block-heading\"><strong>Was ist CSR?<\/strong><\/h3>\n\n\n\n<p>Die Unternehmensverantwortung (CSR) bezieht sich auf das Engagement von Unternehmen, soziale, \u00f6kologische und wirtschaftliche Belange in ihre Aktivit\u00e4ten und Interaktionen mit den Stakeholdern zu integrieren. Es handelt sich um einen Ansatz, der darauf abzielt, zur nachhaltigen Entwicklung beizutragen und dabei die Auswirkungen unserer Entscheidungen auf die Gesellschaft und die Umwelt zu ber\u00fccksichtigen.<\/p>\n\n\n\n<div style=\"height:31px\" aria-hidden=\"true\" class=\"wp-block-spacer\"><\/div>\n\n\n\n<h3 class=\"wp-block-heading\"><strong>Unser Engagement f\u00fcr CSR<\/strong><\/h3>\n\n\n\n<p>Bei AFPRO sind wir \u00fcberzeugt, dass unser Erfolg nicht nur an unserer finanziellen Leistung gemessen wird, sondern auch an unserem positiven Einfluss auf die Gesellschaft und die Umwelt. Deshalb haben wir einen proaktiven Ansatz in Bezug auf CSR angenommen. Wir verpflichten uns zu:<\/p>\n\n\n\n<div class=\"wp-block-columns are-vertically-aligned-center is-layout-flex wp-container-core-columns-is-layout-9d6595d7 wp-block-columns-is-layout-flex\">\n<div class=\"wp-block-column is-vertically-aligned-center is-layout-flow wp-block-column-is-layout-flow\" style=\"flex-basis:65%\">\n<ul class=\"wp-block-list\">\n<li><strong>F\u00f6rderung nachhaltiger Praktiken:<\/strong><br><br>Wir setzen Initiativen um, die darauf abzielen, unseren CO2-Fu\u00dfabdruck zu reduzieren, nat\u00fcrliche Ressourcen zu schonen und die Verwendung von recycelbaren Materialien zu f\u00f6rdern.<br><\/li>\n\n\n\n<li><strong>F\u00f6rderung von Inklusion und Vielfalt:<\/strong><br><br>Wir glauben an die Bedeutung einer inklusiven Arbeitsumgebung, in der jeder die M\u00f6glichkeit hat, sich zu entfalten. Wir unterst\u00fctzen Vielfalt und Chancengleichheit in unserem Team.<br><\/li>\n\n\n\n<li><strong>Beitrag zur Entwicklung lokaler Gemeinschaften:<\/strong><br><br>Wir unterst\u00fctzen Projekte und Initiativen, die einen positiven Einfluss auf die Gemeinschaften haben, in denen wir t\u00e4tig sind, indem wir Ehrenamtlichkeit und die Unterst\u00fctzung lokaler Organisationen f\u00f6rdern.<br><\/li>\n<\/ul>\n<\/div>\n\n\n\n<div class=\"wp-block-column is-vertically-aligned-center is-layout-flow wp-block-column-is-layout-flow\" style=\"flex-basis:35%\">\n<figure class=\"wp-block-image size-full\"><img decoding=\"async\" src=\"http:\/\/www.afprofilters.com\/wp-content\/uploads\/2026\/01\/CSR-Report-2025-1.jpg\" alt=\"\" class=\"wp-image-37639\" \/><\/figure>\n<\/div>\n<\/div>\n\n\n\n<div style=\"height:31px\" aria-hidden=\"true\" class=\"wp-block-spacer\"><\/div>\n\n\n\n<figure class=\"wp-block-image alignwide\"><a href=\"http:\/\/www.afprofilters.com\/wp-content\/uploads\/2026\/01\/2025_CSR_REPORT_2025_REPORTS_EN.pdf\" target=\"_blank\" rel=\"noopener\"><img decoding=\"async\" src=\"http:\/\/www.afprofilters.com\/wp-content\/uploads\/2026\/01\/CSR-25-Webpage-DE.jpg\" alt=\"AFPRO CSR Report 2025\" \/><\/a><\/figure>\n\n\n\n<div style=\"height:31px\" aria-hidden=\"true\" class=\"wp-block-spacer\"><\/div>\n\n\n\n<h3 class=\"wp-block-heading\"><strong>Unser CSR-Bericht<\/strong><\/h3>\n\n\n\n<p>Jedes Jahr ver\u00f6ffentlichen wir einen CSR-Bericht, der unsere Initiativen, Leistungen und Ziele im Bereich der nachhaltigen Entwicklung darstellt. Dieser Bericht ist ein Werkzeug f\u00fcr Transparenz und Verantwortung, das es unseren Stakeholdern erm\u00f6glicht, unsere Fortschritte nachzuvollziehen und zu verstehen, wie wir CSR in unsere Gesamtstrategie integrieren.<\/p>\n\n\n\n<p>Der Bericht deckt eine breite Palette an Themen ab, darunter:<\/p>\n\n\n\n<ul class=\"wp-block-list\">\n<li><strong>Umwelt:<\/strong> Unsere Ma\u00dfnahmen zum Schutz des Planeten durch Energieeffizienz, Abfallreduzierung und nachhaltige Beschaffung.<\/li>\n\n\n\n<li><strong>Soziales:<\/strong> Unser Engagement f\u00fcr Menschen, das Wohlbefinden, Gleichberechtigung und gesellschaftliches Engagement sicherzustellen.<\/li>\n\n\n\n<li><strong>Governance:<\/strong> Unser Fokus auf Ethik, Transparenz und verantwortungsvolle Entscheidungsfindung.<\/li>\n<\/ul>\n\n\n\n<p>Wir glauben an Transparenz und Verantwortung. Deshalb ist unser CSR-Bericht online f\u00fcr alle zug\u00e4nglich. Greifen Sie auf unseren CSR-Bericht zu, indem Sie <a href=\"http:\/\/www.afprofilters.com\/wp-content\/uploads\/2026\/01\/2025_CSR_REPORT_2025_REPORTS_EN.pdf\" target=\"_blank\" rel=\"noreferrer noopener\">hier klicken<\/a>.<\/p>\n","protected":false},"excerpt":{"rendered":"<p>Was ist CSR? Die Unternehmensverantwortung (CSR) bezieht sich auf das Engagement von Unternehmen, soziale, \u00f6kologische und wirtschaftliche Belange in ihre Aktivit\u00e4ten und Interaktionen mit den Stakeholdern zu integrieren. Es handelt sich um einen Ansatz, der darauf abzielt, zur nachhaltigen Entwicklung beizutragen und dabei die Auswirkungen unserer Entscheidungen auf die Gesellschaft und die Umwelt zu ber\u00fccksichtigen. [&hellip;]<\/p>\n","protected":false},"author":2,"featured_media":0,"parent":0,"menu_order":0,"comment_status":"closed","ping_status":"closed","template":"","meta":{"_acf_changed":false,"footnotes":""},"class_list":["post-37579","page","type-page","status-publish","hentry"],"acf":[],"yoast_head":"<!-- This site is optimized with the Yoast SEO plugin v27.3 - https:\/\/yoast.com\/product\/yoast-seo-wordpress\/ -->\n<title>Unternehmerische Sozialverantwortung - AFPRO<\/title>\n<meta name=\"description\" content=\"Chez AFPRO, nous sommes soucieux de notre impact positif sur la soci\u00e9t\u00e9 et l&#039;environnement\" \/>\n<meta name=\"robots\" content=\"index, follow, max-snippet:-1, max-image-preview:large, max-video-preview:-1\" \/>\n<link rel=\"canonical\" href=\"https:\/\/www.afprofilters.com\/de\/csr\/\" \/>\n<meta property=\"og:locale\" content=\"de_DE\" \/>\n<meta property=\"og:type\" content=\"article\" \/>\n<meta property=\"og:title\" content=\"Unternehmerische Sozialverantwortung - AFPRO\" \/>\n<meta property=\"og:description\" content=\"Chez AFPRO, nous sommes soucieux de notre impact positif sur la soci\u00e9t\u00e9 et l&#039;environnement\" \/>\n<meta property=\"og:url\" content=\"https:\/\/www.afprofilters.com\/de\/csr\/\" \/>\n<meta property=\"og:site_name\" content=\"AFPRO\" \/>\n<meta property=\"article:modified_time\" content=\"2026-01-26T10:06:27+00:00\" \/>\n<meta property=\"og:image\" content=\"https:\/\/www.afprofilters.com\/wp-content\/uploads\/2024\/10\/Campaign-image-HQ-1-1.png\" \/>\n\t<meta property=\"og:image:width\" content=\"1150\" \/>\n\t<meta property=\"og:image:height\" content=\"889\" \/>\n\t<meta property=\"og:image:type\" content=\"image\/png\" \/>\n<meta name=\"twitter:card\" content=\"summary_large_image\" \/>\n<meta name=\"twitter:label1\" content=\"Gesch\u00e4tzte Lesezeit\" \/>\n\t<meta name=\"twitter:data1\" content=\"2 Minuten\" \/>\n<script type=\"application\/ld+json\" class=\"yoast-schema-graph\">{\"@context\":\"https:\\\/\\\/schema.org\",\"@graph\":[{\"@type\":\"WebPage\",\"@id\":\"https:\\\/\\\/www.afprofilters.com\\\/de\\\/csr\\\/\",\"url\":\"https:\\\/\\\/www.afprofilters.com\\\/de\\\/csr\\\/\",\"name\":\"Unternehmerische Sozialverantwortung - AFPRO\",\"isPartOf\":{\"@id\":\"https:\\\/\\\/www.afprofilters.com\\\/de\\\/#website\"},\"primaryImageOfPage\":{\"@id\":\"https:\\\/\\\/www.afprofilters.com\\\/de\\\/csr\\\/#primaryimage\"},\"image\":{\"@id\":\"https:\\\/\\\/www.afprofilters.com\\\/de\\\/csr\\\/#primaryimage\"},\"thumbnailUrl\":\"http:\\\/\\\/www.afprofilters.com\\\/wp-content\\\/uploads\\\/2026\\\/01\\\/CSR-Report-2025-1.jpg\",\"datePublished\":\"2024-10-04T15:15:47+00:00\",\"dateModified\":\"2026-01-26T10:06:27+00:00\",\"description\":\"Chez AFPRO, nous sommes soucieux de notre impact positif sur la soci\u00e9t\u00e9 et l'environnement\",\"breadcrumb\":{\"@id\":\"https:\\\/\\\/www.afprofilters.com\\\/de\\\/csr\\\/#breadcrumb\"},\"inLanguage\":\"de-DE\",\"potentialAction\":[{\"@type\":\"ReadAction\",\"target\":[\"https:\\\/\\\/www.afprofilters.com\\\/de\\\/csr\\\/\"]}]},{\"@type\":\"ImageObject\",\"inLanguage\":\"de-DE\",\"@id\":\"https:\\\/\\\/www.afprofilters.com\\\/de\\\/csr\\\/#primaryimage\",\"url\":\"http:\\\/\\\/www.afprofilters.com\\\/wp-content\\\/uploads\\\/2026\\\/01\\\/CSR-Report-2025-1.jpg\",\"contentUrl\":\"http:\\\/\\\/www.afprofilters.com\\\/wp-content\\\/uploads\\\/2026\\\/01\\\/CSR-Report-2025-1.jpg\"},{\"@type\":\"BreadcrumbList\",\"@id\":\"https:\\\/\\\/www.afprofilters.com\\\/de\\\/csr\\\/#breadcrumb\",\"itemListElement\":[{\"@type\":\"ListItem\",\"position\":1,\"name\":\"\",\"item\":\"https:\\\/\\\/www.afprofilters.com\\\/de\\\/\"},{\"@type\":\"ListItem\",\"position\":2,\"name\":\"Unternehmerische Sozialverantwortung\"}]},{\"@type\":\"WebSite\",\"@id\":\"https:\\\/\\\/www.afprofilters.com\\\/de\\\/#website\",\"url\":\"https:\\\/\\\/www.afprofilters.com\\\/de\\\/\",\"name\":\"AFPRO\",\"description\":\"AFPRO Filters\",\"publisher\":{\"@id\":\"https:\\\/\\\/www.afprofilters.com\\\/de\\\/#organization\"},\"potentialAction\":[{\"@type\":\"SearchAction\",\"target\":{\"@type\":\"EntryPoint\",\"urlTemplate\":\"https:\\\/\\\/www.afprofilters.com\\\/de\\\/?s={search_term_string}\"},\"query-input\":{\"@type\":\"PropertyValueSpecification\",\"valueRequired\":true,\"valueName\":\"search_term_string\"}}],\"inLanguage\":\"de-DE\"},{\"@type\":\"Organization\",\"@id\":\"https:\\\/\\\/www.afprofilters.com\\\/de\\\/#organization\",\"name\":\"AFPRO\",\"url\":\"https:\\\/\\\/www.afprofilters.com\\\/de\\\/\",\"logo\":{\"@type\":\"ImageObject\",\"inLanguage\":\"de-DE\",\"@id\":\"https:\\\/\\\/www.afprofilters.com\\\/de\\\/#\\\/schema\\\/logo\\\/image\\\/\",\"url\":\"https:\\\/\\\/www.afprofilters.com\\\/wp-content\\\/uploads\\\/2021\\\/05\\\/AFPRO-logo.png\",\"contentUrl\":\"https:\\\/\\\/www.afprofilters.com\\\/wp-content\\\/uploads\\\/2021\\\/05\\\/AFPRO-logo.png\",\"width\":640,\"height\":177,\"caption\":\"AFPRO\"},\"image\":{\"@id\":\"https:\\\/\\\/www.afprofilters.com\\\/de\\\/#\\\/schema\\\/logo\\\/image\\\/\"}}]}<\/script>\n<!-- \/ Yoast SEO plugin. -->","yoast_head_json":{"title":"Unternehmerische Sozialverantwortung - AFPRO","description":"Chez AFPRO, nous sommes soucieux de notre impact positif sur la soci\u00e9t\u00e9 et l'environnement","robots":{"index":"index","follow":"follow","max-snippet":"max-snippet:-1","max-image-preview":"max-image-preview:large","max-video-preview":"max-video-preview:-1"},"canonical":"https:\/\/www.afprofilters.com\/de\/csr\/","og_locale":"de_DE","og_type":"article","og_title":"Unternehmerische Sozialverantwortung - AFPRO","og_description":"Chez AFPRO, nous sommes soucieux de notre impact positif sur la soci\u00e9t\u00e9 et l'environnement","og_url":"https:\/\/www.afprofilters.com\/de\/csr\/","og_site_name":"AFPRO","article_modified_time":"2026-01-26T10:06:27+00:00","og_image":[{"width":1150,"height":889,"url":"https:\/\/www.afprofilters.com\/wp-content\/uploads\/2024\/10\/Campaign-image-HQ-1-1.png","type":"image\/png"}],"twitter_card":"summary_large_image","twitter_misc":{"Gesch\u00e4tzte Lesezeit":"2 Minuten"},"schema":{"@context":"https:\/\/schema.org","@graph":[{"@type":"WebPage","@id":"https:\/\/www.afprofilters.com\/de\/csr\/","url":"https:\/\/www.afprofilters.com\/de\/csr\/","name":"Unternehmerische Sozialverantwortung - AFPRO","isPartOf":{"@id":"https:\/\/www.afprofilters.com\/de\/#website"},"primaryImageOfPage":{"@id":"https:\/\/www.afprofilters.com\/de\/csr\/#primaryimage"},"image":{"@id":"https:\/\/www.afprofilters.com\/de\/csr\/#primaryimage"},"thumbnailUrl":"http:\/\/www.afprofilters.com\/wp-content\/uploads\/2026\/01\/CSR-Report-2025-1.jpg","datePublished":"2024-10-04T15:15:47+00:00","dateModified":"2026-01-26T10:06:27+00:00","description":"Chez AFPRO, nous sommes soucieux de notre impact positif sur la soci\u00e9t\u00e9 et l'environnement","breadcrumb":{"@id":"https:\/\/www.afprofilters.com\/de\/csr\/#breadcrumb"},"inLanguage":"de-DE","potentialAction":[{"@type":"ReadAction","target":["https:\/\/www.afprofilters.com\/de\/csr\/"]}]},{"@type":"ImageObject","inLanguage":"de-DE","@id":"https:\/\/www.afprofilters.com\/de\/csr\/#primaryimage","url":"http:\/\/www.afprofilters.com\/wp-content\/uploads\/2026\/01\/CSR-Report-2025-1.jpg","contentUrl":"http:\/\/www.afprofilters.com\/wp-content\/uploads\/2026\/01\/CSR-Report-2025-1.jpg"},{"@type":"BreadcrumbList","@id":"https:\/\/www.afprofilters.com\/de\/csr\/#breadcrumb","itemListElement":[{"@type":"ListItem","position":1,"name":"","item":"https:\/\/www.afprofilters.com\/de\/"},{"@type":"ListItem","position":2,"name":"Unternehmerische Sozialverantwortung"}]},{"@type":"WebSite","@id":"https:\/\/www.afprofilters.com\/de\/#website","url":"https:\/\/www.afprofilters.com\/de\/","name":"AFPRO","description":"AFPRO Filters","publisher":{"@id":"https:\/\/www.afprofilters.com\/de\/#organization"},"potentialAction":[{"@type":"SearchAction","target":{"@type":"EntryPoint","urlTemplate":"https:\/\/www.afprofilters.com\/de\/?s={search_term_string}"},"query-input":{"@type":"PropertyValueSpecification","valueRequired":true,"valueName":"search_term_string"}}],"inLanguage":"de-DE"},{"@type":"Organization","@id":"https:\/\/www.afprofilters.com\/de\/#organization","name":"AFPRO","url":"https:\/\/www.afprofilters.com\/de\/","logo":{"@type":"ImageObject","inLanguage":"de-DE","@id":"https:\/\/www.afprofilters.com\/de\/#\/schema\/logo\/image\/","url":"https:\/\/www.afprofilters.com\/wp-content\/uploads\/2021\/05\/AFPRO-logo.png","contentUrl":"https:\/\/www.afprofilters.com\/wp-content\/uploads\/2021\/05\/AFPRO-logo.png","width":640,"height":177,"caption":"AFPRO"},"image":{"@id":"https:\/\/www.afprofilters.com\/de\/#\/schema\/logo\/image\/"}}]}},"_links":{"self":[{"href":"https:\/\/www.afprofilters.com\/de\/wp-json\/wp\/v2\/pages\/37579","targetHints":{"allow":["GET"]}}],"collection":[{"href":"https:\/\/www.afprofilters.com\/de\/wp-json\/wp\/v2\/pages"}],"about":[{"href":"https:\/\/www.afprofilters.com\/de\/wp-json\/wp\/v2\/types\/page"}],"author":[{"embeddable":true,"href":"https:\/\/www.afprofilters.com\/de\/wp-json\/wp\/v2\/users\/2"}],"replies":[{"embeddable":true,"href":"https:\/\/www.afprofilters.com\/de\/wp-json\/wp\/v2\/comments?post=37579"}],"version-history":[{"count":0,"href":"https:\/\/www.afprofilters.com\/de\/wp-json\/wp\/v2\/pages\/37579\/revisions"}],"wp:attachment":[{"href":"https:\/\/www.afprofilters.com\/de\/wp-json\/wp\/v2\/media?parent=37579"}],"curies":[{"name":"wp","href":"https:\/\/api.w.org\/{rel}","templated":true}]}}