{"id":37570,"date":"2024-10-04T14:27:52","date_gmt":"2024-10-04T14:27:52","guid":{"rendered":"https:\/\/www.afprofilters.com\/?page_id=37570"},"modified":"2026-03-30T16:32:45","modified_gmt":"2026-03-30T16:32:45","slug":"epd","status":"publish","type":"page","link":"https:\/\/www.afprofilters.com\/de\/ueber-uns\/epd\/","title":{"rendered":"Umweltproduktdeklarationen"},"content":{"rendered":"\n<p>Wir stellen Umweltproduktdeklarationen (EPDs) f\u00fcr unsere Produkte bereit, um deren Umweltauswirkungen transparent offenzulegen.<\/p>\n\n\n\n<h3 class=\"wp-block-heading\">Was ist eine EPD?<\/h3>\n\n\n\n<p>Umweltproduktdeklarationen (EPDs) sind Dokumente, die detaillierte Informationen \u00fcber die Umweltauswirkungen von Produkten \u00fcber ihren gesamten Lebenszyklus hinweg bereitstellen. Diese Deklarationen basieren auf wiederholbaren Lebenszyklusanalyse-Berechnungen (LCA) und folgen ISO-Normen, wodurch ihre Glaubw\u00fcrdigkeit und Zuverl\u00e4ssigkeit gew\u00e4hrleistet wird.<\/p>\n\n\n\n<h3 class=\"wp-block-heading\">Warum sind EPDs so wichtig?<\/h3>\n\n\n\n<p>In einer zunehmend nachhaltig orientierten Welt spielen EPDs eine entscheidende Rolle, um Unternehmen und Verbrauchern zu erm\u00f6glichen, informierte Entscheidungen zu treffen. Sie bieten Transparenz bez\u00fcglich der Umweltleistung von Produkten.<\/p>\n\n\n\n<h3 class=\"wp-block-heading\">Die EPDs unserer Filter erm\u00f6glichen Ihnen:<\/h3>\n\n\n\n<ul class=\"wp-block-list\">\n<li><strong>Bewertung der Umweltauswirkungen:<\/strong> EPDs liefern quantitative Daten zu Aspekten wie Ressourcennutzung, Treibhausgasemissionen, Energieverbrauch und vielem mehr.<\/li>\n\n\n\n<li><strong>Vergleich von Produkten:<\/strong> Mit EPDs k\u00f6nnen Unternehmen die Umweltleistung verschiedener Produkte einfach vergleichen, was die Wahl nachhaltigerer L\u00f6sungen erleichtert.<\/li>\n\n\n\n<li><strong>Verbesserung der Nachhaltigkeit:<\/strong> Unternehmen nutzen die in den EPDs enthaltenen Informationen, um Verbesserungsm\u00f6glichkeiten zu identifizieren und umweltfreundlichere Produkte zu entwickeln.<\/li>\n<\/ul>\n\n\n\n<h3 class=\"wp-block-heading\"><strong>Wie k\u00f6nnen Sie auf unsere EPDs zugreifen?<\/strong><\/h3>\n\n\n\n<p>Wir stellen die EPDs f\u00fcr unsere Produkte auf unserer Website zur Verf\u00fcgung. Um die Erkl\u00e4rungen einzusehen, k\u00f6nnen Sie den Bereich besuchen, der unseren Produkten gewidmet ist. Jede EPD ist zum Download verf\u00fcgbar, sodass Sie problemlos auf die erforderlichen Informationen zugreifen k\u00f6nnen.<\/p>\n\n\n\n<div style=\"height:21px\" aria-hidden=\"true\" class=\"wp-block-spacer\"><\/div>\n\n\n\n<h4 class=\"wp-block-heading\"><em>Beispiel: EPD HPQ85-A Luftfilter<\/em><\/h4>\n\n\n\n<p><em>Um unseren LCA-Ansatz zu demonstrieren, haben wir eine detaillierte EPD f\u00fcr den HPQ85-A Luftfilter V-Bank ePM1 60% durchgef\u00fchrt. Diese EPD bietet umfassende Informationen zur Umweltleistung des Filters, einschlie\u00dflich<\/em>:<\/p>\n\n\n<div class=\"wp-block-image\">\n<figure class=\"alignright size-full is-resized\"><img loading=\"lazy\" decoding=\"async\" width=\"400\" height=\"400\" src=\"http:\/\/www.afprofilters.com\/wp-content\/uploads\/2017\/01\/Nouveau-filtre-HPQ-2.jpg\" alt=\"HPQ sarjan kompaktisuodattimet\" class=\"wp-image-4954\" style=\"width:188px;height:auto\" srcset=\"https:\/\/www.afprofilters.com\/wp-content\/uploads\/2017\/01\/Nouveau-filtre-HPQ-2.jpg 400w, https:\/\/www.afprofilters.com\/wp-content\/uploads\/2017\/01\/Nouveau-filtre-HPQ-2-150x150.jpg 150w, https:\/\/www.afprofilters.com\/wp-content\/uploads\/2017\/01\/Nouveau-filtre-HPQ-2-300x300.jpg 300w, https:\/\/www.afprofilters.com\/wp-content\/uploads\/2017\/01\/Nouveau-filtre-HPQ-2-390x390.jpg 390w\" sizes=\"auto, (max-width: 400px) 100vw, 400px\" \/><\/figure>\n<\/div>\n\n\n<ul class=\"wp-block-list\">\n<li><em><strong>Allgemeine Informationen:<\/strong> Standards, Ver\u00f6ffentlichungsdatum, G\u00fcltigkeit und Registrierungsnummer.<\/em><\/li>\n\n\n\n<li><em><strong>Produktinformationen:<\/strong> Name, Beschreibung, Spezifikationen und Klassifizierungscodes.<\/em><\/li>\n\n\n\n<li><em><strong>Lebenszyklusanalyse:<\/strong> Funktionelle Einheit, Referenznutzungsdauer, Datenerhebung, verwendete Software und Systemgrenzen.<\/em><\/li>\n\n\n\n<li><em><strong>Umweltleistungsindikatoren:<\/strong> Versauerungspotenzial, Treibhauspotenzial, Energiequellen, Eutrophierungspotenzial, Ozonabbaupotenzial und Wasser<\/em> <em>verbrauch.<\/em><\/li>\n<\/ul>\n\n\n\n<p><em>Um unser HPQ 85A EPD herunterzuladen, <a href=\"http:\/\/www.afprofilters.com\/wp-content\/uploads\/2024\/09\/092324_AFPRO_RAPPORT-EPD_HPQ85.pdf\">klicken Sie hier<\/a><\/em><\/p>\n\n\n\n<div style=\"height:19px\" aria-hidden=\"true\" class=\"wp-block-spacer\"><\/div>\n\n\n\n<h3 class=\"wp-block-heading\">Liste unserer EPDs<\/h3>\n\n\n\n<ul class=\"wp-block-list\">\n<li><a href=\"http:\/\/www.afprofilters.com\/wp-content\/uploads\/2026\/03\/15-AFPRO_EPD_ECO70A8-6_v2026-1.pdf\" target=\"_blank\" rel=\"noreferrer noopener\">EPD ECO70A8-6<\/a><\/li>\n\n\n\n<li><a href=\"http:\/\/www.afprofilters.com\/wp-content\/uploads\/2026\/03\/16-AFPRO_EPD_HLA1114DEEE-cn_v2026-1.pdf\" target=\"_blank\" rel=\"noreferrer noopener\">EPD HLA1114DEEE-CN<\/a><\/li>\n\n\n\n<li><a href=\"http:\/\/www.afprofilters.com\/wp-content\/uploads\/2026\/03\/17-AFPRO_EPD_HLA1114DEEQ-cn_v2026-1.pdf\" target=\"_blank\" rel=\"noreferrer noopener\">EPD HLA1114DEEQ-CN<\/a><\/li>\n\n\n\n<li><a href=\"http:\/\/www.afprofilters.com\/wp-content\/uploads\/2026\/03\/18-AFPRO_EPD_HLA1114DEEQ-pl_v2026-1.pdf\" target=\"_blank\" rel=\"noreferrer noopener\">EPD HLA1114DEEQ-PL<\/a><\/li>\n\n\n\n<li><a href=\"http:\/\/www.afprofilters.com\/wp-content\/uploads\/2026\/03\/04-AFPRO_EPD_HPQ-98-A-ES_v2026-1.pdf\" target=\"_blank\" rel=\"noreferrer noopener\">EPD HPQ98-A\/ES<\/a><\/li>\n\n\n\n<li><a href=\"http:\/\/www.afprofilters.com\/wp-content\/uploads\/2026\/03\/03-AFPRO_EPD_HPQ-98-A_v2026-1.pdf\" target=\"_blank\" rel=\"noreferrer noopener\">EPD HPQ98-A<\/a><\/li>\n\n\n\n<li><a href=\"http:\/\/www.afprofilters.com\/wp-content\/uploads\/2026\/03\/01-AFPRO_EPD_HPQ-85-A_v2026-1.pdf\" target=\"_blank\" rel=\"noreferrer noopener\">EPD HPQ85-A<\/a><\/li>\n\n\n\n<li><a href=\"http:\/\/www.afprofilters.com\/wp-content\/uploads\/2026\/03\/02-AFPRO_EPD_HPQ-85-A-ES_v2026-1.pdf\" target=\"_blank\" rel=\"noreferrer noopener\">EPD HPQ85-A\/ES<\/a><\/li>\n\n\n\n<li><a href=\"http:\/\/www.afprofilters.com\/wp-content\/uploads\/2026\/03\/11-AFPRO_EPD_HQ55A8-6_v2026-1.pdf\" target=\"_blank\" rel=\"noreferrer noopener\">EPD HQ55A8-6<\/a><\/li>\n\n\n\n<li><a href=\"http:\/\/www.afprofilters.com\/wp-content\/uploads\/2026\/03\/12-AFPRO_EPD_HQ65A8-6_v2026-1.pdf\" target=\"_blank\" rel=\"noreferrer noopener\">EPD HQ65A8-6<\/a><\/li>\n\n\n\n<li><a href=\"http:\/\/www.afprofilters.com\/wp-content\/uploads\/2026\/03\/13-AFPRO_EPD_HQ85A8-6_v2026-1.pdf\" target=\"_blank\" rel=\"noreferrer noopener\">EPD HQ85A8-6<\/a><\/li>\n\n\n\n<li><a href=\"http:\/\/www.afprofilters.com\/wp-content\/uploads\/2026\/03\/14-AFPRO_EPD_HQ98A8-6_v2026-1.pdf\" target=\"_blank\" rel=\"noreferrer noopener\">EPD HQ98A8-6<\/a><\/li>\n\n\n\n<li><a href=\"http:\/\/www.afprofilters.com\/wp-content\/uploads\/2026\/03\/10-AFPRO_EPD_HQ85A10-6-ES_v2026-1.pdf\" target=\"_blank\" rel=\"noreferrer noopener\">EPD HQ85A10-6\/ES<\/a><\/li>\n\n\n\n<li><a href=\"http:\/\/www.afprofilters.com\/wp-content\/uploads\/2026\/03\/06-AFPRO_EPD_APMC24x24x2_v2026-1.pdf\" target=\"_blank\" rel=\"noreferrer noopener\">EPD APMC24x24x2<\/a><\/li>\n\n\n\n<li><a href=\"http:\/\/www.afprofilters.com\/wp-content\/uploads\/2026\/03\/07-AFPRO_EPD_APMC24x24x2-MESH_v2026-1.pdf\" target=\"_blank\" rel=\"noreferrer noopener\">EPD APMC24x24x2-MESH<\/a><\/li>\n\n\n\n<li><a href=\"http:\/\/www.afprofilters.com\/wp-content\/uploads\/2026\/03\/08-AFPRO_EPD_APMC24x24x4_v2026-1.pdf\" target=\"_blank\" rel=\"noreferrer noopener\">EPD APMC24x24x4<\/a><\/li>\n\n\n\n<li><a href=\"http:\/\/www.afprofilters.com\/wp-content\/uploads\/2026\/03\/09-AFPRO_EPD_APMC24x24x4-MESH_v2026-1.pdf\" target=\"_blank\" rel=\"noreferrer noopener\">EPD APMC24x24x4-MESH<\/a><\/li>\n\n\n\n<li><a href=\"http:\/\/www.afprofilters.com\/wp-content\/uploads\/2026\/03\/05-AFPRO_EPD_APMR_v2026-1.pdf\" target=\"_blank\" rel=\"noreferrer noopener\">EPD APMR<\/a><\/li>\n<\/ul>\n\n\n\n<p>Die Transparenz steht im Mittelpunkt unserer Unternehmensphilosophie. Indem Sie Produkte mit EPDs w\u00e4hlen, tragen Sie nicht nur zum Umweltschutz bei, sondern sind auch Teil einer Bewegung hin zu verantwortungsbewussterem Konsum. Gemeinsam k\u00f6nnen wir eine nachhaltige Zukunft schaffen.<\/p>\n\n\n\n<p>F\u00fcr weitere Informationen oder wenn Sie Fragen zu unseren EPDs haben, k\u00f6nnen Sie uns gerne unter folgender Adresse kontaktieren: <a><\/a><a href=\"mailto:verkauf@afprofilters.com\">VERKAUF@AFPROFILTERS.COM<\/a><\/p>\n","protected":false},"excerpt":{"rendered":"<p>Wir stellen Umweltproduktdeklarationen (EPDs) f\u00fcr unsere Produkte bereit, um deren Umweltauswirkungen transparent offenzulegen. Was ist eine EPD? Umweltproduktdeklarationen (EPDs) sind Dokumente, die detaillierte Informationen \u00fcber die Umweltauswirkungen von Produkten \u00fcber ihren gesamten Lebenszyklus hinweg bereitstellen. Diese Deklarationen basieren auf wiederholbaren Lebenszyklusanalyse-Berechnungen (LCA) und folgen ISO-Normen, wodurch ihre Glaubw\u00fcrdigkeit und Zuverl\u00e4ssigkeit gew\u00e4hrleistet wird. Warum sind EPDs [&hellip;]<\/p>\n","protected":false},"author":2,"featured_media":0,"parent":983,"menu_order":0,"comment_status":"closed","ping_status":"closed","template":"","meta":{"_acf_changed":false,"footnotes":""},"class_list":["post-37570","page","type-page","status-publish","hentry"],"acf":[],"yoast_head":"<!-- This site is optimized with the Yoast SEO plugin v27.3 - https:\/\/yoast.com\/product\/yoast-seo-wordpress\/ -->\n<title>Umweltproduktdeklarationen (EPD) - AFPRO<\/title>\n<meta name=\"description\" content=\"Wir stellen Umweltproduktdeklarationen (EPDs) f\u00fcr unsere Produkte bereit, um deren Umweltauswirkungen transparent offenzulegen.\" \/>\n<meta name=\"robots\" content=\"index, follow, max-snippet:-1, max-image-preview:large, max-video-preview:-1\" \/>\n<link rel=\"canonical\" href=\"https:\/\/www.afprofilters.com\/de\/ueber-uns\/epd\/\" \/>\n<meta property=\"og:locale\" content=\"de_DE\" \/>\n<meta property=\"og:type\" content=\"article\" \/>\n<meta property=\"og:title\" content=\"Umweltproduktdeklarationen (EPD) - AFPRO\" \/>\n<meta property=\"og:description\" content=\"Wir stellen Umweltproduktdeklarationen (EPDs) f\u00fcr unsere Produkte bereit, um deren Umweltauswirkungen transparent offenzulegen.\" \/>\n<meta property=\"og:url\" content=\"https:\/\/www.afprofilters.com\/de\/ueber-uns\/epd\/\" \/>\n<meta property=\"og:site_name\" content=\"AFPRO\" \/>\n<meta property=\"article:modified_time\" content=\"2026-03-30T16:32:45+00:00\" \/>\n<meta property=\"og:image\" content=\"https:\/\/www.afprofilters.com\/wp-content\/uploads\/2017\/01\/Nouveau-filtre-HPQ-2.jpg\" \/>\n\t<meta property=\"og:image:width\" content=\"400\" \/>\n\t<meta property=\"og:image:height\" content=\"400\" \/>\n\t<meta property=\"og:image:type\" content=\"image\/jpeg\" \/>\n<meta name=\"twitter:card\" content=\"summary_large_image\" \/>\n<meta name=\"twitter:label1\" content=\"Gesch\u00e4tzte Lesezeit\" \/>\n\t<meta name=\"twitter:data1\" content=\"2 Minuten\" \/>\n<script type=\"application\/ld+json\" class=\"yoast-schema-graph\">{\"@context\":\"https:\\\/\\\/schema.org\",\"@graph\":[{\"@type\":\"WebPage\",\"@id\":\"https:\\\/\\\/www.afprofilters.com\\\/de\\\/ueber-uns\\\/epd\\\/\",\"url\":\"https:\\\/\\\/www.afprofilters.com\\\/de\\\/ueber-uns\\\/epd\\\/\",\"name\":\"Umweltproduktdeklarationen (EPD) - AFPRO\",\"isPartOf\":{\"@id\":\"https:\\\/\\\/www.afprofilters.com\\\/de\\\/#website\"},\"primaryImageOfPage\":{\"@id\":\"https:\\\/\\\/www.afprofilters.com\\\/de\\\/ueber-uns\\\/epd\\\/#primaryimage\"},\"image\":{\"@id\":\"https:\\\/\\\/www.afprofilters.com\\\/de\\\/ueber-uns\\\/epd\\\/#primaryimage\"},\"thumbnailUrl\":\"http:\\\/\\\/www.afprofilters.com\\\/wp-content\\\/uploads\\\/2017\\\/01\\\/Nouveau-filtre-HPQ-2.jpg\",\"datePublished\":\"2024-10-04T14:27:52+00:00\",\"dateModified\":\"2026-03-30T16:32:45+00:00\",\"description\":\"Wir stellen Umweltproduktdeklarationen (EPDs) f\u00fcr unsere Produkte bereit, um deren Umweltauswirkungen transparent offenzulegen.\",\"breadcrumb\":{\"@id\":\"https:\\\/\\\/www.afprofilters.com\\\/de\\\/ueber-uns\\\/epd\\\/#breadcrumb\"},\"inLanguage\":\"de-DE\",\"potentialAction\":[{\"@type\":\"ReadAction\",\"target\":[\"https:\\\/\\\/www.afprofilters.com\\\/de\\\/ueber-uns\\\/epd\\\/\"]}]},{\"@type\":\"ImageObject\",\"inLanguage\":\"de-DE\",\"@id\":\"https:\\\/\\\/www.afprofilters.com\\\/de\\\/ueber-uns\\\/epd\\\/#primaryimage\",\"url\":\"http:\\\/\\\/www.afprofilters.com\\\/wp-content\\\/uploads\\\/2017\\\/01\\\/Nouveau-filtre-HPQ-2.jpg\",\"contentUrl\":\"http:\\\/\\\/www.afprofilters.com\\\/wp-content\\\/uploads\\\/2017\\\/01\\\/Nouveau-filtre-HPQ-2.jpg\"},{\"@type\":\"BreadcrumbList\",\"@id\":\"https:\\\/\\\/www.afprofilters.com\\\/de\\\/ueber-uns\\\/epd\\\/#breadcrumb\",\"itemListElement\":[{\"@type\":\"ListItem\",\"position\":1,\"name\":\"\",\"item\":\"https:\\\/\\\/www.afprofilters.com\\\/de\\\/\"},{\"@type\":\"ListItem\",\"position\":2,\"name\":\"\u00dcber uns\",\"item\":\"https:\\\/\\\/www.afprofilters.com\\\/de\\\/ueber-uns\\\/\"},{\"@type\":\"ListItem\",\"position\":3,\"name\":\"Umweltproduktdeklarationen\"}]},{\"@type\":\"WebSite\",\"@id\":\"https:\\\/\\\/www.afprofilters.com\\\/de\\\/#website\",\"url\":\"https:\\\/\\\/www.afprofilters.com\\\/de\\\/\",\"name\":\"AFPRO\",\"description\":\"AFPRO Filters\",\"publisher\":{\"@id\":\"https:\\\/\\\/www.afprofilters.com\\\/de\\\/#organization\"},\"potentialAction\":[{\"@type\":\"SearchAction\",\"target\":{\"@type\":\"EntryPoint\",\"urlTemplate\":\"https:\\\/\\\/www.afprofilters.com\\\/de\\\/?s={search_term_string}\"},\"query-input\":{\"@type\":\"PropertyValueSpecification\",\"valueRequired\":true,\"valueName\":\"search_term_string\"}}],\"inLanguage\":\"de-DE\"},{\"@type\":\"Organization\",\"@id\":\"https:\\\/\\\/www.afprofilters.com\\\/de\\\/#organization\",\"name\":\"AFPRO\",\"url\":\"https:\\\/\\\/www.afprofilters.com\\\/de\\\/\",\"logo\":{\"@type\":\"ImageObject\",\"inLanguage\":\"de-DE\",\"@id\":\"https:\\\/\\\/www.afprofilters.com\\\/de\\\/#\\\/schema\\\/logo\\\/image\\\/\",\"url\":\"https:\\\/\\\/www.afprofilters.com\\\/wp-content\\\/uploads\\\/2021\\\/05\\\/AFPRO-logo.png\",\"contentUrl\":\"https:\\\/\\\/www.afprofilters.com\\\/wp-content\\\/uploads\\\/2021\\\/05\\\/AFPRO-logo.png\",\"width\":640,\"height\":177,\"caption\":\"AFPRO\"},\"image\":{\"@id\":\"https:\\\/\\\/www.afprofilters.com\\\/de\\\/#\\\/schema\\\/logo\\\/image\\\/\"}}]}<\/script>\n<!-- \/ Yoast SEO plugin. -->","yoast_head_json":{"title":"Umweltproduktdeklarationen (EPD) - AFPRO","description":"Wir stellen Umweltproduktdeklarationen (EPDs) f\u00fcr unsere Produkte bereit, um deren Umweltauswirkungen transparent offenzulegen.","robots":{"index":"index","follow":"follow","max-snippet":"max-snippet:-1","max-image-preview":"max-image-preview:large","max-video-preview":"max-video-preview:-1"},"canonical":"https:\/\/www.afprofilters.com\/de\/ueber-uns\/epd\/","og_locale":"de_DE","og_type":"article","og_title":"Umweltproduktdeklarationen (EPD) - AFPRO","og_description":"Wir stellen Umweltproduktdeklarationen (EPDs) f\u00fcr unsere Produkte bereit, um deren Umweltauswirkungen transparent offenzulegen.","og_url":"https:\/\/www.afprofilters.com\/de\/ueber-uns\/epd\/","og_site_name":"AFPRO","article_modified_time":"2026-03-30T16:32:45+00:00","og_image":[{"width":400,"height":400,"url":"https:\/\/www.afprofilters.com\/wp-content\/uploads\/2017\/01\/Nouveau-filtre-HPQ-2.jpg","type":"image\/jpeg"}],"twitter_card":"summary_large_image","twitter_misc":{"Gesch\u00e4tzte Lesezeit":"2 Minuten"},"schema":{"@context":"https:\/\/schema.org","@graph":[{"@type":"WebPage","@id":"https:\/\/www.afprofilters.com\/de\/ueber-uns\/epd\/","url":"https:\/\/www.afprofilters.com\/de\/ueber-uns\/epd\/","name":"Umweltproduktdeklarationen (EPD) - AFPRO","isPartOf":{"@id":"https:\/\/www.afprofilters.com\/de\/#website"},"primaryImageOfPage":{"@id":"https:\/\/www.afprofilters.com\/de\/ueber-uns\/epd\/#primaryimage"},"image":{"@id":"https:\/\/www.afprofilters.com\/de\/ueber-uns\/epd\/#primaryimage"},"thumbnailUrl":"http:\/\/www.afprofilters.com\/wp-content\/uploads\/2017\/01\/Nouveau-filtre-HPQ-2.jpg","datePublished":"2024-10-04T14:27:52+00:00","dateModified":"2026-03-30T16:32:45+00:00","description":"Wir stellen Umweltproduktdeklarationen (EPDs) f\u00fcr unsere Produkte bereit, um deren Umweltauswirkungen transparent offenzulegen.","breadcrumb":{"@id":"https:\/\/www.afprofilters.com\/de\/ueber-uns\/epd\/#breadcrumb"},"inLanguage":"de-DE","potentialAction":[{"@type":"ReadAction","target":["https:\/\/www.afprofilters.com\/de\/ueber-uns\/epd\/"]}]},{"@type":"ImageObject","inLanguage":"de-DE","@id":"https:\/\/www.afprofilters.com\/de\/ueber-uns\/epd\/#primaryimage","url":"http:\/\/www.afprofilters.com\/wp-content\/uploads\/2017\/01\/Nouveau-filtre-HPQ-2.jpg","contentUrl":"http:\/\/www.afprofilters.com\/wp-content\/uploads\/2017\/01\/Nouveau-filtre-HPQ-2.jpg"},{"@type":"BreadcrumbList","@id":"https:\/\/www.afprofilters.com\/de\/ueber-uns\/epd\/#breadcrumb","itemListElement":[{"@type":"ListItem","position":1,"name":"","item":"https:\/\/www.afprofilters.com\/de\/"},{"@type":"ListItem","position":2,"name":"\u00dcber uns","item":"https:\/\/www.afprofilters.com\/de\/ueber-uns\/"},{"@type":"ListItem","position":3,"name":"Umweltproduktdeklarationen"}]},{"@type":"WebSite","@id":"https:\/\/www.afprofilters.com\/de\/#website","url":"https:\/\/www.afprofilters.com\/de\/","name":"AFPRO","description":"AFPRO Filters","publisher":{"@id":"https:\/\/www.afprofilters.com\/de\/#organization"},"potentialAction":[{"@type":"SearchAction","target":{"@type":"EntryPoint","urlTemplate":"https:\/\/www.afprofilters.com\/de\/?s={search_term_string}"},"query-input":{"@type":"PropertyValueSpecification","valueRequired":true,"valueName":"search_term_string"}}],"inLanguage":"de-DE"},{"@type":"Organization","@id":"https:\/\/www.afprofilters.com\/de\/#organization","name":"AFPRO","url":"https:\/\/www.afprofilters.com\/de\/","logo":{"@type":"ImageObject","inLanguage":"de-DE","@id":"https:\/\/www.afprofilters.com\/de\/#\/schema\/logo\/image\/","url":"https:\/\/www.afprofilters.com\/wp-content\/uploads\/2021\/05\/AFPRO-logo.png","contentUrl":"https:\/\/www.afprofilters.com\/wp-content\/uploads\/2021\/05\/AFPRO-logo.png","width":640,"height":177,"caption":"AFPRO"},"image":{"@id":"https:\/\/www.afprofilters.com\/de\/#\/schema\/logo\/image\/"}}]}},"_links":{"self":[{"href":"https:\/\/www.afprofilters.com\/de\/wp-json\/wp\/v2\/pages\/37570","targetHints":{"allow":["GET"]}}],"collection":[{"href":"https:\/\/www.afprofilters.com\/de\/wp-json\/wp\/v2\/pages"}],"about":[{"href":"https:\/\/www.afprofilters.com\/de\/wp-json\/wp\/v2\/types\/page"}],"author":[{"embeddable":true,"href":"https:\/\/www.afprofilters.com\/de\/wp-json\/wp\/v2\/users\/2"}],"replies":[{"embeddable":true,"href":"https:\/\/www.afprofilters.com\/de\/wp-json\/wp\/v2\/comments?post=37570"}],"version-history":[{"count":0,"href":"https:\/\/www.afprofilters.com\/de\/wp-json\/wp\/v2\/pages\/37570\/revisions"}],"up":[{"embeddable":true,"href":"https:\/\/www.afprofilters.com\/de\/wp-json\/wp\/v2\/pages\/983"}],"wp:attachment":[{"href":"https:\/\/www.afprofilters.com\/de\/wp-json\/wp\/v2\/media?parent=37570"}],"curies":[{"name":"wp","href":"https:\/\/api.w.org\/{rel}","templated":true}]}}