{"id":32252,"date":"2022-08-29T07:42:38","date_gmt":"2022-08-29T07:42:38","guid":{"rendered":"https:\/\/www.afprofilters.com\/?page_id=32252"},"modified":"2025-03-25T11:11:15","modified_gmt":"2025-03-25T11:11:15","slug":"nachhaltigkeit-fuer-volle-zirkularitaet-bis-2050","status":"publish","type":"page","link":"https:\/\/www.afprofilters.com\/de\/nachhaltigkeit-fuer-volle-zirkularitaet-bis-2050\/","title":{"rendered":"Nachhaltigkeit f\u00fcr volle Zirkularit\u00e4t bis 2050"},"content":{"rendered":"\n<figure class=\"wp-block-image size-large\"><img loading=\"lazy\" decoding=\"async\" width=\"1024\" height=\"299\" src=\"http:\/\/www.afprofilters.com\/wp-content\/uploads\/2022\/08\/Banner-DE-1-1024x299.png\" alt=\"\" class=\"wp-image-32267\" srcset=\"https:\/\/www.afprofilters.com\/wp-content\/uploads\/2022\/08\/Banner-DE-1-1024x299.png 1024w, https:\/\/www.afprofilters.com\/wp-content\/uploads\/2022\/08\/Banner-DE-1-300x88.png 300w, https:\/\/www.afprofilters.com\/wp-content\/uploads\/2022\/08\/Banner-DE-1-768x224.png 768w, https:\/\/www.afprofilters.com\/wp-content\/uploads\/2022\/08\/Banner-DE-1.png 1110w\" sizes=\"auto, (max-width: 1024px) 100vw, 1024px\" \/><\/figure>\n\n\n\n<p>Zirkularit\u00e4t, Nachhaltigkeit, \u00f6kologischer Fu\u00dfabdruck: Wir bei AFPRO Filters sind uns bewusst, wie sich unser Handeln auf die Umwelt auswirkt, und ergreifen fundierte Ma\u00dfnahmen, um die Folgen unseres Handelns zu minimieren. Wir blicken \u00fcber unsere Jahreszahlen und die Kontinuit\u00e4t unseres Gesch\u00e4fts hinaus und setzen auf Innovation und Qualit\u00e4t. Wir m\u00f6chten unser lineares Gesch\u00e4ftsmodell komplett in  ein zirkul\u00e4res umwandeln. Diese enorme Ver\u00e4nderung ist eine Kraftanstrengung f\u00fcr die gesamte Lieferkette. Deshalb stehen wir mit unseren Kunden und unseren Lieferanten gleicherma\u00dfen im Dialog.<\/p>\n\n\n\n<h2 class=\"wp-block-heading\">Unsere Ma\u00dfnahmen f\u00fcr mehr Nachhaltigkeit und Zirkularit\u00e4t<\/h2>\n\n\n\n<p>In unseren fortschrittlichen Labors erforschen wir jeden Tag, wie wir unsere Luftfilter noch effizienter und nachhaltiger gestalten k\u00f6nnen, und wir arbeiten an der Entwicklung neuer Filtermedien und Filtertechniken.<\/p>\n\n\n\n<h2 class=\"wp-block-heading\">Nachhaltigkeit und Energieverbrauch<\/h2>\n\n\n\n<p>AFPRO Filters ist in der Entwicklung von Filtern mit Energielabel A und A+ f\u00fchrend. So sind unsere Kunden in der Lage, eine bewusste und nachhaltige Entscheidung zu treffen. Mit diesen Filtern reduzieren Sie Ihren Energieverbrauch und damit auch Ihren \u00f6kologischen Fu\u00dfabdruck enorm.<\/p>\n\n\n\n<p>Dar\u00fcber hinaus gehen wir mit der von uns genutzten Energie sehr sparsam um und nutzen gr\u00fcnen Strom aus Solarzellen. Unser unglaublich energieeffizient gebautes, modernes  Logistikdrehkreuz ist an die Restw\u00e4rmeversorgung der \u00f6rtlichen M\u00fcllverbrennungsanlage angeschlossen. Dadurch konnten wir unseren Energieverbrauch um 50% reduzieren.<\/p>\n\n\n\n<h2 class=\"wp-block-heading\">Zirkularit\u00e4t<\/h2>\n\n\n\n<p>Bei der Herstellung unserer Filter nutzen wir m\u00f6glichst wenig Kunststoff. Wir setzen Glasfaser ein und m\u00f6chten den Einsatz von Kunststoff auf null reduzieren. Dar\u00fcber hinaus haben wir uns ganz bewusst f\u00fcr die Verwendung von Aluminiumrahmen entschieden. Im Gegensatz zu Kunststoff, den viele andere Hersteller einsetzen, kann Aluminium zu 100% wiederverwendet und recycelt werden.<\/p>\n\n\n\n<h2 class=\"wp-block-heading\">Lebenszyklus eines Filters<\/h2>\n\n\n\n<p>Wir haben den Lebenszyklus unserer Filter nachverfolgt, um die nachhaltigsten Schritte hin zu einer umfassenden Zirkularit\u00e4t zu ergreifen. F\u00fcr jede Phase werten wir kontinuierlich aus, welche Verbesserungen wir in Sachen Nachhaltigkeit und\/oder Zirkularit\u00e4t umsetzen k\u00f6nnen.<\/p>\n\n\n\n<figure class=\"wp-block-image size-full\"><img loading=\"lazy\" decoding=\"async\" width=\"670\" height=\"438\" src=\"http:\/\/www.afprofilters.com\/wp-content\/uploads\/2022\/08\/Life-cycle-DE.png\" alt=\"\" class=\"wp-image-32253\" srcset=\"https:\/\/www.afprofilters.com\/wp-content\/uploads\/2022\/08\/Life-cycle-DE.png 670w, https:\/\/www.afprofilters.com\/wp-content\/uploads\/2022\/08\/Life-cycle-DE-300x196.png 300w\" sizes=\"auto, (max-width: 670px) 100vw, 670px\" \/><\/figure>\n\n\n\n<p><strong>Phase 1: Rohstoffe und Transport<\/strong><\/p>\n\n\n\n<p>Bei der Wahl unserer Lieferanten ist die Umweltbelastung ein wichtiger Faktor. Zertifikate und Arbeitsverfahren k\u00f6nnen ebenfalls eine \u00fcbergeordnete Rolle spielen. Wir kaufen m\u00f6glichst lokal ein und entscheiden uns f\u00fcr Produktionsst\u00e4tten in der N\u00e4he unserer Werke, um den Transport auf ein Minimum zu reduzieren. Dar\u00fcber hinaus wird das Beladen von Paletten und Containern genau bis auf den Millimeter geplant, um effiziente Transportvolumen zu erreichen und Leerr\u00e4ume bei der Lieferung zu vermeiden.<\/p>\n\n\n\n<p><\/p>\n\n\n\n<p>P<strong>hase 2: <\/strong>Produktionsprozess<\/p>\n\n\n\n<p>Wir sind einer der wenigen Hersteller von Luftfiltern, die nach ISO 14001 zertifiziert sind und als<br>Unternehmen auf \u201eZero Waste\u201c hinarbeiten. Dies erreichen wir unter anderem durch Vereinbarungen mit unseren Lieferanten, in denen die Reduzierung von Verpackungsmaterial geregelt wird. Dar\u00fcber hinaus k\u00f6nnen wir durch die vertikale Integration unseres Produktionsprozesses, unsere Produktionsabf\u00e4lle auf ein Minimum reduzieren. Die Abfallreduzierung in unseren Produktionsprozessensteht bei uns immer an erster Stelle. So konnten wir in den letzten Jahren erhebliche Erfolge bei der Minimierung des Restmaterials erzielen, u. a. durch den Einsatz neuer Maschinen und fortschrittlicher Software f\u00fcr eine intelligentere Planung.<\/p>\n\n\n\n<p><strong>Phase 3: <\/strong>Verpackung<\/p>\n\n\n\n<p>Die von uns verwendeten Kartons (FSC-zertifiziert) sind ma\u00dfgefertigt und dienen nicht nur als Transportschutz f\u00fcr das gelieferte Produkt, sondern k\u00f6nnen auch f\u00fcr die Verpackung und Entsorgung<br>benutzter Filter verwendet werden. Um die individuelle Anpassung unserer Kartons zu optimieren, nutzen wir eine hochmoderne Maschine, die je nach Material, das verpackt werden soll, intelligent ausrechnet, welche individuellen Ma\u00dfe f\u00fcr den Karton richtig sind. Das reduziert nicht nur das Kartonmaterial, sondern auch das Transportvolumen und unn\u00f6tige F\u00fcllmaterial.<\/p>\n\n\n\n<p>Phase 4: Lieferung<\/p>\n\n\n\n<p>Wir versuchen, die Transportbewegungen auf ein Minimum zu reduzieren, und weisen unsere Kunden<br>proaktiv darauf hin, Auftr\u00e4ge nach Lieferanschrift so weit wie m\u00f6glich zu gruppieren. Gleichzeitig<br>laden wir Paletten m\u00f6glichst effizient, um das Transportvolumen niedrig zu halten. Wir nutzen auch<br>weitestgehend klimaneutrale Lieferungen. In F\u00e4llen, in denen dies nicht m\u00f6glich ist, entscheiden wir uns f\u00fcr einen Transport mit Lastkraftwagen, die die Euro-6- Abgasnorm erf\u00fcllen.<\/p>\n\n\n\n<p><br><strong>Phase 5:<\/strong> Im Einsatz<\/p>\n\n\n\n<p>W\u00e4hrend ihres Einsatzes garantieren unsere Luftfilter ein gesundes Raumklima und nergieeinsparungen.<br>Wenn Sie einen ePM1-Filter mit Energielabel A+ oder A w\u00e4hlen, entscheiden Sie sich f\u00fcr die beste Luftqualit\u00e4t und die gr\u00f6\u00dften Energieeinsparungen. Eine Win-WinSituation f\u00fcr den Endbenutzer und die Umwelt.<\/p>\n\n\n\n<p>P<strong>hase 6:<\/strong> Wiederverwendung und Recycling<\/p>\n\n\n\n<p>Wir tun unser Bestes, um unsere Filter so zu konstruieren, dass die verwendeten Rohstoffe bestm\u00f6glich wiederverwendet werden k\u00f6nnen. Dar\u00fcber hinaus wird Recycling an allen unseren Produktionsstandorten gro\u00dfgeschrieben. Au\u00dferdem sind wir Teil von Initiativen und Pilotprojekten zur<br>sortenreinen Sammlung, Entsorgung und Wiederverwendung benutzter Filter und Verpackungen. So schaffen wir es, dass unsere Kunden ebenfalls abfall\u00e4rmer arbeiten, und zusammen legen wir unsere<br>n\u00e4chsten Schritte zur Nachhaltigkeit und Zirkularit\u00e4t f\u00fcr eine volle Zirkularit\u00e4t bis 2050 fest.<\/p>\n\n\n\n<p><\/p>\n\n\n\n<div class=\"wp-block-buttons is-layout-flex wp-block-buttons-is-layout-flex\">\n<div class=\"wp-block-button\"><a class=\"wp-block-button__link wp-element-button\">Kontakt<\/a><\/div>\n<\/div>\n\n\n\n<p><\/p>\n","protected":false},"excerpt":{"rendered":"<p>Zirkularit\u00e4t, Nachhaltigkeit, \u00f6kologischer Fu\u00dfabdruck: Wir bei AFPRO Filters sind uns bewusst, wie sich unser Handeln auf die Umwelt auswirkt, und ergreifen fundierte Ma\u00dfnahmen, um die Folgen unseres Handelns zu minimieren. Wir blicken \u00fcber unsere Jahreszahlen und die Kontinuit\u00e4t unseres Gesch\u00e4fts hinaus und setzen auf Innovation und Qualit\u00e4t. Wir m\u00f6chten unser lineares Gesch\u00e4ftsmodell komplett in ein [&hellip;]<\/p>\n","protected":false},"author":2,"featured_media":0,"parent":0,"menu_order":0,"comment_status":"closed","ping_status":"closed","template":"","meta":{"_acf_changed":false,"footnotes":""},"class_list":["post-32252","page","type-page","status-publish","hentry"],"acf":[],"yoast_head":"<!-- This site is optimized with the Yoast SEO plugin v27.3 - https:\/\/yoast.com\/product\/yoast-seo-wordpress\/ -->\n<title>Nachhaltigkeit f\u00fcr volle Zirkularit\u00e4t bis 2050 - AFPRO<\/title>\n<meta name=\"robots\" content=\"index, follow, max-snippet:-1, max-image-preview:large, max-video-preview:-1\" \/>\n<link rel=\"canonical\" href=\"https:\/\/www.afprofilters.com\/de\/nachhaltigkeit-fuer-volle-zirkularitaet-bis-2050\/\" \/>\n<meta property=\"og:locale\" content=\"de_DE\" \/>\n<meta property=\"og:type\" content=\"article\" \/>\n<meta property=\"og:title\" content=\"Nachhaltigkeit f\u00fcr volle Zirkularit\u00e4t bis 2050 - AFPRO\" \/>\n<meta property=\"og:description\" content=\"Zirkularit\u00e4t, Nachhaltigkeit, \u00f6kologischer Fu\u00dfabdruck: Wir bei AFPRO Filters sind uns bewusst, wie sich unser Handeln auf die Umwelt auswirkt, und ergreifen fundierte Ma\u00dfnahmen, um die Folgen unseres Handelns zu minimieren. Wir blicken \u00fcber unsere Jahreszahlen und die Kontinuit\u00e4t unseres Gesch\u00e4fts hinaus und setzen auf Innovation und Qualit\u00e4t. Wir m\u00f6chten unser lineares Gesch\u00e4ftsmodell komplett in ein [&hellip;]\" \/>\n<meta property=\"og:url\" content=\"https:\/\/www.afprofilters.com\/de\/nachhaltigkeit-fuer-volle-zirkularitaet-bis-2050\/\" \/>\n<meta property=\"og:site_name\" content=\"AFPRO\" \/>\n<meta property=\"article:modified_time\" content=\"2025-03-25T11:11:15+00:00\" \/>\n<meta property=\"og:image\" content=\"https:\/\/www.afprofilters.com\/wp-content\/uploads\/2022\/08\/Banner-DE-1.png\" \/>\n\t<meta property=\"og:image:width\" content=\"1110\" \/>\n\t<meta property=\"og:image:height\" content=\"324\" \/>\n\t<meta property=\"og:image:type\" content=\"image\/png\" \/>\n<meta name=\"twitter:card\" content=\"summary_large_image\" \/>\n<meta name=\"twitter:label1\" content=\"Gesch\u00e4tzte Lesezeit\" \/>\n\t<meta name=\"twitter:data1\" content=\"4 Minuten\" \/>\n<script type=\"application\/ld+json\" class=\"yoast-schema-graph\">{\"@context\":\"https:\\\/\\\/schema.org\",\"@graph\":[{\"@type\":\"WebPage\",\"@id\":\"https:\\\/\\\/www.afprofilters.com\\\/de\\\/nachhaltigkeit-fuer-volle-zirkularitaet-bis-2050\\\/\",\"url\":\"https:\\\/\\\/www.afprofilters.com\\\/de\\\/nachhaltigkeit-fuer-volle-zirkularitaet-bis-2050\\\/\",\"name\":\"Nachhaltigkeit f\u00fcr volle Zirkularit\u00e4t bis 2050 - AFPRO\",\"isPartOf\":{\"@id\":\"https:\\\/\\\/www.afprofilters.com\\\/de\\\/#website\"},\"primaryImageOfPage\":{\"@id\":\"https:\\\/\\\/www.afprofilters.com\\\/de\\\/nachhaltigkeit-fuer-volle-zirkularitaet-bis-2050\\\/#primaryimage\"},\"image\":{\"@id\":\"https:\\\/\\\/www.afprofilters.com\\\/de\\\/nachhaltigkeit-fuer-volle-zirkularitaet-bis-2050\\\/#primaryimage\"},\"thumbnailUrl\":\"http:\\\/\\\/www.afprofilters.com\\\/wp-content\\\/uploads\\\/2022\\\/08\\\/Banner-DE-1-1024x299.png\",\"datePublished\":\"2022-08-29T07:42:38+00:00\",\"dateModified\":\"2025-03-25T11:11:15+00:00\",\"breadcrumb\":{\"@id\":\"https:\\\/\\\/www.afprofilters.com\\\/de\\\/nachhaltigkeit-fuer-volle-zirkularitaet-bis-2050\\\/#breadcrumb\"},\"inLanguage\":\"de-DE\",\"potentialAction\":[{\"@type\":\"ReadAction\",\"target\":[\"https:\\\/\\\/www.afprofilters.com\\\/de\\\/nachhaltigkeit-fuer-volle-zirkularitaet-bis-2050\\\/\"]}]},{\"@type\":\"ImageObject\",\"inLanguage\":\"de-DE\",\"@id\":\"https:\\\/\\\/www.afprofilters.com\\\/de\\\/nachhaltigkeit-fuer-volle-zirkularitaet-bis-2050\\\/#primaryimage\",\"url\":\"http:\\\/\\\/www.afprofilters.com\\\/wp-content\\\/uploads\\\/2022\\\/08\\\/Banner-DE-1-1024x299.png\",\"contentUrl\":\"http:\\\/\\\/www.afprofilters.com\\\/wp-content\\\/uploads\\\/2022\\\/08\\\/Banner-DE-1-1024x299.png\"},{\"@type\":\"BreadcrumbList\",\"@id\":\"https:\\\/\\\/www.afprofilters.com\\\/de\\\/nachhaltigkeit-fuer-volle-zirkularitaet-bis-2050\\\/#breadcrumb\",\"itemListElement\":[{\"@type\":\"ListItem\",\"position\":1,\"name\":\"\",\"item\":\"https:\\\/\\\/www.afprofilters.com\\\/de\\\/\"},{\"@type\":\"ListItem\",\"position\":2,\"name\":\"Nachhaltigkeit f\u00fcr volle Zirkularit\u00e4t bis 2050\"}]},{\"@type\":\"WebSite\",\"@id\":\"https:\\\/\\\/www.afprofilters.com\\\/de\\\/#website\",\"url\":\"https:\\\/\\\/www.afprofilters.com\\\/de\\\/\",\"name\":\"AFPRO\",\"description\":\"AFPRO Filters\",\"publisher\":{\"@id\":\"https:\\\/\\\/www.afprofilters.com\\\/de\\\/#organization\"},\"potentialAction\":[{\"@type\":\"SearchAction\",\"target\":{\"@type\":\"EntryPoint\",\"urlTemplate\":\"https:\\\/\\\/www.afprofilters.com\\\/de\\\/?s={search_term_string}\"},\"query-input\":{\"@type\":\"PropertyValueSpecification\",\"valueRequired\":true,\"valueName\":\"search_term_string\"}}],\"inLanguage\":\"de-DE\"},{\"@type\":\"Organization\",\"@id\":\"https:\\\/\\\/www.afprofilters.com\\\/de\\\/#organization\",\"name\":\"AFPRO\",\"url\":\"https:\\\/\\\/www.afprofilters.com\\\/de\\\/\",\"logo\":{\"@type\":\"ImageObject\",\"inLanguage\":\"de-DE\",\"@id\":\"https:\\\/\\\/www.afprofilters.com\\\/de\\\/#\\\/schema\\\/logo\\\/image\\\/\",\"url\":\"https:\\\/\\\/www.afprofilters.com\\\/wp-content\\\/uploads\\\/2021\\\/05\\\/AFPRO-logo.png\",\"contentUrl\":\"https:\\\/\\\/www.afprofilters.com\\\/wp-content\\\/uploads\\\/2021\\\/05\\\/AFPRO-logo.png\",\"width\":640,\"height\":177,\"caption\":\"AFPRO\"},\"image\":{\"@id\":\"https:\\\/\\\/www.afprofilters.com\\\/de\\\/#\\\/schema\\\/logo\\\/image\\\/\"}}]}<\/script>\n<!-- \/ Yoast SEO plugin. -->","yoast_head_json":{"title":"Nachhaltigkeit f\u00fcr volle Zirkularit\u00e4t bis 2050 - AFPRO","robots":{"index":"index","follow":"follow","max-snippet":"max-snippet:-1","max-image-preview":"max-image-preview:large","max-video-preview":"max-video-preview:-1"},"canonical":"https:\/\/www.afprofilters.com\/de\/nachhaltigkeit-fuer-volle-zirkularitaet-bis-2050\/","og_locale":"de_DE","og_type":"article","og_title":"Nachhaltigkeit f\u00fcr volle Zirkularit\u00e4t bis 2050 - AFPRO","og_description":"Zirkularit\u00e4t, Nachhaltigkeit, \u00f6kologischer Fu\u00dfabdruck: Wir bei AFPRO Filters sind uns bewusst, wie sich unser Handeln auf die Umwelt auswirkt, und ergreifen fundierte Ma\u00dfnahmen, um die Folgen unseres Handelns zu minimieren. Wir blicken \u00fcber unsere Jahreszahlen und die Kontinuit\u00e4t unseres Gesch\u00e4fts hinaus und setzen auf Innovation und Qualit\u00e4t. Wir m\u00f6chten unser lineares Gesch\u00e4ftsmodell komplett in ein [&hellip;]","og_url":"https:\/\/www.afprofilters.com\/de\/nachhaltigkeit-fuer-volle-zirkularitaet-bis-2050\/","og_site_name":"AFPRO","article_modified_time":"2025-03-25T11:11:15+00:00","og_image":[{"width":1110,"height":324,"url":"https:\/\/www.afprofilters.com\/wp-content\/uploads\/2022\/08\/Banner-DE-1.png","type":"image\/png"}],"twitter_card":"summary_large_image","twitter_misc":{"Gesch\u00e4tzte Lesezeit":"4 Minuten"},"schema":{"@context":"https:\/\/schema.org","@graph":[{"@type":"WebPage","@id":"https:\/\/www.afprofilters.com\/de\/nachhaltigkeit-fuer-volle-zirkularitaet-bis-2050\/","url":"https:\/\/www.afprofilters.com\/de\/nachhaltigkeit-fuer-volle-zirkularitaet-bis-2050\/","name":"Nachhaltigkeit f\u00fcr volle Zirkularit\u00e4t bis 2050 - AFPRO","isPartOf":{"@id":"https:\/\/www.afprofilters.com\/de\/#website"},"primaryImageOfPage":{"@id":"https:\/\/www.afprofilters.com\/de\/nachhaltigkeit-fuer-volle-zirkularitaet-bis-2050\/#primaryimage"},"image":{"@id":"https:\/\/www.afprofilters.com\/de\/nachhaltigkeit-fuer-volle-zirkularitaet-bis-2050\/#primaryimage"},"thumbnailUrl":"http:\/\/www.afprofilters.com\/wp-content\/uploads\/2022\/08\/Banner-DE-1-1024x299.png","datePublished":"2022-08-29T07:42:38+00:00","dateModified":"2025-03-25T11:11:15+00:00","breadcrumb":{"@id":"https:\/\/www.afprofilters.com\/de\/nachhaltigkeit-fuer-volle-zirkularitaet-bis-2050\/#breadcrumb"},"inLanguage":"de-DE","potentialAction":[{"@type":"ReadAction","target":["https:\/\/www.afprofilters.com\/de\/nachhaltigkeit-fuer-volle-zirkularitaet-bis-2050\/"]}]},{"@type":"ImageObject","inLanguage":"de-DE","@id":"https:\/\/www.afprofilters.com\/de\/nachhaltigkeit-fuer-volle-zirkularitaet-bis-2050\/#primaryimage","url":"http:\/\/www.afprofilters.com\/wp-content\/uploads\/2022\/08\/Banner-DE-1-1024x299.png","contentUrl":"http:\/\/www.afprofilters.com\/wp-content\/uploads\/2022\/08\/Banner-DE-1-1024x299.png"},{"@type":"BreadcrumbList","@id":"https:\/\/www.afprofilters.com\/de\/nachhaltigkeit-fuer-volle-zirkularitaet-bis-2050\/#breadcrumb","itemListElement":[{"@type":"ListItem","position":1,"name":"","item":"https:\/\/www.afprofilters.com\/de\/"},{"@type":"ListItem","position":2,"name":"Nachhaltigkeit f\u00fcr volle Zirkularit\u00e4t bis 2050"}]},{"@type":"WebSite","@id":"https:\/\/www.afprofilters.com\/de\/#website","url":"https:\/\/www.afprofilters.com\/de\/","name":"AFPRO","description":"AFPRO Filters","publisher":{"@id":"https:\/\/www.afprofilters.com\/de\/#organization"},"potentialAction":[{"@type":"SearchAction","target":{"@type":"EntryPoint","urlTemplate":"https:\/\/www.afprofilters.com\/de\/?s={search_term_string}"},"query-input":{"@type":"PropertyValueSpecification","valueRequired":true,"valueName":"search_term_string"}}],"inLanguage":"de-DE"},{"@type":"Organization","@id":"https:\/\/www.afprofilters.com\/de\/#organization","name":"AFPRO","url":"https:\/\/www.afprofilters.com\/de\/","logo":{"@type":"ImageObject","inLanguage":"de-DE","@id":"https:\/\/www.afprofilters.com\/de\/#\/schema\/logo\/image\/","url":"https:\/\/www.afprofilters.com\/wp-content\/uploads\/2021\/05\/AFPRO-logo.png","contentUrl":"https:\/\/www.afprofilters.com\/wp-content\/uploads\/2021\/05\/AFPRO-logo.png","width":640,"height":177,"caption":"AFPRO"},"image":{"@id":"https:\/\/www.afprofilters.com\/de\/#\/schema\/logo\/image\/"}}]}},"_links":{"self":[{"href":"https:\/\/www.afprofilters.com\/de\/wp-json\/wp\/v2\/pages\/32252","targetHints":{"allow":["GET"]}}],"collection":[{"href":"https:\/\/www.afprofilters.com\/de\/wp-json\/wp\/v2\/pages"}],"about":[{"href":"https:\/\/www.afprofilters.com\/de\/wp-json\/wp\/v2\/types\/page"}],"author":[{"embeddable":true,"href":"https:\/\/www.afprofilters.com\/de\/wp-json\/wp\/v2\/users\/2"}],"replies":[{"embeddable":true,"href":"https:\/\/www.afprofilters.com\/de\/wp-json\/wp\/v2\/comments?post=32252"}],"version-history":[{"count":0,"href":"https:\/\/www.afprofilters.com\/de\/wp-json\/wp\/v2\/pages\/32252\/revisions"}],"wp:attachment":[{"href":"https:\/\/www.afprofilters.com\/de\/wp-json\/wp\/v2\/media?parent=32252"}],"curies":[{"name":"wp","href":"https:\/\/api.w.org\/{rel}","templated":true}]}}