{"id":17366,"date":"2020-03-02T12:08:30","date_gmt":"2020-03-02T12:08:30","guid":{"rendered":"http:\/\/rcmrfan.cluster024.hosting.ovh.net\/?page_id=17366"},"modified":"2020-03-02T12:18:45","modified_gmt":"2020-03-02T12:18:45","slug":"datenschutzrichtlinie","status":"publish","type":"page","link":"https:\/\/www.afprofilters.com\/de\/datenschutzrichtlinie\/","title":{"rendered":"Datenschutzrichtlinie"},"content":{"rendered":"<h2><strong>Datenschutzrichtlinie<\/strong><\/h2>\n<p>&nbsp;<\/p>\n<h4><u>I. Allgemeines<\/u><\/h4>\n<p>Jeder hat das Recht, saubere Luft zu atmen. Zum Beispiel durch unsere Filter gereinigte Luft. Deshalb ist es unsere Aufgabe, f\u00fcr alle ein gesundes Lebensumfeld zu schaffen. Andererseits halten wir es f\u00fcr ebenso wichtig, zu Ihrer Online-Sicherheit beizutragen. Infolgedessen achten wir darauf, den juristischen und regulatorischen Rahmen der Vertraulichkeit strikt einzuhalten.<\/p>\n<p>Afpro Filters sch\u00fctzt Ihre personenbezogenen Daten und stellt sicher, dass die uns zur Verf\u00fcgung gestellten oder anderweitig von uns erhaltenen pers\u00f6nlichen Informationen vertraulich behandelt werden. Unter personenbezogenen Daten verstehen wir alle Informationen \u00fcber eine nat\u00fcrliche Person. Daten, die indirekt etwas \u00fcber eine Person aussagen, sind auch personenbezogene Daten. Die vorliegende Datenschutzrichtlinie kommt der in der Datenschutz-Grundverordnung (DSGVO) vorgesehenen Verpflichtung nach, die Personen zu informieren, deren personenbezogenen Daten von Afpro Filters verarbeitet werden.<\/p>\n<p>&nbsp;<\/p>\n<h4><u>II. Datenverantwortlicher und Kommunikations-Beauftragter<\/u><\/h4>\n<p>Wir achten darauf, dass die personenbezogenen Daten, die Sie uns bei der Bestellung eines Produktes bei Afpro Filters zur Verf\u00fcgung stellen, und die Daten, die wir selbst \u00fcber Sie erfassen (zum Beispiel, wie oft Sie unsere Website besuchen) bei uns sicher sind. Die vorliegende Datenschutzrichtlinie beschreibt, wie wir Ihre personenbezogenen Daten verwenden.<\/p>\n<p>Wenn Sie zu dieser Richtlinie Fragen haben oder genau wissen m\u00f6chten, welche Daten wir von Ihnen speichern, wenden Sie sich bitte an Afpro Filters.<\/p>\n<p>&nbsp;<\/p>\n<h4><u>III. Zweck der Verarbeitung und Art der personenbezogenen Daten<\/u><\/h4>\n<p>Afpro Filters verarbeitet personenbezogene Daten, um Produkte liefern, Dienstleistungen anbieten, seine Produkte und Dienstleistungen verbessern und pers\u00f6nlich mit Ihnen als Betroffene kommunizieren zu k\u00f6nnen. Sie k\u00f6nnen uns personenbezogene Daten \u00fcber unsere Website oder auch anderweitig zur Verf\u00fcgung stellen, indem Sie sich z.B. bei uns registrieren, ein Angebot anfordern oder eine Bestellung f\u00fcr unsere Luftfilter aufgeben, oder wenn Sie sich f\u00fcr einen Newsletter oder eine Mailingliste anmelden.<\/p>\n<p>&nbsp;<\/p>\n<p>Afpro Filters verarbeitet f\u00fcr seine Dienstleistungen die folgenden (Arten oder Kategorien von) personenbezogenen sowie die von den Betroffenen aus eigener Initiative \u00fcbermittelten Daten:<\/p>\n<ul>\n<li>Name (Kunde oder Kontaktperson)<\/li>\n<li>Lieferadresse<\/li>\n<li>Telefonnummer<\/li>\n<li>Rechnungsadresse<\/li>\n<li>E-Mail-Adresse<\/li>\n<li>Angaben zur Bankverbindung<\/li>\n<li>IP-Adresse<\/li>\n<\/ul>\n<p>Es sind Ihre personenbezogenen Daten und wir d\u00fcrfen sie nur dann rechtm\u00e4\u00dfig verwenden, wenn wir Ihnen genau erkl\u00e4ren, warum wir sie benutzen. Die vorliegende Datenschutzrichtlinie legt diese Gr\u00fcnde dar.<\/p>\n<p>Afpro Filters gibt Ihre personenbezogenen Daten niemals an andere Unternehmen oder Einrichtungen weiter, es sei denn, dies ist f\u00fcr die Erf\u00fcllung des (Kauf-)Vertrages erforderlich oder gesetzlich vorgeschrieben oder erlaubt.<\/p>\n<p>&nbsp;<\/p>\n<p>Afpro Filters verarbeitet die obengenannten personenbezogenen Daten nur f\u00fcr die folgenden Zwecke:<\/p>\n<ol>\n<li><strong><u>Bearbeitung Ihrer Bestellung<\/u><\/strong><\/li>\n<\/ol>\n<p>Wenn Sie bei uns Produkte bestellen, verwenden wir die von Ihnen zur Verf\u00fcgung gestellten Daten zur Abwicklung Ihrer Bestellung. Wir geben Ihren Namen, Ihre Adresse, Ihre Postleitzahl und falls Sie diese angegeben haben, Ihre Telefonnummer an den Spediteur\/Lieferservice weiter und Ihre Bank gibt uns Auskunft \u00fcber Ihre Zahlung. Wir speichern diese Informationen so lange, wie es f\u00fcr die Ausf\u00fchrung Ihrer Bestellung erforderlich ist, und bis zum Ende der Garantiezeit. Wir speichern einige Informationen l\u00e4nger, wenn dies gesetzlich vorgeschrieben ist.<\/p>\n<p>&nbsp;<\/p>\n<ol start=\"2\">\n<li><strong><u>Senden von Informationen<\/u><\/strong><\/li>\n<\/ol>\n<p>Afpro Filters m\u00f6chte Sie \u00fcber die Entwicklung der Luftfiltration, unser Produktangebot und unser Unternehmen auf dem Laufenden halten. Aus diesem Grund senden wir gelegentlich ein Mailing an unsere Kunden. Wir tun dies per E-Mail. Sie k\u00f6nnen dem Versand dieser Mailings jederzeit widersprechen. Alle von uns versandten Mailings enthalten einen Hyperlink zur Abmeldung.<\/p>\n<p>&nbsp;<\/p>\n<ol start=\"3\">\n<li><strong><u>Kontaktformular und Newsletter<\/u><\/strong><\/li>\n<\/ol>\n<p>Sie k\u00f6nnen uns \u00fcber das Kontaktformular auf unserer Website Fragen stellen oder Anfragen senden. Wir bitten Sie, beim Ausf\u00fcllen dieses Formulars Ihren Namen und Ihre E-Mail-Adresse anzugeben, damit wir Ihnen mit der entsprechenden Kopfzeile antworten k\u00f6nnen. Wir speichern diese Informationen, bis wir sicher sind, dass Sie mit unserer Antwort zufrieden sind, plus weitere sechs Monate. So k\u00f6nnen wir bei sp\u00e4teren Fragen innerhalb dieses Zeitraums von sechs Monaten Ihre Informationen leicht finden und die Qualit\u00e4t unseres Kundenservice sowie die Schulung unserer Mitarbeiter weiter verbessern. Wenn Sie unseren Newsletter abonnieren, k\u00f6nnen Sie dort Neuigkeiten, Tipps und Informationen \u00fcber unsere Produkte lesen. Sie k\u00f6nnen das Abonnement jederzeit \u00fcber den Abmeldelink am Ende des Newsletters k\u00fcndigen. Ihre E-Mail-Adresse wird nur mit Ihrer Zustimmung in die Liste der Abonnenten aufgenommen.<\/p>\n<p>&nbsp;<\/p>\n<h4><u>IV. Grundlage f\u00fcr die Verarbeitung personenbezogener Daten<\/u><\/h4>\n<p>Afpro Filters verarbeitet die oben genannten personenbezogenen Daten nur aus den folgenden Gr\u00fcnden gem\u00e4\u00df Art. 6 der DSGVO:<\/p>\n<ul>\n<li>Gesetzliche Verpflichtung<\/li>\n<li>Ausf\u00fchrung eines Vertrages<\/li>\n<li>Genehmigung des\/der Betroffenen<\/li>\n<li>Rechtm\u00e4\u00dfiges Interesse<\/li>\n<\/ul>\n<p>&nbsp;<\/p>\n<p><strong><u>V. Weitergabe personenbezogener Daten an andere Unternehmen oder Institutionen<\/u><\/strong><\/p>\n<p>Afpro Filters gibt Ihre personenbezogenen Daten nur dann an Dritte weiter, wenn dies f\u00fcr die Erbringung der Dienstleistung(en) unter Ber\u00fccksichtigung der oben genannten Zwecke erforderlich ist. Wir geben Ihre personenbezogenen Daten unter keinen Umst\u00e4nden an andere Unternehmen oder Institutionen weiter, es sei denn, dies ist f\u00fcr die Ausf\u00fchrung des (Kauf-)Vertrages erforderlich oder wir sind gesetzlich dazu verpflichtet. Es kann sich dabei um den Einsatz eines Dritten im Namen oder auf Anweisung von Afpro Filters handeln, wie etwa eines IT-Lieferanten oder eines Spediteurs\/Lieferservices.<\/p>\n<p>Dar\u00fcber hinaus kann Afpro Filters personenbezogene Daten an Dritte wie z.B. an eine Regulierungsbeh\u00f6rde oder eine andere \u00f6ffentliche Verwahrstelle weitergeben, sofern eine rechtliche Verpflichtung dazu besteht.<\/p>\n<p>Mit dem Dritten, der Ihre personenbezogenen Daten im Auftrag und auf Anweisung von Afpro Filters verarbeitet, wird eine Unterauftragsvereinbarung abgeschlossen, wonach dieser Dritte auch zur Einhaltung der DSGVO verpflichtet ist. Dritte, die Dienste als Datenverantwortliche anbieten und die von Afpro Filters selbst benutzt werden, sind bei der (Weiter-)Verarbeitung Ihrer personenbezogenen Daten f\u00fcr die Einhaltung der DSGVO verantwortlich.<\/p>\n<p>Bestimmte Partner k\u00f6nnen au\u00dferhalb der Europ\u00e4ischen Union niedergelassen sein.<\/p>\n<p>&nbsp;<\/p>\n<h4><u>VI. Nutzung von sozialen Netzwerken<\/u><\/h4>\n<p>Auf unserer Website sind mehrere Symbole f\u00fcr soziale Netzwerke ver\u00f6ffentlicht, darunter insbesondere Twitter, LinkedIn und Facebook. Die Administratoren dieser Dienste verwenden sie, um Ihre personenbezogenen Daten zu erheben. Afpro Filters hat keine Kontrolle \u00fcber die Verarbeitung Ihrer personenbezogenen Daten durch diese Dritten und \u00fcbernimmt daf\u00fcr keine Verantwortung. Die Nutzung dieser Netzwerke erfolgt daher auf eigene Gefahr. Es ist ratsam, die Datenschutzerkl\u00e4rung dieser Dritten zu lesen, bevor Sie ihre Dienste nutzen.<\/p>\n<p>&nbsp;<\/p>\n<p><strong><u>VII. Cookie<\/u><\/strong><u>s<\/u><\/p>\n<p>Unsere Website verwendet Cookies (auch Tracker genannt). Das sind kleine Dateien, in denen wir Informationen speichern k\u00f6nnen, sodass Sie sie nicht jedes Mal ausf\u00fcllen m\u00fcssen. Sie erm\u00f6glichen uns auch, festzustellen, dass Sie unsere Website wieder besuchen.<\/p>\n<p>Wenn Sie unsere Website zum ersten Mal besuchen, zeigen wir eine Meldung an, in der wir Ihnen die Verwendung von Cookies erkl\u00e4ren. Wenn Sie unsere Website nach dieser Erkl\u00e4rung weiterhin benutzen, gehen wir davon aus, dass Sie nicht gegen die Verwendung von Cookies sind.<\/p>\n<p>Es ist m\u00f6glich, \u00fcber Ihren Browser die Installation von Cookies zu deaktivieren. Dies hat zur Konsequenz, dass bestimmte Teile unserer Website nicht mehr optimal funktionieren.<\/p>\n<p>Wir haben mit anderen Unternehmen, die Cookies installieren, Vereinbarungen \u00fcber die Verwendung von Cookies abgeschlossen. Wir haben aber keine volle Kontrolle dar\u00fcber, wie diese andern Unternehmen Cookies verwenden. Lesen Sie bitte auch deren Datenschutzrichtlinien.<\/p>\n<p>N\u00e4heres \u00fcber Cookies und wie Sie sie blockieren oder l\u00f6schen k\u00f6nnen, erfahren Sie auf der Website der Verbraucher- und Marktschutzbeh\u00f6rde (<a href=\"https:\/\/www.consuwijzer.nl\/telecom-post\/internet\/privacy\/uitleg-cookies\">https:\/\/www.consuwijzer.nl\/telecom-post\/internet\/privacy\/uitleg-cookies<\/a>).<\/p>\n<p>&nbsp;<\/p>\n<p><strong><u>VIII. Google Analytics<\/u><\/strong><\/p>\n<p>Afpro Filters verwendet Google Analytics , um zu verfolgen, wie Besucher unsere Website nutzen. Afpro Filters analysiert die Nutzungsdaten der Website f\u00fcr statistische Zwecke. Die auf diese Weise erhobenen personenbezogenen Daten sind grunds\u00e4tzlich anonym.<\/p>\n<p>Die Unterauftragsvereinbarung, die wir mit Google abgeschlossen haben, enth\u00e4lt strenge Bestimmungen dar\u00fcber, was Google erhaben darf und was nicht. Wir erlauben Google, die durch Analytics erhaltenen Informationen in anderen Google-Diensten zu verwenden. Wir lassen die IP-Adressen nicht von Google anonymisieren.<\/p>\n<p>Die Website von Afpro Filters verwendet Google Analytics-Cookies, um im Gro\u00dfen und Ganzen das Verhalten der Nutzer und allgemeine Trends zu verfolgen und um Berichte zu erstellen. Dies hilft uns, die Funktionsweise der Websites zu verbessern. Google darf diese Informationen an Dritte \u00fcbertragen, sofern dies gesetzlich vorgeschrieben ist oder wenn Dritte diese Daten im Auftrag von Google verarbeiten. Indem Sie die Website von Afpro Filters benutzen, erlauben Sie Google, die Daten in der beschriebenen Art und Weise und zu dem obengenannten Zweck zu verarbeiten. Die Verwendung von Buttons und\/oder Links f\u00fchrt ebenfalls zur Installation von Cookies, wie oben im Abschnitt \u00fcber Cookies dargestellt. Afpro Filters hat keine Kontrolle \u00fcber die Installation und Verwendung von Cookies durch diese Dritten.<\/p>\n<p>&nbsp;<\/p>\n<p><strong><u>IX. <\/u><\/strong><strong><u>Schutz personenbezogener Daten<\/u><\/strong><\/p>\n<p>Afpro Filters misst der Sicherheit und dem Schutz Ihrer personenbezogenen Daten gro\u00dfe Bedeutung bei und ergreift unter Ber\u00fccksichtigung des technischen Fortschritts geeignete technische und organisatorische Ma\u00dfnahmen, um ein dem Risiko angemessenes Sicherheitsniveau zu gew\u00e4hrleisten. In den F\u00e4llen, in denen Afpro Filters Dienstleistungen Dritter wie etwa IT-Lieferanten in Anspruch nimmt, schlie\u00dft Afpro Filters einen Subunternehmervertrag ab, der Klauseln \u00fcber geeignete Sicherheitsma\u00dfnahmen im Rahmen des Schutzes personenbezogener Daten enth\u00e4lt.<\/p>\n<p>&nbsp;<\/p>\n<p><strong><u>X. Zugriff und \u00c4nderung Ihrer Daten<\/u><\/strong><\/p>\n<p>Wenn Sie Fragen haben oder wissen m\u00f6chten, welche personenbezogenen Daten wir von Ihnen gespeichert haben, k\u00f6nnen Sie uns jederzeit kontaktieren. Sie finden unsere Kontaktdaten nachstehend.<\/p>\n<p>Sie haben folgende Rechte:<\/p>\n<ul>\n<li>Erl\u00e4uterung der Art der von uns gespeicherten personenbezogenen Daten und was wir damit machen.<\/li>\n<li>Zugang zu den spezifischen personenbezogenen Daten, die wir speichern<\/li>\n<li>Korrektur von Fehlern<\/li>\n<li>L\u00f6schung personenbezogener Daten (veraltet))<\/li>\n<li>Widerruf Ihrer Einwilligung<\/li>\n<li>Widerspruch gegen eine bestimmte Verwendung<\/li>\n<\/ul>\n<p>Bitte geben Sie immer eindeutig Ihre Identit\u00e4t an, um zu vermeiden, dass wir unbeabsichtigt die Daten einer anderen Person \u00e4ndern oder l\u00f6schen.<\/p>\n<p>Sie k\u00f6nnen Ihre Antr\u00e4ge auf Zugang, Berichtigung, Einschr\u00e4nkung, Widerspruch, \u00dcbertragbarkeit oder L\u00f6schung Ihrer personenbezogenen Daten oder Widerruf einer zuvor erteilten Genehmigung an unsere untenstehenden Kontaktdaten senden. Sie erhalten unserer Antwort innerhalb von vier Wochen nach Eingang Ihrer Anfrage.<\/p>\n<p>Es kann vorkommen, dass Afpro Filters nicht oder nicht vollst\u00e4ndig auf Ihre Anfrage als Betroffene zugreifen kann. Wir k\u00f6nnen in diesem Zusammenhang die gesetzlichen Aufbewahrungsfristen nennen.<\/p>\n<p>&nbsp;<\/p>\n<p><strong><u>XI. Speicherung Ihrer Daten<\/u><\/strong><\/p>\n<p>Wir speichern und verwenden Ihre Daten nicht l\u00e4nger als zur Verarbeitung der obengenannten Daten und zur Einhaltung der gesetzlichen und regulatorischen Rahmenbedingungen erforderlich. Nach Ablauf dieser Fristen l\u00f6schen wir alle Daten, die wir \u00fcber Sie gespeichert haben.<\/p>\n<p>Inaktive Kundenkonten l\u00f6schen wir nach sieben Jahren. Nach Ablauf dieser Frist verwenden wir Ihre Daten nur noch anonym f\u00fcr die interne Berichterstattung. Die Steuerbeh\u00f6rden verlangen von uns, dass wir unsere Verwaltungsunterlagen mit Ihren Bestell-, Zahlungs- und Rechnungsdaten entsprechend dieser gesetzlichen Aufbewahrungsfrist behalten. Nach Ablauf dieser Frist verwenden wir nur noch anonyme Daten f\u00fcr unsere interne Berichterstattung.<\/p>\n<p>Wenn Sie den Newsletter abonniert haben, behalten wir Ihre Berechtigung bis Sie sie widerrufen. Ebenso behalten wir den Widerruf Ihrer Einwilligung f\u00fcr einen Zeitraum von f\u00fcnf Jahren, wenn Sie zu einem bestimmten Zeitpunkt entscheiden, dass Sie den Newsletter nicht mehr erhalten m\u00f6chten. E-Mails, die wir Ihnen zusenden, werden nicht l\u00e4nger als 60 Tage aufbewahrt. Sie m\u00fcssen also nicht bef\u00fcrchten, dass Sie oft die gleiche E-Mail von uns erhalten. Nach Ablauf dieser Frist verwenden wir Ihre Daten nur noch in anonymisierter Form f\u00fcr interne Berichtszwecke. Daten, die wir f\u00fcr die Bek\u00e4mpfung von Betrug verwenden, werden sehr lange aufbewahrt. Das ist kein Spa\u00df, sondern leider notwendig.<\/p>\n<p>&nbsp;<\/p>\n<p><strong><u>XII.\u00a0 \u00c4nderung dieser Datenschutzrichtlinie<\/u><\/strong><\/p>\n<p>Wenn wir unsere Website \u00e4ndern, sind wir manchmal verpflichtet, auch unsere Datenschutzrichtlinie anzupassen. Afpro Filters hat das Recht, den Inhalt dieser Datenschutzrichtlinie jederzeit und ohne vorherige Ank\u00fcndigung zu \u00e4ndern. Bitte \u00fcberpr\u00fcfen Sie immer das Datum am Ende der Datenschutzrichtlinie und informieren Sie sich regelm\u00e4\u00dfig \u00fcber neue Versionen. Wir tun unser Bestes, um relevante \u00c4nderungen auch separat bekannt zu geben.<\/p>\n<p>&nbsp;<\/p>\n<p><strong><u>XIII. R\u00e9clamation<\/u><\/strong><\/p>\n<p>Wenn Sie der Meinung sind, dass wir Ihre personenbezogenen Daten nicht angemessen behandeln, hoffen wir, dass Sie sich in dieser Angelegenheit bei uns melden.<\/p>\n<p>&nbsp;<\/p>\n<p><strong><u>XIV. Kontaktdaten<\/u><\/strong><\/p>\n<p>Afpro Filters<br \/>\nBerenkoog 67<br \/>\n1822 BN Alkmaar<br \/>\n<a href=\"mailto:verkoop@afprofilters.com\">verkoop@afprofilters.com<\/a><\/p>\n<p>&nbsp;<\/p>\n<p>Version\u00a0: <strong>14-9-2018<\/strong><\/p>\n","protected":false},"excerpt":{"rendered":"<p>Datenschutzrichtlinie &nbsp; I. Allgemeines Jeder hat das Recht, saubere Luft zu atmen. Zum Beispiel durch unsere Filter gereinigte Luft. Deshalb ist es unsere Aufgabe, f\u00fcr alle ein gesundes Lebensumfeld zu schaffen. Andererseits halten wir es f\u00fcr ebenso wichtig, zu Ihrer Online-Sicherheit beizutragen. Infolgedessen achten wir darauf, den juristischen und regulatorischen Rahmen der Vertraulichkeit strikt einzuhalten. [&hellip;]<\/p>\n","protected":false},"author":7,"featured_media":0,"parent":0,"menu_order":0,"comment_status":"closed","ping_status":"closed","template":"","meta":{"_acf_changed":false,"footnotes":""},"class_list":["post-17366","page","type-page","status-publish","hentry"],"acf":[],"yoast_head":"<!-- This site is optimized with the Yoast SEO plugin v27.3 - https:\/\/yoast.com\/product\/yoast-seo-wordpress\/ -->\n<title>Datenschutzrichtlinie - AFPRO<\/title>\n<meta name=\"robots\" content=\"index, follow, max-snippet:-1, max-image-preview:large, max-video-preview:-1\" \/>\n<link rel=\"canonical\" href=\"https:\/\/www.afprofilters.com\/de\/datenschutzrichtlinie\/\" \/>\n<meta property=\"og:locale\" content=\"de_DE\" \/>\n<meta property=\"og:type\" content=\"article\" \/>\n<meta property=\"og:title\" content=\"Datenschutzrichtlinie - AFPRO\" \/>\n<meta property=\"og:description\" content=\"Datenschutzrichtlinie &nbsp; I. Allgemeines Jeder hat das Recht, saubere Luft zu atmen. Zum Beispiel durch unsere Filter gereinigte Luft. Deshalb ist es unsere Aufgabe, f\u00fcr alle ein gesundes Lebensumfeld zu schaffen. Andererseits halten wir es f\u00fcr ebenso wichtig, zu Ihrer Online-Sicherheit beizutragen. Infolgedessen achten wir darauf, den juristischen und regulatorischen Rahmen der Vertraulichkeit strikt einzuhalten. [&hellip;]\" \/>\n<meta property=\"og:url\" content=\"https:\/\/www.afprofilters.com\/de\/datenschutzrichtlinie\/\" \/>\n<meta property=\"og:site_name\" content=\"AFPRO\" \/>\n<meta property=\"article:modified_time\" content=\"2020-03-02T12:18:45+00:00\" \/>\n<meta name=\"twitter:card\" content=\"summary_large_image\" \/>\n<meta name=\"twitter:label1\" content=\"Gesch\u00e4tzte Lesezeit\" \/>\n\t<meta name=\"twitter:data1\" content=\"10 Minuten\" \/>\n<script type=\"application\/ld+json\" class=\"yoast-schema-graph\">{\"@context\":\"https:\\\/\\\/schema.org\",\"@graph\":[{\"@type\":\"WebPage\",\"@id\":\"https:\\\/\\\/www.afprofilters.com\\\/de\\\/datenschutzrichtlinie\\\/\",\"url\":\"https:\\\/\\\/www.afprofilters.com\\\/de\\\/datenschutzrichtlinie\\\/\",\"name\":\"Datenschutzrichtlinie - AFPRO\",\"isPartOf\":{\"@id\":\"https:\\\/\\\/www.afprofilters.com\\\/de\\\/#website\"},\"datePublished\":\"2020-03-02T12:08:30+00:00\",\"dateModified\":\"2020-03-02T12:18:45+00:00\",\"breadcrumb\":{\"@id\":\"https:\\\/\\\/www.afprofilters.com\\\/de\\\/datenschutzrichtlinie\\\/#breadcrumb\"},\"inLanguage\":\"de-DE\",\"potentialAction\":[{\"@type\":\"ReadAction\",\"target\":[\"https:\\\/\\\/www.afprofilters.com\\\/de\\\/datenschutzrichtlinie\\\/\"]}]},{\"@type\":\"BreadcrumbList\",\"@id\":\"https:\\\/\\\/www.afprofilters.com\\\/de\\\/datenschutzrichtlinie\\\/#breadcrumb\",\"itemListElement\":[{\"@type\":\"ListItem\",\"position\":1,\"name\":\"\",\"item\":\"https:\\\/\\\/www.afprofilters.com\\\/de\\\/\"},{\"@type\":\"ListItem\",\"position\":2,\"name\":\"Datenschutzrichtlinie\"}]},{\"@type\":\"WebSite\",\"@id\":\"https:\\\/\\\/www.afprofilters.com\\\/de\\\/#website\",\"url\":\"https:\\\/\\\/www.afprofilters.com\\\/de\\\/\",\"name\":\"AFPRO\",\"description\":\"AFPRO Filters\",\"publisher\":{\"@id\":\"https:\\\/\\\/www.afprofilters.com\\\/de\\\/#organization\"},\"potentialAction\":[{\"@type\":\"SearchAction\",\"target\":{\"@type\":\"EntryPoint\",\"urlTemplate\":\"https:\\\/\\\/www.afprofilters.com\\\/de\\\/?s={search_term_string}\"},\"query-input\":{\"@type\":\"PropertyValueSpecification\",\"valueRequired\":true,\"valueName\":\"search_term_string\"}}],\"inLanguage\":\"de-DE\"},{\"@type\":\"Organization\",\"@id\":\"https:\\\/\\\/www.afprofilters.com\\\/de\\\/#organization\",\"name\":\"AFPRO\",\"url\":\"https:\\\/\\\/www.afprofilters.com\\\/de\\\/\",\"logo\":{\"@type\":\"ImageObject\",\"inLanguage\":\"de-DE\",\"@id\":\"https:\\\/\\\/www.afprofilters.com\\\/de\\\/#\\\/schema\\\/logo\\\/image\\\/\",\"url\":\"https:\\\/\\\/www.afprofilters.com\\\/wp-content\\\/uploads\\\/2021\\\/05\\\/AFPRO-logo.png\",\"contentUrl\":\"https:\\\/\\\/www.afprofilters.com\\\/wp-content\\\/uploads\\\/2021\\\/05\\\/AFPRO-logo.png\",\"width\":640,\"height\":177,\"caption\":\"AFPRO\"},\"image\":{\"@id\":\"https:\\\/\\\/www.afprofilters.com\\\/de\\\/#\\\/schema\\\/logo\\\/image\\\/\"}}]}<\/script>\n<!-- \/ Yoast SEO plugin. -->","yoast_head_json":{"title":"Datenschutzrichtlinie - AFPRO","robots":{"index":"index","follow":"follow","max-snippet":"max-snippet:-1","max-image-preview":"max-image-preview:large","max-video-preview":"max-video-preview:-1"},"canonical":"https:\/\/www.afprofilters.com\/de\/datenschutzrichtlinie\/","og_locale":"de_DE","og_type":"article","og_title":"Datenschutzrichtlinie - AFPRO","og_description":"Datenschutzrichtlinie &nbsp; I. Allgemeines Jeder hat das Recht, saubere Luft zu atmen. Zum Beispiel durch unsere Filter gereinigte Luft. Deshalb ist es unsere Aufgabe, f\u00fcr alle ein gesundes Lebensumfeld zu schaffen. Andererseits halten wir es f\u00fcr ebenso wichtig, zu Ihrer Online-Sicherheit beizutragen. Infolgedessen achten wir darauf, den juristischen und regulatorischen Rahmen der Vertraulichkeit strikt einzuhalten. [&hellip;]","og_url":"https:\/\/www.afprofilters.com\/de\/datenschutzrichtlinie\/","og_site_name":"AFPRO","article_modified_time":"2020-03-02T12:18:45+00:00","twitter_card":"summary_large_image","twitter_misc":{"Gesch\u00e4tzte Lesezeit":"10 Minuten"},"schema":{"@context":"https:\/\/schema.org","@graph":[{"@type":"WebPage","@id":"https:\/\/www.afprofilters.com\/de\/datenschutzrichtlinie\/","url":"https:\/\/www.afprofilters.com\/de\/datenschutzrichtlinie\/","name":"Datenschutzrichtlinie - AFPRO","isPartOf":{"@id":"https:\/\/www.afprofilters.com\/de\/#website"},"datePublished":"2020-03-02T12:08:30+00:00","dateModified":"2020-03-02T12:18:45+00:00","breadcrumb":{"@id":"https:\/\/www.afprofilters.com\/de\/datenschutzrichtlinie\/#breadcrumb"},"inLanguage":"de-DE","potentialAction":[{"@type":"ReadAction","target":["https:\/\/www.afprofilters.com\/de\/datenschutzrichtlinie\/"]}]},{"@type":"BreadcrumbList","@id":"https:\/\/www.afprofilters.com\/de\/datenschutzrichtlinie\/#breadcrumb","itemListElement":[{"@type":"ListItem","position":1,"name":"","item":"https:\/\/www.afprofilters.com\/de\/"},{"@type":"ListItem","position":2,"name":"Datenschutzrichtlinie"}]},{"@type":"WebSite","@id":"https:\/\/www.afprofilters.com\/de\/#website","url":"https:\/\/www.afprofilters.com\/de\/","name":"AFPRO","description":"AFPRO Filters","publisher":{"@id":"https:\/\/www.afprofilters.com\/de\/#organization"},"potentialAction":[{"@type":"SearchAction","target":{"@type":"EntryPoint","urlTemplate":"https:\/\/www.afprofilters.com\/de\/?s={search_term_string}"},"query-input":{"@type":"PropertyValueSpecification","valueRequired":true,"valueName":"search_term_string"}}],"inLanguage":"de-DE"},{"@type":"Organization","@id":"https:\/\/www.afprofilters.com\/de\/#organization","name":"AFPRO","url":"https:\/\/www.afprofilters.com\/de\/","logo":{"@type":"ImageObject","inLanguage":"de-DE","@id":"https:\/\/www.afprofilters.com\/de\/#\/schema\/logo\/image\/","url":"https:\/\/www.afprofilters.com\/wp-content\/uploads\/2021\/05\/AFPRO-logo.png","contentUrl":"https:\/\/www.afprofilters.com\/wp-content\/uploads\/2021\/05\/AFPRO-logo.png","width":640,"height":177,"caption":"AFPRO"},"image":{"@id":"https:\/\/www.afprofilters.com\/de\/#\/schema\/logo\/image\/"}}]}},"_links":{"self":[{"href":"https:\/\/www.afprofilters.com\/de\/wp-json\/wp\/v2\/pages\/17366","targetHints":{"allow":["GET"]}}],"collection":[{"href":"https:\/\/www.afprofilters.com\/de\/wp-json\/wp\/v2\/pages"}],"about":[{"href":"https:\/\/www.afprofilters.com\/de\/wp-json\/wp\/v2\/types\/page"}],"author":[{"embeddable":true,"href":"https:\/\/www.afprofilters.com\/de\/wp-json\/wp\/v2\/users\/7"}],"replies":[{"embeddable":true,"href":"https:\/\/www.afprofilters.com\/de\/wp-json\/wp\/v2\/comments?post=17366"}],"version-history":[{"count":0,"href":"https:\/\/www.afprofilters.com\/de\/wp-json\/wp\/v2\/pages\/17366\/revisions"}],"wp:attachment":[{"href":"https:\/\/www.afprofilters.com\/de\/wp-json\/wp\/v2\/media?parent=17366"}],"curies":[{"name":"wp","href":"https:\/\/api.w.org\/{rel}","templated":true}]}}