{"id":1303,"date":"2016-09-07T06:39:30","date_gmt":"2016-09-07T06:39:30","guid":{"rendered":"https:\/\/www.afprofilters.com\/?page_id=1303&#038;lang=de"},"modified":"2022-07-25T14:58:34","modified_gmt":"2022-07-25T14:58:34","slug":"expertise","status":"publish","type":"page","link":"https:\/\/www.afprofilters.com\/de\/expertise\/","title":{"rendered":"Expertise"},"content":{"rendered":"<p>Wir helfen unseren Kunden die Herausforderungen der Luftfiltration und die Anforderungen an deren Anwendungen zu meistern. Hierf\u00fcr vertrauen wir auf unsere Technischen Know-how und passen unsere Standards an die g\u00e4ngigen Normen wie zum Beispiel EN 1822 und ISO 16890 an.<\/p>\n<p>AFPRO Filters kann auf 40 Jahre Erfahrung im Bereich Luftfiltration zur\u00fcckblicken. Marktf\u00fchrer in den Niederlanden und in Europa unter den top 3 Herstellern von Luftfilter f\u00fcr den Schutz vor PM1 und anderen Schadstoffen.<\/p>\n<p>Wir sind immer bem\u00fcht, unseren Kunden den bestm\u00f6glichen Service zu bieten und passen unsere Unterst\u00fctzung an Ihre Bed\u00fcrfnisse an.<\/p>\n<h3>\nWer wir sind<\/h3>\n<p>Dieses kleine Video zeigt, wer wir sind, unsere Werte und unsere T\u00e4tigkeitsfeld<\/p>\n<p><iframe loading=\"lazy\" title=\"AFPRO Filters Energieeffizienz und Feinstaub Luftfilters um geld zu sparen 2DE\" width=\"500\" height=\"281\" src=\"https:\/\/www.youtube.com\/embed\/84KpqH4DrAg?feature=oembed\" frameborder=\"0\" allow=\"accelerometer; autoplay; clipboard-write; encrypted-media; gyroscope; picture-in-picture; web-share\" referrerpolicy=\"strict-origin-when-cross-origin\" allowfullscreen><\/iframe><\/p>\n","protected":false},"excerpt":{"rendered":"<p>Wir helfen unseren Kunden die Herausforderungen der Luftfiltration und die Anforderungen an deren Anwendungen zu meistern. Hierf\u00fcr vertrauen wir auf unsere Technischen Know-how und passen unsere Standards an die g\u00e4ngigen Normen wie zum Beispiel EN 1822 und ISO 16890 an. AFPRO Filters kann auf 40 Jahre Erfahrung im Bereich Luftfiltration zur\u00fcckblicken. Marktf\u00fchrer in den Niederlanden [&hellip;]<\/p>\n","protected":false},"author":2,"featured_media":0,"parent":0,"menu_order":0,"comment_status":"closed","ping_status":"closed","template":"","meta":{"_acf_changed":false,"footnotes":""},"class_list":["post-1303","page","type-page","status-publish","hentry"],"acf":[],"yoast_head":"<!-- This site is optimized with the Yoast SEO plugin v27.3 - https:\/\/yoast.com\/product\/yoast-seo-wordpress\/ -->\n<title>Expertise - AFPRO<\/title>\n<meta name=\"robots\" content=\"index, follow, max-snippet:-1, max-image-preview:large, max-video-preview:-1\" \/>\n<link rel=\"canonical\" href=\"https:\/\/www.afprofilters.com\/de\/expertise\/\" \/>\n<meta property=\"og:locale\" content=\"de_DE\" \/>\n<meta property=\"og:type\" content=\"article\" \/>\n<meta property=\"og:title\" content=\"Expertise - AFPRO\" \/>\n<meta property=\"og:description\" content=\"Wir helfen unseren Kunden die Herausforderungen der Luftfiltration und die Anforderungen an deren Anwendungen zu meistern. Hierf\u00fcr vertrauen wir auf unsere Technischen Know-how und passen unsere Standards an die g\u00e4ngigen Normen wie zum Beispiel EN 1822 und ISO 16890 an. AFPRO Filters kann auf 40 Jahre Erfahrung im Bereich Luftfiltration zur\u00fcckblicken. Marktf\u00fchrer in den Niederlanden [&hellip;]\" \/>\n<meta property=\"og:url\" content=\"https:\/\/www.afprofilters.com\/de\/expertise\/\" \/>\n<meta property=\"og:site_name\" content=\"AFPRO\" \/>\n<meta property=\"article:modified_time\" content=\"2022-07-25T14:58:34+00:00\" \/>\n<meta name=\"twitter:card\" content=\"summary_large_image\" \/>\n<meta name=\"twitter:label1\" content=\"Gesch\u00e4tzte Lesezeit\" \/>\n\t<meta name=\"twitter:data1\" content=\"1 Minute\" \/>\n<script type=\"application\/ld+json\" class=\"yoast-schema-graph\">{\"@context\":\"https:\\\/\\\/schema.org\",\"@graph\":[{\"@type\":\"WebPage\",\"@id\":\"https:\\\/\\\/www.afprofilters.com\\\/de\\\/expertise\\\/\",\"url\":\"https:\\\/\\\/www.afprofilters.com\\\/de\\\/expertise\\\/\",\"name\":\"Expertise - AFPRO\",\"isPartOf\":{\"@id\":\"https:\\\/\\\/www.afprofilters.com\\\/de\\\/#website\"},\"datePublished\":\"2016-09-07T06:39:30+00:00\",\"dateModified\":\"2022-07-25T14:58:34+00:00\",\"breadcrumb\":{\"@id\":\"https:\\\/\\\/www.afprofilters.com\\\/de\\\/expertise\\\/#breadcrumb\"},\"inLanguage\":\"de-DE\",\"potentialAction\":[{\"@type\":\"ReadAction\",\"target\":[\"https:\\\/\\\/www.afprofilters.com\\\/de\\\/expertise\\\/\"]}]},{\"@type\":\"BreadcrumbList\",\"@id\":\"https:\\\/\\\/www.afprofilters.com\\\/de\\\/expertise\\\/#breadcrumb\",\"itemListElement\":[{\"@type\":\"ListItem\",\"position\":1,\"name\":\"\",\"item\":\"https:\\\/\\\/www.afprofilters.com\\\/de\\\/\"},{\"@type\":\"ListItem\",\"position\":2,\"name\":\"Expertise\"}]},{\"@type\":\"WebSite\",\"@id\":\"https:\\\/\\\/www.afprofilters.com\\\/de\\\/#website\",\"url\":\"https:\\\/\\\/www.afprofilters.com\\\/de\\\/\",\"name\":\"AFPRO\",\"description\":\"AFPRO Filters\",\"publisher\":{\"@id\":\"https:\\\/\\\/www.afprofilters.com\\\/de\\\/#organization\"},\"potentialAction\":[{\"@type\":\"SearchAction\",\"target\":{\"@type\":\"EntryPoint\",\"urlTemplate\":\"https:\\\/\\\/www.afprofilters.com\\\/de\\\/?s={search_term_string}\"},\"query-input\":{\"@type\":\"PropertyValueSpecification\",\"valueRequired\":true,\"valueName\":\"search_term_string\"}}],\"inLanguage\":\"de-DE\"},{\"@type\":\"Organization\",\"@id\":\"https:\\\/\\\/www.afprofilters.com\\\/de\\\/#organization\",\"name\":\"AFPRO\",\"url\":\"https:\\\/\\\/www.afprofilters.com\\\/de\\\/\",\"logo\":{\"@type\":\"ImageObject\",\"inLanguage\":\"de-DE\",\"@id\":\"https:\\\/\\\/www.afprofilters.com\\\/de\\\/#\\\/schema\\\/logo\\\/image\\\/\",\"url\":\"https:\\\/\\\/www.afprofilters.com\\\/wp-content\\\/uploads\\\/2021\\\/05\\\/AFPRO-logo.png\",\"contentUrl\":\"https:\\\/\\\/www.afprofilters.com\\\/wp-content\\\/uploads\\\/2021\\\/05\\\/AFPRO-logo.png\",\"width\":640,\"height\":177,\"caption\":\"AFPRO\"},\"image\":{\"@id\":\"https:\\\/\\\/www.afprofilters.com\\\/de\\\/#\\\/schema\\\/logo\\\/image\\\/\"}}]}<\/script>\n<!-- \/ Yoast SEO plugin. -->","yoast_head_json":{"title":"Expertise - AFPRO","robots":{"index":"index","follow":"follow","max-snippet":"max-snippet:-1","max-image-preview":"max-image-preview:large","max-video-preview":"max-video-preview:-1"},"canonical":"https:\/\/www.afprofilters.com\/de\/expertise\/","og_locale":"de_DE","og_type":"article","og_title":"Expertise - AFPRO","og_description":"Wir helfen unseren Kunden die Herausforderungen der Luftfiltration und die Anforderungen an deren Anwendungen zu meistern. Hierf\u00fcr vertrauen wir auf unsere Technischen Know-how und passen unsere Standards an die g\u00e4ngigen Normen wie zum Beispiel EN 1822 und ISO 16890 an. AFPRO Filters kann auf 40 Jahre Erfahrung im Bereich Luftfiltration zur\u00fcckblicken. Marktf\u00fchrer in den Niederlanden [&hellip;]","og_url":"https:\/\/www.afprofilters.com\/de\/expertise\/","og_site_name":"AFPRO","article_modified_time":"2022-07-25T14:58:34+00:00","twitter_card":"summary_large_image","twitter_misc":{"Gesch\u00e4tzte Lesezeit":"1 Minute"},"schema":{"@context":"https:\/\/schema.org","@graph":[{"@type":"WebPage","@id":"https:\/\/www.afprofilters.com\/de\/expertise\/","url":"https:\/\/www.afprofilters.com\/de\/expertise\/","name":"Expertise - AFPRO","isPartOf":{"@id":"https:\/\/www.afprofilters.com\/de\/#website"},"datePublished":"2016-09-07T06:39:30+00:00","dateModified":"2022-07-25T14:58:34+00:00","breadcrumb":{"@id":"https:\/\/www.afprofilters.com\/de\/expertise\/#breadcrumb"},"inLanguage":"de-DE","potentialAction":[{"@type":"ReadAction","target":["https:\/\/www.afprofilters.com\/de\/expertise\/"]}]},{"@type":"BreadcrumbList","@id":"https:\/\/www.afprofilters.com\/de\/expertise\/#breadcrumb","itemListElement":[{"@type":"ListItem","position":1,"name":"","item":"https:\/\/www.afprofilters.com\/de\/"},{"@type":"ListItem","position":2,"name":"Expertise"}]},{"@type":"WebSite","@id":"https:\/\/www.afprofilters.com\/de\/#website","url":"https:\/\/www.afprofilters.com\/de\/","name":"AFPRO","description":"AFPRO Filters","publisher":{"@id":"https:\/\/www.afprofilters.com\/de\/#organization"},"potentialAction":[{"@type":"SearchAction","target":{"@type":"EntryPoint","urlTemplate":"https:\/\/www.afprofilters.com\/de\/?s={search_term_string}"},"query-input":{"@type":"PropertyValueSpecification","valueRequired":true,"valueName":"search_term_string"}}],"inLanguage":"de-DE"},{"@type":"Organization","@id":"https:\/\/www.afprofilters.com\/de\/#organization","name":"AFPRO","url":"https:\/\/www.afprofilters.com\/de\/","logo":{"@type":"ImageObject","inLanguage":"de-DE","@id":"https:\/\/www.afprofilters.com\/de\/#\/schema\/logo\/image\/","url":"https:\/\/www.afprofilters.com\/wp-content\/uploads\/2021\/05\/AFPRO-logo.png","contentUrl":"https:\/\/www.afprofilters.com\/wp-content\/uploads\/2021\/05\/AFPRO-logo.png","width":640,"height":177,"caption":"AFPRO"},"image":{"@id":"https:\/\/www.afprofilters.com\/de\/#\/schema\/logo\/image\/"}}]}},"_links":{"self":[{"href":"https:\/\/www.afprofilters.com\/de\/wp-json\/wp\/v2\/pages\/1303","targetHints":{"allow":["GET"]}}],"collection":[{"href":"https:\/\/www.afprofilters.com\/de\/wp-json\/wp\/v2\/pages"}],"about":[{"href":"https:\/\/www.afprofilters.com\/de\/wp-json\/wp\/v2\/types\/page"}],"author":[{"embeddable":true,"href":"https:\/\/www.afprofilters.com\/de\/wp-json\/wp\/v2\/users\/2"}],"replies":[{"embeddable":true,"href":"https:\/\/www.afprofilters.com\/de\/wp-json\/wp\/v2\/comments?post=1303"}],"version-history":[{"count":0,"href":"https:\/\/www.afprofilters.com\/de\/wp-json\/wp\/v2\/pages\/1303\/revisions"}],"wp:attachment":[{"href":"https:\/\/www.afprofilters.com\/de\/wp-json\/wp\/v2\/media?parent=1303"}],"curies":[{"name":"wp","href":"https:\/\/api.w.org\/{rel}","templated":true}]}}