{"id":1282,"date":"2016-09-06T14:38:11","date_gmt":"2016-09-06T14:38:11","guid":{"rendered":"https:\/\/www.afprofilters.com\/?page_id=1282&#038;lang=de"},"modified":"2018-02-19T13:19:22","modified_gmt":"2018-02-19T13:19:22","slug":"einsparung-von-energiekosten","status":"publish","type":"page","link":"https:\/\/www.afprofilters.com\/de\/einsparung-von-energiekosten\/","title":{"rendered":"Einsparung von Energiekosten"},"content":{"rendered":"<p>AFPRO Luftfilter helfen\u00a0Ihnen dabei, Energie und damit Geld zu sparen. Aber wie funktioniert das Einsparung von energiekosten genau? In diesem Video wird Ihnen das detailliert erkl\u00e4rt:<\/p>\n<p><iframe loading=\"lazy\" title=\"AFPRO Filters Energie und geld sparen mit hochwertigen Luftfiltern. Luftfiltern mit energielabel A+\" width=\"500\" height=\"281\" src=\"https:\/\/www.youtube.com\/embed\/d3NA2C-JHh8?feature=oembed\" frameborder=\"0\" allow=\"accelerometer; autoplay; clipboard-write; encrypted-media; gyroscope; picture-in-picture; web-share\" referrerpolicy=\"strict-origin-when-cross-origin\" allowfullscreen><\/iframe><\/p>\n<h2>Mit Luftfiltern Geld sparen?<\/h2>\n<p>In diesem Video geben wir Ihnen Tipps, worauf Sie zu achten haben und wie Sie Einsparungen realisieren k\u00f6nnen.<\/p>\n<h2>TIPPS fur Luftfiltern:<\/h2>\n<p>Zusammenfassend kann man sagen, die Gesamtkosten eines Luftfilters bestehen aus der Anschaffung der Luftfilter, der Installations- und der Energiekosten.<\/p>\n<p>Die Energiekosten sind meist versteckte Kosten, da man sie nicht sofort messen kann, machen jedoch den gr\u00f6\u00dften Teil der Gesamtkosten aus.<\/p>\n<p>Durchschnittlich entstehen 50% der Energiekosten eines Geb\u00e4udes resultierend aus der L\u00fcftung, der Temperatur und der Luftfeuchtigkeit.<\/p>\n<p>Aus der Praxis geht hervor, dass durchschnittlich 70% davon dem Energieverbrauch des Luftfilters zuzurechnen ist und 30% den Anschaffungs- und Installationskosten.<\/p>\n<p>Mit einem hochwertigen und energieeffizienten Luftfilter k\u00f6nnen Sie viel Geld sparen.<\/p>\n<p>Die wichtigsten Punkte werden im Folgenden aufgez\u00e4hlt:<\/p>\n<p>Oft wird bei der Wahl f\u00fcr ein Luftfilter nur auf den Preis geachtet.<\/p>\n<p><strong>Schlussfolgerung:<\/strong><\/p>\n<p>Ein g\u00fcnstigerer Luftfilter k\u00f6nnte auf den ersten Blick eine g\u00fcnstigere Wahl sein, aber der Schein tr\u00fcgt.<\/p>\n<p>\u00dcber einen Zeitraum von einem Jahr ist ein hochwertiger und energieeffizienter Luftfilter viel preiswerter. Wie Sie sehen, macht die Wahl des richtigen Luftfilters einen gro\u00dfen Unterschied.<\/p>\n<p>Er bietet Ihnen besseren Schutz und Kosteneinsparungen. M\u00f6chten Sie eventuell wissen, wie viel Sie sparen k\u00f6nnen?<\/p>\n<p>Berechnen Sie es noch heute <a href=\"https:\/\/simulator.afprofilters.com\" target=\"_blank\" rel=\"noopener\">online und kostenlos auf unserer Website<\/a>,\u00a0oder nehmen Sie <a href=\"http:\/\/www.afprofilters.de\/location\/deutschland-boenen\/\" target=\"_blank\" rel=\"noopener\">Kontakt<\/a> mit uns auf f\u00fcr eine KOSTENLOSE pers\u00f6nliche Berechnung des Wirkungsgrades Ihrer L\u00fcftungssituation.<\/p>\n<p>Diese Grafik zeigt, wie man mit hochwertigen Luftfiltern Geld und Energie sparen kann:<\/p>\n<p>&nbsp;<\/p>\n<p class=\"p1\"><span class=\"s1\"><img loading=\"lazy\" decoding=\"async\" class=\"alignnone size-full wp-image-1520\" src=\"http:\/\/www.afprofilters.com\/wp-content\/uploads\/2016\/09\/AFPRO-Filters-Energie-mit-hochwertigen-Luftfiltern-sparen-DE.png\" alt=\"\" width=\"1007\" height=\"712\" srcset=\"https:\/\/www.afprofilters.com\/wp-content\/uploads\/2016\/09\/AFPRO-Filters-Energie-mit-hochwertigen-Luftfiltern-sparen-DE.png 1007w, https:\/\/www.afprofilters.com\/wp-content\/uploads\/2016\/09\/AFPRO-Filters-Energie-mit-hochwertigen-Luftfiltern-sparen-DE-300x212.png 300w, https:\/\/www.afprofilters.com\/wp-content\/uploads\/2016\/09\/AFPRO-Filters-Energie-mit-hochwertigen-Luftfiltern-sparen-DE-768x543.png 768w\" sizes=\"auto, (max-width: 1007px) 100vw, 1007px\" \/>F\u00fcr weitere Informationen kontaktieren Sie uns bitte:<\/span><\/p>\n<p class=\"p1\"><span class=\"s1\">+49 (0)2383 919 130<\/span><\/p>\n<p class=\"p1\"><span class=\"s1\">verkauf@afprofilters.com<\/span><\/p>\n","protected":false},"excerpt":{"rendered":"<p>AFPRO Luftfilter helfen\u00a0Ihnen dabei, Energie und damit Geld zu sparen. Aber wie funktioniert das Einsparung von energiekosten genau? In diesem Video wird Ihnen das detailliert erkl\u00e4rt: Mit Luftfiltern Geld sparen? In diesem Video geben wir Ihnen Tipps, worauf Sie zu achten haben und wie Sie Einsparungen realisieren k\u00f6nnen. TIPPS fur Luftfiltern: Zusammenfassend kann man sagen, [&hellip;]<\/p>\n","protected":false},"author":2,"featured_media":0,"parent":0,"menu_order":0,"comment_status":"closed","ping_status":"closed","template":"","meta":{"_acf_changed":false,"footnotes":""},"class_list":["post-1282","page","type-page","status-publish","hentry"],"acf":[],"yoast_head":"<!-- This site is optimized with the Yoast SEO plugin v27.3 - https:\/\/yoast.com\/product\/yoast-seo-wordpress\/ -->\n<title>Einsparung von Energiekosten - AFPRO<\/title>\n<meta name=\"robots\" content=\"index, follow, max-snippet:-1, max-image-preview:large, max-video-preview:-1\" \/>\n<link rel=\"canonical\" href=\"https:\/\/www.afprofilters.com\/de\/einsparung-von-energiekosten\/\" \/>\n<meta property=\"og:locale\" content=\"de_DE\" \/>\n<meta property=\"og:type\" content=\"article\" \/>\n<meta property=\"og:title\" content=\"Einsparung von Energiekosten - AFPRO\" \/>\n<meta property=\"og:description\" content=\"AFPRO Luftfilter helfen\u00a0Ihnen dabei, Energie und damit Geld zu sparen. Aber wie funktioniert das Einsparung von energiekosten genau? In diesem Video wird Ihnen das detailliert erkl\u00e4rt: Mit Luftfiltern Geld sparen? In diesem Video geben wir Ihnen Tipps, worauf Sie zu achten haben und wie Sie Einsparungen realisieren k\u00f6nnen. TIPPS fur Luftfiltern: Zusammenfassend kann man sagen, [&hellip;]\" \/>\n<meta property=\"og:url\" content=\"https:\/\/www.afprofilters.com\/de\/einsparung-von-energiekosten\/\" \/>\n<meta property=\"og:site_name\" content=\"AFPRO\" \/>\n<meta property=\"article:modified_time\" content=\"2018-02-19T13:19:22+00:00\" \/>\n<meta property=\"og:image\" content=\"http:\/\/www.afprofilters.com\/wp-content\/uploads\/2016\/09\/AFPRO-Filters-Energie-mit-hochwertigen-Luftfiltern-sparen-DE.png\" \/>\n<meta name=\"twitter:card\" content=\"summary_large_image\" \/>\n<meta name=\"twitter:label1\" content=\"Gesch\u00e4tzte Lesezeit\" \/>\n\t<meta name=\"twitter:data1\" content=\"1 Minute\" \/>\n<script type=\"application\/ld+json\" class=\"yoast-schema-graph\">{\"@context\":\"https:\\\/\\\/schema.org\",\"@graph\":[{\"@type\":\"WebPage\",\"@id\":\"https:\\\/\\\/www.afprofilters.com\\\/de\\\/einsparung-von-energiekosten\\\/\",\"url\":\"https:\\\/\\\/www.afprofilters.com\\\/de\\\/einsparung-von-energiekosten\\\/\",\"name\":\"Einsparung von Energiekosten - AFPRO\",\"isPartOf\":{\"@id\":\"https:\\\/\\\/www.afprofilters.com\\\/de\\\/#website\"},\"primaryImageOfPage\":{\"@id\":\"https:\\\/\\\/www.afprofilters.com\\\/de\\\/einsparung-von-energiekosten\\\/#primaryimage\"},\"image\":{\"@id\":\"https:\\\/\\\/www.afprofilters.com\\\/de\\\/einsparung-von-energiekosten\\\/#primaryimage\"},\"thumbnailUrl\":\"http:\\\/\\\/www.afprofilters.com\\\/wp-content\\\/uploads\\\/2016\\\/09\\\/AFPRO-Filters-Energie-mit-hochwertigen-Luftfiltern-sparen-DE.png\",\"datePublished\":\"2016-09-06T14:38:11+00:00\",\"dateModified\":\"2018-02-19T13:19:22+00:00\",\"breadcrumb\":{\"@id\":\"https:\\\/\\\/www.afprofilters.com\\\/de\\\/einsparung-von-energiekosten\\\/#breadcrumb\"},\"inLanguage\":\"de-DE\",\"potentialAction\":[{\"@type\":\"ReadAction\",\"target\":[\"https:\\\/\\\/www.afprofilters.com\\\/de\\\/einsparung-von-energiekosten\\\/\"]}]},{\"@type\":\"ImageObject\",\"inLanguage\":\"de-DE\",\"@id\":\"https:\\\/\\\/www.afprofilters.com\\\/de\\\/einsparung-von-energiekosten\\\/#primaryimage\",\"url\":\"http:\\\/\\\/www.afprofilters.com\\\/wp-content\\\/uploads\\\/2016\\\/09\\\/AFPRO-Filters-Energie-mit-hochwertigen-Luftfiltern-sparen-DE.png\",\"contentUrl\":\"http:\\\/\\\/www.afprofilters.com\\\/wp-content\\\/uploads\\\/2016\\\/09\\\/AFPRO-Filters-Energie-mit-hochwertigen-Luftfiltern-sparen-DE.png\"},{\"@type\":\"BreadcrumbList\",\"@id\":\"https:\\\/\\\/www.afprofilters.com\\\/de\\\/einsparung-von-energiekosten\\\/#breadcrumb\",\"itemListElement\":[{\"@type\":\"ListItem\",\"position\":1,\"name\":\"\",\"item\":\"https:\\\/\\\/www.afprofilters.com\\\/de\\\/\"},{\"@type\":\"ListItem\",\"position\":2,\"name\":\"Einsparung von Energiekosten\"}]},{\"@type\":\"WebSite\",\"@id\":\"https:\\\/\\\/www.afprofilters.com\\\/de\\\/#website\",\"url\":\"https:\\\/\\\/www.afprofilters.com\\\/de\\\/\",\"name\":\"AFPRO\",\"description\":\"AFPRO Filters\",\"publisher\":{\"@id\":\"https:\\\/\\\/www.afprofilters.com\\\/de\\\/#organization\"},\"potentialAction\":[{\"@type\":\"SearchAction\",\"target\":{\"@type\":\"EntryPoint\",\"urlTemplate\":\"https:\\\/\\\/www.afprofilters.com\\\/de\\\/?s={search_term_string}\"},\"query-input\":{\"@type\":\"PropertyValueSpecification\",\"valueRequired\":true,\"valueName\":\"search_term_string\"}}],\"inLanguage\":\"de-DE\"},{\"@type\":\"Organization\",\"@id\":\"https:\\\/\\\/www.afprofilters.com\\\/de\\\/#organization\",\"name\":\"AFPRO\",\"url\":\"https:\\\/\\\/www.afprofilters.com\\\/de\\\/\",\"logo\":{\"@type\":\"ImageObject\",\"inLanguage\":\"de-DE\",\"@id\":\"https:\\\/\\\/www.afprofilters.com\\\/de\\\/#\\\/schema\\\/logo\\\/image\\\/\",\"url\":\"https:\\\/\\\/www.afprofilters.com\\\/wp-content\\\/uploads\\\/2021\\\/05\\\/AFPRO-logo.png\",\"contentUrl\":\"https:\\\/\\\/www.afprofilters.com\\\/wp-content\\\/uploads\\\/2021\\\/05\\\/AFPRO-logo.png\",\"width\":640,\"height\":177,\"caption\":\"AFPRO\"},\"image\":{\"@id\":\"https:\\\/\\\/www.afprofilters.com\\\/de\\\/#\\\/schema\\\/logo\\\/image\\\/\"}}]}<\/script>\n<!-- \/ Yoast SEO plugin. -->","yoast_head_json":{"title":"Einsparung von Energiekosten - AFPRO","robots":{"index":"index","follow":"follow","max-snippet":"max-snippet:-1","max-image-preview":"max-image-preview:large","max-video-preview":"max-video-preview:-1"},"canonical":"https:\/\/www.afprofilters.com\/de\/einsparung-von-energiekosten\/","og_locale":"de_DE","og_type":"article","og_title":"Einsparung von Energiekosten - AFPRO","og_description":"AFPRO Luftfilter helfen\u00a0Ihnen dabei, Energie und damit Geld zu sparen. Aber wie funktioniert das Einsparung von energiekosten genau? In diesem Video wird Ihnen das detailliert erkl\u00e4rt: Mit Luftfiltern Geld sparen? In diesem Video geben wir Ihnen Tipps, worauf Sie zu achten haben und wie Sie Einsparungen realisieren k\u00f6nnen. TIPPS fur Luftfiltern: Zusammenfassend kann man sagen, [&hellip;]","og_url":"https:\/\/www.afprofilters.com\/de\/einsparung-von-energiekosten\/","og_site_name":"AFPRO","article_modified_time":"2018-02-19T13:19:22+00:00","og_image":[{"url":"http:\/\/www.afprofilters.com\/wp-content\/uploads\/2016\/09\/AFPRO-Filters-Energie-mit-hochwertigen-Luftfiltern-sparen-DE.png","type":"","width":"","height":""}],"twitter_card":"summary_large_image","twitter_misc":{"Gesch\u00e4tzte Lesezeit":"1 Minute"},"schema":{"@context":"https:\/\/schema.org","@graph":[{"@type":"WebPage","@id":"https:\/\/www.afprofilters.com\/de\/einsparung-von-energiekosten\/","url":"https:\/\/www.afprofilters.com\/de\/einsparung-von-energiekosten\/","name":"Einsparung von Energiekosten - AFPRO","isPartOf":{"@id":"https:\/\/www.afprofilters.com\/de\/#website"},"primaryImageOfPage":{"@id":"https:\/\/www.afprofilters.com\/de\/einsparung-von-energiekosten\/#primaryimage"},"image":{"@id":"https:\/\/www.afprofilters.com\/de\/einsparung-von-energiekosten\/#primaryimage"},"thumbnailUrl":"http:\/\/www.afprofilters.com\/wp-content\/uploads\/2016\/09\/AFPRO-Filters-Energie-mit-hochwertigen-Luftfiltern-sparen-DE.png","datePublished":"2016-09-06T14:38:11+00:00","dateModified":"2018-02-19T13:19:22+00:00","breadcrumb":{"@id":"https:\/\/www.afprofilters.com\/de\/einsparung-von-energiekosten\/#breadcrumb"},"inLanguage":"de-DE","potentialAction":[{"@type":"ReadAction","target":["https:\/\/www.afprofilters.com\/de\/einsparung-von-energiekosten\/"]}]},{"@type":"ImageObject","inLanguage":"de-DE","@id":"https:\/\/www.afprofilters.com\/de\/einsparung-von-energiekosten\/#primaryimage","url":"http:\/\/www.afprofilters.com\/wp-content\/uploads\/2016\/09\/AFPRO-Filters-Energie-mit-hochwertigen-Luftfiltern-sparen-DE.png","contentUrl":"http:\/\/www.afprofilters.com\/wp-content\/uploads\/2016\/09\/AFPRO-Filters-Energie-mit-hochwertigen-Luftfiltern-sparen-DE.png"},{"@type":"BreadcrumbList","@id":"https:\/\/www.afprofilters.com\/de\/einsparung-von-energiekosten\/#breadcrumb","itemListElement":[{"@type":"ListItem","position":1,"name":"","item":"https:\/\/www.afprofilters.com\/de\/"},{"@type":"ListItem","position":2,"name":"Einsparung von Energiekosten"}]},{"@type":"WebSite","@id":"https:\/\/www.afprofilters.com\/de\/#website","url":"https:\/\/www.afprofilters.com\/de\/","name":"AFPRO","description":"AFPRO Filters","publisher":{"@id":"https:\/\/www.afprofilters.com\/de\/#organization"},"potentialAction":[{"@type":"SearchAction","target":{"@type":"EntryPoint","urlTemplate":"https:\/\/www.afprofilters.com\/de\/?s={search_term_string}"},"query-input":{"@type":"PropertyValueSpecification","valueRequired":true,"valueName":"search_term_string"}}],"inLanguage":"de-DE"},{"@type":"Organization","@id":"https:\/\/www.afprofilters.com\/de\/#organization","name":"AFPRO","url":"https:\/\/www.afprofilters.com\/de\/","logo":{"@type":"ImageObject","inLanguage":"de-DE","@id":"https:\/\/www.afprofilters.com\/de\/#\/schema\/logo\/image\/","url":"https:\/\/www.afprofilters.com\/wp-content\/uploads\/2021\/05\/AFPRO-logo.png","contentUrl":"https:\/\/www.afprofilters.com\/wp-content\/uploads\/2021\/05\/AFPRO-logo.png","width":640,"height":177,"caption":"AFPRO"},"image":{"@id":"https:\/\/www.afprofilters.com\/de\/#\/schema\/logo\/image\/"}}]}},"_links":{"self":[{"href":"https:\/\/www.afprofilters.com\/de\/wp-json\/wp\/v2\/pages\/1282","targetHints":{"allow":["GET"]}}],"collection":[{"href":"https:\/\/www.afprofilters.com\/de\/wp-json\/wp\/v2\/pages"}],"about":[{"href":"https:\/\/www.afprofilters.com\/de\/wp-json\/wp\/v2\/types\/page"}],"author":[{"embeddable":true,"href":"https:\/\/www.afprofilters.com\/de\/wp-json\/wp\/v2\/users\/2"}],"replies":[{"embeddable":true,"href":"https:\/\/www.afprofilters.com\/de\/wp-json\/wp\/v2\/comments?post=1282"}],"version-history":[{"count":0,"href":"https:\/\/www.afprofilters.com\/de\/wp-json\/wp\/v2\/pages\/1282\/revisions"}],"wp:attachment":[{"href":"https:\/\/www.afprofilters.com\/de\/wp-json\/wp\/v2\/media?parent=1282"}],"curies":[{"name":"wp","href":"https:\/\/api.w.org\/{rel}","templated":true}]}}